{"id":1360,"date":"2017-07-05T12:20:03","date_gmt":"2017-07-05T12:20:03","guid":{"rendered":"http:\/\/alchemy-asia.com\/en\/?post_type=product&#038;p=1360"},"modified":"2024-09-12T07:50:17","modified_gmt":"2024-09-12T07:50:17","slug":"highland-park-30-years-old","status":"publish","type":"product","link":"https:\/\/alchemy-asia.com\/en\/product\/highland-park-30-years-old\/","title":{"rendered":"Highland Park 30 Year Old"},"content":{"rendered":"","protected":false},"excerpt":{"rendered":"<p><span data-sheets-root=\"1\" data-sheets-value=\"{&quot;1&quot;:2,&quot;2&quot;:&quot;Limited batch release from an award-winning \\ndistillery with a long history dating back to \\n1798.\\n\u2022 Created from just six casks \u2013 three first-fill \\nsherry seasoned European oak hogsheads, one \\nfirst-fill sherry seasoned American oak \\nhogshead, one virgin (unseasoned with sherry) \\nAmerican oak hogshead and one refill \\nhogshead, all hand selected by Gordon Motion, \\nour Master Whisky Maker&quot;}\" data-sheets-userformat=\"{&quot;2&quot;:513,&quot;3&quot;:{&quot;1&quot;:0},&quot;12&quot;:0}\">Limited batch release from an award-winning distillery with a long history dating back to 1798. Created from just six casks \u2013 three first-fill sherry seasoned European oak hogsheads, one first-fill sherry seasoned American oak hogshead, one virgin (unseasoned with sherry) American oak hogshead and one refill hogshead, all hand selected by Gordon Motion, our Master Whisky Maker.<\/span><\/p>\n<p><span data-sheets-root=\"1\" data-sheets-value=\"{&quot;1&quot;:2,&quot;2&quot;:&quot;\u2018Delicately aromatic and deliciously spicy\u2019 \u2022 Jasmine flower and rosewater \u2022 Oak-toasted coconut \u2022 Crushed fennel seeds \u2022 Sun-drenched Seville oranges \u2022 Orchard fruits \u2022 cr\u00e8me br\u00fbl\u00e9e \u2022 Grated nutmeg \u2022 Fragrant peat smoke&quot;}\" data-sheets-userformat=\"{&quot;2&quot;:769,&quot;3&quot;:{&quot;1&quot;:0},&quot;11&quot;:4,&quot;12&quot;:0}\">\u2022 Delicately aromatic and deliciously spicy<\/span><\/p>\n<p><span data-sheets-root=\"1\" data-sheets-value=\"{&quot;1&quot;:2,&quot;2&quot;:&quot;\u2018Delicately aromatic and deliciously spicy\u2019 \u2022 Jasmine flower and rosewater \u2022 Oak-toasted coconut \u2022 Crushed fennel seeds \u2022 Sun-drenched Seville oranges \u2022 Orchard fruits \u2022 cr\u00e8me br\u00fbl\u00e9e \u2022 Grated nutmeg \u2022 Fragrant peat smoke&quot;}\" data-sheets-userformat=\"{&quot;2&quot;:769,&quot;3&quot;:{&quot;1&quot;:0},&quot;11&quot;:4,&quot;12&quot;:0}\">\u2022 Jasmine flower and rosewater<\/span><\/p>\n<p><span data-sheets-root=\"1\" data-sheets-value=\"{&quot;1&quot;:2,&quot;2&quot;:&quot;\u2018Delicately aromatic and deliciously spicy\u2019 \u2022 Jasmine flower and rosewater \u2022 Oak-toasted coconut \u2022 Crushed fennel seeds \u2022 Sun-drenched Seville oranges \u2022 Orchard fruits \u2022 cr\u00e8me br\u00fbl\u00e9e \u2022 Grated nutmeg \u2022 Fragrant peat smoke&quot;}\" data-sheets-userformat=\"{&quot;2&quot;:769,&quot;3&quot;:{&quot;1&quot;:0},&quot;11&quot;:4,&quot;12&quot;:0}\">\u2022 Oak-toasted coconut<\/span><\/p>\n<p><span data-sheets-root=\"1\" data-sheets-value=\"{&quot;1&quot;:2,&quot;2&quot;:&quot;\u2018Delicately aromatic and deliciously spicy\u2019 \u2022 Jasmine flower and rosewater \u2022 Oak-toasted coconut \u2022 Crushed fennel seeds \u2022 Sun-drenched Seville oranges \u2022 Orchard fruits \u2022 cr\u00e8me br\u00fbl\u00e9e \u2022 Grated nutmeg \u2022 Fragrant peat smoke&quot;}\" data-sheets-userformat=\"{&quot;2&quot;:769,&quot;3&quot;:{&quot;1&quot;:0},&quot;11&quot;:4,&quot;12&quot;:0}\">\u2022 Crushed fennel seeds<\/span><\/p>\n<p><span data-sheets-root=\"1\" data-sheets-value=\"{&quot;1&quot;:2,&quot;2&quot;:&quot;\u2018Delicately aromatic and deliciously spicy\u2019 \u2022 Jasmine flower and rosewater \u2022 Oak-toasted coconut \u2022 Crushed fennel seeds \u2022 Sun-drenched Seville oranges \u2022 Orchard fruits \u2022 cr\u00e8me br\u00fbl\u00e9e \u2022 Grated nutmeg \u2022 Fragrant peat smoke&quot;}\" data-sheets-userformat=\"{&quot;2&quot;:769,&quot;3&quot;:{&quot;1&quot;:0},&quot;11&quot;:4,&quot;12&quot;:0}\">\u2022 Sun-drenched Seville oranges<\/span><\/p>\n<p><span data-sheets-root=\"1\" data-sheets-value=\"{&quot;1&quot;:2,&quot;2&quot;:&quot;\u2018Delicately aromatic and deliciously spicy\u2019 \u2022 Jasmine flower and rosewater \u2022 Oak-toasted coconut \u2022 Crushed fennel seeds \u2022 Sun-drenched Seville oranges \u2022 Orchard fruits \u2022 cr\u00e8me br\u00fbl\u00e9e \u2022 Grated nutmeg \u2022 Fragrant peat smoke&quot;}\" data-sheets-userformat=\"{&quot;2&quot;:769,&quot;3&quot;:{&quot;1&quot;:0},&quot;11&quot;:4,&quot;12&quot;:0}\">\u2022 Orchard fruits<\/span><\/p>\n<p><span data-sheets-root=\"1\" data-sheets-value=\"{&quot;1&quot;:2,&quot;2&quot;:&quot;\u2018Delicately aromatic and deliciously spicy\u2019 \u2022 Jasmine flower and rosewater \u2022 Oak-toasted coconut \u2022 Crushed fennel seeds \u2022 Sun-drenched Seville oranges \u2022 Orchard fruits \u2022 cr\u00e8me br\u00fbl\u00e9e \u2022 Grated nutmeg \u2022 Fragrant peat smoke&quot;}\" data-sheets-userformat=\"{&quot;2&quot;:769,&quot;3&quot;:{&quot;1&quot;:0},&quot;11&quot;:4,&quot;12&quot;:0}\">\u2022 Cr\u00e8me br\u00fbl\u00e9e<\/span><\/p>\n<p><span data-sheets-root=\"1\" data-sheets-value=\"{&quot;1&quot;:2,&quot;2&quot;:&quot;\u2018Delicately aromatic and deliciously spicy\u2019 \u2022 Jasmine flower and rosewater \u2022 Oak-toasted coconut \u2022 Crushed fennel seeds \u2022 Sun-drenched Seville oranges \u2022 Orchard fruits \u2022 cr\u00e8me br\u00fbl\u00e9e \u2022 Grated nutmeg \u2022 Fragrant peat smoke&quot;}\" data-sheets-userformat=\"{&quot;2&quot;:769,&quot;3&quot;:{&quot;1&quot;:0},&quot;11&quot;:4,&quot;12&quot;:0}\">\u2022 Grated nutmeg<\/span><\/p>\n<p><span data-sheets-root=\"1\" data-sheets-value=\"{&quot;1&quot;:2,&quot;2&quot;:&quot;\u2018Delicately aromatic and deliciously spicy\u2019 \u2022 Jasmine flower and rosewater \u2022 Oak-toasted coconut \u2022 Crushed fennel seeds \u2022 Sun-drenched Seville oranges \u2022 Orchard fruits \u2022 cr\u00e8me br\u00fbl\u00e9e \u2022 Grated nutmeg \u2022 Fragrant peat smoke&quot;}\" data-sheets-userformat=\"{&quot;2&quot;:769,&quot;3&quot;:{&quot;1&quot;:0},&quot;11&quot;:4,&quot;12&quot;:0}\">\u2022 Fragrant peat smoke<\/span><\/p>\n","protected":false},"featured_media":9396,"comment_status":"open","ping_status":"closed","template":"","meta":{"_acf_changed":false},"product_cat":[135],"product_tag":[],"class_list":{"0":"post-1360","1":"product","2":"type-product","3":"status-publish","4":"has-post-thumbnail","6":"product_cat-scotch-whisky-single-malt","7":"brand-highland-park","9":"first","10":"instock","11":"shipping-taxable","12":"product-type-simple"},"acf":[],"yoast_head":"<!-- This site is optimized with the Yoast SEO plugin v23.0 - https:\/\/yoast.com\/wordpress\/plugins\/seo\/ -->\n<title>Highland Park 30 Year Old - Alchemy Asia<\/title>\n<meta name=\"robots\" content=\"index, follow, max-snippet:-1, max-image-preview:large, max-video-preview:-1\" \/>\n<link rel=\"canonical\" href=\"https:\/\/alchemy-asia.com\/en\/product\/highland-park-30-years-old\/\" \/>\n<meta property=\"og:locale\" content=\"en_US\" \/>\n<meta property=\"og:type\" content=\"article\" \/>\n<meta property=\"og:title\" content=\"Highland Park 30 Year Old - Alchemy Asia\" \/>\n<meta property=\"og:description\" content=\"Limited batch release from an award-winning distillery with a long history dating back to 1798. Created from just six casks \u2013 three first-fill sherry seasoned European oak hogsheads, one first-fill sherry seasoned American oak hogshead, one virgin (unseasoned with sherry) American oak hogshead and one refill hogshead, all hand selected by Gordon Motion, our Master Whisky Maker.  \u2022 Delicately aromatic and deliciously spicy  \u2022 Jasmine flower and rosewater  \u2022 Oak-toasted coconut  \u2022 Crushed fennel seeds  \u2022 Sun-drenched Seville oranges  \u2022 Orchard fruits  \u2022 Cr\u00e8me br\u00fbl\u00e9e  \u2022 Grated nutmeg  \u2022 Fragrant peat smoke\" \/>\n<meta property=\"og:url\" content=\"https:\/\/alchemy-asia.com\/en\/product\/highland-park-30-years-old\/\" \/>\n<meta property=\"og:site_name\" content=\"Alchemy Asia\" \/>\n<meta property=\"article:modified_time\" content=\"2024-09-12T07:50:17+00:00\" \/>\n<meta property=\"og:image\" content=\"https:\/\/alchemy-asia.com\/en\/wp-content\/uploads\/sites\/2\/2017\/07\/HIGHLAND-PARK-30-YEAR-OLD-1024x1024.png\" \/>\n\t<meta property=\"og:image:width\" content=\"1024\" \/>\n\t<meta property=\"og:image:height\" content=\"1024\" \/>\n\t<meta property=\"og:image:type\" content=\"image\/png\" \/>\n<meta name=\"twitter:card\" content=\"summary_large_image\" \/>\n<meta name=\"twitter:label1\" content=\"Est. reading time\" \/>\n\t<meta name=\"twitter:data1\" content=\"1 minute\" \/>\n<script type=\"application\/ld+json\" class=\"yoast-schema-graph\">{\"@context\":\"https:\/\/schema.org\",\"@graph\":[{\"@type\":\"WebPage\",\"@id\":\"https:\/\/alchemy-asia.com\/en\/product\/highland-park-30-years-old\/\",\"url\":\"https:\/\/alchemy-asia.com\/en\/product\/highland-park-30-years-old\/\",\"name\":\"Highland Park 30 Year Old - Alchemy Asia\",\"isPartOf\":{\"@id\":\"https:\/\/alchemy-asia.com\/en\/#website\"},\"primaryImageOfPage\":{\"@id\":\"https:\/\/alchemy-asia.com\/en\/product\/highland-park-30-years-old\/#primaryimage\"},\"image\":{\"@id\":\"https:\/\/alchemy-asia.com\/en\/product\/highland-park-30-years-old\/#primaryimage\"},\"thumbnailUrl\":\"https:\/\/alchemy-asia.com\/en\/wp-content\/uploads\/sites\/2\/2017\/07\/HIGHLAND-PARK-30-YEAR-OLD.png\",\"datePublished\":\"2017-07-05T12:20:03+00:00\",\"dateModified\":\"2024-09-12T07:50:17+00:00\",\"breadcrumb\":{\"@id\":\"https:\/\/alchemy-asia.com\/en\/product\/highland-park-30-years-old\/#breadcrumb\"},\"inLanguage\":\"en-US\",\"potentialAction\":[{\"@type\":\"ReadAction\",\"target\":[\"https:\/\/alchemy-asia.com\/en\/product\/highland-park-30-years-old\/\"]}]},{\"@type\":\"ImageObject\",\"inLanguage\":\"en-US\",\"@id\":\"https:\/\/alchemy-asia.com\/en\/product\/highland-park-30-years-old\/#primaryimage\",\"url\":\"https:\/\/alchemy-asia.com\/en\/wp-content\/uploads\/sites\/2\/2017\/07\/HIGHLAND-PARK-30-YEAR-OLD.png\",\"contentUrl\":\"https:\/\/alchemy-asia.com\/en\/wp-content\/uploads\/sites\/2\/2017\/07\/HIGHLAND-PARK-30-YEAR-OLD.png\",\"width\":2480,\"height\":2480,\"caption\":\"HIGHLAND PARK 30 YEAR OLD\"},{\"@type\":\"BreadcrumbList\",\"@id\":\"https:\/\/alchemy-asia.com\/en\/product\/highland-park-30-years-old\/#breadcrumb\",\"itemListElement\":[{\"@type\":\"ListItem\",\"position\":1,\"name\":\"Home\",\"item\":\"https:\/\/alchemy-asia.com\/en\/\"},{\"@type\":\"ListItem\",\"position\":2,\"name\":\"Highland Park 30 Year Old\"}]},{\"@type\":\"WebSite\",\"@id\":\"https:\/\/alchemy-asia.com\/en\/#website\",\"url\":\"https:\/\/alchemy-asia.com\/en\/\",\"name\":\"Alchemy Asia\",\"description\":\"Alchemy Wines &amp; Spirits Asia\",\"publisher\":{\"@id\":\"https:\/\/alchemy-asia.com\/en\/#organization\"},\"potentialAction\":[{\"@type\":\"SearchAction\",\"target\":{\"@type\":\"EntryPoint\",\"urlTemplate\":\"https:\/\/alchemy-asia.com\/en\/?s={search_term_string}\"},\"query-input\":\"required name=search_term_string\"}],\"inLanguage\":\"en-US\"},{\"@type\":\"Organization\",\"@id\":\"https:\/\/alchemy-asia.com\/en\/#organization\",\"name\":\"Alchemy Asia Wines & Spirits\",\"url\":\"https:\/\/alchemy-asia.com\/en\/\",\"logo\":{\"@type\":\"ImageObject\",\"inLanguage\":\"en-US\",\"@id\":\"https:\/\/alchemy-asia.com\/en\/#\/schema\/logo\/image\/\",\"url\":\"https:\/\/alchemy-asia.com\/en\/wp-content\/uploads\/sites\/2\/2017\/06\/NewLogo.png\",\"contentUrl\":\"https:\/\/alchemy-asia.com\/en\/wp-content\/uploads\/sites\/2\/2017\/06\/NewLogo.png\",\"width\":1000,\"height\":1000,\"caption\":\"Alchemy Asia Wines & Spirits\"},\"image\":{\"@id\":\"https:\/\/alchemy-asia.com\/en\/#\/schema\/logo\/image\/\"}}]}<\/script>\n<!-- \/ Yoast SEO plugin. -->","yoast_head_json":{"title":"Highland Park 30 Year Old - Alchemy Asia","robots":{"index":"index","follow":"follow","max-snippet":"max-snippet:-1","max-image-preview":"max-image-preview:large","max-video-preview":"max-video-preview:-1"},"canonical":"https:\/\/alchemy-asia.com\/en\/product\/highland-park-30-years-old\/","og_locale":"en_US","og_type":"article","og_title":"Highland Park 30 Year Old - Alchemy Asia","og_description":"Limited batch release from an award-winning distillery with a long history dating back to 1798. Created from just six casks \u2013 three first-fill sherry seasoned European oak hogsheads, one first-fill sherry seasoned American oak hogshead, one virgin (unseasoned with sherry) American oak hogshead and one refill hogshead, all hand selected by Gordon Motion, our Master Whisky Maker.  \u2022 Delicately aromatic and deliciously spicy  \u2022 Jasmine flower and rosewater  \u2022 Oak-toasted coconut  \u2022 Crushed fennel seeds  \u2022 Sun-drenched Seville oranges  \u2022 Orchard fruits  \u2022 Cr\u00e8me br\u00fbl\u00e9e  \u2022 Grated nutmeg  \u2022 Fragrant peat smoke","og_url":"https:\/\/alchemy-asia.com\/en\/product\/highland-park-30-years-old\/","og_site_name":"Alchemy Asia","article_modified_time":"2024-09-12T07:50:17+00:00","og_image":[{"width":1024,"height":1024,"url":"https:\/\/alchemy-asia.com\/en\/wp-content\/uploads\/sites\/2\/2017\/07\/HIGHLAND-PARK-30-YEAR-OLD-1024x1024.png","type":"image\/png"}],"twitter_card":"summary_large_image","twitter_misc":{"Est. reading time":"1 minute"},"schema":{"@context":"https:\/\/schema.org","@graph":[{"@type":"WebPage","@id":"https:\/\/alchemy-asia.com\/en\/product\/highland-park-30-years-old\/","url":"https:\/\/alchemy-asia.com\/en\/product\/highland-park-30-years-old\/","name":"Highland Park 30 Year Old - Alchemy Asia","isPartOf":{"@id":"https:\/\/alchemy-asia.com\/en\/#website"},"primaryImageOfPage":{"@id":"https:\/\/alchemy-asia.com\/en\/product\/highland-park-30-years-old\/#primaryimage"},"image":{"@id":"https:\/\/alchemy-asia.com\/en\/product\/highland-park-30-years-old\/#primaryimage"},"thumbnailUrl":"https:\/\/alchemy-asia.com\/en\/wp-content\/uploads\/sites\/2\/2017\/07\/HIGHLAND-PARK-30-YEAR-OLD.png","datePublished":"2017-07-05T12:20:03+00:00","dateModified":"2024-09-12T07:50:17+00:00","breadcrumb":{"@id":"https:\/\/alchemy-asia.com\/en\/product\/highland-park-30-years-old\/#breadcrumb"},"inLanguage":"en-US","potentialAction":[{"@type":"ReadAction","target":["https:\/\/alchemy-asia.com\/en\/product\/highland-park-30-years-old\/"]}]},{"@type":"ImageObject","inLanguage":"en-US","@id":"https:\/\/alchemy-asia.com\/en\/product\/highland-park-30-years-old\/#primaryimage","url":"https:\/\/alchemy-asia.com\/en\/wp-content\/uploads\/sites\/2\/2017\/07\/HIGHLAND-PARK-30-YEAR-OLD.png","contentUrl":"https:\/\/alchemy-asia.com\/en\/wp-content\/uploads\/sites\/2\/2017\/07\/HIGHLAND-PARK-30-YEAR-OLD.png","width":2480,"height":2480,"caption":"HIGHLAND PARK 30 YEAR OLD"},{"@type":"BreadcrumbList","@id":"https:\/\/alchemy-asia.com\/en\/product\/highland-park-30-years-old\/#breadcrumb","itemListElement":[{"@type":"ListItem","position":1,"name":"Home","item":"https:\/\/alchemy-asia.com\/en\/"},{"@type":"ListItem","position":2,"name":"Highland Park 30 Year Old"}]},{"@type":"WebSite","@id":"https:\/\/alchemy-asia.com\/en\/#website","url":"https:\/\/alchemy-asia.com\/en\/","name":"Alchemy Asia","description":"Alchemy Wines &amp; Spirits Asia","publisher":{"@id":"https:\/\/alchemy-asia.com\/en\/#organization"},"potentialAction":[{"@type":"SearchAction","target":{"@type":"EntryPoint","urlTemplate":"https:\/\/alchemy-asia.com\/en\/?s={search_term_string}"},"query-input":"required name=search_term_string"}],"inLanguage":"en-US"},{"@type":"Organization","@id":"https:\/\/alchemy-asia.com\/en\/#organization","name":"Alchemy Asia Wines & Spirits","url":"https:\/\/alchemy-asia.com\/en\/","logo":{"@type":"ImageObject","inLanguage":"en-US","@id":"https:\/\/alchemy-asia.com\/en\/#\/schema\/logo\/image\/","url":"https:\/\/alchemy-asia.com\/en\/wp-content\/uploads\/sites\/2\/2017\/06\/NewLogo.png","contentUrl":"https:\/\/alchemy-asia.com\/en\/wp-content\/uploads\/sites\/2\/2017\/06\/NewLogo.png","width":1000,"height":1000,"caption":"Alchemy Asia Wines & Spirits"},"image":{"@id":"https:\/\/alchemy-asia.com\/en\/#\/schema\/logo\/image\/"}}]}},"_links":{"self":[{"href":"https:\/\/alchemy-asia.com\/en\/wp-json\/wp\/v2\/product\/1360","targetHints":{"allow":["GET"]}}],"collection":[{"href":"https:\/\/alchemy-asia.com\/en\/wp-json\/wp\/v2\/product"}],"about":[{"href":"https:\/\/alchemy-asia.com\/en\/wp-json\/wp\/v2\/types\/product"}],"replies":[{"embeddable":true,"href":"https:\/\/alchemy-asia.com\/en\/wp-json\/wp\/v2\/comments?post=1360"}],"wp:featuredmedia":[{"embeddable":true,"href":"https:\/\/alchemy-asia.com\/en\/wp-json\/wp\/v2\/media\/9396"}],"wp:attachment":[{"href":"https:\/\/alchemy-asia.com\/en\/wp-json\/wp\/v2\/media?parent=1360"}],"wp:term":[{"taxonomy":"product_cat","embeddable":true,"href":"https:\/\/alchemy-asia.com\/en\/wp-json\/wp\/v2\/product_cat?post=1360"},{"taxonomy":"product_tag","embeddable":true,"href":"https:\/\/alchemy-asia.com\/en\/wp-json\/wp\/v2\/product_tag?post=1360"}],"curies":[{"name":"wp","href":"https:\/\/api.w.org\/{rel}","templated":true}]}}