{"id":6373,"date":"2020-03-24T03:43:20","date_gmt":"2020-03-24T03:43:20","guid":{"rendered":"http:\/\/alchemy-asia.com\/en\/?post_type=product&#038;p=6373"},"modified":"2025-04-01T11:49:46","modified_gmt":"2025-04-01T11:49:46","slug":"st-remy-xo","status":"publish","type":"product","link":"https:\/\/alchemy-asia.com\/en\/product\/st-remy-xo\/","title":{"rendered":"St-R\u00e9my XO"},"content":{"rendered":"","protected":false},"excerpt":{"rendered":"<p><strong>COLOUR <\/strong><\/p>\n<p>Luminous amber, with a rich golden aura<\/p>\n<p><strong>NOSE <\/strong><\/p>\n<p>Mature nose underpinned with echoes of oak, and delicate vanilla aromas, layered with hints of ripe fruits and honey<\/p>\n<p><strong>TASTE <\/strong><\/p>\n<p>A rich palate of flavors. Subtle notes of wood and vanilla are enriched with flavors of gingerbread, candied apricots, dates, figs and nuts. This complex taste is subtly spicy and offers a long finish<\/p>\n<p>&nbsp;<\/p>\n<p><strong>RECOMMENDATION <\/strong><\/p>\n<p>\u2022 To be enjoyed neat, on ice or in cocktails<\/p>\n<p>\u2022 Its versatility makes it perfect for classic brandy cocktails such as Sidecar, Daiquiri, Old Fashioned or Banana Bliss<\/p>\n<p>\u2022 Blends perfectly with the coffee aromas in the St-R\u00e9my Caf\u00e9 cocktail: 30ml St-R\u00e9my XO, 120ml cold brew coffee, 15ml vanilla syrup<\/p>\n","protected":false},"featured_media":9515,"comment_status":"open","ping_status":"closed","template":"","meta":{"_acf_changed":false},"product_cat":[128],"product_tag":[],"class_list":{"0":"post-6373","1":"product","2":"type-product","3":"status-publish","4":"has-post-thumbnail","6":"product_cat-cognac","7":"brand-st-remy","9":"first","10":"instock","11":"shipping-taxable","12":"product-type-simple"},"acf":[],"yoast_head":"<!-- This site is optimized with the Yoast SEO plugin v23.0 - https:\/\/yoast.com\/wordpress\/plugins\/seo\/ -->\n<title>St-R\u00e9my XO - Alchemy Asia<\/title>\n<meta name=\"robots\" content=\"index, follow, max-snippet:-1, max-image-preview:large, max-video-preview:-1\" \/>\n<link rel=\"canonical\" href=\"https:\/\/alchemy-asia.com\/en\/product\/st-remy-xo\/\" \/>\n<meta property=\"og:locale\" content=\"en_US\" \/>\n<meta property=\"og:type\" content=\"article\" \/>\n<meta property=\"og:title\" content=\"St-R\u00e9my XO - Alchemy Asia\" \/>\n<meta property=\"og:description\" content=\"COLOUR   Luminous amber, with a rich golden aura  NOSE   Mature nose underpinned with echoes of oak, and delicate vanilla aromas, layered with hints of ripe fruits and honey  TASTE   A rich palate of flavors. Subtle notes of wood and vanilla are enriched with flavors of gingerbread, candied apricots, dates, figs and nuts. This complex taste is subtly spicy and offers a long finish  &nbsp;  RECOMMENDATION   \u2022 To be enjoyed neat, on ice or in cocktails  \u2022 Its versatility makes it perfect for classic brandy cocktails such as Sidecar, Daiquiri, Old Fashioned or Banana Bliss  \u2022 Blends perfectly with the coffee aromas in the St-R\u00e9my Caf\u00e9 cocktail: 30ml St-R\u00e9my XO, 120ml cold brew coffee, 15ml vanilla syrup\" \/>\n<meta property=\"og:url\" content=\"https:\/\/alchemy-asia.com\/en\/product\/st-remy-xo\/\" \/>\n<meta property=\"og:site_name\" content=\"Alchemy Asia\" \/>\n<meta property=\"article:modified_time\" content=\"2025-04-01T11:49:46+00:00\" \/>\n<meta property=\"og:image\" content=\"https:\/\/alchemy-asia.com\/en\/wp-content\/uploads\/sites\/2\/2020\/03\/Pommery-Blue-Sky-with-gift-box-3-c.png\" \/>\n\t<meta property=\"og:image:width\" content=\"1080\" \/>\n\t<meta property=\"og:image:height\" content=\"1080\" \/>\n\t<meta property=\"og:image:type\" content=\"image\/png\" \/>\n<meta name=\"twitter:card\" content=\"summary_large_image\" \/>\n<meta name=\"twitter:label1\" content=\"Est. reading time\" \/>\n\t<meta name=\"twitter:data1\" content=\"1 minute\" \/>\n<script type=\"application\/ld+json\" class=\"yoast-schema-graph\">{\"@context\":\"https:\/\/schema.org\",\"@graph\":[{\"@type\":\"WebPage\",\"@id\":\"https:\/\/alchemy-asia.com\/en\/product\/st-remy-xo\/\",\"url\":\"https:\/\/alchemy-asia.com\/en\/product\/st-remy-xo\/\",\"name\":\"St-R\u00e9my XO - Alchemy Asia\",\"isPartOf\":{\"@id\":\"https:\/\/alchemy-asia.com\/en\/#website\"},\"primaryImageOfPage\":{\"@id\":\"https:\/\/alchemy-asia.com\/en\/product\/st-remy-xo\/#primaryimage\"},\"image\":{\"@id\":\"https:\/\/alchemy-asia.com\/en\/product\/st-remy-xo\/#primaryimage\"},\"thumbnailUrl\":\"https:\/\/alchemy-asia.com\/en\/wp-content\/uploads\/sites\/2\/2020\/03\/Pommery-Blue-Sky-with-gift-box-3-c.png\",\"datePublished\":\"2020-03-24T03:43:20+00:00\",\"dateModified\":\"2025-04-01T11:49:46+00:00\",\"breadcrumb\":{\"@id\":\"https:\/\/alchemy-asia.com\/en\/product\/st-remy-xo\/#breadcrumb\"},\"inLanguage\":\"en-US\",\"potentialAction\":[{\"@type\":\"ReadAction\",\"target\":[\"https:\/\/alchemy-asia.com\/en\/product\/st-remy-xo\/\"]}]},{\"@type\":\"ImageObject\",\"inLanguage\":\"en-US\",\"@id\":\"https:\/\/alchemy-asia.com\/en\/product\/st-remy-xo\/#primaryimage\",\"url\":\"https:\/\/alchemy-asia.com\/en\/wp-content\/uploads\/sites\/2\/2020\/03\/Pommery-Blue-Sky-with-gift-box-3-c.png\",\"contentUrl\":\"https:\/\/alchemy-asia.com\/en\/wp-content\/uploads\/sites\/2\/2020\/03\/Pommery-Blue-Sky-with-gift-box-3-c.png\",\"width\":1080,\"height\":1080},{\"@type\":\"BreadcrumbList\",\"@id\":\"https:\/\/alchemy-asia.com\/en\/product\/st-remy-xo\/#breadcrumb\",\"itemListElement\":[{\"@type\":\"ListItem\",\"position\":1,\"name\":\"Home\",\"item\":\"https:\/\/alchemy-asia.com\/en\/\"},{\"@type\":\"ListItem\",\"position\":2,\"name\":\"St-R\u00e9my XO\"}]},{\"@type\":\"WebSite\",\"@id\":\"https:\/\/alchemy-asia.com\/en\/#website\",\"url\":\"https:\/\/alchemy-asia.com\/en\/\",\"name\":\"Alchemy Asia\",\"description\":\"Alchemy Wines &amp; Spirits Asia\",\"publisher\":{\"@id\":\"https:\/\/alchemy-asia.com\/en\/#organization\"},\"potentialAction\":[{\"@type\":\"SearchAction\",\"target\":{\"@type\":\"EntryPoint\",\"urlTemplate\":\"https:\/\/alchemy-asia.com\/en\/?s={search_term_string}\"},\"query-input\":\"required name=search_term_string\"}],\"inLanguage\":\"en-US\"},{\"@type\":\"Organization\",\"@id\":\"https:\/\/alchemy-asia.com\/en\/#organization\",\"name\":\"Alchemy Asia Wines & Spirits\",\"url\":\"https:\/\/alchemy-asia.com\/en\/\",\"logo\":{\"@type\":\"ImageObject\",\"inLanguage\":\"en-US\",\"@id\":\"https:\/\/alchemy-asia.com\/en\/#\/schema\/logo\/image\/\",\"url\":\"https:\/\/alchemy-asia.com\/en\/wp-content\/uploads\/sites\/2\/2017\/06\/NewLogo.png\",\"contentUrl\":\"https:\/\/alchemy-asia.com\/en\/wp-content\/uploads\/sites\/2\/2017\/06\/NewLogo.png\",\"width\":1000,\"height\":1000,\"caption\":\"Alchemy Asia Wines & Spirits\"},\"image\":{\"@id\":\"https:\/\/alchemy-asia.com\/en\/#\/schema\/logo\/image\/\"}}]}<\/script>\n<!-- \/ Yoast SEO plugin. -->","yoast_head_json":{"title":"St-R\u00e9my XO - Alchemy Asia","robots":{"index":"index","follow":"follow","max-snippet":"max-snippet:-1","max-image-preview":"max-image-preview:large","max-video-preview":"max-video-preview:-1"},"canonical":"https:\/\/alchemy-asia.com\/en\/product\/st-remy-xo\/","og_locale":"en_US","og_type":"article","og_title":"St-R\u00e9my XO - Alchemy Asia","og_description":"COLOUR   Luminous amber, with a rich golden aura  NOSE   Mature nose underpinned with echoes of oak, and delicate vanilla aromas, layered with hints of ripe fruits and honey  TASTE   A rich palate of flavors. Subtle notes of wood and vanilla are enriched with flavors of gingerbread, candied apricots, dates, figs and nuts. This complex taste is subtly spicy and offers a long finish  &nbsp;  RECOMMENDATION   \u2022 To be enjoyed neat, on ice or in cocktails  \u2022 Its versatility makes it perfect for classic brandy cocktails such as Sidecar, Daiquiri, Old Fashioned or Banana Bliss  \u2022 Blends perfectly with the coffee aromas in the St-R\u00e9my Caf\u00e9 cocktail: 30ml St-R\u00e9my XO, 120ml cold brew coffee, 15ml vanilla syrup","og_url":"https:\/\/alchemy-asia.com\/en\/product\/st-remy-xo\/","og_site_name":"Alchemy Asia","article_modified_time":"2025-04-01T11:49:46+00:00","og_image":[{"width":1080,"height":1080,"url":"https:\/\/alchemy-asia.com\/en\/wp-content\/uploads\/sites\/2\/2020\/03\/Pommery-Blue-Sky-with-gift-box-3-c.png","type":"image\/png"}],"twitter_card":"summary_large_image","twitter_misc":{"Est. reading time":"1 minute"},"schema":{"@context":"https:\/\/schema.org","@graph":[{"@type":"WebPage","@id":"https:\/\/alchemy-asia.com\/en\/product\/st-remy-xo\/","url":"https:\/\/alchemy-asia.com\/en\/product\/st-remy-xo\/","name":"St-R\u00e9my XO - Alchemy Asia","isPartOf":{"@id":"https:\/\/alchemy-asia.com\/en\/#website"},"primaryImageOfPage":{"@id":"https:\/\/alchemy-asia.com\/en\/product\/st-remy-xo\/#primaryimage"},"image":{"@id":"https:\/\/alchemy-asia.com\/en\/product\/st-remy-xo\/#primaryimage"},"thumbnailUrl":"https:\/\/alchemy-asia.com\/en\/wp-content\/uploads\/sites\/2\/2020\/03\/Pommery-Blue-Sky-with-gift-box-3-c.png","datePublished":"2020-03-24T03:43:20+00:00","dateModified":"2025-04-01T11:49:46+00:00","breadcrumb":{"@id":"https:\/\/alchemy-asia.com\/en\/product\/st-remy-xo\/#breadcrumb"},"inLanguage":"en-US","potentialAction":[{"@type":"ReadAction","target":["https:\/\/alchemy-asia.com\/en\/product\/st-remy-xo\/"]}]},{"@type":"ImageObject","inLanguage":"en-US","@id":"https:\/\/alchemy-asia.com\/en\/product\/st-remy-xo\/#primaryimage","url":"https:\/\/alchemy-asia.com\/en\/wp-content\/uploads\/sites\/2\/2020\/03\/Pommery-Blue-Sky-with-gift-box-3-c.png","contentUrl":"https:\/\/alchemy-asia.com\/en\/wp-content\/uploads\/sites\/2\/2020\/03\/Pommery-Blue-Sky-with-gift-box-3-c.png","width":1080,"height":1080},{"@type":"BreadcrumbList","@id":"https:\/\/alchemy-asia.com\/en\/product\/st-remy-xo\/#breadcrumb","itemListElement":[{"@type":"ListItem","position":1,"name":"Home","item":"https:\/\/alchemy-asia.com\/en\/"},{"@type":"ListItem","position":2,"name":"St-R\u00e9my XO"}]},{"@type":"WebSite","@id":"https:\/\/alchemy-asia.com\/en\/#website","url":"https:\/\/alchemy-asia.com\/en\/","name":"Alchemy Asia","description":"Alchemy Wines &amp; Spirits Asia","publisher":{"@id":"https:\/\/alchemy-asia.com\/en\/#organization"},"potentialAction":[{"@type":"SearchAction","target":{"@type":"EntryPoint","urlTemplate":"https:\/\/alchemy-asia.com\/en\/?s={search_term_string}"},"query-input":"required name=search_term_string"}],"inLanguage":"en-US"},{"@type":"Organization","@id":"https:\/\/alchemy-asia.com\/en\/#organization","name":"Alchemy Asia Wines & Spirits","url":"https:\/\/alchemy-asia.com\/en\/","logo":{"@type":"ImageObject","inLanguage":"en-US","@id":"https:\/\/alchemy-asia.com\/en\/#\/schema\/logo\/image\/","url":"https:\/\/alchemy-asia.com\/en\/wp-content\/uploads\/sites\/2\/2017\/06\/NewLogo.png","contentUrl":"https:\/\/alchemy-asia.com\/en\/wp-content\/uploads\/sites\/2\/2017\/06\/NewLogo.png","width":1000,"height":1000,"caption":"Alchemy Asia Wines & Spirits"},"image":{"@id":"https:\/\/alchemy-asia.com\/en\/#\/schema\/logo\/image\/"}}]}},"_links":{"self":[{"href":"https:\/\/alchemy-asia.com\/en\/wp-json\/wp\/v2\/product\/6373","targetHints":{"allow":["GET"]}}],"collection":[{"href":"https:\/\/alchemy-asia.com\/en\/wp-json\/wp\/v2\/product"}],"about":[{"href":"https:\/\/alchemy-asia.com\/en\/wp-json\/wp\/v2\/types\/product"}],"replies":[{"embeddable":true,"href":"https:\/\/alchemy-asia.com\/en\/wp-json\/wp\/v2\/comments?post=6373"}],"wp:featuredmedia":[{"embeddable":true,"href":"https:\/\/alchemy-asia.com\/en\/wp-json\/wp\/v2\/media\/9515"}],"wp:attachment":[{"href":"https:\/\/alchemy-asia.com\/en\/wp-json\/wp\/v2\/media?parent=6373"}],"wp:term":[{"taxonomy":"product_cat","embeddable":true,"href":"https:\/\/alchemy-asia.com\/en\/wp-json\/wp\/v2\/product_cat?post=6373"},{"taxonomy":"product_tag","embeddable":true,"href":"https:\/\/alchemy-asia.com\/en\/wp-json\/wp\/v2\/product_tag?post=6373"}],"curies":[{"name":"wp","href":"https:\/\/api.w.org\/{rel}","templated":true}]}}