{"id":8822,"date":"2024-03-01T02:47:14","date_gmt":"2024-03-01T02:47:14","guid":{"rendered":"https:\/\/alchemy-asia.com\/en\/?post_type=product&#038;p=8822"},"modified":"2024-07-22T02:43:22","modified_gmt":"2024-07-22T02:43:22","slug":"hangar-1-rose-flavoured-vodka","status":"publish","type":"product","link":"https:\/\/alchemy-asia.com\/en\/product\/hangar-1-rose-flavoured-vodka\/","title":{"rendered":"Hangar 1 Rose flavoured vodka"},"content":{"rendered":"","protected":false},"excerpt":{"rendered":"<table>\n<tbody>\n<tr>\n<td><span style=\"font-weight: 400;\">In working with neighboring vineyards and farms to source the grapes and fresh ingredients that create our core products, we were inspired to create a ros\u00e9 vodka that celebrates local Golden State wine culture. Hangar 1 Ros\u00e9 is a first-of-its-kind blend of our classic Hangar 1 vodka and real California ros\u00e9 wine.<\/span><\/p>\n<p>TASTING NOTES:<\/p>\n<p><span style=\"font-weight: 400;\">The perfectly balanced straight vodka.<\/span><\/p>\n<p><span style=\"font-weight: 400;\">Fresh and slightly floral on the nose,<\/span><\/p>\n<p><span style=\"font-weight: 400;\">light perfume on the finish.<\/span><\/td>\n<\/tr>\n<\/tbody>\n<\/table>\n","protected":false},"featured_media":8824,"comment_status":"open","ping_status":"closed","template":"","meta":{"_acf_changed":false},"product_cat":[137],"product_tag":[],"class_list":{"0":"post-8822","1":"product","2":"type-product","3":"status-publish","4":"has-post-thumbnail","6":"product_cat-vodka","7":"brand-hangar-1","9":"first","10":"instock","11":"shipping-taxable","12":"product-type-simple"},"acf":[],"yoast_head":"<!-- This site is optimized with the Yoast SEO plugin v23.0 - https:\/\/yoast.com\/wordpress\/plugins\/seo\/ -->\n<title>Hangar 1 Rose flavoured vodka - Alchemy Asia<\/title>\n<meta name=\"robots\" content=\"index, follow, max-snippet:-1, max-image-preview:large, max-video-preview:-1\" \/>\n<link rel=\"canonical\" href=\"https:\/\/alchemy-asia.com\/en\/product\/hangar-1-rose-flavoured-vodka\/\" \/>\n<meta property=\"og:locale\" content=\"en_US\" \/>\n<meta property=\"og:type\" content=\"article\" \/>\n<meta property=\"og:title\" content=\"Hangar 1 Rose flavoured vodka - Alchemy Asia\" \/>\n<meta property=\"og:description\" content=\"In working with neighboring vineyards and farms to source the grapes and fresh ingredients that create our core products, we were inspired to create a ros\u00e9 vodka that celebrates local Golden State wine culture. Hangar 1 Ros\u00e9 is a first-of-its-kind blend of our classic Hangar 1 vodka and real California ros\u00e9 wine.  TASTING NOTES:  The perfectly balanced straight vodka.  Fresh and slightly floral on the nose,  light perfume on the finish.\" \/>\n<meta property=\"og:url\" content=\"https:\/\/alchemy-asia.com\/en\/product\/hangar-1-rose-flavoured-vodka\/\" \/>\n<meta property=\"og:site_name\" content=\"Alchemy Asia\" \/>\n<meta property=\"article:modified_time\" content=\"2024-07-22T02:43:22+00:00\" \/>\n<meta property=\"og:image\" content=\"https:\/\/alchemy-asia.com\/en\/wp-content\/uploads\/sites\/2\/2024\/03\/HANGAR-1-ROSE-1024x1024.png\" \/>\n\t<meta property=\"og:image:width\" content=\"1024\" \/>\n\t<meta property=\"og:image:height\" content=\"1024\" \/>\n\t<meta property=\"og:image:type\" content=\"image\/png\" \/>\n<meta name=\"twitter:card\" content=\"summary_large_image\" \/>\n<meta name=\"twitter:label1\" content=\"Est. reading time\" \/>\n\t<meta name=\"twitter:data1\" content=\"1 minute\" \/>\n<script type=\"application\/ld+json\" class=\"yoast-schema-graph\">{\"@context\":\"https:\/\/schema.org\",\"@graph\":[{\"@type\":\"WebPage\",\"@id\":\"https:\/\/alchemy-asia.com\/en\/product\/hangar-1-rose-flavoured-vodka\/\",\"url\":\"https:\/\/alchemy-asia.com\/en\/product\/hangar-1-rose-flavoured-vodka\/\",\"name\":\"Hangar 1 Rose flavoured vodka - Alchemy Asia\",\"isPartOf\":{\"@id\":\"https:\/\/alchemy-asia.com\/en\/#website\"},\"primaryImageOfPage\":{\"@id\":\"https:\/\/alchemy-asia.com\/en\/product\/hangar-1-rose-flavoured-vodka\/#primaryimage\"},\"image\":{\"@id\":\"https:\/\/alchemy-asia.com\/en\/product\/hangar-1-rose-flavoured-vodka\/#primaryimage\"},\"thumbnailUrl\":\"https:\/\/alchemy-asia.com\/en\/wp-content\/uploads\/sites\/2\/2024\/03\/HANGAR-1-ROSE.png\",\"datePublished\":\"2024-03-01T02:47:14+00:00\",\"dateModified\":\"2024-07-22T02:43:22+00:00\",\"breadcrumb\":{\"@id\":\"https:\/\/alchemy-asia.com\/en\/product\/hangar-1-rose-flavoured-vodka\/#breadcrumb\"},\"inLanguage\":\"en-US\",\"potentialAction\":[{\"@type\":\"ReadAction\",\"target\":[\"https:\/\/alchemy-asia.com\/en\/product\/hangar-1-rose-flavoured-vodka\/\"]}]},{\"@type\":\"ImageObject\",\"inLanguage\":\"en-US\",\"@id\":\"https:\/\/alchemy-asia.com\/en\/product\/hangar-1-rose-flavoured-vodka\/#primaryimage\",\"url\":\"https:\/\/alchemy-asia.com\/en\/wp-content\/uploads\/sites\/2\/2024\/03\/HANGAR-1-ROSE.png\",\"contentUrl\":\"https:\/\/alchemy-asia.com\/en\/wp-content\/uploads\/sites\/2\/2024\/03\/HANGAR-1-ROSE.png\",\"width\":5804,\"height\":5804,\"caption\":\"HANGAR 1 ROSE\"},{\"@type\":\"BreadcrumbList\",\"@id\":\"https:\/\/alchemy-asia.com\/en\/product\/hangar-1-rose-flavoured-vodka\/#breadcrumb\",\"itemListElement\":[{\"@type\":\"ListItem\",\"position\":1,\"name\":\"Home\",\"item\":\"https:\/\/alchemy-asia.com\/en\/\"},{\"@type\":\"ListItem\",\"position\":2,\"name\":\"Hangar 1 Rose flavoured vodka\"}]},{\"@type\":\"WebSite\",\"@id\":\"https:\/\/alchemy-asia.com\/en\/#website\",\"url\":\"https:\/\/alchemy-asia.com\/en\/\",\"name\":\"Alchemy Asia\",\"description\":\"Alchemy Wines &amp; Spirits Asia\",\"publisher\":{\"@id\":\"https:\/\/alchemy-asia.com\/en\/#organization\"},\"potentialAction\":[{\"@type\":\"SearchAction\",\"target\":{\"@type\":\"EntryPoint\",\"urlTemplate\":\"https:\/\/alchemy-asia.com\/en\/?s={search_term_string}\"},\"query-input\":\"required name=search_term_string\"}],\"inLanguage\":\"en-US\"},{\"@type\":\"Organization\",\"@id\":\"https:\/\/alchemy-asia.com\/en\/#organization\",\"name\":\"Alchemy Asia Wines & Spirits\",\"url\":\"https:\/\/alchemy-asia.com\/en\/\",\"logo\":{\"@type\":\"ImageObject\",\"inLanguage\":\"en-US\",\"@id\":\"https:\/\/alchemy-asia.com\/en\/#\/schema\/logo\/image\/\",\"url\":\"https:\/\/alchemy-asia.com\/en\/wp-content\/uploads\/sites\/2\/2017\/06\/NewLogo.png\",\"contentUrl\":\"https:\/\/alchemy-asia.com\/en\/wp-content\/uploads\/sites\/2\/2017\/06\/NewLogo.png\",\"width\":1000,\"height\":1000,\"caption\":\"Alchemy Asia Wines & Spirits\"},\"image\":{\"@id\":\"https:\/\/alchemy-asia.com\/en\/#\/schema\/logo\/image\/\"}}]}<\/script>\n<!-- \/ Yoast SEO plugin. -->","yoast_head_json":{"title":"Hangar 1 Rose flavoured vodka - Alchemy Asia","robots":{"index":"index","follow":"follow","max-snippet":"max-snippet:-1","max-image-preview":"max-image-preview:large","max-video-preview":"max-video-preview:-1"},"canonical":"https:\/\/alchemy-asia.com\/en\/product\/hangar-1-rose-flavoured-vodka\/","og_locale":"en_US","og_type":"article","og_title":"Hangar 1 Rose flavoured vodka - Alchemy Asia","og_description":"In working with neighboring vineyards and farms to source the grapes and fresh ingredients that create our core products, we were inspired to create a ros\u00e9 vodka that celebrates local Golden State wine culture. Hangar 1 Ros\u00e9 is a first-of-its-kind blend of our classic Hangar 1 vodka and real California ros\u00e9 wine.  TASTING NOTES:  The perfectly balanced straight vodka.  Fresh and slightly floral on the nose,  light perfume on the finish.","og_url":"https:\/\/alchemy-asia.com\/en\/product\/hangar-1-rose-flavoured-vodka\/","og_site_name":"Alchemy Asia","article_modified_time":"2024-07-22T02:43:22+00:00","og_image":[{"width":1024,"height":1024,"url":"https:\/\/alchemy-asia.com\/en\/wp-content\/uploads\/sites\/2\/2024\/03\/HANGAR-1-ROSE-1024x1024.png","type":"image\/png"}],"twitter_card":"summary_large_image","twitter_misc":{"Est. reading time":"1 minute"},"schema":{"@context":"https:\/\/schema.org","@graph":[{"@type":"WebPage","@id":"https:\/\/alchemy-asia.com\/en\/product\/hangar-1-rose-flavoured-vodka\/","url":"https:\/\/alchemy-asia.com\/en\/product\/hangar-1-rose-flavoured-vodka\/","name":"Hangar 1 Rose flavoured vodka - Alchemy Asia","isPartOf":{"@id":"https:\/\/alchemy-asia.com\/en\/#website"},"primaryImageOfPage":{"@id":"https:\/\/alchemy-asia.com\/en\/product\/hangar-1-rose-flavoured-vodka\/#primaryimage"},"image":{"@id":"https:\/\/alchemy-asia.com\/en\/product\/hangar-1-rose-flavoured-vodka\/#primaryimage"},"thumbnailUrl":"https:\/\/alchemy-asia.com\/en\/wp-content\/uploads\/sites\/2\/2024\/03\/HANGAR-1-ROSE.png","datePublished":"2024-03-01T02:47:14+00:00","dateModified":"2024-07-22T02:43:22+00:00","breadcrumb":{"@id":"https:\/\/alchemy-asia.com\/en\/product\/hangar-1-rose-flavoured-vodka\/#breadcrumb"},"inLanguage":"en-US","potentialAction":[{"@type":"ReadAction","target":["https:\/\/alchemy-asia.com\/en\/product\/hangar-1-rose-flavoured-vodka\/"]}]},{"@type":"ImageObject","inLanguage":"en-US","@id":"https:\/\/alchemy-asia.com\/en\/product\/hangar-1-rose-flavoured-vodka\/#primaryimage","url":"https:\/\/alchemy-asia.com\/en\/wp-content\/uploads\/sites\/2\/2024\/03\/HANGAR-1-ROSE.png","contentUrl":"https:\/\/alchemy-asia.com\/en\/wp-content\/uploads\/sites\/2\/2024\/03\/HANGAR-1-ROSE.png","width":5804,"height":5804,"caption":"HANGAR 1 ROSE"},{"@type":"BreadcrumbList","@id":"https:\/\/alchemy-asia.com\/en\/product\/hangar-1-rose-flavoured-vodka\/#breadcrumb","itemListElement":[{"@type":"ListItem","position":1,"name":"Home","item":"https:\/\/alchemy-asia.com\/en\/"},{"@type":"ListItem","position":2,"name":"Hangar 1 Rose flavoured vodka"}]},{"@type":"WebSite","@id":"https:\/\/alchemy-asia.com\/en\/#website","url":"https:\/\/alchemy-asia.com\/en\/","name":"Alchemy Asia","description":"Alchemy Wines &amp; Spirits Asia","publisher":{"@id":"https:\/\/alchemy-asia.com\/en\/#organization"},"potentialAction":[{"@type":"SearchAction","target":{"@type":"EntryPoint","urlTemplate":"https:\/\/alchemy-asia.com\/en\/?s={search_term_string}"},"query-input":"required name=search_term_string"}],"inLanguage":"en-US"},{"@type":"Organization","@id":"https:\/\/alchemy-asia.com\/en\/#organization","name":"Alchemy Asia Wines & Spirits","url":"https:\/\/alchemy-asia.com\/en\/","logo":{"@type":"ImageObject","inLanguage":"en-US","@id":"https:\/\/alchemy-asia.com\/en\/#\/schema\/logo\/image\/","url":"https:\/\/alchemy-asia.com\/en\/wp-content\/uploads\/sites\/2\/2017\/06\/NewLogo.png","contentUrl":"https:\/\/alchemy-asia.com\/en\/wp-content\/uploads\/sites\/2\/2017\/06\/NewLogo.png","width":1000,"height":1000,"caption":"Alchemy Asia Wines & Spirits"},"image":{"@id":"https:\/\/alchemy-asia.com\/en\/#\/schema\/logo\/image\/"}}]}},"_links":{"self":[{"href":"https:\/\/alchemy-asia.com\/en\/wp-json\/wp\/v2\/product\/8822","targetHints":{"allow":["GET"]}}],"collection":[{"href":"https:\/\/alchemy-asia.com\/en\/wp-json\/wp\/v2\/product"}],"about":[{"href":"https:\/\/alchemy-asia.com\/en\/wp-json\/wp\/v2\/types\/product"}],"replies":[{"embeddable":true,"href":"https:\/\/alchemy-asia.com\/en\/wp-json\/wp\/v2\/comments?post=8822"}],"wp:featuredmedia":[{"embeddable":true,"href":"https:\/\/alchemy-asia.com\/en\/wp-json\/wp\/v2\/media\/8824"}],"wp:attachment":[{"href":"https:\/\/alchemy-asia.com\/en\/wp-json\/wp\/v2\/media?parent=8822"}],"wp:term":[{"taxonomy":"product_cat","embeddable":true,"href":"https:\/\/alchemy-asia.com\/en\/wp-json\/wp\/v2\/product_cat?post=8822"},{"taxonomy":"product_tag","embeddable":true,"href":"https:\/\/alchemy-asia.com\/en\/wp-json\/wp\/v2\/product_tag?post=8822"}],"curies":[{"name":"wp","href":"https:\/\/api.w.org\/{rel}","templated":true}]}}