{"id":3901,"date":"2019-05-16T04:13:04","date_gmt":"2019-05-16T04:13:04","guid":{"rendered":"http:\/\/alchemy-asia.com\/th\/?post_type=product&#038;p=3901"},"modified":"2019-05-16T05:33:20","modified_gmt":"2019-05-16T05:33:20","slug":"st-remy-vsop","status":"publish","type":"product","link":"https:\/\/alchemy-asia.com\/th\/product\/st-remy-vsop\/","title":{"rendered":"St-R\u00e9my VSOP"},"content":{"rendered":"","protected":false},"excerpt":{"rendered":"<h2>THE FRENCH ICON<\/h2>\n<p>St-R\u00e9my VSOP embodies the iconic and historical taste of St-R\u00e9my. It is a translation of the original recipe that has made St-R\u00e9my famous around the globe.<\/p>\n<h2><\/h2>\n<p>&nbsp;<\/p>\n<p><strong>APPEARANCE<\/strong><br \/>\nAmber-yellow in color with golden highlights.<\/p>\n<p><strong>NOSE<\/strong><br \/>\nAlcohol notes are quickly replaced with rich fruity aromas of cherry, gooseberry and wild strawberry. Floral notes subtly blend with the woody and vanilla tones of oak. The overall impression is pleasing, harmonious and smooth.<\/p>\n<p><strong>PALATE<\/strong><br \/>\nRound and smooth with fruity aromas and wood, combining to produce an oaky vanilla finish.<\/p>\n<p><strong>SERVING SUGGESTIONS<\/strong><br \/>\nWith its light and subtle nose, St-R\u00e9my VSOP is excellent neat, on ice or in cocktails.<\/p>\n","protected":false},"featured_media":3902,"comment_status":"open","ping_status":"closed","template":"","meta":{"_acf_changed":false},"product_cat":[57],"product_tag":[],"class_list":{"0":"post-3901","1":"product","2":"type-product","3":"status-publish","4":"has-post-thumbnail","6":"product_cat-cognac","7":"brand-st-remy","9":"first","10":"instock","11":"shipping-taxable","12":"product-type-simple"},"acf":[],"yoast_head":"<!-- This site is optimized with the Yoast SEO plugin v23.0 - https:\/\/yoast.com\/wordpress\/plugins\/seo\/ -->\n<title>St-R\u00e9my VSOP - Alchemy Asia<\/title>\n<meta name=\"robots\" content=\"index, follow, max-snippet:-1, max-image-preview:large, max-video-preview:-1\" \/>\n<link rel=\"canonical\" href=\"https:\/\/alchemy-asia.com\/th\/product\/st-remy-vsop\/\" \/>\n<meta property=\"og:locale\" content=\"en_US\" \/>\n<meta property=\"og:type\" content=\"article\" \/>\n<meta property=\"og:title\" content=\"St-R\u00e9my VSOP - Alchemy Asia\" \/>\n<meta property=\"og:description\" content=\"THE FRENCH ICON St-R\u00e9my VSOP embodies the iconic and historical taste of St-R\u00e9my. It is a translation of the original recipe that has made St-R\u00e9my famous around the globe.  &nbsp;  APPEARANCE Amber-yellow in color with golden highlights.  NOSE Alcohol notes are quickly replaced with rich fruity aromas of cherry, gooseberry and wild strawberry. Floral notes subtly blend with the woody and vanilla tones of oak. The overall impression is pleasing, harmonious and smooth.  PALATE Round and smooth with fruity aromas and wood, combining to produce an oaky vanilla finish.  SERVING SUGGESTIONS With its light and subtle nose, St-R\u00e9my VSOP is excellent neat, on ice or in cocktails.\" \/>\n<meta property=\"og:url\" content=\"https:\/\/alchemy-asia.com\/th\/product\/st-remy-vsop\/\" \/>\n<meta property=\"og:site_name\" content=\"Alchemy Asia\" \/>\n<meta property=\"article:modified_time\" content=\"2019-05-16T05:33:20+00:00\" \/>\n<meta property=\"og:image\" content=\"https:\/\/alchemy-asia.com\/th\/wp-content\/uploads\/sites\/4\/2019\/05\/STRemyVSOP.png\" \/>\n\t<meta property=\"og:image:width\" content=\"320\" \/>\n\t<meta property=\"og:image:height\" content=\"832\" \/>\n\t<meta property=\"og:image:type\" content=\"image\/png\" \/>\n<meta name=\"twitter:card\" content=\"summary_large_image\" \/>\n<script type=\"application\/ld+json\" class=\"yoast-schema-graph\">{\"@context\":\"https:\/\/schema.org\",\"@graph\":[{\"@type\":\"WebPage\",\"@id\":\"https:\/\/alchemy-asia.com\/th\/product\/st-remy-vsop\/\",\"url\":\"https:\/\/alchemy-asia.com\/th\/product\/st-remy-vsop\/\",\"name\":\"St-R\u00e9my VSOP - Alchemy Asia\",\"isPartOf\":{\"@id\":\"https:\/\/alchemy-asia.com\/th\/#website\"},\"primaryImageOfPage\":{\"@id\":\"https:\/\/alchemy-asia.com\/th\/product\/st-remy-vsop\/#primaryimage\"},\"image\":{\"@id\":\"https:\/\/alchemy-asia.com\/th\/product\/st-remy-vsop\/#primaryimage\"},\"thumbnailUrl\":\"https:\/\/alchemy-asia.com\/th\/wp-content\/uploads\/sites\/4\/2019\/05\/STRemyVSOP.png\",\"datePublished\":\"2019-05-16T04:13:04+00:00\",\"dateModified\":\"2019-05-16T05:33:20+00:00\",\"breadcrumb\":{\"@id\":\"https:\/\/alchemy-asia.com\/th\/product\/st-remy-vsop\/#breadcrumb\"},\"inLanguage\":\"en-US\",\"potentialAction\":[{\"@type\":\"ReadAction\",\"target\":[\"https:\/\/alchemy-asia.com\/th\/product\/st-remy-vsop\/\"]}]},{\"@type\":\"ImageObject\",\"inLanguage\":\"en-US\",\"@id\":\"https:\/\/alchemy-asia.com\/th\/product\/st-remy-vsop\/#primaryimage\",\"url\":\"https:\/\/alchemy-asia.com\/th\/wp-content\/uploads\/sites\/4\/2019\/05\/STRemyVSOP.png\",\"contentUrl\":\"https:\/\/alchemy-asia.com\/th\/wp-content\/uploads\/sites\/4\/2019\/05\/STRemyVSOP.png\",\"width\":320,\"height\":832},{\"@type\":\"BreadcrumbList\",\"@id\":\"https:\/\/alchemy-asia.com\/th\/product\/st-remy-vsop\/#breadcrumb\",\"itemListElement\":[{\"@type\":\"ListItem\",\"position\":1,\"name\":\"Home\",\"item\":\"https:\/\/alchemy-asia.com\/th\/\"},{\"@type\":\"ListItem\",\"position\":2,\"name\":\"St-R\u00e9my VSOP\"}]},{\"@type\":\"WebSite\",\"@id\":\"https:\/\/alchemy-asia.com\/th\/#website\",\"url\":\"https:\/\/alchemy-asia.com\/th\/\",\"name\":\"Alchemy Asia\",\"description\":\"Just another Alchemy Asia Sites site\",\"potentialAction\":[{\"@type\":\"SearchAction\",\"target\":{\"@type\":\"EntryPoint\",\"urlTemplate\":\"https:\/\/alchemy-asia.com\/th\/?s={search_term_string}\"},\"query-input\":\"required name=search_term_string\"}],\"inLanguage\":\"en-US\"}]}<\/script>\n<!-- \/ Yoast SEO plugin. -->","yoast_head_json":{"title":"St-R\u00e9my VSOP - Alchemy Asia","robots":{"index":"index","follow":"follow","max-snippet":"max-snippet:-1","max-image-preview":"max-image-preview:large","max-video-preview":"max-video-preview:-1"},"canonical":"https:\/\/alchemy-asia.com\/th\/product\/st-remy-vsop\/","og_locale":"en_US","og_type":"article","og_title":"St-R\u00e9my VSOP - Alchemy Asia","og_description":"THE FRENCH ICON St-R\u00e9my VSOP embodies the iconic and historical taste of St-R\u00e9my. It is a translation of the original recipe that has made St-R\u00e9my famous around the globe.  &nbsp;  APPEARANCE Amber-yellow in color with golden highlights.  NOSE Alcohol notes are quickly replaced with rich fruity aromas of cherry, gooseberry and wild strawberry. Floral notes subtly blend with the woody and vanilla tones of oak. The overall impression is pleasing, harmonious and smooth.  PALATE Round and smooth with fruity aromas and wood, combining to produce an oaky vanilla finish.  SERVING SUGGESTIONS With its light and subtle nose, St-R\u00e9my VSOP is excellent neat, on ice or in cocktails.","og_url":"https:\/\/alchemy-asia.com\/th\/product\/st-remy-vsop\/","og_site_name":"Alchemy Asia","article_modified_time":"2019-05-16T05:33:20+00:00","og_image":[{"width":320,"height":832,"url":"https:\/\/alchemy-asia.com\/th\/wp-content\/uploads\/sites\/4\/2019\/05\/STRemyVSOP.png","type":"image\/png"}],"twitter_card":"summary_large_image","schema":{"@context":"https:\/\/schema.org","@graph":[{"@type":"WebPage","@id":"https:\/\/alchemy-asia.com\/th\/product\/st-remy-vsop\/","url":"https:\/\/alchemy-asia.com\/th\/product\/st-remy-vsop\/","name":"St-R\u00e9my VSOP - Alchemy Asia","isPartOf":{"@id":"https:\/\/alchemy-asia.com\/th\/#website"},"primaryImageOfPage":{"@id":"https:\/\/alchemy-asia.com\/th\/product\/st-remy-vsop\/#primaryimage"},"image":{"@id":"https:\/\/alchemy-asia.com\/th\/product\/st-remy-vsop\/#primaryimage"},"thumbnailUrl":"https:\/\/alchemy-asia.com\/th\/wp-content\/uploads\/sites\/4\/2019\/05\/STRemyVSOP.png","datePublished":"2019-05-16T04:13:04+00:00","dateModified":"2019-05-16T05:33:20+00:00","breadcrumb":{"@id":"https:\/\/alchemy-asia.com\/th\/product\/st-remy-vsop\/#breadcrumb"},"inLanguage":"en-US","potentialAction":[{"@type":"ReadAction","target":["https:\/\/alchemy-asia.com\/th\/product\/st-remy-vsop\/"]}]},{"@type":"ImageObject","inLanguage":"en-US","@id":"https:\/\/alchemy-asia.com\/th\/product\/st-remy-vsop\/#primaryimage","url":"https:\/\/alchemy-asia.com\/th\/wp-content\/uploads\/sites\/4\/2019\/05\/STRemyVSOP.png","contentUrl":"https:\/\/alchemy-asia.com\/th\/wp-content\/uploads\/sites\/4\/2019\/05\/STRemyVSOP.png","width":320,"height":832},{"@type":"BreadcrumbList","@id":"https:\/\/alchemy-asia.com\/th\/product\/st-remy-vsop\/#breadcrumb","itemListElement":[{"@type":"ListItem","position":1,"name":"Home","item":"https:\/\/alchemy-asia.com\/th\/"},{"@type":"ListItem","position":2,"name":"St-R\u00e9my VSOP"}]},{"@type":"WebSite","@id":"https:\/\/alchemy-asia.com\/th\/#website","url":"https:\/\/alchemy-asia.com\/th\/","name":"Alchemy Asia","description":"Just another Alchemy Asia Sites site","potentialAction":[{"@type":"SearchAction","target":{"@type":"EntryPoint","urlTemplate":"https:\/\/alchemy-asia.com\/th\/?s={search_term_string}"},"query-input":"required name=search_term_string"}],"inLanguage":"en-US"}]}},"_links":{"self":[{"href":"https:\/\/alchemy-asia.com\/th\/wp-json\/wp\/v2\/product\/3901","targetHints":{"allow":["GET"]}}],"collection":[{"href":"https:\/\/alchemy-asia.com\/th\/wp-json\/wp\/v2\/product"}],"about":[{"href":"https:\/\/alchemy-asia.com\/th\/wp-json\/wp\/v2\/types\/product"}],"replies":[{"embeddable":true,"href":"https:\/\/alchemy-asia.com\/th\/wp-json\/wp\/v2\/comments?post=3901"}],"wp:featuredmedia":[{"embeddable":true,"href":"https:\/\/alchemy-asia.com\/th\/wp-json\/wp\/v2\/media\/3902"}],"wp:attachment":[{"href":"https:\/\/alchemy-asia.com\/th\/wp-json\/wp\/v2\/media?parent=3901"}],"wp:term":[{"taxonomy":"product_cat","embeddable":true,"href":"https:\/\/alchemy-asia.com\/th\/wp-json\/wp\/v2\/product_cat?post=3901"},{"taxonomy":"product_tag","embeddable":true,"href":"https:\/\/alchemy-asia.com\/th\/wp-json\/wp\/v2\/product_tag?post=3901"}],"curies":[{"name":"wp","href":"https:\/\/api.w.org\/{rel}","templated":true}]}}