{"id":1496,"date":"2017-08-14T05:23:54","date_gmt":"2017-08-14T05:23:54","guid":{"rendered":"http:\/\/alchemy-asia.com\/vi\/?page_id=1496"},"modified":"2017-08-14T05:32:14","modified_gmt":"2017-08-14T05:32:14","slug":"chinh-sach-bao-mat","status":"publish","type":"page","link":"https:\/\/alchemy-asia.com\/vi\/chinh-sach-bao-mat\/","title":{"rendered":"Ch\u00ednh s\u00e1ch b\u1ea3o m\u1eadt"},"content":{"rendered":"<ul class=\"term__list\">\n<li class=\"term__item\">1. Nh\u00e0 qu\u1ea3n tr\u1ecb d\u1eef li\u1ec7u (Data Controller)\n<ul class=\"term__child-list\">\n<li class=\"term__child-item\">Nh\u00e0 qu\u1ea3n tr\u1ecb d\u1eef li\u1ec7u c\u00f3 li\u00ean quan \u0111\u1ebfn c\u00e1 nh\u00e2n nh\u1eefng ng\u01b0\u1eddi tham gia v\u00e0o trang m\u1ea1ng n\u00e0y l\u00e0:<br \/>\n&#8211; Alchemy Wines &amp; Spirits Asia<br \/>\nL\u1ea7u 5, 16-18 Hai B\u00e0 Tr\u01b0ng, Ph\u01b0\u1eddng B\u1ebfn Ngh\u00e9, Qu\u1eadn 1, Th\u00e0nh ph\u1ed1 H\u1ed3 Ch\u00ed Minh, Vi\u1ec7t Nam<\/li>\n<li class=\"term__child-item\">Ch\u00fang t\u00f4i cam k\u1ebft b\u1ea3o m\u1eadt to\u00e0n b\u1ed9 d\u1eef li\u1ec7u c\u00e1 nh\u00e2n c\u1ee7a ng\u01b0\u1eddi tham gia trang web ph\u00f9 h\u1ee3p theo qui \u0111\u1ecbnh c\u1ee7a B\u1ed9 Lu\u1eadt D\u00e2n S\u1ef1 N\u01b0\u1edbc C\u1ed9ng H\u00f2a X\u00e3 H\u1ed9i Ch\u1ee7 Ngh\u0129a Vi\u1ec7t Nam v\u00e0 c\u00e1c qui \u0111\u1ecbnh ph\u00e1p l\u00fd c\u00f3 li\u00ean quan. N\u1ed9i dung trang ch\u00ednh s\u00e1ch b\u1ea3n m\u1eadt th\u00f4ng tin c\u00e1 nh\u00e2n (Privacy Page) n\u00eau t\u00f3m l\u01b0\u1ee3c c\u00e1c h\u00ecnh th\u1ee9c th\u00f4ng tin n\u00e0o m\u00e0 c\u00f4ng ty ch\u00fang t\u00f4i thu th\u1eadp \u0111\u01b0\u1ee3c qua trang web n\u00e0y, c\u00e1ch th\u1ee9c ch\u00fang t\u00f4i s\u1eed d\u1ee5ng v\u00e0 qu\u1ea3n l\u00fd d\u1eef li\u1ec7u. Trong n\u1ed9i dung trang n\u00e0y c\u00f2n \u0111\u1ec1 c\u1eadp \u0111\u1ebfn c\u00e1c quy\u1ec1n l\u1ee3i b\u1ea1n \u0111\u01b0\u1ee3c h\u01b0\u1edfng li\u00ean quan \u0111\u1ebfn vi\u1ec7c b\u1ea3o m\u1eadt th\u00f4ng tin d\u1eef li\u1ec7u v\u00e0 cung c\u1ea5p c\u00e1ch th\u1ee9c b\u1ea1n c\u1ea7n th\u1ef1c hi\u1ec7n \u0111\u1ec3 li\u00ean l\u1ea1c v\u1edbi ch\u00fang t\u00f4i.<\/li>\n<\/ul>\n<\/li>\n<li class=\"term__item\">2. Th\u00f4ng tin c\u00e1 nh\u00e2n v\u00e0 c\u00e1ch th\u1ee9c s\u1eed d\u1ee5ng.\n<ul class=\"term__child-list\">\n<li class=\"term__child-item\">M\u1ed9t s\u1ed1 th\u00f4ng tin c\u00e1 nh\u00e2n \u0111\u01b0\u1ee3c t\u1eadp h\u1ee3p l\u1ea1i khi b\u1ea1n \u0111\u0103ng k\u00fd, bao g\u1ed3m h\u1ecd t\u00ean\/ t\u00ean ri\u00eang, \u0111\u1ecba ch\u1ec9 \u0111\u01b0\u1eddng ph\u1ed1, th\u00e0nh ph\u1ed1, bang\/t\u1ec9nh, m\u00e3 v\u00f9ng\/ m\u00e3 b\u01b0u \u0111i\u1ec7n, qu\u1ed1c gia, s\u1ed1 \u0111i\u1ec7n tho\u1ea1i (k\u1ec3 c\u1ea3 s\u1ed1 \u0111i\u1ec7n tho\u1ea1i di \u0111\u1ed9ng), t\u00ean s\u1eed d\u1ee5ng li\u00ean l\u1ea1c tr\u00ean m\u1ea1ng, \u0111\u1ecba ch\u1ec9 email, tu\u1ed5i t\u00e1c, gi\u1edbi t\u00ednh, t\u00ecnh tr\u1ea1ng h\u00f4n nh\u00e2n gia \u0111\u00ecnh v\u00e0 c\u0169ng c\u00f3 th\u1ec3 bao g\u1ed3m nhi\u1ec1u th\u00f4ng tin kh\u00e1c n\u1eefa nh\u01b0 m\u1ed1i quan t\u00e2m, s\u1edf th\u00edch, v.v \u2026.( \u201cth\u00f4ng tin c\u00e1 nh\u00e2n\u201d) Ch\u00fang t\u00f4i b\u1ea3o \u0111\u1ea3m v\u1edbi b\u1ea1n r\u1eb1ng th\u00f4ng tin c\u00e1 nh\u00e2n c\u1ee7a b\u1ea1n ch\u1ec9 \u0111\u01b0\u1ee3c thu th\u1eadp trong tr\u01b0\u1eddng h\u1ee3p b\u1ea1n t\u1ef1 nguy\u1ec7n cung c\u1ea5p th\u00f4ng tin th\u00f4ng qua vi\u1ec7c \u0111\u0103ng k\u00fd v\u00e0o trang web c\u1ee7a ch\u00fang t\u00f4i. \u0110i\u1ec1u n\u00e0y mang \u00fd ngh\u0129a l\u00e0 b\u1ea1n bi\u1ebft r\u00f5 r\u00e0ng c\u00f4ng ty ch\u00fang t\u00f4i c\u00f3 d\u1ef1 \u0111\u1ecbnh khai th\u00e1c d\u1eef li\u1ec7u cho m\u1ee5c \u0111\u00edch g\u00ec v\u00e0 ch\u00fang t\u00f4i c\u00f3 th\u0103m d\u00f2 \u00fd ki\u1ebfn ch\u1ea5p thu\u1eadn c\u1ee7a b\u1ea1n v\u1ec1 quy\u1ec1n s\u1eed d\u1ee5ng. Khi b\u1ea1n cung c\u1ea5p th\u00f4ng tin c\u00e1 nh\u00e2n tr\u00ean website c\u1ee7a ch\u00fang t\u00f4i c\u00f3 ngh\u0129a l\u00e0 b\u1ea1n \u0111ang chia s\u1ebb th\u00f4ng tin \u0111\u00f3 v\u1edbi ri\u00eang ch\u00fang t\u00f4i, tr\u1eeb phi c\u00f3 th\u00f4ng b\u00e1o c\u1ee5 th\u1ec3 kh\u00e1c. Tuy nhi\u00ean, m\u1ed9t s\u1ed1 ho\u1ea1t \u0111\u1ed9ng do \u0111\u1eb7c tr\u01b0ng c\u1ee7a ch\u00fang, s\u1ebd d\u1eabn \u0111\u1ebfn vi\u1ec7c th\u00f4ng tin c\u00e1 nh\u00e2n c\u1ee7a b\u1ea1n \u0111\u01b0\u1ee3c ti\u1ebft l\u1ed9 cho nh\u1eefng ng\u01b0\u1eddi s\u1eed d\u1ee5ng kh\u00e1c c\u1ee7a website. C\u00f4ng ty ch\u00fang t\u00f4i s\u1eed d\u1ee5ng th\u00f4ng tin c\u00f3 m\u1ee5c \u0111\u00edch. Nh\u1eefng m\u1ee5c \u0111\u00edch c\u1ee5 th\u1ec3 nh\u01b0 sau:<\/li>\n<li class=\"term__child-item\">(i) Tr\u1ea3 l\u1eddi th\u1eafc m\u1eafc c\u1ee7a b\u1ea1n. Khi b\u1ea1n c\u00f3 b\u1ea5t c\u1ee9 th\u1eafc m\u1eafc n\u00e0o (V\u00ed d\u1ee5, v\u1ec1 c\u00f4ng ty, v\u1ec1 th\u1ec3 l\u1ec7 ch\u01b0\u01a1ng tr\u00ecnh, c\u00e1ch tham gia, ho\u1eb7c d\u1ecbch v\u1ee5 b\u1ea5t k\u1ef3 c\u1ee7a c\u00f4ng ty) b\u1ea1n c\u00f3 th\u1ec3 li\u00ean l\u1ea1c v\u1edbi ch\u00fang t\u00f4i theo th\u00f4ng tin li\u00ean l\u1ea1c \u0111\u01b0\u1ee3c ch\u00fang t\u00f4i \u0111\u01b0\u1ee3c cung c\u1ea5p\/ khu v\u1ef1c ri\u00eang tr\u00ean website. Ch\u00fang t\u00f4i s\u1ebd s\u1eed d\u1ee5ng d\u1eef li\u1ec7u b\u1ea1n cung c\u1ea5p nh\u1eb1m m\u1ee5c \u0111\u00edch gi\u1ea3i \u0111\u00e1p nh\u1eefng th\u1eafc m\u1eafc c\u1ee7a b\u1ea1n. Trong m\u1ed9t v\u00e0i tr\u01b0\u1eddng h\u1ee3p, n\u1ebfu c\u1ea7n thi\u1ebft ch\u00fang t\u00f4i s\u1ebd chia s\u1ebb quy\u1ec1n s\u1eed d\u1ee5ng nh\u1eefng chi ti\u1ebft d\u1eef li\u1ec7u c\u00e1 nh\u00e2n b\u1ea1n v\u1edbi c\u00e1c th\u00e0nh vi\u00ean, t\u1ed5 ch\u1ee9c kh\u00e1c thu\u1ed9c C\u00f4ng ty Alchemy Wines &amp; Spirits Asia, ho\u1eb7c v\u1edbi Nh\u00e0 khai th\u00e1c d\u1eef li\u1ec7u nh\u01b0 \u0111\u01b0\u1ee3c \u0111\u1ecbnh ngh\u0129a t\u1ea1i m\u1ee5c 3 d\u01b0\u1edbi \u0111\u00e2y.<\/li>\n<li class=\"term__child-item\">(ii) Tham gia v\u00e0o website WWW.ALCHEMY-ASIA.COM. C\u00f4ng ty ch\u00fang t\u00f4i c\u00f3 th\u1ec3 s\u1eed d\u1ee5ng th\u00f4ng tin c\u00e1 nh\u00e2n \u0111\u01b0\u1ee3c b\u1ea1n cung c\u1ea5p trong m\u1eabu \u0111\u0103ng k\u00fd tham gia website WWW.ALCHEMY-ASIA.COM nh\u1eb1m m\u1ee5c \u0111\u00edch qu\u1ea3n l\u00fd \u0111i\u1ec1u h\u00e0nh v\u00e0 c\u1ea3i ti\u1ebfn website, t\u0103ng c\u01b0\u1eddng ti\u1ec7n \u00edch cho ng\u01b0\u1eddi s\u1eed d\u1ee5ng v\u00e0 ph\u00e2n ph\u1ed1i c\u00e1c s\u1ea3n ph\u1ea9m v\u00e0 d\u1ecbch v\u1ee5 c\u1ee7a ch\u00fang t\u00f4i.<br \/>\nWWW.ALCHEMY-ASIA.COM c\u00f3 th\u1ec3 do b\u00ean th\u1ee9 ba \u0111\u1ea1i di\u1ec7n c\u00f4ng ty ch\u00fang t\u00f4i th\u1ef1c hi\u1ec7n khai th\u00e1c qu\u1ea3n l\u00fd d\u1eef li\u1ec7u v\u00e0 h\u1ecd \u0111\u00e3 \u0111\u01b0\u1ee3c ph\u00e9p khai th\u00e1c x\u1eed l\u00fd c\u00e1c d\u1eef li\u1ec7u b\u1ea1n trao g\u1edfi cho ch\u00fang t\u00f4i (xem m\u1ee5c Nh\u00e0 khai th\u00e1c d\u1eef li\u1ec7u).<\/li>\n<li class=\"term__child-item\">(iii) Ch\u00fang t\u00f4i c\u00f3 th\u1ec3 d\u00f9ng th\u00f4ng tin thu th\u1eadp \u0111\u01b0\u1ee3c \u0111\u1ec3 th\u00f4ng b\u00e1o cho b\u1ea1n v\u1ec1 nh\u1eefng s\u1ea3n ph\u1ea9m v\u00e0 d\u1ecbch v\u1ee5 do c\u00f4ng ty ch\u00fang t\u00f4i hay c\u00e1c c\u00f4ng ty \u0111\u1ed1i t\u00e1c cung c\u1ea5p, ho\u1eb7c \u0111\u1ec3 xin \u00fd ki\u1ebfn c\u1ee7a b\u1ea1n v\u1ec1 c\u00e1c s\u1ea3n ph\u1ea9m v\u00e0 d\u1ecbch v\u1ee5 hi\u1ec7n t\u1ea1i hay nh\u1eefng s\u1ea3n ph\u1ea9m v\u00e0 d\u1ecbch v\u1ee5 ti\u1ec1m n\u0103ng m\u1edbi trong t\u01b0\u01a1ng lai. N\u1ebfu b\u1ea1n \u0111\u1ed3ng \u00fd, ch\u00fang t\u00f4i c\u00f3 th\u1ec3 s\u1eed d\u1ee5ng chung d\u1eef li\u1ec7u c\u1ee7a b\u1ea1n ho\u1eb7c chuy\u1ec3n \u0111i c\u00e1c c\u00f4ng ty kh\u00e1c thu\u1ed9c Alchemy Wines &amp; Spirits Asia v\u00e0 nh\u1eefng c\u00f4ng ty \u0111\u1ed1i t\u00e1c, l\u00e0 c\u00e1c c\u00f4ng ty c\u00f3 th\u1ec3 g\u1edfi \u0111\u1ebfn b\u1ea1n th\u00f4ng tin v\u00e0\/ho\u1eb7c n\u1ed9i dung ch\u00e0o m\u1eddi tham gia m\u1ed9t s\u1ea3n ph\u1ea9m v\u00e0\/ho\u1eb7c m\u1ed9t d\u1ecbch v\u1ee5 b\u1ea5t k\u1ef3 c\u1ee7a c\u00f4ng ty h\u1ecd, theo n\u1ed9i dung tr\u00ecnh b\u00e0y c\u1ee5 th\u1ec3 t\u1ea1i th\u1eddi \u0111i\u1ec3m ch\u00fang t\u00f4i thu nh\u1eadp d\u1eef li\u1ec7u c\u00e1 nh\u00e2n b\u1ea1n.<\/li>\n<\/ul>\n<\/li>\n<li class=\"term__item\">3. \u0110\u01a1n v\u1ecb x\u1eed l\u00fd d\u1eef li\u1ec7u (Nh\u00e0 khai th\u00e1c d\u1eef li\u1ec7u)\n<ul class=\"term__child-list\">\n<li class=\"term__child-item\">S\u1ebd c\u00f3 l\u00fac c\u00f4ng ty ch\u00fang t\u00f4i h\u1ee3p \u0111\u1ed3ng v\u1edbi b\u00ean th\u1ee9 ba \u0111\u1ec3 khai th\u00e1c ho\u1eb7c ph\u00e2n t\u00edch d\u1eef li\u1ec7u m\u00e0 ch\u00fang t\u00f4i \u0111\u00e3 thu nh\u1eadn t\u1eeb c\u00e1c trang web c\u1ee7a ch\u00fang t\u00f4i, k\u1ec3 c\u1ea3 th\u00f4ng tin c\u00e1 nh\u00e2n b\u1ea1n. Nh\u1eefng nh\u00e0 cung c\u1ea5p v\u00e0 c\u00e1c b\u00ean th\u1ee9 ba n\u00e0y \u0111\u00e3 c\u00f3 h\u1ee3p \u0111\u1ed3ng r\u00e0ng bu\u1ed9c ngh\u0129a v\u1ee5 kh\u00f4ng \u0111\u01b0\u1ee3c ph\u00e9p s\u1eed d\u1ee5ng th\u00f4ng tin c\u00e1 nh\u00e2n b\u1ea1n cho b\u1ea5t k\u1ef3 m\u1ee5c \u0111\u00edch n\u00e0o kh\u00e1c ngo\u00e0i m\u1ee5c \u0111\u00edch m\u00e0 c\u00f4ng ty ch\u00fang t\u00f4i ch\u1ec9 \u0111\u1ecbnh.<\/li>\n<\/ul>\n<\/li>\n<li class=\"term__item\">4. An ninh m\u1ea1ng v\u00e0 b\u1ea3o m\u1eadt th\u00f4ng ti\u1ec7n\n<ul class=\"term__child-list\">\n<li class=\"term__child-item\">(a) Ch\u00fang t\u00f4i th\u1ef1c hi\u1ec7n m\u1ed9t s\u1ed1 bi\u1ec7n ph\u00e1p ng\u0103n ng\u1eeba h\u1ee3p l\u00fd nh\u1eb1m gi\u1eef an to\u00e0n c\u00e1c th\u00f4ng tin c\u00e1 nh\u00e2n c\u1ee7a b\u1ea1n, v\u00e0 s\u1ebd y\u00eau c\u1ea7u Nh\u00e0 khai th\u00e1c d\u1eef li\u1ec7u th\u1ef1c hi\u1ec7n t\u01b0\u01a1ng t\u1ef1. Bi\u1ec7n ph\u00e1p ph\u00f2ng ng\u1eeba: Ngo\u00e0i ng\u01b0\u1eddi qu\u1ea3n tr\u1ecb website WWW.ALCHEMY-ASIA.COM ho\u1eb7c c\u00e1 nh\u00e2n \u0111\u01b0\u1ee3c \u1ee7y quy\u1ec1n kh\u00e1c ra th\u00ec b\u1ea1n l\u00e0 ng\u01b0\u1eddi duy nh\u1ea5t \u0111\u01b0\u1ee3c truy c\u1eadp \u0111\u1ebfn th\u00f4ng tin c\u00e1 nh\u00e2n c\u1ee7a m\u00ecnh. \u0110\u0103ng k\u00fd s\u1eed d\u1ee5ng c\u1ee7a b\u1ea1n \u0111\u01b0\u1ee3c b\u1ea3o v\u1ec7 b\u1eb1ng m\u1eadt kh\u1ea9u \u0111\u1ec3 ng\u0103n ch\u1eb7n s\u1ef1 truy nh\u1eadp tr\u00e1i ph\u00e9p. Ch\u00fang t\u00f4i khuy\u1ebfn ngh\u1ecb b\u1ea1n kh\u00f4ng \u0111\u1ec3 l\u1ed9 m\u1eadt kh\u1ea9u c\u1ee7a b\u1ea1n cho b\u1ea5t k\u1ef3 ai v\u00e0 ch\u00fang t\u00f4i kh\u00f4ng bao gi\u1edd h\u1ecfi m\u1eadt kh\u1ea9u c\u1ee7a b\u1ea1n qua \u0111i\u1ec7n tho\u1ea1i, email hay h\u00ecnh th\u1ee9c t\u01b0\u01a1ng t\u1ef1.<\/li>\n<li class=\"term__child-item\">Kh\u00f3 c\u00f3 th\u1ec3 \u0111\u1ea3m b\u1ea3o an to\u00e0n 100% cho th\u00f4ng tin khi \u0111\u01b0\u1ee3c truy\u1ec1n l\u00ean internet. M\u1eb7c d\u00f9 ch\u00fang t\u00f4i s\u1ebd c\u1ed1 g\u1eafng h\u1ebft s\u1ee9c \u0111\u1ec3 \u0111\u1ea3m b\u1ea3o an to\u00e0n th\u00f4ng tin c\u00e1 nh\u00e2n c\u1ee7a b\u1ea1n tr\u00ean h\u1ec7 th\u1ed1ng c\u1ee7a ch\u00fang t\u00f4i nh\u01b0ng WWW.ALCHEMY-ASIA.COM c\u00f3 th\u1ec3 kh\u00f4ng th\u1ec3 \u0111\u1ea3m b\u1ea3o ho\u1eb7c cam k\u1ebft v\u1ec1 t\u00ednh an to\u00e0n c\u1ee7a th\u00f4ng tin, v\u00e0 b\u1ea1n ph\u1ea3i t\u1ef1 ch\u1ecbu r\u1ee7i ro.<\/li>\n<li class=\"term__child-item\">(b) Tuy nhi\u00ean, ch\u00fang t\u00f4i c\u00f3 th\u1ec3 ti\u1ebft l\u1ed9 th\u00f4ng tin c\u00e1 nh\u00e2n c\u1ee7a b\u1ea1n trong nh\u1eefng tr\u01b0\u1eddng h\u1ee3p sau:<\/li>\n<li class=\"term__child-item\">(i) Ch\u00fang t\u00f4i c\u00f3 th\u1ec3 \u0111\u1ec3 l\u1ed9 th\u00f4ng tin c\u00e1 nh\u00e2n c\u1ee7a b\u1ea1n cho c\u00e1c nh\u00f3m th\u1ee9 ba n\u1ebfu b\u1ea1n \u0111\u1ed3ng \u00fd. V\u00ed d\u1ee5, Ch\u00fang t\u00f4i c\u00f3 th\u1ec3 d\u00f9ng d\u1eef li\u1ec7u \u0111\u00e3 c\u00f3 v\u1ec1 b\u1ea1n ( nh\u01b0 c\u00e1c m\u1ed1i quan t\u00e2m hay s\u1edf th\u00edch m\u00e0 b\u1ea1n \u0111\u00e3 tr\u00ecnh b\u00e0y) \u0111\u1ec3 x\u00e1c \u0111\u1ecbnh xem li\u1ec7u b\u1ea1n c\u00f3 th\u1ec3 quan t\u00e2m \u0111\u1ebfn c\u00e1c s\u1ea3n ph\u1ea9m hay d\u1ecbch v\u1ee5 c\u1ee7a m\u1ed9t b\u00ean th\u1ee9 ba c\u1ee5 th\u1ec3 n\u00e0o kh\u00f4ng.<\/li>\n<li class=\"term__child-item\">(ii) Ch\u00fang t\u00f4i c\u00f3 th\u1ec3 ti\u1ebft l\u1ed9 th\u00f4ng tin c\u00e1 nh\u00e2n c\u1ee7a b\u1ea1n n\u1ebfu trong nh\u1eefng tr\u01b0\u1eddng h\u1ee3p ph\u00e1p lu\u1eadt quy \u0111\u1ecbnh, hay y\u00eau c\u1ea7u t\u1eeb m\u1ed9t c\u01a1 quan ch\u00ednh ph\u1ee7 ho\u1eb7c n\u1ebfu ch\u00fang t\u00f4i tin r\u1eb1ng h\u00e0nh \u0111\u1ed9ng \u0111\u00f3 l\u00e0 c\u1ea7n thi\u1ebft nh\u1eb1m: (a) tu\u00e2n theo c\u00e1c y\u00eau c\u1ea7u ph\u00e1p l\u00fd ho\u1eb7c chi\u1ebfu theo quy tr\u00ecnh c\u1ee7a lu\u1eadt ph\u00e1p; (b) b\u1ea3o v\u1ec7 c\u00e1c quy\u1ec1n hay t\u00e0i s\u1ea3n c\u1ee7a c\u00e1c c\u00f4ng ty \u0111\u1ed1i t\u00e1c; (c) ng\u0103n ch\u1eb7n t\u1ed9i ph\u1ea1m ho\u1eb7c b\u1ea3o v\u1ec7 an ninh qu\u1ed1c gia; ho\u1eb7c (d) b\u1ea3o v\u1ec7 an to\u00e0n c\u00e1 nh\u00e2n c\u1ee7a nh\u1eefng ng\u01b0\u1eddi s\u1eed d\u1ee5ng hay c\u00f4ng ch\u00fang.<\/li>\n<li class=\"term__child-item\">(iii) Ch\u00fang t\u00f4i c\u00f3 th\u1ec3 ti\u1ebft l\u1ed9 v\u00e0 chuy\u1ec3n th\u00f4ng tin c\u00e1 nh\u00e2n c\u1ee7a b\u1ea1n t\u1edbi m\u1ed9t nh\u00f3m th\u1ee9 ba, \u0111\u1ed1i t\u01b0\u1ee3ng mua l\u1ea1i to\u00e0n b\u1ed9 hay ph\u1ea7n l\u1edbn c\u00e1c t\u00e0i s\u1ea3n c\u1ee7a ch\u00fang t\u00f4i.<\/li>\n<\/ul>\n<\/li>\n<li class=\"term__item\">5. Quy\u1ec1n l\u1ee3i c\u1ee7a b\u1ea1n\n<ul class=\"term__child-list\">\n<li class=\"term__child-item\">(a) Cho khai th\u00e1c s\u1eed d\u1ee5ng th\u00f4ng tin c\u00e1 nh\u00e2n c\u1ee7a b\u1ea1n m\u00e0 tr\u01b0\u1edbc \u0111\u00f3 b\u1ea1n \u0111\u00e3 \u0111\u1ed3ng \u00fd<\/li>\n<li class=\"term__child-item\">(b) B\u1ea1n c\u00f3 th\u1ec3 hi\u1ec7u ch\u1ec9nh ho\u1eb7c x\u00f3a th\u00f4ng tin c\u00e1 nh\u00e2n c\u1ee7a b\u1ea1n b\u1ea5t k\u1ef3 l\u00fac n\u00e0o nh\u1eb1m b\u1ea3o m\u1eadt hay \u0111\u1ea3m b\u1ea3o c\u00e1c th\u00f4ng tin c\u00e1 nh\u00e2n c\u1ee7a b\u1ea1n cung c\u1ea5p cho ch\u00fang t\u00f4i l\u00e0 ch\u00ednh x\u00e1c v\u00e0 c\u1eadp nh\u1eadt<\/li>\n<li class=\"term__child-item\">(c) Ngay khi b\u1ea1n \u0111\u0103ng k\u00fd, b\u1ea1n c\u00f3 t\u00ean truy c\u1eadp v\u00e0 c\u00f3 th\u1ec3 khai th\u00e1c \u0111\u1ea7y \u0111\u1ee7 c\u00e1c s\u1ea3n ph\u1ea9m\/ d\u1ecbch v\u1ee5 c\u1ee7a website WWW.ALCHEMY-ASIA.COM<\/li>\n<\/ul>\n<\/li>\n<li class=\"term__item\">6. C\u00e1c \u0111\u1ecba ch\u1ec9 li\u00ean h\u1ec7\n<ul class=\"term__child-list\">\n<li class=\"term__child-item\">N\u1ebfu b\u1ea1n c\u00f3 \u00fd mu\u1ed1n \u0111\u01b0a ra nh\u1eefng \u00fd ki\u1ebfn c\u00f3 li\u00ean quan \u0111\u1ebfn t\u00ednh b\u1ea3o m\u1eadt d\u1eef li\u1ec7u, ho\u1eb7c th\u1ea3o lu\u1eadn h\u00ecnh th\u1ee9c th\u1ef1c hi\u1ec7n li\u00ean quan \u0111\u1ebfn quy\u1ec1n l\u1ee3i h\u1ee3p ph\u00e1p c\u1ee7a b\u1ea1n, vui l\u00f2ng li\u00ean h\u1ec7 v\u1edbi ch\u00fang t\u00f4i:<\/li>\n<li class=\"term__child-item\">\u0110\u1ecba ch\u1ec9: L\u1ea7u 5, 16-18 Hai B\u00e0 Tr\u01b0ng, Ph\u01b0\u1eddng B\u1ebfn Ngh\u00e9, Qu\u1eadn 1, Th\u00e0nh ph\u1ed1 H\u1ed3 Ch\u00ed Minh, Vi\u1ec7t Nam<br \/>\n\u0110i\u1ec7n tho\u1ea1i: +84 28 38 2121 666<\/li>\n<\/ul>\n<\/li>\n<\/ul>\n","protected":false},"excerpt":{"rendered":"<p>1. Nh\u00e0 qu\u1ea3n tr\u1ecb d\u1eef li\u1ec7u (Data Controller) Nh\u00e0 qu\u1ea3n [&hellip;]<\/p>\n","protected":false},"author":1,"featured_media":0,"parent":0,"menu_order":0,"comment_status":"closed","ping_status":"closed","template":"","meta":{"_acf_changed":false,"footnotes":""},"class_list":["post-1496","page","type-page","status-publish","hentry"],"acf":[],"yoast_head":"<!-- This site is optimized with the Yoast SEO plugin v23.0 - https:\/\/yoast.com\/wordpress\/plugins\/seo\/ -->\n<title>Ch\u00ednh s\u00e1ch b\u1ea3o m\u1eadt - Alchemy Asia<\/title>\n<meta name=\"robots\" content=\"index, follow, max-snippet:-1, max-image-preview:large, max-video-preview:-1\" \/>\n<link rel=\"canonical\" href=\"https:\/\/alchemy-asia.com\/vi\/chinh-sach-bao-mat\/\" \/>\n<meta property=\"og:locale\" content=\"vi_VN\" \/>\n<meta property=\"og:type\" content=\"article\" \/>\n<meta property=\"og:title\" content=\"Ch\u00ednh s\u00e1ch b\u1ea3o m\u1eadt - Alchemy Asia\" \/>\n<meta property=\"og:description\" content=\"1. Nh\u00e0 qu\u1ea3n tr\u1ecb d\u1eef li\u1ec7u (Data Controller) Nh\u00e0 qu\u1ea3n [&hellip;]\" \/>\n<meta property=\"og:url\" content=\"https:\/\/alchemy-asia.com\/vi\/chinh-sach-bao-mat\/\" \/>\n<meta property=\"og:site_name\" content=\"Alchemy Asia\" \/>\n<meta property=\"article:modified_time\" content=\"2017-08-14T05:32:14+00:00\" \/>\n<meta name=\"twitter:card\" content=\"summary_large_image\" \/>\n<meta name=\"twitter:label1\" content=\"\u01af\u1edbc t\u00ednh th\u1eddi gian \u0111\u1ecdc\" \/>\n\t<meta name=\"twitter:data1\" content=\"12 ph\u00fat\" \/>\n<script type=\"application\/ld+json\" class=\"yoast-schema-graph\">{\"@context\":\"https:\/\/schema.org\",\"@graph\":[{\"@type\":\"WebPage\",\"@id\":\"https:\/\/alchemy-asia.com\/vi\/chinh-sach-bao-mat\/\",\"url\":\"https:\/\/alchemy-asia.com\/vi\/chinh-sach-bao-mat\/\",\"name\":\"Ch\u00ednh s\u00e1ch b\u1ea3o m\u1eadt - Alchemy Asia\",\"isPartOf\":{\"@id\":\"https:\/\/alchemy-asia.com\/vi\/#website\"},\"datePublished\":\"2017-08-14T05:23:54+00:00\",\"dateModified\":\"2017-08-14T05:32:14+00:00\",\"breadcrumb\":{\"@id\":\"https:\/\/alchemy-asia.com\/vi\/chinh-sach-bao-mat\/#breadcrumb\"},\"inLanguage\":\"vi\",\"potentialAction\":[{\"@type\":\"ReadAction\",\"target\":[\"https:\/\/alchemy-asia.com\/vi\/chinh-sach-bao-mat\/\"]}]},{\"@type\":\"BreadcrumbList\",\"@id\":\"https:\/\/alchemy-asia.com\/vi\/chinh-sach-bao-mat\/#breadcrumb\",\"itemListElement\":[{\"@type\":\"ListItem\",\"position\":1,\"name\":\"Home\",\"item\":\"https:\/\/alchemy-asia.com\/vi\/\"},{\"@type\":\"ListItem\",\"position\":2,\"name\":\"Ch\u00ednh s\u00e1ch b\u1ea3o m\u1eadt\"}]},{\"@type\":\"WebSite\",\"@id\":\"https:\/\/alchemy-asia.com\/vi\/#website\",\"url\":\"https:\/\/alchemy-asia.com\/vi\/\",\"name\":\"Alchemy Asia\",\"description\":\"Just another Alchemy Asia Sites site\",\"potentialAction\":[{\"@type\":\"SearchAction\",\"target\":{\"@type\":\"EntryPoint\",\"urlTemplate\":\"https:\/\/alchemy-asia.com\/vi\/?s={search_term_string}\"},\"query-input\":\"required name=search_term_string\"}],\"inLanguage\":\"vi\"}]}<\/script>\n<!-- \/ Yoast SEO plugin. -->","yoast_head_json":{"title":"Ch\u00ednh s\u00e1ch b\u1ea3o m\u1eadt - Alchemy Asia","robots":{"index":"index","follow":"follow","max-snippet":"max-snippet:-1","max-image-preview":"max-image-preview:large","max-video-preview":"max-video-preview:-1"},"canonical":"https:\/\/alchemy-asia.com\/vi\/chinh-sach-bao-mat\/","og_locale":"vi_VN","og_type":"article","og_title":"Ch\u00ednh s\u00e1ch b\u1ea3o m\u1eadt - Alchemy Asia","og_description":"1. Nh\u00e0 qu\u1ea3n tr\u1ecb d\u1eef li\u1ec7u (Data Controller) Nh\u00e0 qu\u1ea3n [&hellip;]","og_url":"https:\/\/alchemy-asia.com\/vi\/chinh-sach-bao-mat\/","og_site_name":"Alchemy Asia","article_modified_time":"2017-08-14T05:32:14+00:00","twitter_card":"summary_large_image","twitter_misc":{"\u01af\u1edbc t\u00ednh th\u1eddi gian \u0111\u1ecdc":"12 ph\u00fat"},"schema":{"@context":"https:\/\/schema.org","@graph":[{"@type":"WebPage","@id":"https:\/\/alchemy-asia.com\/vi\/chinh-sach-bao-mat\/","url":"https:\/\/alchemy-asia.com\/vi\/chinh-sach-bao-mat\/","name":"Ch\u00ednh s\u00e1ch b\u1ea3o m\u1eadt - Alchemy Asia","isPartOf":{"@id":"https:\/\/alchemy-asia.com\/vi\/#website"},"datePublished":"2017-08-14T05:23:54+00:00","dateModified":"2017-08-14T05:32:14+00:00","breadcrumb":{"@id":"https:\/\/alchemy-asia.com\/vi\/chinh-sach-bao-mat\/#breadcrumb"},"inLanguage":"vi","potentialAction":[{"@type":"ReadAction","target":["https:\/\/alchemy-asia.com\/vi\/chinh-sach-bao-mat\/"]}]},{"@type":"BreadcrumbList","@id":"https:\/\/alchemy-asia.com\/vi\/chinh-sach-bao-mat\/#breadcrumb","itemListElement":[{"@type":"ListItem","position":1,"name":"Home","item":"https:\/\/alchemy-asia.com\/vi\/"},{"@type":"ListItem","position":2,"name":"Ch\u00ednh s\u00e1ch b\u1ea3o m\u1eadt"}]},{"@type":"WebSite","@id":"https:\/\/alchemy-asia.com\/vi\/#website","url":"https:\/\/alchemy-asia.com\/vi\/","name":"Alchemy Asia","description":"Just another Alchemy Asia Sites site","potentialAction":[{"@type":"SearchAction","target":{"@type":"EntryPoint","urlTemplate":"https:\/\/alchemy-asia.com\/vi\/?s={search_term_string}"},"query-input":"required name=search_term_string"}],"inLanguage":"vi"}]}},"_links":{"self":[{"href":"https:\/\/alchemy-asia.com\/vi\/wp-json\/wp\/v2\/pages\/1496","targetHints":{"allow":["GET"]}}],"collection":[{"href":"https:\/\/alchemy-asia.com\/vi\/wp-json\/wp\/v2\/pages"}],"about":[{"href":"https:\/\/alchemy-asia.com\/vi\/wp-json\/wp\/v2\/types\/page"}],"author":[{"embeddable":true,"href":"https:\/\/alchemy-asia.com\/vi\/wp-json\/wp\/v2\/users\/1"}],"replies":[{"embeddable":true,"href":"https:\/\/alchemy-asia.com\/vi\/wp-json\/wp\/v2\/comments?post=1496"}],"version-history":[{"count":4,"href":"https:\/\/alchemy-asia.com\/vi\/wp-json\/wp\/v2\/pages\/1496\/revisions"}],"predecessor-version":[{"id":1500,"href":"https:\/\/alchemy-asia.com\/vi\/wp-json\/wp\/v2\/pages\/1496\/revisions\/1500"}],"wp:attachment":[{"href":"https:\/\/alchemy-asia.com\/vi\/wp-json\/wp\/v2\/media?parent=1496"}],"curies":[{"name":"wp","href":"https:\/\/api.w.org\/{rel}","templated":true}]}}