{"id":1501,"date":"2017-08-14T05:42:04","date_gmt":"2017-08-14T05:42:04","guid":{"rendered":"http:\/\/alchemy-asia.com\/vi\/?page_id=1501"},"modified":"2017-08-14T05:45:40","modified_gmt":"2017-08-14T05:45:40","slug":"dieu-khoan-su-dung","status":"publish","type":"page","link":"https:\/\/alchemy-asia.com\/vi\/dieu-khoan-su-dung\/","title":{"rendered":"\u0110i\u1ec1u kho\u1ea3n s\u1eed d\u1ee5ng"},"content":{"rendered":"<ul class=\"term__list\">\n<li class=\"term__item\">Xin ch\u00e0o b\u1ea1n \u0111\u1ebfn v\u1edbi wwww.alchemy-asia.com c\u1ee7a Alchemy Wines &amp; Spirits Asia (\u201cch\u00fang t\u00f4i\u201d) ! Ch\u00fang t\u00f4i c\u00f3 th\u1ec3 c\u1eadp nh\u1eadt c\u00e1c \u0111i\u1ec1u kho\u1ea3n th\u1ecfa thu\u1eadn v\u1ec1 s\u1eed d\u1ee5ng Trang Web m\u00e0 kh\u00f4ng c\u1ea7n th\u00f4ng b\u00e1o cho b\u1ea1n. \u0110i\u1ec1u \u0111\u00f3 \u0111\u1ed3ng ngh\u0129a vi\u1ec7c b\u1ea1n s\u1eed d\u1ee5ng trang web n\u00e0y l\u00e0 b\u1ea1n \u0111\u1ed3ng \u00fd v\u1edbi c\u00e1c \u0111i\u1ec1u kho\u1ea3n sau \u0111\u00e2y.<\/li>\n<ul class=\"term__child-list\">\n<li class=\"term__child-item\">&nbsp;<\/li>\n<\/ul>\n<\/li>\n<li class=\"term__item\">1. Tr\u00e1ch nhi\u1ec7m c\u1ee7a ng\u01b0\u1eddi s\u1eed d\u1ee5ng:\n<ul class=\"term__child-list\">\n<li class=\"term__child-item\">Khi truy c\u1eadp v\u00e0o trang web b\u1ea1n ph\u1ea3i cam k\u1ebft r\u1eb1ng m\u00ecnh c\u00f3 \u0111\u1ee7 tu\u1ed5i lu\u1eadt \u0111\u1ecbnh v\u00e0 kh\u00f4ng ph\u1ea3i l\u00e0 ng\u01b0\u1eddi b\u1ecb h\u1ea1n ch\u1ebf nh\u1eadn c\u00e1c d\u1ecbch v\u1ee5 theo ph\u00e1p lu\u1eadt \u0111\u1ec3 x\u00e1c l\u1eadp m\u1ed9t h\u1ee3p \u0111\u1ed3ng c\u00f3 t\u00ednh r\u00e0ng bu\u1ed9c n\u00e0y.<\/li>\n<li class=\"term__child-item\">B\u1ea1n hi\u1ec3u v\u00e0 \u0111\u1ed3ng \u00fd ch\u1ea5p nh\u1eadn c\u00e1c chi ph\u00ed cho vi\u1ec7c ti\u1ebfp c\u1eadn trang web, vi\u1ec7c ti\u1ebfp c\u1eadn n\u00e0y li\u00ean quan \u0111\u1ebfn vi\u1ec7c tr\u1ea3 ph\u00ed c\u1ee7a b\u00ean th\u1ee9 ba (nh\u01b0 ph\u00ed cho nh\u00e0 cung c\u1ea5p d\u1ecbch v\u1ee5 internet ho\u1eb7c ph\u00ed \u0111\u01b0\u1eddng truy\u1ec1n, ph\u00ed ph\u00e1p l\u00fd, ph\u00ed t\u01b0 v\u1ea5n ho\u1eb7c c\u00e1c kho\u1ea3n chi ph\u00ed kh\u00e1c) c\u00f3 th\u1ec3 ph\u00e1t sinh tr\u1ef1c ti\u1ebfp ho\u1eb7c gi\u00e1n ti\u1ebfp.<\/li>\n<li class=\"term__child-item\">B\u1ea1n c\u0169ng hi\u1ec3u v\u00e0 t\u1ef1 ch\u1ecbu tr\u00e1ch nhi\u1ec7m ho\u00e0n to\u00e0n \u0111\u1ed1i v\u1edbi c\u00e1c r\u1ee7i ro c\u00f3 th\u1ec3 x\u00e3y ra cho vi\u1ec7c b\u1ea1n truy c\u1eadp trang web, nh\u1eefng r\u1ee7i ro n\u00e0y li\u00ean quan \u0111\u1ebfn nh\u1eefng thi\u1ec7t h\u1ea1i cho m\u00e1y t\u00ednh c\u1ee7a b\u1ea1n, ho\u1eb7c thi\u1ebft b\u1ecb kh\u00e1c ho\u1eb7c vi\u1ec7c m\u1ea5t c\u00e1c d\u1eef li\u1ec7u do vi\u1ec7c t\u1ea3i xu\u1ed1ng c\u00e1c t\u00e0i li\u1ec7u b\u1ecb virus; h\u00e0nh \u0111\u1ed9ng ph\u00e1 ho\u1ea1i tr\u1ef1c ti\u1ebfp hay gi\u00e1n ti\u1ebfp c\u1ee7a h\u1ec7 th\u1ed1ng m\u00e1y t\u00ednh kh\u00e1c, \u0111\u01b0\u1eddng d\u00e2y \u0111i\u1ec7n tho\u1ea1i, ph\u1ea7n m\u1ec1m, l\u1ed7i ch\u01b0\u01a1ng tr\u00ecnh ho\u1eb7c b\u1ea5t k\u00ec c\u00e1c l\u1ed7i n\u00e0o kh\u00e1c\u2026<\/li>\n<li class=\"term__child-item\">B\u1ea1n hi\u1ec3u v\u00e0 \u0111\u1ed3ng \u00fd r\u1eb1ng D\u1ecbch V\u1ee5 c\u00f3 th\u1ec3 bao g\u1ed3m c\u00e1c th\u00f4ng tin qu\u1ea3ng c\u00e1o, th\u00f4ng tin li\u00ean l\u1ea1c c\u1ee7a URL m\u00e0 c\u00e1c th\u00f4ng tin n\u00e0y l\u00e0 m\u1ed9t ph\u1ea7n trong vi\u1ec7c tham gia trang web c\u1ee7a ch\u00fang t\u00f4i v\u00e0 b\u1ea1n s\u1ebd kh\u00f4ng th\u1ec3 t\u1eeb ch\u1ed1i nh\u1eadn c\u00e1c th\u00f4ng tin n\u00e0y.<\/li>\n<\/ul>\n<\/li>\n<li class=\"term__item\">2. N\u1ed9i dung trang web:\n<ul class=\"term__child-list\">\n<li class=\"term__child-item\">Ch\u00fang t\u00f4i l\u1ef1a ch\u1ecdn k\u1ef9 l\u01b0\u1ee1ng th\u00f4ng tin t\u1eeb c\u00e1c ngu\u1ed3n tin c\u1eady \u0111\u1ec3 cung c\u1ea5p cho b\u1ea1n \u0111\u00fang nh\u01b0 b\u1ea3n th\u00e2n s\u1ef1 vi\u1ec7c nh\u01b0ng ch\u00fang t\u00f4i kh\u00f4ng \u0111\u1ea3m b\u1ea3o t\u00ednh m\u1edbi nh\u1ea5t, ch\u00ednh x\u00e1c v\u00e0 \u0111\u1ea7y \u0111\u1ee7 ho\u00e0n to\u00e0n m\u1eb7c d\u00f9 ch\u00fang t\u00f4i c\u1ed1 g\u1eafng c\u1eadp nh\u1eadt th\u01b0\u1eddng xuy\u00ean c\u00e1c n\u1ed9i dung t\u1ea1i trang web.<\/li>\n<\/ul>\n<\/li>\n<li class=\"term__item\">3. Quy\u1ec1n s\u1edf h\u1eefu:\n<ul class=\"term__child-list\">\n<li class=\"term__child-item\">Ch\u00fang t\u00f4i l\u00e0 ch\u1ee7 s\u1edf h\u1eefu c\u1ee7a trang web n\u00e0y. B\u1ea5t c\u1ee9 ph\u1ea7n m\u1ec1m \u0111\u01b0\u1ee3c s\u1eed d\u1ee5ng v\u00e0 th\u00f4ng tin gi\u1edbi thi\u1ec7u cho b\u1ea1n qua trang web \u0111\u1ec1u \u0111\u01b0\u1ee3c b\u1ea3o v\u1ec7 b\u1edfi lu\u1eadt b\u1ea3n quy\u1ec1n v\u00e0 s\u1edf h\u1eefu tr\u00ed tu\u1ec7 hi\u1ec7n h\u00e0nh.<\/li>\n<li class=\"term__child-item\">Ch\u00fang t\u00f4i c\u00f3 th\u1ea9m quy\u1ec1n ch\u1ec9nh s\u1eeda trang web, c\u1eadp nh\u1eadt, thay \u0111\u1ed5i, x\u00f3a b\u1ecf ho\u1eb7c ch\u1ea5m d\u1ee9t ngay b\u1ea5t k\u1ef3 n\u1ed9i dung n\u00e0o m\u00e0 kh\u00f4ng c\u1ea7n th\u00f4ng b\u00e1o cho ng\u01b0\u1eddi s\u1eed d\u1ee5ng.<\/li>\n<li class=\"term__child-item\">Vi\u1ec7c s\u1eeda \u0111\u1ed5i, \u0111i\u1ec1u ch\u1ec9nh, sao ch\u00e9p, thi\u1ebft k\u1ebf l\u1ea1i, \u0111\u1ed1i chi\u1ebfu, l\u1eafp r\u00e1p ho\u1eb7c t\u00ecm c\u00e1ch ph\u00e1t hi\u1ec7n c\u00e1c m\u00e3 ngu\u1ed3n, ph\u00e1 ho\u1ea1i, cho ph\u00e9p ng\u01b0\u1eddi kh\u00e1c c\u00f3 quy\u1ec1n l\u1ee3i b\u1ea3o m\u1eadt ho\u1eb7c b\u1ea5t k\u1ef3 m\u1ee5c \u0111\u00edch, h\u00ecnh th\u1ee9c n\u00e0o m\u00e0 ch\u00fang t\u00f4i cho r\u1eb1ng kh\u00f4ng th\u00edch h\u1ee3p \u0111\u1ec1u l\u00e0 vi ph\u1ea1m quy\u1ec1n s\u1edf h\u1eefu h\u1ee3p ph\u00e1p c\u1ee7a ch\u00fang t\u00f4i. T\u00f9y theo t\u1eebng tr\u01b0\u1eddng h\u1ee3p c\u1ee5 th\u1ec3 ch\u00fang t\u00f4i s\u1ebd l\u1eadp t\u1ee9c ch\u1ea5m d\u1ee9t m\u00e0 kh\u00f4ng c\u1ea7n th\u00f4ng b\u00e1o tr\u01b0\u1edbc vi\u1ec7c s\u1eed d\u1ee5ng t\u00e0i kho\u1ea3n URL, b\u1ea5t k\u1ef3 \u0111\u1ecba ch\u1ec9 email li\u00ean k\u1ebft v\u00e0 truy c\u1eadp trang web.<\/li>\n<\/ul>\n<\/li>\n<li class=\"term__item\">4. S\u1eed d\u1ee5ng n\u1ed9i dung \u0111\u01b0a l\u00ean ho\u1eb7c ph\u00e1t tr\u00ean trang web:\n<ul class=\"term__child-list\">\n<li class=\"term__child-item\">Vi\u1ec7c b\u1ea1n g\u1eedi cho ch\u00fang t\u00f4i b\u1ea5t k\u1ef3 th\u00f4ng tin c\u00f3 ch\u1ee9a \u0111\u1ef1ng nh\u1eefng \u00fd t\u01b0\u1edfng, minh h\u1ecda, s\u00e1ng ch\u1ebf, tri\u1ec3n khai, \u0111\u1ec1 xu\u1ea5t \u0111\u1ed3ng ngh\u0129a v\u1edbi vi\u1ec7c b\u1ea1n \u0111\u1ed3ng \u00fd v\u1edbi nh\u1eefng \u0111i\u1ec1u sau \u0111\u00e2y:<\/li>\n<li class=\"term__child-item\">I. Ch\u00fang t\u00f4i kh\u00f4ng bu\u1ed9c ph\u1ea3i xem nh\u1eefng th\u00f4ng tin n\u00e0y l\u00e0 th\u00f4ng tin m\u1eadt v\u00e0 kh\u00f4ng c\u00f3 tr\u00e1ch nhi\u1ec7m l\u01b0u tr\u1eef ch\u00fang.<\/li>\n<li class=\"term__child-item\">II. Ch\u00fang t\u00f4i kh\u00f4ng c\u00f3 tr\u00e1ch nhi\u1ec7m nghi\u00ean c\u1ee9u, \u0111\u00e1nh gi\u00e1 hay \u00e1p d\u1ee5ng th\u00f4ng tin n\u00e0y. iii. Cho d\u00f9 ch\u00fang t\u00f4i v\u00f4 t\u00ecnh \u00e1p d\u1ee5ng m\u1ed9t \u00fd t\u01b0\u1edfng g\u1ea7n gi\u1ed1ng hay t\u01b0\u01a1ng t\u1ef1 m\u1ed9t ph\u1ea7n hay to\u00e0n b\u1ed9, v\u1edbi \u00fd t\u01b0\u1edfng c\u1ee7a b\u1ea1n, ch\u00fang t\u00f4i kh\u00f4ng c\u00f3 tr\u00e1ch nhi\u1ec7m ph\u1ea3i b\u1ed3i th\u01b0\u1eddng b\u1ea5t k\u1ef3 thi\u1ec7t h\u1ea1i n\u00e0o cho nh\u1eefng s\u1ef1 vi\u1ec7c nh\u01b0 v\u1eady.<\/li>\n<li class=\"term__child-item\">Ch\u00fang t\u00f4i c\u0169ng c\u00f3 th\u1ec3 d\u00f9ng th\u00f4ng tin c\u00e1 nh\u00e2n thu th\u1eadp \u0111\u01b0\u1ee3c t\u1eeb b\u1ea1n \u0111\u1ec3 th\u00f4ng b\u00e1o cho b\u1ea1n v\u1ec1 nh\u1eefng s\u1ea3n ph\u1ea9m v\u00e0 d\u1ecbch v\u1ee5, ch\u01b0\u01a1ng tr\u00ecnh khuy\u1ebfn m\u00e3i hay c\u00e1c c\u00f4ng ty \u0111\u1ed1i t\u00e1c cung c\u1ea5p, ho\u1eb7c \u0111\u1ec3 xin \u00fd ki\u1ebfn c\u1ee7a b\u1ea1n v\u1ec1 c\u00e1c s\u1ea3n ph\u1ea9m v\u00e0 d\u1ecbch v\u1ee5 hi\u1ec7n t\u1ea1i hay nh\u1eefng s\u1ea3n ph\u1ea9m v\u00e0 d\u1ecbch v\u1ee5 ti\u1ec1m n\u0103ng m\u1edbi.<\/li>\n<li class=\"term__child-item\">Ch\u00fang t\u00f4i c\u00f3 m\u1ed9t khu v\u1ef1c \u0111\u1ec3 b\u1ea1n c\u00f3 th\u1ec3 li\u00ean l\u1ea1c v\u1edbi ch\u00fang t\u00f4i. B\u1ea5t k\u1ef3 ph\u1ea3n h\u1ed3i n\u00e0o b\u1ea1n g\u1eedi \u0111\u1ebfn trang web s\u1ebd tr\u1edf th\u00e0nh t\u00e0i s\u1ea3n c\u1ee7a ch\u00fang t\u00f4i v\u00e0 ch\u00fang t\u00f4i c\u00f3 th\u1ec3 d\u00f9ng ph\u1ea3n h\u1ed3i \u0111\u00f3 (ch\u1eb3ng h\u1ea1n c\u00e1c c\u00e2u chuy\u1ec7n th\u00e0nh c\u00f4ng) cho c\u00e1c m\u1ee5c \u0111\u00edch ti\u1ebfp th\u1ecb, ho\u1eb7c li\u00ean h\u1ec7 v\u1edbi b\u1ea1n \u0111\u1ec3 c\u00f3 th\u00eam th\u00f4ng tin.<\/li>\n<li class=\"term__child-item\">Ch\u00fang t\u00f4i c\u1ed1 g\u1eafng h\u1ebft s\u1ee9c b\u1ea3o v\u1ec7 th\u00f4ng tin c\u00e1 nh\u00e2n c\u1ee7a b\u1ea1n bao g\u1ed3m vi\u1ec7c kh\u00f4ng ti\u1ebft l\u1ed9 ho\u1eb7c g\u1eedi cho b\u1ea5t k\u1ef3 b\u00ean th\u1ee9 ba n\u00e0o. Kh\u00f4ng c\u00f3 d\u1eef li\u1ec7u n\u00e0o truy\u1ec1n tr\u00ean internet \u0111\u01b0\u1ee3c b\u1ea3o m\u1eadt an to\u00e0n 100% n\u00ean b\u1ea1n t\u1ef1 ch\u1ecbu r\u1ee7i ro n\u00e0y.<\/li>\n<\/ul>\n<\/li>\n<li class=\"term__item\">5. Vi\u1ec7c t\u1ea3i d\u1eef li\u1ec7u:\n<ul class=\"term__child-list\">\n<li class=\"term__child-item\">B\u1ea1n ch\u1ec9 c\u00f3 quy\u1ec1n s\u1eed d\u1ee5ng (cho c\u00f4ng t\u00e1c nghi\u00ean c\u1ee9u, h\u1ecdc t\u1eadp ho\u1eb7c gi\u1ea3ng d\u1ea1y) ch\u1ee9 kh\u00f4ng c\u00f3 quy\u1ec1n s\u1edf h\u1eefu nh\u1eefng ph\u1ea7n m\u1ec1m v\u00e0 d\u1eef li\u1ec7u \u0111\u00e3 t\u1ea3i t\u1eeb trang web c\u1ee7a ch\u00fang t\u00f4i c\u0169ng nh\u01b0 kh\u00f4ng \u0111\u01b0\u1ee3c ph\u00e9p b\u00e1n, ph\u00e2n ph\u1ed1i l\u1ea1i hay b\u1ebb kh\u00f3a ph\u1ea7n m\u1ec1m.Trong tr\u01b0\u1eddng h\u1ee3p n\u00e0y b\u1ea1n ph\u1ea3i vi\u1ec7n d\u1eabn ngu\u1ed3n t\u1eeb \u0111\u00e2u. Trong tr\u01b0\u1eddng h\u1ee3p b\u1ea1n mu\u1ed1n s\u1eed d\u1ee5ng v\u00ec m\u1ee5c \u0111\u00edch th\u01b0\u01a1ng m\u1ea1i th\u00ec ph\u1ea3i \u0111\u01b0\u1ee3c s\u1ef1 cho ph\u00e9p b\u1eb1ng v\u0103n b\u1ea3n c\u1ee7a ch\u00fang t\u00f4i.<\/li>\n<\/ul>\n<\/li>\n<li class=\"term__item\">6. H\u1ea1n ch\u1ebf \u0111\u01b0a th\u00f4ng tin l\u00ean trang web:\n<ul class=\"term__child-list\">\n<li class=\"term__child-item\">Ch\u00fang t\u00f4i li\u00ean t\u1ee5c ki\u1ec3m so\u00e1t v\u00e0 lo\u1ea1i b\u1ecf ngay l\u1eadp t\u1ee9c c\u00e1c th\u00f4ng tin c\u00f3 t\u00ednh:<\/li>\n<li class=\"term__child-item\">I. Ch\u1ed1ng ph\u00e1 nh\u00e0 n\u01b0\u1edbc CHXHCN Vi\u1ec7t Nam; ph\u1ea1m ph\u00e1p h\u00ecnh s\u1ef1.<\/li>\n<li class=\"term__child-item\">II. X\u00e2m ph\u1ea1m quy\u1ec1n t\u1ef1 do c\u00e1 nh\u00e2n c\u1ee7a ng\u01b0\u1eddi kh\u00e1c; v\u00e0\/ho\u1eb7c l\u00e0m nh\u1ee5c, ph\u1ec9 b\u00e1ng, b\u00f4i nh\u1ecd ng\u01b0\u1eddi kh\u00e1c; v\u00e0\/ho\u1eb7c g\u00e2y ph\u01b0\u01a1ng h\u1ea1i hay g\u00e2y b\u1ea5t l\u1ee3i cho ng\u01b0\u1eddi kh\u00e1c.<\/li>\n<li class=\"term__child-item\">III. Truy\u1ec1n b\u00e1 v\u00e0 ph\u00e2n ph\u1ed1i th\u00f4ng tin c\u00e1 nh\u00e2n c\u1ee7a b\u00ean th\u1ee9 ba m\u00e0 kh\u00f4ng \u0111\u01b0\u1ee3c s\u1ef1 ch\u1ea5p thu\u1eadn c\u1ee7a h\u1ecd.<\/li>\n<li class=\"term__child-item\">IV. Truy\u1ec1n \u0111i nh\u1eefng t\u1eadp tin m\u00e1y t\u00ednh b\u1ecb nhi\u1ec5m virus g\u00e2y h\u01b0 h\u1ea1i ho\u1ea1t \u0111\u1ed9ng c\u1ee7a c\u00e1c m\u00e1y t\u00ednh kh\u00e1c.<\/li>\n<li class=\"term__child-item\">V. S\u1eed d\u1ee5ng c\u00e1c lo\u1ea1i robot, nh\u1ec7n m\u00e1y (spiders) v\u00e0\/ho\u1eb7c b\u1ea5t k\u1ef3 thi\u1ebft b\u1ecb t\u1ef1 \u0111\u1ed9ng n\u00e0o, v\u00e0\/ho\u1eb7c t\u1ef1 tay theo d\u00f5i v\u00e0 thu th\u1eadp t\u00e0i li\u1ec7u c\u1ee7a website cho b\u1ea5t k\u1ef3 m\u1ee5c \u0111\u00edch t\u00e1i s\u1eed d\u1ee5ng m\u00e0 kh\u00f4ng \u0111\u01b0\u1ee3c s\u1ef1 cho ph\u00e9p tr\u01b0\u1edbc b\u1eb1ng v\u0103n b\u1ea3n c\u1ee7a ch\u00fang t\u00f4i.<\/li>\n<li class=\"term__child-item\">VI. S\u1eed d\u1ee5ng b\u1ea5t k\u1ef3 thi\u1ebft b\u1ecb, ph\u1ea7n m\u1ec1m v\u00e0\/ho\u1eb7c ti\u1ebfn tr\u00ecnh n\u00e0o nh\u1eb1m x\u00e2m ph\u1ea1m ho\u1eb7c c\u1ed1 \u00fd x\u00e2m ph\u1ea1m \u0111\u1ebfn ho\u1ea1t \u0111\u1ed9ng c\u1ee7a website Alchemy Wines &amp; Spirits Asia v\u00e0\/ho\u1eb7c t\u1edbi m\u1ed9t s\u1ea3n ph\u1ea9m v\u00e0\/ho\u1eb7c th\u00f4ng tin \u0111\u1eb7c bi\u1ec7t n\u00e0o c\u1ee7a b\u00ean th\u1ee9 ba tr\u00ean trang web n\u00e0y.<\/li>\n<\/ul>\n<\/li>\n<li class=\"term__item\">8. Lu\u1eadt \u00e1p d\u1ee5ng\n<ul class=\"term__child-list\">\n<li class=\"term__child-item\">Trang web n\u00e0y \u0111\u01b0\u1ee3c s\u1ef1 \u0111i\u1ec1u ch\u1ec9nh c\u1ee7a ph\u00e1p lu\u1eadt n\u01b0\u1edbc CHXHCN Vi\u1ec7t Nam.<\/li>\n<\/ul>\n<\/li>\n<\/ul>\n","protected":false},"excerpt":{"rendered":"<p>Xin ch\u00e0o b\u1ea1n \u0111\u1ebfn v\u1edbi wwww.alchemy-asia.com c\u1ee7a Alchemy Wines &amp; [&hellip;]<\/p>\n","protected":false},"author":1,"featured_media":0,"parent":0,"menu_order":0,"comment_status":"closed","ping_status":"closed","template":"","meta":{"_acf_changed":false,"footnotes":""},"class_list":["post-1501","page","type-page","status-publish","hentry"],"acf":[],"yoast_head":"<!-- This site is optimized with the Yoast SEO plugin v23.0 - https:\/\/yoast.com\/wordpress\/plugins\/seo\/ -->\n<title>\u0110i\u1ec1u kho\u1ea3n s\u1eed d\u1ee5ng - Alchemy Asia<\/title>\n<meta name=\"robots\" content=\"index, follow, max-snippet:-1, max-image-preview:large, max-video-preview:-1\" \/>\n<link rel=\"canonical\" href=\"https:\/\/alchemy-asia.com\/vi\/dieu-khoan-su-dung\/\" \/>\n<meta property=\"og:locale\" content=\"vi_VN\" \/>\n<meta property=\"og:type\" content=\"article\" \/>\n<meta property=\"og:title\" content=\"\u0110i\u1ec1u kho\u1ea3n s\u1eed d\u1ee5ng - Alchemy Asia\" \/>\n<meta property=\"og:description\" content=\"Xin ch\u00e0o b\u1ea1n \u0111\u1ebfn v\u1edbi wwww.alchemy-asia.com c\u1ee7a Alchemy Wines &amp; [&hellip;]\" \/>\n<meta property=\"og:url\" content=\"https:\/\/alchemy-asia.com\/vi\/dieu-khoan-su-dung\/\" \/>\n<meta property=\"og:site_name\" content=\"Alchemy Asia\" \/>\n<meta property=\"article:modified_time\" content=\"2017-08-14T05:45:40+00:00\" \/>\n<meta name=\"twitter:card\" content=\"summary_large_image\" \/>\n<meta name=\"twitter:label1\" content=\"\u01af\u1edbc t\u00ednh th\u1eddi gian \u0111\u1ecdc\" \/>\n\t<meta name=\"twitter:data1\" content=\"10 ph\u00fat\" \/>\n<script type=\"application\/ld+json\" class=\"yoast-schema-graph\">{\"@context\":\"https:\/\/schema.org\",\"@graph\":[{\"@type\":\"WebPage\",\"@id\":\"https:\/\/alchemy-asia.com\/vi\/dieu-khoan-su-dung\/\",\"url\":\"https:\/\/alchemy-asia.com\/vi\/dieu-khoan-su-dung\/\",\"name\":\"\u0110i\u1ec1u kho\u1ea3n s\u1eed d\u1ee5ng - Alchemy Asia\",\"isPartOf\":{\"@id\":\"https:\/\/alchemy-asia.com\/vi\/#website\"},\"datePublished\":\"2017-08-14T05:42:04+00:00\",\"dateModified\":\"2017-08-14T05:45:40+00:00\",\"breadcrumb\":{\"@id\":\"https:\/\/alchemy-asia.com\/vi\/dieu-khoan-su-dung\/#breadcrumb\"},\"inLanguage\":\"vi\",\"potentialAction\":[{\"@type\":\"ReadAction\",\"target\":[\"https:\/\/alchemy-asia.com\/vi\/dieu-khoan-su-dung\/\"]}]},{\"@type\":\"BreadcrumbList\",\"@id\":\"https:\/\/alchemy-asia.com\/vi\/dieu-khoan-su-dung\/#breadcrumb\",\"itemListElement\":[{\"@type\":\"ListItem\",\"position\":1,\"name\":\"Home\",\"item\":\"https:\/\/alchemy-asia.com\/vi\/\"},{\"@type\":\"ListItem\",\"position\":2,\"name\":\"\u0110i\u1ec1u kho\u1ea3n s\u1eed d\u1ee5ng\"}]},{\"@type\":\"WebSite\",\"@id\":\"https:\/\/alchemy-asia.com\/vi\/#website\",\"url\":\"https:\/\/alchemy-asia.com\/vi\/\",\"name\":\"Alchemy Asia\",\"description\":\"Just another Alchemy Asia Sites site\",\"potentialAction\":[{\"@type\":\"SearchAction\",\"target\":{\"@type\":\"EntryPoint\",\"urlTemplate\":\"https:\/\/alchemy-asia.com\/vi\/?s={search_term_string}\"},\"query-input\":\"required name=search_term_string\"}],\"inLanguage\":\"vi\"}]}<\/script>\n<!-- \/ Yoast SEO plugin. -->","yoast_head_json":{"title":"\u0110i\u1ec1u kho\u1ea3n s\u1eed d\u1ee5ng - Alchemy Asia","robots":{"index":"index","follow":"follow","max-snippet":"max-snippet:-1","max-image-preview":"max-image-preview:large","max-video-preview":"max-video-preview:-1"},"canonical":"https:\/\/alchemy-asia.com\/vi\/dieu-khoan-su-dung\/","og_locale":"vi_VN","og_type":"article","og_title":"\u0110i\u1ec1u kho\u1ea3n s\u1eed d\u1ee5ng - Alchemy Asia","og_description":"Xin ch\u00e0o b\u1ea1n \u0111\u1ebfn v\u1edbi wwww.alchemy-asia.com c\u1ee7a Alchemy Wines &amp; [&hellip;]","og_url":"https:\/\/alchemy-asia.com\/vi\/dieu-khoan-su-dung\/","og_site_name":"Alchemy Asia","article_modified_time":"2017-08-14T05:45:40+00:00","twitter_card":"summary_large_image","twitter_misc":{"\u01af\u1edbc t\u00ednh th\u1eddi gian \u0111\u1ecdc":"10 ph\u00fat"},"schema":{"@context":"https:\/\/schema.org","@graph":[{"@type":"WebPage","@id":"https:\/\/alchemy-asia.com\/vi\/dieu-khoan-su-dung\/","url":"https:\/\/alchemy-asia.com\/vi\/dieu-khoan-su-dung\/","name":"\u0110i\u1ec1u kho\u1ea3n s\u1eed d\u1ee5ng - Alchemy Asia","isPartOf":{"@id":"https:\/\/alchemy-asia.com\/vi\/#website"},"datePublished":"2017-08-14T05:42:04+00:00","dateModified":"2017-08-14T05:45:40+00:00","breadcrumb":{"@id":"https:\/\/alchemy-asia.com\/vi\/dieu-khoan-su-dung\/#breadcrumb"},"inLanguage":"vi","potentialAction":[{"@type":"ReadAction","target":["https:\/\/alchemy-asia.com\/vi\/dieu-khoan-su-dung\/"]}]},{"@type":"BreadcrumbList","@id":"https:\/\/alchemy-asia.com\/vi\/dieu-khoan-su-dung\/#breadcrumb","itemListElement":[{"@type":"ListItem","position":1,"name":"Home","item":"https:\/\/alchemy-asia.com\/vi\/"},{"@type":"ListItem","position":2,"name":"\u0110i\u1ec1u kho\u1ea3n s\u1eed d\u1ee5ng"}]},{"@type":"WebSite","@id":"https:\/\/alchemy-asia.com\/vi\/#website","url":"https:\/\/alchemy-asia.com\/vi\/","name":"Alchemy Asia","description":"Just another Alchemy Asia Sites site","potentialAction":[{"@type":"SearchAction","target":{"@type":"EntryPoint","urlTemplate":"https:\/\/alchemy-asia.com\/vi\/?s={search_term_string}"},"query-input":"required name=search_term_string"}],"inLanguage":"vi"}]}},"_links":{"self":[{"href":"https:\/\/alchemy-asia.com\/vi\/wp-json\/wp\/v2\/pages\/1501","targetHints":{"allow":["GET"]}}],"collection":[{"href":"https:\/\/alchemy-asia.com\/vi\/wp-json\/wp\/v2\/pages"}],"about":[{"href":"https:\/\/alchemy-asia.com\/vi\/wp-json\/wp\/v2\/types\/page"}],"author":[{"embeddable":true,"href":"https:\/\/alchemy-asia.com\/vi\/wp-json\/wp\/v2\/users\/1"}],"replies":[{"embeddable":true,"href":"https:\/\/alchemy-asia.com\/vi\/wp-json\/wp\/v2\/comments?post=1501"}],"version-history":[{"count":5,"href":"https:\/\/alchemy-asia.com\/vi\/wp-json\/wp\/v2\/pages\/1501\/revisions"}],"predecessor-version":[{"id":1506,"href":"https:\/\/alchemy-asia.com\/vi\/wp-json\/wp\/v2\/pages\/1501\/revisions\/1506"}],"wp:attachment":[{"href":"https:\/\/alchemy-asia.com\/vi\/wp-json\/wp\/v2\/media?parent=1501"}],"curies":[{"name":"wp","href":"https:\/\/api.w.org\/{rel}","templated":true}]}}