{"id":1507,"date":"2017-08-14T05:54:30","date_gmt":"2017-08-14T05:54:30","guid":{"rendered":"http:\/\/alchemy-asia.com\/vi\/?page_id=1507"},"modified":"2017-08-14T05:54:30","modified_gmt":"2017-08-14T05:54:30","slug":"cookies","status":"publish","type":"page","link":"https:\/\/alchemy-asia.com\/vi\/cookies\/","title":{"rendered":"Cookies"},"content":{"rendered":"<ul class=\"term__list\">\n<li class=\"term__item\">Trang web www.alchemy-asia.com c\u00f3 th\u1ec3 s\u1eed d\u1ee5ng \u201ccookie\u201d.\n<ul class=\"term__child-list\">\n<li class=\"term__child-item\">Cookie cho ph\u00e9p b\u1ea1n s\u1eed d\u1ee5ng gi\u1ecf h\u00e0ng v\u00e0 c\u00e1 nh\u00e2n h\u00f3a tr\u1ea3i nghi\u1ec7m tr\u00ean trang web c\u1ee7a ch\u00fang t\u00f4i, cho ch\u00fang t\u00f4i bi\u1ebft nh\u1eefng ph\u1ea7n n\u00e0o tr\u00ean trang web c\u1ee7a ch\u00fang t\u00f4i m\u1ecdi ng\u01b0\u1eddi \u0111\u00e3 truy c\u1eadp, gi\u00fap ch\u00fang t\u00f4i \u0111o l\u01b0\u1eddng hi\u1ec7u qu\u1ea3 c\u1ee7a qu\u1ea3ng c\u00e1o v\u00e0 t\u00ecm ki\u1ebfm tr\u00ean web, c\u0169ng nh\u01b0 cung c\u1ea5p cho ch\u00fang t\u00f4i th\u00f4ng tin chi ti\u1ebft v\u1ec1 h\u00e0nh vi c\u1ee7a ng\u01b0\u1eddi d\u00f9ng \u0111\u1ec3 ch\u00fang t\u00f4i c\u00f3 th\u1ec3 c\u1ea3i thi\u1ec7n giao ti\u1ebfp v\u00e0 s\u1ea3n ph\u1ea9m c\u1ee7a m\u00ecnh.<\/li>\n<li class=\"term__child-item\">N\u1ebfu b\u1ea1n mu\u1ed1n t\u1eaft cookie trong tr\u00ecnh duy\u1ec7t web Safari, h\u00e3y truy c\u1eadp T\u00f9y ch\u1ecdn, r\u1ed3i \u0111\u1ebfn b\u1ea3ng Quy\u1ec1n ri\u00eang t\u01b0 v\u00e0 ch\u1ecdn ch\u1eb7n cookie. Tr\u00ean iPad, iPhone ho\u1eb7c iPod touch, truy c\u1eadp C\u00e0i \u0111\u1eb7t, sau \u0111\u00f3 truy c\u1eadp Safari, r\u1ed3i \u0111\u1ebfn ph\u1ea7n Cookie. \u0110\u1ed1i v\u1edbi c\u00e1c tr\u00ecnh duy\u1ec7t kh\u00e1c, h\u00e3y ki\u1ec3m tra v\u1edbi nh\u00e0 cung c\u1ea5p c\u1ee7a b\u1ea1n \u0111\u1ec3 t\u00ecm hi\u1ec3u c\u00e1ch t\u1eaft cookie.<\/li>\n<li class=\"term__child-item\">Do cookie \u0111\u01b0\u1ee3c s\u1eed d\u1ee5ng tr\u00ean c\u1ea3 trang web c\u1ee7a ch\u00fang t\u00f4i, vi\u1ec7c t\u1eaft cookie c\u00f3 th\u1ec3 ng\u0103n b\u1ea1n s\u1eed d\u1ee5ng m\u1ed9t s\u1ed1 ph\u1ea7n nh\u1ea5t \u0111\u1ecbnh c\u1ee7a trang web.<\/li>\n<li class=\"term__child-item\">Cookie \u0111\u01b0\u1ee3c s\u1eed d\u1ee5ng tr\u00ean trang web c\u1ee7a ch\u00fang t\u00f4i \u0111\u00e3 \u0111\u01b0\u1ee3c ph\u00e2n lo\u1ea1i d\u1ef1a tr\u00ean c\u00e1c nguy\u00ean t\u1eafc \u0111\u01b0\u1ee3c tr\u00ecnh b\u00e0y trong H\u01b0\u1edbng d\u1eabn v\u1ec1 cookie c\u1ee7a ICC V\u01b0\u01a1ng qu\u1ed1c Anh. Ch\u00fang t\u00f4i s\u1eed d\u1ee5ng c\u00e1c danh m\u1ee5c sau tr\u00ean c\u00e1c trang web v\u00e0 d\u1ecbch v\u1ee5 tr\u1ef1c tuy\u1ebfn kh\u00e1c c\u1ee7a m\u00ecnh:<\/li>\n<\/ul>\n<\/li>\n<li class=\"term__item\">Danh m\u1ee5c 1 \u2014 Cookie ho\u00e0n to\u00e0n c\u1ea7n thi\u1ebft\n<ul class=\"term__child-list\">\n<li class=\"term__child-item\">Nh\u1eefng cookie n\u00e0y c\u1ea7n thi\u1ebft \u0111\u1ec3 cho ph\u00e9p b\u1ea1n duy\u1ec7t theo nhi\u1ec1u h\u01b0\u1edbng tr\u00ean c\u00e1c trang web v\u00e0 s\u1eed d\u1ee5ng t\u00ednh n\u0103ng c\u1ee7a trang web. Kh\u00f4ng c\u00f3 nh\u1eefng cookie n\u00e0y, d\u1ecbch v\u1ee5 nh\u01b0 gi\u1ecf h\u00e0ng v\u00e0 thanh to\u00e1n \u0111i\u1ec7n t\u1eed kh\u00f4ng th\u1ec3 \u0111\u01b0\u1ee3c cung c\u1ea5p.<\/li>\n<\/ul>\n<\/li>\n<li class=\"term__item\">Danh m\u1ee5c 2 \u2014 Cookie hi\u1ec7u su\u1ea5t\n<ul class=\"term__child-list\">\n<li class=\"term__child-item\">Nh\u1eefng cookie n\u00e0y thu th\u1eadp th\u00f4ng tin v\u1ec1 c\u00e1ch b\u1ea1n s\u1eed d\u1ee5ng trang web c\u1ee7a ch\u00fang t\u00f4i \u2014 v\u00ed d\u1ee5: trang n\u00e0o b\u1ea1n truy c\u1eadp nhi\u1ec1u nh\u1ea5t. D\u1eef li\u1ec7u n\u00e0y c\u00f3 th\u1ec3 \u0111\u01b0\u1ee3c s\u1eed d\u1ee5ng \u0111\u1ec3 gi\u00fap t\u1ed1i \u01b0u h\u00f3a c\u00e1c trang web c\u1ee7a ch\u00fang t\u00f4i v\u00e0 gi\u00fap b\u1ea1n d\u1ec5 \u0111i\u1ec1u h\u01b0\u1edbng c\u00e1c trang web h\u01a1n. Nh\u1eefng cookie n\u00e0y c\u0169ng \u0111\u01b0\u1ee3c s\u1eed d\u1ee5ng \u0111\u1ec3 cho ph\u00e9p c\u00e1c chi nh\u00e1nh bi\u1ebft li\u1ec7u b\u1ea1n c\u00f3 \u0111\u1ebfn m\u1ed9t trong c\u00e1c trang web c\u1ee7a ch\u00fang t\u00f4i t\u1eeb m\u1ed9t chi nh\u00e1nh kh\u00f4ng v\u00e0 li\u1ec7u l\u01b0\u1ee3t truy c\u1eadp c\u1ee7a b\u1ea1n c\u00f3 d\u1eabn \u0111\u1ebfn s\u1eed d\u1ee5ng ho\u1eb7c mua s\u1ea3n ph\u1ea9m ho\u1eb7c d\u1ecbch v\u1ee5 t\u1eeb ch\u00fang t\u00f4i kh\u00f4ng, bao g\u1ed3m c\u1ea3 c\u00e1c chi ti\u1ebft v\u1ec1 s\u1ea3n ph\u1ea9m ho\u1eb7c d\u1ecbch v\u1ee5 \u0111\u00e3 mua. Nh\u1eefng cookie n\u00e0y kh\u00f4ng thu th\u1eadp th\u00f4ng tin nh\u1eadn d\u1ea1ng \u0111\u01b0\u1ee3c b\u1ea1n. T\u1ea5t c\u1ea3 th\u00f4ng tin m\u00e0 nh\u1eefng cookie n\u00e0y thu th\u1eadp \u0111\u01b0\u1ee3c t\u1ed5ng h\u1ee3p v\u00e0 do \u0111\u00f3, \u0111\u00e2y l\u00e0 th\u00f4ng tin \u1ea9n danh.<\/li>\n<\/ul>\n<\/li>\n<li class=\"term__item\">Danh m\u1ee5c 3 \u2014 Cookie ch\u1ee9c n\u0103ng\n<ul class=\"term__child-list\">\n<li class=\"term__child-item\">Nh\u1eefng cookie n\u00e0y cho ph\u00e9p trang web c\u1ee7a ch\u00fang t\u00f4i ghi nh\u1edb l\u1ef1a ch\u1ecdn b\u1ea1n th\u1ef1c hi\u1ec7n trong khi duy\u1ec7t. V\u00ed d\u1ee5: ch\u00fang t\u00f4i c\u00f3 th\u1ec3 l\u01b0u tr\u1eef v\u1ecb tr\u00ed \u0111\u1ecba l\u00fd c\u1ee7a b\u1ea1n \u0111\u1ec3 \u0111\u1ea3m b\u1ea3o r\u1eb1ng ch\u00fang t\u00f4i hi\u1ec3n th\u1ecb cho b\u1ea1n trang web \u0111\u01b0\u1ee3c b\u1ea3n \u0111\u1ecba h\u00f3a cho khu v\u1ef1c c\u1ee7a b\u1ea1n. Ch\u00fang t\u00f4i c\u0169ng c\u00f3 th\u1ec3 ghi nh\u1edb c\u00e1c t\u00f9y ch\u1ecdn nh\u01b0 k\u00edch th\u01b0\u1edbc v\u0103n b\u1ea3n, ph\u00f4ng ch\u1eef v\u00e0 c\u00e1c y\u1ebfu t\u1ed1 trang web c\u00f3 th\u1ec3 t\u00f9y ch\u1ec9nh kh\u00e1c. Nh\u1eefng th\u00f4ng tin n\u00e0y c\u00f3 th\u1ec3 \u0111\u01b0\u1ee3c s\u1eed d\u1ee5ng \u0111\u1ec3 theo d\u00f5i xem s\u1ea3n ph\u1ea9m hay video n\u1ed5i b\u1eadt n\u00e0o \u0111\u00e3 \u0111\u01b0\u1ee3c xem \u0111\u1ec3 tr\u00e1nh l\u1eb7p l\u1ea1i. Th\u00f4ng tin m\u00e0 nh\u1eefng cookie n\u00e0y thu th\u1eadp s\u1ebd kh\u00f4ng nh\u1eadn d\u1ea1ng c\u00e1 nh\u00e2n b\u1ea1n v\u00e0 kh\u00f4ng th\u1ec3 theo d\u00f5i ho\u1ea1t \u0111\u1ed9ng duy\u1ec7t c\u1ee7a b\u1ea1n tr\u00ean c\u00e1c trang web kh\u00f4ng ph\u1ea3i c\u1ee7a Apple.<\/li>\n<\/ul>\n<\/li>\n<\/ul>\n","protected":false},"excerpt":{"rendered":"<p>Trang web www.alchemy-asia.com c\u00f3 th\u1ec3 s\u1eed d\u1ee5ng \u201ccookie\u201d. Cookie cho [&hellip;]<\/p>\n","protected":false},"author":1,"featured_media":0,"parent":0,"menu_order":0,"comment_status":"closed","ping_status":"closed","template":"","meta":{"_acf_changed":false,"footnotes":""},"class_list":["post-1507","page","type-page","status-publish","hentry"],"acf":[],"yoast_head":"<!-- This site is optimized with the Yoast SEO plugin v23.0 - https:\/\/yoast.com\/wordpress\/plugins\/seo\/ -->\n<title>Cookies - Alchemy Asia<\/title>\n<meta name=\"robots\" content=\"index, follow, max-snippet:-1, max-image-preview:large, max-video-preview:-1\" \/>\n<link rel=\"canonical\" href=\"https:\/\/alchemy-asia.com\/vi\/cookies\/\" \/>\n<meta property=\"og:locale\" content=\"vi_VN\" \/>\n<meta property=\"og:type\" content=\"article\" \/>\n<meta property=\"og:title\" content=\"Cookies - Alchemy Asia\" \/>\n<meta property=\"og:description\" content=\"Trang web www.alchemy-asia.com c\u00f3 th\u1ec3 s\u1eed d\u1ee5ng \u201ccookie\u201d. Cookie cho [&hellip;]\" \/>\n<meta property=\"og:url\" content=\"https:\/\/alchemy-asia.com\/vi\/cookies\/\" \/>\n<meta property=\"og:site_name\" content=\"Alchemy Asia\" \/>\n<meta name=\"twitter:card\" content=\"summary_large_image\" \/>\n<meta name=\"twitter:label1\" content=\"\u01af\u1edbc t\u00ednh th\u1eddi gian \u0111\u1ecdc\" \/>\n\t<meta name=\"twitter:data1\" content=\"5 ph\u00fat\" \/>\n<script type=\"application\/ld+json\" class=\"yoast-schema-graph\">{\"@context\":\"https:\/\/schema.org\",\"@graph\":[{\"@type\":\"WebPage\",\"@id\":\"https:\/\/alchemy-asia.com\/vi\/cookies\/\",\"url\":\"https:\/\/alchemy-asia.com\/vi\/cookies\/\",\"name\":\"Cookies - Alchemy Asia\",\"isPartOf\":{\"@id\":\"https:\/\/alchemy-asia.com\/vi\/#website\"},\"datePublished\":\"2017-08-14T05:54:30+00:00\",\"dateModified\":\"2017-08-14T05:54:30+00:00\",\"breadcrumb\":{\"@id\":\"https:\/\/alchemy-asia.com\/vi\/cookies\/#breadcrumb\"},\"inLanguage\":\"vi\",\"potentialAction\":[{\"@type\":\"ReadAction\",\"target\":[\"https:\/\/alchemy-asia.com\/vi\/cookies\/\"]}]},{\"@type\":\"BreadcrumbList\",\"@id\":\"https:\/\/alchemy-asia.com\/vi\/cookies\/#breadcrumb\",\"itemListElement\":[{\"@type\":\"ListItem\",\"position\":1,\"name\":\"Home\",\"item\":\"https:\/\/alchemy-asia.com\/vi\/\"},{\"@type\":\"ListItem\",\"position\":2,\"name\":\"Cookies\"}]},{\"@type\":\"WebSite\",\"@id\":\"https:\/\/alchemy-asia.com\/vi\/#website\",\"url\":\"https:\/\/alchemy-asia.com\/vi\/\",\"name\":\"Alchemy Asia\",\"description\":\"Just another Alchemy Asia Sites site\",\"potentialAction\":[{\"@type\":\"SearchAction\",\"target\":{\"@type\":\"EntryPoint\",\"urlTemplate\":\"https:\/\/alchemy-asia.com\/vi\/?s={search_term_string}\"},\"query-input\":\"required name=search_term_string\"}],\"inLanguage\":\"vi\"}]}<\/script>\n<!-- \/ Yoast SEO plugin. -->","yoast_head_json":{"title":"Cookies - Alchemy Asia","robots":{"index":"index","follow":"follow","max-snippet":"max-snippet:-1","max-image-preview":"max-image-preview:large","max-video-preview":"max-video-preview:-1"},"canonical":"https:\/\/alchemy-asia.com\/vi\/cookies\/","og_locale":"vi_VN","og_type":"article","og_title":"Cookies - Alchemy Asia","og_description":"Trang web www.alchemy-asia.com c\u00f3 th\u1ec3 s\u1eed d\u1ee5ng \u201ccookie\u201d. Cookie cho [&hellip;]","og_url":"https:\/\/alchemy-asia.com\/vi\/cookies\/","og_site_name":"Alchemy Asia","twitter_card":"summary_large_image","twitter_misc":{"\u01af\u1edbc t\u00ednh th\u1eddi gian \u0111\u1ecdc":"5 ph\u00fat"},"schema":{"@context":"https:\/\/schema.org","@graph":[{"@type":"WebPage","@id":"https:\/\/alchemy-asia.com\/vi\/cookies\/","url":"https:\/\/alchemy-asia.com\/vi\/cookies\/","name":"Cookies - Alchemy Asia","isPartOf":{"@id":"https:\/\/alchemy-asia.com\/vi\/#website"},"datePublished":"2017-08-14T05:54:30+00:00","dateModified":"2017-08-14T05:54:30+00:00","breadcrumb":{"@id":"https:\/\/alchemy-asia.com\/vi\/cookies\/#breadcrumb"},"inLanguage":"vi","potentialAction":[{"@type":"ReadAction","target":["https:\/\/alchemy-asia.com\/vi\/cookies\/"]}]},{"@type":"BreadcrumbList","@id":"https:\/\/alchemy-asia.com\/vi\/cookies\/#breadcrumb","itemListElement":[{"@type":"ListItem","position":1,"name":"Home","item":"https:\/\/alchemy-asia.com\/vi\/"},{"@type":"ListItem","position":2,"name":"Cookies"}]},{"@type":"WebSite","@id":"https:\/\/alchemy-asia.com\/vi\/#website","url":"https:\/\/alchemy-asia.com\/vi\/","name":"Alchemy Asia","description":"Just another Alchemy Asia Sites site","potentialAction":[{"@type":"SearchAction","target":{"@type":"EntryPoint","urlTemplate":"https:\/\/alchemy-asia.com\/vi\/?s={search_term_string}"},"query-input":"required name=search_term_string"}],"inLanguage":"vi"}]}},"_links":{"self":[{"href":"https:\/\/alchemy-asia.com\/vi\/wp-json\/wp\/v2\/pages\/1507","targetHints":{"allow":["GET"]}}],"collection":[{"href":"https:\/\/alchemy-asia.com\/vi\/wp-json\/wp\/v2\/pages"}],"about":[{"href":"https:\/\/alchemy-asia.com\/vi\/wp-json\/wp\/v2\/types\/page"}],"author":[{"embeddable":true,"href":"https:\/\/alchemy-asia.com\/vi\/wp-json\/wp\/v2\/users\/1"}],"replies":[{"embeddable":true,"href":"https:\/\/alchemy-asia.com\/vi\/wp-json\/wp\/v2\/comments?post=1507"}],"version-history":[{"count":1,"href":"https:\/\/alchemy-asia.com\/vi\/wp-json\/wp\/v2\/pages\/1507\/revisions"}],"predecessor-version":[{"id":1508,"href":"https:\/\/alchemy-asia.com\/vi\/wp-json\/wp\/v2\/pages\/1507\/revisions\/1508"}],"wp:attachment":[{"href":"https:\/\/alchemy-asia.com\/vi\/wp-json\/wp\/v2\/media?parent=1507"}],"curies":[{"name":"wp","href":"https:\/\/api.w.org\/{rel}","templated":true}]}}