{"id":5070,"date":"2018-12-12T05:25:03","date_gmt":"2018-12-12T05:25:03","guid":{"rendered":"http:\/\/alchemy-asia.com\/vi\/?post_type=product&#038;p=5070"},"modified":"2024-08-05T07:02:27","modified_gmt":"2024-08-05T07:02:27","slug":"jagermeister","status":"publish","type":"product","link":"https:\/\/alchemy-asia.com\/vi\/san-pham\/jagermeister\/","title":{"rendered":"J\u00e4germeister"},"content":{"rendered":"","protected":false},"excerpt":{"rendered":"<table dir=\"ltr\" border=\"1\" cellspacing=\"0\" cellpadding=\"0\" data-sheets-root=\"1\" data-sheets-baot=\"1\">\n<colgroup>\n<col width=\"690\" \/><\/colgroup>\n<tbody>\n<tr>\n<td colspan=\"1\" rowspan=\"6\">\n<div>J\u00e4germeister l\u00e0 s\u1ea3n ph\u1ea9m r\u01b0\u1ee3u m\u00f9i \u0111\u01b0\u1ee3c l\u00e0m t\u1eeb 56 lo\u1ea1i th\u1ef1c v\u1eadt \u0111\u01b0\u1ee3c l\u1ef1a ch\u1ecdn k\u0129 c\u00e0ng, \u0111\u01b0\u1ee3c ti\u1ebfn h\u00e0nh theo quy tr\u00ecnh ng\u00e2m nh\u1eb9 \u0111\u1ec3 chi\u1ebft xu\u1ea5t th\u1ea7n d\u01b0\u1ee3c qu\u00fd gi\u00e1. Sau \u0111\u00f3 \u0111\u01b0\u1ee3c \u1ee7 trong th\u00f9ng g\u1ed7 s\u1ed3i \u0111\u1ec3 tinh ch\u1ebf v\u00e0 l\u00e0m h\u00e0i h\u00f2a r\u01b0\u1ee3u m\u00f9i th\u1ea3o d\u01b0\u1ee3c.<br \/>\nJagermeister n\u1ed5i b\u1eadt v\u1edbi h\u01b0\u01a1ng ng\u1ecdt t\u1eeb cam qu\u00fdt, \u0111\u1eafng t\u1eebcam \u0111\u1eafng, xuy\u00ean t\u00e2m li\u00ean, th\u1ea3o m\u1ed9c th\u01a1m t\u1eeb \u0111inh h\u01b0\u01a1ng, v\u1ecf nh\u1ee5c \u0111\u1eadu kh\u1ea5u, b\u1ea1ch \u0111\u1eadu kh\u1ea5u, \u0111\u1ea5t cay t\u1eeb g\u1eebng, ri\u1ec1ng, v\u00e0 ng\u1ecdt t\u1eeb hoa h\u1ed3i, cam th\u1ea3o, qu\u1ebf.<\/div>\n<\/td>\n<\/tr>\n<\/tbody>\n<\/table>\n","protected":false},"featured_media":8801,"comment_status":"open","ping_status":"closed","template":"","meta":{"_acf_changed":false},"product_cat":[54],"product_tag":[],"class_list":{"0":"post-5070","1":"product","2":"type-product","3":"status-publish","4":"has-post-thumbnail","6":"product_cat-liqueurs","7":"brand-jagermeister","9":"first","10":"instock","11":"shipping-taxable","12":"product-type-simple"},"acf":[],"yoast_head":"<!-- This site is optimized with the Yoast SEO plugin v23.0 - https:\/\/yoast.com\/wordpress\/plugins\/seo\/ -->\n<title>J\u00e4germeister - Alchemy Asia<\/title>\n<meta name=\"robots\" content=\"index, follow, max-snippet:-1, max-image-preview:large, max-video-preview:-1\" \/>\n<link rel=\"canonical\" href=\"https:\/\/alchemy-asia.com\/vi\/san-pham\/jagermeister\/\" \/>\n<meta property=\"og:locale\" content=\"vi_VN\" \/>\n<meta property=\"og:type\" content=\"article\" \/>\n<meta property=\"og:title\" content=\"J\u00e4germeister - Alchemy Asia\" \/>\n<meta property=\"og:description\" content=\"J\u00e4germeister l\u00e0 s\u1ea3n ph\u1ea9m r\u01b0\u1ee3u m\u00f9i \u0111\u01b0\u1ee3c l\u00e0m t\u1eeb 56 lo\u1ea1i th\u1ef1c v\u1eadt \u0111\u01b0\u1ee3c l\u1ef1a ch\u1ecdn k\u0129 c\u00e0ng, \u0111\u01b0\u1ee3c ti\u1ebfn h\u00e0nh theo quy tr\u00ecnh ng\u00e2m nh\u1eb9 \u0111\u1ec3 chi\u1ebft xu\u1ea5t th\u1ea7n d\u01b0\u1ee3c qu\u00fd gi\u00e1. Sau \u0111\u00f3 \u0111\u01b0\u1ee3c \u1ee7 trong th\u00f9ng g\u1ed7 s\u1ed3i \u0111\u1ec3 tinh ch\u1ebf v\u00e0 l\u00e0m h\u00e0i h\u00f2a r\u01b0\u1ee3u m\u00f9i th\u1ea3o d\u01b0\u1ee3c. Jagermeister n\u1ed5i b\u1eadt v\u1edbi h\u01b0\u01a1ng ng\u1ecdt t\u1eeb cam qu\u00fdt, \u0111\u1eafng t\u1eebcam \u0111\u1eafng, xuy\u00ean t\u00e2m li\u00ean, th\u1ea3o m\u1ed9c th\u01a1m t\u1eeb \u0111inh h\u01b0\u01a1ng, v\u1ecf nh\u1ee5c \u0111\u1eadu kh\u1ea5u, b\u1ea1ch \u0111\u1eadu kh\u1ea5u, \u0111\u1ea5t cay t\u1eeb g\u1eebng, ri\u1ec1ng, v\u00e0 ng\u1ecdt t\u1eeb hoa h\u1ed3i, cam th\u1ea3o, qu\u1ebf.\" \/>\n<meta property=\"og:url\" content=\"https:\/\/alchemy-asia.com\/vi\/san-pham\/jagermeister\/\" \/>\n<meta property=\"og:site_name\" content=\"Alchemy Asia\" \/>\n<meta property=\"article:modified_time\" content=\"2024-08-05T07:02:27+00:00\" \/>\n<meta property=\"og:image\" content=\"https:\/\/alchemy-asia.com\/vi\/wp-content\/uploads\/sites\/3\/2018\/12\/Jagermeistr-1024x1024.png\" \/>\n\t<meta property=\"og:image:width\" content=\"1024\" \/>\n\t<meta property=\"og:image:height\" content=\"1024\" \/>\n\t<meta property=\"og:image:type\" content=\"image\/png\" \/>\n<meta name=\"twitter:card\" content=\"summary_large_image\" \/>\n<meta name=\"twitter:label1\" content=\"\u01af\u1edbc t\u00ednh th\u1eddi gian \u0111\u1ecdc\" \/>\n\t<meta name=\"twitter:data1\" content=\"1 ph\u00fat\" \/>\n<script type=\"application\/ld+json\" class=\"yoast-schema-graph\">{\"@context\":\"https:\/\/schema.org\",\"@graph\":[{\"@type\":\"WebPage\",\"@id\":\"https:\/\/alchemy-asia.com\/vi\/san-pham\/jagermeister\/\",\"url\":\"https:\/\/alchemy-asia.com\/vi\/san-pham\/jagermeister\/\",\"name\":\"J\u00e4germeister - Alchemy Asia\",\"isPartOf\":{\"@id\":\"https:\/\/alchemy-asia.com\/vi\/#website\"},\"primaryImageOfPage\":{\"@id\":\"https:\/\/alchemy-asia.com\/vi\/san-pham\/jagermeister\/#primaryimage\"},\"image\":{\"@id\":\"https:\/\/alchemy-asia.com\/vi\/san-pham\/jagermeister\/#primaryimage\"},\"thumbnailUrl\":\"https:\/\/alchemy-asia.com\/vi\/wp-content\/uploads\/sites\/3\/2018\/12\/Jagermeistr.png\",\"datePublished\":\"2018-12-12T05:25:03+00:00\",\"dateModified\":\"2024-08-05T07:02:27+00:00\",\"breadcrumb\":{\"@id\":\"https:\/\/alchemy-asia.com\/vi\/san-pham\/jagermeister\/#breadcrumb\"},\"inLanguage\":\"vi\",\"potentialAction\":[{\"@type\":\"ReadAction\",\"target\":[\"https:\/\/alchemy-asia.com\/vi\/san-pham\/jagermeister\/\"]}]},{\"@type\":\"ImageObject\",\"inLanguage\":\"vi\",\"@id\":\"https:\/\/alchemy-asia.com\/vi\/san-pham\/jagermeister\/#primaryimage\",\"url\":\"https:\/\/alchemy-asia.com\/vi\/wp-content\/uploads\/sites\/3\/2018\/12\/Jagermeistr.png\",\"contentUrl\":\"https:\/\/alchemy-asia.com\/vi\/wp-content\/uploads\/sites\/3\/2018\/12\/Jagermeistr.png\",\"width\":2480,\"height\":2480,\"caption\":\"Jagermeister\"},{\"@type\":\"BreadcrumbList\",\"@id\":\"https:\/\/alchemy-asia.com\/vi\/san-pham\/jagermeister\/#breadcrumb\",\"itemListElement\":[{\"@type\":\"ListItem\",\"position\":1,\"name\":\"Home\",\"item\":\"https:\/\/alchemy-asia.com\/vi\/\"},{\"@type\":\"ListItem\",\"position\":2,\"name\":\"J\u00e4germeister\"}]},{\"@type\":\"WebSite\",\"@id\":\"https:\/\/alchemy-asia.com\/vi\/#website\",\"url\":\"https:\/\/alchemy-asia.com\/vi\/\",\"name\":\"Alchemy Asia\",\"description\":\"Just another Alchemy Asia Sites site\",\"potentialAction\":[{\"@type\":\"SearchAction\",\"target\":{\"@type\":\"EntryPoint\",\"urlTemplate\":\"https:\/\/alchemy-asia.com\/vi\/?s={search_term_string}\"},\"query-input\":\"required name=search_term_string\"}],\"inLanguage\":\"vi\"}]}<\/script>\n<!-- \/ Yoast SEO plugin. -->","yoast_head_json":{"title":"J\u00e4germeister - Alchemy Asia","robots":{"index":"index","follow":"follow","max-snippet":"max-snippet:-1","max-image-preview":"max-image-preview:large","max-video-preview":"max-video-preview:-1"},"canonical":"https:\/\/alchemy-asia.com\/vi\/san-pham\/jagermeister\/","og_locale":"vi_VN","og_type":"article","og_title":"J\u00e4germeister - Alchemy Asia","og_description":"J\u00e4germeister l\u00e0 s\u1ea3n ph\u1ea9m r\u01b0\u1ee3u m\u00f9i \u0111\u01b0\u1ee3c l\u00e0m t\u1eeb 56 lo\u1ea1i th\u1ef1c v\u1eadt \u0111\u01b0\u1ee3c l\u1ef1a ch\u1ecdn k\u0129 c\u00e0ng, \u0111\u01b0\u1ee3c ti\u1ebfn h\u00e0nh theo quy tr\u00ecnh ng\u00e2m nh\u1eb9 \u0111\u1ec3 chi\u1ebft xu\u1ea5t th\u1ea7n d\u01b0\u1ee3c qu\u00fd gi\u00e1. Sau \u0111\u00f3 \u0111\u01b0\u1ee3c \u1ee7 trong th\u00f9ng g\u1ed7 s\u1ed3i \u0111\u1ec3 tinh ch\u1ebf v\u00e0 l\u00e0m h\u00e0i h\u00f2a r\u01b0\u1ee3u m\u00f9i th\u1ea3o d\u01b0\u1ee3c. Jagermeister n\u1ed5i b\u1eadt v\u1edbi h\u01b0\u01a1ng ng\u1ecdt t\u1eeb cam qu\u00fdt, \u0111\u1eafng t\u1eebcam \u0111\u1eafng, xuy\u00ean t\u00e2m li\u00ean, th\u1ea3o m\u1ed9c th\u01a1m t\u1eeb \u0111inh h\u01b0\u01a1ng, v\u1ecf nh\u1ee5c \u0111\u1eadu kh\u1ea5u, b\u1ea1ch \u0111\u1eadu kh\u1ea5u, \u0111\u1ea5t cay t\u1eeb g\u1eebng, ri\u1ec1ng, v\u00e0 ng\u1ecdt t\u1eeb hoa h\u1ed3i, cam th\u1ea3o, qu\u1ebf.","og_url":"https:\/\/alchemy-asia.com\/vi\/san-pham\/jagermeister\/","og_site_name":"Alchemy Asia","article_modified_time":"2024-08-05T07:02:27+00:00","og_image":[{"width":1024,"height":1024,"url":"https:\/\/alchemy-asia.com\/vi\/wp-content\/uploads\/sites\/3\/2018\/12\/Jagermeistr-1024x1024.png","type":"image\/png"}],"twitter_card":"summary_large_image","twitter_misc":{"\u01af\u1edbc t\u00ednh th\u1eddi gian \u0111\u1ecdc":"1 ph\u00fat"},"schema":{"@context":"https:\/\/schema.org","@graph":[{"@type":"WebPage","@id":"https:\/\/alchemy-asia.com\/vi\/san-pham\/jagermeister\/","url":"https:\/\/alchemy-asia.com\/vi\/san-pham\/jagermeister\/","name":"J\u00e4germeister - Alchemy Asia","isPartOf":{"@id":"https:\/\/alchemy-asia.com\/vi\/#website"},"primaryImageOfPage":{"@id":"https:\/\/alchemy-asia.com\/vi\/san-pham\/jagermeister\/#primaryimage"},"image":{"@id":"https:\/\/alchemy-asia.com\/vi\/san-pham\/jagermeister\/#primaryimage"},"thumbnailUrl":"https:\/\/alchemy-asia.com\/vi\/wp-content\/uploads\/sites\/3\/2018\/12\/Jagermeistr.png","datePublished":"2018-12-12T05:25:03+00:00","dateModified":"2024-08-05T07:02:27+00:00","breadcrumb":{"@id":"https:\/\/alchemy-asia.com\/vi\/san-pham\/jagermeister\/#breadcrumb"},"inLanguage":"vi","potentialAction":[{"@type":"ReadAction","target":["https:\/\/alchemy-asia.com\/vi\/san-pham\/jagermeister\/"]}]},{"@type":"ImageObject","inLanguage":"vi","@id":"https:\/\/alchemy-asia.com\/vi\/san-pham\/jagermeister\/#primaryimage","url":"https:\/\/alchemy-asia.com\/vi\/wp-content\/uploads\/sites\/3\/2018\/12\/Jagermeistr.png","contentUrl":"https:\/\/alchemy-asia.com\/vi\/wp-content\/uploads\/sites\/3\/2018\/12\/Jagermeistr.png","width":2480,"height":2480,"caption":"Jagermeister"},{"@type":"BreadcrumbList","@id":"https:\/\/alchemy-asia.com\/vi\/san-pham\/jagermeister\/#breadcrumb","itemListElement":[{"@type":"ListItem","position":1,"name":"Home","item":"https:\/\/alchemy-asia.com\/vi\/"},{"@type":"ListItem","position":2,"name":"J\u00e4germeister"}]},{"@type":"WebSite","@id":"https:\/\/alchemy-asia.com\/vi\/#website","url":"https:\/\/alchemy-asia.com\/vi\/","name":"Alchemy Asia","description":"Just another Alchemy Asia Sites site","potentialAction":[{"@type":"SearchAction","target":{"@type":"EntryPoint","urlTemplate":"https:\/\/alchemy-asia.com\/vi\/?s={search_term_string}"},"query-input":"required name=search_term_string"}],"inLanguage":"vi"}]}},"_links":{"self":[{"href":"https:\/\/alchemy-asia.com\/vi\/wp-json\/wp\/v2\/product\/5070","targetHints":{"allow":["GET"]}}],"collection":[{"href":"https:\/\/alchemy-asia.com\/vi\/wp-json\/wp\/v2\/product"}],"about":[{"href":"https:\/\/alchemy-asia.com\/vi\/wp-json\/wp\/v2\/types\/product"}],"replies":[{"embeddable":true,"href":"https:\/\/alchemy-asia.com\/vi\/wp-json\/wp\/v2\/comments?post=5070"}],"wp:featuredmedia":[{"embeddable":true,"href":"https:\/\/alchemy-asia.com\/vi\/wp-json\/wp\/v2\/media\/8801"}],"wp:attachment":[{"href":"https:\/\/alchemy-asia.com\/vi\/wp-json\/wp\/v2\/media?parent=5070"}],"wp:term":[{"taxonomy":"product_cat","embeddable":true,"href":"https:\/\/alchemy-asia.com\/vi\/wp-json\/wp\/v2\/product_cat?post=5070"},{"taxonomy":"product_tag","embeddable":true,"href":"https:\/\/alchemy-asia.com\/vi\/wp-json\/wp\/v2\/product_tag?post=5070"}],"curies":[{"name":"wp","href":"https:\/\/api.w.org\/{rel}","templated":true}]}}