{"id":6239,"date":"2020-03-24T04:09:07","date_gmt":"2020-03-24T04:09:07","guid":{"rendered":"http:\/\/alchemy-asia.com\/vi\/?post_type=product&#038;p=6239"},"modified":"2024-09-12T10:36:07","modified_gmt":"2024-09-12T10:36:07","slug":"remy-martin-xo","status":"publish","type":"product","link":"https:\/\/alchemy-asia.com\/vi\/san-pham\/remy-martin-xo\/","title":{"rendered":"R\u00e9my Martin XO"},"content":{"rendered":"","protected":false},"excerpt":{"rendered":"<p><strong>M\u00c0U S\u1eaeC <\/strong><\/p>\n<p>M\u00e0u \u0111\u1ecf opal ch\u00e1y. BODY Remy Martin XO c\u00f3 \u0111\u1ed9 m\u1ecbn m\u01b0\u1ee3t, \u0111\u1eadm \u0111\u00e0 v\u00e0 h\u1eadu v\u1ecb k\u00e9o d\u00e0i.<\/p>\n<p><strong>H\u01af\u01a0NG TH\u01a0M<\/strong><\/p>\n<p>M\u1ed9t n\u1ed1t h\u01b0\u01a1ng m\u1ea1nh m\u1ebd nh\u01b0ng tinh t\u1ebf. S\u1ef1 b\u00f9ng n\u1ed5 c\u1ee7a h\u01b0\u01a1ng tr\u00e1i c\u00e2y nh\u01b0 m\u1eadn v\u00e0 qu\u1ea3 sung kh\u00f4, cam v\u00e0 chanh d\u00e2y, m\u1ed9t ch\u00fat h\u01b0\u01a1ng m\u1eadt ong v\u00e0 h\u01b0\u01a1ng hoa nh\u00e0i.<\/p>\n<p><strong>H\u01af\u01a0NG V\u1eca <\/strong><\/p>\n<p>M\u1ed9t s\u1ef1 phong ph\u00fa v\u1ec1 h\u01b0\u01a1ng v\u1ecb, t\u1eeb v\u1ecb chanh d\u00e2y \u0111\u01b0\u1ee3c n\u00e2ng t\u1ea7m b\u1edfi v\u1ecb tr\u1ea7m c\u1ee7a tr\u00e1i c\u00e2y ch\u00edn (qu\u1ea3 sung v\u00e0 cam) \u0111\u1ebfn h\u01b0\u01a1ng v\u1ecb cay n\u1ed3ng c\u1ee7a h\u1ea1t nh\u1ee5c \u0111\u1eadu kh\u1ea5u v\u00e0 h\u1ea1t ph\u1ec9. H\u01b0\u01a1ng v\u1ecb c\u1ee7a XO lan t\u1ecfa d\u1ea7n trong su\u1ed1t qu\u00e1 tr\u00ecnh th\u01b0\u1edfng th\u1ee9c, k\u1ebft th\u00fac b\u1eb1ng nh\u1eefng n\u1ed1t h\u01b0\u01a1ng h\u1ea3o h\u1ea1ng t\u1eeb h\u1ea1t ca cao rang, m\u1eadt ong v\u00e0 b\u00e1nh m\u1eadt.<\/p>\n<p>&nbsp;<\/p>\n<p><strong>G\u1ee2I \u00dd <\/strong><\/p>\n<p>D\u00f9ng k\u00e8m:<\/p>\n<p>\u2022 M\u00f3n m\u1eb7n: ph\u00f4 mai parmesan, t\u00f4m h\u00f9m s\u1ed1t c\u00e0 ri<\/p>\n<p>\u2022 Tr\u00e1ng mi\u1ec7ng: s\u00f4c\u00f4la truffle, b\u00e1nh n\u01b0\u1edbng c\u00f3 v\u1ecb g\u1eebng \u0110\u1ed3 u\u1ed1ng:<\/p>\n<p>\u2022 Cocktail g\u1ecdn g\u00e0ng\/tr\u00ean \u0111\u00e1 ho\u1eb7c ki\u1ec3u c\u0169\/v\u00e0ng<\/p>\n<p>\u2022 Neat\/On Ice ho\u1eb7c cocktail Old Fashioned\/Gold Fashioned<\/p>\n","protected":false},"featured_media":8903,"comment_status":"closed","ping_status":"closed","template":"","meta":{"_acf_changed":false},"product_cat":[51],"product_tag":[],"class_list":{"0":"post-6239","1":"product","2":"type-product","3":"status-publish","4":"has-post-thumbnail","6":"product_cat-cognac","7":"brand-remy-martin","9":"first","10":"instock","11":"shipping-taxable","12":"product-type-simple"},"acf":[],"yoast_head":"<!-- This site is optimized with the Yoast SEO plugin v23.0 - https:\/\/yoast.com\/wordpress\/plugins\/seo\/ -->\n<title>R\u00e9my Martin XO - Alchemy Asia<\/title>\n<meta name=\"robots\" content=\"index, follow, max-snippet:-1, max-image-preview:large, max-video-preview:-1\" \/>\n<link rel=\"canonical\" href=\"https:\/\/alchemy-asia.com\/vi\/san-pham\/remy-martin-xo\/\" \/>\n<meta property=\"og:locale\" content=\"vi_VN\" \/>\n<meta property=\"og:type\" content=\"article\" \/>\n<meta property=\"og:title\" content=\"R\u00e9my Martin XO - Alchemy Asia\" \/>\n<meta property=\"og:description\" content=\"M\u00c0U S\u1eaeC   M\u00e0u \u0111\u1ecf opal ch\u00e1y. BODY Remy Martin XO c\u00f3 \u0111\u1ed9 m\u1ecbn m\u01b0\u1ee3t, \u0111\u1eadm \u0111\u00e0 v\u00e0 h\u1eadu v\u1ecb k\u00e9o d\u00e0i.  H\u01af\u01a0NG TH\u01a0M  M\u1ed9t n\u1ed1t h\u01b0\u01a1ng m\u1ea1nh m\u1ebd nh\u01b0ng tinh t\u1ebf. S\u1ef1 b\u00f9ng n\u1ed5 c\u1ee7a h\u01b0\u01a1ng tr\u00e1i c\u00e2y nh\u01b0 m\u1eadn v\u00e0 qu\u1ea3 sung kh\u00f4, cam v\u00e0 chanh d\u00e2y, m\u1ed9t ch\u00fat h\u01b0\u01a1ng m\u1eadt ong v\u00e0 h\u01b0\u01a1ng hoa nh\u00e0i.  H\u01af\u01a0NG V\u1eca   M\u1ed9t s\u1ef1 phong ph\u00fa v\u1ec1 h\u01b0\u01a1ng v\u1ecb, t\u1eeb v\u1ecb chanh d\u00e2y \u0111\u01b0\u1ee3c n\u00e2ng t\u1ea7m b\u1edfi v\u1ecb tr\u1ea7m c\u1ee7a tr\u00e1i c\u00e2y ch\u00edn (qu\u1ea3 sung v\u00e0 cam) \u0111\u1ebfn h\u01b0\u01a1ng v\u1ecb cay n\u1ed3ng c\u1ee7a h\u1ea1t nh\u1ee5c \u0111\u1eadu kh\u1ea5u v\u00e0 h\u1ea1t ph\u1ec9. H\u01b0\u01a1ng v\u1ecb c\u1ee7a XO lan t\u1ecfa d\u1ea7n trong su\u1ed1t qu\u00e1 tr\u00ecnh th\u01b0\u1edfng th\u1ee9c, k\u1ebft th\u00fac b\u1eb1ng nh\u1eefng n\u1ed1t h\u01b0\u01a1ng h\u1ea3o h\u1ea1ng t\u1eeb h\u1ea1t ca cao rang, m\u1eadt ong v\u00e0 b\u00e1nh m\u1eadt.  &nbsp;  G\u1ee2I \u00dd   D\u00f9ng k\u00e8m:  \u2022 M\u00f3n m\u1eb7n: ph\u00f4 mai parmesan, t\u00f4m h\u00f9m s\u1ed1t c\u00e0 ri  \u2022 Tr\u00e1ng mi\u1ec7ng: s\u00f4c\u00f4la truffle, b\u00e1nh n\u01b0\u1edbng c\u00f3 v\u1ecb g\u1eebng \u0110\u1ed3 u\u1ed1ng:  \u2022 Cocktail g\u1ecdn g\u00e0ng\/tr\u00ean \u0111\u00e1 ho\u1eb7c ki\u1ec3u c\u0169\/v\u00e0ng  \u2022 Neat\/On Ice ho\u1eb7c cocktail Old Fashioned\/Gold Fashioned\" \/>\n<meta property=\"og:url\" content=\"https:\/\/alchemy-asia.com\/vi\/san-pham\/remy-martin-xo\/\" \/>\n<meta property=\"og:site_name\" content=\"Alchemy Asia\" \/>\n<meta property=\"article:modified_time\" content=\"2024-09-12T10:36:07+00:00\" \/>\n<meta property=\"og:image\" content=\"https:\/\/alchemy-asia.com\/vi\/wp-content\/uploads\/sites\/3\/2020\/03\/Remy-Martin-XO-1.png\" \/>\n\t<meta property=\"og:image:width\" content=\"2480\" \/>\n\t<meta property=\"og:image:height\" content=\"2480\" \/>\n\t<meta property=\"og:image:type\" content=\"image\/png\" \/>\n<meta name=\"twitter:card\" content=\"summary_large_image\" \/>\n<meta name=\"twitter:label1\" content=\"\u01af\u1edbc t\u00ednh th\u1eddi gian \u0111\u1ecdc\" \/>\n\t<meta name=\"twitter:data1\" content=\"1 ph\u00fat\" \/>\n<script type=\"application\/ld+json\" class=\"yoast-schema-graph\">{\"@context\":\"https:\/\/schema.org\",\"@graph\":[{\"@type\":\"WebPage\",\"@id\":\"https:\/\/alchemy-asia.com\/vi\/san-pham\/remy-martin-xo\/\",\"url\":\"https:\/\/alchemy-asia.com\/vi\/san-pham\/remy-martin-xo\/\",\"name\":\"R\u00e9my Martin XO - Alchemy Asia\",\"isPartOf\":{\"@id\":\"https:\/\/alchemy-asia.com\/vi\/#website\"},\"primaryImageOfPage\":{\"@id\":\"https:\/\/alchemy-asia.com\/vi\/san-pham\/remy-martin-xo\/#primaryimage\"},\"image\":{\"@id\":\"https:\/\/alchemy-asia.com\/vi\/san-pham\/remy-martin-xo\/#primaryimage\"},\"thumbnailUrl\":\"https:\/\/alchemy-asia.com\/vi\/wp-content\/uploads\/sites\/3\/2020\/03\/Remy-Martin-XO-1.png\",\"datePublished\":\"2020-03-24T04:09:07+00:00\",\"dateModified\":\"2024-09-12T10:36:07+00:00\",\"breadcrumb\":{\"@id\":\"https:\/\/alchemy-asia.com\/vi\/san-pham\/remy-martin-xo\/#breadcrumb\"},\"inLanguage\":\"vi\",\"potentialAction\":[{\"@type\":\"ReadAction\",\"target\":[\"https:\/\/alchemy-asia.com\/vi\/san-pham\/remy-martin-xo\/\"]}]},{\"@type\":\"ImageObject\",\"inLanguage\":\"vi\",\"@id\":\"https:\/\/alchemy-asia.com\/vi\/san-pham\/remy-martin-xo\/#primaryimage\",\"url\":\"https:\/\/alchemy-asia.com\/vi\/wp-content\/uploads\/sites\/3\/2020\/03\/Remy-Martin-XO-1.png\",\"contentUrl\":\"https:\/\/alchemy-asia.com\/vi\/wp-content\/uploads\/sites\/3\/2020\/03\/Remy-Martin-XO-1.png\",\"width\":2480,\"height\":2480,\"caption\":\"Remy Martin XO\"},{\"@type\":\"BreadcrumbList\",\"@id\":\"https:\/\/alchemy-asia.com\/vi\/san-pham\/remy-martin-xo\/#breadcrumb\",\"itemListElement\":[{\"@type\":\"ListItem\",\"position\":1,\"name\":\"Home\",\"item\":\"https:\/\/alchemy-asia.com\/vi\/\"},{\"@type\":\"ListItem\",\"position\":2,\"name\":\"R\u00e9my Martin XO\"}]},{\"@type\":\"WebSite\",\"@id\":\"https:\/\/alchemy-asia.com\/vi\/#website\",\"url\":\"https:\/\/alchemy-asia.com\/vi\/\",\"name\":\"Alchemy Asia\",\"description\":\"Just another Alchemy Asia Sites site\",\"potentialAction\":[{\"@type\":\"SearchAction\",\"target\":{\"@type\":\"EntryPoint\",\"urlTemplate\":\"https:\/\/alchemy-asia.com\/vi\/?s={search_term_string}\"},\"query-input\":\"required name=search_term_string\"}],\"inLanguage\":\"vi\"}]}<\/script>\n<!-- \/ Yoast SEO plugin. -->","yoast_head_json":{"title":"R\u00e9my Martin XO - Alchemy Asia","robots":{"index":"index","follow":"follow","max-snippet":"max-snippet:-1","max-image-preview":"max-image-preview:large","max-video-preview":"max-video-preview:-1"},"canonical":"https:\/\/alchemy-asia.com\/vi\/san-pham\/remy-martin-xo\/","og_locale":"vi_VN","og_type":"article","og_title":"R\u00e9my Martin XO - Alchemy Asia","og_description":"M\u00c0U S\u1eaeC   M\u00e0u \u0111\u1ecf opal ch\u00e1y. BODY Remy Martin XO c\u00f3 \u0111\u1ed9 m\u1ecbn m\u01b0\u1ee3t, \u0111\u1eadm \u0111\u00e0 v\u00e0 h\u1eadu v\u1ecb k\u00e9o d\u00e0i.  H\u01af\u01a0NG TH\u01a0M  M\u1ed9t n\u1ed1t h\u01b0\u01a1ng m\u1ea1nh m\u1ebd nh\u01b0ng tinh t\u1ebf. S\u1ef1 b\u00f9ng n\u1ed5 c\u1ee7a h\u01b0\u01a1ng tr\u00e1i c\u00e2y nh\u01b0 m\u1eadn v\u00e0 qu\u1ea3 sung kh\u00f4, cam v\u00e0 chanh d\u00e2y, m\u1ed9t ch\u00fat h\u01b0\u01a1ng m\u1eadt ong v\u00e0 h\u01b0\u01a1ng hoa nh\u00e0i.  H\u01af\u01a0NG V\u1eca   M\u1ed9t s\u1ef1 phong ph\u00fa v\u1ec1 h\u01b0\u01a1ng v\u1ecb, t\u1eeb v\u1ecb chanh d\u00e2y \u0111\u01b0\u1ee3c n\u00e2ng t\u1ea7m b\u1edfi v\u1ecb tr\u1ea7m c\u1ee7a tr\u00e1i c\u00e2y ch\u00edn (qu\u1ea3 sung v\u00e0 cam) \u0111\u1ebfn h\u01b0\u01a1ng v\u1ecb cay n\u1ed3ng c\u1ee7a h\u1ea1t nh\u1ee5c \u0111\u1eadu kh\u1ea5u v\u00e0 h\u1ea1t ph\u1ec9. H\u01b0\u01a1ng v\u1ecb c\u1ee7a XO lan t\u1ecfa d\u1ea7n trong su\u1ed1t qu\u00e1 tr\u00ecnh th\u01b0\u1edfng th\u1ee9c, k\u1ebft th\u00fac b\u1eb1ng nh\u1eefng n\u1ed1t h\u01b0\u01a1ng h\u1ea3o h\u1ea1ng t\u1eeb h\u1ea1t ca cao rang, m\u1eadt ong v\u00e0 b\u00e1nh m\u1eadt.  &nbsp;  G\u1ee2I \u00dd   D\u00f9ng k\u00e8m:  \u2022 M\u00f3n m\u1eb7n: ph\u00f4 mai parmesan, t\u00f4m h\u00f9m s\u1ed1t c\u00e0 ri  \u2022 Tr\u00e1ng mi\u1ec7ng: s\u00f4c\u00f4la truffle, b\u00e1nh n\u01b0\u1edbng c\u00f3 v\u1ecb g\u1eebng \u0110\u1ed3 u\u1ed1ng:  \u2022 Cocktail g\u1ecdn g\u00e0ng\/tr\u00ean \u0111\u00e1 ho\u1eb7c ki\u1ec3u c\u0169\/v\u00e0ng  \u2022 Neat\/On Ice ho\u1eb7c cocktail Old Fashioned\/Gold Fashioned","og_url":"https:\/\/alchemy-asia.com\/vi\/san-pham\/remy-martin-xo\/","og_site_name":"Alchemy Asia","article_modified_time":"2024-09-12T10:36:07+00:00","og_image":[{"width":2480,"height":2480,"url":"https:\/\/alchemy-asia.com\/vi\/wp-content\/uploads\/sites\/3\/2020\/03\/Remy-Martin-XO-1.png","type":"image\/png"}],"twitter_card":"summary_large_image","twitter_misc":{"\u01af\u1edbc t\u00ednh th\u1eddi gian \u0111\u1ecdc":"1 ph\u00fat"},"schema":{"@context":"https:\/\/schema.org","@graph":[{"@type":"WebPage","@id":"https:\/\/alchemy-asia.com\/vi\/san-pham\/remy-martin-xo\/","url":"https:\/\/alchemy-asia.com\/vi\/san-pham\/remy-martin-xo\/","name":"R\u00e9my Martin XO - Alchemy Asia","isPartOf":{"@id":"https:\/\/alchemy-asia.com\/vi\/#website"},"primaryImageOfPage":{"@id":"https:\/\/alchemy-asia.com\/vi\/san-pham\/remy-martin-xo\/#primaryimage"},"image":{"@id":"https:\/\/alchemy-asia.com\/vi\/san-pham\/remy-martin-xo\/#primaryimage"},"thumbnailUrl":"https:\/\/alchemy-asia.com\/vi\/wp-content\/uploads\/sites\/3\/2020\/03\/Remy-Martin-XO-1.png","datePublished":"2020-03-24T04:09:07+00:00","dateModified":"2024-09-12T10:36:07+00:00","breadcrumb":{"@id":"https:\/\/alchemy-asia.com\/vi\/san-pham\/remy-martin-xo\/#breadcrumb"},"inLanguage":"vi","potentialAction":[{"@type":"ReadAction","target":["https:\/\/alchemy-asia.com\/vi\/san-pham\/remy-martin-xo\/"]}]},{"@type":"ImageObject","inLanguage":"vi","@id":"https:\/\/alchemy-asia.com\/vi\/san-pham\/remy-martin-xo\/#primaryimage","url":"https:\/\/alchemy-asia.com\/vi\/wp-content\/uploads\/sites\/3\/2020\/03\/Remy-Martin-XO-1.png","contentUrl":"https:\/\/alchemy-asia.com\/vi\/wp-content\/uploads\/sites\/3\/2020\/03\/Remy-Martin-XO-1.png","width":2480,"height":2480,"caption":"Remy Martin XO"},{"@type":"BreadcrumbList","@id":"https:\/\/alchemy-asia.com\/vi\/san-pham\/remy-martin-xo\/#breadcrumb","itemListElement":[{"@type":"ListItem","position":1,"name":"Home","item":"https:\/\/alchemy-asia.com\/vi\/"},{"@type":"ListItem","position":2,"name":"R\u00e9my Martin XO"}]},{"@type":"WebSite","@id":"https:\/\/alchemy-asia.com\/vi\/#website","url":"https:\/\/alchemy-asia.com\/vi\/","name":"Alchemy Asia","description":"Just another Alchemy Asia Sites site","potentialAction":[{"@type":"SearchAction","target":{"@type":"EntryPoint","urlTemplate":"https:\/\/alchemy-asia.com\/vi\/?s={search_term_string}"},"query-input":"required name=search_term_string"}],"inLanguage":"vi"}]}},"_links":{"self":[{"href":"https:\/\/alchemy-asia.com\/vi\/wp-json\/wp\/v2\/product\/6239","targetHints":{"allow":["GET"]}}],"collection":[{"href":"https:\/\/alchemy-asia.com\/vi\/wp-json\/wp\/v2\/product"}],"about":[{"href":"https:\/\/alchemy-asia.com\/vi\/wp-json\/wp\/v2\/types\/product"}],"replies":[{"embeddable":true,"href":"https:\/\/alchemy-asia.com\/vi\/wp-json\/wp\/v2\/comments?post=6239"}],"wp:featuredmedia":[{"embeddable":true,"href":"https:\/\/alchemy-asia.com\/vi\/wp-json\/wp\/v2\/media\/8903"}],"wp:attachment":[{"href":"https:\/\/alchemy-asia.com\/vi\/wp-json\/wp\/v2\/media?parent=6239"}],"wp:term":[{"taxonomy":"product_cat","embeddable":true,"href":"https:\/\/alchemy-asia.com\/vi\/wp-json\/wp\/v2\/product_cat?post=6239"},{"taxonomy":"product_tag","embeddable":true,"href":"https:\/\/alchemy-asia.com\/vi\/wp-json\/wp\/v2\/product_tag?post=6239"}],"curies":[{"name":"wp","href":"https:\/\/api.w.org\/{rel}","templated":true}]}}