{"id":6240,"date":"2020-03-24T04:09:56","date_gmt":"2020-03-24T04:09:56","guid":{"rendered":"http:\/\/alchemy-asia.com\/vi\/?post_type=product&#038;p=6240"},"modified":"2024-09-13T04:02:20","modified_gmt":"2024-09-13T04:02:20","slug":"remy-martin-vsop","status":"publish","type":"product","link":"https:\/\/alchemy-asia.com\/vi\/san-pham\/remy-martin-vsop\/","title":{"rendered":"R\u00e9my Martin VSOP"},"content":{"rendered":"","protected":false},"excerpt":{"rendered":"<p><strong>M\u00c0U S\u1eaeC<\/strong><\/p>\n<p>M\u00e0u v\u00e0ng \u1ea5m \u00e1p v\u00e0 b\u00ed \u1ea9n khi \u1edf trong chai, m\u00e0u v\u00e0ng r\u1ef1c r\u1ee1 khi \u0111\u01b0\u1ee3c r\u00f3t ra ly.<\/p>\n<p><strong>H\u01af\u01a0NG TH\u01a0M<\/strong><\/p>\n<p>H\u01b0\u01a1ng vani ch\u1ee7 \u0111\u1ea1o t\u1eeb c\u00e1c th\u00f9ng g\u1ed7 s\u1ed3i Ph\u00e1p, ti\u1ebfp n\u1ed1i l\u00e0 h\u01b0\u01a1ng qu\u1ea3 m\u01a1 kh\u00f4 v\u00e0 l\u00ea nh\u00e0o \u0111\u01b0\u1eddng.<\/p>\n<p><strong>H\u01af\u01a0NG V\u1eca<\/strong><\/p>\n<p>M\u1ed9t s\u1ef1 h\u00f2a h\u1ee3p ho\u00e0n h\u1ea3o gi\u1eefa h\u01b0\u01a1ng v\u1ecb tr\u00e1i c\u00e2y s\u1ea5y kh\u00f4 v\u00e0 h\u01b0\u01a1ng cam th\u1ea3o, mang \u0111\u1ebfn s\u1ef1 ph\u1ee9c h\u1ee3p tuy\u1ec7t v\u1eddi gi\u1eefa thanh l\u1ecbch v\u00e0 tinh t\u1ebf.<\/p>\n<p><strong>BODY<\/strong><\/p>\n<p>C\u00f3 s\u1ef1 c\u00e2n b\u1eb1ng t\u1ed1t, c\u00f3 c\u1ea5u tr\u00fac \u0111a t\u1ea7ng. S\u1ef1 tr\u00f2n v\u1ecb t\u1eeb tr\u00e1i c\u00e2y s\u1ea5y kh\u00f4 \u0111i k\u00e8m k\u1ebft c\u1ea5u m\u01b0\u1ee3t m\u00e0 v\u00e0 d\u1ec5 ch\u1ecbu.<\/p>\n<p>&nbsp;<\/p>\n<p><strong>G\u1ee2I \u00dd<\/strong><\/p>\n<p>D\u00f9ng k\u00e8m<\/p>\n<p>\u2022 M\u00f3n m\u1eb7n: c\u00e1 h\u1ed3i graflax, ph\u00f4 mai xanh<\/p>\n<p>\u2022 Tr\u00e1ng mi\u1ec7ng: macaroon v\u1ecb vani, b\u00e1nh tart v\u1ecb t\u00e1o \u0110\u1ed3 u\u1ed1ng:<\/p>\n<p>\u2022 Neat\/On Ice ho\u1eb7c R\u00e9my Ginger\/ Mint Julep\/ Harmony<\/p>\n","protected":false},"featured_media":8911,"comment_status":"open","ping_status":"closed","template":"","meta":{"_acf_changed":false},"product_cat":[51],"product_tag":[],"class_list":{"0":"post-6240","1":"product","2":"type-product","3":"status-publish","4":"has-post-thumbnail","6":"product_cat-cognac","7":"brand-remy-martin","9":"first","10":"instock","11":"shipping-taxable","12":"product-type-simple"},"acf":[],"yoast_head":"<!-- This site is optimized with the Yoast SEO plugin v23.0 - https:\/\/yoast.com\/wordpress\/plugins\/seo\/ -->\n<title>R\u00e9my Martin VSOP - Alchemy Asia<\/title>\n<meta name=\"robots\" content=\"index, follow, max-snippet:-1, max-image-preview:large, max-video-preview:-1\" \/>\n<link rel=\"canonical\" href=\"https:\/\/alchemy-asia.com\/vi\/san-pham\/remy-martin-vsop\/\" \/>\n<meta property=\"og:locale\" content=\"vi_VN\" \/>\n<meta property=\"og:type\" content=\"article\" \/>\n<meta property=\"og:title\" content=\"R\u00e9my Martin VSOP - Alchemy Asia\" \/>\n<meta property=\"og:description\" content=\"M\u00c0U S\u1eaeC  M\u00e0u v\u00e0ng \u1ea5m \u00e1p v\u00e0 b\u00ed \u1ea9n khi \u1edf trong chai, m\u00e0u v\u00e0ng r\u1ef1c r\u1ee1 khi \u0111\u01b0\u1ee3c r\u00f3t ra ly.  H\u01af\u01a0NG TH\u01a0M  H\u01b0\u01a1ng vani ch\u1ee7 \u0111\u1ea1o t\u1eeb c\u00e1c th\u00f9ng g\u1ed7 s\u1ed3i Ph\u00e1p, ti\u1ebfp n\u1ed1i l\u00e0 h\u01b0\u01a1ng qu\u1ea3 m\u01a1 kh\u00f4 v\u00e0 l\u00ea nh\u00e0o \u0111\u01b0\u1eddng.  H\u01af\u01a0NG V\u1eca  M\u1ed9t s\u1ef1 h\u00f2a h\u1ee3p ho\u00e0n h\u1ea3o gi\u1eefa h\u01b0\u01a1ng v\u1ecb tr\u00e1i c\u00e2y s\u1ea5y kh\u00f4 v\u00e0 h\u01b0\u01a1ng cam th\u1ea3o, mang \u0111\u1ebfn s\u1ef1 ph\u1ee9c h\u1ee3p tuy\u1ec7t v\u1eddi gi\u1eefa thanh l\u1ecbch v\u00e0 tinh t\u1ebf.  BODY  C\u00f3 s\u1ef1 c\u00e2n b\u1eb1ng t\u1ed1t, c\u00f3 c\u1ea5u tr\u00fac \u0111a t\u1ea7ng. S\u1ef1 tr\u00f2n v\u1ecb t\u1eeb tr\u00e1i c\u00e2y s\u1ea5y kh\u00f4 \u0111i k\u00e8m k\u1ebft c\u1ea5u m\u01b0\u1ee3t m\u00e0 v\u00e0 d\u1ec5 ch\u1ecbu.  &nbsp;  G\u1ee2I \u00dd  D\u00f9ng k\u00e8m  \u2022 M\u00f3n m\u1eb7n: c\u00e1 h\u1ed3i graflax, ph\u00f4 mai xanh  \u2022 Tr\u00e1ng mi\u1ec7ng: macaroon v\u1ecb vani, b\u00e1nh tart v\u1ecb t\u00e1o \u0110\u1ed3 u\u1ed1ng:  \u2022 Neat\/On Ice ho\u1eb7c R\u00e9my Ginger\/ Mint Julep\/ Harmony\" \/>\n<meta property=\"og:url\" content=\"https:\/\/alchemy-asia.com\/vi\/san-pham\/remy-martin-vsop\/\" \/>\n<meta property=\"og:site_name\" content=\"Alchemy Asia\" \/>\n<meta property=\"article:modified_time\" content=\"2024-09-13T04:02:20+00:00\" \/>\n<meta property=\"og:image\" content=\"https:\/\/alchemy-asia.com\/vi\/wp-content\/uploads\/sites\/3\/2020\/03\/WEBSITE-with-Rulers-1-1024x1024.png\" \/>\n\t<meta property=\"og:image:width\" content=\"1024\" \/>\n\t<meta property=\"og:image:height\" content=\"1024\" \/>\n\t<meta property=\"og:image:type\" content=\"image\/png\" \/>\n<meta name=\"twitter:card\" content=\"summary_large_image\" \/>\n<meta name=\"twitter:label1\" content=\"\u01af\u1edbc t\u00ednh th\u1eddi gian \u0111\u1ecdc\" \/>\n\t<meta name=\"twitter:data1\" content=\"1 ph\u00fat\" \/>\n<script type=\"application\/ld+json\" class=\"yoast-schema-graph\">{\"@context\":\"https:\/\/schema.org\",\"@graph\":[{\"@type\":\"WebPage\",\"@id\":\"https:\/\/alchemy-asia.com\/vi\/san-pham\/remy-martin-vsop\/\",\"url\":\"https:\/\/alchemy-asia.com\/vi\/san-pham\/remy-martin-vsop\/\",\"name\":\"R\u00e9my Martin VSOP - Alchemy Asia\",\"isPartOf\":{\"@id\":\"https:\/\/alchemy-asia.com\/vi\/#website\"},\"primaryImageOfPage\":{\"@id\":\"https:\/\/alchemy-asia.com\/vi\/san-pham\/remy-martin-vsop\/#primaryimage\"},\"image\":{\"@id\":\"https:\/\/alchemy-asia.com\/vi\/san-pham\/remy-martin-vsop\/#primaryimage\"},\"thumbnailUrl\":\"https:\/\/alchemy-asia.com\/vi\/wp-content\/uploads\/sites\/3\/2020\/03\/WEBSITE-with-Rulers-1.png\",\"datePublished\":\"2020-03-24T04:09:56+00:00\",\"dateModified\":\"2024-09-13T04:02:20+00:00\",\"breadcrumb\":{\"@id\":\"https:\/\/alchemy-asia.com\/vi\/san-pham\/remy-martin-vsop\/#breadcrumb\"},\"inLanguage\":\"vi\",\"potentialAction\":[{\"@type\":\"ReadAction\",\"target\":[\"https:\/\/alchemy-asia.com\/vi\/san-pham\/remy-martin-vsop\/\"]}]},{\"@type\":\"ImageObject\",\"inLanguage\":\"vi\",\"@id\":\"https:\/\/alchemy-asia.com\/vi\/san-pham\/remy-martin-vsop\/#primaryimage\",\"url\":\"https:\/\/alchemy-asia.com\/vi\/wp-content\/uploads\/sites\/3\/2020\/03\/WEBSITE-with-Rulers-1.png\",\"contentUrl\":\"https:\/\/alchemy-asia.com\/vi\/wp-content\/uploads\/sites\/3\/2020\/03\/WEBSITE-with-Rulers-1.png\",\"width\":2480,\"height\":2480,\"caption\":\"R\u00e9my Martin VSOP Cognac\"},{\"@type\":\"BreadcrumbList\",\"@id\":\"https:\/\/alchemy-asia.com\/vi\/san-pham\/remy-martin-vsop\/#breadcrumb\",\"itemListElement\":[{\"@type\":\"ListItem\",\"position\":1,\"name\":\"Home\",\"item\":\"https:\/\/alchemy-asia.com\/vi\/\"},{\"@type\":\"ListItem\",\"position\":2,\"name\":\"R\u00e9my Martin VSOP\"}]},{\"@type\":\"WebSite\",\"@id\":\"https:\/\/alchemy-asia.com\/vi\/#website\",\"url\":\"https:\/\/alchemy-asia.com\/vi\/\",\"name\":\"Alchemy Asia\",\"description\":\"Just another Alchemy Asia Sites site\",\"potentialAction\":[{\"@type\":\"SearchAction\",\"target\":{\"@type\":\"EntryPoint\",\"urlTemplate\":\"https:\/\/alchemy-asia.com\/vi\/?s={search_term_string}\"},\"query-input\":\"required name=search_term_string\"}],\"inLanguage\":\"vi\"}]}<\/script>\n<!-- \/ Yoast SEO plugin. -->","yoast_head_json":{"title":"R\u00e9my Martin VSOP - Alchemy Asia","robots":{"index":"index","follow":"follow","max-snippet":"max-snippet:-1","max-image-preview":"max-image-preview:large","max-video-preview":"max-video-preview:-1"},"canonical":"https:\/\/alchemy-asia.com\/vi\/san-pham\/remy-martin-vsop\/","og_locale":"vi_VN","og_type":"article","og_title":"R\u00e9my Martin VSOP - Alchemy Asia","og_description":"M\u00c0U S\u1eaeC  M\u00e0u v\u00e0ng \u1ea5m \u00e1p v\u00e0 b\u00ed \u1ea9n khi \u1edf trong chai, m\u00e0u v\u00e0ng r\u1ef1c r\u1ee1 khi \u0111\u01b0\u1ee3c r\u00f3t ra ly.  H\u01af\u01a0NG TH\u01a0M  H\u01b0\u01a1ng vani ch\u1ee7 \u0111\u1ea1o t\u1eeb c\u00e1c th\u00f9ng g\u1ed7 s\u1ed3i Ph\u00e1p, ti\u1ebfp n\u1ed1i l\u00e0 h\u01b0\u01a1ng qu\u1ea3 m\u01a1 kh\u00f4 v\u00e0 l\u00ea nh\u00e0o \u0111\u01b0\u1eddng.  H\u01af\u01a0NG V\u1eca  M\u1ed9t s\u1ef1 h\u00f2a h\u1ee3p ho\u00e0n h\u1ea3o gi\u1eefa h\u01b0\u01a1ng v\u1ecb tr\u00e1i c\u00e2y s\u1ea5y kh\u00f4 v\u00e0 h\u01b0\u01a1ng cam th\u1ea3o, mang \u0111\u1ebfn s\u1ef1 ph\u1ee9c h\u1ee3p tuy\u1ec7t v\u1eddi gi\u1eefa thanh l\u1ecbch v\u00e0 tinh t\u1ebf.  BODY  C\u00f3 s\u1ef1 c\u00e2n b\u1eb1ng t\u1ed1t, c\u00f3 c\u1ea5u tr\u00fac \u0111a t\u1ea7ng. S\u1ef1 tr\u00f2n v\u1ecb t\u1eeb tr\u00e1i c\u00e2y s\u1ea5y kh\u00f4 \u0111i k\u00e8m k\u1ebft c\u1ea5u m\u01b0\u1ee3t m\u00e0 v\u00e0 d\u1ec5 ch\u1ecbu.  &nbsp;  G\u1ee2I \u00dd  D\u00f9ng k\u00e8m  \u2022 M\u00f3n m\u1eb7n: c\u00e1 h\u1ed3i graflax, ph\u00f4 mai xanh  \u2022 Tr\u00e1ng mi\u1ec7ng: macaroon v\u1ecb vani, b\u00e1nh tart v\u1ecb t\u00e1o \u0110\u1ed3 u\u1ed1ng:  \u2022 Neat\/On Ice ho\u1eb7c R\u00e9my Ginger\/ Mint Julep\/ Harmony","og_url":"https:\/\/alchemy-asia.com\/vi\/san-pham\/remy-martin-vsop\/","og_site_name":"Alchemy Asia","article_modified_time":"2024-09-13T04:02:20+00:00","og_image":[{"width":1024,"height":1024,"url":"https:\/\/alchemy-asia.com\/vi\/wp-content\/uploads\/sites\/3\/2020\/03\/WEBSITE-with-Rulers-1-1024x1024.png","type":"image\/png"}],"twitter_card":"summary_large_image","twitter_misc":{"\u01af\u1edbc t\u00ednh th\u1eddi gian \u0111\u1ecdc":"1 ph\u00fat"},"schema":{"@context":"https:\/\/schema.org","@graph":[{"@type":"WebPage","@id":"https:\/\/alchemy-asia.com\/vi\/san-pham\/remy-martin-vsop\/","url":"https:\/\/alchemy-asia.com\/vi\/san-pham\/remy-martin-vsop\/","name":"R\u00e9my Martin VSOP - Alchemy Asia","isPartOf":{"@id":"https:\/\/alchemy-asia.com\/vi\/#website"},"primaryImageOfPage":{"@id":"https:\/\/alchemy-asia.com\/vi\/san-pham\/remy-martin-vsop\/#primaryimage"},"image":{"@id":"https:\/\/alchemy-asia.com\/vi\/san-pham\/remy-martin-vsop\/#primaryimage"},"thumbnailUrl":"https:\/\/alchemy-asia.com\/vi\/wp-content\/uploads\/sites\/3\/2020\/03\/WEBSITE-with-Rulers-1.png","datePublished":"2020-03-24T04:09:56+00:00","dateModified":"2024-09-13T04:02:20+00:00","breadcrumb":{"@id":"https:\/\/alchemy-asia.com\/vi\/san-pham\/remy-martin-vsop\/#breadcrumb"},"inLanguage":"vi","potentialAction":[{"@type":"ReadAction","target":["https:\/\/alchemy-asia.com\/vi\/san-pham\/remy-martin-vsop\/"]}]},{"@type":"ImageObject","inLanguage":"vi","@id":"https:\/\/alchemy-asia.com\/vi\/san-pham\/remy-martin-vsop\/#primaryimage","url":"https:\/\/alchemy-asia.com\/vi\/wp-content\/uploads\/sites\/3\/2020\/03\/WEBSITE-with-Rulers-1.png","contentUrl":"https:\/\/alchemy-asia.com\/vi\/wp-content\/uploads\/sites\/3\/2020\/03\/WEBSITE-with-Rulers-1.png","width":2480,"height":2480,"caption":"R\u00e9my Martin VSOP Cognac"},{"@type":"BreadcrumbList","@id":"https:\/\/alchemy-asia.com\/vi\/san-pham\/remy-martin-vsop\/#breadcrumb","itemListElement":[{"@type":"ListItem","position":1,"name":"Home","item":"https:\/\/alchemy-asia.com\/vi\/"},{"@type":"ListItem","position":2,"name":"R\u00e9my Martin VSOP"}]},{"@type":"WebSite","@id":"https:\/\/alchemy-asia.com\/vi\/#website","url":"https:\/\/alchemy-asia.com\/vi\/","name":"Alchemy Asia","description":"Just another Alchemy Asia Sites site","potentialAction":[{"@type":"SearchAction","target":{"@type":"EntryPoint","urlTemplate":"https:\/\/alchemy-asia.com\/vi\/?s={search_term_string}"},"query-input":"required name=search_term_string"}],"inLanguage":"vi"}]}},"_links":{"self":[{"href":"https:\/\/alchemy-asia.com\/vi\/wp-json\/wp\/v2\/product\/6240","targetHints":{"allow":["GET"]}}],"collection":[{"href":"https:\/\/alchemy-asia.com\/vi\/wp-json\/wp\/v2\/product"}],"about":[{"href":"https:\/\/alchemy-asia.com\/vi\/wp-json\/wp\/v2\/types\/product"}],"replies":[{"embeddable":true,"href":"https:\/\/alchemy-asia.com\/vi\/wp-json\/wp\/v2\/comments?post=6240"}],"wp:featuredmedia":[{"embeddable":true,"href":"https:\/\/alchemy-asia.com\/vi\/wp-json\/wp\/v2\/media\/8911"}],"wp:attachment":[{"href":"https:\/\/alchemy-asia.com\/vi\/wp-json\/wp\/v2\/media?parent=6240"}],"wp:term":[{"taxonomy":"product_cat","embeddable":true,"href":"https:\/\/alchemy-asia.com\/vi\/wp-json\/wp\/v2\/product_cat?post=6240"},{"taxonomy":"product_tag","embeddable":true,"href":"https:\/\/alchemy-asia.com\/vi\/wp-json\/wp\/v2\/product_tag?post=6240"}],"curies":[{"name":"wp","href":"https:\/\/api.w.org\/{rel}","templated":true}]}}