{"id":6241,"date":"2020-03-24T04:10:40","date_gmt":"2020-03-24T04:10:40","guid":{"rendered":"http:\/\/alchemy-asia.com\/vi\/?post_type=product&#038;p=6241"},"modified":"2024-09-13T03:41:38","modified_gmt":"2024-09-13T03:41:38","slug":"remy-martin-club","status":"publish","type":"product","link":"https:\/\/alchemy-asia.com\/vi\/san-pham\/remy-martin-club\/","title":{"rendered":"R\u00e9my Martin Club"},"content":{"rendered":"","protected":false},"excerpt":{"rendered":"<p><strong>M\u00c0U S\u1eaeC <\/strong><\/p>\n<p>M\u00e0u h\u1ed5 ph\u00e1ch \u0111\u1eadm, t\u01b0\u1ee3ng tr\u01b0ng cho m\u00e0u th\u00f9ng g\u1ed7 s\u1ed3i trong c\u00e1c h\u1ea7m r\u01b0\u1ee3u c\u1ee7a Nh\u00e0 R\u00e9my Martin.<\/p>\n<p>&nbsp;<\/p>\n<p><strong>H\u01af\u01a0NG TH\u01a0M<\/strong><\/p>\n<p>M\u1edf \u0111\u1ea7u l\u00e0 n\u1ed1t h\u01b0\u01a1ng t\u1eeb h\u1ea1t nh\u01b0 qu\u1ea3 \u00f3c ch\u00f3, ti\u1ebfp n\u1ed1i l\u00e0 s\u1ef1 m\u1edf ra c\u1ee7a m\u1ed9t lo\u1ea1t t\u1ea7ng h\u01b0\u01a1ng kh\u00e1c nhau, t\u1eeb h\u01b0\u01a1ng th\u01a1m c\u1ee7a c\u00e1c lo\u1ea1i gia v\u1ecb \u0111\u1ebfn tr\u00e1i c\u00e2y kh\u00f4, nh\u01b0 \u0111inh h\u01b0\u01a1ng, nh\u1ee5c \u0111\u1eadu kh\u1ea5u, vani v\u00e0 m\u01a1 kh\u00f4.<\/p>\n<p>&nbsp;<\/p>\n<p><strong>H\u01af\u01a0NG V\u1eca<\/strong><\/p>\n<p>M\u1ed9t ch\u00fat v\u1ecb h\u1ea1t ph\u1ec9 t\u01b0\u01a1i \u00f4m l\u1ea5y v\u00f2m mi\u1ec7ng, h\u00f2a quy\u1ec7n v\u1edbi v\u00f4 s\u1ed1 h\u01b0\u01a1ng v\u1ecb: v\u1ecb \u0111\u1eadm \u0111\u00e0 c\u1ee7a qu\u1ea3 sung v\u00e0 qu\u1ea3 m\u01a1 kh\u00f4, v\u1ecb cay c\u1ee7a h\u1ea1t nh\u1ee5c \u0111\u1eadu kh\u1ea5u, v\u1ecb \u1ea5m c\u1ee7a h\u1ea1nh nh\u00e2n n\u01b0\u1edbng, cam v\u00e0 c\u00e0 ph\u00ea rang. M\u1ed9t s\u1ef1 ph\u1ed1i tr\u1ed9n h\u00e0i h\u00f2a nh\u1eefng c\u00e1c h\u01b0\u01a1ng v\u1ecb \u0111\u1ed9c l\u1eadp t\u1ea1o n\u00ean h\u01b0\u01a1ng v\u1ecb \u0111\u1eb7c tr\u01b0ng c\u1ee7a cognac.<\/p>\n<p>&nbsp;<\/p>\n<p><strong>BODY<\/strong><\/p>\n<p>Ph\u1ee9c t\u1ea1p nh\u01b0ng v\u1eabn c\u00e2n b\u1eb1ng, m\u1ed9t s\u1ef1 ph\u1ed1i tr\u1ed9n mang t\u00ednh \u0111a chi\u1ec1u nh\u01b0ng v\u1eabn gi\u1eef \u0111\u01b0\u1ee3c s\u1ef1 m\u01b0\u1ee3t m\u00e0 k\u00e9o d\u00e0i \u0111\u1ebfn su\u1ed1t h\u1eadu v\u1ecb.<\/p>\n<p>&nbsp;<\/p>\n<p><strong>G\u1ee2I \u00dd<\/strong><\/p>\n<p>D\u00f9ng k\u00e8m:<\/p>\n<p>\u2022 M\u00f3n m\u1eb7n: Ph\u00f4 mai (t\u1eeb 18 th\u00e1ng tu\u1ed5i tr\u1edf l\u00ean)<\/p>\n<p>\u2022 Tr\u00e1ng mi\u1ec7ng: Tr\u00e1i c\u00e2y s\u1ea5y kh\u00f4 (xo\u00e0i, d\u1ee9a, nho kh\u00f4)<\/p>\n<p>\u2022 \u0110\u1ed3 u\u1ed1ng: Neat\/On the rock ho\u1eb7c m\u00f3n cocktail Cold Brew Ice Tea<\/p>\n","protected":false},"featured_media":8905,"comment_status":"open","ping_status":"closed","template":"","meta":{"_acf_changed":false},"product_cat":[51],"product_tag":[],"class_list":{"0":"post-6241","1":"product","2":"type-product","3":"status-publish","4":"has-post-thumbnail","6":"product_cat-cognac","7":"brand-remy-martin","9":"first","10":"instock","11":"shipping-taxable","12":"product-type-simple"},"acf":[],"yoast_head":"<!-- This site is optimized with the Yoast SEO plugin v23.0 - https:\/\/yoast.com\/wordpress\/plugins\/seo\/ -->\n<title>R\u00e9my Martin Club - Alchemy Asia<\/title>\n<meta name=\"robots\" content=\"index, follow, max-snippet:-1, max-image-preview:large, max-video-preview:-1\" \/>\n<link rel=\"canonical\" href=\"https:\/\/alchemy-asia.com\/vi\/san-pham\/remy-martin-club\/\" \/>\n<meta property=\"og:locale\" content=\"vi_VN\" \/>\n<meta property=\"og:type\" content=\"article\" \/>\n<meta property=\"og:title\" content=\"R\u00e9my Martin Club - Alchemy Asia\" \/>\n<meta property=\"og:description\" content=\"M\u00c0U S\u1eaeC   M\u00e0u h\u1ed5 ph\u00e1ch \u0111\u1eadm, t\u01b0\u1ee3ng tr\u01b0ng cho m\u00e0u th\u00f9ng g\u1ed7 s\u1ed3i trong c\u00e1c h\u1ea7m r\u01b0\u1ee3u c\u1ee7a Nh\u00e0 R\u00e9my Martin.  &nbsp;  H\u01af\u01a0NG TH\u01a0M  M\u1edf \u0111\u1ea7u l\u00e0 n\u1ed1t h\u01b0\u01a1ng t\u1eeb h\u1ea1t nh\u01b0 qu\u1ea3 \u00f3c ch\u00f3, ti\u1ebfp n\u1ed1i l\u00e0 s\u1ef1 m\u1edf ra c\u1ee7a m\u1ed9t lo\u1ea1t t\u1ea7ng h\u01b0\u01a1ng kh\u00e1c nhau, t\u1eeb h\u01b0\u01a1ng th\u01a1m c\u1ee7a c\u00e1c lo\u1ea1i gia v\u1ecb \u0111\u1ebfn tr\u00e1i c\u00e2y kh\u00f4, nh\u01b0 \u0111inh h\u01b0\u01a1ng, nh\u1ee5c \u0111\u1eadu kh\u1ea5u, vani v\u00e0 m\u01a1 kh\u00f4.  &nbsp;  H\u01af\u01a0NG V\u1eca  M\u1ed9t ch\u00fat v\u1ecb h\u1ea1t ph\u1ec9 t\u01b0\u01a1i \u00f4m l\u1ea5y v\u00f2m mi\u1ec7ng, h\u00f2a quy\u1ec7n v\u1edbi v\u00f4 s\u1ed1 h\u01b0\u01a1ng v\u1ecb: v\u1ecb \u0111\u1eadm \u0111\u00e0 c\u1ee7a qu\u1ea3 sung v\u00e0 qu\u1ea3 m\u01a1 kh\u00f4, v\u1ecb cay c\u1ee7a h\u1ea1t nh\u1ee5c \u0111\u1eadu kh\u1ea5u, v\u1ecb \u1ea5m c\u1ee7a h\u1ea1nh nh\u00e2n n\u01b0\u1edbng, cam v\u00e0 c\u00e0 ph\u00ea rang. M\u1ed9t s\u1ef1 ph\u1ed1i tr\u1ed9n h\u00e0i h\u00f2a nh\u1eefng c\u00e1c h\u01b0\u01a1ng v\u1ecb \u0111\u1ed9c l\u1eadp t\u1ea1o n\u00ean h\u01b0\u01a1ng v\u1ecb \u0111\u1eb7c tr\u01b0ng c\u1ee7a cognac.  &nbsp;  BODY  Ph\u1ee9c t\u1ea1p nh\u01b0ng v\u1eabn c\u00e2n b\u1eb1ng, m\u1ed9t s\u1ef1 ph\u1ed1i tr\u1ed9n mang t\u00ednh \u0111a chi\u1ec1u nh\u01b0ng v\u1eabn gi\u1eef \u0111\u01b0\u1ee3c s\u1ef1 m\u01b0\u1ee3t m\u00e0 k\u00e9o d\u00e0i \u0111\u1ebfn su\u1ed1t h\u1eadu v\u1ecb.  &nbsp;  G\u1ee2I \u00dd  D\u00f9ng k\u00e8m:  \u2022 M\u00f3n m\u1eb7n: Ph\u00f4 mai (t\u1eeb 18 th\u00e1ng tu\u1ed5i tr\u1edf l\u00ean)  \u2022 Tr\u00e1ng mi\u1ec7ng: Tr\u00e1i c\u00e2y s\u1ea5y kh\u00f4 (xo\u00e0i, d\u1ee9a, nho kh\u00f4)  \u2022 \u0110\u1ed3 u\u1ed1ng: Neat\/On the rock ho\u1eb7c m\u00f3n cocktail Cold Brew Ice Tea\" \/>\n<meta property=\"og:url\" content=\"https:\/\/alchemy-asia.com\/vi\/san-pham\/remy-martin-club\/\" \/>\n<meta property=\"og:site_name\" content=\"Alchemy Asia\" \/>\n<meta property=\"article:modified_time\" content=\"2024-09-13T03:41:38+00:00\" \/>\n<meta property=\"og:image\" content=\"https:\/\/alchemy-asia.com\/vi\/wp-content\/uploads\/sites\/3\/2020\/03\/WEBSITE-with-Rulers-1024x1024.png\" \/>\n\t<meta property=\"og:image:width\" content=\"1024\" \/>\n\t<meta property=\"og:image:height\" content=\"1024\" \/>\n\t<meta property=\"og:image:type\" content=\"image\/png\" \/>\n<meta name=\"twitter:card\" content=\"summary_large_image\" \/>\n<meta name=\"twitter:label1\" content=\"\u01af\u1edbc t\u00ednh th\u1eddi gian \u0111\u1ecdc\" \/>\n\t<meta name=\"twitter:data1\" content=\"1 ph\u00fat\" \/>\n<script type=\"application\/ld+json\" class=\"yoast-schema-graph\">{\"@context\":\"https:\/\/schema.org\",\"@graph\":[{\"@type\":\"WebPage\",\"@id\":\"https:\/\/alchemy-asia.com\/vi\/san-pham\/remy-martin-club\/\",\"url\":\"https:\/\/alchemy-asia.com\/vi\/san-pham\/remy-martin-club\/\",\"name\":\"R\u00e9my Martin Club - Alchemy Asia\",\"isPartOf\":{\"@id\":\"https:\/\/alchemy-asia.com\/vi\/#website\"},\"primaryImageOfPage\":{\"@id\":\"https:\/\/alchemy-asia.com\/vi\/san-pham\/remy-martin-club\/#primaryimage\"},\"image\":{\"@id\":\"https:\/\/alchemy-asia.com\/vi\/san-pham\/remy-martin-club\/#primaryimage\"},\"thumbnailUrl\":\"https:\/\/alchemy-asia.com\/vi\/wp-content\/uploads\/sites\/3\/2020\/03\/WEBSITE-with-Rulers.png\",\"datePublished\":\"2020-03-24T04:10:40+00:00\",\"dateModified\":\"2024-09-13T03:41:38+00:00\",\"breadcrumb\":{\"@id\":\"https:\/\/alchemy-asia.com\/vi\/san-pham\/remy-martin-club\/#breadcrumb\"},\"inLanguage\":\"vi\",\"potentialAction\":[{\"@type\":\"ReadAction\",\"target\":[\"https:\/\/alchemy-asia.com\/vi\/san-pham\/remy-martin-club\/\"]}]},{\"@type\":\"ImageObject\",\"inLanguage\":\"vi\",\"@id\":\"https:\/\/alchemy-asia.com\/vi\/san-pham\/remy-martin-club\/#primaryimage\",\"url\":\"https:\/\/alchemy-asia.com\/vi\/wp-content\/uploads\/sites\/3\/2020\/03\/WEBSITE-with-Rulers.png\",\"contentUrl\":\"https:\/\/alchemy-asia.com\/vi\/wp-content\/uploads\/sites\/3\/2020\/03\/WEBSITE-with-Rulers.png\",\"width\":2480,\"height\":2480,\"caption\":\"R\u00e9my Martin Club Cognac\"},{\"@type\":\"BreadcrumbList\",\"@id\":\"https:\/\/alchemy-asia.com\/vi\/san-pham\/remy-martin-club\/#breadcrumb\",\"itemListElement\":[{\"@type\":\"ListItem\",\"position\":1,\"name\":\"Home\",\"item\":\"https:\/\/alchemy-asia.com\/vi\/\"},{\"@type\":\"ListItem\",\"position\":2,\"name\":\"R\u00e9my Martin Club\"}]},{\"@type\":\"WebSite\",\"@id\":\"https:\/\/alchemy-asia.com\/vi\/#website\",\"url\":\"https:\/\/alchemy-asia.com\/vi\/\",\"name\":\"Alchemy Asia\",\"description\":\"Just another Alchemy Asia Sites site\",\"potentialAction\":[{\"@type\":\"SearchAction\",\"target\":{\"@type\":\"EntryPoint\",\"urlTemplate\":\"https:\/\/alchemy-asia.com\/vi\/?s={search_term_string}\"},\"query-input\":\"required name=search_term_string\"}],\"inLanguage\":\"vi\"}]}<\/script>\n<!-- \/ Yoast SEO plugin. -->","yoast_head_json":{"title":"R\u00e9my Martin Club - Alchemy Asia","robots":{"index":"index","follow":"follow","max-snippet":"max-snippet:-1","max-image-preview":"max-image-preview:large","max-video-preview":"max-video-preview:-1"},"canonical":"https:\/\/alchemy-asia.com\/vi\/san-pham\/remy-martin-club\/","og_locale":"vi_VN","og_type":"article","og_title":"R\u00e9my Martin Club - Alchemy Asia","og_description":"M\u00c0U S\u1eaeC   M\u00e0u h\u1ed5 ph\u00e1ch \u0111\u1eadm, t\u01b0\u1ee3ng tr\u01b0ng cho m\u00e0u th\u00f9ng g\u1ed7 s\u1ed3i trong c\u00e1c h\u1ea7m r\u01b0\u1ee3u c\u1ee7a Nh\u00e0 R\u00e9my Martin.  &nbsp;  H\u01af\u01a0NG TH\u01a0M  M\u1edf \u0111\u1ea7u l\u00e0 n\u1ed1t h\u01b0\u01a1ng t\u1eeb h\u1ea1t nh\u01b0 qu\u1ea3 \u00f3c ch\u00f3, ti\u1ebfp n\u1ed1i l\u00e0 s\u1ef1 m\u1edf ra c\u1ee7a m\u1ed9t lo\u1ea1t t\u1ea7ng h\u01b0\u01a1ng kh\u00e1c nhau, t\u1eeb h\u01b0\u01a1ng th\u01a1m c\u1ee7a c\u00e1c lo\u1ea1i gia v\u1ecb \u0111\u1ebfn tr\u00e1i c\u00e2y kh\u00f4, nh\u01b0 \u0111inh h\u01b0\u01a1ng, nh\u1ee5c \u0111\u1eadu kh\u1ea5u, vani v\u00e0 m\u01a1 kh\u00f4.  &nbsp;  H\u01af\u01a0NG V\u1eca  M\u1ed9t ch\u00fat v\u1ecb h\u1ea1t ph\u1ec9 t\u01b0\u01a1i \u00f4m l\u1ea5y v\u00f2m mi\u1ec7ng, h\u00f2a quy\u1ec7n v\u1edbi v\u00f4 s\u1ed1 h\u01b0\u01a1ng v\u1ecb: v\u1ecb \u0111\u1eadm \u0111\u00e0 c\u1ee7a qu\u1ea3 sung v\u00e0 qu\u1ea3 m\u01a1 kh\u00f4, v\u1ecb cay c\u1ee7a h\u1ea1t nh\u1ee5c \u0111\u1eadu kh\u1ea5u, v\u1ecb \u1ea5m c\u1ee7a h\u1ea1nh nh\u00e2n n\u01b0\u1edbng, cam v\u00e0 c\u00e0 ph\u00ea rang. M\u1ed9t s\u1ef1 ph\u1ed1i tr\u1ed9n h\u00e0i h\u00f2a nh\u1eefng c\u00e1c h\u01b0\u01a1ng v\u1ecb \u0111\u1ed9c l\u1eadp t\u1ea1o n\u00ean h\u01b0\u01a1ng v\u1ecb \u0111\u1eb7c tr\u01b0ng c\u1ee7a cognac.  &nbsp;  BODY  Ph\u1ee9c t\u1ea1p nh\u01b0ng v\u1eabn c\u00e2n b\u1eb1ng, m\u1ed9t s\u1ef1 ph\u1ed1i tr\u1ed9n mang t\u00ednh \u0111a chi\u1ec1u nh\u01b0ng v\u1eabn gi\u1eef \u0111\u01b0\u1ee3c s\u1ef1 m\u01b0\u1ee3t m\u00e0 k\u00e9o d\u00e0i \u0111\u1ebfn su\u1ed1t h\u1eadu v\u1ecb.  &nbsp;  G\u1ee2I \u00dd  D\u00f9ng k\u00e8m:  \u2022 M\u00f3n m\u1eb7n: Ph\u00f4 mai (t\u1eeb 18 th\u00e1ng tu\u1ed5i tr\u1edf l\u00ean)  \u2022 Tr\u00e1ng mi\u1ec7ng: Tr\u00e1i c\u00e2y s\u1ea5y kh\u00f4 (xo\u00e0i, d\u1ee9a, nho kh\u00f4)  \u2022 \u0110\u1ed3 u\u1ed1ng: Neat\/On the rock ho\u1eb7c m\u00f3n cocktail Cold Brew Ice Tea","og_url":"https:\/\/alchemy-asia.com\/vi\/san-pham\/remy-martin-club\/","og_site_name":"Alchemy Asia","article_modified_time":"2024-09-13T03:41:38+00:00","og_image":[{"width":1024,"height":1024,"url":"https:\/\/alchemy-asia.com\/vi\/wp-content\/uploads\/sites\/3\/2020\/03\/WEBSITE-with-Rulers-1024x1024.png","type":"image\/png"}],"twitter_card":"summary_large_image","twitter_misc":{"\u01af\u1edbc t\u00ednh th\u1eddi gian \u0111\u1ecdc":"1 ph\u00fat"},"schema":{"@context":"https:\/\/schema.org","@graph":[{"@type":"WebPage","@id":"https:\/\/alchemy-asia.com\/vi\/san-pham\/remy-martin-club\/","url":"https:\/\/alchemy-asia.com\/vi\/san-pham\/remy-martin-club\/","name":"R\u00e9my Martin Club - Alchemy Asia","isPartOf":{"@id":"https:\/\/alchemy-asia.com\/vi\/#website"},"primaryImageOfPage":{"@id":"https:\/\/alchemy-asia.com\/vi\/san-pham\/remy-martin-club\/#primaryimage"},"image":{"@id":"https:\/\/alchemy-asia.com\/vi\/san-pham\/remy-martin-club\/#primaryimage"},"thumbnailUrl":"https:\/\/alchemy-asia.com\/vi\/wp-content\/uploads\/sites\/3\/2020\/03\/WEBSITE-with-Rulers.png","datePublished":"2020-03-24T04:10:40+00:00","dateModified":"2024-09-13T03:41:38+00:00","breadcrumb":{"@id":"https:\/\/alchemy-asia.com\/vi\/san-pham\/remy-martin-club\/#breadcrumb"},"inLanguage":"vi","potentialAction":[{"@type":"ReadAction","target":["https:\/\/alchemy-asia.com\/vi\/san-pham\/remy-martin-club\/"]}]},{"@type":"ImageObject","inLanguage":"vi","@id":"https:\/\/alchemy-asia.com\/vi\/san-pham\/remy-martin-club\/#primaryimage","url":"https:\/\/alchemy-asia.com\/vi\/wp-content\/uploads\/sites\/3\/2020\/03\/WEBSITE-with-Rulers.png","contentUrl":"https:\/\/alchemy-asia.com\/vi\/wp-content\/uploads\/sites\/3\/2020\/03\/WEBSITE-with-Rulers.png","width":2480,"height":2480,"caption":"R\u00e9my Martin Club Cognac"},{"@type":"BreadcrumbList","@id":"https:\/\/alchemy-asia.com\/vi\/san-pham\/remy-martin-club\/#breadcrumb","itemListElement":[{"@type":"ListItem","position":1,"name":"Home","item":"https:\/\/alchemy-asia.com\/vi\/"},{"@type":"ListItem","position":2,"name":"R\u00e9my Martin Club"}]},{"@type":"WebSite","@id":"https:\/\/alchemy-asia.com\/vi\/#website","url":"https:\/\/alchemy-asia.com\/vi\/","name":"Alchemy Asia","description":"Just another Alchemy Asia Sites site","potentialAction":[{"@type":"SearchAction","target":{"@type":"EntryPoint","urlTemplate":"https:\/\/alchemy-asia.com\/vi\/?s={search_term_string}"},"query-input":"required name=search_term_string"}],"inLanguage":"vi"}]}},"_links":{"self":[{"href":"https:\/\/alchemy-asia.com\/vi\/wp-json\/wp\/v2\/product\/6241","targetHints":{"allow":["GET"]}}],"collection":[{"href":"https:\/\/alchemy-asia.com\/vi\/wp-json\/wp\/v2\/product"}],"about":[{"href":"https:\/\/alchemy-asia.com\/vi\/wp-json\/wp\/v2\/types\/product"}],"replies":[{"embeddable":true,"href":"https:\/\/alchemy-asia.com\/vi\/wp-json\/wp\/v2\/comments?post=6241"}],"wp:featuredmedia":[{"embeddable":true,"href":"https:\/\/alchemy-asia.com\/vi\/wp-json\/wp\/v2\/media\/8905"}],"wp:attachment":[{"href":"https:\/\/alchemy-asia.com\/vi\/wp-json\/wp\/v2\/media?parent=6241"}],"wp:term":[{"taxonomy":"product_cat","embeddable":true,"href":"https:\/\/alchemy-asia.com\/vi\/wp-json\/wp\/v2\/product_cat?post=6241"},{"taxonomy":"product_tag","embeddable":true,"href":"https:\/\/alchemy-asia.com\/vi\/wp-json\/wp\/v2\/product_tag?post=6241"}],"curies":[{"name":"wp","href":"https:\/\/api.w.org\/{rel}","templated":true}]}}