{"id":6245,"date":"2020-03-24T04:14:34","date_gmt":"2020-03-24T04:14:34","guid":{"rendered":"http:\/\/alchemy-asia.com\/vi\/?post_type=product&#038;p=6245"},"modified":"2024-08-06T03:05:03","modified_gmt":"2024-08-06T03:05:03","slug":"st-remy-vsop","status":"publish","type":"product","link":"https:\/\/alchemy-asia.com\/vi\/san-pham\/st-remy-vsop\/","title":{"rendered":"St-R\u00e9my VSOP"},"content":{"rendered":"","protected":false},"excerpt":{"rendered":"<p><strong>M\u00c0U S\u1eaeC <\/strong><\/p>\n<p>M\u00e0u v\u00e0ng h\u1ed5 ph\u00e1ch l\u1ea5p l\u00e1nh \u00e1nh v\u00e0ng<\/p>\n<p><strong>H\u01af\u01a0NG TH\u01a0M <\/strong><\/p>\n<p>H\u01b0\u01a1ng th\u01a1m s\u1ed1ng \u0111\u1ed9ng t\u1eeb tr\u00e1i c\u00e2y nh\u01b0 qu\u1ea3 m\u01a1, \u0111\u00e0o, l\u00fd gai v\u00e0 d\u00e2u r\u1eebng. H\u01b0\u01a1ng hoa h\u00f2a quy\u1ec7n tinh t\u1ebf v\u1edbi h\u01b0\u01a1ng vani v\u00e0 g\u1ed7. Mang l\u1ea1i m\u1ed9t c\u1ea3m gi\u00e1c d\u1ec5 ch\u1ecbu v\u00e0 h\u00e0i h\u00f2a<\/p>\n<p><strong>H\u01af\u01a0NG V\u1eca <\/strong><\/p>\n<p>H\u01b0\u01a1ng nh\u01b0 n\u00e0o, v\u1ecb nh\u01b0 th\u1ebf. H\u01b0\u01a1ng v\u1ecb tinh t\u1ebf v\u00e0 c\u00e2n b\u1eb1ng, v\u1edbi v\u1ecb tr\u00e1i c\u00e2y v\u00e0 g\u1ed7, v\u00e0 k\u1ebft th\u00fac b\u1eb1ng v\u1ecb vani th\u01a1m b\u00f9i.<\/p>\n<p>&nbsp;<\/p>\n<p><strong>G\u1ee2I \u00dd<\/strong><\/p>\n<p>\u2022 Sangria Ph\u00e1p: 50cl St-R\u00e9my VSOP, 120cl ginger ale, 50cl r\u01b0\u1ee3u Merlot, 30cl n\u01b0\u1edbc nho \u0111\u1ecf, 20cl n\u01b0\u1edbc c\u1ed1t chanh, 30 l\u00e1t nho v\u00e0 10 l\u00e1t cam<\/p>\n<p>\u2022 Sangria tr\u1eafng: 50cl St-R\u00e9my VSOP, 120cl ginger ale, 50cl chardonnay, 30cl n\u01b0\u1edbc nho tr\u1eafng, 20cl n\u01b0\u1edbc c\u1ed1t chanh, 30 l\u00e1t nho<\/p>\n<p>\u2022 Cola Ph\u00e1p: 50ml St-R\u00e9my VSOP, 100ml cola, 2 gi\u1ecdt \u0111\u1eafng, m\u1ed9t l\u00e1t cam<\/p>\n","protected":false},"featured_media":8840,"comment_status":"open","ping_status":"closed","template":"","meta":{"_acf_changed":false},"product_cat":[51],"product_tag":[],"class_list":{"0":"post-6245","1":"product","2":"type-product","3":"status-publish","4":"has-post-thumbnail","6":"product_cat-cognac","7":"brand-st-remy","9":"first","10":"instock","11":"shipping-taxable","12":"product-type-simple"},"acf":[],"yoast_head":"<!-- This site is optimized with the Yoast SEO plugin v23.0 - https:\/\/yoast.com\/wordpress\/plugins\/seo\/ -->\n<title>St-R\u00e9my VSOP - Alchemy Asia<\/title>\n<meta name=\"robots\" content=\"index, follow, max-snippet:-1, max-image-preview:large, max-video-preview:-1\" \/>\n<link rel=\"canonical\" href=\"https:\/\/alchemy-asia.com\/vi\/san-pham\/st-remy-vsop\/\" \/>\n<meta property=\"og:locale\" content=\"vi_VN\" \/>\n<meta property=\"og:type\" content=\"article\" \/>\n<meta property=\"og:title\" content=\"St-R\u00e9my VSOP - Alchemy Asia\" \/>\n<meta property=\"og:description\" content=\"M\u00c0U S\u1eaeC   M\u00e0u v\u00e0ng h\u1ed5 ph\u00e1ch l\u1ea5p l\u00e1nh \u00e1nh v\u00e0ng  H\u01af\u01a0NG TH\u01a0M   H\u01b0\u01a1ng th\u01a1m s\u1ed1ng \u0111\u1ed9ng t\u1eeb tr\u00e1i c\u00e2y nh\u01b0 qu\u1ea3 m\u01a1, \u0111\u00e0o, l\u00fd gai v\u00e0 d\u00e2u r\u1eebng. H\u01b0\u01a1ng hoa h\u00f2a quy\u1ec7n tinh t\u1ebf v\u1edbi h\u01b0\u01a1ng vani v\u00e0 g\u1ed7. Mang l\u1ea1i m\u1ed9t c\u1ea3m gi\u00e1c d\u1ec5 ch\u1ecbu v\u00e0 h\u00e0i h\u00f2a  H\u01af\u01a0NG V\u1eca   H\u01b0\u01a1ng nh\u01b0 n\u00e0o, v\u1ecb nh\u01b0 th\u1ebf. H\u01b0\u01a1ng v\u1ecb tinh t\u1ebf v\u00e0 c\u00e2n b\u1eb1ng, v\u1edbi v\u1ecb tr\u00e1i c\u00e2y v\u00e0 g\u1ed7, v\u00e0 k\u1ebft th\u00fac b\u1eb1ng v\u1ecb vani th\u01a1m b\u00f9i.  &nbsp;  G\u1ee2I \u00dd  \u2022 Sangria Ph\u00e1p: 50cl St-R\u00e9my VSOP, 120cl ginger ale, 50cl r\u01b0\u1ee3u Merlot, 30cl n\u01b0\u1edbc nho \u0111\u1ecf, 20cl n\u01b0\u1edbc c\u1ed1t chanh, 30 l\u00e1t nho v\u00e0 10 l\u00e1t cam  \u2022 Sangria tr\u1eafng: 50cl St-R\u00e9my VSOP, 120cl ginger ale, 50cl chardonnay, 30cl n\u01b0\u1edbc nho tr\u1eafng, 20cl n\u01b0\u1edbc c\u1ed1t chanh, 30 l\u00e1t nho  \u2022 Cola Ph\u00e1p: 50ml St-R\u00e9my VSOP, 100ml cola, 2 gi\u1ecdt \u0111\u1eafng, m\u1ed9t l\u00e1t cam\" \/>\n<meta property=\"og:url\" content=\"https:\/\/alchemy-asia.com\/vi\/san-pham\/st-remy-vsop\/\" \/>\n<meta property=\"og:site_name\" content=\"Alchemy Asia\" \/>\n<meta property=\"article:modified_time\" content=\"2024-08-06T03:05:03+00:00\" \/>\n<meta property=\"og:image\" content=\"https:\/\/alchemy-asia.com\/vi\/wp-content\/uploads\/sites\/3\/2020\/03\/Pommery-Blue-Sky-with-gift-box-2.png\" \/>\n\t<meta property=\"og:image:width\" content=\"1080\" \/>\n\t<meta property=\"og:image:height\" content=\"1080\" \/>\n\t<meta property=\"og:image:type\" content=\"image\/png\" \/>\n<meta name=\"twitter:card\" content=\"summary_large_image\" \/>\n<meta name=\"twitter:label1\" content=\"\u01af\u1edbc t\u00ednh th\u1eddi gian \u0111\u1ecdc\" \/>\n\t<meta name=\"twitter:data1\" content=\"1 ph\u00fat\" \/>\n<script type=\"application\/ld+json\" class=\"yoast-schema-graph\">{\"@context\":\"https:\/\/schema.org\",\"@graph\":[{\"@type\":\"WebPage\",\"@id\":\"https:\/\/alchemy-asia.com\/vi\/san-pham\/st-remy-vsop\/\",\"url\":\"https:\/\/alchemy-asia.com\/vi\/san-pham\/st-remy-vsop\/\",\"name\":\"St-R\u00e9my VSOP - Alchemy Asia\",\"isPartOf\":{\"@id\":\"https:\/\/alchemy-asia.com\/vi\/#website\"},\"primaryImageOfPage\":{\"@id\":\"https:\/\/alchemy-asia.com\/vi\/san-pham\/st-remy-vsop\/#primaryimage\"},\"image\":{\"@id\":\"https:\/\/alchemy-asia.com\/vi\/san-pham\/st-remy-vsop\/#primaryimage\"},\"thumbnailUrl\":\"https:\/\/alchemy-asia.com\/vi\/wp-content\/uploads\/sites\/3\/2020\/03\/Pommery-Blue-Sky-with-gift-box-2.png\",\"datePublished\":\"2020-03-24T04:14:34+00:00\",\"dateModified\":\"2024-08-06T03:05:03+00:00\",\"breadcrumb\":{\"@id\":\"https:\/\/alchemy-asia.com\/vi\/san-pham\/st-remy-vsop\/#breadcrumb\"},\"inLanguage\":\"vi\",\"potentialAction\":[{\"@type\":\"ReadAction\",\"target\":[\"https:\/\/alchemy-asia.com\/vi\/san-pham\/st-remy-vsop\/\"]}]},{\"@type\":\"ImageObject\",\"inLanguage\":\"vi\",\"@id\":\"https:\/\/alchemy-asia.com\/vi\/san-pham\/st-remy-vsop\/#primaryimage\",\"url\":\"https:\/\/alchemy-asia.com\/vi\/wp-content\/uploads\/sites\/3\/2020\/03\/Pommery-Blue-Sky-with-gift-box-2.png\",\"contentUrl\":\"https:\/\/alchemy-asia.com\/vi\/wp-content\/uploads\/sites\/3\/2020\/03\/Pommery-Blue-Sky-with-gift-box-2.png\",\"width\":1080,\"height\":1080},{\"@type\":\"BreadcrumbList\",\"@id\":\"https:\/\/alchemy-asia.com\/vi\/san-pham\/st-remy-vsop\/#breadcrumb\",\"itemListElement\":[{\"@type\":\"ListItem\",\"position\":1,\"name\":\"Home\",\"item\":\"https:\/\/alchemy-asia.com\/vi\/\"},{\"@type\":\"ListItem\",\"position\":2,\"name\":\"St-R\u00e9my VSOP\"}]},{\"@type\":\"WebSite\",\"@id\":\"https:\/\/alchemy-asia.com\/vi\/#website\",\"url\":\"https:\/\/alchemy-asia.com\/vi\/\",\"name\":\"Alchemy Asia\",\"description\":\"Just another Alchemy Asia Sites site\",\"potentialAction\":[{\"@type\":\"SearchAction\",\"target\":{\"@type\":\"EntryPoint\",\"urlTemplate\":\"https:\/\/alchemy-asia.com\/vi\/?s={search_term_string}\"},\"query-input\":\"required name=search_term_string\"}],\"inLanguage\":\"vi\"}]}<\/script>\n<!-- \/ Yoast SEO plugin. -->","yoast_head_json":{"title":"St-R\u00e9my VSOP - Alchemy Asia","robots":{"index":"index","follow":"follow","max-snippet":"max-snippet:-1","max-image-preview":"max-image-preview:large","max-video-preview":"max-video-preview:-1"},"canonical":"https:\/\/alchemy-asia.com\/vi\/san-pham\/st-remy-vsop\/","og_locale":"vi_VN","og_type":"article","og_title":"St-R\u00e9my VSOP - Alchemy Asia","og_description":"M\u00c0U S\u1eaeC   M\u00e0u v\u00e0ng h\u1ed5 ph\u00e1ch l\u1ea5p l\u00e1nh \u00e1nh v\u00e0ng  H\u01af\u01a0NG TH\u01a0M   H\u01b0\u01a1ng th\u01a1m s\u1ed1ng \u0111\u1ed9ng t\u1eeb tr\u00e1i c\u00e2y nh\u01b0 qu\u1ea3 m\u01a1, \u0111\u00e0o, l\u00fd gai v\u00e0 d\u00e2u r\u1eebng. H\u01b0\u01a1ng hoa h\u00f2a quy\u1ec7n tinh t\u1ebf v\u1edbi h\u01b0\u01a1ng vani v\u00e0 g\u1ed7. Mang l\u1ea1i m\u1ed9t c\u1ea3m gi\u00e1c d\u1ec5 ch\u1ecbu v\u00e0 h\u00e0i h\u00f2a  H\u01af\u01a0NG V\u1eca   H\u01b0\u01a1ng nh\u01b0 n\u00e0o, v\u1ecb nh\u01b0 th\u1ebf. H\u01b0\u01a1ng v\u1ecb tinh t\u1ebf v\u00e0 c\u00e2n b\u1eb1ng, v\u1edbi v\u1ecb tr\u00e1i c\u00e2y v\u00e0 g\u1ed7, v\u00e0 k\u1ebft th\u00fac b\u1eb1ng v\u1ecb vani th\u01a1m b\u00f9i.  &nbsp;  G\u1ee2I \u00dd  \u2022 Sangria Ph\u00e1p: 50cl St-R\u00e9my VSOP, 120cl ginger ale, 50cl r\u01b0\u1ee3u Merlot, 30cl n\u01b0\u1edbc nho \u0111\u1ecf, 20cl n\u01b0\u1edbc c\u1ed1t chanh, 30 l\u00e1t nho v\u00e0 10 l\u00e1t cam  \u2022 Sangria tr\u1eafng: 50cl St-R\u00e9my VSOP, 120cl ginger ale, 50cl chardonnay, 30cl n\u01b0\u1edbc nho tr\u1eafng, 20cl n\u01b0\u1edbc c\u1ed1t chanh, 30 l\u00e1t nho  \u2022 Cola Ph\u00e1p: 50ml St-R\u00e9my VSOP, 100ml cola, 2 gi\u1ecdt \u0111\u1eafng, m\u1ed9t l\u00e1t cam","og_url":"https:\/\/alchemy-asia.com\/vi\/san-pham\/st-remy-vsop\/","og_site_name":"Alchemy Asia","article_modified_time":"2024-08-06T03:05:03+00:00","og_image":[{"width":1080,"height":1080,"url":"https:\/\/alchemy-asia.com\/vi\/wp-content\/uploads\/sites\/3\/2020\/03\/Pommery-Blue-Sky-with-gift-box-2.png","type":"image\/png"}],"twitter_card":"summary_large_image","twitter_misc":{"\u01af\u1edbc t\u00ednh th\u1eddi gian \u0111\u1ecdc":"1 ph\u00fat"},"schema":{"@context":"https:\/\/schema.org","@graph":[{"@type":"WebPage","@id":"https:\/\/alchemy-asia.com\/vi\/san-pham\/st-remy-vsop\/","url":"https:\/\/alchemy-asia.com\/vi\/san-pham\/st-remy-vsop\/","name":"St-R\u00e9my VSOP - Alchemy Asia","isPartOf":{"@id":"https:\/\/alchemy-asia.com\/vi\/#website"},"primaryImageOfPage":{"@id":"https:\/\/alchemy-asia.com\/vi\/san-pham\/st-remy-vsop\/#primaryimage"},"image":{"@id":"https:\/\/alchemy-asia.com\/vi\/san-pham\/st-remy-vsop\/#primaryimage"},"thumbnailUrl":"https:\/\/alchemy-asia.com\/vi\/wp-content\/uploads\/sites\/3\/2020\/03\/Pommery-Blue-Sky-with-gift-box-2.png","datePublished":"2020-03-24T04:14:34+00:00","dateModified":"2024-08-06T03:05:03+00:00","breadcrumb":{"@id":"https:\/\/alchemy-asia.com\/vi\/san-pham\/st-remy-vsop\/#breadcrumb"},"inLanguage":"vi","potentialAction":[{"@type":"ReadAction","target":["https:\/\/alchemy-asia.com\/vi\/san-pham\/st-remy-vsop\/"]}]},{"@type":"ImageObject","inLanguage":"vi","@id":"https:\/\/alchemy-asia.com\/vi\/san-pham\/st-remy-vsop\/#primaryimage","url":"https:\/\/alchemy-asia.com\/vi\/wp-content\/uploads\/sites\/3\/2020\/03\/Pommery-Blue-Sky-with-gift-box-2.png","contentUrl":"https:\/\/alchemy-asia.com\/vi\/wp-content\/uploads\/sites\/3\/2020\/03\/Pommery-Blue-Sky-with-gift-box-2.png","width":1080,"height":1080},{"@type":"BreadcrumbList","@id":"https:\/\/alchemy-asia.com\/vi\/san-pham\/st-remy-vsop\/#breadcrumb","itemListElement":[{"@type":"ListItem","position":1,"name":"Home","item":"https:\/\/alchemy-asia.com\/vi\/"},{"@type":"ListItem","position":2,"name":"St-R\u00e9my VSOP"}]},{"@type":"WebSite","@id":"https:\/\/alchemy-asia.com\/vi\/#website","url":"https:\/\/alchemy-asia.com\/vi\/","name":"Alchemy Asia","description":"Just another Alchemy Asia Sites site","potentialAction":[{"@type":"SearchAction","target":{"@type":"EntryPoint","urlTemplate":"https:\/\/alchemy-asia.com\/vi\/?s={search_term_string}"},"query-input":"required name=search_term_string"}],"inLanguage":"vi"}]}},"_links":{"self":[{"href":"https:\/\/alchemy-asia.com\/vi\/wp-json\/wp\/v2\/product\/6245","targetHints":{"allow":["GET"]}}],"collection":[{"href":"https:\/\/alchemy-asia.com\/vi\/wp-json\/wp\/v2\/product"}],"about":[{"href":"https:\/\/alchemy-asia.com\/vi\/wp-json\/wp\/v2\/types\/product"}],"replies":[{"embeddable":true,"href":"https:\/\/alchemy-asia.com\/vi\/wp-json\/wp\/v2\/comments?post=6245"}],"wp:featuredmedia":[{"embeddable":true,"href":"https:\/\/alchemy-asia.com\/vi\/wp-json\/wp\/v2\/media\/8840"}],"wp:attachment":[{"href":"https:\/\/alchemy-asia.com\/vi\/wp-json\/wp\/v2\/media?parent=6245"}],"wp:term":[{"taxonomy":"product_cat","embeddable":true,"href":"https:\/\/alchemy-asia.com\/vi\/wp-json\/wp\/v2\/product_cat?post=6245"},{"taxonomy":"product_tag","embeddable":true,"href":"https:\/\/alchemy-asia.com\/vi\/wp-json\/wp\/v2\/product_tag?post=6245"}],"curies":[{"name":"wp","href":"https:\/\/api.w.org\/{rel}","templated":true}]}}