{"id":6246,"date":"2020-03-24T04:15:10","date_gmt":"2020-03-24T04:15:10","guid":{"rendered":"http:\/\/alchemy-asia.com\/vi\/?post_type=product&#038;p=6246"},"modified":"2024-08-06T03:03:38","modified_gmt":"2024-08-06T03:03:38","slug":"st-remy-xo","status":"publish","type":"product","link":"https:\/\/alchemy-asia.com\/vi\/san-pham\/st-remy-xo\/","title":{"rendered":"St-R\u00e9my XO"},"content":{"rendered":"","protected":false},"excerpt":{"rendered":"<p><strong>M\u00c0U S\u1eaeC <\/strong><\/p>\n<p>M\u00e0u h\u1ed5 ph\u00e1ch s\u00e1ng, \u00e1nh m\u00e0u v\u00e0ng \u0111\u1eadm<\/p>\n<p><strong>H\u01af\u01a0NG TH\u01a0M<\/strong><\/p>\n<p>M\u00f9i h\u01b0\u01a1ng c\u1ee7a g\u1ed7 s\u1ed3i v\u00e0 h\u01b0\u01a1ng vani tinh t\u1ebf, xen l\u1eabn h\u01b0\u01a1ng tr\u00e1i c\u00e2y ch\u00edn v\u00e0 m\u1eadt ong<\/p>\n<p><strong>H\u01af\u01a0NG V\u1eca <\/strong><\/p>\n<p>Nh\u1eefng n\u1ed1t h\u01b0\u01a1ng tinh t\u1ebf t\u1eeb g\u1ed7 v\u00e0 vani \u0111\u01b0\u1ee3c n\u00e2ng t\u1ea7m b\u1edfi h\u01b0\u01a1ng v\u1ecb c\u1ee7a b\u00e1nh m\u1eadt, k\u1eb9o m\u01a1, ch\u00e0 l\u00e0, qu\u1ea3 sung v\u00e0 c\u00e1c lo\u1ea1i h\u1ea1t. H\u01b0\u01a1ng v\u1ecb ph\u1ee9c t\u1ea1p n\u00e0y c\u00f3 v\u1ecb cay nh\u1eb9 v\u00e0 h\u1eadu v\u1ecb k\u00e9o d\u00e0i<\/p>\n<p>&nbsp;<\/p>\n<p><strong>G\u1ee2I \u00dd <\/strong><\/p>\n<p>\u2022 Th\u01b0\u1edfng th\u1ee9c neat, on ice ho\u1eb7c trong c\u00e1c lo\u1ea1i cocktails<\/p>\n<p>\u2022 Linh ho\u1ea1t s\u1eed d\u1ee5ng trong c\u00e1c lo\u1ea1i cocktail brandy c\u1ed5 \u0111i\u1ec3n nh\u01b0 Sidecar, Daiquiri, Old Fashioned ho\u1eb7c Banana Bliss<\/p>\n<p>\u2022 K\u1ebft h\u1ee3p ho\u00e0n h\u1ea3o v\u1edbi h\u01b0\u01a1ng c\u00e0 ph\u00ea trong ly cocktail St-R\u00e9my Caf\u00e9: 30ml St-R\u00e9my XO, 120ml c\u00e0 ph\u00ea \u1ee7 l\u1ea1nh , 15ml vani<\/p>\n","protected":false},"featured_media":8843,"comment_status":"open","ping_status":"closed","template":"","meta":{"_acf_changed":false},"product_cat":[51],"product_tag":[],"class_list":{"0":"post-6246","1":"product","2":"type-product","3":"status-publish","4":"has-post-thumbnail","6":"product_cat-cognac","7":"brand-st-remy","9":"first","10":"instock","11":"shipping-taxable","12":"product-type-simple"},"acf":[],"yoast_head":"<!-- This site is optimized with the Yoast SEO plugin v23.0 - https:\/\/yoast.com\/wordpress\/plugins\/seo\/ -->\n<title>St-R\u00e9my XO - Alchemy Asia<\/title>\n<meta name=\"robots\" content=\"index, follow, max-snippet:-1, max-image-preview:large, max-video-preview:-1\" \/>\n<link rel=\"canonical\" href=\"https:\/\/alchemy-asia.com\/vi\/san-pham\/st-remy-xo\/\" \/>\n<meta property=\"og:locale\" content=\"vi_VN\" \/>\n<meta property=\"og:type\" content=\"article\" \/>\n<meta property=\"og:title\" content=\"St-R\u00e9my XO - Alchemy Asia\" \/>\n<meta property=\"og:description\" content=\"M\u00c0U S\u1eaeC   M\u00e0u h\u1ed5 ph\u00e1ch s\u00e1ng, \u00e1nh m\u00e0u v\u00e0ng \u0111\u1eadm  H\u01af\u01a0NG TH\u01a0M  M\u00f9i h\u01b0\u01a1ng c\u1ee7a g\u1ed7 s\u1ed3i v\u00e0 h\u01b0\u01a1ng vani tinh t\u1ebf, xen l\u1eabn h\u01b0\u01a1ng tr\u00e1i c\u00e2y ch\u00edn v\u00e0 m\u1eadt ong  H\u01af\u01a0NG V\u1eca   Nh\u1eefng n\u1ed1t h\u01b0\u01a1ng tinh t\u1ebf t\u1eeb g\u1ed7 v\u00e0 vani \u0111\u01b0\u1ee3c n\u00e2ng t\u1ea7m b\u1edfi h\u01b0\u01a1ng v\u1ecb c\u1ee7a b\u00e1nh m\u1eadt, k\u1eb9o m\u01a1, ch\u00e0 l\u00e0, qu\u1ea3 sung v\u00e0 c\u00e1c lo\u1ea1i h\u1ea1t. H\u01b0\u01a1ng v\u1ecb ph\u1ee9c t\u1ea1p n\u00e0y c\u00f3 v\u1ecb cay nh\u1eb9 v\u00e0 h\u1eadu v\u1ecb k\u00e9o d\u00e0i  &nbsp;  G\u1ee2I \u00dd   \u2022 Th\u01b0\u1edfng th\u1ee9c neat, on ice ho\u1eb7c trong c\u00e1c lo\u1ea1i cocktails  \u2022 Linh ho\u1ea1t s\u1eed d\u1ee5ng trong c\u00e1c lo\u1ea1i cocktail brandy c\u1ed5 \u0111i\u1ec3n nh\u01b0 Sidecar, Daiquiri, Old Fashioned ho\u1eb7c Banana Bliss  \u2022 K\u1ebft h\u1ee3p ho\u00e0n h\u1ea3o v\u1edbi h\u01b0\u01a1ng c\u00e0 ph\u00ea trong ly cocktail St-R\u00e9my Caf\u00e9: 30ml St-R\u00e9my XO, 120ml c\u00e0 ph\u00ea \u1ee7 l\u1ea1nh , 15ml vani\" \/>\n<meta property=\"og:url\" content=\"https:\/\/alchemy-asia.com\/vi\/san-pham\/st-remy-xo\/\" \/>\n<meta property=\"og:site_name\" content=\"Alchemy Asia\" \/>\n<meta property=\"article:modified_time\" content=\"2024-08-06T03:03:38+00:00\" \/>\n<meta property=\"og:image\" content=\"https:\/\/alchemy-asia.com\/vi\/wp-content\/uploads\/sites\/3\/2020\/03\/Pommery-Blue-Sky-with-gift-box-3.png\" \/>\n\t<meta property=\"og:image:width\" content=\"1080\" \/>\n\t<meta property=\"og:image:height\" content=\"1080\" \/>\n\t<meta property=\"og:image:type\" content=\"image\/png\" \/>\n<meta name=\"twitter:card\" content=\"summary_large_image\" \/>\n<meta name=\"twitter:label1\" content=\"\u01af\u1edbc t\u00ednh th\u1eddi gian \u0111\u1ecdc\" \/>\n\t<meta name=\"twitter:data1\" content=\"1 ph\u00fat\" \/>\n<script type=\"application\/ld+json\" class=\"yoast-schema-graph\">{\"@context\":\"https:\/\/schema.org\",\"@graph\":[{\"@type\":\"WebPage\",\"@id\":\"https:\/\/alchemy-asia.com\/vi\/san-pham\/st-remy-xo\/\",\"url\":\"https:\/\/alchemy-asia.com\/vi\/san-pham\/st-remy-xo\/\",\"name\":\"St-R\u00e9my XO - Alchemy Asia\",\"isPartOf\":{\"@id\":\"https:\/\/alchemy-asia.com\/vi\/#website\"},\"primaryImageOfPage\":{\"@id\":\"https:\/\/alchemy-asia.com\/vi\/san-pham\/st-remy-xo\/#primaryimage\"},\"image\":{\"@id\":\"https:\/\/alchemy-asia.com\/vi\/san-pham\/st-remy-xo\/#primaryimage\"},\"thumbnailUrl\":\"https:\/\/alchemy-asia.com\/vi\/wp-content\/uploads\/sites\/3\/2020\/03\/Pommery-Blue-Sky-with-gift-box-3.png\",\"datePublished\":\"2020-03-24T04:15:10+00:00\",\"dateModified\":\"2024-08-06T03:03:38+00:00\",\"breadcrumb\":{\"@id\":\"https:\/\/alchemy-asia.com\/vi\/san-pham\/st-remy-xo\/#breadcrumb\"},\"inLanguage\":\"vi\",\"potentialAction\":[{\"@type\":\"ReadAction\",\"target\":[\"https:\/\/alchemy-asia.com\/vi\/san-pham\/st-remy-xo\/\"]}]},{\"@type\":\"ImageObject\",\"inLanguage\":\"vi\",\"@id\":\"https:\/\/alchemy-asia.com\/vi\/san-pham\/st-remy-xo\/#primaryimage\",\"url\":\"https:\/\/alchemy-asia.com\/vi\/wp-content\/uploads\/sites\/3\/2020\/03\/Pommery-Blue-Sky-with-gift-box-3.png\",\"contentUrl\":\"https:\/\/alchemy-asia.com\/vi\/wp-content\/uploads\/sites\/3\/2020\/03\/Pommery-Blue-Sky-with-gift-box-3.png\",\"width\":1080,\"height\":1080,\"caption\":\"St R\u00e9my XO Brandy\"},{\"@type\":\"BreadcrumbList\",\"@id\":\"https:\/\/alchemy-asia.com\/vi\/san-pham\/st-remy-xo\/#breadcrumb\",\"itemListElement\":[{\"@type\":\"ListItem\",\"position\":1,\"name\":\"Home\",\"item\":\"https:\/\/alchemy-asia.com\/vi\/\"},{\"@type\":\"ListItem\",\"position\":2,\"name\":\"St-R\u00e9my XO\"}]},{\"@type\":\"WebSite\",\"@id\":\"https:\/\/alchemy-asia.com\/vi\/#website\",\"url\":\"https:\/\/alchemy-asia.com\/vi\/\",\"name\":\"Alchemy Asia\",\"description\":\"Just another Alchemy Asia Sites site\",\"potentialAction\":[{\"@type\":\"SearchAction\",\"target\":{\"@type\":\"EntryPoint\",\"urlTemplate\":\"https:\/\/alchemy-asia.com\/vi\/?s={search_term_string}\"},\"query-input\":\"required name=search_term_string\"}],\"inLanguage\":\"vi\"}]}<\/script>\n<!-- \/ Yoast SEO plugin. -->","yoast_head_json":{"title":"St-R\u00e9my XO - Alchemy Asia","robots":{"index":"index","follow":"follow","max-snippet":"max-snippet:-1","max-image-preview":"max-image-preview:large","max-video-preview":"max-video-preview:-1"},"canonical":"https:\/\/alchemy-asia.com\/vi\/san-pham\/st-remy-xo\/","og_locale":"vi_VN","og_type":"article","og_title":"St-R\u00e9my XO - Alchemy Asia","og_description":"M\u00c0U S\u1eaeC   M\u00e0u h\u1ed5 ph\u00e1ch s\u00e1ng, \u00e1nh m\u00e0u v\u00e0ng \u0111\u1eadm  H\u01af\u01a0NG TH\u01a0M  M\u00f9i h\u01b0\u01a1ng c\u1ee7a g\u1ed7 s\u1ed3i v\u00e0 h\u01b0\u01a1ng vani tinh t\u1ebf, xen l\u1eabn h\u01b0\u01a1ng tr\u00e1i c\u00e2y ch\u00edn v\u00e0 m\u1eadt ong  H\u01af\u01a0NG V\u1eca   Nh\u1eefng n\u1ed1t h\u01b0\u01a1ng tinh t\u1ebf t\u1eeb g\u1ed7 v\u00e0 vani \u0111\u01b0\u1ee3c n\u00e2ng t\u1ea7m b\u1edfi h\u01b0\u01a1ng v\u1ecb c\u1ee7a b\u00e1nh m\u1eadt, k\u1eb9o m\u01a1, ch\u00e0 l\u00e0, qu\u1ea3 sung v\u00e0 c\u00e1c lo\u1ea1i h\u1ea1t. H\u01b0\u01a1ng v\u1ecb ph\u1ee9c t\u1ea1p n\u00e0y c\u00f3 v\u1ecb cay nh\u1eb9 v\u00e0 h\u1eadu v\u1ecb k\u00e9o d\u00e0i  &nbsp;  G\u1ee2I \u00dd   \u2022 Th\u01b0\u1edfng th\u1ee9c neat, on ice ho\u1eb7c trong c\u00e1c lo\u1ea1i cocktails  \u2022 Linh ho\u1ea1t s\u1eed d\u1ee5ng trong c\u00e1c lo\u1ea1i cocktail brandy c\u1ed5 \u0111i\u1ec3n nh\u01b0 Sidecar, Daiquiri, Old Fashioned ho\u1eb7c Banana Bliss  \u2022 K\u1ebft h\u1ee3p ho\u00e0n h\u1ea3o v\u1edbi h\u01b0\u01a1ng c\u00e0 ph\u00ea trong ly cocktail St-R\u00e9my Caf\u00e9: 30ml St-R\u00e9my XO, 120ml c\u00e0 ph\u00ea \u1ee7 l\u1ea1nh , 15ml vani","og_url":"https:\/\/alchemy-asia.com\/vi\/san-pham\/st-remy-xo\/","og_site_name":"Alchemy Asia","article_modified_time":"2024-08-06T03:03:38+00:00","og_image":[{"width":1080,"height":1080,"url":"https:\/\/alchemy-asia.com\/vi\/wp-content\/uploads\/sites\/3\/2020\/03\/Pommery-Blue-Sky-with-gift-box-3.png","type":"image\/png"}],"twitter_card":"summary_large_image","twitter_misc":{"\u01af\u1edbc t\u00ednh th\u1eddi gian \u0111\u1ecdc":"1 ph\u00fat"},"schema":{"@context":"https:\/\/schema.org","@graph":[{"@type":"WebPage","@id":"https:\/\/alchemy-asia.com\/vi\/san-pham\/st-remy-xo\/","url":"https:\/\/alchemy-asia.com\/vi\/san-pham\/st-remy-xo\/","name":"St-R\u00e9my XO - Alchemy Asia","isPartOf":{"@id":"https:\/\/alchemy-asia.com\/vi\/#website"},"primaryImageOfPage":{"@id":"https:\/\/alchemy-asia.com\/vi\/san-pham\/st-remy-xo\/#primaryimage"},"image":{"@id":"https:\/\/alchemy-asia.com\/vi\/san-pham\/st-remy-xo\/#primaryimage"},"thumbnailUrl":"https:\/\/alchemy-asia.com\/vi\/wp-content\/uploads\/sites\/3\/2020\/03\/Pommery-Blue-Sky-with-gift-box-3.png","datePublished":"2020-03-24T04:15:10+00:00","dateModified":"2024-08-06T03:03:38+00:00","breadcrumb":{"@id":"https:\/\/alchemy-asia.com\/vi\/san-pham\/st-remy-xo\/#breadcrumb"},"inLanguage":"vi","potentialAction":[{"@type":"ReadAction","target":["https:\/\/alchemy-asia.com\/vi\/san-pham\/st-remy-xo\/"]}]},{"@type":"ImageObject","inLanguage":"vi","@id":"https:\/\/alchemy-asia.com\/vi\/san-pham\/st-remy-xo\/#primaryimage","url":"https:\/\/alchemy-asia.com\/vi\/wp-content\/uploads\/sites\/3\/2020\/03\/Pommery-Blue-Sky-with-gift-box-3.png","contentUrl":"https:\/\/alchemy-asia.com\/vi\/wp-content\/uploads\/sites\/3\/2020\/03\/Pommery-Blue-Sky-with-gift-box-3.png","width":1080,"height":1080,"caption":"St R\u00e9my XO Brandy"},{"@type":"BreadcrumbList","@id":"https:\/\/alchemy-asia.com\/vi\/san-pham\/st-remy-xo\/#breadcrumb","itemListElement":[{"@type":"ListItem","position":1,"name":"Home","item":"https:\/\/alchemy-asia.com\/vi\/"},{"@type":"ListItem","position":2,"name":"St-R\u00e9my XO"}]},{"@type":"WebSite","@id":"https:\/\/alchemy-asia.com\/vi\/#website","url":"https:\/\/alchemy-asia.com\/vi\/","name":"Alchemy Asia","description":"Just another Alchemy Asia Sites site","potentialAction":[{"@type":"SearchAction","target":{"@type":"EntryPoint","urlTemplate":"https:\/\/alchemy-asia.com\/vi\/?s={search_term_string}"},"query-input":"required name=search_term_string"}],"inLanguage":"vi"}]}},"_links":{"self":[{"href":"https:\/\/alchemy-asia.com\/vi\/wp-json\/wp\/v2\/product\/6246","targetHints":{"allow":["GET"]}}],"collection":[{"href":"https:\/\/alchemy-asia.com\/vi\/wp-json\/wp\/v2\/product"}],"about":[{"href":"https:\/\/alchemy-asia.com\/vi\/wp-json\/wp\/v2\/types\/product"}],"replies":[{"embeddable":true,"href":"https:\/\/alchemy-asia.com\/vi\/wp-json\/wp\/v2\/comments?post=6246"}],"wp:featuredmedia":[{"embeddable":true,"href":"https:\/\/alchemy-asia.com\/vi\/wp-json\/wp\/v2\/media\/8843"}],"wp:attachment":[{"href":"https:\/\/alchemy-asia.com\/vi\/wp-json\/wp\/v2\/media?parent=6246"}],"wp:term":[{"taxonomy":"product_cat","embeddable":true,"href":"https:\/\/alchemy-asia.com\/vi\/wp-json\/wp\/v2\/product_cat?post=6246"},{"taxonomy":"product_tag","embeddable":true,"href":"https:\/\/alchemy-asia.com\/vi\/wp-json\/wp\/v2\/product_tag?post=6246"}],"curies":[{"name":"wp","href":"https:\/\/api.w.org\/{rel}","templated":true}]}}