{"id":6248,"date":"2020-03-24T04:16:41","date_gmt":"2020-03-24T04:16:41","guid":{"rendered":"http:\/\/alchemy-asia.com\/vi\/?post_type=product&#038;p=6248"},"modified":"2024-08-06T02:52:43","modified_gmt":"2024-08-06T02:52:43","slug":"mount-gay-eclipse","status":"publish","type":"product","link":"https:\/\/alchemy-asia.com\/vi\/san-pham\/mount-gay-eclipse\/","title":{"rendered":"Mount Gay Eclipse"},"content":{"rendered":"","protected":false},"excerpt":{"rendered":"<p>Mount Gay Eclipse \u0111\u01b0\u1ee3c \u0111\u1eb7t t\u00ean theo s\u1ef1 ki\u1ec7n nh\u1eadt th\u1ef1c to\u00e0n ph\u1ea7n xu\u1ea5t hi\u1ec7n n\u0103m 1910 t\u1ea1i Barbados. Mount Gay Eclipse l\u00e0 s\u1ef1 k\u1ebft h\u1ee3p gi\u1eefa c\u00e1c d\u00f2ng rum \u0111\u01b0\u1ee3c ch\u01b0ng c\u1ea5t trong n\u1ed3i \u0111\u1ed3ng truy\u1ec1n th\u1ed1ng v\u00e0 c\u1ed9t ch\u01b0ng c\u1ea5t, sau \u0111\u00f3 \u0111\u01b0\u1ee3c \u1ee7 2 n\u0103m trong th\u00f9ng g\u1ed7 whisky M\u1ef9.<\/p>\n<p><strong>APPEARANCE<\/strong><br \/>\nGolden amber<\/p>\n<p><strong>NOSE<\/strong><br \/>\nVanilla, banana, spicy, caramel and summer fruit notes<\/p>\n<p><strong>PALATE<\/strong><br \/>\nLight to medium body and persistence with oaky<br \/>\ncharacter and slight burnt notes.<\/p>\n<p><strong>DRINKING RECOMMENDATION<\/strong><br \/>\nMount Gay Eclipse makes an iconic Rum Punch or<br \/>\ncan be enjoyed with your favourite mixer.<\/p>\n","protected":false},"featured_media":8820,"comment_status":"open","ping_status":"closed","template":"","meta":{"_acf_changed":false},"product_cat":[56],"product_tag":[],"class_list":{"0":"post-6248","1":"product","2":"type-product","3":"status-publish","4":"has-post-thumbnail","6":"product_cat-rum","7":"brand-mount-gay-rum","9":"first","10":"instock","11":"shipping-taxable","12":"product-type-simple"},"acf":[],"yoast_head":"<!-- This site is optimized with the Yoast SEO plugin v23.0 - https:\/\/yoast.com\/wordpress\/plugins\/seo\/ -->\n<title>Mount Gay Eclipse - Alchemy Asia<\/title>\n<meta name=\"robots\" content=\"index, follow, max-snippet:-1, max-image-preview:large, max-video-preview:-1\" \/>\n<link rel=\"canonical\" href=\"https:\/\/alchemy-asia.com\/vi\/san-pham\/mount-gay-eclipse\/\" \/>\n<meta property=\"og:locale\" content=\"vi_VN\" \/>\n<meta property=\"og:type\" content=\"article\" \/>\n<meta property=\"og:title\" content=\"Mount Gay Eclipse - Alchemy Asia\" \/>\n<meta property=\"og:description\" content=\"Mount Gay Eclipse \u0111\u01b0\u1ee3c \u0111\u1eb7t t\u00ean theo s\u1ef1 ki\u1ec7n nh\u1eadt th\u1ef1c to\u00e0n ph\u1ea7n xu\u1ea5t hi\u1ec7n n\u0103m 1910 t\u1ea1i Barbados. Mount Gay Eclipse l\u00e0 s\u1ef1 k\u1ebft h\u1ee3p gi\u1eefa c\u00e1c d\u00f2ng rum \u0111\u01b0\u1ee3c ch\u01b0ng c\u1ea5t trong n\u1ed3i \u0111\u1ed3ng truy\u1ec1n th\u1ed1ng v\u00e0 c\u1ed9t ch\u01b0ng c\u1ea5t, sau \u0111\u00f3 \u0111\u01b0\u1ee3c \u1ee7 2 n\u0103m trong th\u00f9ng g\u1ed7 whisky M\u1ef9.  APPEARANCE Golden amber  NOSE Vanilla, banana, spicy, caramel and summer fruit notes  PALATE Light to medium body and persistence with oaky character and slight burnt notes.  DRINKING RECOMMENDATION Mount Gay Eclipse makes an iconic Rum Punch or can be enjoyed with your favourite mixer.\" \/>\n<meta property=\"og:url\" content=\"https:\/\/alchemy-asia.com\/vi\/san-pham\/mount-gay-eclipse\/\" \/>\n<meta property=\"og:site_name\" content=\"Alchemy Asia\" \/>\n<meta property=\"article:modified_time\" content=\"2024-08-06T02:52:43+00:00\" \/>\n<meta property=\"og:image\" content=\"https:\/\/alchemy-asia.com\/vi\/wp-content\/uploads\/sites\/3\/2020\/03\/Pommery-Blue-Sky-with-gift-box-1.png\" \/>\n\t<meta property=\"og:image:width\" content=\"1080\" \/>\n\t<meta property=\"og:image:height\" content=\"1080\" \/>\n\t<meta property=\"og:image:type\" content=\"image\/png\" \/>\n<meta name=\"twitter:card\" content=\"summary_large_image\" \/>\n<meta name=\"twitter:label1\" content=\"\u01af\u1edbc t\u00ednh th\u1eddi gian \u0111\u1ecdc\" \/>\n\t<meta name=\"twitter:data1\" content=\"1 ph\u00fat\" \/>\n<script type=\"application\/ld+json\" class=\"yoast-schema-graph\">{\"@context\":\"https:\/\/schema.org\",\"@graph\":[{\"@type\":\"WebPage\",\"@id\":\"https:\/\/alchemy-asia.com\/vi\/san-pham\/mount-gay-eclipse\/\",\"url\":\"https:\/\/alchemy-asia.com\/vi\/san-pham\/mount-gay-eclipse\/\",\"name\":\"Mount Gay Eclipse - Alchemy Asia\",\"isPartOf\":{\"@id\":\"https:\/\/alchemy-asia.com\/vi\/#website\"},\"primaryImageOfPage\":{\"@id\":\"https:\/\/alchemy-asia.com\/vi\/san-pham\/mount-gay-eclipse\/#primaryimage\"},\"image\":{\"@id\":\"https:\/\/alchemy-asia.com\/vi\/san-pham\/mount-gay-eclipse\/#primaryimage\"},\"thumbnailUrl\":\"https:\/\/alchemy-asia.com\/vi\/wp-content\/uploads\/sites\/3\/2020\/03\/Pommery-Blue-Sky-with-gift-box-1.png\",\"datePublished\":\"2020-03-24T04:16:41+00:00\",\"dateModified\":\"2024-08-06T02:52:43+00:00\",\"breadcrumb\":{\"@id\":\"https:\/\/alchemy-asia.com\/vi\/san-pham\/mount-gay-eclipse\/#breadcrumb\"},\"inLanguage\":\"vi\",\"potentialAction\":[{\"@type\":\"ReadAction\",\"target\":[\"https:\/\/alchemy-asia.com\/vi\/san-pham\/mount-gay-eclipse\/\"]}]},{\"@type\":\"ImageObject\",\"inLanguage\":\"vi\",\"@id\":\"https:\/\/alchemy-asia.com\/vi\/san-pham\/mount-gay-eclipse\/#primaryimage\",\"url\":\"https:\/\/alchemy-asia.com\/vi\/wp-content\/uploads\/sites\/3\/2020\/03\/Pommery-Blue-Sky-with-gift-box-1.png\",\"contentUrl\":\"https:\/\/alchemy-asia.com\/vi\/wp-content\/uploads\/sites\/3\/2020\/03\/Pommery-Blue-Sky-with-gift-box-1.png\",\"width\":1080,\"height\":1080,\"caption\":\"Mount Gay Eclipse\"},{\"@type\":\"BreadcrumbList\",\"@id\":\"https:\/\/alchemy-asia.com\/vi\/san-pham\/mount-gay-eclipse\/#breadcrumb\",\"itemListElement\":[{\"@type\":\"ListItem\",\"position\":1,\"name\":\"Home\",\"item\":\"https:\/\/alchemy-asia.com\/vi\/\"},{\"@type\":\"ListItem\",\"position\":2,\"name\":\"Mount Gay Eclipse\"}]},{\"@type\":\"WebSite\",\"@id\":\"https:\/\/alchemy-asia.com\/vi\/#website\",\"url\":\"https:\/\/alchemy-asia.com\/vi\/\",\"name\":\"Alchemy Asia\",\"description\":\"Just another Alchemy Asia Sites site\",\"potentialAction\":[{\"@type\":\"SearchAction\",\"target\":{\"@type\":\"EntryPoint\",\"urlTemplate\":\"https:\/\/alchemy-asia.com\/vi\/?s={search_term_string}\"},\"query-input\":\"required name=search_term_string\"}],\"inLanguage\":\"vi\"}]}<\/script>\n<!-- \/ Yoast SEO plugin. -->","yoast_head_json":{"title":"Mount Gay Eclipse - Alchemy Asia","robots":{"index":"index","follow":"follow","max-snippet":"max-snippet:-1","max-image-preview":"max-image-preview:large","max-video-preview":"max-video-preview:-1"},"canonical":"https:\/\/alchemy-asia.com\/vi\/san-pham\/mount-gay-eclipse\/","og_locale":"vi_VN","og_type":"article","og_title":"Mount Gay Eclipse - Alchemy Asia","og_description":"Mount Gay Eclipse \u0111\u01b0\u1ee3c \u0111\u1eb7t t\u00ean theo s\u1ef1 ki\u1ec7n nh\u1eadt th\u1ef1c to\u00e0n ph\u1ea7n xu\u1ea5t hi\u1ec7n n\u0103m 1910 t\u1ea1i Barbados. Mount Gay Eclipse l\u00e0 s\u1ef1 k\u1ebft h\u1ee3p gi\u1eefa c\u00e1c d\u00f2ng rum \u0111\u01b0\u1ee3c ch\u01b0ng c\u1ea5t trong n\u1ed3i \u0111\u1ed3ng truy\u1ec1n th\u1ed1ng v\u00e0 c\u1ed9t ch\u01b0ng c\u1ea5t, sau \u0111\u00f3 \u0111\u01b0\u1ee3c \u1ee7 2 n\u0103m trong th\u00f9ng g\u1ed7 whisky M\u1ef9.  APPEARANCE Golden amber  NOSE Vanilla, banana, spicy, caramel and summer fruit notes  PALATE Light to medium body and persistence with oaky character and slight burnt notes.  DRINKING RECOMMENDATION Mount Gay Eclipse makes an iconic Rum Punch or can be enjoyed with your favourite mixer.","og_url":"https:\/\/alchemy-asia.com\/vi\/san-pham\/mount-gay-eclipse\/","og_site_name":"Alchemy Asia","article_modified_time":"2024-08-06T02:52:43+00:00","og_image":[{"width":1080,"height":1080,"url":"https:\/\/alchemy-asia.com\/vi\/wp-content\/uploads\/sites\/3\/2020\/03\/Pommery-Blue-Sky-with-gift-box-1.png","type":"image\/png"}],"twitter_card":"summary_large_image","twitter_misc":{"\u01af\u1edbc t\u00ednh th\u1eddi gian \u0111\u1ecdc":"1 ph\u00fat"},"schema":{"@context":"https:\/\/schema.org","@graph":[{"@type":"WebPage","@id":"https:\/\/alchemy-asia.com\/vi\/san-pham\/mount-gay-eclipse\/","url":"https:\/\/alchemy-asia.com\/vi\/san-pham\/mount-gay-eclipse\/","name":"Mount Gay Eclipse - Alchemy Asia","isPartOf":{"@id":"https:\/\/alchemy-asia.com\/vi\/#website"},"primaryImageOfPage":{"@id":"https:\/\/alchemy-asia.com\/vi\/san-pham\/mount-gay-eclipse\/#primaryimage"},"image":{"@id":"https:\/\/alchemy-asia.com\/vi\/san-pham\/mount-gay-eclipse\/#primaryimage"},"thumbnailUrl":"https:\/\/alchemy-asia.com\/vi\/wp-content\/uploads\/sites\/3\/2020\/03\/Pommery-Blue-Sky-with-gift-box-1.png","datePublished":"2020-03-24T04:16:41+00:00","dateModified":"2024-08-06T02:52:43+00:00","breadcrumb":{"@id":"https:\/\/alchemy-asia.com\/vi\/san-pham\/mount-gay-eclipse\/#breadcrumb"},"inLanguage":"vi","potentialAction":[{"@type":"ReadAction","target":["https:\/\/alchemy-asia.com\/vi\/san-pham\/mount-gay-eclipse\/"]}]},{"@type":"ImageObject","inLanguage":"vi","@id":"https:\/\/alchemy-asia.com\/vi\/san-pham\/mount-gay-eclipse\/#primaryimage","url":"https:\/\/alchemy-asia.com\/vi\/wp-content\/uploads\/sites\/3\/2020\/03\/Pommery-Blue-Sky-with-gift-box-1.png","contentUrl":"https:\/\/alchemy-asia.com\/vi\/wp-content\/uploads\/sites\/3\/2020\/03\/Pommery-Blue-Sky-with-gift-box-1.png","width":1080,"height":1080,"caption":"Mount Gay Eclipse"},{"@type":"BreadcrumbList","@id":"https:\/\/alchemy-asia.com\/vi\/san-pham\/mount-gay-eclipse\/#breadcrumb","itemListElement":[{"@type":"ListItem","position":1,"name":"Home","item":"https:\/\/alchemy-asia.com\/vi\/"},{"@type":"ListItem","position":2,"name":"Mount Gay Eclipse"}]},{"@type":"WebSite","@id":"https:\/\/alchemy-asia.com\/vi\/#website","url":"https:\/\/alchemy-asia.com\/vi\/","name":"Alchemy Asia","description":"Just another Alchemy Asia Sites site","potentialAction":[{"@type":"SearchAction","target":{"@type":"EntryPoint","urlTemplate":"https:\/\/alchemy-asia.com\/vi\/?s={search_term_string}"},"query-input":"required name=search_term_string"}],"inLanguage":"vi"}]}},"_links":{"self":[{"href":"https:\/\/alchemy-asia.com\/vi\/wp-json\/wp\/v2\/product\/6248","targetHints":{"allow":["GET"]}}],"collection":[{"href":"https:\/\/alchemy-asia.com\/vi\/wp-json\/wp\/v2\/product"}],"about":[{"href":"https:\/\/alchemy-asia.com\/vi\/wp-json\/wp\/v2\/types\/product"}],"replies":[{"embeddable":true,"href":"https:\/\/alchemy-asia.com\/vi\/wp-json\/wp\/v2\/comments?post=6248"}],"wp:featuredmedia":[{"embeddable":true,"href":"https:\/\/alchemy-asia.com\/vi\/wp-json\/wp\/v2\/media\/8820"}],"wp:attachment":[{"href":"https:\/\/alchemy-asia.com\/vi\/wp-json\/wp\/v2\/media?parent=6248"}],"wp:term":[{"taxonomy":"product_cat","embeddable":true,"href":"https:\/\/alchemy-asia.com\/vi\/wp-json\/wp\/v2\/product_cat?post=6248"},{"taxonomy":"product_tag","embeddable":true,"href":"https:\/\/alchemy-asia.com\/vi\/wp-json\/wp\/v2\/product_tag?post=6248"}],"curies":[{"name":"wp","href":"https:\/\/api.w.org\/{rel}","templated":true}]}}