{"id":6249,"date":"2020-03-24T04:17:27","date_gmt":"2020-03-24T04:17:27","guid":{"rendered":"http:\/\/alchemy-asia.com\/vi\/?post_type=product&#038;p=6249"},"modified":"2024-08-06T02:51:11","modified_gmt":"2024-08-06T02:51:11","slug":"mount-gay-black-barrel","status":"publish","type":"product","link":"https:\/\/alchemy-asia.com\/vi\/san-pham\/mount-gay-black-barrel\/","title":{"rendered":"Mount Gay Black Barrel"},"content":{"rendered":"","protected":false},"excerpt":{"rendered":"<p><span data-sheets-root=\"1\">Mount Gay Black Barrel \u0111\u01b0\u1ee3c t\u1ea1o ra t\u1eeb m\u1ed9t h\u1ed7n h\u1ee3p c\u1ee7a c\u00e1c lo\u1ea1i rum \u0111\u1eadm \u0111\u00e0 v\u00e0 th\u01a1m ngon, \u0111\u01b0\u1ee3c ch\u01b0ng c\u1ea5t trong c\u00e1c n\u1ed3i \u0111\u1ed3ng truy\u1ec1n th\u1ed1ng, \u1ee7 t\u1eeb 3 \u0111\u1ebfn 7 n\u0103m trong c\u00e1c th\u00f9ng g\u1ed7 r\u01b0\u1ee3u whiskey M\u1ef9 v\u00e0 sau \u0111\u00f3 d\u00e0nh 6 th\u00e1ng \u0111\u1ec3 ho\u00e0n thi\u1ec7n trong c\u00e1c th\u00f9ng g\u1ed7 Bourbon ch\u00e1y \u0111\u1eadm.<\/span><\/p>\n<p>&nbsp;<\/p>\n<p><span data-sheets-root=\"1\"><strong>DI\u1ec6N M\u1ea0O<\/strong><br \/>\nM\u00e0u H\u1ed5 Ph\u00e1ch \u0110\u1eadm<\/span><\/p>\n<p><strong>H\u01af\u01a0NG TH\u01a0M<\/strong><br \/>\nNhi\u1ec1u t\u1ea7ng h\u01b0\u01a1ng \u0111\u1ebfn t\u1eeb g\u1ed7 v\u00e0 b\u01a1 k\u1ebft h\u1ee3p v\u1edbi m\u1ed9t s\u1ef1 c\u00e2n b\u1eb1ng tuy\u1ec7t v\u1eddi c\u1ee7a c\u00e1c lo\u1ea1i tr\u00e1i c\u00e2y kh\u00f4 v\u00e0 gia v\u1ecb. \u0110\u00e2y l\u00e0 m\u1ed9t d\u00f2ng r\u01b0\u1ee3u tinh t\u1ebf v\u1edbi nh\u1eefng n\u1ed1t h\u01b0\u01a1ng c\u1ee7a b\u00e1nh quy g\u1eebng, v\u1ea3i thi\u1ec1u v\u00e0 k\u1eb9o caramel.<\/p>\n<p><strong>H\u01af\u01a0NG V\u1eca<\/strong><br \/>\nS\u1ef1 c\u00e2n b\u1eb1ng t\u1ed1t c\u1ee7a m\u1ed9t d\u00f2ng r\u01b0\u1ee3u v\u1edbi n\u1ed1t h\u01b0\u01a1ng t\u1ed1t v\u00e0 k\u00e9o d\u00e0i.<\/p>\n<p><strong>G\u1ee2I \u00dd<\/strong><br \/>\nMount Gay Black Barrel c\u00f3 th\u1ec3 \u0111\u01b0\u1ee3c th\u01b0\u1edfng th\u1ee9c trong c\u00e1c lo\u1ea1i cocktail th\u1ee7 c\u00f4ng v\u00e0 c\u1ed5 \u0111i\u1ec3n nh\u01b0 Bridgetown Sour.<\/p>\n","protected":false},"featured_media":8813,"comment_status":"open","ping_status":"closed","template":"","meta":{"_acf_changed":false},"product_cat":[56],"product_tag":[],"class_list":{"0":"post-6249","1":"product","2":"type-product","3":"status-publish","4":"has-post-thumbnail","6":"product_cat-rum","7":"brand-mount-gay-rum","9":"first","10":"instock","11":"shipping-taxable","12":"product-type-simple"},"acf":[],"yoast_head":"<!-- This site is optimized with the Yoast SEO plugin v23.0 - https:\/\/yoast.com\/wordpress\/plugins\/seo\/ -->\n<title>Mount Gay Black Barrel - Alchemy Asia<\/title>\n<meta name=\"robots\" content=\"index, follow, max-snippet:-1, max-image-preview:large, max-video-preview:-1\" \/>\n<link rel=\"canonical\" href=\"https:\/\/alchemy-asia.com\/vi\/san-pham\/mount-gay-black-barrel\/\" \/>\n<meta property=\"og:locale\" content=\"vi_VN\" \/>\n<meta property=\"og:type\" content=\"article\" \/>\n<meta property=\"og:title\" content=\"Mount Gay Black Barrel - Alchemy Asia\" \/>\n<meta property=\"og:description\" content=\"Mount Gay Black Barrel \u0111\u01b0\u1ee3c t\u1ea1o ra t\u1eeb m\u1ed9t h\u1ed7n h\u1ee3p c\u1ee7a c\u00e1c lo\u1ea1i rum \u0111\u1eadm \u0111\u00e0 v\u00e0 th\u01a1m ngon, \u0111\u01b0\u1ee3c ch\u01b0ng c\u1ea5t trong c\u00e1c n\u1ed3i \u0111\u1ed3ng truy\u1ec1n th\u1ed1ng, \u1ee7 t\u1eeb 3 \u0111\u1ebfn 7 n\u0103m trong c\u00e1c th\u00f9ng g\u1ed7 r\u01b0\u1ee3u whiskey M\u1ef9 v\u00e0 sau \u0111\u00f3 d\u00e0nh 6 th\u00e1ng \u0111\u1ec3 ho\u00e0n thi\u1ec7n trong c\u00e1c th\u00f9ng g\u1ed7 Bourbon ch\u00e1y \u0111\u1eadm.  &nbsp;  DI\u1ec6N M\u1ea0O M\u00e0u H\u1ed5 Ph\u00e1ch \u0110\u1eadm  H\u01af\u01a0NG TH\u01a0M Nhi\u1ec1u t\u1ea7ng h\u01b0\u01a1ng \u0111\u1ebfn t\u1eeb g\u1ed7 v\u00e0 b\u01a1 k\u1ebft h\u1ee3p v\u1edbi m\u1ed9t s\u1ef1 c\u00e2n b\u1eb1ng tuy\u1ec7t v\u1eddi c\u1ee7a c\u00e1c lo\u1ea1i tr\u00e1i c\u00e2y kh\u00f4 v\u00e0 gia v\u1ecb. \u0110\u00e2y l\u00e0 m\u1ed9t d\u00f2ng r\u01b0\u1ee3u tinh t\u1ebf v\u1edbi nh\u1eefng n\u1ed1t h\u01b0\u01a1ng c\u1ee7a b\u00e1nh quy g\u1eebng, v\u1ea3i thi\u1ec1u v\u00e0 k\u1eb9o caramel.  H\u01af\u01a0NG V\u1eca S\u1ef1 c\u00e2n b\u1eb1ng t\u1ed1t c\u1ee7a m\u1ed9t d\u00f2ng r\u01b0\u1ee3u v\u1edbi n\u1ed1t h\u01b0\u01a1ng t\u1ed1t v\u00e0 k\u00e9o d\u00e0i.  G\u1ee2I \u00dd Mount Gay Black Barrel c\u00f3 th\u1ec3 \u0111\u01b0\u1ee3c th\u01b0\u1edfng th\u1ee9c trong c\u00e1c lo\u1ea1i cocktail th\u1ee7 c\u00f4ng v\u00e0 c\u1ed5 \u0111i\u1ec3n nh\u01b0 Bridgetown Sour.\" \/>\n<meta property=\"og:url\" content=\"https:\/\/alchemy-asia.com\/vi\/san-pham\/mount-gay-black-barrel\/\" \/>\n<meta property=\"og:site_name\" content=\"Alchemy Asia\" \/>\n<meta property=\"article:modified_time\" content=\"2024-08-06T02:51:11+00:00\" \/>\n<meta property=\"og:image\" content=\"https:\/\/alchemy-asia.com\/vi\/wp-content\/uploads\/sites\/3\/2020\/03\/Mount-Gay-Barbados-Rum-Black-Barrel.png\" \/>\n\t<meta property=\"og:image:width\" content=\"2480\" \/>\n\t<meta property=\"og:image:height\" content=\"2480\" \/>\n\t<meta property=\"og:image:type\" content=\"image\/png\" \/>\n<meta name=\"twitter:card\" content=\"summary_large_image\" \/>\n<meta name=\"twitter:label1\" content=\"\u01af\u1edbc t\u00ednh th\u1eddi gian \u0111\u1ecdc\" \/>\n\t<meta name=\"twitter:data1\" content=\"1 ph\u00fat\" \/>\n<script type=\"application\/ld+json\" class=\"yoast-schema-graph\">{\"@context\":\"https:\/\/schema.org\",\"@graph\":[{\"@type\":\"WebPage\",\"@id\":\"https:\/\/alchemy-asia.com\/vi\/san-pham\/mount-gay-black-barrel\/\",\"url\":\"https:\/\/alchemy-asia.com\/vi\/san-pham\/mount-gay-black-barrel\/\",\"name\":\"Mount Gay Black Barrel - Alchemy Asia\",\"isPartOf\":{\"@id\":\"https:\/\/alchemy-asia.com\/vi\/#website\"},\"primaryImageOfPage\":{\"@id\":\"https:\/\/alchemy-asia.com\/vi\/san-pham\/mount-gay-black-barrel\/#primaryimage\"},\"image\":{\"@id\":\"https:\/\/alchemy-asia.com\/vi\/san-pham\/mount-gay-black-barrel\/#primaryimage\"},\"thumbnailUrl\":\"https:\/\/alchemy-asia.com\/vi\/wp-content\/uploads\/sites\/3\/2020\/03\/Mount-Gay-Barbados-Rum-Black-Barrel.png\",\"datePublished\":\"2020-03-24T04:17:27+00:00\",\"dateModified\":\"2024-08-06T02:51:11+00:00\",\"breadcrumb\":{\"@id\":\"https:\/\/alchemy-asia.com\/vi\/san-pham\/mount-gay-black-barrel\/#breadcrumb\"},\"inLanguage\":\"vi\",\"potentialAction\":[{\"@type\":\"ReadAction\",\"target\":[\"https:\/\/alchemy-asia.com\/vi\/san-pham\/mount-gay-black-barrel\/\"]}]},{\"@type\":\"ImageObject\",\"inLanguage\":\"vi\",\"@id\":\"https:\/\/alchemy-asia.com\/vi\/san-pham\/mount-gay-black-barrel\/#primaryimage\",\"url\":\"https:\/\/alchemy-asia.com\/vi\/wp-content\/uploads\/sites\/3\/2020\/03\/Mount-Gay-Barbados-Rum-Black-Barrel.png\",\"contentUrl\":\"https:\/\/alchemy-asia.com\/vi\/wp-content\/uploads\/sites\/3\/2020\/03\/Mount-Gay-Barbados-Rum-Black-Barrel.png\",\"width\":2480,\"height\":2480,\"caption\":\"Mount Gay Barbados Rum Black Barrel\"},{\"@type\":\"BreadcrumbList\",\"@id\":\"https:\/\/alchemy-asia.com\/vi\/san-pham\/mount-gay-black-barrel\/#breadcrumb\",\"itemListElement\":[{\"@type\":\"ListItem\",\"position\":1,\"name\":\"Home\",\"item\":\"https:\/\/alchemy-asia.com\/vi\/\"},{\"@type\":\"ListItem\",\"position\":2,\"name\":\"Mount Gay Black Barrel\"}]},{\"@type\":\"WebSite\",\"@id\":\"https:\/\/alchemy-asia.com\/vi\/#website\",\"url\":\"https:\/\/alchemy-asia.com\/vi\/\",\"name\":\"Alchemy Asia\",\"description\":\"Just another Alchemy Asia Sites site\",\"potentialAction\":[{\"@type\":\"SearchAction\",\"target\":{\"@type\":\"EntryPoint\",\"urlTemplate\":\"https:\/\/alchemy-asia.com\/vi\/?s={search_term_string}\"},\"query-input\":\"required name=search_term_string\"}],\"inLanguage\":\"vi\"}]}<\/script>\n<!-- \/ Yoast SEO plugin. -->","yoast_head_json":{"title":"Mount Gay Black Barrel - Alchemy Asia","robots":{"index":"index","follow":"follow","max-snippet":"max-snippet:-1","max-image-preview":"max-image-preview:large","max-video-preview":"max-video-preview:-1"},"canonical":"https:\/\/alchemy-asia.com\/vi\/san-pham\/mount-gay-black-barrel\/","og_locale":"vi_VN","og_type":"article","og_title":"Mount Gay Black Barrel - Alchemy Asia","og_description":"Mount Gay Black Barrel \u0111\u01b0\u1ee3c t\u1ea1o ra t\u1eeb m\u1ed9t h\u1ed7n h\u1ee3p c\u1ee7a c\u00e1c lo\u1ea1i rum \u0111\u1eadm \u0111\u00e0 v\u00e0 th\u01a1m ngon, \u0111\u01b0\u1ee3c ch\u01b0ng c\u1ea5t trong c\u00e1c n\u1ed3i \u0111\u1ed3ng truy\u1ec1n th\u1ed1ng, \u1ee7 t\u1eeb 3 \u0111\u1ebfn 7 n\u0103m trong c\u00e1c th\u00f9ng g\u1ed7 r\u01b0\u1ee3u whiskey M\u1ef9 v\u00e0 sau \u0111\u00f3 d\u00e0nh 6 th\u00e1ng \u0111\u1ec3 ho\u00e0n thi\u1ec7n trong c\u00e1c th\u00f9ng g\u1ed7 Bourbon ch\u00e1y \u0111\u1eadm.  &nbsp;  DI\u1ec6N M\u1ea0O M\u00e0u H\u1ed5 Ph\u00e1ch \u0110\u1eadm  H\u01af\u01a0NG TH\u01a0M Nhi\u1ec1u t\u1ea7ng h\u01b0\u01a1ng \u0111\u1ebfn t\u1eeb g\u1ed7 v\u00e0 b\u01a1 k\u1ebft h\u1ee3p v\u1edbi m\u1ed9t s\u1ef1 c\u00e2n b\u1eb1ng tuy\u1ec7t v\u1eddi c\u1ee7a c\u00e1c lo\u1ea1i tr\u00e1i c\u00e2y kh\u00f4 v\u00e0 gia v\u1ecb. \u0110\u00e2y l\u00e0 m\u1ed9t d\u00f2ng r\u01b0\u1ee3u tinh t\u1ebf v\u1edbi nh\u1eefng n\u1ed1t h\u01b0\u01a1ng c\u1ee7a b\u00e1nh quy g\u1eebng, v\u1ea3i thi\u1ec1u v\u00e0 k\u1eb9o caramel.  H\u01af\u01a0NG V\u1eca S\u1ef1 c\u00e2n b\u1eb1ng t\u1ed1t c\u1ee7a m\u1ed9t d\u00f2ng r\u01b0\u1ee3u v\u1edbi n\u1ed1t h\u01b0\u01a1ng t\u1ed1t v\u00e0 k\u00e9o d\u00e0i.  G\u1ee2I \u00dd Mount Gay Black Barrel c\u00f3 th\u1ec3 \u0111\u01b0\u1ee3c th\u01b0\u1edfng th\u1ee9c trong c\u00e1c lo\u1ea1i cocktail th\u1ee7 c\u00f4ng v\u00e0 c\u1ed5 \u0111i\u1ec3n nh\u01b0 Bridgetown Sour.","og_url":"https:\/\/alchemy-asia.com\/vi\/san-pham\/mount-gay-black-barrel\/","og_site_name":"Alchemy Asia","article_modified_time":"2024-08-06T02:51:11+00:00","og_image":[{"width":2480,"height":2480,"url":"https:\/\/alchemy-asia.com\/vi\/wp-content\/uploads\/sites\/3\/2020\/03\/Mount-Gay-Barbados-Rum-Black-Barrel.png","type":"image\/png"}],"twitter_card":"summary_large_image","twitter_misc":{"\u01af\u1edbc t\u00ednh th\u1eddi gian \u0111\u1ecdc":"1 ph\u00fat"},"schema":{"@context":"https:\/\/schema.org","@graph":[{"@type":"WebPage","@id":"https:\/\/alchemy-asia.com\/vi\/san-pham\/mount-gay-black-barrel\/","url":"https:\/\/alchemy-asia.com\/vi\/san-pham\/mount-gay-black-barrel\/","name":"Mount Gay Black Barrel - Alchemy Asia","isPartOf":{"@id":"https:\/\/alchemy-asia.com\/vi\/#website"},"primaryImageOfPage":{"@id":"https:\/\/alchemy-asia.com\/vi\/san-pham\/mount-gay-black-barrel\/#primaryimage"},"image":{"@id":"https:\/\/alchemy-asia.com\/vi\/san-pham\/mount-gay-black-barrel\/#primaryimage"},"thumbnailUrl":"https:\/\/alchemy-asia.com\/vi\/wp-content\/uploads\/sites\/3\/2020\/03\/Mount-Gay-Barbados-Rum-Black-Barrel.png","datePublished":"2020-03-24T04:17:27+00:00","dateModified":"2024-08-06T02:51:11+00:00","breadcrumb":{"@id":"https:\/\/alchemy-asia.com\/vi\/san-pham\/mount-gay-black-barrel\/#breadcrumb"},"inLanguage":"vi","potentialAction":[{"@type":"ReadAction","target":["https:\/\/alchemy-asia.com\/vi\/san-pham\/mount-gay-black-barrel\/"]}]},{"@type":"ImageObject","inLanguage":"vi","@id":"https:\/\/alchemy-asia.com\/vi\/san-pham\/mount-gay-black-barrel\/#primaryimage","url":"https:\/\/alchemy-asia.com\/vi\/wp-content\/uploads\/sites\/3\/2020\/03\/Mount-Gay-Barbados-Rum-Black-Barrel.png","contentUrl":"https:\/\/alchemy-asia.com\/vi\/wp-content\/uploads\/sites\/3\/2020\/03\/Mount-Gay-Barbados-Rum-Black-Barrel.png","width":2480,"height":2480,"caption":"Mount Gay Barbados Rum Black Barrel"},{"@type":"BreadcrumbList","@id":"https:\/\/alchemy-asia.com\/vi\/san-pham\/mount-gay-black-barrel\/#breadcrumb","itemListElement":[{"@type":"ListItem","position":1,"name":"Home","item":"https:\/\/alchemy-asia.com\/vi\/"},{"@type":"ListItem","position":2,"name":"Mount Gay Black Barrel"}]},{"@type":"WebSite","@id":"https:\/\/alchemy-asia.com\/vi\/#website","url":"https:\/\/alchemy-asia.com\/vi\/","name":"Alchemy Asia","description":"Just another Alchemy Asia Sites site","potentialAction":[{"@type":"SearchAction","target":{"@type":"EntryPoint","urlTemplate":"https:\/\/alchemy-asia.com\/vi\/?s={search_term_string}"},"query-input":"required name=search_term_string"}],"inLanguage":"vi"}]}},"_links":{"self":[{"href":"https:\/\/alchemy-asia.com\/vi\/wp-json\/wp\/v2\/product\/6249","targetHints":{"allow":["GET"]}}],"collection":[{"href":"https:\/\/alchemy-asia.com\/vi\/wp-json\/wp\/v2\/product"}],"about":[{"href":"https:\/\/alchemy-asia.com\/vi\/wp-json\/wp\/v2\/types\/product"}],"replies":[{"embeddable":true,"href":"https:\/\/alchemy-asia.com\/vi\/wp-json\/wp\/v2\/comments?post=6249"}],"wp:featuredmedia":[{"embeddable":true,"href":"https:\/\/alchemy-asia.com\/vi\/wp-json\/wp\/v2\/media\/8813"}],"wp:attachment":[{"href":"https:\/\/alchemy-asia.com\/vi\/wp-json\/wp\/v2\/media?parent=6249"}],"wp:term":[{"taxonomy":"product_cat","embeddable":true,"href":"https:\/\/alchemy-asia.com\/vi\/wp-json\/wp\/v2\/product_cat?post=6249"},{"taxonomy":"product_tag","embeddable":true,"href":"https:\/\/alchemy-asia.com\/vi\/wp-json\/wp\/v2\/product_tag?post=6249"}],"curies":[{"name":"wp","href":"https:\/\/api.w.org\/{rel}","templated":true}]}}