{"id":6250,"date":"2020-03-24T04:18:38","date_gmt":"2020-03-24T04:18:38","guid":{"rendered":"http:\/\/alchemy-asia.com\/vi\/?post_type=product&#038;p=6250"},"modified":"2024-08-06T02:55:10","modified_gmt":"2024-08-06T02:55:10","slug":"mount-gay-xo","status":"publish","type":"product","link":"https:\/\/alchemy-asia.com\/vi\/san-pham\/mount-gay-xo\/","title":{"rendered":"Mount Gay XO"},"content":{"rendered":"","protected":false},"excerpt":{"rendered":"<p><span data-sheets-root=\"1\">Chuy\u00ean gia ph\u1ed1i tr\u1ed9n Allen Smith \u0111\u00e3 ch\u1ecdn l\u1ecdc nh\u1eefng m\u1ebb r\u01b0\u1ee3u \u0111\u01b0\u1ee3c ch\u01b0ng ch\u1ea5t c\u1ea5t c\u1ea9n th\u1eadn nh\u1ea5t, v\u1edbi th\u1eddi gian \u1ee7 t\u1eeb 8 \u0111\u1ebfn 15 n\u0103m, t\u1eeb c\u00e1c th\u00f9ng r\u01b0\u1ee3u d\u1ef1 tr\u1eef c\u1ee7a ch\u00fang t\u00f4i \u0111\u1ec3 t\u1ea1o ra Mount Gay XO. M\u1ed9t d\u00f2ng r\u01b0\u1ee3u tinh t\u1ebf v\u00e0 \u0111\u1eadm \u0111\u00e0, XO mang \u0111\u1ebfn nh\u1eefng m\u00f9i h\u01b0\u01a1ng m\u1ea1nh m\u1ebd v\u1edbi m\u1ed9t h\u1eadu v\u1ecb tr\u00f2n \u0111\u1ea7y nh\u01b0ng kh\u00f4ng k\u00e9m ph\u1ea7n m\u01b0\u1ee3t m\u00e0. S\u1ef1 ph\u1ed1i tr\u1ed9n n\u00e0y l\u00e0 minh ch\u1ee9ng cho s\u1ef1 tinh t\u1ebf ch\u1ec9 c\u00f3 th\u1eddi gian m\u1edbi c\u00f3 th\u1ec3 mang l\u1ea1i, mang \u0111\u1ebfn h\u01b0\u01a1ng v\u1ecb c\u1ee7a thi\u00ean \u0111\u01b0\u1eddng t\u1eeb d\u00f2ng r\u01b0\u1ee3u rum \u0111\u00e3 s\u00e1ng t\u1ea1o n\u00ean rum.<\/span><\/p>\n<p><strong>H\u01af\u01a0NG TH\u01a0M<\/strong><br \/>\nS\u1ef1 \u0111an xen gi\u1eefa c\u00e1c n\u1ed1t h\u01b0\u01a1ng ng\u1ecdt t\u1eeb m\u00eda, b\u1ea1c h\u00e0, chu\u1ed1i v\u00e0 h\u01b0\u01a1ng cam qu\u00fdt.<\/p>\n<p><strong>H\u01af\u01a0NG V\u1eca<\/strong><br \/>\nH\u1eadu v\u1ecb m\u01b0\u1ee3t m\u00e0 v\u00e0 thanh m\u00e1t<\/p>\n<p><strong>BODY<\/strong><br \/>\nNh\u1eb9 nh\u00e0ng c\u00f9ng h\u1eadu v\u1ecb l\u01b0u luy\u1ebfn<\/p>\n<p><strong>G\u1ee2I \u00dd<\/strong><br \/>\nTh\u01b0\u1edfng th\u1ee9c XO \u0111\u01a1n gi\u1ea3n v\u1edbi 1 vi\u00ean \u0111\u00e1 l\u1edbn, ho\u1eb7c neat. XO c\u0169ng l\u00e0 m\u1ed9t r\u01b0\u1ee3u n\u1ec1n ho\u00e0n h\u1ea3o cho 1 ly Old Fashioned c\u1ed5 \u0111i\u1ec3n.<\/p>\n<p>&nbsp;<\/p>\n","protected":false},"featured_media":8822,"comment_status":"open","ping_status":"closed","template":"","meta":{"_acf_changed":false},"product_cat":[56],"product_tag":[],"class_list":{"0":"post-6250","1":"product","2":"type-product","3":"status-publish","4":"has-post-thumbnail","6":"product_cat-rum","7":"brand-mount-gay-rum","9":"first","10":"instock","11":"shipping-taxable","12":"product-type-simple"},"acf":[],"yoast_head":"<!-- This site is optimized with the Yoast SEO plugin v23.0 - https:\/\/yoast.com\/wordpress\/plugins\/seo\/ -->\n<title>Mount Gay XO - Alchemy Asia<\/title>\n<meta name=\"robots\" content=\"index, follow, max-snippet:-1, max-image-preview:large, max-video-preview:-1\" \/>\n<link rel=\"canonical\" href=\"https:\/\/alchemy-asia.com\/vi\/san-pham\/mount-gay-xo\/\" \/>\n<meta property=\"og:locale\" content=\"vi_VN\" \/>\n<meta property=\"og:type\" content=\"article\" \/>\n<meta property=\"og:title\" content=\"Mount Gay XO - Alchemy Asia\" \/>\n<meta property=\"og:description\" content=\"Chuy\u00ean gia ph\u1ed1i tr\u1ed9n Allen Smith \u0111\u00e3 ch\u1ecdn l\u1ecdc nh\u1eefng m\u1ebb r\u01b0\u1ee3u \u0111\u01b0\u1ee3c ch\u01b0ng ch\u1ea5t c\u1ea5t c\u1ea9n th\u1eadn nh\u1ea5t, v\u1edbi th\u1eddi gian \u1ee7 t\u1eeb 8 \u0111\u1ebfn 15 n\u0103m, t\u1eeb c\u00e1c th\u00f9ng r\u01b0\u1ee3u d\u1ef1 tr\u1eef c\u1ee7a ch\u00fang t\u00f4i \u0111\u1ec3 t\u1ea1o ra Mount Gay XO. M\u1ed9t d\u00f2ng r\u01b0\u1ee3u tinh t\u1ebf v\u00e0 \u0111\u1eadm \u0111\u00e0, XO mang \u0111\u1ebfn nh\u1eefng m\u00f9i h\u01b0\u01a1ng m\u1ea1nh m\u1ebd v\u1edbi m\u1ed9t h\u1eadu v\u1ecb tr\u00f2n \u0111\u1ea7y nh\u01b0ng kh\u00f4ng k\u00e9m ph\u1ea7n m\u01b0\u1ee3t m\u00e0. S\u1ef1 ph\u1ed1i tr\u1ed9n n\u00e0y l\u00e0 minh ch\u1ee9ng cho s\u1ef1 tinh t\u1ebf ch\u1ec9 c\u00f3 th\u1eddi gian m\u1edbi c\u00f3 th\u1ec3 mang l\u1ea1i, mang \u0111\u1ebfn h\u01b0\u01a1ng v\u1ecb c\u1ee7a thi\u00ean \u0111\u01b0\u1eddng t\u1eeb d\u00f2ng r\u01b0\u1ee3u rum \u0111\u00e3 s\u00e1ng t\u1ea1o n\u00ean rum.  H\u01af\u01a0NG TH\u01a0M S\u1ef1 \u0111an xen gi\u1eefa c\u00e1c n\u1ed1t h\u01b0\u01a1ng ng\u1ecdt t\u1eeb m\u00eda, b\u1ea1c h\u00e0, chu\u1ed1i v\u00e0 h\u01b0\u01a1ng cam qu\u00fdt.  H\u01af\u01a0NG V\u1eca H\u1eadu v\u1ecb m\u01b0\u1ee3t m\u00e0 v\u00e0 thanh m\u00e1t  BODY Nh\u1eb9 nh\u00e0ng c\u00f9ng h\u1eadu v\u1ecb l\u01b0u luy\u1ebfn  G\u1ee2I \u00dd Th\u01b0\u1edfng th\u1ee9c XO \u0111\u01a1n gi\u1ea3n v\u1edbi 1 vi\u00ean \u0111\u00e1 l\u1edbn, ho\u1eb7c neat. XO c\u0169ng l\u00e0 m\u1ed9t r\u01b0\u1ee3u n\u1ec1n ho\u00e0n h\u1ea3o cho 1 ly Old Fashioned c\u1ed5 \u0111i\u1ec3n.  &nbsp;\" \/>\n<meta property=\"og:url\" content=\"https:\/\/alchemy-asia.com\/vi\/san-pham\/mount-gay-xo\/\" \/>\n<meta property=\"og:site_name\" content=\"Alchemy Asia\" \/>\n<meta property=\"article:modified_time\" content=\"2024-08-06T02:55:10+00:00\" \/>\n<meta property=\"og:image\" content=\"https:\/\/alchemy-asia.com\/vi\/wp-content\/uploads\/sites\/3\/2020\/03\/Mount-Gay-XO.png\" \/>\n\t<meta property=\"og:image:width\" content=\"2480\" \/>\n\t<meta property=\"og:image:height\" content=\"2480\" \/>\n\t<meta property=\"og:image:type\" content=\"image\/png\" \/>\n<meta name=\"twitter:card\" content=\"summary_large_image\" \/>\n<meta name=\"twitter:label1\" content=\"\u01af\u1edbc t\u00ednh th\u1eddi gian \u0111\u1ecdc\" \/>\n\t<meta name=\"twitter:data1\" content=\"1 ph\u00fat\" \/>\n<script type=\"application\/ld+json\" class=\"yoast-schema-graph\">{\"@context\":\"https:\/\/schema.org\",\"@graph\":[{\"@type\":\"WebPage\",\"@id\":\"https:\/\/alchemy-asia.com\/vi\/san-pham\/mount-gay-xo\/\",\"url\":\"https:\/\/alchemy-asia.com\/vi\/san-pham\/mount-gay-xo\/\",\"name\":\"Mount Gay XO - Alchemy Asia\",\"isPartOf\":{\"@id\":\"https:\/\/alchemy-asia.com\/vi\/#website\"},\"primaryImageOfPage\":{\"@id\":\"https:\/\/alchemy-asia.com\/vi\/san-pham\/mount-gay-xo\/#primaryimage\"},\"image\":{\"@id\":\"https:\/\/alchemy-asia.com\/vi\/san-pham\/mount-gay-xo\/#primaryimage\"},\"thumbnailUrl\":\"https:\/\/alchemy-asia.com\/vi\/wp-content\/uploads\/sites\/3\/2020\/03\/Mount-Gay-XO.png\",\"datePublished\":\"2020-03-24T04:18:38+00:00\",\"dateModified\":\"2024-08-06T02:55:10+00:00\",\"breadcrumb\":{\"@id\":\"https:\/\/alchemy-asia.com\/vi\/san-pham\/mount-gay-xo\/#breadcrumb\"},\"inLanguage\":\"vi\",\"potentialAction\":[{\"@type\":\"ReadAction\",\"target\":[\"https:\/\/alchemy-asia.com\/vi\/san-pham\/mount-gay-xo\/\"]}]},{\"@type\":\"ImageObject\",\"inLanguage\":\"vi\",\"@id\":\"https:\/\/alchemy-asia.com\/vi\/san-pham\/mount-gay-xo\/#primaryimage\",\"url\":\"https:\/\/alchemy-asia.com\/vi\/wp-content\/uploads\/sites\/3\/2020\/03\/Mount-Gay-XO.png\",\"contentUrl\":\"https:\/\/alchemy-asia.com\/vi\/wp-content\/uploads\/sites\/3\/2020\/03\/Mount-Gay-XO.png\",\"width\":2480,\"height\":2480,\"caption\":\"Mount Gay XO\"},{\"@type\":\"BreadcrumbList\",\"@id\":\"https:\/\/alchemy-asia.com\/vi\/san-pham\/mount-gay-xo\/#breadcrumb\",\"itemListElement\":[{\"@type\":\"ListItem\",\"position\":1,\"name\":\"Home\",\"item\":\"https:\/\/alchemy-asia.com\/vi\/\"},{\"@type\":\"ListItem\",\"position\":2,\"name\":\"Mount Gay XO\"}]},{\"@type\":\"WebSite\",\"@id\":\"https:\/\/alchemy-asia.com\/vi\/#website\",\"url\":\"https:\/\/alchemy-asia.com\/vi\/\",\"name\":\"Alchemy Asia\",\"description\":\"Just another Alchemy Asia Sites site\",\"potentialAction\":[{\"@type\":\"SearchAction\",\"target\":{\"@type\":\"EntryPoint\",\"urlTemplate\":\"https:\/\/alchemy-asia.com\/vi\/?s={search_term_string}\"},\"query-input\":\"required name=search_term_string\"}],\"inLanguage\":\"vi\"}]}<\/script>\n<!-- \/ Yoast SEO plugin. -->","yoast_head_json":{"title":"Mount Gay XO - Alchemy Asia","robots":{"index":"index","follow":"follow","max-snippet":"max-snippet:-1","max-image-preview":"max-image-preview:large","max-video-preview":"max-video-preview:-1"},"canonical":"https:\/\/alchemy-asia.com\/vi\/san-pham\/mount-gay-xo\/","og_locale":"vi_VN","og_type":"article","og_title":"Mount Gay XO - Alchemy Asia","og_description":"Chuy\u00ean gia ph\u1ed1i tr\u1ed9n Allen Smith \u0111\u00e3 ch\u1ecdn l\u1ecdc nh\u1eefng m\u1ebb r\u01b0\u1ee3u \u0111\u01b0\u1ee3c ch\u01b0ng ch\u1ea5t c\u1ea5t c\u1ea9n th\u1eadn nh\u1ea5t, v\u1edbi th\u1eddi gian \u1ee7 t\u1eeb 8 \u0111\u1ebfn 15 n\u0103m, t\u1eeb c\u00e1c th\u00f9ng r\u01b0\u1ee3u d\u1ef1 tr\u1eef c\u1ee7a ch\u00fang t\u00f4i \u0111\u1ec3 t\u1ea1o ra Mount Gay XO. M\u1ed9t d\u00f2ng r\u01b0\u1ee3u tinh t\u1ebf v\u00e0 \u0111\u1eadm \u0111\u00e0, XO mang \u0111\u1ebfn nh\u1eefng m\u00f9i h\u01b0\u01a1ng m\u1ea1nh m\u1ebd v\u1edbi m\u1ed9t h\u1eadu v\u1ecb tr\u00f2n \u0111\u1ea7y nh\u01b0ng kh\u00f4ng k\u00e9m ph\u1ea7n m\u01b0\u1ee3t m\u00e0. S\u1ef1 ph\u1ed1i tr\u1ed9n n\u00e0y l\u00e0 minh ch\u1ee9ng cho s\u1ef1 tinh t\u1ebf ch\u1ec9 c\u00f3 th\u1eddi gian m\u1edbi c\u00f3 th\u1ec3 mang l\u1ea1i, mang \u0111\u1ebfn h\u01b0\u01a1ng v\u1ecb c\u1ee7a thi\u00ean \u0111\u01b0\u1eddng t\u1eeb d\u00f2ng r\u01b0\u1ee3u rum \u0111\u00e3 s\u00e1ng t\u1ea1o n\u00ean rum.  H\u01af\u01a0NG TH\u01a0M S\u1ef1 \u0111an xen gi\u1eefa c\u00e1c n\u1ed1t h\u01b0\u01a1ng ng\u1ecdt t\u1eeb m\u00eda, b\u1ea1c h\u00e0, chu\u1ed1i v\u00e0 h\u01b0\u01a1ng cam qu\u00fdt.  H\u01af\u01a0NG V\u1eca H\u1eadu v\u1ecb m\u01b0\u1ee3t m\u00e0 v\u00e0 thanh m\u00e1t  BODY Nh\u1eb9 nh\u00e0ng c\u00f9ng h\u1eadu v\u1ecb l\u01b0u luy\u1ebfn  G\u1ee2I \u00dd Th\u01b0\u1edfng th\u1ee9c XO \u0111\u01a1n gi\u1ea3n v\u1edbi 1 vi\u00ean \u0111\u00e1 l\u1edbn, ho\u1eb7c neat. XO c\u0169ng l\u00e0 m\u1ed9t r\u01b0\u1ee3u n\u1ec1n ho\u00e0n h\u1ea3o cho 1 ly Old Fashioned c\u1ed5 \u0111i\u1ec3n.  &nbsp;","og_url":"https:\/\/alchemy-asia.com\/vi\/san-pham\/mount-gay-xo\/","og_site_name":"Alchemy Asia","article_modified_time":"2024-08-06T02:55:10+00:00","og_image":[{"width":2480,"height":2480,"url":"https:\/\/alchemy-asia.com\/vi\/wp-content\/uploads\/sites\/3\/2020\/03\/Mount-Gay-XO.png","type":"image\/png"}],"twitter_card":"summary_large_image","twitter_misc":{"\u01af\u1edbc t\u00ednh th\u1eddi gian \u0111\u1ecdc":"1 ph\u00fat"},"schema":{"@context":"https:\/\/schema.org","@graph":[{"@type":"WebPage","@id":"https:\/\/alchemy-asia.com\/vi\/san-pham\/mount-gay-xo\/","url":"https:\/\/alchemy-asia.com\/vi\/san-pham\/mount-gay-xo\/","name":"Mount Gay XO - Alchemy Asia","isPartOf":{"@id":"https:\/\/alchemy-asia.com\/vi\/#website"},"primaryImageOfPage":{"@id":"https:\/\/alchemy-asia.com\/vi\/san-pham\/mount-gay-xo\/#primaryimage"},"image":{"@id":"https:\/\/alchemy-asia.com\/vi\/san-pham\/mount-gay-xo\/#primaryimage"},"thumbnailUrl":"https:\/\/alchemy-asia.com\/vi\/wp-content\/uploads\/sites\/3\/2020\/03\/Mount-Gay-XO.png","datePublished":"2020-03-24T04:18:38+00:00","dateModified":"2024-08-06T02:55:10+00:00","breadcrumb":{"@id":"https:\/\/alchemy-asia.com\/vi\/san-pham\/mount-gay-xo\/#breadcrumb"},"inLanguage":"vi","potentialAction":[{"@type":"ReadAction","target":["https:\/\/alchemy-asia.com\/vi\/san-pham\/mount-gay-xo\/"]}]},{"@type":"ImageObject","inLanguage":"vi","@id":"https:\/\/alchemy-asia.com\/vi\/san-pham\/mount-gay-xo\/#primaryimage","url":"https:\/\/alchemy-asia.com\/vi\/wp-content\/uploads\/sites\/3\/2020\/03\/Mount-Gay-XO.png","contentUrl":"https:\/\/alchemy-asia.com\/vi\/wp-content\/uploads\/sites\/3\/2020\/03\/Mount-Gay-XO.png","width":2480,"height":2480,"caption":"Mount Gay XO"},{"@type":"BreadcrumbList","@id":"https:\/\/alchemy-asia.com\/vi\/san-pham\/mount-gay-xo\/#breadcrumb","itemListElement":[{"@type":"ListItem","position":1,"name":"Home","item":"https:\/\/alchemy-asia.com\/vi\/"},{"@type":"ListItem","position":2,"name":"Mount Gay XO"}]},{"@type":"WebSite","@id":"https:\/\/alchemy-asia.com\/vi\/#website","url":"https:\/\/alchemy-asia.com\/vi\/","name":"Alchemy Asia","description":"Just another Alchemy Asia Sites site","potentialAction":[{"@type":"SearchAction","target":{"@type":"EntryPoint","urlTemplate":"https:\/\/alchemy-asia.com\/vi\/?s={search_term_string}"},"query-input":"required name=search_term_string"}],"inLanguage":"vi"}]}},"_links":{"self":[{"href":"https:\/\/alchemy-asia.com\/vi\/wp-json\/wp\/v2\/product\/6250","targetHints":{"allow":["GET"]}}],"collection":[{"href":"https:\/\/alchemy-asia.com\/vi\/wp-json\/wp\/v2\/product"}],"about":[{"href":"https:\/\/alchemy-asia.com\/vi\/wp-json\/wp\/v2\/types\/product"}],"replies":[{"embeddable":true,"href":"https:\/\/alchemy-asia.com\/vi\/wp-json\/wp\/v2\/comments?post=6250"}],"wp:featuredmedia":[{"embeddable":true,"href":"https:\/\/alchemy-asia.com\/vi\/wp-json\/wp\/v2\/media\/8822"}],"wp:attachment":[{"href":"https:\/\/alchemy-asia.com\/vi\/wp-json\/wp\/v2\/media?parent=6250"}],"wp:term":[{"taxonomy":"product_cat","embeddable":true,"href":"https:\/\/alchemy-asia.com\/vi\/wp-json\/wp\/v2\/product_cat?post=6250"},{"taxonomy":"product_tag","embeddable":true,"href":"https:\/\/alchemy-asia.com\/vi\/wp-json\/wp\/v2\/product_tag?post=6250"}],"curies":[{"name":"wp","href":"https:\/\/api.w.org\/{rel}","templated":true}]}}