{"id":6251,"date":"2020-03-24T04:19:20","date_gmt":"2020-03-24T04:19:20","guid":{"rendered":"http:\/\/alchemy-asia.com\/vi\/?post_type=product&#038;p=6251"},"modified":"2024-08-06T03:02:40","modified_gmt":"2024-08-06T03:02:40","slug":"the-botanist-gin","status":"publish","type":"product","link":"https:\/\/alchemy-asia.com\/vi\/san-pham\/the-botanist-gin\/","title":{"rendered":"The Botanist Gin"},"content":{"rendered":"","protected":false},"excerpt":{"rendered":"<p><strong>BODY <\/strong><\/p>\n<p>M\u01b0\u1ee3t m\u00e0 nh\u01b0 satin; l\u01b0\u1edbt qua v\u00f2m mi\u1ec7ng. \u0110\u1ed9 s\u00e1nh c\u1ee7a r\u01b0\u1ee3u r\u1ea5t \u0111\u1eb7c tr\u01b0ng.<\/p>\n<p><strong>H\u01af\u01a0NG TH\u01a0M<\/strong><\/p>\n<p>M\u00f9i h\u01b0\u01a1ng th\u1ea3o d\u01b0\u1ee3c t\u01b0\u01a1i m\u00e1t, c\u00e2y b\u00e1ch x\u00f9 v\u00e0 cam qu\u00fdt ng\u1ecdt ng\u00e0o hi\u1ec7n l\u00ean. Ti\u1ebfp n\u1ed1i l\u00e0 h\u01b0\u01a1ng cay nh\u1eb9 c\u1ee7a qu\u1ebf v\u00e0 rau m\u00f9i t\u1ea1o n\u1ec1n t\u1ea3ng cho s\u1ef1 ph\u1ee9c h\u1ee3p tinh t\u1ebf c\u1ee7a Islay 22. M\u00f9i h\u01b0\u01a1ng c\u1ee7a t\u1ea3o d\u01b0\u1ee3c Islay nh\u1eb9 nh\u00e0ng xu\u1ea5t hi\u1ec7n, d\u1eady l\u00ean h\u01b0\u01a1ng th\u01a1m hoang d\u00e3 c\u1ee7a b\u1ea1c h\u00e0, h\u00fang t\u00e2y, gi\u00f3 ng\u1ecdt, c\u00e2y kim t\u01b0\u1edbc, hoa c\u00fac \u2013 m\u1ed9t m\u00e0u xanh t\u01b0\u01a1i m\u00e1t \u2013 m\u1ed9t m\u00f9i h\u01b0\u01a1ng c\u1ed1t l\u00f5i c\u1ee7a The Botanist.<\/p>\n<p><strong>H\u01af\u01a0NG V\u1eca <\/strong><\/p>\n<p>\u0110\u1eadm \u0111\u00e0 v\u00e0 \u00eam d\u1ecbu, m\u00e1t l\u1ea1nh khi ch\u1ea1m v\u00e0o \u0111\u1ea7u l\u01b0\u1ee1i, sau \u0111\u00f3 \u1ea5m d\u1ea7n trong v\u00f2m mi\u1ec7ng, k\u00edch th\u00edch v\u1ecb gi\u00e1c v\u1edbi v\u1ecb t\u01b0\u01a1i m\u00e1t c\u1ee7a cam qu\u00fdt. M\u1ed9t s\u1ef1 c\u00e2n b\u1eb1ng v\u00e0 ph\u1ee9c t\u1ea1p \u0111\u1eb7c tr\u01b0ng. V\u1edbi h\u01b0\u01a1ng v\u1ecb ng\u1ecdt ng\u00e0o c\u1ee7a \u0111\u1ea5t k\u1ebft h\u1ee3p v\u1edbi h\u01b0\u01a1ng hoa v\u00e0 th\u1ea3o d\u01b0\u1ee3c c\u1ee7a Islay 22. M\u1ed7i ng\u1ee5m s\u1ebd b\u1ed9c l\u1ed9 nh\u1eefng l\u1edbp s\u00e2u h\u01a1n v\u00e0 s\u1ef1 k\u1ebft h\u1ee3p ph\u1ee9c t\u1ea1p h\u01a1n c\u1ee7a c\u00e1c h\u01b0\u01a1ng v\u1ecb th\u1ea3o d\u01b0\u1ee3c \u1ea5y. S\u1ef1 ph\u1ee9c t\u1ea1p v\u00e0 linh ho\u1ea1t n\u00e0y ho\u00e0n to\u00e0n ph\u00f9 h\u1ee3p v\u1edbi b\u1ea5t k\u1ef3 c\u00f4ng th\u1ee9c s\u00e1ng t\u1ea1o c\u1ee7a ri\u00eang b\u1ea1n.<\/p>\n<p><strong>H\u1eacU V\u1eca<\/strong><\/p>\n<p>Th\u01b0 gi\u00e3n v\u00e0 c\u00e2n b\u1eb1ng. B\u1ea1c h\u00e0 , t\u00e1o gai, c\u00e2y x\u00f4 th\u01a1m, qu\u1ebf, cam qu\u00fdt, c\u00e2y b\u00e1ch x\u00f9 &#8211; m\u1ed9t s\u1ef1 k\u1ebft h\u1ee3p h\u00e0i h\u00f2a v\u00e0 k\u1ebft c\u1ea5u m\u1ec1m m\u1ea1i, m\u01b0\u1ee3t m\u00e0 nh\u01b0 satin. \u0110\u1ed9 s\u00e1nh t\u1eeb qu\u00e1 tr\u00ecnh ch\u01b0ng c\u1ea5t ch\u1eadm l\u00e0m n\u1ed5i b\u1eadt b\u1ea3n ch\u1ea5t \u0111\u1eb7c tr\u01b0ng c\u1ee7a Islay, th\u1ec3 hi\u1ec7n s\u1ef1 c\u00e2n b\u1eb1ng kh\u00e1c nhau c\u1ee7a c\u00e1c h\u01b0\u01a1ng v\u1ecb, s\u1ef1 k\u1ebft h\u1ee3p c\u1ee7a c\u00e1c lo\u00e0i thoaar d\u01b0\u1ee3c, v\u01b0\u1ee3t l\u00ean tr\u00ean m\u1ecdi h\u01b0\u01a1ng v\u1ecb.<\/p>\n","protected":false},"featured_media":8845,"comment_status":"open","ping_status":"closed","template":"","meta":{"_acf_changed":false},"product_cat":[52],"product_tag":[],"class_list":{"0":"post-6251","1":"product","2":"type-product","3":"status-publish","4":"has-post-thumbnail","6":"product_cat-gin","7":"brand-the-botanist-gin","9":"first","10":"instock","11":"shipping-taxable","12":"product-type-simple"},"acf":[],"yoast_head":"<!-- This site is optimized with the Yoast SEO plugin v23.0 - https:\/\/yoast.com\/wordpress\/plugins\/seo\/ -->\n<title>The Botanist Gin - Alchemy Asia<\/title>\n<meta name=\"robots\" content=\"index, follow, max-snippet:-1, max-image-preview:large, max-video-preview:-1\" \/>\n<link rel=\"canonical\" href=\"https:\/\/alchemy-asia.com\/vi\/san-pham\/the-botanist-gin\/\" \/>\n<meta property=\"og:locale\" content=\"vi_VN\" \/>\n<meta property=\"og:type\" content=\"article\" \/>\n<meta property=\"og:title\" content=\"The Botanist Gin - Alchemy Asia\" \/>\n<meta property=\"og:description\" content=\"BODY   M\u01b0\u1ee3t m\u00e0 nh\u01b0 satin; l\u01b0\u1edbt qua v\u00f2m mi\u1ec7ng. \u0110\u1ed9 s\u00e1nh c\u1ee7a r\u01b0\u1ee3u r\u1ea5t \u0111\u1eb7c tr\u01b0ng.  H\u01af\u01a0NG TH\u01a0M  M\u00f9i h\u01b0\u01a1ng th\u1ea3o d\u01b0\u1ee3c t\u01b0\u01a1i m\u00e1t, c\u00e2y b\u00e1ch x\u00f9 v\u00e0 cam qu\u00fdt ng\u1ecdt ng\u00e0o hi\u1ec7n l\u00ean. Ti\u1ebfp n\u1ed1i l\u00e0 h\u01b0\u01a1ng cay nh\u1eb9 c\u1ee7a qu\u1ebf v\u00e0 rau m\u00f9i t\u1ea1o n\u1ec1n t\u1ea3ng cho s\u1ef1 ph\u1ee9c h\u1ee3p tinh t\u1ebf c\u1ee7a Islay 22. M\u00f9i h\u01b0\u01a1ng c\u1ee7a t\u1ea3o d\u01b0\u1ee3c Islay nh\u1eb9 nh\u00e0ng xu\u1ea5t hi\u1ec7n, d\u1eady l\u00ean h\u01b0\u01a1ng th\u01a1m hoang d\u00e3 c\u1ee7a b\u1ea1c h\u00e0, h\u00fang t\u00e2y, gi\u00f3 ng\u1ecdt, c\u00e2y kim t\u01b0\u1edbc, hoa c\u00fac \u2013 m\u1ed9t m\u00e0u xanh t\u01b0\u01a1i m\u00e1t \u2013 m\u1ed9t m\u00f9i h\u01b0\u01a1ng c\u1ed1t l\u00f5i c\u1ee7a The Botanist.  H\u01af\u01a0NG V\u1eca   \u0110\u1eadm \u0111\u00e0 v\u00e0 \u00eam d\u1ecbu, m\u00e1t l\u1ea1nh khi ch\u1ea1m v\u00e0o \u0111\u1ea7u l\u01b0\u1ee1i, sau \u0111\u00f3 \u1ea5m d\u1ea7n trong v\u00f2m mi\u1ec7ng, k\u00edch th\u00edch v\u1ecb gi\u00e1c v\u1edbi v\u1ecb t\u01b0\u01a1i m\u00e1t c\u1ee7a cam qu\u00fdt. M\u1ed9t s\u1ef1 c\u00e2n b\u1eb1ng v\u00e0 ph\u1ee9c t\u1ea1p \u0111\u1eb7c tr\u01b0ng. V\u1edbi h\u01b0\u01a1ng v\u1ecb ng\u1ecdt ng\u00e0o c\u1ee7a \u0111\u1ea5t k\u1ebft h\u1ee3p v\u1edbi h\u01b0\u01a1ng hoa v\u00e0 th\u1ea3o d\u01b0\u1ee3c c\u1ee7a Islay 22. M\u1ed7i ng\u1ee5m s\u1ebd b\u1ed9c l\u1ed9 nh\u1eefng l\u1edbp s\u00e2u h\u01a1n v\u00e0 s\u1ef1 k\u1ebft h\u1ee3p ph\u1ee9c t\u1ea1p h\u01a1n c\u1ee7a c\u00e1c h\u01b0\u01a1ng v\u1ecb th\u1ea3o d\u01b0\u1ee3c \u1ea5y. S\u1ef1 ph\u1ee9c t\u1ea1p v\u00e0 linh ho\u1ea1t n\u00e0y ho\u00e0n to\u00e0n ph\u00f9 h\u1ee3p v\u1edbi b\u1ea5t k\u1ef3 c\u00f4ng th\u1ee9c s\u00e1ng t\u1ea1o c\u1ee7a ri\u00eang b\u1ea1n.  H\u1eacU V\u1eca  Th\u01b0 gi\u00e3n v\u00e0 c\u00e2n b\u1eb1ng. B\u1ea1c h\u00e0 , t\u00e1o gai, c\u00e2y x\u00f4 th\u01a1m, qu\u1ebf, cam qu\u00fdt, c\u00e2y b\u00e1ch x\u00f9 - m\u1ed9t s\u1ef1 k\u1ebft h\u1ee3p h\u00e0i h\u00f2a v\u00e0 k\u1ebft c\u1ea5u m\u1ec1m m\u1ea1i, m\u01b0\u1ee3t m\u00e0 nh\u01b0 satin. \u0110\u1ed9 s\u00e1nh t\u1eeb qu\u00e1 tr\u00ecnh ch\u01b0ng c\u1ea5t ch\u1eadm l\u00e0m n\u1ed5i b\u1eadt b\u1ea3n ch\u1ea5t \u0111\u1eb7c tr\u01b0ng c\u1ee7a Islay, th\u1ec3 hi\u1ec7n s\u1ef1 c\u00e2n b\u1eb1ng kh\u00e1c nhau c\u1ee7a c\u00e1c h\u01b0\u01a1ng v\u1ecb, s\u1ef1 k\u1ebft h\u1ee3p c\u1ee7a c\u00e1c lo\u00e0i thoaar d\u01b0\u1ee3c, v\u01b0\u1ee3t l\u00ean tr\u00ean m\u1ecdi h\u01b0\u01a1ng v\u1ecb.\" \/>\n<meta property=\"og:url\" content=\"https:\/\/alchemy-asia.com\/vi\/san-pham\/the-botanist-gin\/\" \/>\n<meta property=\"og:site_name\" content=\"Alchemy Asia\" \/>\n<meta property=\"article:modified_time\" content=\"2024-08-06T03:02:40+00:00\" \/>\n<meta property=\"og:image\" content=\"https:\/\/alchemy-asia.com\/vi\/wp-content\/uploads\/sites\/3\/2020\/03\/The-Botanist.png\" \/>\n\t<meta property=\"og:image:width\" content=\"2480\" \/>\n\t<meta property=\"og:image:height\" content=\"2480\" \/>\n\t<meta property=\"og:image:type\" content=\"image\/png\" \/>\n<meta name=\"twitter:card\" content=\"summary_large_image\" \/>\n<meta name=\"twitter:label1\" content=\"\u01af\u1edbc t\u00ednh th\u1eddi gian \u0111\u1ecdc\" \/>\n\t<meta name=\"twitter:data1\" content=\"1 ph\u00fat\" \/>\n<script type=\"application\/ld+json\" class=\"yoast-schema-graph\">{\"@context\":\"https:\/\/schema.org\",\"@graph\":[{\"@type\":\"WebPage\",\"@id\":\"https:\/\/alchemy-asia.com\/vi\/san-pham\/the-botanist-gin\/\",\"url\":\"https:\/\/alchemy-asia.com\/vi\/san-pham\/the-botanist-gin\/\",\"name\":\"The Botanist Gin - Alchemy Asia\",\"isPartOf\":{\"@id\":\"https:\/\/alchemy-asia.com\/vi\/#website\"},\"primaryImageOfPage\":{\"@id\":\"https:\/\/alchemy-asia.com\/vi\/san-pham\/the-botanist-gin\/#primaryimage\"},\"image\":{\"@id\":\"https:\/\/alchemy-asia.com\/vi\/san-pham\/the-botanist-gin\/#primaryimage\"},\"thumbnailUrl\":\"https:\/\/alchemy-asia.com\/vi\/wp-content\/uploads\/sites\/3\/2020\/03\/The-Botanist.png\",\"datePublished\":\"2020-03-24T04:19:20+00:00\",\"dateModified\":\"2024-08-06T03:02:40+00:00\",\"breadcrumb\":{\"@id\":\"https:\/\/alchemy-asia.com\/vi\/san-pham\/the-botanist-gin\/#breadcrumb\"},\"inLanguage\":\"vi\",\"potentialAction\":[{\"@type\":\"ReadAction\",\"target\":[\"https:\/\/alchemy-asia.com\/vi\/san-pham\/the-botanist-gin\/\"]}]},{\"@type\":\"ImageObject\",\"inLanguage\":\"vi\",\"@id\":\"https:\/\/alchemy-asia.com\/vi\/san-pham\/the-botanist-gin\/#primaryimage\",\"url\":\"https:\/\/alchemy-asia.com\/vi\/wp-content\/uploads\/sites\/3\/2020\/03\/The-Botanist.png\",\"contentUrl\":\"https:\/\/alchemy-asia.com\/vi\/wp-content\/uploads\/sites\/3\/2020\/03\/The-Botanist.png\",\"width\":2480,\"height\":2480,\"caption\":\"The Botanist\"},{\"@type\":\"BreadcrumbList\",\"@id\":\"https:\/\/alchemy-asia.com\/vi\/san-pham\/the-botanist-gin\/#breadcrumb\",\"itemListElement\":[{\"@type\":\"ListItem\",\"position\":1,\"name\":\"Home\",\"item\":\"https:\/\/alchemy-asia.com\/vi\/\"},{\"@type\":\"ListItem\",\"position\":2,\"name\":\"The Botanist Gin\"}]},{\"@type\":\"WebSite\",\"@id\":\"https:\/\/alchemy-asia.com\/vi\/#website\",\"url\":\"https:\/\/alchemy-asia.com\/vi\/\",\"name\":\"Alchemy Asia\",\"description\":\"Just another Alchemy Asia Sites site\",\"potentialAction\":[{\"@type\":\"SearchAction\",\"target\":{\"@type\":\"EntryPoint\",\"urlTemplate\":\"https:\/\/alchemy-asia.com\/vi\/?s={search_term_string}\"},\"query-input\":\"required name=search_term_string\"}],\"inLanguage\":\"vi\"}]}<\/script>\n<!-- \/ Yoast SEO plugin. -->","yoast_head_json":{"title":"The Botanist Gin - Alchemy Asia","robots":{"index":"index","follow":"follow","max-snippet":"max-snippet:-1","max-image-preview":"max-image-preview:large","max-video-preview":"max-video-preview:-1"},"canonical":"https:\/\/alchemy-asia.com\/vi\/san-pham\/the-botanist-gin\/","og_locale":"vi_VN","og_type":"article","og_title":"The Botanist Gin - Alchemy Asia","og_description":"BODY   M\u01b0\u1ee3t m\u00e0 nh\u01b0 satin; l\u01b0\u1edbt qua v\u00f2m mi\u1ec7ng. \u0110\u1ed9 s\u00e1nh c\u1ee7a r\u01b0\u1ee3u r\u1ea5t \u0111\u1eb7c tr\u01b0ng.  H\u01af\u01a0NG TH\u01a0M  M\u00f9i h\u01b0\u01a1ng th\u1ea3o d\u01b0\u1ee3c t\u01b0\u01a1i m\u00e1t, c\u00e2y b\u00e1ch x\u00f9 v\u00e0 cam qu\u00fdt ng\u1ecdt ng\u00e0o hi\u1ec7n l\u00ean. Ti\u1ebfp n\u1ed1i l\u00e0 h\u01b0\u01a1ng cay nh\u1eb9 c\u1ee7a qu\u1ebf v\u00e0 rau m\u00f9i t\u1ea1o n\u1ec1n t\u1ea3ng cho s\u1ef1 ph\u1ee9c h\u1ee3p tinh t\u1ebf c\u1ee7a Islay 22. M\u00f9i h\u01b0\u01a1ng c\u1ee7a t\u1ea3o d\u01b0\u1ee3c Islay nh\u1eb9 nh\u00e0ng xu\u1ea5t hi\u1ec7n, d\u1eady l\u00ean h\u01b0\u01a1ng th\u01a1m hoang d\u00e3 c\u1ee7a b\u1ea1c h\u00e0, h\u00fang t\u00e2y, gi\u00f3 ng\u1ecdt, c\u00e2y kim t\u01b0\u1edbc, hoa c\u00fac \u2013 m\u1ed9t m\u00e0u xanh t\u01b0\u01a1i m\u00e1t \u2013 m\u1ed9t m\u00f9i h\u01b0\u01a1ng c\u1ed1t l\u00f5i c\u1ee7a The Botanist.  H\u01af\u01a0NG V\u1eca   \u0110\u1eadm \u0111\u00e0 v\u00e0 \u00eam d\u1ecbu, m\u00e1t l\u1ea1nh khi ch\u1ea1m v\u00e0o \u0111\u1ea7u l\u01b0\u1ee1i, sau \u0111\u00f3 \u1ea5m d\u1ea7n trong v\u00f2m mi\u1ec7ng, k\u00edch th\u00edch v\u1ecb gi\u00e1c v\u1edbi v\u1ecb t\u01b0\u01a1i m\u00e1t c\u1ee7a cam qu\u00fdt. M\u1ed9t s\u1ef1 c\u00e2n b\u1eb1ng v\u00e0 ph\u1ee9c t\u1ea1p \u0111\u1eb7c tr\u01b0ng. V\u1edbi h\u01b0\u01a1ng v\u1ecb ng\u1ecdt ng\u00e0o c\u1ee7a \u0111\u1ea5t k\u1ebft h\u1ee3p v\u1edbi h\u01b0\u01a1ng hoa v\u00e0 th\u1ea3o d\u01b0\u1ee3c c\u1ee7a Islay 22. M\u1ed7i ng\u1ee5m s\u1ebd b\u1ed9c l\u1ed9 nh\u1eefng l\u1edbp s\u00e2u h\u01a1n v\u00e0 s\u1ef1 k\u1ebft h\u1ee3p ph\u1ee9c t\u1ea1p h\u01a1n c\u1ee7a c\u00e1c h\u01b0\u01a1ng v\u1ecb th\u1ea3o d\u01b0\u1ee3c \u1ea5y. S\u1ef1 ph\u1ee9c t\u1ea1p v\u00e0 linh ho\u1ea1t n\u00e0y ho\u00e0n to\u00e0n ph\u00f9 h\u1ee3p v\u1edbi b\u1ea5t k\u1ef3 c\u00f4ng th\u1ee9c s\u00e1ng t\u1ea1o c\u1ee7a ri\u00eang b\u1ea1n.  H\u1eacU V\u1eca  Th\u01b0 gi\u00e3n v\u00e0 c\u00e2n b\u1eb1ng. B\u1ea1c h\u00e0 , t\u00e1o gai, c\u00e2y x\u00f4 th\u01a1m, qu\u1ebf, cam qu\u00fdt, c\u00e2y b\u00e1ch x\u00f9 - m\u1ed9t s\u1ef1 k\u1ebft h\u1ee3p h\u00e0i h\u00f2a v\u00e0 k\u1ebft c\u1ea5u m\u1ec1m m\u1ea1i, m\u01b0\u1ee3t m\u00e0 nh\u01b0 satin. \u0110\u1ed9 s\u00e1nh t\u1eeb qu\u00e1 tr\u00ecnh ch\u01b0ng c\u1ea5t ch\u1eadm l\u00e0m n\u1ed5i b\u1eadt b\u1ea3n ch\u1ea5t \u0111\u1eb7c tr\u01b0ng c\u1ee7a Islay, th\u1ec3 hi\u1ec7n s\u1ef1 c\u00e2n b\u1eb1ng kh\u00e1c nhau c\u1ee7a c\u00e1c h\u01b0\u01a1ng v\u1ecb, s\u1ef1 k\u1ebft h\u1ee3p c\u1ee7a c\u00e1c lo\u00e0i thoaar d\u01b0\u1ee3c, v\u01b0\u1ee3t l\u00ean tr\u00ean m\u1ecdi h\u01b0\u01a1ng v\u1ecb.","og_url":"https:\/\/alchemy-asia.com\/vi\/san-pham\/the-botanist-gin\/","og_site_name":"Alchemy Asia","article_modified_time":"2024-08-06T03:02:40+00:00","og_image":[{"width":2480,"height":2480,"url":"https:\/\/alchemy-asia.com\/vi\/wp-content\/uploads\/sites\/3\/2020\/03\/The-Botanist.png","type":"image\/png"}],"twitter_card":"summary_large_image","twitter_misc":{"\u01af\u1edbc t\u00ednh th\u1eddi gian \u0111\u1ecdc":"1 ph\u00fat"},"schema":{"@context":"https:\/\/schema.org","@graph":[{"@type":"WebPage","@id":"https:\/\/alchemy-asia.com\/vi\/san-pham\/the-botanist-gin\/","url":"https:\/\/alchemy-asia.com\/vi\/san-pham\/the-botanist-gin\/","name":"The Botanist Gin - Alchemy Asia","isPartOf":{"@id":"https:\/\/alchemy-asia.com\/vi\/#website"},"primaryImageOfPage":{"@id":"https:\/\/alchemy-asia.com\/vi\/san-pham\/the-botanist-gin\/#primaryimage"},"image":{"@id":"https:\/\/alchemy-asia.com\/vi\/san-pham\/the-botanist-gin\/#primaryimage"},"thumbnailUrl":"https:\/\/alchemy-asia.com\/vi\/wp-content\/uploads\/sites\/3\/2020\/03\/The-Botanist.png","datePublished":"2020-03-24T04:19:20+00:00","dateModified":"2024-08-06T03:02:40+00:00","breadcrumb":{"@id":"https:\/\/alchemy-asia.com\/vi\/san-pham\/the-botanist-gin\/#breadcrumb"},"inLanguage":"vi","potentialAction":[{"@type":"ReadAction","target":["https:\/\/alchemy-asia.com\/vi\/san-pham\/the-botanist-gin\/"]}]},{"@type":"ImageObject","inLanguage":"vi","@id":"https:\/\/alchemy-asia.com\/vi\/san-pham\/the-botanist-gin\/#primaryimage","url":"https:\/\/alchemy-asia.com\/vi\/wp-content\/uploads\/sites\/3\/2020\/03\/The-Botanist.png","contentUrl":"https:\/\/alchemy-asia.com\/vi\/wp-content\/uploads\/sites\/3\/2020\/03\/The-Botanist.png","width":2480,"height":2480,"caption":"The Botanist"},{"@type":"BreadcrumbList","@id":"https:\/\/alchemy-asia.com\/vi\/san-pham\/the-botanist-gin\/#breadcrumb","itemListElement":[{"@type":"ListItem","position":1,"name":"Home","item":"https:\/\/alchemy-asia.com\/vi\/"},{"@type":"ListItem","position":2,"name":"The Botanist Gin"}]},{"@type":"WebSite","@id":"https:\/\/alchemy-asia.com\/vi\/#website","url":"https:\/\/alchemy-asia.com\/vi\/","name":"Alchemy Asia","description":"Just another Alchemy Asia Sites site","potentialAction":[{"@type":"SearchAction","target":{"@type":"EntryPoint","urlTemplate":"https:\/\/alchemy-asia.com\/vi\/?s={search_term_string}"},"query-input":"required name=search_term_string"}],"inLanguage":"vi"}]}},"_links":{"self":[{"href":"https:\/\/alchemy-asia.com\/vi\/wp-json\/wp\/v2\/product\/6251","targetHints":{"allow":["GET"]}}],"collection":[{"href":"https:\/\/alchemy-asia.com\/vi\/wp-json\/wp\/v2\/product"}],"about":[{"href":"https:\/\/alchemy-asia.com\/vi\/wp-json\/wp\/v2\/types\/product"}],"replies":[{"embeddable":true,"href":"https:\/\/alchemy-asia.com\/vi\/wp-json\/wp\/v2\/comments?post=6251"}],"wp:featuredmedia":[{"embeddable":true,"href":"https:\/\/alchemy-asia.com\/vi\/wp-json\/wp\/v2\/media\/8845"}],"wp:attachment":[{"href":"https:\/\/alchemy-asia.com\/vi\/wp-json\/wp\/v2\/media?parent=6251"}],"wp:term":[{"taxonomy":"product_cat","embeddable":true,"href":"https:\/\/alchemy-asia.com\/vi\/wp-json\/wp\/v2\/product_cat?post=6251"},{"taxonomy":"product_tag","embeddable":true,"href":"https:\/\/alchemy-asia.com\/vi\/wp-json\/wp\/v2\/product_tag?post=6251"}],"curies":[{"name":"wp","href":"https:\/\/api.w.org\/{rel}","templated":true}]}}