{"id":6324,"date":"2024-02-29T02:22:48","date_gmt":"2024-02-29T02:22:48","guid":{"rendered":"https:\/\/alchemy-asia.com\/vi\/?post_type=product&#038;p=6324"},"modified":"2024-08-05T07:08:56","modified_gmt":"2024-08-05T07:08:56","slug":"1800-cristalino","status":"publish","type":"product","link":"https:\/\/alchemy-asia.com\/vi\/san-pham\/1800-cristalino\/","title":{"rendered":"1800 Cristalino"},"content":{"rendered":"","protected":false},"excerpt":{"rendered":"<p>1800 Cristalino l\u00e0 d\u00f2ng r\u01b0\u1ee3u cao c\u1ea5p, \u0111\u01b0\u1ee3c \u01b0 ho\u00e0n to\u00e0n trong c\u00e1c th\u00f9ng g\u1ed7 s\u1ed3i c\u1ee7a Ph\u00e1p v\u00e0 M\u1ef9, ti\u1ebfp t\u1ee5c k\u1ebft h\u1ee3p v\u1edbi nhau trong th\u00f9ng r\u01b0\u1ee3u vang Port, v\u00e0 sau \u0111\u00f3 \u0111\u01b0\u1ee3c tinh l\u1ecdc t\u1ec9 m\u00ec \u0111\u1ec3 c\u00f3 \u0111\u01b0\u1ee3c \u0111\u1ed9 trong nh\u01b0 pha l\u00ea. 1800 Cristalino th\u1ec3 hi\u1ec7n s\u1ef1 trang nh\u00e3 trong chai thu\u1ef7 tinh l\u1ea5y c\u1ea3m h\u1ee9ng t\u1eeb th\u1ebf k\u1ef7 18 v\u1edbi nh\u1eefng \u0111\u01b0\u1eddng c\u1eaft tinh x\u1ea3o, t\u1ea1o ra l\u0103ng k\u00ednh pha l\u00ea l\u1eb7p \u0111i l\u1eb7p l\u1ea1i, \u0111i\u1ec1u n\u00e0y c\u00e0ng l\u00e0m t\u00f4n l\u00ean \u0111\u1ed9 trong su\u1ed1t nh\u01b0 pha l\u00ea v\u00f4 t\u1eadn c\u1ee7a d\u00f2ng r\u01b0\u1ee3u n\u00e0y.<\/p>\n","protected":false},"featured_media":6327,"comment_status":"open","ping_status":"closed","template":"","meta":{"_acf_changed":false},"product_cat":[60],"product_tag":[],"class_list":{"0":"post-6324","1":"product","2":"type-product","3":"status-publish","4":"has-post-thumbnail","6":"product_cat-tequila","7":"brand-1800-tequila","9":"first","10":"instock","11":"shipping-taxable","12":"product-type-simple"},"acf":[],"yoast_head":"<!-- This site is optimized with the Yoast SEO plugin v23.0 - https:\/\/yoast.com\/wordpress\/plugins\/seo\/ -->\n<title>1800 Cristalino - Alchemy Asia<\/title>\n<meta name=\"robots\" content=\"index, follow, max-snippet:-1, max-image-preview:large, max-video-preview:-1\" \/>\n<link rel=\"canonical\" href=\"https:\/\/alchemy-asia.com\/vi\/san-pham\/1800-cristalino\/\" \/>\n<meta property=\"og:locale\" content=\"vi_VN\" \/>\n<meta property=\"og:type\" content=\"article\" \/>\n<meta property=\"og:title\" content=\"1800 Cristalino - Alchemy Asia\" \/>\n<meta property=\"og:description\" content=\"1800 Cristalino l\u00e0 d\u00f2ng r\u01b0\u1ee3u cao c\u1ea5p, \u0111\u01b0\u1ee3c \u01b0 ho\u00e0n to\u00e0n trong c\u00e1c th\u00f9ng g\u1ed7 s\u1ed3i c\u1ee7a Ph\u00e1p v\u00e0 M\u1ef9, ti\u1ebfp t\u1ee5c k\u1ebft h\u1ee3p v\u1edbi nhau trong th\u00f9ng r\u01b0\u1ee3u vang Port, v\u00e0 sau \u0111\u00f3 \u0111\u01b0\u1ee3c tinh l\u1ecdc t\u1ec9 m\u00ec \u0111\u1ec3 c\u00f3 \u0111\u01b0\u1ee3c \u0111\u1ed9 trong nh\u01b0 pha l\u00ea. 1800 Cristalino th\u1ec3 hi\u1ec7n s\u1ef1 trang nh\u00e3 trong chai thu\u1ef7 tinh l\u1ea5y c\u1ea3m h\u1ee9ng t\u1eeb th\u1ebf k\u1ef7 18 v\u1edbi nh\u1eefng \u0111\u01b0\u1eddng c\u1eaft tinh x\u1ea3o, t\u1ea1o ra l\u0103ng k\u00ednh pha l\u00ea l\u1eb7p \u0111i l\u1eb7p l\u1ea1i, \u0111i\u1ec1u n\u00e0y c\u00e0ng l\u00e0m t\u00f4n l\u00ean \u0111\u1ed9 trong su\u1ed1t nh\u01b0 pha l\u00ea v\u00f4 t\u1eadn c\u1ee7a d\u00f2ng r\u01b0\u1ee3u n\u00e0y.\" \/>\n<meta property=\"og:url\" content=\"https:\/\/alchemy-asia.com\/vi\/san-pham\/1800-cristalino\/\" \/>\n<meta property=\"og:site_name\" content=\"Alchemy Asia\" \/>\n<meta property=\"article:modified_time\" content=\"2024-08-05T07:08:56+00:00\" \/>\n<meta property=\"og:image\" content=\"https:\/\/alchemy-asia.com\/vi\/wp-content\/uploads\/sites\/3\/2024\/02\/1800-Tequila-Cristalino-web-images.png\" \/>\n\t<meta property=\"og:image:width\" content=\"1024\" \/>\n\t<meta property=\"og:image:height\" content=\"1024\" \/>\n\t<meta property=\"og:image:type\" content=\"image\/png\" \/>\n<meta name=\"twitter:card\" content=\"summary_large_image\" \/>\n<meta name=\"twitter:label1\" content=\"\u01af\u1edbc t\u00ednh th\u1eddi gian \u0111\u1ecdc\" \/>\n\t<meta name=\"twitter:data1\" content=\"1 ph\u00fat\" \/>\n<script type=\"application\/ld+json\" class=\"yoast-schema-graph\">{\"@context\":\"https:\/\/schema.org\",\"@graph\":[{\"@type\":\"WebPage\",\"@id\":\"https:\/\/alchemy-asia.com\/vi\/san-pham\/1800-cristalino\/\",\"url\":\"https:\/\/alchemy-asia.com\/vi\/san-pham\/1800-cristalino\/\",\"name\":\"1800 Cristalino - Alchemy Asia\",\"isPartOf\":{\"@id\":\"https:\/\/alchemy-asia.com\/vi\/#website\"},\"primaryImageOfPage\":{\"@id\":\"https:\/\/alchemy-asia.com\/vi\/san-pham\/1800-cristalino\/#primaryimage\"},\"image\":{\"@id\":\"https:\/\/alchemy-asia.com\/vi\/san-pham\/1800-cristalino\/#primaryimage\"},\"thumbnailUrl\":\"https:\/\/alchemy-asia.com\/vi\/wp-content\/uploads\/sites\/3\/2024\/02\/1800-Tequila-Cristalino-web-images.png\",\"datePublished\":\"2024-02-29T02:22:48+00:00\",\"dateModified\":\"2024-08-05T07:08:56+00:00\",\"breadcrumb\":{\"@id\":\"https:\/\/alchemy-asia.com\/vi\/san-pham\/1800-cristalino\/#breadcrumb\"},\"inLanguage\":\"vi\",\"potentialAction\":[{\"@type\":\"ReadAction\",\"target\":[\"https:\/\/alchemy-asia.com\/vi\/san-pham\/1800-cristalino\/\"]}]},{\"@type\":\"ImageObject\",\"inLanguage\":\"vi\",\"@id\":\"https:\/\/alchemy-asia.com\/vi\/san-pham\/1800-cristalino\/#primaryimage\",\"url\":\"https:\/\/alchemy-asia.com\/vi\/wp-content\/uploads\/sites\/3\/2024\/02\/1800-Tequila-Cristalino-web-images.png\",\"contentUrl\":\"https:\/\/alchemy-asia.com\/vi\/wp-content\/uploads\/sites\/3\/2024\/02\/1800-Tequila-Cristalino-web-images.png\",\"width\":5804,\"height\":5804,\"caption\":\"1800 Cristalino\"},{\"@type\":\"BreadcrumbList\",\"@id\":\"https:\/\/alchemy-asia.com\/vi\/san-pham\/1800-cristalino\/#breadcrumb\",\"itemListElement\":[{\"@type\":\"ListItem\",\"position\":1,\"name\":\"Home\",\"item\":\"https:\/\/alchemy-asia.com\/vi\/\"},{\"@type\":\"ListItem\",\"position\":2,\"name\":\"1800 Cristalino\"}]},{\"@type\":\"WebSite\",\"@id\":\"https:\/\/alchemy-asia.com\/vi\/#website\",\"url\":\"https:\/\/alchemy-asia.com\/vi\/\",\"name\":\"Alchemy Asia\",\"description\":\"Just another Alchemy Asia Sites site\",\"potentialAction\":[{\"@type\":\"SearchAction\",\"target\":{\"@type\":\"EntryPoint\",\"urlTemplate\":\"https:\/\/alchemy-asia.com\/vi\/?s={search_term_string}\"},\"query-input\":\"required name=search_term_string\"}],\"inLanguage\":\"vi\"}]}<\/script>\n<!-- \/ Yoast SEO plugin. -->","yoast_head_json":{"title":"1800 Cristalino - Alchemy Asia","robots":{"index":"index","follow":"follow","max-snippet":"max-snippet:-1","max-image-preview":"max-image-preview:large","max-video-preview":"max-video-preview:-1"},"canonical":"https:\/\/alchemy-asia.com\/vi\/san-pham\/1800-cristalino\/","og_locale":"vi_VN","og_type":"article","og_title":"1800 Cristalino - Alchemy Asia","og_description":"1800 Cristalino l\u00e0 d\u00f2ng r\u01b0\u1ee3u cao c\u1ea5p, \u0111\u01b0\u1ee3c \u01b0 ho\u00e0n to\u00e0n trong c\u00e1c th\u00f9ng g\u1ed7 s\u1ed3i c\u1ee7a Ph\u00e1p v\u00e0 M\u1ef9, ti\u1ebfp t\u1ee5c k\u1ebft h\u1ee3p v\u1edbi nhau trong th\u00f9ng r\u01b0\u1ee3u vang Port, v\u00e0 sau \u0111\u00f3 \u0111\u01b0\u1ee3c tinh l\u1ecdc t\u1ec9 m\u00ec \u0111\u1ec3 c\u00f3 \u0111\u01b0\u1ee3c \u0111\u1ed9 trong nh\u01b0 pha l\u00ea. 1800 Cristalino th\u1ec3 hi\u1ec7n s\u1ef1 trang nh\u00e3 trong chai thu\u1ef7 tinh l\u1ea5y c\u1ea3m h\u1ee9ng t\u1eeb th\u1ebf k\u1ef7 18 v\u1edbi nh\u1eefng \u0111\u01b0\u1eddng c\u1eaft tinh x\u1ea3o, t\u1ea1o ra l\u0103ng k\u00ednh pha l\u00ea l\u1eb7p \u0111i l\u1eb7p l\u1ea1i, \u0111i\u1ec1u n\u00e0y c\u00e0ng l\u00e0m t\u00f4n l\u00ean \u0111\u1ed9 trong su\u1ed1t nh\u01b0 pha l\u00ea v\u00f4 t\u1eadn c\u1ee7a d\u00f2ng r\u01b0\u1ee3u n\u00e0y.","og_url":"https:\/\/alchemy-asia.com\/vi\/san-pham\/1800-cristalino\/","og_site_name":"Alchemy Asia","article_modified_time":"2024-08-05T07:08:56+00:00","og_image":[{"url":"https:\/\/alchemy-asia.com\/vi\/wp-content\/uploads\/sites\/3\/2024\/02\/1800-Tequila-Cristalino-web-images.png","width":1024,"height":1024,"type":"image\/png"}],"twitter_card":"summary_large_image","twitter_misc":{"\u01af\u1edbc t\u00ednh th\u1eddi gian \u0111\u1ecdc":"1 ph\u00fat"},"schema":{"@context":"https:\/\/schema.org","@graph":[{"@type":"WebPage","@id":"https:\/\/alchemy-asia.com\/vi\/san-pham\/1800-cristalino\/","url":"https:\/\/alchemy-asia.com\/vi\/san-pham\/1800-cristalino\/","name":"1800 Cristalino - Alchemy Asia","isPartOf":{"@id":"https:\/\/alchemy-asia.com\/vi\/#website"},"primaryImageOfPage":{"@id":"https:\/\/alchemy-asia.com\/vi\/san-pham\/1800-cristalino\/#primaryimage"},"image":{"@id":"https:\/\/alchemy-asia.com\/vi\/san-pham\/1800-cristalino\/#primaryimage"},"thumbnailUrl":"https:\/\/alchemy-asia.com\/vi\/wp-content\/uploads\/sites\/3\/2024\/02\/1800-Tequila-Cristalino-web-images.png","datePublished":"2024-02-29T02:22:48+00:00","dateModified":"2024-08-05T07:08:56+00:00","breadcrumb":{"@id":"https:\/\/alchemy-asia.com\/vi\/san-pham\/1800-cristalino\/#breadcrumb"},"inLanguage":"vi","potentialAction":[{"@type":"ReadAction","target":["https:\/\/alchemy-asia.com\/vi\/san-pham\/1800-cristalino\/"]}]},{"@type":"ImageObject","inLanguage":"vi","@id":"https:\/\/alchemy-asia.com\/vi\/san-pham\/1800-cristalino\/#primaryimage","url":"https:\/\/alchemy-asia.com\/vi\/wp-content\/uploads\/sites\/3\/2024\/02\/1800-Tequila-Cristalino-web-images.png","contentUrl":"https:\/\/alchemy-asia.com\/vi\/wp-content\/uploads\/sites\/3\/2024\/02\/1800-Tequila-Cristalino-web-images.png","width":5804,"height":5804,"caption":"1800 Cristalino"},{"@type":"BreadcrumbList","@id":"https:\/\/alchemy-asia.com\/vi\/san-pham\/1800-cristalino\/#breadcrumb","itemListElement":[{"@type":"ListItem","position":1,"name":"Home","item":"https:\/\/alchemy-asia.com\/vi\/"},{"@type":"ListItem","position":2,"name":"1800 Cristalino"}]},{"@type":"WebSite","@id":"https:\/\/alchemy-asia.com\/vi\/#website","url":"https:\/\/alchemy-asia.com\/vi\/","name":"Alchemy Asia","description":"Just another Alchemy Asia Sites site","potentialAction":[{"@type":"SearchAction","target":{"@type":"EntryPoint","urlTemplate":"https:\/\/alchemy-asia.com\/vi\/?s={search_term_string}"},"query-input":"required name=search_term_string"}],"inLanguage":"vi"}]}},"_links":{"self":[{"href":"https:\/\/alchemy-asia.com\/vi\/wp-json\/wp\/v2\/product\/6324","targetHints":{"allow":["GET"]}}],"collection":[{"href":"https:\/\/alchemy-asia.com\/vi\/wp-json\/wp\/v2\/product"}],"about":[{"href":"https:\/\/alchemy-asia.com\/vi\/wp-json\/wp\/v2\/types\/product"}],"replies":[{"embeddable":true,"href":"https:\/\/alchemy-asia.com\/vi\/wp-json\/wp\/v2\/comments?post=6324"}],"wp:featuredmedia":[{"embeddable":true,"href":"https:\/\/alchemy-asia.com\/vi\/wp-json\/wp\/v2\/media\/6327"}],"wp:attachment":[{"href":"https:\/\/alchemy-asia.com\/vi\/wp-json\/wp\/v2\/media?parent=6324"}],"wp:term":[{"taxonomy":"product_cat","embeddable":true,"href":"https:\/\/alchemy-asia.com\/vi\/wp-json\/wp\/v2\/product_cat?post=6324"},{"taxonomy":"product_tag","embeddable":true,"href":"https:\/\/alchemy-asia.com\/vi\/wp-json\/wp\/v2\/product_tag?post=6324"}],"curies":[{"name":"wp","href":"https:\/\/api.w.org\/{rel}","templated":true}]}}