{"id":726,"date":"2017-07-26T02:06:08","date_gmt":"2017-07-26T02:06:08","guid":{"rendered":"http:\/\/alchemy-asia.com\/vi\/?post_type=product&#038;p=726"},"modified":"2024-08-06T03:01:05","modified_gmt":"2024-08-06T03:01:05","slug":"macallan-12-years-old-double-cask","status":"publish","type":"product","link":"https:\/\/alchemy-asia.com\/vi\/san-pham\/macallan-12-years-old-double-cask\/","title":{"rendered":"The Macallan 12 Years Old Double Cask"},"content":{"rendered":"","protected":false},"excerpt":{"rendered":"<p>The Macallan Double Cask 12 n\u0103m tu\u1ed5i l\u00e0 s\u1ef1 c\u00e2n b\u1eb1ng ho\u00e0n h\u1ea3o t\u1eeb 100% th\u00f9ng g\u1ed7 s\u1ed3i ng\u00e2m r\u01b0\u1ee3u Sherry t\u1eeb M\u1ef9 v\u00e0 Ch\u00e2u \u00c2u, m\u1ed9t s\u1ef1 k\u1ebft h\u1ee3p t\u1eeb 2 lo\u1ea1i g\u1ed7.<\/p>\n<p>C\u1eb7p th\u00f9ng g\u1ed7 s\u1ed3i ng\u00e2m r\u01b0\u1ee3u Sherry M\u1ef9 v\u00e0 Ch\u00e2u \u00c2u h\u1ee3p th\u00e0nh h\u01b0\u01a1ng v\u1ecb h\u00e0i h\u00f2a ho\u00e0n h\u1ea3o v\u00e0 m\u00e0u s\u1eafc t\u1ef1 nhi\u00ean.<\/p>\n<p>G\u1ed7 s\u1ed3i M\u1ef9 v\u1edbi cu\u1ed9c h\u00e0nh tr\u00ecnh h\u00e0ng v\u1ea1n d\u1eb7m \u0111\u1ebfn T\u00e2y Ban Nha, n\u01a1i m\u00e0 n\u00f3 \u0111\u01b0\u1ee3c ng\u00e2m qua r\u01b0\u1ee3u Oloroso Sherry c\u00f9ng v\u1edbi ng\u01b0\u1eddi anh em Ch\u00e2u \u00c2u trong su\u1ed1t 18 th\u00e1ng. Nh\u1eefng th\u00f9ng g\u1ed7 n\u00e0y sau \u0111\u00f3 \u0111\u01b0\u1ee3c chuy\u1ec3n t\u1edbi Scotland \u0111\u1ec3 \u1ee7 c\u00f9ng r\u01b0\u1ee3u Macallan m\u1edbi n\u1ea5u.<\/p>\n<p>Tr\u01b0\u1edfng th\u00e0nh d\u01b0\u1edbi s\u1ef1 quan s\u00e1t t\u1ec9 m\u1ec9 c\u1ee7a b\u1eadc th\u1ea7u v\u1ec1 r\u01b0\u1ee3u whisky v\u00e0 \u0111\u1ed3ng \u0111\u1ed9i c\u1ee7a m\u00ecnh, Bob Dalgarno \u0111\u00e3 &#8220;mai m\u1ed1i&#8221; nh\u1eefng th\u00f9ng g\u1ed7 n\u00e0y v\u1edbi nhau t\u1eeb 2 lo\u1ea1i g\u1ed7 kh\u00e1c nhau \u0111\u1ec3 t\u1ea1o ra Macallan Double Cask 12 n\u0103m tu\u1ed5i.<\/p>\n","protected":false},"featured_media":8848,"comment_status":"open","ping_status":"closed","template":"","meta":{"_acf_changed":false},"product_cat":[58],"product_tag":[],"class_list":{"0":"post-726","1":"product","2":"type-product","3":"status-publish","4":"has-post-thumbnail","6":"product_cat-scotch-whisky-single-malt","7":"brand-the-macallan","9":"first","10":"instock","11":"shipping-taxable","12":"product-type-simple"},"acf":[],"yoast_head":"<!-- This site is optimized with the Yoast SEO plugin v23.0 - https:\/\/yoast.com\/wordpress\/plugins\/seo\/ -->\n<title>The Macallan 12 Years Old Double Cask - Alchemy Asia<\/title>\n<meta name=\"robots\" content=\"index, follow, max-snippet:-1, max-image-preview:large, max-video-preview:-1\" \/>\n<link rel=\"canonical\" href=\"https:\/\/alchemy-asia.com\/vi\/san-pham\/macallan-12-years-old-double-cask\/\" \/>\n<meta property=\"og:locale\" content=\"vi_VN\" \/>\n<meta property=\"og:type\" content=\"article\" \/>\n<meta property=\"og:title\" content=\"The Macallan 12 Years Old Double Cask - Alchemy Asia\" \/>\n<meta property=\"og:description\" content=\"The Macallan Double Cask 12 n\u0103m tu\u1ed5i l\u00e0 s\u1ef1 c\u00e2n b\u1eb1ng ho\u00e0n h\u1ea3o t\u1eeb 100% th\u00f9ng g\u1ed7 s\u1ed3i ng\u00e2m r\u01b0\u1ee3u Sherry t\u1eeb M\u1ef9 v\u00e0 Ch\u00e2u \u00c2u, m\u1ed9t s\u1ef1 k\u1ebft h\u1ee3p t\u1eeb 2 lo\u1ea1i g\u1ed7.  C\u1eb7p th\u00f9ng g\u1ed7 s\u1ed3i ng\u00e2m r\u01b0\u1ee3u Sherry M\u1ef9 v\u00e0 Ch\u00e2u \u00c2u h\u1ee3p th\u00e0nh h\u01b0\u01a1ng v\u1ecb h\u00e0i h\u00f2a ho\u00e0n h\u1ea3o v\u00e0 m\u00e0u s\u1eafc t\u1ef1 nhi\u00ean.  G\u1ed7 s\u1ed3i M\u1ef9 v\u1edbi cu\u1ed9c h\u00e0nh tr\u00ecnh h\u00e0ng v\u1ea1n d\u1eb7m \u0111\u1ebfn T\u00e2y Ban Nha, n\u01a1i m\u00e0 n\u00f3 \u0111\u01b0\u1ee3c ng\u00e2m qua r\u01b0\u1ee3u Oloroso Sherry c\u00f9ng v\u1edbi ng\u01b0\u1eddi anh em Ch\u00e2u \u00c2u trong su\u1ed1t 18 th\u00e1ng. Nh\u1eefng th\u00f9ng g\u1ed7 n\u00e0y sau \u0111\u00f3 \u0111\u01b0\u1ee3c chuy\u1ec3n t\u1edbi Scotland \u0111\u1ec3 \u1ee7 c\u00f9ng r\u01b0\u1ee3u Macallan m\u1edbi n\u1ea5u.  Tr\u01b0\u1edfng th\u00e0nh d\u01b0\u1edbi s\u1ef1 quan s\u00e1t t\u1ec9 m\u1ec9 c\u1ee7a b\u1eadc th\u1ea7u v\u1ec1 r\u01b0\u1ee3u whisky v\u00e0 \u0111\u1ed3ng \u0111\u1ed9i c\u1ee7a m\u00ecnh, Bob Dalgarno \u0111\u00e3 &quot;mai m\u1ed1i&quot; nh\u1eefng th\u00f9ng g\u1ed7 n\u00e0y v\u1edbi nhau t\u1eeb 2 lo\u1ea1i g\u1ed7 kh\u00e1c nhau \u0111\u1ec3 t\u1ea1o ra Macallan Double Cask 12 n\u0103m tu\u1ed5i.\" \/>\n<meta property=\"og:url\" content=\"https:\/\/alchemy-asia.com\/vi\/san-pham\/macallan-12-years-old-double-cask\/\" \/>\n<meta property=\"og:site_name\" content=\"Alchemy Asia\" \/>\n<meta property=\"article:modified_time\" content=\"2024-08-06T03:01:05+00:00\" \/>\n<meta property=\"og:image\" content=\"https:\/\/alchemy-asia.com\/vi\/wp-content\/uploads\/sites\/3\/2017\/07\/The-Macallan-Double-Cask-12YO.png\" \/>\n\t<meta property=\"og:image:width\" content=\"2480\" \/>\n\t<meta property=\"og:image:height\" content=\"2480\" \/>\n\t<meta property=\"og:image:type\" content=\"image\/png\" \/>\n<meta name=\"twitter:card\" content=\"summary_large_image\" \/>\n<meta name=\"twitter:label1\" content=\"\u01af\u1edbc t\u00ednh th\u1eddi gian \u0111\u1ecdc\" \/>\n\t<meta name=\"twitter:data1\" content=\"1 ph\u00fat\" \/>\n<script type=\"application\/ld+json\" class=\"yoast-schema-graph\">{\"@context\":\"https:\/\/schema.org\",\"@graph\":[{\"@type\":\"WebPage\",\"@id\":\"https:\/\/alchemy-asia.com\/vi\/san-pham\/macallan-12-years-old-double-cask\/\",\"url\":\"https:\/\/alchemy-asia.com\/vi\/san-pham\/macallan-12-years-old-double-cask\/\",\"name\":\"The Macallan 12 Years Old Double Cask - Alchemy Asia\",\"isPartOf\":{\"@id\":\"https:\/\/alchemy-asia.com\/vi\/#website\"},\"primaryImageOfPage\":{\"@id\":\"https:\/\/alchemy-asia.com\/vi\/san-pham\/macallan-12-years-old-double-cask\/#primaryimage\"},\"image\":{\"@id\":\"https:\/\/alchemy-asia.com\/vi\/san-pham\/macallan-12-years-old-double-cask\/#primaryimage\"},\"thumbnailUrl\":\"https:\/\/alchemy-asia.com\/vi\/wp-content\/uploads\/sites\/3\/2017\/07\/The-Macallan-Double-Cask-12YO.png\",\"datePublished\":\"2017-07-26T02:06:08+00:00\",\"dateModified\":\"2024-08-06T03:01:05+00:00\",\"breadcrumb\":{\"@id\":\"https:\/\/alchemy-asia.com\/vi\/san-pham\/macallan-12-years-old-double-cask\/#breadcrumb\"},\"inLanguage\":\"vi\",\"potentialAction\":[{\"@type\":\"ReadAction\",\"target\":[\"https:\/\/alchemy-asia.com\/vi\/san-pham\/macallan-12-years-old-double-cask\/\"]}]},{\"@type\":\"ImageObject\",\"inLanguage\":\"vi\",\"@id\":\"https:\/\/alchemy-asia.com\/vi\/san-pham\/macallan-12-years-old-double-cask\/#primaryimage\",\"url\":\"https:\/\/alchemy-asia.com\/vi\/wp-content\/uploads\/sites\/3\/2017\/07\/The-Macallan-Double-Cask-12YO.png\",\"contentUrl\":\"https:\/\/alchemy-asia.com\/vi\/wp-content\/uploads\/sites\/3\/2017\/07\/The-Macallan-Double-Cask-12YO.png\",\"width\":2480,\"height\":2480,\"caption\":\"The Macallan Double Cask 12YO\"},{\"@type\":\"BreadcrumbList\",\"@id\":\"https:\/\/alchemy-asia.com\/vi\/san-pham\/macallan-12-years-old-double-cask\/#breadcrumb\",\"itemListElement\":[{\"@type\":\"ListItem\",\"position\":1,\"name\":\"Home\",\"item\":\"https:\/\/alchemy-asia.com\/vi\/\"},{\"@type\":\"ListItem\",\"position\":2,\"name\":\"The Macallan 12 Years Old Double Cask\"}]},{\"@type\":\"WebSite\",\"@id\":\"https:\/\/alchemy-asia.com\/vi\/#website\",\"url\":\"https:\/\/alchemy-asia.com\/vi\/\",\"name\":\"Alchemy Asia\",\"description\":\"Just another Alchemy Asia Sites site\",\"potentialAction\":[{\"@type\":\"SearchAction\",\"target\":{\"@type\":\"EntryPoint\",\"urlTemplate\":\"https:\/\/alchemy-asia.com\/vi\/?s={search_term_string}\"},\"query-input\":\"required name=search_term_string\"}],\"inLanguage\":\"vi\"}]}<\/script>\n<!-- \/ Yoast SEO plugin. -->","yoast_head_json":{"title":"The Macallan 12 Years Old Double Cask - Alchemy Asia","robots":{"index":"index","follow":"follow","max-snippet":"max-snippet:-1","max-image-preview":"max-image-preview:large","max-video-preview":"max-video-preview:-1"},"canonical":"https:\/\/alchemy-asia.com\/vi\/san-pham\/macallan-12-years-old-double-cask\/","og_locale":"vi_VN","og_type":"article","og_title":"The Macallan 12 Years Old Double Cask - Alchemy Asia","og_description":"The Macallan Double Cask 12 n\u0103m tu\u1ed5i l\u00e0 s\u1ef1 c\u00e2n b\u1eb1ng ho\u00e0n h\u1ea3o t\u1eeb 100% th\u00f9ng g\u1ed7 s\u1ed3i ng\u00e2m r\u01b0\u1ee3u Sherry t\u1eeb M\u1ef9 v\u00e0 Ch\u00e2u \u00c2u, m\u1ed9t s\u1ef1 k\u1ebft h\u1ee3p t\u1eeb 2 lo\u1ea1i g\u1ed7.  C\u1eb7p th\u00f9ng g\u1ed7 s\u1ed3i ng\u00e2m r\u01b0\u1ee3u Sherry M\u1ef9 v\u00e0 Ch\u00e2u \u00c2u h\u1ee3p th\u00e0nh h\u01b0\u01a1ng v\u1ecb h\u00e0i h\u00f2a ho\u00e0n h\u1ea3o v\u00e0 m\u00e0u s\u1eafc t\u1ef1 nhi\u00ean.  G\u1ed7 s\u1ed3i M\u1ef9 v\u1edbi cu\u1ed9c h\u00e0nh tr\u00ecnh h\u00e0ng v\u1ea1n d\u1eb7m \u0111\u1ebfn T\u00e2y Ban Nha, n\u01a1i m\u00e0 n\u00f3 \u0111\u01b0\u1ee3c ng\u00e2m qua r\u01b0\u1ee3u Oloroso Sherry c\u00f9ng v\u1edbi ng\u01b0\u1eddi anh em Ch\u00e2u \u00c2u trong su\u1ed1t 18 th\u00e1ng. Nh\u1eefng th\u00f9ng g\u1ed7 n\u00e0y sau \u0111\u00f3 \u0111\u01b0\u1ee3c chuy\u1ec3n t\u1edbi Scotland \u0111\u1ec3 \u1ee7 c\u00f9ng r\u01b0\u1ee3u Macallan m\u1edbi n\u1ea5u.  Tr\u01b0\u1edfng th\u00e0nh d\u01b0\u1edbi s\u1ef1 quan s\u00e1t t\u1ec9 m\u1ec9 c\u1ee7a b\u1eadc th\u1ea7u v\u1ec1 r\u01b0\u1ee3u whisky v\u00e0 \u0111\u1ed3ng \u0111\u1ed9i c\u1ee7a m\u00ecnh, Bob Dalgarno \u0111\u00e3 \"mai m\u1ed1i\" nh\u1eefng th\u00f9ng g\u1ed7 n\u00e0y v\u1edbi nhau t\u1eeb 2 lo\u1ea1i g\u1ed7 kh\u00e1c nhau \u0111\u1ec3 t\u1ea1o ra Macallan Double Cask 12 n\u0103m tu\u1ed5i.","og_url":"https:\/\/alchemy-asia.com\/vi\/san-pham\/macallan-12-years-old-double-cask\/","og_site_name":"Alchemy Asia","article_modified_time":"2024-08-06T03:01:05+00:00","og_image":[{"width":2480,"height":2480,"url":"https:\/\/alchemy-asia.com\/vi\/wp-content\/uploads\/sites\/3\/2017\/07\/The-Macallan-Double-Cask-12YO.png","type":"image\/png"}],"twitter_card":"summary_large_image","twitter_misc":{"\u01af\u1edbc t\u00ednh th\u1eddi gian \u0111\u1ecdc":"1 ph\u00fat"},"schema":{"@context":"https:\/\/schema.org","@graph":[{"@type":"WebPage","@id":"https:\/\/alchemy-asia.com\/vi\/san-pham\/macallan-12-years-old-double-cask\/","url":"https:\/\/alchemy-asia.com\/vi\/san-pham\/macallan-12-years-old-double-cask\/","name":"The Macallan 12 Years Old Double Cask - Alchemy Asia","isPartOf":{"@id":"https:\/\/alchemy-asia.com\/vi\/#website"},"primaryImageOfPage":{"@id":"https:\/\/alchemy-asia.com\/vi\/san-pham\/macallan-12-years-old-double-cask\/#primaryimage"},"image":{"@id":"https:\/\/alchemy-asia.com\/vi\/san-pham\/macallan-12-years-old-double-cask\/#primaryimage"},"thumbnailUrl":"https:\/\/alchemy-asia.com\/vi\/wp-content\/uploads\/sites\/3\/2017\/07\/The-Macallan-Double-Cask-12YO.png","datePublished":"2017-07-26T02:06:08+00:00","dateModified":"2024-08-06T03:01:05+00:00","breadcrumb":{"@id":"https:\/\/alchemy-asia.com\/vi\/san-pham\/macallan-12-years-old-double-cask\/#breadcrumb"},"inLanguage":"vi","potentialAction":[{"@type":"ReadAction","target":["https:\/\/alchemy-asia.com\/vi\/san-pham\/macallan-12-years-old-double-cask\/"]}]},{"@type":"ImageObject","inLanguage":"vi","@id":"https:\/\/alchemy-asia.com\/vi\/san-pham\/macallan-12-years-old-double-cask\/#primaryimage","url":"https:\/\/alchemy-asia.com\/vi\/wp-content\/uploads\/sites\/3\/2017\/07\/The-Macallan-Double-Cask-12YO.png","contentUrl":"https:\/\/alchemy-asia.com\/vi\/wp-content\/uploads\/sites\/3\/2017\/07\/The-Macallan-Double-Cask-12YO.png","width":2480,"height":2480,"caption":"The Macallan Double Cask 12YO"},{"@type":"BreadcrumbList","@id":"https:\/\/alchemy-asia.com\/vi\/san-pham\/macallan-12-years-old-double-cask\/#breadcrumb","itemListElement":[{"@type":"ListItem","position":1,"name":"Home","item":"https:\/\/alchemy-asia.com\/vi\/"},{"@type":"ListItem","position":2,"name":"The Macallan 12 Years Old Double Cask"}]},{"@type":"WebSite","@id":"https:\/\/alchemy-asia.com\/vi\/#website","url":"https:\/\/alchemy-asia.com\/vi\/","name":"Alchemy Asia","description":"Just another Alchemy Asia Sites site","potentialAction":[{"@type":"SearchAction","target":{"@type":"EntryPoint","urlTemplate":"https:\/\/alchemy-asia.com\/vi\/?s={search_term_string}"},"query-input":"required name=search_term_string"}],"inLanguage":"vi"}]}},"_links":{"self":[{"href":"https:\/\/alchemy-asia.com\/vi\/wp-json\/wp\/v2\/product\/726","targetHints":{"allow":["GET"]}}],"collection":[{"href":"https:\/\/alchemy-asia.com\/vi\/wp-json\/wp\/v2\/product"}],"about":[{"href":"https:\/\/alchemy-asia.com\/vi\/wp-json\/wp\/v2\/types\/product"}],"replies":[{"embeddable":true,"href":"https:\/\/alchemy-asia.com\/vi\/wp-json\/wp\/v2\/comments?post=726"}],"wp:featuredmedia":[{"embeddable":true,"href":"https:\/\/alchemy-asia.com\/vi\/wp-json\/wp\/v2\/media\/8848"}],"wp:attachment":[{"href":"https:\/\/alchemy-asia.com\/vi\/wp-json\/wp\/v2\/media?parent=726"}],"wp:term":[{"taxonomy":"product_cat","embeddable":true,"href":"https:\/\/alchemy-asia.com\/vi\/wp-json\/wp\/v2\/product_cat?post=726"},{"taxonomy":"product_tag","embeddable":true,"href":"https:\/\/alchemy-asia.com\/vi\/wp-json\/wp\/v2\/product_tag?post=726"}],"curies":[{"name":"wp","href":"https:\/\/api.w.org\/{rel}","templated":true}]}}