{"id":729,"date":"2017-07-26T02:07:58","date_gmt":"2017-07-26T02:07:58","guid":{"rendered":"http:\/\/alchemy-asia.com\/vi\/?post_type=product&#038;p=729"},"modified":"2024-08-06T02:59:59","modified_gmt":"2024-08-06T02:59:59","slug":"macallan-12-years-old-sherry-oak","status":"publish","type":"product","link":"https:\/\/alchemy-asia.com\/vi\/san-pham\/macallan-12-years-old-sherry-oak\/","title":{"rendered":"The Macallan 12 Years Old Sherry Oak"},"content":{"rendered":"","protected":false},"excerpt":{"rendered":"<p><span data-sheets-root=\"1\">D\u00f2ng s\u1ea3n ph\u1ea9m The Macallan Sherry Oak l\u00e0 lo\u1ea1i r\u01b0\u1ee3u m\u1ea1ch nha \u0111\u01a1n \u0111\u01b0\u1ee3c \u1ee7 trong th\u00f9ng \u1ee7 \u0111\u01b0\u1ee3c l\u00e0m t\u1eeb g\u1ed7 s\u1ed3i Ch\u00e2u \u00c2u, \u0111\u00e3 \u0111\u01b0\u1ee3c ch\u01b0ng c\u1ea5t t\u1eeb tr\u01b0\u1edbc \u0111\u00f3 v\u1edbi r\u01b0\u1ee3u sherry t\u1ea1i Jerez, T\u00e2y Ban Nha, \u0111\u1ec3 mang l\u1ea1i s\u1ef1 \u0111\u00e2\u0323m \u0111a\u0300 v\u00e0 ph\u01b0\u0301c h\u01a1\u0323p.<\/span><\/p>\n<p><span data-sheets-root=\"1\"><br \/>\nD\u00f2ng Sherry Oak \u0111\u01b0\u1ee3c \u1ee7 trong thu\u0300ng g\u00f4\u0303 s\u00f4\u0300i t\u01b0\u0300 Ch\u00e2u \u00c2u nhi\u00ea\u0300u h\u01a1n so v\u01a1\u0301i thu\u0300ng g\u00f4\u0303 s\u00f4\u0300i t\u01b0\u0300 Ch\u00e2u My\u0303, \u0111i\u1ec1u n\u00e0y t\u1ea1o ra m\u1ed9t lo\u1ea1i Single Malt Whisky c\u00f3 n\u00f4\u0301t h\u01b0\u01a1ng vi\u0323 c\u1ee7a g\u1eebng v\u00e0 tr\u00e1i c\u00e2y kh\u00f4, v\u1edbi \u0111\u1ed9 s\u00e2u \u0111\u00e2\u0323m \u0111a\u0300 \u0111\u01b0\u01a1\u0323c ph\u00e1t tri\u1ec3n qua t\u1eebng s\u1ea3n ph\u1ea9m trong d\u00f2ng.<br \/>\n<\/span><\/p>\n<ul class=\"list-disc\">\n<li><strong>M\u00c0U<\/strong>: v\u00e0ng \u0111\u1eadm \u0111\u00e0.<\/li>\n<li><strong>M\u00d9I<\/strong>: h\u01b0\u01a1ng vani tho\u1ea3ng m\u00f9i g\u1eebng, tr\u00e1i c\u00e2y kh\u00f4, kh\u1ecfi g\u1ed7 s\u1ed3i.<\/li>\n<li><strong>V\u1eca<\/strong>: \u00eam, v\u1ecb tr\u00e1i c\u00e2y \u0111\u1eadm \u0111\u00e0, c\u00e2n b\u1eb1ng m\u00f9i s\u1ed3i v\u1edbi m\u00f9i n\u1ed3ng c\u1ee7a kh\u00f3i g\u1ed7.<\/li>\n<li><strong>H\u1eacU<\/strong>: ng\u1ecdt ng\u00e0o, tr\u00e1i c\u00e2y kh\u00f4 v\u1edbi kh\u00f3i g\u1ed7 v\u00e0 n\u1ed3ng.<\/li>\n<\/ul>\n","protected":false},"featured_media":8852,"comment_status":"open","ping_status":"closed","template":"","meta":{"_acf_changed":false},"product_cat":[58],"product_tag":[],"class_list":{"0":"post-729","1":"product","2":"type-product","3":"status-publish","4":"has-post-thumbnail","6":"product_cat-scotch-whisky-single-malt","7":"brand-the-macallan","9":"first","10":"instock","11":"shipping-taxable","12":"product-type-simple"},"acf":[],"yoast_head":"<!-- This site is optimized with the Yoast SEO plugin v23.0 - https:\/\/yoast.com\/wordpress\/plugins\/seo\/ -->\n<title>The Macallan 12 Years Old Sherry Oak - Alchemy Asia<\/title>\n<meta name=\"robots\" content=\"index, follow, max-snippet:-1, max-image-preview:large, max-video-preview:-1\" \/>\n<link rel=\"canonical\" href=\"https:\/\/alchemy-asia.com\/vi\/san-pham\/macallan-12-years-old-sherry-oak\/\" \/>\n<meta property=\"og:locale\" content=\"vi_VN\" \/>\n<meta property=\"og:type\" content=\"article\" \/>\n<meta property=\"og:title\" content=\"The Macallan 12 Years Old Sherry Oak - Alchemy Asia\" \/>\n<meta property=\"og:description\" content=\"D\u00f2ng s\u1ea3n ph\u1ea9m The Macallan Sherry Oak l\u00e0 lo\u1ea1i r\u01b0\u1ee3u m\u1ea1ch nha \u0111\u01a1n \u0111\u01b0\u1ee3c \u1ee7 trong th\u00f9ng \u1ee7 \u0111\u01b0\u1ee3c l\u00e0m t\u1eeb g\u1ed7 s\u1ed3i Ch\u00e2u \u00c2u, \u0111\u00e3 \u0111\u01b0\u1ee3c ch\u01b0ng c\u1ea5t t\u1eeb tr\u01b0\u1edbc \u0111\u00f3 v\u1edbi r\u01b0\u1ee3u sherry t\u1ea1i Jerez, T\u00e2y Ban Nha, \u0111\u1ec3 mang l\u1ea1i s\u1ef1 \u0111\u00e2\u0323m \u0111a\u0300 v\u00e0 ph\u01b0\u0301c h\u01a1\u0323p.   D\u00f2ng Sherry Oak \u0111\u01b0\u1ee3c \u1ee7 trong thu\u0300ng g\u00f4\u0303 s\u00f4\u0300i t\u01b0\u0300 Ch\u00e2u \u00c2u nhi\u00ea\u0300u h\u01a1n so v\u01a1\u0301i thu\u0300ng g\u00f4\u0303 s\u00f4\u0300i t\u01b0\u0300 Ch\u00e2u My\u0303, \u0111i\u1ec1u n\u00e0y t\u1ea1o ra m\u1ed9t lo\u1ea1i Single Malt Whisky c\u00f3 n\u00f4\u0301t h\u01b0\u01a1ng vi\u0323 c\u1ee7a g\u1eebng v\u00e0 tr\u00e1i c\u00e2y kh\u00f4, v\u1edbi \u0111\u1ed9 s\u00e2u \u0111\u00e2\u0323m \u0111a\u0300 \u0111\u01b0\u01a1\u0323c ph\u00e1t tri\u1ec3n qua t\u1eebng s\u1ea3n ph\u1ea9m trong d\u00f2ng.    M\u00c0U: v\u00e0ng \u0111\u1eadm \u0111\u00e0.  M\u00d9I: h\u01b0\u01a1ng vani tho\u1ea3ng m\u00f9i g\u1eebng, tr\u00e1i c\u00e2y kh\u00f4, kh\u1ecfi g\u1ed7 s\u1ed3i.  V\u1eca: \u00eam, v\u1ecb tr\u00e1i c\u00e2y \u0111\u1eadm \u0111\u00e0, c\u00e2n b\u1eb1ng m\u00f9i s\u1ed3i v\u1edbi m\u00f9i n\u1ed3ng c\u1ee7a kh\u00f3i g\u1ed7.  H\u1eacU: ng\u1ecdt ng\u00e0o, tr\u00e1i c\u00e2y kh\u00f4 v\u1edbi kh\u00f3i g\u1ed7 v\u00e0 n\u1ed3ng.\" \/>\n<meta property=\"og:url\" content=\"https:\/\/alchemy-asia.com\/vi\/san-pham\/macallan-12-years-old-sherry-oak\/\" \/>\n<meta property=\"og:site_name\" content=\"Alchemy Asia\" \/>\n<meta property=\"article:modified_time\" content=\"2024-08-06T02:59:59+00:00\" \/>\n<meta property=\"og:image\" content=\"https:\/\/alchemy-asia.com\/vi\/wp-content\/uploads\/sites\/3\/2017\/07\/The-Macallan-12-Years-Old-Sherry-Oak.png\" \/>\n\t<meta property=\"og:image:width\" content=\"2480\" \/>\n\t<meta property=\"og:image:height\" content=\"2480\" \/>\n\t<meta property=\"og:image:type\" content=\"image\/png\" \/>\n<meta name=\"twitter:card\" content=\"summary_large_image\" \/>\n<meta name=\"twitter:label1\" content=\"\u01af\u1edbc t\u00ednh th\u1eddi gian \u0111\u1ecdc\" \/>\n\t<meta name=\"twitter:data1\" content=\"1 ph\u00fat\" \/>\n<script type=\"application\/ld+json\" class=\"yoast-schema-graph\">{\"@context\":\"https:\/\/schema.org\",\"@graph\":[{\"@type\":\"WebPage\",\"@id\":\"https:\/\/alchemy-asia.com\/vi\/san-pham\/macallan-12-years-old-sherry-oak\/\",\"url\":\"https:\/\/alchemy-asia.com\/vi\/san-pham\/macallan-12-years-old-sherry-oak\/\",\"name\":\"The Macallan 12 Years Old Sherry Oak - Alchemy Asia\",\"isPartOf\":{\"@id\":\"https:\/\/alchemy-asia.com\/vi\/#website\"},\"primaryImageOfPage\":{\"@id\":\"https:\/\/alchemy-asia.com\/vi\/san-pham\/macallan-12-years-old-sherry-oak\/#primaryimage\"},\"image\":{\"@id\":\"https:\/\/alchemy-asia.com\/vi\/san-pham\/macallan-12-years-old-sherry-oak\/#primaryimage\"},\"thumbnailUrl\":\"https:\/\/alchemy-asia.com\/vi\/wp-content\/uploads\/sites\/3\/2017\/07\/The-Macallan-12-Years-Old-Sherry-Oak.png\",\"datePublished\":\"2017-07-26T02:07:58+00:00\",\"dateModified\":\"2024-08-06T02:59:59+00:00\",\"breadcrumb\":{\"@id\":\"https:\/\/alchemy-asia.com\/vi\/san-pham\/macallan-12-years-old-sherry-oak\/#breadcrumb\"},\"inLanguage\":\"vi\",\"potentialAction\":[{\"@type\":\"ReadAction\",\"target\":[\"https:\/\/alchemy-asia.com\/vi\/san-pham\/macallan-12-years-old-sherry-oak\/\"]}]},{\"@type\":\"ImageObject\",\"inLanguage\":\"vi\",\"@id\":\"https:\/\/alchemy-asia.com\/vi\/san-pham\/macallan-12-years-old-sherry-oak\/#primaryimage\",\"url\":\"https:\/\/alchemy-asia.com\/vi\/wp-content\/uploads\/sites\/3\/2017\/07\/The-Macallan-12-Years-Old-Sherry-Oak.png\",\"contentUrl\":\"https:\/\/alchemy-asia.com\/vi\/wp-content\/uploads\/sites\/3\/2017\/07\/The-Macallan-12-Years-Old-Sherry-Oak.png\",\"width\":2480,\"height\":2480,\"caption\":\"The Macallan 12 Years Old Sherry Oak\"},{\"@type\":\"BreadcrumbList\",\"@id\":\"https:\/\/alchemy-asia.com\/vi\/san-pham\/macallan-12-years-old-sherry-oak\/#breadcrumb\",\"itemListElement\":[{\"@type\":\"ListItem\",\"position\":1,\"name\":\"Home\",\"item\":\"https:\/\/alchemy-asia.com\/vi\/\"},{\"@type\":\"ListItem\",\"position\":2,\"name\":\"The Macallan 12 Years Old Sherry Oak\"}]},{\"@type\":\"WebSite\",\"@id\":\"https:\/\/alchemy-asia.com\/vi\/#website\",\"url\":\"https:\/\/alchemy-asia.com\/vi\/\",\"name\":\"Alchemy Asia\",\"description\":\"Just another Alchemy Asia Sites site\",\"potentialAction\":[{\"@type\":\"SearchAction\",\"target\":{\"@type\":\"EntryPoint\",\"urlTemplate\":\"https:\/\/alchemy-asia.com\/vi\/?s={search_term_string}\"},\"query-input\":\"required name=search_term_string\"}],\"inLanguage\":\"vi\"}]}<\/script>\n<!-- \/ Yoast SEO plugin. -->","yoast_head_json":{"title":"The Macallan 12 Years Old Sherry Oak - Alchemy Asia","robots":{"index":"index","follow":"follow","max-snippet":"max-snippet:-1","max-image-preview":"max-image-preview:large","max-video-preview":"max-video-preview:-1"},"canonical":"https:\/\/alchemy-asia.com\/vi\/san-pham\/macallan-12-years-old-sherry-oak\/","og_locale":"vi_VN","og_type":"article","og_title":"The Macallan 12 Years Old Sherry Oak - Alchemy Asia","og_description":"D\u00f2ng s\u1ea3n ph\u1ea9m The Macallan Sherry Oak l\u00e0 lo\u1ea1i r\u01b0\u1ee3u m\u1ea1ch nha \u0111\u01a1n \u0111\u01b0\u1ee3c \u1ee7 trong th\u00f9ng \u1ee7 \u0111\u01b0\u1ee3c l\u00e0m t\u1eeb g\u1ed7 s\u1ed3i Ch\u00e2u \u00c2u, \u0111\u00e3 \u0111\u01b0\u1ee3c ch\u01b0ng c\u1ea5t t\u1eeb tr\u01b0\u1edbc \u0111\u00f3 v\u1edbi r\u01b0\u1ee3u sherry t\u1ea1i Jerez, T\u00e2y Ban Nha, \u0111\u1ec3 mang l\u1ea1i s\u1ef1 \u0111\u00e2\u0323m \u0111a\u0300 v\u00e0 ph\u01b0\u0301c h\u01a1\u0323p.   D\u00f2ng Sherry Oak \u0111\u01b0\u1ee3c \u1ee7 trong thu\u0300ng g\u00f4\u0303 s\u00f4\u0300i t\u01b0\u0300 Ch\u00e2u \u00c2u nhi\u00ea\u0300u h\u01a1n so v\u01a1\u0301i thu\u0300ng g\u00f4\u0303 s\u00f4\u0300i t\u01b0\u0300 Ch\u00e2u My\u0303, \u0111i\u1ec1u n\u00e0y t\u1ea1o ra m\u1ed9t lo\u1ea1i Single Malt Whisky c\u00f3 n\u00f4\u0301t h\u01b0\u01a1ng vi\u0323 c\u1ee7a g\u1eebng v\u00e0 tr\u00e1i c\u00e2y kh\u00f4, v\u1edbi \u0111\u1ed9 s\u00e2u \u0111\u00e2\u0323m \u0111a\u0300 \u0111\u01b0\u01a1\u0323c ph\u00e1t tri\u1ec3n qua t\u1eebng s\u1ea3n ph\u1ea9m trong d\u00f2ng.    M\u00c0U: v\u00e0ng \u0111\u1eadm \u0111\u00e0.  M\u00d9I: h\u01b0\u01a1ng vani tho\u1ea3ng m\u00f9i g\u1eebng, tr\u00e1i c\u00e2y kh\u00f4, kh\u1ecfi g\u1ed7 s\u1ed3i.  V\u1eca: \u00eam, v\u1ecb tr\u00e1i c\u00e2y \u0111\u1eadm \u0111\u00e0, c\u00e2n b\u1eb1ng m\u00f9i s\u1ed3i v\u1edbi m\u00f9i n\u1ed3ng c\u1ee7a kh\u00f3i g\u1ed7.  H\u1eacU: ng\u1ecdt ng\u00e0o, tr\u00e1i c\u00e2y kh\u00f4 v\u1edbi kh\u00f3i g\u1ed7 v\u00e0 n\u1ed3ng.","og_url":"https:\/\/alchemy-asia.com\/vi\/san-pham\/macallan-12-years-old-sherry-oak\/","og_site_name":"Alchemy Asia","article_modified_time":"2024-08-06T02:59:59+00:00","og_image":[{"width":2480,"height":2480,"url":"https:\/\/alchemy-asia.com\/vi\/wp-content\/uploads\/sites\/3\/2017\/07\/The-Macallan-12-Years-Old-Sherry-Oak.png","type":"image\/png"}],"twitter_card":"summary_large_image","twitter_misc":{"\u01af\u1edbc t\u00ednh th\u1eddi gian \u0111\u1ecdc":"1 ph\u00fat"},"schema":{"@context":"https:\/\/schema.org","@graph":[{"@type":"WebPage","@id":"https:\/\/alchemy-asia.com\/vi\/san-pham\/macallan-12-years-old-sherry-oak\/","url":"https:\/\/alchemy-asia.com\/vi\/san-pham\/macallan-12-years-old-sherry-oak\/","name":"The Macallan 12 Years Old Sherry Oak - Alchemy Asia","isPartOf":{"@id":"https:\/\/alchemy-asia.com\/vi\/#website"},"primaryImageOfPage":{"@id":"https:\/\/alchemy-asia.com\/vi\/san-pham\/macallan-12-years-old-sherry-oak\/#primaryimage"},"image":{"@id":"https:\/\/alchemy-asia.com\/vi\/san-pham\/macallan-12-years-old-sherry-oak\/#primaryimage"},"thumbnailUrl":"https:\/\/alchemy-asia.com\/vi\/wp-content\/uploads\/sites\/3\/2017\/07\/The-Macallan-12-Years-Old-Sherry-Oak.png","datePublished":"2017-07-26T02:07:58+00:00","dateModified":"2024-08-06T02:59:59+00:00","breadcrumb":{"@id":"https:\/\/alchemy-asia.com\/vi\/san-pham\/macallan-12-years-old-sherry-oak\/#breadcrumb"},"inLanguage":"vi","potentialAction":[{"@type":"ReadAction","target":["https:\/\/alchemy-asia.com\/vi\/san-pham\/macallan-12-years-old-sherry-oak\/"]}]},{"@type":"ImageObject","inLanguage":"vi","@id":"https:\/\/alchemy-asia.com\/vi\/san-pham\/macallan-12-years-old-sherry-oak\/#primaryimage","url":"https:\/\/alchemy-asia.com\/vi\/wp-content\/uploads\/sites\/3\/2017\/07\/The-Macallan-12-Years-Old-Sherry-Oak.png","contentUrl":"https:\/\/alchemy-asia.com\/vi\/wp-content\/uploads\/sites\/3\/2017\/07\/The-Macallan-12-Years-Old-Sherry-Oak.png","width":2480,"height":2480,"caption":"The Macallan 12 Years Old Sherry Oak"},{"@type":"BreadcrumbList","@id":"https:\/\/alchemy-asia.com\/vi\/san-pham\/macallan-12-years-old-sherry-oak\/#breadcrumb","itemListElement":[{"@type":"ListItem","position":1,"name":"Home","item":"https:\/\/alchemy-asia.com\/vi\/"},{"@type":"ListItem","position":2,"name":"The Macallan 12 Years Old Sherry Oak"}]},{"@type":"WebSite","@id":"https:\/\/alchemy-asia.com\/vi\/#website","url":"https:\/\/alchemy-asia.com\/vi\/","name":"Alchemy Asia","description":"Just another Alchemy Asia Sites site","potentialAction":[{"@type":"SearchAction","target":{"@type":"EntryPoint","urlTemplate":"https:\/\/alchemy-asia.com\/vi\/?s={search_term_string}"},"query-input":"required name=search_term_string"}],"inLanguage":"vi"}]}},"_links":{"self":[{"href":"https:\/\/alchemy-asia.com\/vi\/wp-json\/wp\/v2\/product\/729","targetHints":{"allow":["GET"]}}],"collection":[{"href":"https:\/\/alchemy-asia.com\/vi\/wp-json\/wp\/v2\/product"}],"about":[{"href":"https:\/\/alchemy-asia.com\/vi\/wp-json\/wp\/v2\/types\/product"}],"replies":[{"embeddable":true,"href":"https:\/\/alchemy-asia.com\/vi\/wp-json\/wp\/v2\/comments?post=729"}],"wp:featuredmedia":[{"embeddable":true,"href":"https:\/\/alchemy-asia.com\/vi\/wp-json\/wp\/v2\/media\/8852"}],"wp:attachment":[{"href":"https:\/\/alchemy-asia.com\/vi\/wp-json\/wp\/v2\/media?parent=729"}],"wp:term":[{"taxonomy":"product_cat","embeddable":true,"href":"https:\/\/alchemy-asia.com\/vi\/wp-json\/wp\/v2\/product_cat?post=729"},{"taxonomy":"product_tag","embeddable":true,"href":"https:\/\/alchemy-asia.com\/vi\/wp-json\/wp\/v2\/product_tag?post=729"}],"curies":[{"name":"wp","href":"https:\/\/api.w.org\/{rel}","templated":true}]}}