{"id":745,"date":"2017-07-26T02:13:43","date_gmt":"2017-07-26T02:13:43","guid":{"rendered":"http:\/\/alchemy-asia.com\/vi\/?post_type=product&#038;p=745"},"modified":"2024-08-06T02:57:46","modified_gmt":"2024-08-06T02:57:46","slug":"macallan-rare-cask","status":"publish","type":"product","link":"https:\/\/alchemy-asia.com\/vi\/san-pham\/macallan-rare-cask\/","title":{"rendered":"The Macallan Rare Cask"},"content":{"rendered":"","protected":false},"excerpt":{"rendered":"<p>Rare Cask l\u00e0 hi\u1ec7n th\u00e2n c\u1ee7a cam k\u1ebf l\u1ef1a ch\u1ecdn lo\u1ea1i g\u1ed7 \u0111\u1eb7c bi\u1ec7t t\u1eeb The Macallan. M\u1ed9t lo\u1ea1i whisky g\u00f3i g\u1ecdn s\u1ef1 th\u00f4ng th\u1ea1o v\u1ed1n c\u00f3 trong vi\u1ec7c t\u1ea1o ra The Macallan. M\u1ed9t s\u1ef1 k\u1ebft h\u1ee3p gi\u1eefa ki\u1ebfn th\u1ee9c phong ph\u00fa, k\u1ef9 n\u0103ng, ni\u1ec1m \u0111am m\u00ea, cam k\u1ebft v\u00e0 s\u00e1ng t\u1ea1o. M\u1ed9t d\u00f2ng whisky r\u1ea5t \u0111\u00e1ng ch\u00fa \u00fd.<\/p>\n<ul class=\"list-disc\">\n<li><strong>M\u00c0U<\/strong>: \u0111\u1ecf mahogany.<\/li>\n<li><strong>H\u01af\u01a0NG<\/strong>: m\u00f9i vanilla nh\u1eb9 nh\u00e0ng sang tr\u1ecdng k\u1ebft h\u1ee3p nho kh\u00f4 khi\u00eau g\u1ee3i kh\u1ee9u gi\u00e1c, s\u1ef1 h\u00f2a quy\u1ec7n ng\u1ecdt ng\u00e0o c\u1ee7a t\u00e1o. chanh v\u00e0 cam. T\u1ea5t c\u1ea3 \u0111\u01b0\u1ee3c c\u00e2n b\u1eb1ng b\u1edfi v\u1ecb cay t\u1eeb h\u1ed7n h\u1ee3p c\u1ee7a r\u1ec5 g\u1eebng, qu\u1ebf, nh\u1ee5c \u0111\u1eadu kh\u1ea5u v\u00e0 \u0111inh h\u01b0\u01a1ng.<\/li>\n<li><strong>M\u00d9I<\/strong>: v\u1ecb cay t\u1ed3n t\u1ea1i xuy\u00ean su\u1ed1t. C\u1ed9ng h\u01b0\u1edfng v\u1edbi g\u1ed7 s\u1ed3i, v\u00f4 t\u1eadn, b\u00f3ng b\u1ea9y v\u00e0 phong ph\u00fa. K\u1ebft th\u00fac b\u1edfi v\u1ecb vanilla v\u00e0 chocolat k\u00e9o d\u00e0i c\u00f9ng v\u1edbi h\u01b0\u01a1ng cam quy\u1ebft nh\u1eb9 \u0111\u1ea7y say m\u00ea.<\/li>\n<li><strong>H\u1eacU<\/strong>: th\u1ecfa m\u00e3n v\u00e0 \u1ea5m \u00e1p.<\/li>\n<\/ul>\n","protected":false},"featured_media":8857,"comment_status":"open","ping_status":"closed","template":"","meta":{"_acf_changed":false},"product_cat":[58],"product_tag":[],"class_list":{"0":"post-745","1":"product","2":"type-product","3":"status-publish","4":"has-post-thumbnail","6":"product_cat-scotch-whisky-single-malt","7":"brand-the-macallan","9":"first","10":"instock","11":"shipping-taxable","12":"product-type-simple"},"acf":[],"yoast_head":"<!-- This site is optimized with the Yoast SEO plugin v23.0 - https:\/\/yoast.com\/wordpress\/plugins\/seo\/ -->\n<title>The Macallan Rare Cask - Alchemy Asia<\/title>\n<meta name=\"robots\" content=\"index, follow, max-snippet:-1, max-image-preview:large, max-video-preview:-1\" \/>\n<link rel=\"canonical\" href=\"https:\/\/alchemy-asia.com\/vi\/san-pham\/macallan-rare-cask\/\" \/>\n<meta property=\"og:locale\" content=\"vi_VN\" \/>\n<meta property=\"og:type\" content=\"article\" \/>\n<meta property=\"og:title\" content=\"The Macallan Rare Cask - Alchemy Asia\" \/>\n<meta property=\"og:description\" content=\"Rare Cask l\u00e0 hi\u1ec7n th\u00e2n c\u1ee7a cam k\u1ebf l\u1ef1a ch\u1ecdn lo\u1ea1i g\u1ed7 \u0111\u1eb7c bi\u1ec7t t\u1eeb The Macallan. M\u1ed9t lo\u1ea1i whisky g\u00f3i g\u1ecdn s\u1ef1 th\u00f4ng th\u1ea1o v\u1ed1n c\u00f3 trong vi\u1ec7c t\u1ea1o ra The Macallan. M\u1ed9t s\u1ef1 k\u1ebft h\u1ee3p gi\u1eefa ki\u1ebfn th\u1ee9c phong ph\u00fa, k\u1ef9 n\u0103ng, ni\u1ec1m \u0111am m\u00ea, cam k\u1ebft v\u00e0 s\u00e1ng t\u1ea1o. M\u1ed9t d\u00f2ng whisky r\u1ea5t \u0111\u00e1ng ch\u00fa \u00fd.   M\u00c0U: \u0111\u1ecf mahogany.  H\u01af\u01a0NG: m\u00f9i vanilla nh\u1eb9 nh\u00e0ng sang tr\u1ecdng k\u1ebft h\u1ee3p nho kh\u00f4 khi\u00eau g\u1ee3i kh\u1ee9u gi\u00e1c, s\u1ef1 h\u00f2a quy\u1ec7n ng\u1ecdt ng\u00e0o c\u1ee7a t\u00e1o. chanh v\u00e0 cam. T\u1ea5t c\u1ea3 \u0111\u01b0\u1ee3c c\u00e2n b\u1eb1ng b\u1edfi v\u1ecb cay t\u1eeb h\u1ed7n h\u1ee3p c\u1ee7a r\u1ec5 g\u1eebng, qu\u1ebf, nh\u1ee5c \u0111\u1eadu kh\u1ea5u v\u00e0 \u0111inh h\u01b0\u01a1ng.  M\u00d9I: v\u1ecb cay t\u1ed3n t\u1ea1i xuy\u00ean su\u1ed1t. C\u1ed9ng h\u01b0\u1edfng v\u1edbi g\u1ed7 s\u1ed3i, v\u00f4 t\u1eadn, b\u00f3ng b\u1ea9y v\u00e0 phong ph\u00fa. K\u1ebft th\u00fac b\u1edfi v\u1ecb vanilla v\u00e0 chocolat k\u00e9o d\u00e0i c\u00f9ng v\u1edbi h\u01b0\u01a1ng cam quy\u1ebft nh\u1eb9 \u0111\u1ea7y say m\u00ea.  H\u1eacU: th\u1ecfa m\u00e3n v\u00e0 \u1ea5m \u00e1p.\" \/>\n<meta property=\"og:url\" content=\"https:\/\/alchemy-asia.com\/vi\/san-pham\/macallan-rare-cask\/\" \/>\n<meta property=\"og:site_name\" content=\"Alchemy Asia\" \/>\n<meta property=\"article:modified_time\" content=\"2024-08-06T02:57:46+00:00\" \/>\n<meta property=\"og:image\" content=\"https:\/\/alchemy-asia.com\/vi\/wp-content\/uploads\/sites\/3\/2017\/07\/The-Macallan-Rare-Cask.jpg-1024x1024.png\" \/>\n\t<meta property=\"og:image:width\" content=\"1024\" \/>\n\t<meta property=\"og:image:height\" content=\"1024\" \/>\n\t<meta property=\"og:image:type\" content=\"image\/png\" \/>\n<meta name=\"twitter:card\" content=\"summary_large_image\" \/>\n<meta name=\"twitter:label1\" content=\"\u01af\u1edbc t\u00ednh th\u1eddi gian \u0111\u1ecdc\" \/>\n\t<meta name=\"twitter:data1\" content=\"1 ph\u00fat\" \/>\n<script type=\"application\/ld+json\" class=\"yoast-schema-graph\">{\"@context\":\"https:\/\/schema.org\",\"@graph\":[{\"@type\":\"WebPage\",\"@id\":\"https:\/\/alchemy-asia.com\/vi\/san-pham\/macallan-rare-cask\/\",\"url\":\"https:\/\/alchemy-asia.com\/vi\/san-pham\/macallan-rare-cask\/\",\"name\":\"The Macallan Rare Cask - Alchemy Asia\",\"isPartOf\":{\"@id\":\"https:\/\/alchemy-asia.com\/vi\/#website\"},\"primaryImageOfPage\":{\"@id\":\"https:\/\/alchemy-asia.com\/vi\/san-pham\/macallan-rare-cask\/#primaryimage\"},\"image\":{\"@id\":\"https:\/\/alchemy-asia.com\/vi\/san-pham\/macallan-rare-cask\/#primaryimage\"},\"thumbnailUrl\":\"https:\/\/alchemy-asia.com\/vi\/wp-content\/uploads\/sites\/3\/2017\/07\/The-Macallan-Rare-Cask.jpg.png\",\"datePublished\":\"2017-07-26T02:13:43+00:00\",\"dateModified\":\"2024-08-06T02:57:46+00:00\",\"breadcrumb\":{\"@id\":\"https:\/\/alchemy-asia.com\/vi\/san-pham\/macallan-rare-cask\/#breadcrumb\"},\"inLanguage\":\"vi\",\"potentialAction\":[{\"@type\":\"ReadAction\",\"target\":[\"https:\/\/alchemy-asia.com\/vi\/san-pham\/macallan-rare-cask\/\"]}]},{\"@type\":\"ImageObject\",\"inLanguage\":\"vi\",\"@id\":\"https:\/\/alchemy-asia.com\/vi\/san-pham\/macallan-rare-cask\/#primaryimage\",\"url\":\"https:\/\/alchemy-asia.com\/vi\/wp-content\/uploads\/sites\/3\/2017\/07\/The-Macallan-Rare-Cask.jpg.png\",\"contentUrl\":\"https:\/\/alchemy-asia.com\/vi\/wp-content\/uploads\/sites\/3\/2017\/07\/The-Macallan-Rare-Cask.jpg.png\",\"width\":2480,\"height\":2480,\"caption\":\"The Macallan Rare Cask\"},{\"@type\":\"BreadcrumbList\",\"@id\":\"https:\/\/alchemy-asia.com\/vi\/san-pham\/macallan-rare-cask\/#breadcrumb\",\"itemListElement\":[{\"@type\":\"ListItem\",\"position\":1,\"name\":\"Home\",\"item\":\"https:\/\/alchemy-asia.com\/vi\/\"},{\"@type\":\"ListItem\",\"position\":2,\"name\":\"The Macallan Rare Cask\"}]},{\"@type\":\"WebSite\",\"@id\":\"https:\/\/alchemy-asia.com\/vi\/#website\",\"url\":\"https:\/\/alchemy-asia.com\/vi\/\",\"name\":\"Alchemy Asia\",\"description\":\"Just another Alchemy Asia Sites site\",\"potentialAction\":[{\"@type\":\"SearchAction\",\"target\":{\"@type\":\"EntryPoint\",\"urlTemplate\":\"https:\/\/alchemy-asia.com\/vi\/?s={search_term_string}\"},\"query-input\":\"required name=search_term_string\"}],\"inLanguage\":\"vi\"}]}<\/script>\n<!-- \/ Yoast SEO plugin. -->","yoast_head_json":{"title":"The Macallan Rare Cask - Alchemy Asia","robots":{"index":"index","follow":"follow","max-snippet":"max-snippet:-1","max-image-preview":"max-image-preview:large","max-video-preview":"max-video-preview:-1"},"canonical":"https:\/\/alchemy-asia.com\/vi\/san-pham\/macallan-rare-cask\/","og_locale":"vi_VN","og_type":"article","og_title":"The Macallan Rare Cask - Alchemy Asia","og_description":"Rare Cask l\u00e0 hi\u1ec7n th\u00e2n c\u1ee7a cam k\u1ebf l\u1ef1a ch\u1ecdn lo\u1ea1i g\u1ed7 \u0111\u1eb7c bi\u1ec7t t\u1eeb The Macallan. M\u1ed9t lo\u1ea1i whisky g\u00f3i g\u1ecdn s\u1ef1 th\u00f4ng th\u1ea1o v\u1ed1n c\u00f3 trong vi\u1ec7c t\u1ea1o ra The Macallan. M\u1ed9t s\u1ef1 k\u1ebft h\u1ee3p gi\u1eefa ki\u1ebfn th\u1ee9c phong ph\u00fa, k\u1ef9 n\u0103ng, ni\u1ec1m \u0111am m\u00ea, cam k\u1ebft v\u00e0 s\u00e1ng t\u1ea1o. M\u1ed9t d\u00f2ng whisky r\u1ea5t \u0111\u00e1ng ch\u00fa \u00fd.   M\u00c0U: \u0111\u1ecf mahogany.  H\u01af\u01a0NG: m\u00f9i vanilla nh\u1eb9 nh\u00e0ng sang tr\u1ecdng k\u1ebft h\u1ee3p nho kh\u00f4 khi\u00eau g\u1ee3i kh\u1ee9u gi\u00e1c, s\u1ef1 h\u00f2a quy\u1ec7n ng\u1ecdt ng\u00e0o c\u1ee7a t\u00e1o. chanh v\u00e0 cam. T\u1ea5t c\u1ea3 \u0111\u01b0\u1ee3c c\u00e2n b\u1eb1ng b\u1edfi v\u1ecb cay t\u1eeb h\u1ed7n h\u1ee3p c\u1ee7a r\u1ec5 g\u1eebng, qu\u1ebf, nh\u1ee5c \u0111\u1eadu kh\u1ea5u v\u00e0 \u0111inh h\u01b0\u01a1ng.  M\u00d9I: v\u1ecb cay t\u1ed3n t\u1ea1i xuy\u00ean su\u1ed1t. C\u1ed9ng h\u01b0\u1edfng v\u1edbi g\u1ed7 s\u1ed3i, v\u00f4 t\u1eadn, b\u00f3ng b\u1ea9y v\u00e0 phong ph\u00fa. K\u1ebft th\u00fac b\u1edfi v\u1ecb vanilla v\u00e0 chocolat k\u00e9o d\u00e0i c\u00f9ng v\u1edbi h\u01b0\u01a1ng cam quy\u1ebft nh\u1eb9 \u0111\u1ea7y say m\u00ea.  H\u1eacU: th\u1ecfa m\u00e3n v\u00e0 \u1ea5m \u00e1p.","og_url":"https:\/\/alchemy-asia.com\/vi\/san-pham\/macallan-rare-cask\/","og_site_name":"Alchemy Asia","article_modified_time":"2024-08-06T02:57:46+00:00","og_image":[{"width":1024,"height":1024,"url":"https:\/\/alchemy-asia.com\/vi\/wp-content\/uploads\/sites\/3\/2017\/07\/The-Macallan-Rare-Cask.jpg-1024x1024.png","type":"image\/png"}],"twitter_card":"summary_large_image","twitter_misc":{"\u01af\u1edbc t\u00ednh th\u1eddi gian \u0111\u1ecdc":"1 ph\u00fat"},"schema":{"@context":"https:\/\/schema.org","@graph":[{"@type":"WebPage","@id":"https:\/\/alchemy-asia.com\/vi\/san-pham\/macallan-rare-cask\/","url":"https:\/\/alchemy-asia.com\/vi\/san-pham\/macallan-rare-cask\/","name":"The Macallan Rare Cask - Alchemy Asia","isPartOf":{"@id":"https:\/\/alchemy-asia.com\/vi\/#website"},"primaryImageOfPage":{"@id":"https:\/\/alchemy-asia.com\/vi\/san-pham\/macallan-rare-cask\/#primaryimage"},"image":{"@id":"https:\/\/alchemy-asia.com\/vi\/san-pham\/macallan-rare-cask\/#primaryimage"},"thumbnailUrl":"https:\/\/alchemy-asia.com\/vi\/wp-content\/uploads\/sites\/3\/2017\/07\/The-Macallan-Rare-Cask.jpg.png","datePublished":"2017-07-26T02:13:43+00:00","dateModified":"2024-08-06T02:57:46+00:00","breadcrumb":{"@id":"https:\/\/alchemy-asia.com\/vi\/san-pham\/macallan-rare-cask\/#breadcrumb"},"inLanguage":"vi","potentialAction":[{"@type":"ReadAction","target":["https:\/\/alchemy-asia.com\/vi\/san-pham\/macallan-rare-cask\/"]}]},{"@type":"ImageObject","inLanguage":"vi","@id":"https:\/\/alchemy-asia.com\/vi\/san-pham\/macallan-rare-cask\/#primaryimage","url":"https:\/\/alchemy-asia.com\/vi\/wp-content\/uploads\/sites\/3\/2017\/07\/The-Macallan-Rare-Cask.jpg.png","contentUrl":"https:\/\/alchemy-asia.com\/vi\/wp-content\/uploads\/sites\/3\/2017\/07\/The-Macallan-Rare-Cask.jpg.png","width":2480,"height":2480,"caption":"The Macallan Rare Cask"},{"@type":"BreadcrumbList","@id":"https:\/\/alchemy-asia.com\/vi\/san-pham\/macallan-rare-cask\/#breadcrumb","itemListElement":[{"@type":"ListItem","position":1,"name":"Home","item":"https:\/\/alchemy-asia.com\/vi\/"},{"@type":"ListItem","position":2,"name":"The Macallan Rare Cask"}]},{"@type":"WebSite","@id":"https:\/\/alchemy-asia.com\/vi\/#website","url":"https:\/\/alchemy-asia.com\/vi\/","name":"Alchemy Asia","description":"Just another Alchemy Asia Sites site","potentialAction":[{"@type":"SearchAction","target":{"@type":"EntryPoint","urlTemplate":"https:\/\/alchemy-asia.com\/vi\/?s={search_term_string}"},"query-input":"required name=search_term_string"}],"inLanguage":"vi"}]}},"_links":{"self":[{"href":"https:\/\/alchemy-asia.com\/vi\/wp-json\/wp\/v2\/product\/745","targetHints":{"allow":["GET"]}}],"collection":[{"href":"https:\/\/alchemy-asia.com\/vi\/wp-json\/wp\/v2\/product"}],"about":[{"href":"https:\/\/alchemy-asia.com\/vi\/wp-json\/wp\/v2\/types\/product"}],"replies":[{"embeddable":true,"href":"https:\/\/alchemy-asia.com\/vi\/wp-json\/wp\/v2\/comments?post=745"}],"wp:featuredmedia":[{"embeddable":true,"href":"https:\/\/alchemy-asia.com\/vi\/wp-json\/wp\/v2\/media\/8857"}],"wp:attachment":[{"href":"https:\/\/alchemy-asia.com\/vi\/wp-json\/wp\/v2\/media?parent=745"}],"wp:term":[{"taxonomy":"product_cat","embeddable":true,"href":"https:\/\/alchemy-asia.com\/vi\/wp-json\/wp\/v2\/product_cat?post=745"},{"taxonomy":"product_tag","embeddable":true,"href":"https:\/\/alchemy-asia.com\/vi\/wp-json\/wp\/v2\/product_tag?post=745"}],"curies":[{"name":"wp","href":"https:\/\/api.w.org\/{rel}","templated":true}]}}