{"id":747,"date":"2017-07-26T02:15:23","date_gmt":"2017-07-26T02:15:23","guid":{"rendered":"http:\/\/alchemy-asia.com\/vi\/?post_type=product&#038;p=747"},"modified":"2024-08-05T10:15:28","modified_gmt":"2024-08-05T10:15:28","slug":"highland-park-12-years-old","status":"publish","type":"product","link":"https:\/\/alchemy-asia.com\/vi\/san-pham\/highland-park-12-years-old\/","title":{"rendered":"Highland Park 12 Years Old"},"content":{"rendered":"","protected":false},"excerpt":{"rendered":"<ul class=\"list-disc\">\n<li>M\u00c0U: h\u1ed5 ph\u00e1ch t\u1ecfa s\u00e1ng.<\/li>\n<li>M\u00d9I: v\u1ecb ng\u1ecdt th\u1ea1ch th\u1ea3o v\u00e0 m\u1eadt ong, kh\u00f3i than b\u00f9n.<\/li>\n<li>V\u1eca: tr\u00e0n v\u1ecb ng\u1ecdt kh\u00f3i, \u0111\u1ea7y v\u1ecb m\u1ea1ch nha.<\/li>\n<li>H\u1eacU: ng\u1ecdt v\u00e0 k\u00e9o d\u00e0i v\u1edbi tho\u1ea3ng h\u01b0\u01a1ng th\u1ea1ch th\u1ea3o v\u00e0 kh\u00f3i nh\u1eb9.<\/li>\n<\/ul>\n","protected":false},"featured_media":8850,"comment_status":"open","ping_status":"closed","template":"","meta":{"_acf_changed":false},"product_cat":[58],"product_tag":[],"class_list":{"0":"post-747","1":"product","2":"type-product","3":"status-publish","4":"has-post-thumbnail","6":"product_cat-scotch-whisky-single-malt","7":"brand-highland-park","9":"first","10":"instock","11":"shipping-taxable","12":"product-type-simple"},"acf":[],"yoast_head":"<!-- This site is optimized with the Yoast SEO plugin v23.0 - https:\/\/yoast.com\/wordpress\/plugins\/seo\/ -->\n<title>Highland Park 12 Years Old - Alchemy Asia<\/title>\n<meta name=\"robots\" content=\"index, follow, max-snippet:-1, max-image-preview:large, max-video-preview:-1\" \/>\n<link rel=\"canonical\" href=\"https:\/\/alchemy-asia.com\/vi\/san-pham\/highland-park-12-years-old\/\" \/>\n<meta property=\"og:locale\" content=\"vi_VN\" \/>\n<meta property=\"og:type\" content=\"article\" \/>\n<meta property=\"og:title\" content=\"Highland Park 12 Years Old - Alchemy Asia\" \/>\n<meta property=\"og:description\" content=\"M\u00c0U: h\u1ed5 ph\u00e1ch t\u1ecfa s\u00e1ng.  M\u00d9I: v\u1ecb ng\u1ecdt th\u1ea1ch th\u1ea3o v\u00e0 m\u1eadt ong, kh\u00f3i than b\u00f9n.  V\u1eca: tr\u00e0n v\u1ecb ng\u1ecdt kh\u00f3i, \u0111\u1ea7y v\u1ecb m\u1ea1ch nha.  H\u1eacU: ng\u1ecdt v\u00e0 k\u00e9o d\u00e0i v\u1edbi tho\u1ea3ng h\u01b0\u01a1ng th\u1ea1ch th\u1ea3o v\u00e0 kh\u00f3i nh\u1eb9.\" \/>\n<meta property=\"og:url\" content=\"https:\/\/alchemy-asia.com\/vi\/san-pham\/highland-park-12-years-old\/\" \/>\n<meta property=\"og:site_name\" content=\"Alchemy Asia\" \/>\n<meta property=\"article:modified_time\" content=\"2024-08-05T10:15:28+00:00\" \/>\n<meta property=\"og:image\" content=\"https:\/\/alchemy-asia.com\/vi\/wp-content\/uploads\/sites\/3\/2017\/07\/WEBSITE-12-1024x1024.png\" \/>\n\t<meta property=\"og:image:width\" content=\"1024\" \/>\n\t<meta property=\"og:image:height\" content=\"1024\" \/>\n\t<meta property=\"og:image:type\" content=\"image\/png\" \/>\n<meta name=\"twitter:card\" content=\"summary_large_image\" \/>\n<meta name=\"twitter:label1\" content=\"\u01af\u1edbc t\u00ednh th\u1eddi gian \u0111\u1ecdc\" \/>\n\t<meta name=\"twitter:data1\" content=\"1 ph\u00fat\" \/>\n<script type=\"application\/ld+json\" class=\"yoast-schema-graph\">{\"@context\":\"https:\/\/schema.org\",\"@graph\":[{\"@type\":\"WebPage\",\"@id\":\"https:\/\/alchemy-asia.com\/vi\/san-pham\/highland-park-12-years-old\/\",\"url\":\"https:\/\/alchemy-asia.com\/vi\/san-pham\/highland-park-12-years-old\/\",\"name\":\"Highland Park 12 Years Old - Alchemy Asia\",\"isPartOf\":{\"@id\":\"https:\/\/alchemy-asia.com\/vi\/#website\"},\"primaryImageOfPage\":{\"@id\":\"https:\/\/alchemy-asia.com\/vi\/san-pham\/highland-park-12-years-old\/#primaryimage\"},\"image\":{\"@id\":\"https:\/\/alchemy-asia.com\/vi\/san-pham\/highland-park-12-years-old\/#primaryimage\"},\"thumbnailUrl\":\"https:\/\/alchemy-asia.com\/vi\/wp-content\/uploads\/sites\/3\/2017\/07\/WEBSITE-12.png\",\"datePublished\":\"2017-07-26T02:15:23+00:00\",\"dateModified\":\"2024-08-05T10:15:28+00:00\",\"breadcrumb\":{\"@id\":\"https:\/\/alchemy-asia.com\/vi\/san-pham\/highland-park-12-years-old\/#breadcrumb\"},\"inLanguage\":\"vi\",\"potentialAction\":[{\"@type\":\"ReadAction\",\"target\":[\"https:\/\/alchemy-asia.com\/vi\/san-pham\/highland-park-12-years-old\/\"]}]},{\"@type\":\"ImageObject\",\"inLanguage\":\"vi\",\"@id\":\"https:\/\/alchemy-asia.com\/vi\/san-pham\/highland-park-12-years-old\/#primaryimage\",\"url\":\"https:\/\/alchemy-asia.com\/vi\/wp-content\/uploads\/sites\/3\/2017\/07\/WEBSITE-12.png\",\"contentUrl\":\"https:\/\/alchemy-asia.com\/vi\/wp-content\/uploads\/sites\/3\/2017\/07\/WEBSITE-12.png\",\"width\":2480,\"height\":2480,\"caption\":\"Highland park 12 years old\"},{\"@type\":\"BreadcrumbList\",\"@id\":\"https:\/\/alchemy-asia.com\/vi\/san-pham\/highland-park-12-years-old\/#breadcrumb\",\"itemListElement\":[{\"@type\":\"ListItem\",\"position\":1,\"name\":\"Home\",\"item\":\"https:\/\/alchemy-asia.com\/vi\/\"},{\"@type\":\"ListItem\",\"position\":2,\"name\":\"Highland Park 12 Years Old\"}]},{\"@type\":\"WebSite\",\"@id\":\"https:\/\/alchemy-asia.com\/vi\/#website\",\"url\":\"https:\/\/alchemy-asia.com\/vi\/\",\"name\":\"Alchemy Asia\",\"description\":\"Just another Alchemy Asia Sites site\",\"potentialAction\":[{\"@type\":\"SearchAction\",\"target\":{\"@type\":\"EntryPoint\",\"urlTemplate\":\"https:\/\/alchemy-asia.com\/vi\/?s={search_term_string}\"},\"query-input\":\"required name=search_term_string\"}],\"inLanguage\":\"vi\"}]}<\/script>\n<!-- \/ Yoast SEO plugin. -->","yoast_head_json":{"title":"Highland Park 12 Years Old - Alchemy Asia","robots":{"index":"index","follow":"follow","max-snippet":"max-snippet:-1","max-image-preview":"max-image-preview:large","max-video-preview":"max-video-preview:-1"},"canonical":"https:\/\/alchemy-asia.com\/vi\/san-pham\/highland-park-12-years-old\/","og_locale":"vi_VN","og_type":"article","og_title":"Highland Park 12 Years Old - Alchemy Asia","og_description":"M\u00c0U: h\u1ed5 ph\u00e1ch t\u1ecfa s\u00e1ng.  M\u00d9I: v\u1ecb ng\u1ecdt th\u1ea1ch th\u1ea3o v\u00e0 m\u1eadt ong, kh\u00f3i than b\u00f9n.  V\u1eca: tr\u00e0n v\u1ecb ng\u1ecdt kh\u00f3i, \u0111\u1ea7y v\u1ecb m\u1ea1ch nha.  H\u1eacU: ng\u1ecdt v\u00e0 k\u00e9o d\u00e0i v\u1edbi tho\u1ea3ng h\u01b0\u01a1ng th\u1ea1ch th\u1ea3o v\u00e0 kh\u00f3i nh\u1eb9.","og_url":"https:\/\/alchemy-asia.com\/vi\/san-pham\/highland-park-12-years-old\/","og_site_name":"Alchemy Asia","article_modified_time":"2024-08-05T10:15:28+00:00","og_image":[{"width":1024,"height":1024,"url":"https:\/\/alchemy-asia.com\/vi\/wp-content\/uploads\/sites\/3\/2017\/07\/WEBSITE-12-1024x1024.png","type":"image\/png"}],"twitter_card":"summary_large_image","twitter_misc":{"\u01af\u1edbc t\u00ednh th\u1eddi gian \u0111\u1ecdc":"1 ph\u00fat"},"schema":{"@context":"https:\/\/schema.org","@graph":[{"@type":"WebPage","@id":"https:\/\/alchemy-asia.com\/vi\/san-pham\/highland-park-12-years-old\/","url":"https:\/\/alchemy-asia.com\/vi\/san-pham\/highland-park-12-years-old\/","name":"Highland Park 12 Years Old - Alchemy Asia","isPartOf":{"@id":"https:\/\/alchemy-asia.com\/vi\/#website"},"primaryImageOfPage":{"@id":"https:\/\/alchemy-asia.com\/vi\/san-pham\/highland-park-12-years-old\/#primaryimage"},"image":{"@id":"https:\/\/alchemy-asia.com\/vi\/san-pham\/highland-park-12-years-old\/#primaryimage"},"thumbnailUrl":"https:\/\/alchemy-asia.com\/vi\/wp-content\/uploads\/sites\/3\/2017\/07\/WEBSITE-12.png","datePublished":"2017-07-26T02:15:23+00:00","dateModified":"2024-08-05T10:15:28+00:00","breadcrumb":{"@id":"https:\/\/alchemy-asia.com\/vi\/san-pham\/highland-park-12-years-old\/#breadcrumb"},"inLanguage":"vi","potentialAction":[{"@type":"ReadAction","target":["https:\/\/alchemy-asia.com\/vi\/san-pham\/highland-park-12-years-old\/"]}]},{"@type":"ImageObject","inLanguage":"vi","@id":"https:\/\/alchemy-asia.com\/vi\/san-pham\/highland-park-12-years-old\/#primaryimage","url":"https:\/\/alchemy-asia.com\/vi\/wp-content\/uploads\/sites\/3\/2017\/07\/WEBSITE-12.png","contentUrl":"https:\/\/alchemy-asia.com\/vi\/wp-content\/uploads\/sites\/3\/2017\/07\/WEBSITE-12.png","width":2480,"height":2480,"caption":"Highland park 12 years old"},{"@type":"BreadcrumbList","@id":"https:\/\/alchemy-asia.com\/vi\/san-pham\/highland-park-12-years-old\/#breadcrumb","itemListElement":[{"@type":"ListItem","position":1,"name":"Home","item":"https:\/\/alchemy-asia.com\/vi\/"},{"@type":"ListItem","position":2,"name":"Highland Park 12 Years Old"}]},{"@type":"WebSite","@id":"https:\/\/alchemy-asia.com\/vi\/#website","url":"https:\/\/alchemy-asia.com\/vi\/","name":"Alchemy Asia","description":"Just another Alchemy Asia Sites site","potentialAction":[{"@type":"SearchAction","target":{"@type":"EntryPoint","urlTemplate":"https:\/\/alchemy-asia.com\/vi\/?s={search_term_string}"},"query-input":"required name=search_term_string"}],"inLanguage":"vi"}]}},"_links":{"self":[{"href":"https:\/\/alchemy-asia.com\/vi\/wp-json\/wp\/v2\/product\/747","targetHints":{"allow":["GET"]}}],"collection":[{"href":"https:\/\/alchemy-asia.com\/vi\/wp-json\/wp\/v2\/product"}],"about":[{"href":"https:\/\/alchemy-asia.com\/vi\/wp-json\/wp\/v2\/types\/product"}],"replies":[{"embeddable":true,"href":"https:\/\/alchemy-asia.com\/vi\/wp-json\/wp\/v2\/comments?post=747"}],"wp:featuredmedia":[{"embeddable":true,"href":"https:\/\/alchemy-asia.com\/vi\/wp-json\/wp\/v2\/media\/8850"}],"wp:attachment":[{"href":"https:\/\/alchemy-asia.com\/vi\/wp-json\/wp\/v2\/media?parent=747"}],"wp:term":[{"taxonomy":"product_cat","embeddable":true,"href":"https:\/\/alchemy-asia.com\/vi\/wp-json\/wp\/v2\/product_cat?post=747"},{"taxonomy":"product_tag","embeddable":true,"href":"https:\/\/alchemy-asia.com\/vi\/wp-json\/wp\/v2\/product_tag?post=747"}],"curies":[{"name":"wp","href":"https:\/\/api.w.org\/{rel}","templated":true}]}}