{"id":797,"date":"2017-07-26T02:44:42","date_gmt":"2017-07-26T02:44:42","guid":{"rendered":"http:\/\/alchemy-asia.com\/vi\/?post_type=product&#038;p=797"},"modified":"2024-09-12T08:26:13","modified_gmt":"2024-09-12T08:26:13","slug":"brugal-rum-anejo-dark-rum","status":"publish","type":"product","link":"https:\/\/alchemy-asia.com\/vi\/san-pham\/brugal-rum-anejo-dark-rum\/","title":{"rendered":"Brugal Rum Anejo Dark Rum"},"content":{"rendered":"","protected":false},"excerpt":{"rendered":"<p>Brugal \u0111\u01b0\u1ee3c l\u00e0m ra t\u1eeb n\u0103m 1888 b\u1edfi Andres Brugal Montaner, ng\u01b0\u1eddi m\u00e3 \u0111ang k\u1ef9 thu\u1eadt ch\u01b0ng c\u1ea5t rum t\u1eeb T\u00e2y Ban Nha \u0111\u1ebfn C\u1ed9ng ho\u00e0 Dominica &#8211; n\u01a1i tr\u1edf th\u00e0nh qu\u00ea h\u01b0\u01a1ng c\u1ee7a r\u01b0\u1ee3u gum Brugal. Ng\u00e0y nay Brugal l\u00e0 nh\u00e0 s\u1ea3n xu\u1ea5t r\u01b0\u1ee3u rum l\u1edbn th\u1ee9 4 th\u1ebf gi\u1edbi, v\u00e0 c\u0169ng l\u00e0 nh\u00e3n hi\u1ec7u rum h\u00e0ng \u0111\u1ea7u t\u1ea1i Caribbean.<\/p>\n<p>V\u1edbi m\u1ed9t b\u1ec1 d\u00e0y l\u1ecbch s\u1eed, Brugal mang \u0111\u1ebfn s\u1ef1 cam k\u1ebft v\u1eefng v\u00e0ng v\u1ec1 ch\u1ea5t l\u01b0\u1ee3ng cao nh\u1ea5t qua quy tr\u00ecnh \u1ee7 r\u01b0\u1ee3u trong c\u00e1c th\u00f9ng g\u1ed7 \u0111\u01b0\u1ee3c tuy\u1ec3n ch\u1ecdn h\u00e0ng \u0111\u1ea7u th\u1ebf gi\u1edbi. Ki\u1ec3u d\u00e1ng chai v\u1edbi thi\u1ebft k\u1ebf kh\u00e1c bi\u1ec7t v\u00e0 h\u01b0\u01a1ng v\u1ecb tinh t\u1ebf, \u00eam d\u1ecbu. Brugal c\u00f3 th\u1ec3 d\u00f9ng th\u01b0\u1edfng th\u1ee9c tr\u1ef1c ti\u1ebfp ho\u1eb7c pha c\u00e1c lo\u1ea1i cocktail.<\/p>\n<p>Brugal Anejo l\u00e0 d\u00f2ng r\u01b0\u1ee3u rum m\u00e0u s\u1eabm \u0111\u01b0\u1ee3c ch\u01b0ng c\u1ea5t t\u1eeb \u0111\u01b0\u1eddng m\u00eda Dominica sau \u0111\u00f3 \u0111em \u1ee7 5 n\u0103m trong th\u00f9ng g\u1ed7 s\u1ed3i tr\u1eafng c\u1ee7a M\u1ef9. Brugal Anejo \u0111\u00e3 nh\u1eadn \u0111\u01b0\u1ee3c r\u1ea5t nhi\u1ec1u gi\u1ea3i th\u01b0\u1edfng t\u1eeb The Wine Enthusiast v\u00e0 The Spirit Journal, trong \u0111\u00f3 c\u00f3 nhi\u1ec1u huy ch\u01b0\u01a1ng v\u00e0ng.<\/p>\n<p>H\u01b0\u01a1ng b\u01a1 \u0111\u01b0\u1eddng, h\u01b0\u01a1ng \u1edbt cay nh\u1eb9 v\u00e0 vani. V\u1ecb \u00eam d\u1ecbu v\u00e0 \u0111\u1ea7y \u0111\u1eb7n v\u1edbi v\u1ecb b\u01a1 cay, \u0111\u01b0\u1eddng v\u00e0 m\u1ed9t ch\u00fat v\u1ecb s\u1ed3i.<\/p>\n<p>&nbsp;<\/p>\n","protected":false},"featured_media":8887,"comment_status":"open","ping_status":"closed","template":"","meta":{"_acf_changed":false},"product_cat":[56],"product_tag":[],"class_list":{"0":"post-797","1":"product","2":"type-product","3":"status-publish","4":"has-post-thumbnail","6":"product_cat-rum","7":"brand-brugal","9":"first","10":"instock","11":"shipping-taxable","12":"product-type-simple"},"acf":[],"yoast_head":"<!-- This site is optimized with the Yoast SEO plugin v23.0 - https:\/\/yoast.com\/wordpress\/plugins\/seo\/ -->\n<title>Brugal Rum Anejo Dark Rum - Alchemy Asia<\/title>\n<meta name=\"robots\" content=\"index, follow, max-snippet:-1, max-image-preview:large, max-video-preview:-1\" \/>\n<link rel=\"canonical\" href=\"https:\/\/alchemy-asia.com\/vi\/san-pham\/brugal-rum-anejo-dark-rum\/\" \/>\n<meta property=\"og:locale\" content=\"vi_VN\" \/>\n<meta property=\"og:type\" content=\"article\" \/>\n<meta property=\"og:title\" content=\"Brugal Rum Anejo Dark Rum - Alchemy Asia\" \/>\n<meta property=\"og:description\" content=\"Brugal \u0111\u01b0\u1ee3c l\u00e0m ra t\u1eeb n\u0103m 1888 b\u1edfi Andres Brugal Montaner, ng\u01b0\u1eddi m\u00e3 \u0111ang k\u1ef9 thu\u1eadt ch\u01b0ng c\u1ea5t rum t\u1eeb T\u00e2y Ban Nha \u0111\u1ebfn C\u1ed9ng ho\u00e0 Dominica - n\u01a1i tr\u1edf th\u00e0nh qu\u00ea h\u01b0\u01a1ng c\u1ee7a r\u01b0\u1ee3u gum Brugal. Ng\u00e0y nay Brugal l\u00e0 nh\u00e0 s\u1ea3n xu\u1ea5t r\u01b0\u1ee3u rum l\u1edbn th\u1ee9 4 th\u1ebf gi\u1edbi, v\u00e0 c\u0169ng l\u00e0 nh\u00e3n hi\u1ec7u rum h\u00e0ng \u0111\u1ea7u t\u1ea1i Caribbean.  V\u1edbi m\u1ed9t b\u1ec1 d\u00e0y l\u1ecbch s\u1eed, Brugal mang \u0111\u1ebfn s\u1ef1 cam k\u1ebft v\u1eefng v\u00e0ng v\u1ec1 ch\u1ea5t l\u01b0\u1ee3ng cao nh\u1ea5t qua quy tr\u00ecnh \u1ee7 r\u01b0\u1ee3u trong c\u00e1c th\u00f9ng g\u1ed7 \u0111\u01b0\u1ee3c tuy\u1ec3n ch\u1ecdn h\u00e0ng \u0111\u1ea7u th\u1ebf gi\u1edbi. Ki\u1ec3u d\u00e1ng chai v\u1edbi thi\u1ebft k\u1ebf kh\u00e1c bi\u1ec7t v\u00e0 h\u01b0\u01a1ng v\u1ecb tinh t\u1ebf, \u00eam d\u1ecbu. Brugal c\u00f3 th\u1ec3 d\u00f9ng th\u01b0\u1edfng th\u1ee9c tr\u1ef1c ti\u1ebfp ho\u1eb7c pha c\u00e1c lo\u1ea1i cocktail.  Brugal Anejo l\u00e0 d\u00f2ng r\u01b0\u1ee3u rum m\u00e0u s\u1eabm \u0111\u01b0\u1ee3c ch\u01b0ng c\u1ea5t t\u1eeb \u0111\u01b0\u1eddng m\u00eda Dominica sau \u0111\u00f3 \u0111em \u1ee7 5 n\u0103m trong th\u00f9ng g\u1ed7 s\u1ed3i tr\u1eafng c\u1ee7a M\u1ef9. Brugal Anejo \u0111\u00e3 nh\u1eadn \u0111\u01b0\u1ee3c r\u1ea5t nhi\u1ec1u gi\u1ea3i th\u01b0\u1edfng t\u1eeb The Wine Enthusiast v\u00e0 The Spirit Journal, trong \u0111\u00f3 c\u00f3 nhi\u1ec1u huy ch\u01b0\u01a1ng v\u00e0ng.  H\u01b0\u01a1ng b\u01a1 \u0111\u01b0\u1eddng, h\u01b0\u01a1ng \u1edbt cay nh\u1eb9 v\u00e0 vani. V\u1ecb \u00eam d\u1ecbu v\u00e0 \u0111\u1ea7y \u0111\u1eb7n v\u1edbi v\u1ecb b\u01a1 cay, \u0111\u01b0\u1eddng v\u00e0 m\u1ed9t ch\u00fat v\u1ecb s\u1ed3i.  &nbsp;\" \/>\n<meta property=\"og:url\" content=\"https:\/\/alchemy-asia.com\/vi\/san-pham\/brugal-rum-anejo-dark-rum\/\" \/>\n<meta property=\"og:site_name\" content=\"Alchemy Asia\" \/>\n<meta property=\"article:modified_time\" content=\"2024-09-12T08:26:13+00:00\" \/>\n<meta property=\"og:image\" content=\"https:\/\/alchemy-asia.com\/vi\/wp-content\/uploads\/sites\/3\/2017\/07\/BRUGAL-ANEJO-DARK-RUM.png\" \/>\n\t<meta property=\"og:image:width\" content=\"2480\" \/>\n\t<meta property=\"og:image:height\" content=\"2480\" \/>\n\t<meta property=\"og:image:type\" content=\"image\/png\" \/>\n<meta name=\"twitter:card\" content=\"summary_large_image\" \/>\n<meta name=\"twitter:label1\" content=\"\u01af\u1edbc t\u00ednh th\u1eddi gian \u0111\u1ecdc\" \/>\n\t<meta name=\"twitter:data1\" content=\"1 ph\u00fat\" \/>\n<script type=\"application\/ld+json\" class=\"yoast-schema-graph\">{\"@context\":\"https:\/\/schema.org\",\"@graph\":[{\"@type\":\"WebPage\",\"@id\":\"https:\/\/alchemy-asia.com\/vi\/san-pham\/brugal-rum-anejo-dark-rum\/\",\"url\":\"https:\/\/alchemy-asia.com\/vi\/san-pham\/brugal-rum-anejo-dark-rum\/\",\"name\":\"Brugal Rum Anejo Dark Rum - Alchemy Asia\",\"isPartOf\":{\"@id\":\"https:\/\/alchemy-asia.com\/vi\/#website\"},\"primaryImageOfPage\":{\"@id\":\"https:\/\/alchemy-asia.com\/vi\/san-pham\/brugal-rum-anejo-dark-rum\/#primaryimage\"},\"image\":{\"@id\":\"https:\/\/alchemy-asia.com\/vi\/san-pham\/brugal-rum-anejo-dark-rum\/#primaryimage\"},\"thumbnailUrl\":\"https:\/\/alchemy-asia.com\/vi\/wp-content\/uploads\/sites\/3\/2017\/07\/BRUGAL-ANEJO-DARK-RUM.png\",\"datePublished\":\"2017-07-26T02:44:42+00:00\",\"dateModified\":\"2024-09-12T08:26:13+00:00\",\"breadcrumb\":{\"@id\":\"https:\/\/alchemy-asia.com\/vi\/san-pham\/brugal-rum-anejo-dark-rum\/#breadcrumb\"},\"inLanguage\":\"vi\",\"potentialAction\":[{\"@type\":\"ReadAction\",\"target\":[\"https:\/\/alchemy-asia.com\/vi\/san-pham\/brugal-rum-anejo-dark-rum\/\"]}]},{\"@type\":\"ImageObject\",\"inLanguage\":\"vi\",\"@id\":\"https:\/\/alchemy-asia.com\/vi\/san-pham\/brugal-rum-anejo-dark-rum\/#primaryimage\",\"url\":\"https:\/\/alchemy-asia.com\/vi\/wp-content\/uploads\/sites\/3\/2017\/07\/BRUGAL-ANEJO-DARK-RUM.png\",\"contentUrl\":\"https:\/\/alchemy-asia.com\/vi\/wp-content\/uploads\/sites\/3\/2017\/07\/BRUGAL-ANEJO-DARK-RUM.png\",\"width\":2480,\"height\":2480,\"caption\":\"BRUGAL ANEJO DARK RUM\"},{\"@type\":\"BreadcrumbList\",\"@id\":\"https:\/\/alchemy-asia.com\/vi\/san-pham\/brugal-rum-anejo-dark-rum\/#breadcrumb\",\"itemListElement\":[{\"@type\":\"ListItem\",\"position\":1,\"name\":\"Home\",\"item\":\"https:\/\/alchemy-asia.com\/vi\/\"},{\"@type\":\"ListItem\",\"position\":2,\"name\":\"Brugal Rum Anejo Dark Rum\"}]},{\"@type\":\"WebSite\",\"@id\":\"https:\/\/alchemy-asia.com\/vi\/#website\",\"url\":\"https:\/\/alchemy-asia.com\/vi\/\",\"name\":\"Alchemy Asia\",\"description\":\"Just another Alchemy Asia Sites site\",\"potentialAction\":[{\"@type\":\"SearchAction\",\"target\":{\"@type\":\"EntryPoint\",\"urlTemplate\":\"https:\/\/alchemy-asia.com\/vi\/?s={search_term_string}\"},\"query-input\":\"required name=search_term_string\"}],\"inLanguage\":\"vi\"}]}<\/script>\n<!-- \/ Yoast SEO plugin. -->","yoast_head_json":{"title":"Brugal Rum Anejo Dark Rum - Alchemy Asia","robots":{"index":"index","follow":"follow","max-snippet":"max-snippet:-1","max-image-preview":"max-image-preview:large","max-video-preview":"max-video-preview:-1"},"canonical":"https:\/\/alchemy-asia.com\/vi\/san-pham\/brugal-rum-anejo-dark-rum\/","og_locale":"vi_VN","og_type":"article","og_title":"Brugal Rum Anejo Dark Rum - Alchemy Asia","og_description":"Brugal \u0111\u01b0\u1ee3c l\u00e0m ra t\u1eeb n\u0103m 1888 b\u1edfi Andres Brugal Montaner, ng\u01b0\u1eddi m\u00e3 \u0111ang k\u1ef9 thu\u1eadt ch\u01b0ng c\u1ea5t rum t\u1eeb T\u00e2y Ban Nha \u0111\u1ebfn C\u1ed9ng ho\u00e0 Dominica - n\u01a1i tr\u1edf th\u00e0nh qu\u00ea h\u01b0\u01a1ng c\u1ee7a r\u01b0\u1ee3u gum Brugal. Ng\u00e0y nay Brugal l\u00e0 nh\u00e0 s\u1ea3n xu\u1ea5t r\u01b0\u1ee3u rum l\u1edbn th\u1ee9 4 th\u1ebf gi\u1edbi, v\u00e0 c\u0169ng l\u00e0 nh\u00e3n hi\u1ec7u rum h\u00e0ng \u0111\u1ea7u t\u1ea1i Caribbean.  V\u1edbi m\u1ed9t b\u1ec1 d\u00e0y l\u1ecbch s\u1eed, Brugal mang \u0111\u1ebfn s\u1ef1 cam k\u1ebft v\u1eefng v\u00e0ng v\u1ec1 ch\u1ea5t l\u01b0\u1ee3ng cao nh\u1ea5t qua quy tr\u00ecnh \u1ee7 r\u01b0\u1ee3u trong c\u00e1c th\u00f9ng g\u1ed7 \u0111\u01b0\u1ee3c tuy\u1ec3n ch\u1ecdn h\u00e0ng \u0111\u1ea7u th\u1ebf gi\u1edbi. Ki\u1ec3u d\u00e1ng chai v\u1edbi thi\u1ebft k\u1ebf kh\u00e1c bi\u1ec7t v\u00e0 h\u01b0\u01a1ng v\u1ecb tinh t\u1ebf, \u00eam d\u1ecbu. Brugal c\u00f3 th\u1ec3 d\u00f9ng th\u01b0\u1edfng th\u1ee9c tr\u1ef1c ti\u1ebfp ho\u1eb7c pha c\u00e1c lo\u1ea1i cocktail.  Brugal Anejo l\u00e0 d\u00f2ng r\u01b0\u1ee3u rum m\u00e0u s\u1eabm \u0111\u01b0\u1ee3c ch\u01b0ng c\u1ea5t t\u1eeb \u0111\u01b0\u1eddng m\u00eda Dominica sau \u0111\u00f3 \u0111em \u1ee7 5 n\u0103m trong th\u00f9ng g\u1ed7 s\u1ed3i tr\u1eafng c\u1ee7a M\u1ef9. Brugal Anejo \u0111\u00e3 nh\u1eadn \u0111\u01b0\u1ee3c r\u1ea5t nhi\u1ec1u gi\u1ea3i th\u01b0\u1edfng t\u1eeb The Wine Enthusiast v\u00e0 The Spirit Journal, trong \u0111\u00f3 c\u00f3 nhi\u1ec1u huy ch\u01b0\u01a1ng v\u00e0ng.  H\u01b0\u01a1ng b\u01a1 \u0111\u01b0\u1eddng, h\u01b0\u01a1ng \u1edbt cay nh\u1eb9 v\u00e0 vani. V\u1ecb \u00eam d\u1ecbu v\u00e0 \u0111\u1ea7y \u0111\u1eb7n v\u1edbi v\u1ecb b\u01a1 cay, \u0111\u01b0\u1eddng v\u00e0 m\u1ed9t ch\u00fat v\u1ecb s\u1ed3i.  &nbsp;","og_url":"https:\/\/alchemy-asia.com\/vi\/san-pham\/brugal-rum-anejo-dark-rum\/","og_site_name":"Alchemy Asia","article_modified_time":"2024-09-12T08:26:13+00:00","og_image":[{"width":2480,"height":2480,"url":"https:\/\/alchemy-asia.com\/vi\/wp-content\/uploads\/sites\/3\/2017\/07\/BRUGAL-ANEJO-DARK-RUM.png","type":"image\/png"}],"twitter_card":"summary_large_image","twitter_misc":{"\u01af\u1edbc t\u00ednh th\u1eddi gian \u0111\u1ecdc":"1 ph\u00fat"},"schema":{"@context":"https:\/\/schema.org","@graph":[{"@type":"WebPage","@id":"https:\/\/alchemy-asia.com\/vi\/san-pham\/brugal-rum-anejo-dark-rum\/","url":"https:\/\/alchemy-asia.com\/vi\/san-pham\/brugal-rum-anejo-dark-rum\/","name":"Brugal Rum Anejo Dark Rum - Alchemy Asia","isPartOf":{"@id":"https:\/\/alchemy-asia.com\/vi\/#website"},"primaryImageOfPage":{"@id":"https:\/\/alchemy-asia.com\/vi\/san-pham\/brugal-rum-anejo-dark-rum\/#primaryimage"},"image":{"@id":"https:\/\/alchemy-asia.com\/vi\/san-pham\/brugal-rum-anejo-dark-rum\/#primaryimage"},"thumbnailUrl":"https:\/\/alchemy-asia.com\/vi\/wp-content\/uploads\/sites\/3\/2017\/07\/BRUGAL-ANEJO-DARK-RUM.png","datePublished":"2017-07-26T02:44:42+00:00","dateModified":"2024-09-12T08:26:13+00:00","breadcrumb":{"@id":"https:\/\/alchemy-asia.com\/vi\/san-pham\/brugal-rum-anejo-dark-rum\/#breadcrumb"},"inLanguage":"vi","potentialAction":[{"@type":"ReadAction","target":["https:\/\/alchemy-asia.com\/vi\/san-pham\/brugal-rum-anejo-dark-rum\/"]}]},{"@type":"ImageObject","inLanguage":"vi","@id":"https:\/\/alchemy-asia.com\/vi\/san-pham\/brugal-rum-anejo-dark-rum\/#primaryimage","url":"https:\/\/alchemy-asia.com\/vi\/wp-content\/uploads\/sites\/3\/2017\/07\/BRUGAL-ANEJO-DARK-RUM.png","contentUrl":"https:\/\/alchemy-asia.com\/vi\/wp-content\/uploads\/sites\/3\/2017\/07\/BRUGAL-ANEJO-DARK-RUM.png","width":2480,"height":2480,"caption":"BRUGAL ANEJO DARK RUM"},{"@type":"BreadcrumbList","@id":"https:\/\/alchemy-asia.com\/vi\/san-pham\/brugal-rum-anejo-dark-rum\/#breadcrumb","itemListElement":[{"@type":"ListItem","position":1,"name":"Home","item":"https:\/\/alchemy-asia.com\/vi\/"},{"@type":"ListItem","position":2,"name":"Brugal Rum Anejo Dark Rum"}]},{"@type":"WebSite","@id":"https:\/\/alchemy-asia.com\/vi\/#website","url":"https:\/\/alchemy-asia.com\/vi\/","name":"Alchemy Asia","description":"Just another Alchemy Asia Sites site","potentialAction":[{"@type":"SearchAction","target":{"@type":"EntryPoint","urlTemplate":"https:\/\/alchemy-asia.com\/vi\/?s={search_term_string}"},"query-input":"required name=search_term_string"}],"inLanguage":"vi"}]}},"_links":{"self":[{"href":"https:\/\/alchemy-asia.com\/vi\/wp-json\/wp\/v2\/product\/797","targetHints":{"allow":["GET"]}}],"collection":[{"href":"https:\/\/alchemy-asia.com\/vi\/wp-json\/wp\/v2\/product"}],"about":[{"href":"https:\/\/alchemy-asia.com\/vi\/wp-json\/wp\/v2\/types\/product"}],"replies":[{"embeddable":true,"href":"https:\/\/alchemy-asia.com\/vi\/wp-json\/wp\/v2\/comments?post=797"}],"wp:featuredmedia":[{"embeddable":true,"href":"https:\/\/alchemy-asia.com\/vi\/wp-json\/wp\/v2\/media\/8887"}],"wp:attachment":[{"href":"https:\/\/alchemy-asia.com\/vi\/wp-json\/wp\/v2\/media?parent=797"}],"wp:term":[{"taxonomy":"product_cat","embeddable":true,"href":"https:\/\/alchemy-asia.com\/vi\/wp-json\/wp\/v2\/product_cat?post=797"},{"taxonomy":"product_tag","embeddable":true,"href":"https:\/\/alchemy-asia.com\/vi\/wp-json\/wp\/v2\/product_tag?post=797"}],"curies":[{"name":"wp","href":"https:\/\/api.w.org\/{rel}","templated":true}]}}