{"id":828,"date":"2017-07-26T03:00:54","date_gmt":"2017-07-26T03:00:54","guid":{"rendered":"http:\/\/alchemy-asia.com\/vi\/?post_type=product&#038;p=828"},"modified":"2024-07-22T03:55:46","modified_gmt":"2024-07-22T03:55:46","slug":"four-pillars-bloody-shiraz-gin","status":"publish","type":"product","link":"https:\/\/alchemy-asia.com\/vi\/san-pham\/four-pillars-bloody-shiraz-gin\/","title":{"rendered":"Four Pillars Bloody Shiraz Gin"},"content":{"rendered":"","protected":false},"excerpt":{"rendered":"<p><span data-sheets-root=\"1\" data-sheets-value=\"{&quot;1&quot;:2,&quot;2&quot;:&quot;V\u00e0o n\u0103m 2015, t\u1ea1i nh\u00e0 m\u00e1y ch\u01b0ng c\u1ea5t c\u1ee7a Four Pillars \u1edf thung l\u0169ng Yarra, Melbourne, ch\u00fang t\u00f4i \u0111\u00e3 ti\u1ebfn h\u00e0nh th\u1eed nghi\u1ec7m ng\u00e2m nho Shiraz \u0111\u1ecba ph\u01b0\u01a1ng v\u00e0o d\u00f2ng Rare Dry Gin.\\r\\nK\u1ebft qu\u1ea3 v\u00f4 c\u00f9ng b\u1ea5t ng\u1edd: M\u1ed9t lo\u1ea1i gin c\u00f3 m\u00e0u t\u00edm huy\u1ec1n di\u1ec7u v\u1edbi h\u01b0\u01a1ng v\u1ecb ng\u1ecdt ng\u00e0o t\u1eeb nh\u1eefng tr\u00e1i nho ch\u00edn m\u1ecdng.\\r\\nH\u1eb1ng n\u0103m, ch\u00fang t\u00f4i l\u1eb7p l\u1ea1i qu\u00e1 tr\u00ecnh n\u00e0y \u0111\u1ec3 t\u1ea1o ra m\u1ed9t s\u1ef1 pha tr\u1ed9n tuy\u1ec7t v\u1eddi c\u1ee7a h\u01b0\u01a1ng th\u00f4ng t\u01b0\u01a1i, cam chanh, gia v\u1ecb v\u00e0 qu\u1ea3 m\u00e2m x\u00f4i cay n\u1ed3ng - m\u1ed9t h\u1eadu \u1ecb ng\u1ecdt ng\u00e0o v\u00e0 ho\u00e0n h\u1ea3o v\u1edbi h\u01b0\u01a1ng b\u00e1ch x\u00f9 v\u00e0 gia v\u1ecb.\\r\\n\u0110\u00e2y ho\u00e0n to\u00e0n kh\u00f4ng ph\u1ea3i sloe gin, m\u00e0 l\u00e0 d\u00f2ng gin c\u00f3 h\u01b0\u01a1ng v\u1ecb \u0111\u1eadm \u0111\u00e0 v\u00e0 l\u00fd t\u01b0\u1edfng cho nhi\u1ec1u lo\u1ea1i cocktail:\\r\\n1.\\tBLOODY &amp; TONIC.\\r\\n2.\\tBLOODY SPRITZ.\\r\\n3.\\tBLOODY FLORADORA.\\r\\n4.\\tBLOODY JASMINE.\\r&quot;}\" data-sheets-userformat=\"{&quot;2&quot;:1057791,&quot;3&quot;:{&quot;1&quot;:0},&quot;4&quot;:{&quot;1&quot;:2,&quot;2&quot;:16776960},&quot;5&quot;:{&quot;1&quot;:[{&quot;1&quot;:2,&quot;2&quot;:0,&quot;5&quot;:{&quot;1&quot;:2,&quot;2&quot;:0}},{&quot;1&quot;:0,&quot;2&quot;:0,&quot;3&quot;:3},{&quot;1&quot;:1,&quot;2&quot;:0,&quot;4&quot;:1}]},&quot;6&quot;:{&quot;1&quot;:[{&quot;1&quot;:2,&quot;2&quot;:0,&quot;5&quot;:{&quot;1&quot;:2,&quot;2&quot;:0}},{&quot;1&quot;:0,&quot;2&quot;:0,&quot;3&quot;:3},{&quot;1&quot;:1,&quot;2&quot;:0,&quot;4&quot;:1}]},&quot;7&quot;:{&quot;1&quot;:[{&quot;1&quot;:2,&quot;2&quot;:0,&quot;5&quot;:{&quot;1&quot;:2,&quot;2&quot;:0}},{&quot;1&quot;:0,&quot;2&quot;:0,&quot;3&quot;:3},{&quot;1&quot;:1,&quot;2&quot;:0,&quot;4&quot;:1}]},&quot;8&quot;:{&quot;1&quot;:[{&quot;1&quot;:2,&quot;2&quot;:0,&quot;5&quot;:{&quot;1&quot;:2,&quot;2&quot;:0}},{&quot;1&quot;:0,&quot;2&quot;:0,&quot;3&quot;:3},{&quot;1&quot;:1,&quot;2&quot;:0,&quot;4&quot;:1}]},&quot;9&quot;:0,&quot;10&quot;:1,&quot;11&quot;:4,&quot;12&quot;:0,&quot;16&quot;:12,&quot;23&quot;:1}\">V\u00e0o n\u0103m 2015, t\u1ea1i nh\u00e0 m\u00e1y ch\u01b0ng c\u1ea5t c\u1ee7a Four Pillars \u1edf thung l\u0169ng Yarra, Melbourne, ch\u00fang t\u00f4i \u0111\u00e3 ti\u1ebfn h\u00e0nh th\u1eed nghi\u1ec7m ng\u00e2m nho Shiraz \u0111\u1ecba ph\u01b0\u01a1ng v\u00e0o d\u00f2ng Rare Dry Gin.<\/span><\/p>\n<p><span data-sheets-root=\"1\" data-sheets-value=\"{&quot;1&quot;:2,&quot;2&quot;:&quot;V\u00e0o n\u0103m 2015, t\u1ea1i nh\u00e0 m\u00e1y ch\u01b0ng c\u1ea5t c\u1ee7a Four Pillars \u1edf thung l\u0169ng Yarra, Melbourne, ch\u00fang t\u00f4i \u0111\u00e3 ti\u1ebfn h\u00e0nh th\u1eed nghi\u1ec7m ng\u00e2m nho Shiraz \u0111\u1ecba ph\u01b0\u01a1ng v\u00e0o d\u00f2ng Rare Dry Gin.\\r\\nK\u1ebft qu\u1ea3 v\u00f4 c\u00f9ng b\u1ea5t ng\u1edd: M\u1ed9t lo\u1ea1i gin c\u00f3 m\u00e0u t\u00edm huy\u1ec1n di\u1ec7u v\u1edbi h\u01b0\u01a1ng v\u1ecb ng\u1ecdt ng\u00e0o t\u1eeb nh\u1eefng tr\u00e1i nho ch\u00edn m\u1ecdng.\\r\\nH\u1eb1ng n\u0103m, ch\u00fang t\u00f4i l\u1eb7p l\u1ea1i qu\u00e1 tr\u00ecnh n\u00e0y \u0111\u1ec3 t\u1ea1o ra m\u1ed9t s\u1ef1 pha tr\u1ed9n tuy\u1ec7t v\u1eddi c\u1ee7a h\u01b0\u01a1ng th\u00f4ng t\u01b0\u01a1i, cam chanh, gia v\u1ecb v\u00e0 qu\u1ea3 m\u00e2m x\u00f4i cay n\u1ed3ng - m\u1ed9t h\u1eadu \u1ecb ng\u1ecdt ng\u00e0o v\u00e0 ho\u00e0n h\u1ea3o v\u1edbi h\u01b0\u01a1ng b\u00e1ch x\u00f9 v\u00e0 gia v\u1ecb.\\r\\n\u0110\u00e2y ho\u00e0n to\u00e0n kh\u00f4ng ph\u1ea3i sloe gin, m\u00e0 l\u00e0 d\u00f2ng gin c\u00f3 h\u01b0\u01a1ng v\u1ecb \u0111\u1eadm \u0111\u00e0 v\u00e0 l\u00fd t\u01b0\u1edfng cho nhi\u1ec1u lo\u1ea1i cocktail:\\r\\n1.\\tBLOODY &amp; TONIC.\\r\\n2.\\tBLOODY SPRITZ.\\r\\n3.\\tBLOODY FLORADORA.\\r\\n4.\\tBLOODY JASMINE.\\r&quot;}\" data-sheets-userformat=\"{&quot;2&quot;:1057791,&quot;3&quot;:{&quot;1&quot;:0},&quot;4&quot;:{&quot;1&quot;:2,&quot;2&quot;:16776960},&quot;5&quot;:{&quot;1&quot;:[{&quot;1&quot;:2,&quot;2&quot;:0,&quot;5&quot;:{&quot;1&quot;:2,&quot;2&quot;:0}},{&quot;1&quot;:0,&quot;2&quot;:0,&quot;3&quot;:3},{&quot;1&quot;:1,&quot;2&quot;:0,&quot;4&quot;:1}]},&quot;6&quot;:{&quot;1&quot;:[{&quot;1&quot;:2,&quot;2&quot;:0,&quot;5&quot;:{&quot;1&quot;:2,&quot;2&quot;:0}},{&quot;1&quot;:0,&quot;2&quot;:0,&quot;3&quot;:3},{&quot;1&quot;:1,&quot;2&quot;:0,&quot;4&quot;:1}]},&quot;7&quot;:{&quot;1&quot;:[{&quot;1&quot;:2,&quot;2&quot;:0,&quot;5&quot;:{&quot;1&quot;:2,&quot;2&quot;:0}},{&quot;1&quot;:0,&quot;2&quot;:0,&quot;3&quot;:3},{&quot;1&quot;:1,&quot;2&quot;:0,&quot;4&quot;:1}]},&quot;8&quot;:{&quot;1&quot;:[{&quot;1&quot;:2,&quot;2&quot;:0,&quot;5&quot;:{&quot;1&quot;:2,&quot;2&quot;:0}},{&quot;1&quot;:0,&quot;2&quot;:0,&quot;3&quot;:3},{&quot;1&quot;:1,&quot;2&quot;:0,&quot;4&quot;:1}]},&quot;9&quot;:0,&quot;10&quot;:1,&quot;11&quot;:4,&quot;12&quot;:0,&quot;16&quot;:12,&quot;23&quot;:1}\"><br \/>\nK\u1ebft qu\u1ea3 v\u00f4 c\u00f9ng b\u1ea5t ng\u1edd: M\u1ed9t lo\u1ea1i gin c\u00f3 m\u00e0u t\u00edm huy\u1ec1n di\u1ec7u v\u1edbi h\u01b0\u01a1ng v\u1ecb ng\u1ecdt ng\u00e0o t\u1eeb nh\u1eefng tr\u00e1i nho ch\u00edn m\u1ecdng.<br \/>\nH\u1eb1ng n\u0103m, ch\u00fang t\u00f4i l\u1eb7p l\u1ea1i qu\u00e1 tr\u00ecnh n\u00e0y \u0111\u1ec3 t\u1ea1o ra m\u1ed9t s\u1ef1 pha tr\u1ed9n tuy\u1ec7t v\u1eddi c\u1ee7a h\u01b0\u01a1ng th\u00f4ng t\u01b0\u01a1i, cam chanh, gia v\u1ecb v\u00e0 qu\u1ea3 m\u00e2m x\u00f4i cay n\u1ed3ng &#8211; m\u1ed9t h\u1eadu \u1ecb ng\u1ecdt ng\u00e0o v\u00e0 ho\u00e0n h\u1ea3o v\u1edbi h\u01b0\u01a1ng b\u00e1ch x\u00f9 v\u00e0 gia v\u1ecb.<\/span><\/p>\n<p><span data-sheets-root=\"1\" data-sheets-value=\"{&quot;1&quot;:2,&quot;2&quot;:&quot;V\u00e0o n\u0103m 2015, t\u1ea1i nh\u00e0 m\u00e1y ch\u01b0ng c\u1ea5t c\u1ee7a Four Pillars \u1edf thung l\u0169ng Yarra, Melbourne, ch\u00fang t\u00f4i \u0111\u00e3 ti\u1ebfn h\u00e0nh th\u1eed nghi\u1ec7m ng\u00e2m nho Shiraz \u0111\u1ecba ph\u01b0\u01a1ng v\u00e0o d\u00f2ng Rare Dry Gin.\\r\\nK\u1ebft qu\u1ea3 v\u00f4 c\u00f9ng b\u1ea5t ng\u1edd: M\u1ed9t lo\u1ea1i gin c\u00f3 m\u00e0u t\u00edm huy\u1ec1n di\u1ec7u v\u1edbi h\u01b0\u01a1ng v\u1ecb ng\u1ecdt ng\u00e0o t\u1eeb nh\u1eefng tr\u00e1i nho ch\u00edn m\u1ecdng.\\r\\nH\u1eb1ng n\u0103m, ch\u00fang t\u00f4i l\u1eb7p l\u1ea1i qu\u00e1 tr\u00ecnh n\u00e0y \u0111\u1ec3 t\u1ea1o ra m\u1ed9t s\u1ef1 pha tr\u1ed9n tuy\u1ec7t v\u1eddi c\u1ee7a h\u01b0\u01a1ng th\u00f4ng t\u01b0\u01a1i, cam chanh, gia v\u1ecb v\u00e0 qu\u1ea3 m\u00e2m x\u00f4i cay n\u1ed3ng - m\u1ed9t h\u1eadu \u1ecb ng\u1ecdt ng\u00e0o v\u00e0 ho\u00e0n h\u1ea3o v\u1edbi h\u01b0\u01a1ng b\u00e1ch x\u00f9 v\u00e0 gia v\u1ecb.\\r\\n\u0110\u00e2y ho\u00e0n to\u00e0n kh\u00f4ng ph\u1ea3i sloe gin, m\u00e0 l\u00e0 d\u00f2ng gin c\u00f3 h\u01b0\u01a1ng v\u1ecb \u0111\u1eadm \u0111\u00e0 v\u00e0 l\u00fd t\u01b0\u1edfng cho nhi\u1ec1u lo\u1ea1i cocktail:\\r\\n1.\\tBLOODY &amp; TONIC.\\r\\n2.\\tBLOODY SPRITZ.\\r\\n3.\\tBLOODY FLORADORA.\\r\\n4.\\tBLOODY JASMINE.\\r&quot;}\" data-sheets-userformat=\"{&quot;2&quot;:1057791,&quot;3&quot;:{&quot;1&quot;:0},&quot;4&quot;:{&quot;1&quot;:2,&quot;2&quot;:16776960},&quot;5&quot;:{&quot;1&quot;:[{&quot;1&quot;:2,&quot;2&quot;:0,&quot;5&quot;:{&quot;1&quot;:2,&quot;2&quot;:0}},{&quot;1&quot;:0,&quot;2&quot;:0,&quot;3&quot;:3},{&quot;1&quot;:1,&quot;2&quot;:0,&quot;4&quot;:1}]},&quot;6&quot;:{&quot;1&quot;:[{&quot;1&quot;:2,&quot;2&quot;:0,&quot;5&quot;:{&quot;1&quot;:2,&quot;2&quot;:0}},{&quot;1&quot;:0,&quot;2&quot;:0,&quot;3&quot;:3},{&quot;1&quot;:1,&quot;2&quot;:0,&quot;4&quot;:1}]},&quot;7&quot;:{&quot;1&quot;:[{&quot;1&quot;:2,&quot;2&quot;:0,&quot;5&quot;:{&quot;1&quot;:2,&quot;2&quot;:0}},{&quot;1&quot;:0,&quot;2&quot;:0,&quot;3&quot;:3},{&quot;1&quot;:1,&quot;2&quot;:0,&quot;4&quot;:1}]},&quot;8&quot;:{&quot;1&quot;:[{&quot;1&quot;:2,&quot;2&quot;:0,&quot;5&quot;:{&quot;1&quot;:2,&quot;2&quot;:0}},{&quot;1&quot;:0,&quot;2&quot;:0,&quot;3&quot;:3},{&quot;1&quot;:1,&quot;2&quot;:0,&quot;4&quot;:1}]},&quot;9&quot;:0,&quot;10&quot;:1,&quot;11&quot;:4,&quot;12&quot;:0,&quot;16&quot;:12,&quot;23&quot;:1}\"><br \/>\n\u0110\u00e2y ho\u00e0n to\u00e0n kh\u00f4ng ph\u1ea3i sloe gin, m\u00e0 l\u00e0 d\u00f2ng gin c\u00f3 h\u01b0\u01a1ng v\u1ecb \u0111\u1eadm \u0111\u00e0 v\u00e0 l\u00fd t\u01b0\u1edfng cho nhi\u1ec1u lo\u1ea1i cocktail:<\/span><\/p>\n<p><span data-sheets-root=\"1\" data-sheets-value=\"{&quot;1&quot;:2,&quot;2&quot;:&quot;V\u00e0o n\u0103m 2015, t\u1ea1i nh\u00e0 m\u00e1y ch\u01b0ng c\u1ea5t c\u1ee7a Four Pillars \u1edf thung l\u0169ng Yarra, Melbourne, ch\u00fang t\u00f4i \u0111\u00e3 ti\u1ebfn h\u00e0nh th\u1eed nghi\u1ec7m ng\u00e2m nho Shiraz \u0111\u1ecba ph\u01b0\u01a1ng v\u00e0o d\u00f2ng Rare Dry Gin.\\r\\nK\u1ebft qu\u1ea3 v\u00f4 c\u00f9ng b\u1ea5t ng\u1edd: M\u1ed9t lo\u1ea1i gin c\u00f3 m\u00e0u t\u00edm huy\u1ec1n di\u1ec7u v\u1edbi h\u01b0\u01a1ng v\u1ecb ng\u1ecdt ng\u00e0o t\u1eeb nh\u1eefng tr\u00e1i nho ch\u00edn m\u1ecdng.\\r\\nH\u1eb1ng n\u0103m, ch\u00fang t\u00f4i l\u1eb7p l\u1ea1i qu\u00e1 tr\u00ecnh n\u00e0y \u0111\u1ec3 t\u1ea1o ra m\u1ed9t s\u1ef1 pha tr\u1ed9n tuy\u1ec7t v\u1eddi c\u1ee7a h\u01b0\u01a1ng th\u00f4ng t\u01b0\u01a1i, cam chanh, gia v\u1ecb v\u00e0 qu\u1ea3 m\u00e2m x\u00f4i cay n\u1ed3ng - m\u1ed9t h\u1eadu \u1ecb ng\u1ecdt ng\u00e0o v\u00e0 ho\u00e0n h\u1ea3o v\u1edbi h\u01b0\u01a1ng b\u00e1ch x\u00f9 v\u00e0 gia v\u1ecb.\\r\\n\u0110\u00e2y ho\u00e0n to\u00e0n kh\u00f4ng ph\u1ea3i sloe gin, m\u00e0 l\u00e0 d\u00f2ng gin c\u00f3 h\u01b0\u01a1ng v\u1ecb \u0111\u1eadm \u0111\u00e0 v\u00e0 l\u00fd t\u01b0\u1edfng cho nhi\u1ec1u lo\u1ea1i cocktail:\\r\\n1.\\tBLOODY &amp; TONIC.\\r\\n2.\\tBLOODY SPRITZ.\\r\\n3.\\tBLOODY FLORADORA.\\r\\n4.\\tBLOODY JASMINE.\\r&quot;}\" data-sheets-userformat=\"{&quot;2&quot;:1057791,&quot;3&quot;:{&quot;1&quot;:0},&quot;4&quot;:{&quot;1&quot;:2,&quot;2&quot;:16776960},&quot;5&quot;:{&quot;1&quot;:[{&quot;1&quot;:2,&quot;2&quot;:0,&quot;5&quot;:{&quot;1&quot;:2,&quot;2&quot;:0}},{&quot;1&quot;:0,&quot;2&quot;:0,&quot;3&quot;:3},{&quot;1&quot;:1,&quot;2&quot;:0,&quot;4&quot;:1}]},&quot;6&quot;:{&quot;1&quot;:[{&quot;1&quot;:2,&quot;2&quot;:0,&quot;5&quot;:{&quot;1&quot;:2,&quot;2&quot;:0}},{&quot;1&quot;:0,&quot;2&quot;:0,&quot;3&quot;:3},{&quot;1&quot;:1,&quot;2&quot;:0,&quot;4&quot;:1}]},&quot;7&quot;:{&quot;1&quot;:[{&quot;1&quot;:2,&quot;2&quot;:0,&quot;5&quot;:{&quot;1&quot;:2,&quot;2&quot;:0}},{&quot;1&quot;:0,&quot;2&quot;:0,&quot;3&quot;:3},{&quot;1&quot;:1,&quot;2&quot;:0,&quot;4&quot;:1}]},&quot;8&quot;:{&quot;1&quot;:[{&quot;1&quot;:2,&quot;2&quot;:0,&quot;5&quot;:{&quot;1&quot;:2,&quot;2&quot;:0}},{&quot;1&quot;:0,&quot;2&quot;:0,&quot;3&quot;:3},{&quot;1&quot;:1,&quot;2&quot;:0,&quot;4&quot;:1}]},&quot;9&quot;:0,&quot;10&quot;:1,&quot;11&quot;:4,&quot;12&quot;:0,&quot;16&quot;:12,&quot;23&quot;:1}\">1. BLOODY &amp; TONIC.<br \/>\n2. BLOODY SPRITZ.<br \/>\n3. BLOODY FLORADORA.<br \/>\n4. BLOODY JASMINE. <\/span><\/p>\n","protected":false},"featured_media":8794,"comment_status":"open","ping_status":"closed","template":"","meta":{"_acf_changed":false},"product_cat":[52],"product_tag":[],"class_list":{"0":"post-828","1":"product","2":"type-product","3":"status-publish","4":"has-post-thumbnail","6":"product_cat-gin","7":"brand-four-pillars","9":"first","10":"instock","11":"shipping-taxable","12":"product-type-simple"},"acf":[],"yoast_head":"<!-- This site is optimized with the Yoast SEO plugin v23.0 - https:\/\/yoast.com\/wordpress\/plugins\/seo\/ -->\n<title>Four Pillars Bloody Shiraz Gin - Alchemy Asia<\/title>\n<meta name=\"robots\" content=\"index, follow, max-snippet:-1, max-image-preview:large, max-video-preview:-1\" \/>\n<link rel=\"canonical\" href=\"https:\/\/alchemy-asia.com\/vi\/san-pham\/four-pillars-bloody-shiraz-gin\/\" \/>\n<meta property=\"og:locale\" content=\"vi_VN\" \/>\n<meta property=\"og:type\" content=\"article\" \/>\n<meta property=\"og:title\" content=\"Four Pillars Bloody Shiraz Gin - Alchemy Asia\" \/>\n<meta property=\"og:description\" content=\"V\u00e0o n\u0103m 2015, t\u1ea1i nh\u00e0 m\u00e1y ch\u01b0ng c\u1ea5t c\u1ee7a Four Pillars \u1edf thung l\u0169ng Yarra, Melbourne, ch\u00fang t\u00f4i \u0111\u00e3 ti\u1ebfn h\u00e0nh th\u1eed nghi\u1ec7m ng\u00e2m nho Shiraz \u0111\u1ecba ph\u01b0\u01a1ng v\u00e0o d\u00f2ng Rare Dry Gin.   K\u1ebft qu\u1ea3 v\u00f4 c\u00f9ng b\u1ea5t ng\u1edd: M\u1ed9t lo\u1ea1i gin c\u00f3 m\u00e0u t\u00edm huy\u1ec1n di\u1ec7u v\u1edbi h\u01b0\u01a1ng v\u1ecb ng\u1ecdt ng\u00e0o t\u1eeb nh\u1eefng tr\u00e1i nho ch\u00edn m\u1ecdng. H\u1eb1ng n\u0103m, ch\u00fang t\u00f4i l\u1eb7p l\u1ea1i qu\u00e1 tr\u00ecnh n\u00e0y \u0111\u1ec3 t\u1ea1o ra m\u1ed9t s\u1ef1 pha tr\u1ed9n tuy\u1ec7t v\u1eddi c\u1ee7a h\u01b0\u01a1ng th\u00f4ng t\u01b0\u01a1i, cam chanh, gia v\u1ecb v\u00e0 qu\u1ea3 m\u00e2m x\u00f4i cay n\u1ed3ng - m\u1ed9t h\u1eadu \u1ecb ng\u1ecdt ng\u00e0o v\u00e0 ho\u00e0n h\u1ea3o v\u1edbi h\u01b0\u01a1ng b\u00e1ch x\u00f9 v\u00e0 gia v\u1ecb.   \u0110\u00e2y ho\u00e0n to\u00e0n kh\u00f4ng ph\u1ea3i sloe gin, m\u00e0 l\u00e0 d\u00f2ng gin c\u00f3 h\u01b0\u01a1ng v\u1ecb \u0111\u1eadm \u0111\u00e0 v\u00e0 l\u00fd t\u01b0\u1edfng cho nhi\u1ec1u lo\u1ea1i cocktail:  1. BLOODY &amp; TONIC. 2. BLOODY SPRITZ. 3. BLOODY FLORADORA. 4. BLOODY JASMINE.\" \/>\n<meta property=\"og:url\" content=\"https:\/\/alchemy-asia.com\/vi\/san-pham\/four-pillars-bloody-shiraz-gin\/\" \/>\n<meta property=\"og:site_name\" content=\"Alchemy Asia\" \/>\n<meta property=\"article:modified_time\" content=\"2024-07-22T03:55:46+00:00\" \/>\n<meta property=\"og:image\" content=\"https:\/\/alchemy-asia.com\/vi\/wp-content\/uploads\/sites\/3\/2017\/07\/4-Pillars-Bloody-Shiraz.png\" \/>\n\t<meta property=\"og:image:width\" content=\"2100\" \/>\n\t<meta property=\"og:image:height\" content=\"2100\" \/>\n\t<meta property=\"og:image:type\" content=\"image\/png\" \/>\n<meta name=\"twitter:card\" content=\"summary_large_image\" \/>\n<meta name=\"twitter:label1\" content=\"\u01af\u1edbc t\u00ednh th\u1eddi gian \u0111\u1ecdc\" \/>\n\t<meta name=\"twitter:data1\" content=\"1 ph\u00fat\" \/>\n<script type=\"application\/ld+json\" class=\"yoast-schema-graph\">{\"@context\":\"https:\/\/schema.org\",\"@graph\":[{\"@type\":\"WebPage\",\"@id\":\"https:\/\/alchemy-asia.com\/vi\/san-pham\/four-pillars-bloody-shiraz-gin\/\",\"url\":\"https:\/\/alchemy-asia.com\/vi\/san-pham\/four-pillars-bloody-shiraz-gin\/\",\"name\":\"Four Pillars Bloody Shiraz Gin - Alchemy Asia\",\"isPartOf\":{\"@id\":\"https:\/\/alchemy-asia.com\/vi\/#website\"},\"primaryImageOfPage\":{\"@id\":\"https:\/\/alchemy-asia.com\/vi\/san-pham\/four-pillars-bloody-shiraz-gin\/#primaryimage\"},\"image\":{\"@id\":\"https:\/\/alchemy-asia.com\/vi\/san-pham\/four-pillars-bloody-shiraz-gin\/#primaryimage\"},\"thumbnailUrl\":\"https:\/\/alchemy-asia.com\/vi\/wp-content\/uploads\/sites\/3\/2017\/07\/4-Pillars-Bloody-Shiraz.png\",\"datePublished\":\"2017-07-26T03:00:54+00:00\",\"dateModified\":\"2024-07-22T03:55:46+00:00\",\"breadcrumb\":{\"@id\":\"https:\/\/alchemy-asia.com\/vi\/san-pham\/four-pillars-bloody-shiraz-gin\/#breadcrumb\"},\"inLanguage\":\"vi\",\"potentialAction\":[{\"@type\":\"ReadAction\",\"target\":[\"https:\/\/alchemy-asia.com\/vi\/san-pham\/four-pillars-bloody-shiraz-gin\/\"]}]},{\"@type\":\"ImageObject\",\"inLanguage\":\"vi\",\"@id\":\"https:\/\/alchemy-asia.com\/vi\/san-pham\/four-pillars-bloody-shiraz-gin\/#primaryimage\",\"url\":\"https:\/\/alchemy-asia.com\/vi\/wp-content\/uploads\/sites\/3\/2017\/07\/4-Pillars-Bloody-Shiraz.png\",\"contentUrl\":\"https:\/\/alchemy-asia.com\/vi\/wp-content\/uploads\/sites\/3\/2017\/07\/4-Pillars-Bloody-Shiraz.png\",\"width\":2100,\"height\":2100,\"caption\":\"4 Pillars Bloody Shiraz\"},{\"@type\":\"BreadcrumbList\",\"@id\":\"https:\/\/alchemy-asia.com\/vi\/san-pham\/four-pillars-bloody-shiraz-gin\/#breadcrumb\",\"itemListElement\":[{\"@type\":\"ListItem\",\"position\":1,\"name\":\"Home\",\"item\":\"https:\/\/alchemy-asia.com\/vi\/\"},{\"@type\":\"ListItem\",\"position\":2,\"name\":\"Four Pillars Bloody Shiraz Gin\"}]},{\"@type\":\"WebSite\",\"@id\":\"https:\/\/alchemy-asia.com\/vi\/#website\",\"url\":\"https:\/\/alchemy-asia.com\/vi\/\",\"name\":\"Alchemy Asia\",\"description\":\"Just another Alchemy Asia Sites site\",\"potentialAction\":[{\"@type\":\"SearchAction\",\"target\":{\"@type\":\"EntryPoint\",\"urlTemplate\":\"https:\/\/alchemy-asia.com\/vi\/?s={search_term_string}\"},\"query-input\":\"required name=search_term_string\"}],\"inLanguage\":\"vi\"}]}<\/script>\n<!-- \/ Yoast SEO plugin. -->","yoast_head_json":{"title":"Four Pillars Bloody Shiraz Gin - Alchemy Asia","robots":{"index":"index","follow":"follow","max-snippet":"max-snippet:-1","max-image-preview":"max-image-preview:large","max-video-preview":"max-video-preview:-1"},"canonical":"https:\/\/alchemy-asia.com\/vi\/san-pham\/four-pillars-bloody-shiraz-gin\/","og_locale":"vi_VN","og_type":"article","og_title":"Four Pillars Bloody Shiraz Gin - Alchemy Asia","og_description":"V\u00e0o n\u0103m 2015, t\u1ea1i nh\u00e0 m\u00e1y ch\u01b0ng c\u1ea5t c\u1ee7a Four Pillars \u1edf thung l\u0169ng Yarra, Melbourne, ch\u00fang t\u00f4i \u0111\u00e3 ti\u1ebfn h\u00e0nh th\u1eed nghi\u1ec7m ng\u00e2m nho Shiraz \u0111\u1ecba ph\u01b0\u01a1ng v\u00e0o d\u00f2ng Rare Dry Gin.   K\u1ebft qu\u1ea3 v\u00f4 c\u00f9ng b\u1ea5t ng\u1edd: M\u1ed9t lo\u1ea1i gin c\u00f3 m\u00e0u t\u00edm huy\u1ec1n di\u1ec7u v\u1edbi h\u01b0\u01a1ng v\u1ecb ng\u1ecdt ng\u00e0o t\u1eeb nh\u1eefng tr\u00e1i nho ch\u00edn m\u1ecdng. H\u1eb1ng n\u0103m, ch\u00fang t\u00f4i l\u1eb7p l\u1ea1i qu\u00e1 tr\u00ecnh n\u00e0y \u0111\u1ec3 t\u1ea1o ra m\u1ed9t s\u1ef1 pha tr\u1ed9n tuy\u1ec7t v\u1eddi c\u1ee7a h\u01b0\u01a1ng th\u00f4ng t\u01b0\u01a1i, cam chanh, gia v\u1ecb v\u00e0 qu\u1ea3 m\u00e2m x\u00f4i cay n\u1ed3ng - m\u1ed9t h\u1eadu \u1ecb ng\u1ecdt ng\u00e0o v\u00e0 ho\u00e0n h\u1ea3o v\u1edbi h\u01b0\u01a1ng b\u00e1ch x\u00f9 v\u00e0 gia v\u1ecb.   \u0110\u00e2y ho\u00e0n to\u00e0n kh\u00f4ng ph\u1ea3i sloe gin, m\u00e0 l\u00e0 d\u00f2ng gin c\u00f3 h\u01b0\u01a1ng v\u1ecb \u0111\u1eadm \u0111\u00e0 v\u00e0 l\u00fd t\u01b0\u1edfng cho nhi\u1ec1u lo\u1ea1i cocktail:  1. BLOODY &amp; TONIC. 2. BLOODY SPRITZ. 3. BLOODY FLORADORA. 4. BLOODY JASMINE.","og_url":"https:\/\/alchemy-asia.com\/vi\/san-pham\/four-pillars-bloody-shiraz-gin\/","og_site_name":"Alchemy Asia","article_modified_time":"2024-07-22T03:55:46+00:00","og_image":[{"width":2100,"height":2100,"url":"https:\/\/alchemy-asia.com\/vi\/wp-content\/uploads\/sites\/3\/2017\/07\/4-Pillars-Bloody-Shiraz.png","type":"image\/png"}],"twitter_card":"summary_large_image","twitter_misc":{"\u01af\u1edbc t\u00ednh th\u1eddi gian \u0111\u1ecdc":"1 ph\u00fat"},"schema":{"@context":"https:\/\/schema.org","@graph":[{"@type":"WebPage","@id":"https:\/\/alchemy-asia.com\/vi\/san-pham\/four-pillars-bloody-shiraz-gin\/","url":"https:\/\/alchemy-asia.com\/vi\/san-pham\/four-pillars-bloody-shiraz-gin\/","name":"Four Pillars Bloody Shiraz Gin - Alchemy Asia","isPartOf":{"@id":"https:\/\/alchemy-asia.com\/vi\/#website"},"primaryImageOfPage":{"@id":"https:\/\/alchemy-asia.com\/vi\/san-pham\/four-pillars-bloody-shiraz-gin\/#primaryimage"},"image":{"@id":"https:\/\/alchemy-asia.com\/vi\/san-pham\/four-pillars-bloody-shiraz-gin\/#primaryimage"},"thumbnailUrl":"https:\/\/alchemy-asia.com\/vi\/wp-content\/uploads\/sites\/3\/2017\/07\/4-Pillars-Bloody-Shiraz.png","datePublished":"2017-07-26T03:00:54+00:00","dateModified":"2024-07-22T03:55:46+00:00","breadcrumb":{"@id":"https:\/\/alchemy-asia.com\/vi\/san-pham\/four-pillars-bloody-shiraz-gin\/#breadcrumb"},"inLanguage":"vi","potentialAction":[{"@type":"ReadAction","target":["https:\/\/alchemy-asia.com\/vi\/san-pham\/four-pillars-bloody-shiraz-gin\/"]}]},{"@type":"ImageObject","inLanguage":"vi","@id":"https:\/\/alchemy-asia.com\/vi\/san-pham\/four-pillars-bloody-shiraz-gin\/#primaryimage","url":"https:\/\/alchemy-asia.com\/vi\/wp-content\/uploads\/sites\/3\/2017\/07\/4-Pillars-Bloody-Shiraz.png","contentUrl":"https:\/\/alchemy-asia.com\/vi\/wp-content\/uploads\/sites\/3\/2017\/07\/4-Pillars-Bloody-Shiraz.png","width":2100,"height":2100,"caption":"4 Pillars Bloody Shiraz"},{"@type":"BreadcrumbList","@id":"https:\/\/alchemy-asia.com\/vi\/san-pham\/four-pillars-bloody-shiraz-gin\/#breadcrumb","itemListElement":[{"@type":"ListItem","position":1,"name":"Home","item":"https:\/\/alchemy-asia.com\/vi\/"},{"@type":"ListItem","position":2,"name":"Four Pillars Bloody Shiraz Gin"}]},{"@type":"WebSite","@id":"https:\/\/alchemy-asia.com\/vi\/#website","url":"https:\/\/alchemy-asia.com\/vi\/","name":"Alchemy Asia","description":"Just another Alchemy Asia Sites site","potentialAction":[{"@type":"SearchAction","target":{"@type":"EntryPoint","urlTemplate":"https:\/\/alchemy-asia.com\/vi\/?s={search_term_string}"},"query-input":"required name=search_term_string"}],"inLanguage":"vi"}]}},"_links":{"self":[{"href":"https:\/\/alchemy-asia.com\/vi\/wp-json\/wp\/v2\/product\/828","targetHints":{"allow":["GET"]}}],"collection":[{"href":"https:\/\/alchemy-asia.com\/vi\/wp-json\/wp\/v2\/product"}],"about":[{"href":"https:\/\/alchemy-asia.com\/vi\/wp-json\/wp\/v2\/types\/product"}],"replies":[{"embeddable":true,"href":"https:\/\/alchemy-asia.com\/vi\/wp-json\/wp\/v2\/comments?post=828"}],"wp:featuredmedia":[{"embeddable":true,"href":"https:\/\/alchemy-asia.com\/vi\/wp-json\/wp\/v2\/media\/8794"}],"wp:attachment":[{"href":"https:\/\/alchemy-asia.com\/vi\/wp-json\/wp\/v2\/media?parent=828"}],"wp:term":[{"taxonomy":"product_cat","embeddable":true,"href":"https:\/\/alchemy-asia.com\/vi\/wp-json\/wp\/v2\/product_cat?post=828"},{"taxonomy":"product_tag","embeddable":true,"href":"https:\/\/alchemy-asia.com\/vi\/wp-json\/wp\/v2\/product_tag?post=828"}],"curies":[{"name":"wp","href":"https:\/\/api.w.org\/{rel}","templated":true}]}}