{"id":8378,"date":"2024-09-10T08:38:24","date_gmt":"2024-09-10T08:38:24","guid":{"rendered":"https:\/\/alchemy-asia.com\/vi\/?post_type=product&#038;p=8378"},"modified":"2024-09-10T08:38:24","modified_gmt":"2024-09-10T08:38:24","slug":"1800-milenio","status":"publish","type":"product","link":"https:\/\/alchemy-asia.com\/vi\/san-pham\/1800-milenio\/","title":{"rendered":"1800 Milenio"},"content":{"rendered":"","protected":false},"excerpt":{"rendered":"<p>1800 Milenio l\u00e0 s\u1ef1 k\u1ebft h\u1ee3p tinh t\u1ebf gi\u1eefa 250 n\u0103m l\u1ecbch s\u1eed v\u00e0 11 th\u1ebf h\u1ec7 chuy\u00ean gia trong m\u1ed9t gia \u0111\u00ecnh ti\u00ean phong v\u1ec1 ch\u01b0ng c\u1ea5t r\u01b0\u1ee3u tequila. Qu\u00e1 tr\u00ecnh ch\u1ebf t\u00e1c kh\u1edfi \u0111\u1ea7u t\u1eeb 100% c\u00e2y th\u00f9a xanh v\u00e0o th\u1eddi \u0111i\u1ec3m ch\u00edn mu\u1ed3i. Sau khi thu ho\u1ea1ch ngu\u1ed3n nguy\u00ean li\u1ec7u n\u00e0y \u0111\u01b0\u1ee3c h\u00e1p k\u1ef9 c\u00e0ng 36 ti\u1ebfng trong l\u00f2 g\u1ea1ch truy\u1ec1n th\u1ed1ng nh\u1eb1m \u0111at \u0111\u01b0\u1ee3c h\u01b0\u01a1ng v\u1ecb m\u1eadt ong \u0111\u1ea7m \u0111\u00e0, tr\u01b0\u1edbc khi \u0111\u01b0a v\u00e0o n\u1ed3i \u0111\u1ed3ng. Sau khi \u1ee7 trong th\u00f9ng g\u1ed7 s\u1ed3i M\u1ef9 su\u1ed1t 40 th\u00e1ng, c\u00e1c chuy\u00ean gia th\u1ef1c hi\u1ec7n b\u01b0\u1edbc tinh l\u1ecdc cu\u1ed1i c\u00f9ng \u0111\u1ec3 ch\u1ecdn ra m\u1ebb r\u01b0\u1ee3u ho\u00e0n h\u1ea3o nh\u1ea5t. M\u1ebb r\u01b0\u1ee3u n\u00e0y s\u1ebd \u0111\u01b0\u1ee3c \u1ee7 th\u00eam 4 th\u00e1ng trong th\u00f9ng g\u1ed7 s\u1ed3i \u0111\u00e3 t\u1eebng \u1ee7 r\u01b0\u1ee3u cognac c\u1ee7a Ph\u00e1p. Qu\u00e1 tr\u00ecnh l\u00e0m r\u01b0\u1ee3u \u0111\u1ea7y t\u1ec9 m\u1ec9 n\u00e0y \u0111\u00e3 g\u00f3p ph\u1ea7n tao n\u00ean s\u1ef1 \u0111\u1ed9c \u0111\u00e1o v\u00e0 ph\u1ee9c h\u1ee3p cho d\u00f2ng r\u01b0\u1ee3u 1800 Milenio.<\/p>\n","protected":false},"featured_media":8385,"comment_status":"open","ping_status":"closed","template":"","meta":{"_acf_changed":false},"product_cat":[60],"product_tag":[],"class_list":{"0":"post-8378","1":"product","2":"type-product","3":"status-publish","4":"has-post-thumbnail","6":"product_cat-tequila","7":"brand-1800-tequila","9":"first","10":"instock","11":"shipping-taxable","12":"product-type-simple"},"acf":[],"yoast_head":"<!-- This site is optimized with the Yoast SEO plugin v23.0 - https:\/\/yoast.com\/wordpress\/plugins\/seo\/ -->\n<title>1800 Milenio - Alchemy Asia<\/title>\n<meta name=\"robots\" content=\"index, follow, max-snippet:-1, max-image-preview:large, max-video-preview:-1\" \/>\n<link rel=\"canonical\" href=\"https:\/\/alchemy-asia.com\/vi\/san-pham\/1800-milenio\/\" \/>\n<meta property=\"og:locale\" content=\"vi_VN\" \/>\n<meta property=\"og:type\" content=\"article\" \/>\n<meta property=\"og:title\" content=\"1800 Milenio - Alchemy Asia\" \/>\n<meta property=\"og:description\" content=\"1800 Milenio l\u00e0 s\u1ef1 k\u1ebft h\u1ee3p tinh t\u1ebf gi\u1eefa 250 n\u0103m l\u1ecbch s\u1eed v\u00e0 11 th\u1ebf h\u1ec7 chuy\u00ean gia trong m\u1ed9t gia \u0111\u00ecnh ti\u00ean phong v\u1ec1 ch\u01b0ng c\u1ea5t r\u01b0\u1ee3u tequila. Qu\u00e1 tr\u00ecnh ch\u1ebf t\u00e1c kh\u1edfi \u0111\u1ea7u t\u1eeb 100% c\u00e2y th\u00f9a xanh v\u00e0o th\u1eddi \u0111i\u1ec3m ch\u00edn mu\u1ed3i. Sau khi thu ho\u1ea1ch ngu\u1ed3n nguy\u00ean li\u1ec7u n\u00e0y \u0111\u01b0\u1ee3c h\u00e1p k\u1ef9 c\u00e0ng 36 ti\u1ebfng trong l\u00f2 g\u1ea1ch truy\u1ec1n th\u1ed1ng nh\u1eb1m \u0111at \u0111\u01b0\u1ee3c h\u01b0\u01a1ng v\u1ecb m\u1eadt ong \u0111\u1ea7m \u0111\u00e0, tr\u01b0\u1edbc khi \u0111\u01b0a v\u00e0o n\u1ed3i \u0111\u1ed3ng. Sau khi \u1ee7 trong th\u00f9ng g\u1ed7 s\u1ed3i M\u1ef9 su\u1ed1t 40 th\u00e1ng, c\u00e1c chuy\u00ean gia th\u1ef1c hi\u1ec7n b\u01b0\u1edbc tinh l\u1ecdc cu\u1ed1i c\u00f9ng \u0111\u1ec3 ch\u1ecdn ra m\u1ebb r\u01b0\u1ee3u ho\u00e0n h\u1ea3o nh\u1ea5t. M\u1ebb r\u01b0\u1ee3u n\u00e0y s\u1ebd \u0111\u01b0\u1ee3c \u1ee7 th\u00eam 4 th\u00e1ng trong th\u00f9ng g\u1ed7 s\u1ed3i \u0111\u00e3 t\u1eebng \u1ee7 r\u01b0\u1ee3u cognac c\u1ee7a Ph\u00e1p. Qu\u00e1 tr\u00ecnh l\u00e0m r\u01b0\u1ee3u \u0111\u1ea7y t\u1ec9 m\u1ec9 n\u00e0y \u0111\u00e3 g\u00f3p ph\u1ea7n tao n\u00ean s\u1ef1 \u0111\u1ed9c \u0111\u00e1o v\u00e0 ph\u1ee9c h\u1ee3p cho d\u00f2ng r\u01b0\u1ee3u 1800 Milenio.\" \/>\n<meta property=\"og:url\" content=\"https:\/\/alchemy-asia.com\/vi\/san-pham\/1800-milenio\/\" \/>\n<meta property=\"og:site_name\" content=\"Alchemy Asia\" \/>\n<meta property=\"og:image\" content=\"https:\/\/alchemy-asia.com\/vi\/wp-content\/uploads\/sites\/3\/2024\/07\/1800-Melanio.png\" \/>\n\t<meta property=\"og:image:width\" content=\"2100\" \/>\n\t<meta property=\"og:image:height\" content=\"2100\" \/>\n\t<meta property=\"og:image:type\" content=\"image\/png\" \/>\n<meta name=\"twitter:card\" content=\"summary_large_image\" \/>\n<meta name=\"twitter:label1\" content=\"\u01af\u1edbc t\u00ednh th\u1eddi gian \u0111\u1ecdc\" \/>\n\t<meta name=\"twitter:data1\" content=\"1 ph\u00fat\" \/>\n<script type=\"application\/ld+json\" class=\"yoast-schema-graph\">{\"@context\":\"https:\/\/schema.org\",\"@graph\":[{\"@type\":\"WebPage\",\"@id\":\"https:\/\/alchemy-asia.com\/vi\/san-pham\/1800-milenio\/\",\"url\":\"https:\/\/alchemy-asia.com\/vi\/san-pham\/1800-milenio\/\",\"name\":\"1800 Milenio - Alchemy Asia\",\"isPartOf\":{\"@id\":\"https:\/\/alchemy-asia.com\/vi\/#website\"},\"primaryImageOfPage\":{\"@id\":\"https:\/\/alchemy-asia.com\/vi\/san-pham\/1800-milenio\/#primaryimage\"},\"image\":{\"@id\":\"https:\/\/alchemy-asia.com\/vi\/san-pham\/1800-milenio\/#primaryimage\"},\"thumbnailUrl\":\"https:\/\/alchemy-asia.com\/vi\/wp-content\/uploads\/sites\/3\/2024\/07\/1800-Melanio.png\",\"datePublished\":\"2024-09-10T08:38:24+00:00\",\"dateModified\":\"2024-09-10T08:38:24+00:00\",\"breadcrumb\":{\"@id\":\"https:\/\/alchemy-asia.com\/vi\/san-pham\/1800-milenio\/#breadcrumb\"},\"inLanguage\":\"vi\",\"potentialAction\":[{\"@type\":\"ReadAction\",\"target\":[\"https:\/\/alchemy-asia.com\/vi\/san-pham\/1800-milenio\/\"]}]},{\"@type\":\"ImageObject\",\"inLanguage\":\"vi\",\"@id\":\"https:\/\/alchemy-asia.com\/vi\/san-pham\/1800-milenio\/#primaryimage\",\"url\":\"https:\/\/alchemy-asia.com\/vi\/wp-content\/uploads\/sites\/3\/2024\/07\/1800-Melanio.png\",\"contentUrl\":\"https:\/\/alchemy-asia.com\/vi\/wp-content\/uploads\/sites\/3\/2024\/07\/1800-Melanio.png\",\"width\":2100,\"height\":2100,\"caption\":\"1800 Melanio\"},{\"@type\":\"BreadcrumbList\",\"@id\":\"https:\/\/alchemy-asia.com\/vi\/san-pham\/1800-milenio\/#breadcrumb\",\"itemListElement\":[{\"@type\":\"ListItem\",\"position\":1,\"name\":\"Home\",\"item\":\"https:\/\/alchemy-asia.com\/vi\/\"},{\"@type\":\"ListItem\",\"position\":2,\"name\":\"1800 Milenio\"}]},{\"@type\":\"WebSite\",\"@id\":\"https:\/\/alchemy-asia.com\/vi\/#website\",\"url\":\"https:\/\/alchemy-asia.com\/vi\/\",\"name\":\"Alchemy Asia\",\"description\":\"Just another Alchemy Asia Sites site\",\"potentialAction\":[{\"@type\":\"SearchAction\",\"target\":{\"@type\":\"EntryPoint\",\"urlTemplate\":\"https:\/\/alchemy-asia.com\/vi\/?s={search_term_string}\"},\"query-input\":\"required name=search_term_string\"}],\"inLanguage\":\"vi\"}]}<\/script>\n<!-- \/ Yoast SEO plugin. -->","yoast_head_json":{"title":"1800 Milenio - Alchemy Asia","robots":{"index":"index","follow":"follow","max-snippet":"max-snippet:-1","max-image-preview":"max-image-preview:large","max-video-preview":"max-video-preview:-1"},"canonical":"https:\/\/alchemy-asia.com\/vi\/san-pham\/1800-milenio\/","og_locale":"vi_VN","og_type":"article","og_title":"1800 Milenio - Alchemy Asia","og_description":"1800 Milenio l\u00e0 s\u1ef1 k\u1ebft h\u1ee3p tinh t\u1ebf gi\u1eefa 250 n\u0103m l\u1ecbch s\u1eed v\u00e0 11 th\u1ebf h\u1ec7 chuy\u00ean gia trong m\u1ed9t gia \u0111\u00ecnh ti\u00ean phong v\u1ec1 ch\u01b0ng c\u1ea5t r\u01b0\u1ee3u tequila. Qu\u00e1 tr\u00ecnh ch\u1ebf t\u00e1c kh\u1edfi \u0111\u1ea7u t\u1eeb 100% c\u00e2y th\u00f9a xanh v\u00e0o th\u1eddi \u0111i\u1ec3m ch\u00edn mu\u1ed3i. Sau khi thu ho\u1ea1ch ngu\u1ed3n nguy\u00ean li\u1ec7u n\u00e0y \u0111\u01b0\u1ee3c h\u00e1p k\u1ef9 c\u00e0ng 36 ti\u1ebfng trong l\u00f2 g\u1ea1ch truy\u1ec1n th\u1ed1ng nh\u1eb1m \u0111at \u0111\u01b0\u1ee3c h\u01b0\u01a1ng v\u1ecb m\u1eadt ong \u0111\u1ea7m \u0111\u00e0, tr\u01b0\u1edbc khi \u0111\u01b0a v\u00e0o n\u1ed3i \u0111\u1ed3ng. Sau khi \u1ee7 trong th\u00f9ng g\u1ed7 s\u1ed3i M\u1ef9 su\u1ed1t 40 th\u00e1ng, c\u00e1c chuy\u00ean gia th\u1ef1c hi\u1ec7n b\u01b0\u1edbc tinh l\u1ecdc cu\u1ed1i c\u00f9ng \u0111\u1ec3 ch\u1ecdn ra m\u1ebb r\u01b0\u1ee3u ho\u00e0n h\u1ea3o nh\u1ea5t. M\u1ebb r\u01b0\u1ee3u n\u00e0y s\u1ebd \u0111\u01b0\u1ee3c \u1ee7 th\u00eam 4 th\u00e1ng trong th\u00f9ng g\u1ed7 s\u1ed3i \u0111\u00e3 t\u1eebng \u1ee7 r\u01b0\u1ee3u cognac c\u1ee7a Ph\u00e1p. Qu\u00e1 tr\u00ecnh l\u00e0m r\u01b0\u1ee3u \u0111\u1ea7y t\u1ec9 m\u1ec9 n\u00e0y \u0111\u00e3 g\u00f3p ph\u1ea7n tao n\u00ean s\u1ef1 \u0111\u1ed9c \u0111\u00e1o v\u00e0 ph\u1ee9c h\u1ee3p cho d\u00f2ng r\u01b0\u1ee3u 1800 Milenio.","og_url":"https:\/\/alchemy-asia.com\/vi\/san-pham\/1800-milenio\/","og_site_name":"Alchemy Asia","og_image":[{"width":2100,"height":2100,"url":"https:\/\/alchemy-asia.com\/vi\/wp-content\/uploads\/sites\/3\/2024\/07\/1800-Melanio.png","type":"image\/png"}],"twitter_card":"summary_large_image","twitter_misc":{"\u01af\u1edbc t\u00ednh th\u1eddi gian \u0111\u1ecdc":"1 ph\u00fat"},"schema":{"@context":"https:\/\/schema.org","@graph":[{"@type":"WebPage","@id":"https:\/\/alchemy-asia.com\/vi\/san-pham\/1800-milenio\/","url":"https:\/\/alchemy-asia.com\/vi\/san-pham\/1800-milenio\/","name":"1800 Milenio - Alchemy Asia","isPartOf":{"@id":"https:\/\/alchemy-asia.com\/vi\/#website"},"primaryImageOfPage":{"@id":"https:\/\/alchemy-asia.com\/vi\/san-pham\/1800-milenio\/#primaryimage"},"image":{"@id":"https:\/\/alchemy-asia.com\/vi\/san-pham\/1800-milenio\/#primaryimage"},"thumbnailUrl":"https:\/\/alchemy-asia.com\/vi\/wp-content\/uploads\/sites\/3\/2024\/07\/1800-Melanio.png","datePublished":"2024-09-10T08:38:24+00:00","dateModified":"2024-09-10T08:38:24+00:00","breadcrumb":{"@id":"https:\/\/alchemy-asia.com\/vi\/san-pham\/1800-milenio\/#breadcrumb"},"inLanguage":"vi","potentialAction":[{"@type":"ReadAction","target":["https:\/\/alchemy-asia.com\/vi\/san-pham\/1800-milenio\/"]}]},{"@type":"ImageObject","inLanguage":"vi","@id":"https:\/\/alchemy-asia.com\/vi\/san-pham\/1800-milenio\/#primaryimage","url":"https:\/\/alchemy-asia.com\/vi\/wp-content\/uploads\/sites\/3\/2024\/07\/1800-Melanio.png","contentUrl":"https:\/\/alchemy-asia.com\/vi\/wp-content\/uploads\/sites\/3\/2024\/07\/1800-Melanio.png","width":2100,"height":2100,"caption":"1800 Melanio"},{"@type":"BreadcrumbList","@id":"https:\/\/alchemy-asia.com\/vi\/san-pham\/1800-milenio\/#breadcrumb","itemListElement":[{"@type":"ListItem","position":1,"name":"Home","item":"https:\/\/alchemy-asia.com\/vi\/"},{"@type":"ListItem","position":2,"name":"1800 Milenio"}]},{"@type":"WebSite","@id":"https:\/\/alchemy-asia.com\/vi\/#website","url":"https:\/\/alchemy-asia.com\/vi\/","name":"Alchemy Asia","description":"Just another Alchemy Asia Sites site","potentialAction":[{"@type":"SearchAction","target":{"@type":"EntryPoint","urlTemplate":"https:\/\/alchemy-asia.com\/vi\/?s={search_term_string}"},"query-input":"required name=search_term_string"}],"inLanguage":"vi"}]}},"_links":{"self":[{"href":"https:\/\/alchemy-asia.com\/vi\/wp-json\/wp\/v2\/product\/8378","targetHints":{"allow":["GET"]}}],"collection":[{"href":"https:\/\/alchemy-asia.com\/vi\/wp-json\/wp\/v2\/product"}],"about":[{"href":"https:\/\/alchemy-asia.com\/vi\/wp-json\/wp\/v2\/types\/product"}],"replies":[{"embeddable":true,"href":"https:\/\/alchemy-asia.com\/vi\/wp-json\/wp\/v2\/comments?post=8378"}],"wp:featuredmedia":[{"embeddable":true,"href":"https:\/\/alchemy-asia.com\/vi\/wp-json\/wp\/v2\/media\/8385"}],"wp:attachment":[{"href":"https:\/\/alchemy-asia.com\/vi\/wp-json\/wp\/v2\/media?parent=8378"}],"wp:term":[{"taxonomy":"product_cat","embeddable":true,"href":"https:\/\/alchemy-asia.com\/vi\/wp-json\/wp\/v2\/product_cat?post=8378"},{"taxonomy":"product_tag","embeddable":true,"href":"https:\/\/alchemy-asia.com\/vi\/wp-json\/wp\/v2\/product_tag?post=8378"}],"curies":[{"name":"wp","href":"https:\/\/api.w.org\/{rel}","templated":true}]}}