{"id":8390,"date":"2024-09-10T08:38:16","date_gmt":"2024-09-10T08:38:16","guid":{"rendered":"https:\/\/alchemy-asia.com\/vi\/?post_type=product&#038;p=8390"},"modified":"2024-09-10T08:38:16","modified_gmt":"2024-09-10T08:38:16","slug":"aperol","status":"publish","type":"product","link":"https:\/\/alchemy-asia.com\/vi\/san-pham\/aperol\/","title":{"rendered":"Aperol"},"content":{"rendered":"","protected":false},"excerpt":{"rendered":"<p><span data-sheets-root=\"1\" data-sheets-value=\"{&quot;1&quot;:2,&quot;2&quot;:&quot;V\u1edbi s\u1eafc cam r\u1ef1c r\u1ee1, Aperol s\u1edf h\u1eefu v\u1ecb \u0111\u1eafng ng\u1ecdt kh\u00f4ng th\u1ec3 nh\u1ea7m l\u1eabn b\u1eaft ngu\u1ed3n\\nt\u1eeb m\u1ed9t c\u00f4ng th\u1ee9c b\u00ed m\u1eadt ch\u01b0a t\u1eebng thay \u0111\u1ed5i k\u1ec3 t\u1eeb nh\u1eefng ng\u00e0y \u0111\u1ea7u ti\u00ean. V\u1edbi s\u1ef1\\nk\u1ebft h\u1ee3p ho\u00e0n h\u1ea3o gi\u1eefa c\u00e1c lo\u1ea1i th\u1ea3o m\u1ed9c, r\u1ec5 c\u00e2y v\u00e0 \u0111\u1ed9 c\u1ed3n d\u1ecbu nh\u1eb9, Aperol\\n\u0111\u00e1nh th\u1ee9c gi\u00e1c quan v\u1edbi tho\u1ea3ng v\u1ecb cam c\u00f9ng c\u00e1i ch\u1ea1m nh\u1eb9 c\u1ee7a m\u00f9i th\u00e2n g\u1ed7.\\nD\u01b0 v\u1ecb \u0111\u1ec3 l\u1ea1i t\u1eeb h\u01b0\u01a1ng th\u1ea3o d\u01b0\u1ee3c t\u1ea1o c\u1ea3m gi\u00e1c s\u1ea3ng kho\u00e1i v\u00e0 d\u1ec5 ch\u1ecbu.&quot;}\" data-sheets-userformat=\"{&quot;2&quot;:1057791,&quot;3&quot;:{&quot;1&quot;:0},&quot;4&quot;:{&quot;1&quot;:2,&quot;2&quot;:16776960},&quot;5&quot;:{&quot;1&quot;:[{&quot;1&quot;:2,&quot;2&quot;:0,&quot;5&quot;:{&quot;1&quot;:2,&quot;2&quot;:0}},{&quot;1&quot;:0,&quot;2&quot;:0,&quot;3&quot;:3},{&quot;1&quot;:1,&quot;2&quot;:0,&quot;4&quot;:1}]},&quot;6&quot;:{&quot;1&quot;:[{&quot;1&quot;:2,&quot;2&quot;:0,&quot;5&quot;:{&quot;1&quot;:2,&quot;2&quot;:0}},{&quot;1&quot;:0,&quot;2&quot;:0,&quot;3&quot;:3},{&quot;1&quot;:1,&quot;2&quot;:0,&quot;4&quot;:1}]},&quot;7&quot;:{&quot;1&quot;:[{&quot;1&quot;:2,&quot;2&quot;:0,&quot;5&quot;:{&quot;1&quot;:2,&quot;2&quot;:0}},{&quot;1&quot;:0,&quot;2&quot;:0,&quot;3&quot;:3},{&quot;1&quot;:1,&quot;2&quot;:0,&quot;4&quot;:1}]},&quot;8&quot;:{&quot;1&quot;:[{&quot;1&quot;:2,&quot;2&quot;:0,&quot;5&quot;:{&quot;1&quot;:2,&quot;2&quot;:0}},{&quot;1&quot;:0,&quot;2&quot;:0,&quot;3&quot;:3},{&quot;1&quot;:1,&quot;2&quot;:0,&quot;4&quot;:1}]},&quot;9&quot;:0,&quot;10&quot;:1,&quot;11&quot;:4,&quot;12&quot;:0,&quot;16&quot;:13,&quot;23&quot;:1}\">V\u1edbi s\u1eafc cam r\u1ef1c r\u1ee1, Aperol s\u1edf h\u1eefu v\u1ecb \u0111\u1eafng ng\u1ecdt kh\u00f4ng th\u1ec3 nh\u1ea7m l\u1eabn b\u1eaft ngu\u1ed3n t\u1eeb m\u1ed9t c\u00f4ng th\u1ee9c b\u00ed m\u1eadt ch\u01b0a t\u1eebng thay \u0111\u1ed5i k\u1ec3 t\u1eeb nh\u1eefng ng\u00e0y \u0111\u1ea7u ti\u00ean. V\u1edbi s\u1ef1 k\u1ebft h\u1ee3p ho\u00e0n h\u1ea3o gi\u1eefa c\u00e1c lo\u1ea1i th\u1ea3o m\u1ed9c, r\u1ec5 c\u00e2y v\u00e0 \u0111\u1ed9 c\u1ed3n d\u1ecbu nh\u1eb9, Aperol \u0111\u00e1nh th\u1ee9c gi\u00e1c quan v\u1edbi tho\u1ea3ng v\u1ecb cam c\u00f9ng c\u00e1i ch\u1ea1m nh\u1eb9 c\u1ee7a m\u00f9i th\u00e2n g\u1ed7. D\u01b0 v\u1ecb \u0111\u1ec3 l\u1ea1i t\u1eeb h\u01b0\u01a1ng th\u1ea3o d\u01b0\u1ee3c t\u1ea1o c\u1ea3m gi\u00e1c s\u1ea3ng kho\u00e1i v\u00e0 d\u1ec5 ch\u1ecbu.<\/span><\/p>\n","protected":false},"featured_media":8482,"comment_status":"open","ping_status":"closed","template":"","meta":{"_acf_changed":false},"product_cat":[54],"product_tag":[],"class_list":{"0":"post-8390","1":"product","2":"type-product","3":"status-publish","4":"has-post-thumbnail","6":"product_cat-liqueurs","7":"brand-aperol","9":"first","10":"instock","11":"shipping-taxable","12":"product-type-simple"},"acf":[],"yoast_head":"<!-- This site is optimized with the Yoast SEO plugin v23.0 - https:\/\/yoast.com\/wordpress\/plugins\/seo\/ -->\n<title>Aperol - Alchemy Asia<\/title>\n<meta name=\"robots\" content=\"index, follow, max-snippet:-1, max-image-preview:large, max-video-preview:-1\" \/>\n<link rel=\"canonical\" href=\"https:\/\/alchemy-asia.com\/vi\/san-pham\/aperol\/\" \/>\n<meta property=\"og:locale\" content=\"vi_VN\" \/>\n<meta property=\"og:type\" content=\"article\" \/>\n<meta property=\"og:title\" content=\"Aperol - Alchemy Asia\" \/>\n<meta property=\"og:description\" content=\"V\u1edbi s\u1eafc cam r\u1ef1c r\u1ee1, Aperol s\u1edf h\u1eefu v\u1ecb \u0111\u1eafng ng\u1ecdt kh\u00f4ng th\u1ec3 nh\u1ea7m l\u1eabn b\u1eaft ngu\u1ed3n t\u1eeb m\u1ed9t c\u00f4ng th\u1ee9c b\u00ed m\u1eadt ch\u01b0a t\u1eebng thay \u0111\u1ed5i k\u1ec3 t\u1eeb nh\u1eefng ng\u00e0y \u0111\u1ea7u ti\u00ean. V\u1edbi s\u1ef1 k\u1ebft h\u1ee3p ho\u00e0n h\u1ea3o gi\u1eefa c\u00e1c lo\u1ea1i th\u1ea3o m\u1ed9c, r\u1ec5 c\u00e2y v\u00e0 \u0111\u1ed9 c\u1ed3n d\u1ecbu nh\u1eb9, Aperol \u0111\u00e1nh th\u1ee9c gi\u00e1c quan v\u1edbi tho\u1ea3ng v\u1ecb cam c\u00f9ng c\u00e1i ch\u1ea1m nh\u1eb9 c\u1ee7a m\u00f9i th\u00e2n g\u1ed7. D\u01b0 v\u1ecb \u0111\u1ec3 l\u1ea1i t\u1eeb h\u01b0\u01a1ng th\u1ea3o d\u01b0\u1ee3c t\u1ea1o c\u1ea3m gi\u00e1c s\u1ea3ng kho\u00e1i v\u00e0 d\u1ec5 ch\u1ecbu.\" \/>\n<meta property=\"og:url\" content=\"https:\/\/alchemy-asia.com\/vi\/san-pham\/aperol\/\" \/>\n<meta property=\"og:site_name\" content=\"Alchemy Asia\" \/>\n<meta property=\"og:image\" content=\"https:\/\/alchemy-asia.com\/vi\/wp-content\/uploads\/sites\/3\/2024\/07\/Aperol.png\" \/>\n\t<meta property=\"og:image:width\" content=\"2100\" \/>\n\t<meta property=\"og:image:height\" content=\"2100\" \/>\n\t<meta property=\"og:image:type\" content=\"image\/png\" \/>\n<meta name=\"twitter:card\" content=\"summary_large_image\" \/>\n<meta name=\"twitter:label1\" content=\"\u01af\u1edbc t\u00ednh th\u1eddi gian \u0111\u1ecdc\" \/>\n\t<meta name=\"twitter:data1\" content=\"1 ph\u00fat\" \/>\n<script type=\"application\/ld+json\" class=\"yoast-schema-graph\">{\"@context\":\"https:\/\/schema.org\",\"@graph\":[{\"@type\":\"WebPage\",\"@id\":\"https:\/\/alchemy-asia.com\/vi\/san-pham\/aperol\/\",\"url\":\"https:\/\/alchemy-asia.com\/vi\/san-pham\/aperol\/\",\"name\":\"Aperol - Alchemy Asia\",\"isPartOf\":{\"@id\":\"https:\/\/alchemy-asia.com\/vi\/#website\"},\"primaryImageOfPage\":{\"@id\":\"https:\/\/alchemy-asia.com\/vi\/san-pham\/aperol\/#primaryimage\"},\"image\":{\"@id\":\"https:\/\/alchemy-asia.com\/vi\/san-pham\/aperol\/#primaryimage\"},\"thumbnailUrl\":\"https:\/\/alchemy-asia.com\/vi\/wp-content\/uploads\/sites\/3\/2024\/07\/Aperol.png\",\"datePublished\":\"2024-09-10T08:38:16+00:00\",\"dateModified\":\"2024-09-10T08:38:16+00:00\",\"breadcrumb\":{\"@id\":\"https:\/\/alchemy-asia.com\/vi\/san-pham\/aperol\/#breadcrumb\"},\"inLanguage\":\"vi\",\"potentialAction\":[{\"@type\":\"ReadAction\",\"target\":[\"https:\/\/alchemy-asia.com\/vi\/san-pham\/aperol\/\"]}]},{\"@type\":\"ImageObject\",\"inLanguage\":\"vi\",\"@id\":\"https:\/\/alchemy-asia.com\/vi\/san-pham\/aperol\/#primaryimage\",\"url\":\"https:\/\/alchemy-asia.com\/vi\/wp-content\/uploads\/sites\/3\/2024\/07\/Aperol.png\",\"contentUrl\":\"https:\/\/alchemy-asia.com\/vi\/wp-content\/uploads\/sites\/3\/2024\/07\/Aperol.png\",\"width\":2100,\"height\":2100,\"caption\":\"Aperol\"},{\"@type\":\"BreadcrumbList\",\"@id\":\"https:\/\/alchemy-asia.com\/vi\/san-pham\/aperol\/#breadcrumb\",\"itemListElement\":[{\"@type\":\"ListItem\",\"position\":1,\"name\":\"Home\",\"item\":\"https:\/\/alchemy-asia.com\/vi\/\"},{\"@type\":\"ListItem\",\"position\":2,\"name\":\"Aperol\"}]},{\"@type\":\"WebSite\",\"@id\":\"https:\/\/alchemy-asia.com\/vi\/#website\",\"url\":\"https:\/\/alchemy-asia.com\/vi\/\",\"name\":\"Alchemy Asia\",\"description\":\"Just another Alchemy Asia Sites site\",\"potentialAction\":[{\"@type\":\"SearchAction\",\"target\":{\"@type\":\"EntryPoint\",\"urlTemplate\":\"https:\/\/alchemy-asia.com\/vi\/?s={search_term_string}\"},\"query-input\":\"required name=search_term_string\"}],\"inLanguage\":\"vi\"}]}<\/script>\n<!-- \/ Yoast SEO plugin. -->","yoast_head_json":{"title":"Aperol - Alchemy Asia","robots":{"index":"index","follow":"follow","max-snippet":"max-snippet:-1","max-image-preview":"max-image-preview:large","max-video-preview":"max-video-preview:-1"},"canonical":"https:\/\/alchemy-asia.com\/vi\/san-pham\/aperol\/","og_locale":"vi_VN","og_type":"article","og_title":"Aperol - Alchemy Asia","og_description":"V\u1edbi s\u1eafc cam r\u1ef1c r\u1ee1, Aperol s\u1edf h\u1eefu v\u1ecb \u0111\u1eafng ng\u1ecdt kh\u00f4ng th\u1ec3 nh\u1ea7m l\u1eabn b\u1eaft ngu\u1ed3n t\u1eeb m\u1ed9t c\u00f4ng th\u1ee9c b\u00ed m\u1eadt ch\u01b0a t\u1eebng thay \u0111\u1ed5i k\u1ec3 t\u1eeb nh\u1eefng ng\u00e0y \u0111\u1ea7u ti\u00ean. V\u1edbi s\u1ef1 k\u1ebft h\u1ee3p ho\u00e0n h\u1ea3o gi\u1eefa c\u00e1c lo\u1ea1i th\u1ea3o m\u1ed9c, r\u1ec5 c\u00e2y v\u00e0 \u0111\u1ed9 c\u1ed3n d\u1ecbu nh\u1eb9, Aperol \u0111\u00e1nh th\u1ee9c gi\u00e1c quan v\u1edbi tho\u1ea3ng v\u1ecb cam c\u00f9ng c\u00e1i ch\u1ea1m nh\u1eb9 c\u1ee7a m\u00f9i th\u00e2n g\u1ed7. D\u01b0 v\u1ecb \u0111\u1ec3 l\u1ea1i t\u1eeb h\u01b0\u01a1ng th\u1ea3o d\u01b0\u1ee3c t\u1ea1o c\u1ea3m gi\u00e1c s\u1ea3ng kho\u00e1i v\u00e0 d\u1ec5 ch\u1ecbu.","og_url":"https:\/\/alchemy-asia.com\/vi\/san-pham\/aperol\/","og_site_name":"Alchemy Asia","og_image":[{"width":2100,"height":2100,"url":"https:\/\/alchemy-asia.com\/vi\/wp-content\/uploads\/sites\/3\/2024\/07\/Aperol.png","type":"image\/png"}],"twitter_card":"summary_large_image","twitter_misc":{"\u01af\u1edbc t\u00ednh th\u1eddi gian \u0111\u1ecdc":"1 ph\u00fat"},"schema":{"@context":"https:\/\/schema.org","@graph":[{"@type":"WebPage","@id":"https:\/\/alchemy-asia.com\/vi\/san-pham\/aperol\/","url":"https:\/\/alchemy-asia.com\/vi\/san-pham\/aperol\/","name":"Aperol - Alchemy Asia","isPartOf":{"@id":"https:\/\/alchemy-asia.com\/vi\/#website"},"primaryImageOfPage":{"@id":"https:\/\/alchemy-asia.com\/vi\/san-pham\/aperol\/#primaryimage"},"image":{"@id":"https:\/\/alchemy-asia.com\/vi\/san-pham\/aperol\/#primaryimage"},"thumbnailUrl":"https:\/\/alchemy-asia.com\/vi\/wp-content\/uploads\/sites\/3\/2024\/07\/Aperol.png","datePublished":"2024-09-10T08:38:16+00:00","dateModified":"2024-09-10T08:38:16+00:00","breadcrumb":{"@id":"https:\/\/alchemy-asia.com\/vi\/san-pham\/aperol\/#breadcrumb"},"inLanguage":"vi","potentialAction":[{"@type":"ReadAction","target":["https:\/\/alchemy-asia.com\/vi\/san-pham\/aperol\/"]}]},{"@type":"ImageObject","inLanguage":"vi","@id":"https:\/\/alchemy-asia.com\/vi\/san-pham\/aperol\/#primaryimage","url":"https:\/\/alchemy-asia.com\/vi\/wp-content\/uploads\/sites\/3\/2024\/07\/Aperol.png","contentUrl":"https:\/\/alchemy-asia.com\/vi\/wp-content\/uploads\/sites\/3\/2024\/07\/Aperol.png","width":2100,"height":2100,"caption":"Aperol"},{"@type":"BreadcrumbList","@id":"https:\/\/alchemy-asia.com\/vi\/san-pham\/aperol\/#breadcrumb","itemListElement":[{"@type":"ListItem","position":1,"name":"Home","item":"https:\/\/alchemy-asia.com\/vi\/"},{"@type":"ListItem","position":2,"name":"Aperol"}]},{"@type":"WebSite","@id":"https:\/\/alchemy-asia.com\/vi\/#website","url":"https:\/\/alchemy-asia.com\/vi\/","name":"Alchemy Asia","description":"Just another Alchemy Asia Sites site","potentialAction":[{"@type":"SearchAction","target":{"@type":"EntryPoint","urlTemplate":"https:\/\/alchemy-asia.com\/vi\/?s={search_term_string}"},"query-input":"required name=search_term_string"}],"inLanguage":"vi"}]}},"_links":{"self":[{"href":"https:\/\/alchemy-asia.com\/vi\/wp-json\/wp\/v2\/product\/8390","targetHints":{"allow":["GET"]}}],"collection":[{"href":"https:\/\/alchemy-asia.com\/vi\/wp-json\/wp\/v2\/product"}],"about":[{"href":"https:\/\/alchemy-asia.com\/vi\/wp-json\/wp\/v2\/types\/product"}],"replies":[{"embeddable":true,"href":"https:\/\/alchemy-asia.com\/vi\/wp-json\/wp\/v2\/comments?post=8390"}],"wp:featuredmedia":[{"embeddable":true,"href":"https:\/\/alchemy-asia.com\/vi\/wp-json\/wp\/v2\/media\/8482"}],"wp:attachment":[{"href":"https:\/\/alchemy-asia.com\/vi\/wp-json\/wp\/v2\/media?parent=8390"}],"wp:term":[{"taxonomy":"product_cat","embeddable":true,"href":"https:\/\/alchemy-asia.com\/vi\/wp-json\/wp\/v2\/product_cat?post=8390"},{"taxonomy":"product_tag","embeddable":true,"href":"https:\/\/alchemy-asia.com\/vi\/wp-json\/wp\/v2\/product_tag?post=8390"}],"curies":[{"name":"wp","href":"https:\/\/api.w.org\/{rel}","templated":true}]}}