{"id":8399,"date":"2024-09-10T08:38:14","date_gmt":"2024-09-10T08:38:14","guid":{"rendered":"https:\/\/alchemy-asia.com\/vi\/?post_type=product&#038;p=8399"},"modified":"2024-09-10T08:38:14","modified_gmt":"2024-09-10T08:38:14","slug":"bols-dry-orange-liqueur","status":"publish","type":"product","link":"https:\/\/alchemy-asia.com\/vi\/san-pham\/bols-dry-orange-liqueur\/","title":{"rendered":"Bols Dry Orange Liqueur"},"content":{"rendered":"","protected":false},"excerpt":{"rendered":"<p><span data-sheets-root=\"1\" data-sheets-value=\"{&quot;1&quot;:2,&quot;2&quot;:&quot;M\u1ed9t lo\u1ea1i r\u01b0\u1ee3u m\u00f9i cam c\u00f3 h\u01b0\u01a1ng th\u01a1m th\u1ef1c s\u1ef1 \u0111\u1ed9c \u0111\u00e1o v\u00e0 tuy\u1ec7t v\u1eddi, h\u01b0\u01a1ng v\u1ecb c\u00e2n b\u1eb1ng \u0111\u1ea7y h\u01b0\u01a1ng cam qu\u00fdt v\u00e0 v\u1ecb ng\u1ecdt tr\u00e1i c\u00e2y. Lo\u1ea1i r\u01b0\u1ee3u m\u00f9i cam n\u00e0y c\u00f3 v\u1ecb cam \u0111\u1eadm \u0111\u00e0 v\u1edbi d\u01b0 v\u1ecb kh\u00f4 v\u00e0 \u0111\u1eadm \u0111\u00e0, khi\u1ebfn r\u01b0\u1ee3u m\u00f9i Bols Dry Orange tr\u1edf th\u00e0nh m\u1ed9t s\u1ef1 b\u1ed5 sung tuy\u1ec7t v\u1eddi cho nhi\u1ec1u lo\u1ea1i cocktail nhi\u1ec1u l\u1edbp.&quot;}\" data-sheets-userformat=\"{&quot;2&quot;:7165,&quot;3&quot;:{&quot;1&quot;:0},&quot;5&quot;:{&quot;1&quot;:[{&quot;1&quot;:2,&quot;2&quot;:0,&quot;5&quot;:{&quot;1&quot;:2,&quot;2&quot;:0}},{&quot;1&quot;:0,&quot;2&quot;:0,&quot;3&quot;:3},{&quot;1&quot;:1,&quot;2&quot;:0,&quot;4&quot;:1}]},&quot;6&quot;:{&quot;1&quot;:[{&quot;1&quot;:2,&quot;2&quot;:0,&quot;5&quot;:{&quot;1&quot;:2,&quot;2&quot;:0}},{&quot;1&quot;:0,&quot;2&quot;:0,&quot;3&quot;:3},{&quot;1&quot;:1,&quot;2&quot;:0,&quot;4&quot;:1}]},&quot;7&quot;:{&quot;1&quot;:[{&quot;1&quot;:2,&quot;2&quot;:0,&quot;5&quot;:{&quot;1&quot;:2,&quot;2&quot;:0}},{&quot;1&quot;:0,&quot;2&quot;:0,&quot;3&quot;:3},{&quot;1&quot;:1,&quot;2&quot;:0,&quot;4&quot;:1}]},&quot;8&quot;:{&quot;1&quot;:[{&quot;1&quot;:2,&quot;2&quot;:0,&quot;5&quot;:{&quot;1&quot;:2,&quot;2&quot;:0}},{&quot;1&quot;:0,&quot;2&quot;:0,&quot;3&quot;:3},{&quot;1&quot;:1,&quot;2&quot;:0,&quot;4&quot;:1}]},&quot;9&quot;:0,&quot;10&quot;:1,&quot;11&quot;:4,&quot;12&quot;:0,&quot;14&quot;:{&quot;1&quot;:2,&quot;2&quot;:0},&quot;15&quot;:&quot;Arial, sans-serif&quot;}\">M\u1ed9t lo\u1ea1i r\u01b0\u1ee3u m\u00f9i cam c\u00f3 h\u01b0\u01a1ng th\u01a1m th\u1ef1c s\u1ef1 \u0111\u1ed9c \u0111\u00e1o v\u00e0 tuy\u1ec7t v\u1eddi, h\u01b0\u01a1ng v\u1ecb c\u00e2n b\u1eb1ng \u0111\u1ea7y h\u01b0\u01a1ng cam qu\u00fdt v\u00e0 v\u1ecb ng\u1ecdt tr\u00e1i c\u00e2y. Lo\u1ea1i r\u01b0\u1ee3u m\u00f9i cam n\u00e0y c\u00f3 v\u1ecb cam \u0111\u1eadm \u0111\u00e0 v\u1edbi d\u01b0 v\u1ecb kh\u00f4 v\u00e0 \u0111\u1eadm \u0111\u00e0, khi\u1ebfn r\u01b0\u1ee3u m\u00f9i Bols Dry Orange tr\u1edf th\u00e0nh m\u1ed9t s\u1ef1 b\u1ed5 sung tuy\u1ec7t v\u1eddi cho nhi\u1ec1u lo\u1ea1i cocktail nhi\u1ec1u l\u1edbp.<\/span><\/p>\n","protected":false},"featured_media":8481,"comment_status":"open","ping_status":"closed","template":"","meta":{"_acf_changed":false},"product_cat":[54],"product_tag":[],"class_list":{"0":"post-8399","1":"product","2":"type-product","3":"status-publish","4":"has-post-thumbnail","6":"product_cat-liqueurs","7":"brand-lucas-bols","9":"first","10":"instock","11":"shipping-taxable","12":"product-type-simple"},"acf":[],"yoast_head":"<!-- This site is optimized with the Yoast SEO plugin v23.0 - https:\/\/yoast.com\/wordpress\/plugins\/seo\/ -->\n<title>Bols Dry Orange Liqueur - Alchemy Asia<\/title>\n<meta name=\"robots\" content=\"index, follow, max-snippet:-1, max-image-preview:large, max-video-preview:-1\" \/>\n<link rel=\"canonical\" href=\"https:\/\/alchemy-asia.com\/vi\/san-pham\/bols-dry-orange-liqueur\/\" \/>\n<meta property=\"og:locale\" content=\"vi_VN\" \/>\n<meta property=\"og:type\" content=\"article\" \/>\n<meta property=\"og:title\" content=\"Bols Dry Orange Liqueur - Alchemy Asia\" \/>\n<meta property=\"og:description\" content=\"M\u1ed9t lo\u1ea1i r\u01b0\u1ee3u m\u00f9i cam c\u00f3 h\u01b0\u01a1ng th\u01a1m th\u1ef1c s\u1ef1 \u0111\u1ed9c \u0111\u00e1o v\u00e0 tuy\u1ec7t v\u1eddi, h\u01b0\u01a1ng v\u1ecb c\u00e2n b\u1eb1ng \u0111\u1ea7y h\u01b0\u01a1ng cam qu\u00fdt v\u00e0 v\u1ecb ng\u1ecdt tr\u00e1i c\u00e2y. Lo\u1ea1i r\u01b0\u1ee3u m\u00f9i cam n\u00e0y c\u00f3 v\u1ecb cam \u0111\u1eadm \u0111\u00e0 v\u1edbi d\u01b0 v\u1ecb kh\u00f4 v\u00e0 \u0111\u1eadm \u0111\u00e0, khi\u1ebfn r\u01b0\u1ee3u m\u00f9i Bols Dry Orange tr\u1edf th\u00e0nh m\u1ed9t s\u1ef1 b\u1ed5 sung tuy\u1ec7t v\u1eddi cho nhi\u1ec1u lo\u1ea1i cocktail nhi\u1ec1u l\u1edbp.\" \/>\n<meta property=\"og:url\" content=\"https:\/\/alchemy-asia.com\/vi\/san-pham\/bols-dry-orange-liqueur\/\" \/>\n<meta property=\"og:site_name\" content=\"Alchemy Asia\" \/>\n<meta property=\"og:image\" content=\"https:\/\/alchemy-asia.com\/vi\/wp-content\/uploads\/sites\/3\/2024\/07\/Bols-Dry-Orange-Liqueur-1.png\" \/>\n\t<meta property=\"og:image:width\" content=\"2100\" \/>\n\t<meta property=\"og:image:height\" content=\"2100\" \/>\n\t<meta property=\"og:image:type\" content=\"image\/png\" \/>\n<meta name=\"twitter:card\" content=\"summary_large_image\" \/>\n<meta name=\"twitter:label1\" content=\"\u01af\u1edbc t\u00ednh th\u1eddi gian \u0111\u1ecdc\" \/>\n\t<meta name=\"twitter:data1\" content=\"1 ph\u00fat\" \/>\n<script type=\"application\/ld+json\" class=\"yoast-schema-graph\">{\"@context\":\"https:\/\/schema.org\",\"@graph\":[{\"@type\":\"WebPage\",\"@id\":\"https:\/\/alchemy-asia.com\/vi\/san-pham\/bols-dry-orange-liqueur\/\",\"url\":\"https:\/\/alchemy-asia.com\/vi\/san-pham\/bols-dry-orange-liqueur\/\",\"name\":\"Bols Dry Orange Liqueur - Alchemy Asia\",\"isPartOf\":{\"@id\":\"https:\/\/alchemy-asia.com\/vi\/#website\"},\"primaryImageOfPage\":{\"@id\":\"https:\/\/alchemy-asia.com\/vi\/san-pham\/bols-dry-orange-liqueur\/#primaryimage\"},\"image\":{\"@id\":\"https:\/\/alchemy-asia.com\/vi\/san-pham\/bols-dry-orange-liqueur\/#primaryimage\"},\"thumbnailUrl\":\"https:\/\/alchemy-asia.com\/vi\/wp-content\/uploads\/sites\/3\/2024\/07\/Bols-Dry-Orange-Liqueur-1.png\",\"datePublished\":\"2024-09-10T08:38:14+00:00\",\"dateModified\":\"2024-09-10T08:38:14+00:00\",\"breadcrumb\":{\"@id\":\"https:\/\/alchemy-asia.com\/vi\/san-pham\/bols-dry-orange-liqueur\/#breadcrumb\"},\"inLanguage\":\"vi\",\"potentialAction\":[{\"@type\":\"ReadAction\",\"target\":[\"https:\/\/alchemy-asia.com\/vi\/san-pham\/bols-dry-orange-liqueur\/\"]}]},{\"@type\":\"ImageObject\",\"inLanguage\":\"vi\",\"@id\":\"https:\/\/alchemy-asia.com\/vi\/san-pham\/bols-dry-orange-liqueur\/#primaryimage\",\"url\":\"https:\/\/alchemy-asia.com\/vi\/wp-content\/uploads\/sites\/3\/2024\/07\/Bols-Dry-Orange-Liqueur-1.png\",\"contentUrl\":\"https:\/\/alchemy-asia.com\/vi\/wp-content\/uploads\/sites\/3\/2024\/07\/Bols-Dry-Orange-Liqueur-1.png\",\"width\":2100,\"height\":2100,\"caption\":\"Bols Dry Orange Liqueur\"},{\"@type\":\"BreadcrumbList\",\"@id\":\"https:\/\/alchemy-asia.com\/vi\/san-pham\/bols-dry-orange-liqueur\/#breadcrumb\",\"itemListElement\":[{\"@type\":\"ListItem\",\"position\":1,\"name\":\"Home\",\"item\":\"https:\/\/alchemy-asia.com\/vi\/\"},{\"@type\":\"ListItem\",\"position\":2,\"name\":\"Bols Dry Orange Liqueur\"}]},{\"@type\":\"WebSite\",\"@id\":\"https:\/\/alchemy-asia.com\/vi\/#website\",\"url\":\"https:\/\/alchemy-asia.com\/vi\/\",\"name\":\"Alchemy Asia\",\"description\":\"Just another Alchemy Asia Sites site\",\"potentialAction\":[{\"@type\":\"SearchAction\",\"target\":{\"@type\":\"EntryPoint\",\"urlTemplate\":\"https:\/\/alchemy-asia.com\/vi\/?s={search_term_string}\"},\"query-input\":\"required name=search_term_string\"}],\"inLanguage\":\"vi\"}]}<\/script>\n<!-- \/ Yoast SEO plugin. -->","yoast_head_json":{"title":"Bols Dry Orange Liqueur - Alchemy Asia","robots":{"index":"index","follow":"follow","max-snippet":"max-snippet:-1","max-image-preview":"max-image-preview:large","max-video-preview":"max-video-preview:-1"},"canonical":"https:\/\/alchemy-asia.com\/vi\/san-pham\/bols-dry-orange-liqueur\/","og_locale":"vi_VN","og_type":"article","og_title":"Bols Dry Orange Liqueur - Alchemy Asia","og_description":"M\u1ed9t lo\u1ea1i r\u01b0\u1ee3u m\u00f9i cam c\u00f3 h\u01b0\u01a1ng th\u01a1m th\u1ef1c s\u1ef1 \u0111\u1ed9c \u0111\u00e1o v\u00e0 tuy\u1ec7t v\u1eddi, h\u01b0\u01a1ng v\u1ecb c\u00e2n b\u1eb1ng \u0111\u1ea7y h\u01b0\u01a1ng cam qu\u00fdt v\u00e0 v\u1ecb ng\u1ecdt tr\u00e1i c\u00e2y. Lo\u1ea1i r\u01b0\u1ee3u m\u00f9i cam n\u00e0y c\u00f3 v\u1ecb cam \u0111\u1eadm \u0111\u00e0 v\u1edbi d\u01b0 v\u1ecb kh\u00f4 v\u00e0 \u0111\u1eadm \u0111\u00e0, khi\u1ebfn r\u01b0\u1ee3u m\u00f9i Bols Dry Orange tr\u1edf th\u00e0nh m\u1ed9t s\u1ef1 b\u1ed5 sung tuy\u1ec7t v\u1eddi cho nhi\u1ec1u lo\u1ea1i cocktail nhi\u1ec1u l\u1edbp.","og_url":"https:\/\/alchemy-asia.com\/vi\/san-pham\/bols-dry-orange-liqueur\/","og_site_name":"Alchemy Asia","og_image":[{"width":2100,"height":2100,"url":"https:\/\/alchemy-asia.com\/vi\/wp-content\/uploads\/sites\/3\/2024\/07\/Bols-Dry-Orange-Liqueur-1.png","type":"image\/png"}],"twitter_card":"summary_large_image","twitter_misc":{"\u01af\u1edbc t\u00ednh th\u1eddi gian \u0111\u1ecdc":"1 ph\u00fat"},"schema":{"@context":"https:\/\/schema.org","@graph":[{"@type":"WebPage","@id":"https:\/\/alchemy-asia.com\/vi\/san-pham\/bols-dry-orange-liqueur\/","url":"https:\/\/alchemy-asia.com\/vi\/san-pham\/bols-dry-orange-liqueur\/","name":"Bols Dry Orange Liqueur - Alchemy Asia","isPartOf":{"@id":"https:\/\/alchemy-asia.com\/vi\/#website"},"primaryImageOfPage":{"@id":"https:\/\/alchemy-asia.com\/vi\/san-pham\/bols-dry-orange-liqueur\/#primaryimage"},"image":{"@id":"https:\/\/alchemy-asia.com\/vi\/san-pham\/bols-dry-orange-liqueur\/#primaryimage"},"thumbnailUrl":"https:\/\/alchemy-asia.com\/vi\/wp-content\/uploads\/sites\/3\/2024\/07\/Bols-Dry-Orange-Liqueur-1.png","datePublished":"2024-09-10T08:38:14+00:00","dateModified":"2024-09-10T08:38:14+00:00","breadcrumb":{"@id":"https:\/\/alchemy-asia.com\/vi\/san-pham\/bols-dry-orange-liqueur\/#breadcrumb"},"inLanguage":"vi","potentialAction":[{"@type":"ReadAction","target":["https:\/\/alchemy-asia.com\/vi\/san-pham\/bols-dry-orange-liqueur\/"]}]},{"@type":"ImageObject","inLanguage":"vi","@id":"https:\/\/alchemy-asia.com\/vi\/san-pham\/bols-dry-orange-liqueur\/#primaryimage","url":"https:\/\/alchemy-asia.com\/vi\/wp-content\/uploads\/sites\/3\/2024\/07\/Bols-Dry-Orange-Liqueur-1.png","contentUrl":"https:\/\/alchemy-asia.com\/vi\/wp-content\/uploads\/sites\/3\/2024\/07\/Bols-Dry-Orange-Liqueur-1.png","width":2100,"height":2100,"caption":"Bols Dry Orange Liqueur"},{"@type":"BreadcrumbList","@id":"https:\/\/alchemy-asia.com\/vi\/san-pham\/bols-dry-orange-liqueur\/#breadcrumb","itemListElement":[{"@type":"ListItem","position":1,"name":"Home","item":"https:\/\/alchemy-asia.com\/vi\/"},{"@type":"ListItem","position":2,"name":"Bols Dry Orange Liqueur"}]},{"@type":"WebSite","@id":"https:\/\/alchemy-asia.com\/vi\/#website","url":"https:\/\/alchemy-asia.com\/vi\/","name":"Alchemy Asia","description":"Just another Alchemy Asia Sites site","potentialAction":[{"@type":"SearchAction","target":{"@type":"EntryPoint","urlTemplate":"https:\/\/alchemy-asia.com\/vi\/?s={search_term_string}"},"query-input":"required name=search_term_string"}],"inLanguage":"vi"}]}},"_links":{"self":[{"href":"https:\/\/alchemy-asia.com\/vi\/wp-json\/wp\/v2\/product\/8399","targetHints":{"allow":["GET"]}}],"collection":[{"href":"https:\/\/alchemy-asia.com\/vi\/wp-json\/wp\/v2\/product"}],"about":[{"href":"https:\/\/alchemy-asia.com\/vi\/wp-json\/wp\/v2\/types\/product"}],"replies":[{"embeddable":true,"href":"https:\/\/alchemy-asia.com\/vi\/wp-json\/wp\/v2\/comments?post=8399"}],"wp:featuredmedia":[{"embeddable":true,"href":"https:\/\/alchemy-asia.com\/vi\/wp-json\/wp\/v2\/media\/8481"}],"wp:attachment":[{"href":"https:\/\/alchemy-asia.com\/vi\/wp-json\/wp\/v2\/media?parent=8399"}],"wp:term":[{"taxonomy":"product_cat","embeddable":true,"href":"https:\/\/alchemy-asia.com\/vi\/wp-json\/wp\/v2\/product_cat?post=8399"},{"taxonomy":"product_tag","embeddable":true,"href":"https:\/\/alchemy-asia.com\/vi\/wp-json\/wp\/v2\/product_tag?post=8399"}],"curies":[{"name":"wp","href":"https:\/\/api.w.org\/{rel}","templated":true}]}}