{"id":840,"date":"2017-07-26T03:07:41","date_gmt":"2017-07-26T03:07:41","guid":{"rendered":"http:\/\/alchemy-asia.com\/vi\/?post_type=product&#038;p=840"},"modified":"2024-08-06T02:57:41","modified_gmt":"2024-08-06T02:57:41","slug":"no3-london-dry-gin","status":"publish","type":"product","link":"https:\/\/alchemy-asia.com\/vi\/san-pham\/no3-london-dry-gin\/","title":{"rendered":"No3 London Dry Gin"},"content":{"rendered":"","protected":false},"excerpt":{"rendered":"<p>No.3 l\u00e0 lo\u1ea1i Dry Gin London c\u1ed5 \u0111i\u1ec3n \u0111\u01b0\u1ee3c ch\u01b0ng c\u1ea5t d\u1ef1a theo c\u00f4ng th\u1ee9c \u0111\u1ed9c quy\u1ec1n c\u1ee7a nh\u00e0 Berry Bros. v\u00e0 Rudd, h\u00e3ng b\u00e1n r\u01b0\u1ee3u l\u00e2u \u0111\u1eddi nh\u1ea5t c\u1ee7a London v\u1ec1 vang v\u00e0 r\u01b0\u1ee3u m\u1ea1nh.<\/p>\n<p>T\u00ean g\u1ecdi No.3 g\u1ee3i nh\u1eafc \u0111\u1ebfn \u0111\u1ecba ch\u1ec9 t\u1ea1i \u0111\u01b0\u1eddng St.James, London: tr\u1ee5 s\u1edf c\u1ee7a h\u00e3ng nh\u1eefng n\u0103m 1698. No.3 \u0111\u01b0\u1ee3c s\u00e1ng t\u1ea1o nh\u01b0 l\u00e0 s\u1ea3n ph\u1ea9m tuy\u1ec7t h\u1ea3o nh\u1ea5t trong d\u00f2ng gin \u0111\u1ec3 pha ch\u1ebf Dry Martini.<\/p>\n<p>Trung t\u00e2m l\u00e0 qu\u1ea3 Juniper, No.3 kh\u00f4ng h\u1ed5 danh t\u00f4n vinh s\u01b0 nguy\u00ean thu\u1ef7 v\u00e0 t\u00ednh \u0111\u1eb7c tr\u01b0ng c\u1ee7a lo\u1ea1i Dry Gin truy\u1ec1n th\u1ed1ng c\u1ee7a London: 6 lo\u1ea1i th\u1ea3o m\u1ed9c v\u1edbi s\u1ef1 c\u00e2n b\u1eb1ng ho\u00e0n h\u1ea3o \u0111\u01b0\u1ee3c ch\u01b0ng c\u1ea5t trong nh\u1eefng b\u00ecnh \u1ee7 r\u01b0\u1ee3u truy\u1ec1n th\u1ed1ng.<\/p>\n<p>C\u00e1c lo\u1ea1i th\u1ea3o m\u1ed9c: v\u1ecf c\u1ea3m, v\u1ecf b\u01b0\u1edfi, r\u1ec5 c\u00e2y \u0111\u01b0\u01a1ng quy, l\u00e1 ng\u00f2 Marroc v\u00e0 c\u00e2y b\u1ea1ch \u0111\u1eadu kh\u1ea5u.<\/p>\n<ul class=\"list-disc\">\n<li><strong>M\u00f9i:<\/strong> T\u01b0\u01a1i m\u00e1t, s\u1ea3ng kho\u00e1 v\u00e0 h\u01b0\u01a1ng th\u01a1m \u0111\u1ea7y k\u00edch th\u00edch c\u1ee7a Juniper.<\/li>\n<li><strong>V\u1ecb:<\/strong> H\u01b0\u01a1ng qu\u1ea3 Juniper ng\u00e0o ng\u1ea1t, h\u01b0\u01a1ng hoa v\u00e0 v\u1ecb cay n\u1ed3ng c\u1ee7a b\u1ea1ch \u0111\u1eadu kh\u1ea5u. C\u00e1c lo\u1ea1i m\u00f9i cam qu\u00fdt \u0111\u01b0\u1ee3c b\u1ed5 sung b\u1edfi v\u1ecb cay g\u1eebng c\u1ee7a l\u00e1 ng\u00f2.<\/li>\n<li><strong>H\u1eadu v\u1ecb:<\/strong> r\u1ec5 c\u00e2y \u0111\u01b0\u01a1ng quy \u0111\u1ec3 l\u00e1t ch\u00fat d\u01b0 v\u1ecb cay.<\/li>\n<li><strong>C\u00e1ch th\u01b0\u1edfng th\u1ee9c:<\/strong> Dry Martini, pha v\u1edbi tonic lo\u1ea1i ngon.<\/li>\n<\/ul>\n","protected":false},"featured_media":8824,"comment_status":"open","ping_status":"closed","template":"","meta":{"_acf_changed":false},"product_cat":[52],"product_tag":[],"class_list":{"0":"post-840","1":"product","2":"type-product","3":"status-publish","4":"has-post-thumbnail","6":"product_cat-gin","7":"brand-no3-london-dry-gin","9":"first","10":"instock","11":"shipping-taxable","12":"product-type-simple"},"acf":[],"yoast_head":"<!-- This site is optimized with the Yoast SEO plugin v23.0 - https:\/\/yoast.com\/wordpress\/plugins\/seo\/ -->\n<title>No3 London Dry Gin - Alchemy Asia<\/title>\n<meta name=\"robots\" content=\"index, follow, max-snippet:-1, max-image-preview:large, max-video-preview:-1\" \/>\n<link rel=\"canonical\" href=\"https:\/\/alchemy-asia.com\/vi\/san-pham\/no3-london-dry-gin\/\" \/>\n<meta property=\"og:locale\" content=\"vi_VN\" \/>\n<meta property=\"og:type\" content=\"article\" \/>\n<meta property=\"og:title\" content=\"No3 London Dry Gin - Alchemy Asia\" \/>\n<meta property=\"og:description\" content=\"No.3 l\u00e0 lo\u1ea1i Dry Gin London c\u1ed5 \u0111i\u1ec3n \u0111\u01b0\u1ee3c ch\u01b0ng c\u1ea5t d\u1ef1a theo c\u00f4ng th\u1ee9c \u0111\u1ed9c quy\u1ec1n c\u1ee7a nh\u00e0 Berry Bros. v\u00e0 Rudd, h\u00e3ng b\u00e1n r\u01b0\u1ee3u l\u00e2u \u0111\u1eddi nh\u1ea5t c\u1ee7a London v\u1ec1 vang v\u00e0 r\u01b0\u1ee3u m\u1ea1nh.  T\u00ean g\u1ecdi No.3 g\u1ee3i nh\u1eafc \u0111\u1ebfn \u0111\u1ecba ch\u1ec9 t\u1ea1i \u0111\u01b0\u1eddng St.James, London: tr\u1ee5 s\u1edf c\u1ee7a h\u00e3ng nh\u1eefng n\u0103m 1698. No.3 \u0111\u01b0\u1ee3c s\u00e1ng t\u1ea1o nh\u01b0 l\u00e0 s\u1ea3n ph\u1ea9m tuy\u1ec7t h\u1ea3o nh\u1ea5t trong d\u00f2ng gin \u0111\u1ec3 pha ch\u1ebf Dry Martini.  Trung t\u00e2m l\u00e0 qu\u1ea3 Juniper, No.3 kh\u00f4ng h\u1ed5 danh t\u00f4n vinh s\u01b0 nguy\u00ean thu\u1ef7 v\u00e0 t\u00ednh \u0111\u1eb7c tr\u01b0ng c\u1ee7a lo\u1ea1i Dry Gin truy\u1ec1n th\u1ed1ng c\u1ee7a London: 6 lo\u1ea1i th\u1ea3o m\u1ed9c v\u1edbi s\u1ef1 c\u00e2n b\u1eb1ng ho\u00e0n h\u1ea3o \u0111\u01b0\u1ee3c ch\u01b0ng c\u1ea5t trong nh\u1eefng b\u00ecnh \u1ee7 r\u01b0\u1ee3u truy\u1ec1n th\u1ed1ng.  C\u00e1c lo\u1ea1i th\u1ea3o m\u1ed9c: v\u1ecf c\u1ea3m, v\u1ecf b\u01b0\u1edfi, r\u1ec5 c\u00e2y \u0111\u01b0\u01a1ng quy, l\u00e1 ng\u00f2 Marroc v\u00e0 c\u00e2y b\u1ea1ch \u0111\u1eadu kh\u1ea5u.   M\u00f9i: T\u01b0\u01a1i m\u00e1t, s\u1ea3ng kho\u00e1 v\u00e0 h\u01b0\u01a1ng th\u01a1m \u0111\u1ea7y k\u00edch th\u00edch c\u1ee7a Juniper.  V\u1ecb: H\u01b0\u01a1ng qu\u1ea3 Juniper ng\u00e0o ng\u1ea1t, h\u01b0\u01a1ng hoa v\u00e0 v\u1ecb cay n\u1ed3ng c\u1ee7a b\u1ea1ch \u0111\u1eadu kh\u1ea5u. C\u00e1c lo\u1ea1i m\u00f9i cam qu\u00fdt \u0111\u01b0\u1ee3c b\u1ed5 sung b\u1edfi v\u1ecb cay g\u1eebng c\u1ee7a l\u00e1 ng\u00f2.  H\u1eadu v\u1ecb: r\u1ec5 c\u00e2y \u0111\u01b0\u01a1ng quy \u0111\u1ec3 l\u00e1t ch\u00fat d\u01b0 v\u1ecb cay.  C\u00e1ch th\u01b0\u1edfng th\u1ee9c: Dry Martini, pha v\u1edbi tonic lo\u1ea1i ngon.\" \/>\n<meta property=\"og:url\" content=\"https:\/\/alchemy-asia.com\/vi\/san-pham\/no3-london-dry-gin\/\" \/>\n<meta property=\"og:site_name\" content=\"Alchemy Asia\" \/>\n<meta property=\"article:modified_time\" content=\"2024-08-06T02:57:41+00:00\" \/>\n<meta property=\"og:image\" content=\"https:\/\/alchemy-asia.com\/vi\/wp-content\/uploads\/sites\/3\/2017\/07\/No3-London-Dry-Gin.png\" \/>\n\t<meta property=\"og:image:width\" content=\"2480\" \/>\n\t<meta property=\"og:image:height\" content=\"2480\" \/>\n\t<meta property=\"og:image:type\" content=\"image\/png\" \/>\n<meta name=\"twitter:card\" content=\"summary_large_image\" \/>\n<meta name=\"twitter:label1\" content=\"\u01af\u1edbc t\u00ednh th\u1eddi gian \u0111\u1ecdc\" \/>\n\t<meta name=\"twitter:data1\" content=\"1 ph\u00fat\" \/>\n<script type=\"application\/ld+json\" class=\"yoast-schema-graph\">{\"@context\":\"https:\/\/schema.org\",\"@graph\":[{\"@type\":\"WebPage\",\"@id\":\"https:\/\/alchemy-asia.com\/vi\/san-pham\/no3-london-dry-gin\/\",\"url\":\"https:\/\/alchemy-asia.com\/vi\/san-pham\/no3-london-dry-gin\/\",\"name\":\"No3 London Dry Gin - Alchemy Asia\",\"isPartOf\":{\"@id\":\"https:\/\/alchemy-asia.com\/vi\/#website\"},\"primaryImageOfPage\":{\"@id\":\"https:\/\/alchemy-asia.com\/vi\/san-pham\/no3-london-dry-gin\/#primaryimage\"},\"image\":{\"@id\":\"https:\/\/alchemy-asia.com\/vi\/san-pham\/no3-london-dry-gin\/#primaryimage\"},\"thumbnailUrl\":\"https:\/\/alchemy-asia.com\/vi\/wp-content\/uploads\/sites\/3\/2017\/07\/No3-London-Dry-Gin.png\",\"datePublished\":\"2017-07-26T03:07:41+00:00\",\"dateModified\":\"2024-08-06T02:57:41+00:00\",\"breadcrumb\":{\"@id\":\"https:\/\/alchemy-asia.com\/vi\/san-pham\/no3-london-dry-gin\/#breadcrumb\"},\"inLanguage\":\"vi\",\"potentialAction\":[{\"@type\":\"ReadAction\",\"target\":[\"https:\/\/alchemy-asia.com\/vi\/san-pham\/no3-london-dry-gin\/\"]}]},{\"@type\":\"ImageObject\",\"inLanguage\":\"vi\",\"@id\":\"https:\/\/alchemy-asia.com\/vi\/san-pham\/no3-london-dry-gin\/#primaryimage\",\"url\":\"https:\/\/alchemy-asia.com\/vi\/wp-content\/uploads\/sites\/3\/2017\/07\/No3-London-Dry-Gin.png\",\"contentUrl\":\"https:\/\/alchemy-asia.com\/vi\/wp-content\/uploads\/sites\/3\/2017\/07\/No3-London-Dry-Gin.png\",\"width\":2480,\"height\":2480,\"caption\":\"No3 London Dry Gin\"},{\"@type\":\"BreadcrumbList\",\"@id\":\"https:\/\/alchemy-asia.com\/vi\/san-pham\/no3-london-dry-gin\/#breadcrumb\",\"itemListElement\":[{\"@type\":\"ListItem\",\"position\":1,\"name\":\"Home\",\"item\":\"https:\/\/alchemy-asia.com\/vi\/\"},{\"@type\":\"ListItem\",\"position\":2,\"name\":\"No3 London Dry Gin\"}]},{\"@type\":\"WebSite\",\"@id\":\"https:\/\/alchemy-asia.com\/vi\/#website\",\"url\":\"https:\/\/alchemy-asia.com\/vi\/\",\"name\":\"Alchemy Asia\",\"description\":\"Just another Alchemy Asia Sites site\",\"potentialAction\":[{\"@type\":\"SearchAction\",\"target\":{\"@type\":\"EntryPoint\",\"urlTemplate\":\"https:\/\/alchemy-asia.com\/vi\/?s={search_term_string}\"},\"query-input\":\"required name=search_term_string\"}],\"inLanguage\":\"vi\"}]}<\/script>\n<!-- \/ Yoast SEO plugin. -->","yoast_head_json":{"title":"No3 London Dry Gin - Alchemy Asia","robots":{"index":"index","follow":"follow","max-snippet":"max-snippet:-1","max-image-preview":"max-image-preview:large","max-video-preview":"max-video-preview:-1"},"canonical":"https:\/\/alchemy-asia.com\/vi\/san-pham\/no3-london-dry-gin\/","og_locale":"vi_VN","og_type":"article","og_title":"No3 London Dry Gin - Alchemy Asia","og_description":"No.3 l\u00e0 lo\u1ea1i Dry Gin London c\u1ed5 \u0111i\u1ec3n \u0111\u01b0\u1ee3c ch\u01b0ng c\u1ea5t d\u1ef1a theo c\u00f4ng th\u1ee9c \u0111\u1ed9c quy\u1ec1n c\u1ee7a nh\u00e0 Berry Bros. v\u00e0 Rudd, h\u00e3ng b\u00e1n r\u01b0\u1ee3u l\u00e2u \u0111\u1eddi nh\u1ea5t c\u1ee7a London v\u1ec1 vang v\u00e0 r\u01b0\u1ee3u m\u1ea1nh.  T\u00ean g\u1ecdi No.3 g\u1ee3i nh\u1eafc \u0111\u1ebfn \u0111\u1ecba ch\u1ec9 t\u1ea1i \u0111\u01b0\u1eddng St.James, London: tr\u1ee5 s\u1edf c\u1ee7a h\u00e3ng nh\u1eefng n\u0103m 1698. No.3 \u0111\u01b0\u1ee3c s\u00e1ng t\u1ea1o nh\u01b0 l\u00e0 s\u1ea3n ph\u1ea9m tuy\u1ec7t h\u1ea3o nh\u1ea5t trong d\u00f2ng gin \u0111\u1ec3 pha ch\u1ebf Dry Martini.  Trung t\u00e2m l\u00e0 qu\u1ea3 Juniper, No.3 kh\u00f4ng h\u1ed5 danh t\u00f4n vinh s\u01b0 nguy\u00ean thu\u1ef7 v\u00e0 t\u00ednh \u0111\u1eb7c tr\u01b0ng c\u1ee7a lo\u1ea1i Dry Gin truy\u1ec1n th\u1ed1ng c\u1ee7a London: 6 lo\u1ea1i th\u1ea3o m\u1ed9c v\u1edbi s\u1ef1 c\u00e2n b\u1eb1ng ho\u00e0n h\u1ea3o \u0111\u01b0\u1ee3c ch\u01b0ng c\u1ea5t trong nh\u1eefng b\u00ecnh \u1ee7 r\u01b0\u1ee3u truy\u1ec1n th\u1ed1ng.  C\u00e1c lo\u1ea1i th\u1ea3o m\u1ed9c: v\u1ecf c\u1ea3m, v\u1ecf b\u01b0\u1edfi, r\u1ec5 c\u00e2y \u0111\u01b0\u01a1ng quy, l\u00e1 ng\u00f2 Marroc v\u00e0 c\u00e2y b\u1ea1ch \u0111\u1eadu kh\u1ea5u.   M\u00f9i: T\u01b0\u01a1i m\u00e1t, s\u1ea3ng kho\u00e1 v\u00e0 h\u01b0\u01a1ng th\u01a1m \u0111\u1ea7y k\u00edch th\u00edch c\u1ee7a Juniper.  V\u1ecb: H\u01b0\u01a1ng qu\u1ea3 Juniper ng\u00e0o ng\u1ea1t, h\u01b0\u01a1ng hoa v\u00e0 v\u1ecb cay n\u1ed3ng c\u1ee7a b\u1ea1ch \u0111\u1eadu kh\u1ea5u. C\u00e1c lo\u1ea1i m\u00f9i cam qu\u00fdt \u0111\u01b0\u1ee3c b\u1ed5 sung b\u1edfi v\u1ecb cay g\u1eebng c\u1ee7a l\u00e1 ng\u00f2.  H\u1eadu v\u1ecb: r\u1ec5 c\u00e2y \u0111\u01b0\u01a1ng quy \u0111\u1ec3 l\u00e1t ch\u00fat d\u01b0 v\u1ecb cay.  C\u00e1ch th\u01b0\u1edfng th\u1ee9c: Dry Martini, pha v\u1edbi tonic lo\u1ea1i ngon.","og_url":"https:\/\/alchemy-asia.com\/vi\/san-pham\/no3-london-dry-gin\/","og_site_name":"Alchemy Asia","article_modified_time":"2024-08-06T02:57:41+00:00","og_image":[{"width":2480,"height":2480,"url":"https:\/\/alchemy-asia.com\/vi\/wp-content\/uploads\/sites\/3\/2017\/07\/No3-London-Dry-Gin.png","type":"image\/png"}],"twitter_card":"summary_large_image","twitter_misc":{"\u01af\u1edbc t\u00ednh th\u1eddi gian \u0111\u1ecdc":"1 ph\u00fat"},"schema":{"@context":"https:\/\/schema.org","@graph":[{"@type":"WebPage","@id":"https:\/\/alchemy-asia.com\/vi\/san-pham\/no3-london-dry-gin\/","url":"https:\/\/alchemy-asia.com\/vi\/san-pham\/no3-london-dry-gin\/","name":"No3 London Dry Gin - Alchemy Asia","isPartOf":{"@id":"https:\/\/alchemy-asia.com\/vi\/#website"},"primaryImageOfPage":{"@id":"https:\/\/alchemy-asia.com\/vi\/san-pham\/no3-london-dry-gin\/#primaryimage"},"image":{"@id":"https:\/\/alchemy-asia.com\/vi\/san-pham\/no3-london-dry-gin\/#primaryimage"},"thumbnailUrl":"https:\/\/alchemy-asia.com\/vi\/wp-content\/uploads\/sites\/3\/2017\/07\/No3-London-Dry-Gin.png","datePublished":"2017-07-26T03:07:41+00:00","dateModified":"2024-08-06T02:57:41+00:00","breadcrumb":{"@id":"https:\/\/alchemy-asia.com\/vi\/san-pham\/no3-london-dry-gin\/#breadcrumb"},"inLanguage":"vi","potentialAction":[{"@type":"ReadAction","target":["https:\/\/alchemy-asia.com\/vi\/san-pham\/no3-london-dry-gin\/"]}]},{"@type":"ImageObject","inLanguage":"vi","@id":"https:\/\/alchemy-asia.com\/vi\/san-pham\/no3-london-dry-gin\/#primaryimage","url":"https:\/\/alchemy-asia.com\/vi\/wp-content\/uploads\/sites\/3\/2017\/07\/No3-London-Dry-Gin.png","contentUrl":"https:\/\/alchemy-asia.com\/vi\/wp-content\/uploads\/sites\/3\/2017\/07\/No3-London-Dry-Gin.png","width":2480,"height":2480,"caption":"No3 London Dry Gin"},{"@type":"BreadcrumbList","@id":"https:\/\/alchemy-asia.com\/vi\/san-pham\/no3-london-dry-gin\/#breadcrumb","itemListElement":[{"@type":"ListItem","position":1,"name":"Home","item":"https:\/\/alchemy-asia.com\/vi\/"},{"@type":"ListItem","position":2,"name":"No3 London Dry Gin"}]},{"@type":"WebSite","@id":"https:\/\/alchemy-asia.com\/vi\/#website","url":"https:\/\/alchemy-asia.com\/vi\/","name":"Alchemy Asia","description":"Just another Alchemy Asia Sites site","potentialAction":[{"@type":"SearchAction","target":{"@type":"EntryPoint","urlTemplate":"https:\/\/alchemy-asia.com\/vi\/?s={search_term_string}"},"query-input":"required name=search_term_string"}],"inLanguage":"vi"}]}},"_links":{"self":[{"href":"https:\/\/alchemy-asia.com\/vi\/wp-json\/wp\/v2\/product\/840","targetHints":{"allow":["GET"]}}],"collection":[{"href":"https:\/\/alchemy-asia.com\/vi\/wp-json\/wp\/v2\/product"}],"about":[{"href":"https:\/\/alchemy-asia.com\/vi\/wp-json\/wp\/v2\/types\/product"}],"replies":[{"embeddable":true,"href":"https:\/\/alchemy-asia.com\/vi\/wp-json\/wp\/v2\/comments?post=840"}],"wp:featuredmedia":[{"embeddable":true,"href":"https:\/\/alchemy-asia.com\/vi\/wp-json\/wp\/v2\/media\/8824"}],"wp:attachment":[{"href":"https:\/\/alchemy-asia.com\/vi\/wp-json\/wp\/v2\/media?parent=840"}],"wp:term":[{"taxonomy":"product_cat","embeddable":true,"href":"https:\/\/alchemy-asia.com\/vi\/wp-json\/wp\/v2\/product_cat?post=840"},{"taxonomy":"product_tag","embeddable":true,"href":"https:\/\/alchemy-asia.com\/vi\/wp-json\/wp\/v2\/product_tag?post=840"}],"curies":[{"name":"wp","href":"https:\/\/api.w.org\/{rel}","templated":true}]}}