{"id":8404,"date":"2024-09-10T08:38:12","date_gmt":"2024-09-10T08:38:12","guid":{"rendered":"https:\/\/alchemy-asia.com\/vi\/?post_type=product&#038;p=8404"},"modified":"2024-09-12T08:56:21","modified_gmt":"2024-09-12T08:56:21","slug":"bols-genever-gin-2","status":"publish","type":"product","link":"https:\/\/alchemy-asia.com\/vi\/san-pham\/bols-genever-gin-2\/","title":{"rendered":"Bols Genever Gin"},"content":{"rendered":"","protected":false},"excerpt":{"rendered":"<p><span data-sheets-root=\"1\" data-sheets-value=\"{&quot;1&quot;:2,&quot;2&quot;:&quot;Genever l\u00e0 s\u1ea3n ph\u1ea9m c\u00f3 nhi\u1ec1u gi\u1ea3i th\u01b0\u1edfng, \u0111\u01b0\u1ee3c l\u00e0m theo c\u00f4ng th\u1ee9c Bols Genever ban \u0111\u1ea7u n\u0103m 1820. V\u1ecb m\u1ea1ch nha m\u1ecbn m\u00e0ng c\u1ee7a n\u00f3 c\u00f3 h\u01b0\u01a1ng m\u01a1 tinh t\u1ebf v\u00e0 g\u1ee3i \u00fd c\u1ee7a c\u00e2y b\u00e1ch x\u00f9. Bols Genever Original l\u00e0 m\u1ed9t lo\u1ea1i r\u01b0\u1ee3u d\u00e0nh cho pha ch\u1ebf th\u1ef1c s\u1ef1, mang l\u1ea1i s\u1ef1 ph\u1ee9c t\u1ea1p v\u00e0 \u0111\u1eb7c tr\u01b0ng cho nhi\u1ec1u lo\u1ea1i cocktail.&quot;}\" data-sheets-userformat=\"{&quot;2&quot;:7165,&quot;3&quot;:{&quot;1&quot;:0},&quot;5&quot;:{&quot;1&quot;:[{&quot;1&quot;:2,&quot;2&quot;:0,&quot;5&quot;:{&quot;1&quot;:2,&quot;2&quot;:0}},{&quot;1&quot;:0,&quot;2&quot;:0,&quot;3&quot;:3},{&quot;1&quot;:1,&quot;2&quot;:0,&quot;4&quot;:1}]},&quot;6&quot;:{&quot;1&quot;:[{&quot;1&quot;:2,&quot;2&quot;:0,&quot;5&quot;:{&quot;1&quot;:2,&quot;2&quot;:0}},{&quot;1&quot;:0,&quot;2&quot;:0,&quot;3&quot;:3},{&quot;1&quot;:1,&quot;2&quot;:0,&quot;4&quot;:1}]},&quot;7&quot;:{&quot;1&quot;:[{&quot;1&quot;:2,&quot;2&quot;:0,&quot;5&quot;:{&quot;1&quot;:2,&quot;2&quot;:0}},{&quot;1&quot;:0,&quot;2&quot;:0,&quot;3&quot;:3},{&quot;1&quot;:1,&quot;2&quot;:0,&quot;4&quot;:1}]},&quot;8&quot;:{&quot;1&quot;:[{&quot;1&quot;:2,&quot;2&quot;:0,&quot;5&quot;:{&quot;1&quot;:2,&quot;2&quot;:0}},{&quot;1&quot;:0,&quot;2&quot;:0,&quot;3&quot;:3},{&quot;1&quot;:1,&quot;2&quot;:0,&quot;4&quot;:1}]},&quot;9&quot;:0,&quot;10&quot;:1,&quot;11&quot;:4,&quot;12&quot;:0,&quot;14&quot;:{&quot;1&quot;:2,&quot;2&quot;:0},&quot;15&quot;:&quot;Arial, sans-serif&quot;}\">Genever l\u00e0 s\u1ea3n ph\u1ea9m c\u00f3 nhi\u1ec1u gi\u1ea3i th\u01b0\u1edfng, \u0111\u01b0\u1ee3c l\u00e0m theo c\u00f4ng th\u1ee9c Bols Genever ban \u0111\u1ea7u n\u0103m 1820. V\u1ecb m\u1ea1ch nha m\u1ecbn m\u00e0ng c\u1ee7a n\u00f3 c\u00f3 h\u01b0\u01a1ng m\u01a1 tinh t\u1ebf v\u00e0 g\u1ee3i \u00fd c\u1ee7a c\u00e2y b\u00e1ch x\u00f9. Bols Genever Original l\u00e0 m\u1ed9t lo\u1ea1i r\u01b0\u1ee3u d\u00e0nh cho pha ch\u1ebf th\u1ef1c s\u1ef1, mang l\u1ea1i s\u1ef1 ph\u1ee9c t\u1ea1p v\u00e0 \u0111\u1eb7c tr\u01b0ng cho nhi\u1ec1u lo\u1ea1i cocktail.<\/span><\/p>\n","protected":false},"featured_media":8890,"comment_status":"open","ping_status":"closed","template":"","meta":{"_acf_changed":false},"product_cat":[52],"product_tag":[],"class_list":{"0":"post-8404","1":"product","2":"type-product","3":"status-publish","4":"has-post-thumbnail","6":"product_cat-gin","7":"brand-lucas-bols","9":"first","10":"instock","11":"shipping-taxable","12":"product-type-simple"},"acf":[],"yoast_head":"<!-- This site is optimized with the Yoast SEO plugin v23.0 - https:\/\/yoast.com\/wordpress\/plugins\/seo\/ -->\n<title>Bols Genever Gin - Alchemy Asia<\/title>\n<meta name=\"robots\" content=\"index, follow, max-snippet:-1, max-image-preview:large, max-video-preview:-1\" \/>\n<link rel=\"canonical\" href=\"https:\/\/alchemy-asia.com\/vi\/san-pham\/bols-genever-gin-2\/\" \/>\n<meta property=\"og:locale\" content=\"vi_VN\" \/>\n<meta property=\"og:type\" content=\"article\" \/>\n<meta property=\"og:title\" content=\"Bols Genever Gin - Alchemy Asia\" \/>\n<meta property=\"og:description\" content=\"Genever l\u00e0 s\u1ea3n ph\u1ea9m c\u00f3 nhi\u1ec1u gi\u1ea3i th\u01b0\u1edfng, \u0111\u01b0\u1ee3c l\u00e0m theo c\u00f4ng th\u1ee9c Bols Genever ban \u0111\u1ea7u n\u0103m 1820. V\u1ecb m\u1ea1ch nha m\u1ecbn m\u00e0ng c\u1ee7a n\u00f3 c\u00f3 h\u01b0\u01a1ng m\u01a1 tinh t\u1ebf v\u00e0 g\u1ee3i \u00fd c\u1ee7a c\u00e2y b\u00e1ch x\u00f9. Bols Genever Original l\u00e0 m\u1ed9t lo\u1ea1i r\u01b0\u1ee3u d\u00e0nh cho pha ch\u1ebf th\u1ef1c s\u1ef1, mang l\u1ea1i s\u1ef1 ph\u1ee9c t\u1ea1p v\u00e0 \u0111\u1eb7c tr\u01b0ng cho nhi\u1ec1u lo\u1ea1i cocktail.\" \/>\n<meta property=\"og:url\" content=\"https:\/\/alchemy-asia.com\/vi\/san-pham\/bols-genever-gin-2\/\" \/>\n<meta property=\"og:site_name\" content=\"Alchemy Asia\" \/>\n<meta property=\"article:modified_time\" content=\"2024-09-12T08:56:21+00:00\" \/>\n<meta property=\"og:image\" content=\"https:\/\/alchemy-asia.com\/vi\/wp-content\/uploads\/sites\/3\/2017\/07\/Bols-Genever-Gin-Amsterdam.png\" \/>\n\t<meta property=\"og:image:width\" content=\"2480\" \/>\n\t<meta property=\"og:image:height\" content=\"2480\" \/>\n\t<meta property=\"og:image:type\" content=\"image\/png\" \/>\n<meta name=\"twitter:card\" content=\"summary_large_image\" \/>\n<meta name=\"twitter:label1\" content=\"\u01af\u1edbc t\u00ednh th\u1eddi gian \u0111\u1ecdc\" \/>\n\t<meta name=\"twitter:data1\" content=\"1 ph\u00fat\" \/>\n<script type=\"application\/ld+json\" class=\"yoast-schema-graph\">{\"@context\":\"https:\/\/schema.org\",\"@graph\":[{\"@type\":\"WebPage\",\"@id\":\"https:\/\/alchemy-asia.com\/vi\/san-pham\/bols-genever-gin-2\/\",\"url\":\"https:\/\/alchemy-asia.com\/vi\/san-pham\/bols-genever-gin-2\/\",\"name\":\"Bols Genever Gin - Alchemy Asia\",\"isPartOf\":{\"@id\":\"https:\/\/alchemy-asia.com\/vi\/#website\"},\"primaryImageOfPage\":{\"@id\":\"https:\/\/alchemy-asia.com\/vi\/san-pham\/bols-genever-gin-2\/#primaryimage\"},\"image\":{\"@id\":\"https:\/\/alchemy-asia.com\/vi\/san-pham\/bols-genever-gin-2\/#primaryimage\"},\"thumbnailUrl\":\"https:\/\/alchemy-asia.com\/vi\/wp-content\/uploads\/sites\/3\/2017\/07\/Bols-Genever-Gin-Amsterdam.png\",\"datePublished\":\"2024-09-10T08:38:12+00:00\",\"dateModified\":\"2024-09-12T08:56:21+00:00\",\"breadcrumb\":{\"@id\":\"https:\/\/alchemy-asia.com\/vi\/san-pham\/bols-genever-gin-2\/#breadcrumb\"},\"inLanguage\":\"vi\",\"potentialAction\":[{\"@type\":\"ReadAction\",\"target\":[\"https:\/\/alchemy-asia.com\/vi\/san-pham\/bols-genever-gin-2\/\"]}]},{\"@type\":\"ImageObject\",\"inLanguage\":\"vi\",\"@id\":\"https:\/\/alchemy-asia.com\/vi\/san-pham\/bols-genever-gin-2\/#primaryimage\",\"url\":\"https:\/\/alchemy-asia.com\/vi\/wp-content\/uploads\/sites\/3\/2017\/07\/Bols-Genever-Gin-Amsterdam.png\",\"contentUrl\":\"https:\/\/alchemy-asia.com\/vi\/wp-content\/uploads\/sites\/3\/2017\/07\/Bols-Genever-Gin-Amsterdam.png\",\"width\":2480,\"height\":2480},{\"@type\":\"BreadcrumbList\",\"@id\":\"https:\/\/alchemy-asia.com\/vi\/san-pham\/bols-genever-gin-2\/#breadcrumb\",\"itemListElement\":[{\"@type\":\"ListItem\",\"position\":1,\"name\":\"Home\",\"item\":\"https:\/\/alchemy-asia.com\/vi\/\"},{\"@type\":\"ListItem\",\"position\":2,\"name\":\"Bols Genever Gin\"}]},{\"@type\":\"WebSite\",\"@id\":\"https:\/\/alchemy-asia.com\/vi\/#website\",\"url\":\"https:\/\/alchemy-asia.com\/vi\/\",\"name\":\"Alchemy Asia\",\"description\":\"Just another Alchemy Asia Sites site\",\"potentialAction\":[{\"@type\":\"SearchAction\",\"target\":{\"@type\":\"EntryPoint\",\"urlTemplate\":\"https:\/\/alchemy-asia.com\/vi\/?s={search_term_string}\"},\"query-input\":\"required name=search_term_string\"}],\"inLanguage\":\"vi\"}]}<\/script>\n<!-- \/ Yoast SEO plugin. -->","yoast_head_json":{"title":"Bols Genever Gin - Alchemy Asia","robots":{"index":"index","follow":"follow","max-snippet":"max-snippet:-1","max-image-preview":"max-image-preview:large","max-video-preview":"max-video-preview:-1"},"canonical":"https:\/\/alchemy-asia.com\/vi\/san-pham\/bols-genever-gin-2\/","og_locale":"vi_VN","og_type":"article","og_title":"Bols Genever Gin - Alchemy Asia","og_description":"Genever l\u00e0 s\u1ea3n ph\u1ea9m c\u00f3 nhi\u1ec1u gi\u1ea3i th\u01b0\u1edfng, \u0111\u01b0\u1ee3c l\u00e0m theo c\u00f4ng th\u1ee9c Bols Genever ban \u0111\u1ea7u n\u0103m 1820. V\u1ecb m\u1ea1ch nha m\u1ecbn m\u00e0ng c\u1ee7a n\u00f3 c\u00f3 h\u01b0\u01a1ng m\u01a1 tinh t\u1ebf v\u00e0 g\u1ee3i \u00fd c\u1ee7a c\u00e2y b\u00e1ch x\u00f9. Bols Genever Original l\u00e0 m\u1ed9t lo\u1ea1i r\u01b0\u1ee3u d\u00e0nh cho pha ch\u1ebf th\u1ef1c s\u1ef1, mang l\u1ea1i s\u1ef1 ph\u1ee9c t\u1ea1p v\u00e0 \u0111\u1eb7c tr\u01b0ng cho nhi\u1ec1u lo\u1ea1i cocktail.","og_url":"https:\/\/alchemy-asia.com\/vi\/san-pham\/bols-genever-gin-2\/","og_site_name":"Alchemy Asia","article_modified_time":"2024-09-12T08:56:21+00:00","og_image":[{"width":2480,"height":2480,"url":"https:\/\/alchemy-asia.com\/vi\/wp-content\/uploads\/sites\/3\/2017\/07\/Bols-Genever-Gin-Amsterdam.png","type":"image\/png"}],"twitter_card":"summary_large_image","twitter_misc":{"\u01af\u1edbc t\u00ednh th\u1eddi gian \u0111\u1ecdc":"1 ph\u00fat"},"schema":{"@context":"https:\/\/schema.org","@graph":[{"@type":"WebPage","@id":"https:\/\/alchemy-asia.com\/vi\/san-pham\/bols-genever-gin-2\/","url":"https:\/\/alchemy-asia.com\/vi\/san-pham\/bols-genever-gin-2\/","name":"Bols Genever Gin - Alchemy Asia","isPartOf":{"@id":"https:\/\/alchemy-asia.com\/vi\/#website"},"primaryImageOfPage":{"@id":"https:\/\/alchemy-asia.com\/vi\/san-pham\/bols-genever-gin-2\/#primaryimage"},"image":{"@id":"https:\/\/alchemy-asia.com\/vi\/san-pham\/bols-genever-gin-2\/#primaryimage"},"thumbnailUrl":"https:\/\/alchemy-asia.com\/vi\/wp-content\/uploads\/sites\/3\/2017\/07\/Bols-Genever-Gin-Amsterdam.png","datePublished":"2024-09-10T08:38:12+00:00","dateModified":"2024-09-12T08:56:21+00:00","breadcrumb":{"@id":"https:\/\/alchemy-asia.com\/vi\/san-pham\/bols-genever-gin-2\/#breadcrumb"},"inLanguage":"vi","potentialAction":[{"@type":"ReadAction","target":["https:\/\/alchemy-asia.com\/vi\/san-pham\/bols-genever-gin-2\/"]}]},{"@type":"ImageObject","inLanguage":"vi","@id":"https:\/\/alchemy-asia.com\/vi\/san-pham\/bols-genever-gin-2\/#primaryimage","url":"https:\/\/alchemy-asia.com\/vi\/wp-content\/uploads\/sites\/3\/2017\/07\/Bols-Genever-Gin-Amsterdam.png","contentUrl":"https:\/\/alchemy-asia.com\/vi\/wp-content\/uploads\/sites\/3\/2017\/07\/Bols-Genever-Gin-Amsterdam.png","width":2480,"height":2480},{"@type":"BreadcrumbList","@id":"https:\/\/alchemy-asia.com\/vi\/san-pham\/bols-genever-gin-2\/#breadcrumb","itemListElement":[{"@type":"ListItem","position":1,"name":"Home","item":"https:\/\/alchemy-asia.com\/vi\/"},{"@type":"ListItem","position":2,"name":"Bols Genever Gin"}]},{"@type":"WebSite","@id":"https:\/\/alchemy-asia.com\/vi\/#website","url":"https:\/\/alchemy-asia.com\/vi\/","name":"Alchemy Asia","description":"Just another Alchemy Asia Sites site","potentialAction":[{"@type":"SearchAction","target":{"@type":"EntryPoint","urlTemplate":"https:\/\/alchemy-asia.com\/vi\/?s={search_term_string}"},"query-input":"required name=search_term_string"}],"inLanguage":"vi"}]}},"_links":{"self":[{"href":"https:\/\/alchemy-asia.com\/vi\/wp-json\/wp\/v2\/product\/8404","targetHints":{"allow":["GET"]}}],"collection":[{"href":"https:\/\/alchemy-asia.com\/vi\/wp-json\/wp\/v2\/product"}],"about":[{"href":"https:\/\/alchemy-asia.com\/vi\/wp-json\/wp\/v2\/types\/product"}],"replies":[{"embeddable":true,"href":"https:\/\/alchemy-asia.com\/vi\/wp-json\/wp\/v2\/comments?post=8404"}],"wp:featuredmedia":[{"embeddable":true,"href":"https:\/\/alchemy-asia.com\/vi\/wp-json\/wp\/v2\/media\/8890"}],"wp:attachment":[{"href":"https:\/\/alchemy-asia.com\/vi\/wp-json\/wp\/v2\/media?parent=8404"}],"wp:term":[{"taxonomy":"product_cat","embeddable":true,"href":"https:\/\/alchemy-asia.com\/vi\/wp-json\/wp\/v2\/product_cat?post=8404"},{"taxonomy":"product_tag","embeddable":true,"href":"https:\/\/alchemy-asia.com\/vi\/wp-json\/wp\/v2\/product_tag?post=8404"}],"curies":[{"name":"wp","href":"https:\/\/api.w.org\/{rel}","templated":true}]}}