{"id":8405,"date":"2024-07-25T04:42:10","date_gmt":"2024-07-25T04:42:10","guid":{"rendered":"https:\/\/alchemy-asia.com\/vi\/?post_type=product&#038;p=8405"},"modified":"2024-07-25T04:42:10","modified_gmt":"2024-07-25T04:42:10","slug":"lady-trieu-sapa-citrus-tea-gin","status":"publish","type":"product","link":"https:\/\/alchemy-asia.com\/vi\/san-pham\/lady-trieu-sapa-citrus-tea-gin\/","title":{"rendered":"Lady Tri\u1ec7u Sapa Citrus Tea Gin"},"content":{"rendered":"","protected":false},"excerpt":{"rendered":"<p>Lady Tri\u1ec7u Gin t\u1ef1 h\u00e0o \u0111\u01b0\u1ee3c s\u1ea3n xu\u1ea5t th\u1ee7 c\u00f4ng theo t\u1eebng l\u00f4 nh\u1ecf. Lady Tri\u1ec7u Sapa Citrus Tea Gin s\u1eed d\u1ee5ng nh\u1eefng th\u1ea3o m\u1ed9c Vi\u1ec7t Nam phong ph\u00fa nh\u01b0 tr\u00e0 oolong h\u00e1i n\u00fai, m\u1eafc m\u1eadt, qu\u00fdt t\u01b0\u01a1i, tr\u00e1i ph\u1eadt th\u1ee7 v\u00e0 b\u01b0\u1edfi. Ngo\u00e0i ra h\u01b0\u01a1ng v\u1ecb c\u00f2n \u0111\u1ebfn t\u1eeb nh\u1eefng h\u1ea1t b\u00e1ch x\u00f9 \u00dd tinh t\u00fay nh\u1ea5t. N\u1ed1t h\u01b0\u01a1ng: M\u1ed9t s\u1ef1 h\u00f2a quy\u1ec7n mang m\u00f9i th\u01a1m \u0111\u1eb7c bi\u1ec7t c\u1ee7a h\u01b0\u01a1ng th\u1ea3o m\u1ed9c t\u1eeb tr\u00e0 oolong, h\u01b0\u01a1ng cam chanh v\u00e0 qu\u1ea3 h\u1ea1ch.<\/p>\n","protected":false},"featured_media":8409,"comment_status":"open","ping_status":"closed","template":"","meta":{"_acf_changed":false},"product_cat":[52],"product_tag":[],"class_list":{"0":"post-8405","1":"product","2":"type-product","3":"status-publish","4":"has-post-thumbnail","6":"product_cat-gin","7":"brand-lady-trieu","9":"first","10":"instock","11":"shipping-taxable","12":"product-type-simple"},"acf":[],"yoast_head":"<!-- This site is optimized with the Yoast SEO plugin v23.0 - https:\/\/yoast.com\/wordpress\/plugins\/seo\/ -->\n<title>Lady Tri\u1ec7u Sapa Citrus Tea Gin - Alchemy Asia<\/title>\n<meta name=\"robots\" content=\"index, follow, max-snippet:-1, max-image-preview:large, max-video-preview:-1\" \/>\n<link rel=\"canonical\" href=\"https:\/\/alchemy-asia.com\/vi\/san-pham\/lady-trieu-sapa-citrus-tea-gin\/\" \/>\n<meta property=\"og:locale\" content=\"vi_VN\" \/>\n<meta property=\"og:type\" content=\"article\" \/>\n<meta property=\"og:title\" content=\"Lady Tri\u1ec7u Sapa Citrus Tea Gin - Alchemy Asia\" \/>\n<meta property=\"og:description\" content=\"Lady Tri\u1ec7u Gin t\u1ef1 h\u00e0o \u0111\u01b0\u1ee3c s\u1ea3n xu\u1ea5t th\u1ee7 c\u00f4ng theo t\u1eebng l\u00f4 nh\u1ecf. Lady Tri\u1ec7u Sapa Citrus Tea Gin s\u1eed d\u1ee5ng nh\u1eefng th\u1ea3o m\u1ed9c Vi\u1ec7t Nam phong ph\u00fa nh\u01b0 tr\u00e0 oolong h\u00e1i n\u00fai, m\u1eafc m\u1eadt, qu\u00fdt t\u01b0\u01a1i, tr\u00e1i ph\u1eadt th\u1ee7 v\u00e0 b\u01b0\u1edfi. Ngo\u00e0i ra h\u01b0\u01a1ng v\u1ecb c\u00f2n \u0111\u1ebfn t\u1eeb nh\u1eefng h\u1ea1t b\u00e1ch x\u00f9 \u00dd tinh t\u00fay nh\u1ea5t. N\u1ed1t h\u01b0\u01a1ng: M\u1ed9t s\u1ef1 h\u00f2a quy\u1ec7n mang m\u00f9i th\u01a1m \u0111\u1eb7c bi\u1ec7t c\u1ee7a h\u01b0\u01a1ng th\u1ea3o m\u1ed9c t\u1eeb tr\u00e0 oolong, h\u01b0\u01a1ng cam chanh v\u00e0 qu\u1ea3 h\u1ea1ch.\" \/>\n<meta property=\"og:url\" content=\"https:\/\/alchemy-asia.com\/vi\/san-pham\/lady-trieu-sapa-citrus-tea-gin\/\" \/>\n<meta property=\"og:site_name\" content=\"Alchemy Asia\" \/>\n<meta property=\"og:image\" content=\"https:\/\/alchemy-asia.com\/vi\/wp-content\/uploads\/sites\/3\/2024\/07\/LDT-Sapa.png\" \/>\n\t<meta property=\"og:image:width\" content=\"2480\" \/>\n\t<meta property=\"og:image:height\" content=\"2480\" \/>\n\t<meta property=\"og:image:type\" content=\"image\/png\" \/>\n<meta name=\"twitter:card\" content=\"summary_large_image\" \/>\n<meta name=\"twitter:label1\" content=\"\u01af\u1edbc t\u00ednh th\u1eddi gian \u0111\u1ecdc\" \/>\n\t<meta name=\"twitter:data1\" content=\"1 ph\u00fat\" \/>\n<script type=\"application\/ld+json\" class=\"yoast-schema-graph\">{\"@context\":\"https:\/\/schema.org\",\"@graph\":[{\"@type\":\"WebPage\",\"@id\":\"https:\/\/alchemy-asia.com\/vi\/san-pham\/lady-trieu-sapa-citrus-tea-gin\/\",\"url\":\"https:\/\/alchemy-asia.com\/vi\/san-pham\/lady-trieu-sapa-citrus-tea-gin\/\",\"name\":\"Lady Tri\u1ec7u Sapa Citrus Tea Gin - Alchemy Asia\",\"isPartOf\":{\"@id\":\"https:\/\/alchemy-asia.com\/vi\/#website\"},\"primaryImageOfPage\":{\"@id\":\"https:\/\/alchemy-asia.com\/vi\/san-pham\/lady-trieu-sapa-citrus-tea-gin\/#primaryimage\"},\"image\":{\"@id\":\"https:\/\/alchemy-asia.com\/vi\/san-pham\/lady-trieu-sapa-citrus-tea-gin\/#primaryimage\"},\"thumbnailUrl\":\"https:\/\/alchemy-asia.com\/vi\/wp-content\/uploads\/sites\/3\/2024\/07\/LDT-Sapa.png\",\"datePublished\":\"2024-07-25T04:42:10+00:00\",\"dateModified\":\"2024-07-25T04:42:10+00:00\",\"breadcrumb\":{\"@id\":\"https:\/\/alchemy-asia.com\/vi\/san-pham\/lady-trieu-sapa-citrus-tea-gin\/#breadcrumb\"},\"inLanguage\":\"vi\",\"potentialAction\":[{\"@type\":\"ReadAction\",\"target\":[\"https:\/\/alchemy-asia.com\/vi\/san-pham\/lady-trieu-sapa-citrus-tea-gin\/\"]}]},{\"@type\":\"ImageObject\",\"inLanguage\":\"vi\",\"@id\":\"https:\/\/alchemy-asia.com\/vi\/san-pham\/lady-trieu-sapa-citrus-tea-gin\/#primaryimage\",\"url\":\"https:\/\/alchemy-asia.com\/vi\/wp-content\/uploads\/sites\/3\/2024\/07\/LDT-Sapa.png\",\"contentUrl\":\"https:\/\/alchemy-asia.com\/vi\/wp-content\/uploads\/sites\/3\/2024\/07\/LDT-Sapa.png\",\"width\":2480,\"height\":2480,\"caption\":\"Lady Tri\u1ec7u Sapa Citrus Tea Gin\"},{\"@type\":\"BreadcrumbList\",\"@id\":\"https:\/\/alchemy-asia.com\/vi\/san-pham\/lady-trieu-sapa-citrus-tea-gin\/#breadcrumb\",\"itemListElement\":[{\"@type\":\"ListItem\",\"position\":1,\"name\":\"Home\",\"item\":\"https:\/\/alchemy-asia.com\/vi\/\"},{\"@type\":\"ListItem\",\"position\":2,\"name\":\"Lady Tri\u1ec7u Sapa Citrus Tea Gin\"}]},{\"@type\":\"WebSite\",\"@id\":\"https:\/\/alchemy-asia.com\/vi\/#website\",\"url\":\"https:\/\/alchemy-asia.com\/vi\/\",\"name\":\"Alchemy Asia\",\"description\":\"Just another Alchemy Asia Sites site\",\"potentialAction\":[{\"@type\":\"SearchAction\",\"target\":{\"@type\":\"EntryPoint\",\"urlTemplate\":\"https:\/\/alchemy-asia.com\/vi\/?s={search_term_string}\"},\"query-input\":\"required name=search_term_string\"}],\"inLanguage\":\"vi\"}]}<\/script>\n<!-- \/ Yoast SEO plugin. -->","yoast_head_json":{"title":"Lady Tri\u1ec7u Sapa Citrus Tea Gin - Alchemy Asia","robots":{"index":"index","follow":"follow","max-snippet":"max-snippet:-1","max-image-preview":"max-image-preview:large","max-video-preview":"max-video-preview:-1"},"canonical":"https:\/\/alchemy-asia.com\/vi\/san-pham\/lady-trieu-sapa-citrus-tea-gin\/","og_locale":"vi_VN","og_type":"article","og_title":"Lady Tri\u1ec7u Sapa Citrus Tea Gin - Alchemy Asia","og_description":"Lady Tri\u1ec7u Gin t\u1ef1 h\u00e0o \u0111\u01b0\u1ee3c s\u1ea3n xu\u1ea5t th\u1ee7 c\u00f4ng theo t\u1eebng l\u00f4 nh\u1ecf. Lady Tri\u1ec7u Sapa Citrus Tea Gin s\u1eed d\u1ee5ng nh\u1eefng th\u1ea3o m\u1ed9c Vi\u1ec7t Nam phong ph\u00fa nh\u01b0 tr\u00e0 oolong h\u00e1i n\u00fai, m\u1eafc m\u1eadt, qu\u00fdt t\u01b0\u01a1i, tr\u00e1i ph\u1eadt th\u1ee7 v\u00e0 b\u01b0\u1edfi. Ngo\u00e0i ra h\u01b0\u01a1ng v\u1ecb c\u00f2n \u0111\u1ebfn t\u1eeb nh\u1eefng h\u1ea1t b\u00e1ch x\u00f9 \u00dd tinh t\u00fay nh\u1ea5t. N\u1ed1t h\u01b0\u01a1ng: M\u1ed9t s\u1ef1 h\u00f2a quy\u1ec7n mang m\u00f9i th\u01a1m \u0111\u1eb7c bi\u1ec7t c\u1ee7a h\u01b0\u01a1ng th\u1ea3o m\u1ed9c t\u1eeb tr\u00e0 oolong, h\u01b0\u01a1ng cam chanh v\u00e0 qu\u1ea3 h\u1ea1ch.","og_url":"https:\/\/alchemy-asia.com\/vi\/san-pham\/lady-trieu-sapa-citrus-tea-gin\/","og_site_name":"Alchemy Asia","og_image":[{"width":2480,"height":2480,"url":"https:\/\/alchemy-asia.com\/vi\/wp-content\/uploads\/sites\/3\/2024\/07\/LDT-Sapa.png","type":"image\/png"}],"twitter_card":"summary_large_image","twitter_misc":{"\u01af\u1edbc t\u00ednh th\u1eddi gian \u0111\u1ecdc":"1 ph\u00fat"},"schema":{"@context":"https:\/\/schema.org","@graph":[{"@type":"WebPage","@id":"https:\/\/alchemy-asia.com\/vi\/san-pham\/lady-trieu-sapa-citrus-tea-gin\/","url":"https:\/\/alchemy-asia.com\/vi\/san-pham\/lady-trieu-sapa-citrus-tea-gin\/","name":"Lady Tri\u1ec7u Sapa Citrus Tea Gin - Alchemy Asia","isPartOf":{"@id":"https:\/\/alchemy-asia.com\/vi\/#website"},"primaryImageOfPage":{"@id":"https:\/\/alchemy-asia.com\/vi\/san-pham\/lady-trieu-sapa-citrus-tea-gin\/#primaryimage"},"image":{"@id":"https:\/\/alchemy-asia.com\/vi\/san-pham\/lady-trieu-sapa-citrus-tea-gin\/#primaryimage"},"thumbnailUrl":"https:\/\/alchemy-asia.com\/vi\/wp-content\/uploads\/sites\/3\/2024\/07\/LDT-Sapa.png","datePublished":"2024-07-25T04:42:10+00:00","dateModified":"2024-07-25T04:42:10+00:00","breadcrumb":{"@id":"https:\/\/alchemy-asia.com\/vi\/san-pham\/lady-trieu-sapa-citrus-tea-gin\/#breadcrumb"},"inLanguage":"vi","potentialAction":[{"@type":"ReadAction","target":["https:\/\/alchemy-asia.com\/vi\/san-pham\/lady-trieu-sapa-citrus-tea-gin\/"]}]},{"@type":"ImageObject","inLanguage":"vi","@id":"https:\/\/alchemy-asia.com\/vi\/san-pham\/lady-trieu-sapa-citrus-tea-gin\/#primaryimage","url":"https:\/\/alchemy-asia.com\/vi\/wp-content\/uploads\/sites\/3\/2024\/07\/LDT-Sapa.png","contentUrl":"https:\/\/alchemy-asia.com\/vi\/wp-content\/uploads\/sites\/3\/2024\/07\/LDT-Sapa.png","width":2480,"height":2480,"caption":"Lady Tri\u1ec7u Sapa Citrus Tea Gin"},{"@type":"BreadcrumbList","@id":"https:\/\/alchemy-asia.com\/vi\/san-pham\/lady-trieu-sapa-citrus-tea-gin\/#breadcrumb","itemListElement":[{"@type":"ListItem","position":1,"name":"Home","item":"https:\/\/alchemy-asia.com\/vi\/"},{"@type":"ListItem","position":2,"name":"Lady Tri\u1ec7u Sapa Citrus Tea Gin"}]},{"@type":"WebSite","@id":"https:\/\/alchemy-asia.com\/vi\/#website","url":"https:\/\/alchemy-asia.com\/vi\/","name":"Alchemy Asia","description":"Just another Alchemy Asia Sites site","potentialAction":[{"@type":"SearchAction","target":{"@type":"EntryPoint","urlTemplate":"https:\/\/alchemy-asia.com\/vi\/?s={search_term_string}"},"query-input":"required name=search_term_string"}],"inLanguage":"vi"}]}},"_links":{"self":[{"href":"https:\/\/alchemy-asia.com\/vi\/wp-json\/wp\/v2\/product\/8405","targetHints":{"allow":["GET"]}}],"collection":[{"href":"https:\/\/alchemy-asia.com\/vi\/wp-json\/wp\/v2\/product"}],"about":[{"href":"https:\/\/alchemy-asia.com\/vi\/wp-json\/wp\/v2\/types\/product"}],"replies":[{"embeddable":true,"href":"https:\/\/alchemy-asia.com\/vi\/wp-json\/wp\/v2\/comments?post=8405"}],"wp:featuredmedia":[{"embeddable":true,"href":"https:\/\/alchemy-asia.com\/vi\/wp-json\/wp\/v2\/media\/8409"}],"wp:attachment":[{"href":"https:\/\/alchemy-asia.com\/vi\/wp-json\/wp\/v2\/media?parent=8405"}],"wp:term":[{"taxonomy":"product_cat","embeddable":true,"href":"https:\/\/alchemy-asia.com\/vi\/wp-json\/wp\/v2\/product_cat?post=8405"},{"taxonomy":"product_tag","embeddable":true,"href":"https:\/\/alchemy-asia.com\/vi\/wp-json\/wp\/v2\/product_tag?post=8405"}],"curies":[{"name":"wp","href":"https:\/\/api.w.org\/{rel}","templated":true}]}}