{"id":8411,"date":"2024-09-10T08:38:10","date_gmt":"2024-09-10T08:38:10","guid":{"rendered":"https:\/\/alchemy-asia.com\/vi\/?post_type=product&#038;p=8411"},"modified":"2024-09-10T08:38:10","modified_gmt":"2024-09-10T08:38:10","slug":"bols-vodka","status":"publish","type":"product","link":"https:\/\/alchemy-asia.com\/vi\/san-pham\/bols-vodka\/","title":{"rendered":"Bols Vodka"},"content":{"rendered":"","protected":false},"excerpt":{"rendered":"<p><span data-sheets-root=\"1\" data-sheets-value=\"{&quot;1&quot;:2,&quot;2&quot;:&quot;Bols Vodka c\u00f3 v\u1ecb tinh khi\u1ebft tuy\u1ec7t v\u1eddi, \u0111\u01b0\u1ee3c t\u1ea1o ra th\u00f4ng qua qu\u00e1 tr\u00ecnh l\u1ecdc than. M\u1ee9c \u0111\u1ed9 tinh khi\u1ebft \u0111\u1eb7c bi\u1ec7t khi\u1ebfn Bols Vodka tr\u1edf n\u00ean ho\u00e0n h\u1ea3o \u0111\u1ec3 pha ch\u1ebf nhi\u1ec1u lo\u1ea1i cocktail v\u00e0 \u0111\u1ed3 pha ch\u1ebf. M\u1ed9t bi\u1ec3u hi\u1ec7n \u0111\u01b0\u1ee3c bi\u1ebft \u0111\u1ebfn r\u1ed9ng r\u00e3i v\u00e0 n\u1ed5i ti\u1ebfng t\u1eeb d\u00f2ng s\u1ea3n ph\u1ea9m Bols!&quot;}\" data-sheets-userformat=\"{&quot;2&quot;:7165,&quot;3&quot;:{&quot;1&quot;:0},&quot;5&quot;:{&quot;1&quot;:[{&quot;1&quot;:2,&quot;2&quot;:0,&quot;5&quot;:{&quot;1&quot;:2,&quot;2&quot;:0}},{&quot;1&quot;:0,&quot;2&quot;:0,&quot;3&quot;:3},{&quot;1&quot;:1,&quot;2&quot;:0,&quot;4&quot;:1}]},&quot;6&quot;:{&quot;1&quot;:[{&quot;1&quot;:2,&quot;2&quot;:0,&quot;5&quot;:{&quot;1&quot;:2,&quot;2&quot;:0}},{&quot;1&quot;:0,&quot;2&quot;:0,&quot;3&quot;:3},{&quot;1&quot;:1,&quot;2&quot;:0,&quot;4&quot;:1}]},&quot;7&quot;:{&quot;1&quot;:[{&quot;1&quot;:2,&quot;2&quot;:0,&quot;5&quot;:{&quot;1&quot;:2,&quot;2&quot;:0}},{&quot;1&quot;:0,&quot;2&quot;:0,&quot;3&quot;:3},{&quot;1&quot;:1,&quot;2&quot;:0,&quot;4&quot;:1}]},&quot;8&quot;:{&quot;1&quot;:[{&quot;1&quot;:2,&quot;2&quot;:0,&quot;5&quot;:{&quot;1&quot;:2,&quot;2&quot;:0}},{&quot;1&quot;:0,&quot;2&quot;:0,&quot;3&quot;:3},{&quot;1&quot;:1,&quot;2&quot;:0,&quot;4&quot;:1}]},&quot;9&quot;:0,&quot;10&quot;:1,&quot;11&quot;:4,&quot;12&quot;:0,&quot;14&quot;:{&quot;1&quot;:2,&quot;2&quot;:0},&quot;15&quot;:&quot;Arial, sans-serif&quot;}\">Bols Vodka c\u00f3 v\u1ecb tinh khi\u1ebft tuy\u1ec7t v\u1eddi, \u0111\u01b0\u1ee3c t\u1ea1o ra th\u00f4ng qua qu\u00e1 tr\u00ecnh l\u1ecdc than. M\u1ee9c \u0111\u1ed9 tinh khi\u1ebft \u0111\u1eb7c bi\u1ec7t khi\u1ebfn Bols Vodka tr\u1edf n\u00ean ho\u00e0n h\u1ea3o \u0111\u1ec3 pha ch\u1ebf nhi\u1ec1u lo\u1ea1i cocktail v\u00e0 \u0111\u1ed3 pha ch\u1ebf. M\u1ed9t bi\u1ec3u hi\u1ec7n \u0111\u01b0\u1ee3c bi\u1ebft \u0111\u1ebfn r\u1ed9ng r\u00e3i v\u00e0 n\u1ed5i ti\u1ebfng t\u1eeb d\u00f2ng s\u1ea3n ph\u1ea9m Bols!<\/span><\/p>\n","protected":false},"featured_media":8479,"comment_status":"open","ping_status":"closed","template":"","meta":{"_acf_changed":false},"product_cat":[61],"product_tag":[],"class_list":{"0":"post-8411","1":"product","2":"type-product","3":"status-publish","4":"has-post-thumbnail","6":"product_cat-vodka","7":"brand-lucas-bols","9":"first","10":"instock","11":"shipping-taxable","12":"product-type-simple"},"acf":[],"yoast_head":"<!-- This site is optimized with the Yoast SEO plugin v23.0 - https:\/\/yoast.com\/wordpress\/plugins\/seo\/ -->\n<title>Bols Vodka - Alchemy Asia<\/title>\n<meta name=\"robots\" content=\"index, follow, max-snippet:-1, max-image-preview:large, max-video-preview:-1\" \/>\n<link rel=\"canonical\" href=\"https:\/\/alchemy-asia.com\/vi\/san-pham\/bols-vodka\/\" \/>\n<meta property=\"og:locale\" content=\"vi_VN\" \/>\n<meta property=\"og:type\" content=\"article\" \/>\n<meta property=\"og:title\" content=\"Bols Vodka - Alchemy Asia\" \/>\n<meta property=\"og:description\" content=\"Bols Vodka c\u00f3 v\u1ecb tinh khi\u1ebft tuy\u1ec7t v\u1eddi, \u0111\u01b0\u1ee3c t\u1ea1o ra th\u00f4ng qua qu\u00e1 tr\u00ecnh l\u1ecdc than. M\u1ee9c \u0111\u1ed9 tinh khi\u1ebft \u0111\u1eb7c bi\u1ec7t khi\u1ebfn Bols Vodka tr\u1edf n\u00ean ho\u00e0n h\u1ea3o \u0111\u1ec3 pha ch\u1ebf nhi\u1ec1u lo\u1ea1i cocktail v\u00e0 \u0111\u1ed3 pha ch\u1ebf. M\u1ed9t bi\u1ec3u hi\u1ec7n \u0111\u01b0\u1ee3c bi\u1ebft \u0111\u1ebfn r\u1ed9ng r\u00e3i v\u00e0 n\u1ed5i ti\u1ebfng t\u1eeb d\u00f2ng s\u1ea3n ph\u1ea9m Bols!\" \/>\n<meta property=\"og:url\" content=\"https:\/\/alchemy-asia.com\/vi\/san-pham\/bols-vodka\/\" \/>\n<meta property=\"og:site_name\" content=\"Alchemy Asia\" \/>\n<meta property=\"og:image\" content=\"https:\/\/alchemy-asia.com\/vi\/wp-content\/uploads\/sites\/3\/2024\/07\/Bols-Vodka.png\" \/>\n\t<meta property=\"og:image:width\" content=\"2100\" \/>\n\t<meta property=\"og:image:height\" content=\"2100\" \/>\n\t<meta property=\"og:image:type\" content=\"image\/png\" \/>\n<meta name=\"twitter:card\" content=\"summary_large_image\" \/>\n<meta name=\"twitter:label1\" content=\"\u01af\u1edbc t\u00ednh th\u1eddi gian \u0111\u1ecdc\" \/>\n\t<meta name=\"twitter:data1\" content=\"1 ph\u00fat\" \/>\n<script type=\"application\/ld+json\" class=\"yoast-schema-graph\">{\"@context\":\"https:\/\/schema.org\",\"@graph\":[{\"@type\":\"WebPage\",\"@id\":\"https:\/\/alchemy-asia.com\/vi\/san-pham\/bols-vodka\/\",\"url\":\"https:\/\/alchemy-asia.com\/vi\/san-pham\/bols-vodka\/\",\"name\":\"Bols Vodka - Alchemy Asia\",\"isPartOf\":{\"@id\":\"https:\/\/alchemy-asia.com\/vi\/#website\"},\"primaryImageOfPage\":{\"@id\":\"https:\/\/alchemy-asia.com\/vi\/san-pham\/bols-vodka\/#primaryimage\"},\"image\":{\"@id\":\"https:\/\/alchemy-asia.com\/vi\/san-pham\/bols-vodka\/#primaryimage\"},\"thumbnailUrl\":\"https:\/\/alchemy-asia.com\/vi\/wp-content\/uploads\/sites\/3\/2024\/07\/Bols-Vodka.png\",\"datePublished\":\"2024-09-10T08:38:10+00:00\",\"dateModified\":\"2024-09-10T08:38:10+00:00\",\"breadcrumb\":{\"@id\":\"https:\/\/alchemy-asia.com\/vi\/san-pham\/bols-vodka\/#breadcrumb\"},\"inLanguage\":\"vi\",\"potentialAction\":[{\"@type\":\"ReadAction\",\"target\":[\"https:\/\/alchemy-asia.com\/vi\/san-pham\/bols-vodka\/\"]}]},{\"@type\":\"ImageObject\",\"inLanguage\":\"vi\",\"@id\":\"https:\/\/alchemy-asia.com\/vi\/san-pham\/bols-vodka\/#primaryimage\",\"url\":\"https:\/\/alchemy-asia.com\/vi\/wp-content\/uploads\/sites\/3\/2024\/07\/Bols-Vodka.png\",\"contentUrl\":\"https:\/\/alchemy-asia.com\/vi\/wp-content\/uploads\/sites\/3\/2024\/07\/Bols-Vodka.png\",\"width\":2100,\"height\":2100,\"caption\":\"Bols Vodka\"},{\"@type\":\"BreadcrumbList\",\"@id\":\"https:\/\/alchemy-asia.com\/vi\/san-pham\/bols-vodka\/#breadcrumb\",\"itemListElement\":[{\"@type\":\"ListItem\",\"position\":1,\"name\":\"Home\",\"item\":\"https:\/\/alchemy-asia.com\/vi\/\"},{\"@type\":\"ListItem\",\"position\":2,\"name\":\"Bols Vodka\"}]},{\"@type\":\"WebSite\",\"@id\":\"https:\/\/alchemy-asia.com\/vi\/#website\",\"url\":\"https:\/\/alchemy-asia.com\/vi\/\",\"name\":\"Alchemy Asia\",\"description\":\"Just another Alchemy Asia Sites site\",\"potentialAction\":[{\"@type\":\"SearchAction\",\"target\":{\"@type\":\"EntryPoint\",\"urlTemplate\":\"https:\/\/alchemy-asia.com\/vi\/?s={search_term_string}\"},\"query-input\":\"required name=search_term_string\"}],\"inLanguage\":\"vi\"}]}<\/script>\n<!-- \/ Yoast SEO plugin. -->","yoast_head_json":{"title":"Bols Vodka - Alchemy Asia","robots":{"index":"index","follow":"follow","max-snippet":"max-snippet:-1","max-image-preview":"max-image-preview:large","max-video-preview":"max-video-preview:-1"},"canonical":"https:\/\/alchemy-asia.com\/vi\/san-pham\/bols-vodka\/","og_locale":"vi_VN","og_type":"article","og_title":"Bols Vodka - Alchemy Asia","og_description":"Bols Vodka c\u00f3 v\u1ecb tinh khi\u1ebft tuy\u1ec7t v\u1eddi, \u0111\u01b0\u1ee3c t\u1ea1o ra th\u00f4ng qua qu\u00e1 tr\u00ecnh l\u1ecdc than. M\u1ee9c \u0111\u1ed9 tinh khi\u1ebft \u0111\u1eb7c bi\u1ec7t khi\u1ebfn Bols Vodka tr\u1edf n\u00ean ho\u00e0n h\u1ea3o \u0111\u1ec3 pha ch\u1ebf nhi\u1ec1u lo\u1ea1i cocktail v\u00e0 \u0111\u1ed3 pha ch\u1ebf. M\u1ed9t bi\u1ec3u hi\u1ec7n \u0111\u01b0\u1ee3c bi\u1ebft \u0111\u1ebfn r\u1ed9ng r\u00e3i v\u00e0 n\u1ed5i ti\u1ebfng t\u1eeb d\u00f2ng s\u1ea3n ph\u1ea9m Bols!","og_url":"https:\/\/alchemy-asia.com\/vi\/san-pham\/bols-vodka\/","og_site_name":"Alchemy Asia","og_image":[{"width":2100,"height":2100,"url":"https:\/\/alchemy-asia.com\/vi\/wp-content\/uploads\/sites\/3\/2024\/07\/Bols-Vodka.png","type":"image\/png"}],"twitter_card":"summary_large_image","twitter_misc":{"\u01af\u1edbc t\u00ednh th\u1eddi gian \u0111\u1ecdc":"1 ph\u00fat"},"schema":{"@context":"https:\/\/schema.org","@graph":[{"@type":"WebPage","@id":"https:\/\/alchemy-asia.com\/vi\/san-pham\/bols-vodka\/","url":"https:\/\/alchemy-asia.com\/vi\/san-pham\/bols-vodka\/","name":"Bols Vodka - Alchemy Asia","isPartOf":{"@id":"https:\/\/alchemy-asia.com\/vi\/#website"},"primaryImageOfPage":{"@id":"https:\/\/alchemy-asia.com\/vi\/san-pham\/bols-vodka\/#primaryimage"},"image":{"@id":"https:\/\/alchemy-asia.com\/vi\/san-pham\/bols-vodka\/#primaryimage"},"thumbnailUrl":"https:\/\/alchemy-asia.com\/vi\/wp-content\/uploads\/sites\/3\/2024\/07\/Bols-Vodka.png","datePublished":"2024-09-10T08:38:10+00:00","dateModified":"2024-09-10T08:38:10+00:00","breadcrumb":{"@id":"https:\/\/alchemy-asia.com\/vi\/san-pham\/bols-vodka\/#breadcrumb"},"inLanguage":"vi","potentialAction":[{"@type":"ReadAction","target":["https:\/\/alchemy-asia.com\/vi\/san-pham\/bols-vodka\/"]}]},{"@type":"ImageObject","inLanguage":"vi","@id":"https:\/\/alchemy-asia.com\/vi\/san-pham\/bols-vodka\/#primaryimage","url":"https:\/\/alchemy-asia.com\/vi\/wp-content\/uploads\/sites\/3\/2024\/07\/Bols-Vodka.png","contentUrl":"https:\/\/alchemy-asia.com\/vi\/wp-content\/uploads\/sites\/3\/2024\/07\/Bols-Vodka.png","width":2100,"height":2100,"caption":"Bols Vodka"},{"@type":"BreadcrumbList","@id":"https:\/\/alchemy-asia.com\/vi\/san-pham\/bols-vodka\/#breadcrumb","itemListElement":[{"@type":"ListItem","position":1,"name":"Home","item":"https:\/\/alchemy-asia.com\/vi\/"},{"@type":"ListItem","position":2,"name":"Bols Vodka"}]},{"@type":"WebSite","@id":"https:\/\/alchemy-asia.com\/vi\/#website","url":"https:\/\/alchemy-asia.com\/vi\/","name":"Alchemy Asia","description":"Just another Alchemy Asia Sites site","potentialAction":[{"@type":"SearchAction","target":{"@type":"EntryPoint","urlTemplate":"https:\/\/alchemy-asia.com\/vi\/?s={search_term_string}"},"query-input":"required name=search_term_string"}],"inLanguage":"vi"}]}},"_links":{"self":[{"href":"https:\/\/alchemy-asia.com\/vi\/wp-json\/wp\/v2\/product\/8411","targetHints":{"allow":["GET"]}}],"collection":[{"href":"https:\/\/alchemy-asia.com\/vi\/wp-json\/wp\/v2\/product"}],"about":[{"href":"https:\/\/alchemy-asia.com\/vi\/wp-json\/wp\/v2\/types\/product"}],"replies":[{"embeddable":true,"href":"https:\/\/alchemy-asia.com\/vi\/wp-json\/wp\/v2\/comments?post=8411"}],"wp:featuredmedia":[{"embeddable":true,"href":"https:\/\/alchemy-asia.com\/vi\/wp-json\/wp\/v2\/media\/8479"}],"wp:attachment":[{"href":"https:\/\/alchemy-asia.com\/vi\/wp-json\/wp\/v2\/media?parent=8411"}],"wp:term":[{"taxonomy":"product_cat","embeddable":true,"href":"https:\/\/alchemy-asia.com\/vi\/wp-json\/wp\/v2\/product_cat?post=8411"},{"taxonomy":"product_tag","embeddable":true,"href":"https:\/\/alchemy-asia.com\/vi\/wp-json\/wp\/v2\/product_tag?post=8411"}],"curies":[{"name":"wp","href":"https:\/\/api.w.org\/{rel}","templated":true}]}}