{"id":8412,"date":"2024-07-25T04:42:15","date_gmt":"2024-07-25T04:42:15","guid":{"rendered":"https:\/\/alchemy-asia.com\/vi\/?post_type=product&#038;p=8412"},"modified":"2024-07-25T04:42:15","modified_gmt":"2024-07-25T04:42:15","slug":"lady-trieu-the-lab-series-gift-set","status":"publish","type":"product","link":"https:\/\/alchemy-asia.com\/vi\/san-pham\/lady-trieu-the-lab-series-gift-set\/","title":{"rendered":"Lady Tri\u1ec7u The Lab Series Gift Set"},"content":{"rendered":"","protected":false},"excerpt":{"rendered":"<p><span data-sheets-root=\"1\" data-sheets-value=\"{&quot;1&quot;:2,&quot;2&quot;:&quot;Lady Tri\u1ec7u \u2013 B\u1ed9 qu\u00e0 t\u1eb7ng The Lab Series Limited Release bao g\u1ed3m 4 chai 200ml 43% ABV:\\n\\nMekong Delta Dry Gin: H\u01b0\u01a1ng th\u01a1m \u0111\u1eadm \u0111\u00e0 c\u1ee7a hoa h\u1ed3i v\u00e0 m\u1eafc kh\u00e9n, c\u00e2n b\u1eb1ng v\u1edbi v\u1ecb t\u01b0\u01a1i m\u1edbi, s\u1ea3ng kho\u00e1i c\u1ee7a qu\u1ea5t (t\u1eafc) v\u00e0 v\u1ecf cam. .\\n\\nDalat Flowerbomb Gin: N\u1ed5i b\u1eadt v\u1edbi h\u01b0\u01a1ng hoa nh\u00e0i v\u00e0 hoa c\u00fac, xen l\u1eabn v\u1edbi v\u1ecb cam qu\u00fdt v\u00e0 h\u01b0\u01a1ng \u0111\u1ea5t \u0111\u1eb7c bi\u1ec7t c\u1ee7a hoa sen v\u00e0 ng\u00f2.\\n\\nHoi An Spice Road Gin: H\u01b0\u01a1ng v\u1ecb t\u01b0\u01a1i m\u00e1t, s\u1ed1ng \u0111\u1ed9ng c\u1ee7a cam chanh v\u00e0 h\u01b0\u01a1ng th\u01a1m c\u1ee7a g\u1eebng, v\u1edbi m\u1ed9t ch\u00fat h\u01b0\u01a1ng kh\u00f3i t\u1eeb th\u1ea3o qu\u1ea3 \u0111en.\\n\\nSapa Citrus Tea Gin: M\u1ed9t s\u1ef1 h\u00f2a quy\u1ec7n mang m\u00f9i th\u01a1m \u0111\u1eb7c bi\u1ec7t c\u1ee7a h\u01b0\u01a1ng th\u1ea3o m\u1ed9c t\u1eeb tr\u00e0 oolong, h\u01b0\u01a1ng cam chanh v\u00e0 qu\u1ea3 h\u1ea1ch&quot;}\" data-sheets-userformat=\"{&quot;2&quot;:1057791,&quot;3&quot;:{&quot;1&quot;:0},&quot;4&quot;:{&quot;1&quot;:2,&quot;2&quot;:16776960},&quot;5&quot;:{&quot;1&quot;:[{&quot;1&quot;:2,&quot;2&quot;:0,&quot;5&quot;:{&quot;1&quot;:2,&quot;2&quot;:0}},{&quot;1&quot;:0,&quot;2&quot;:0,&quot;3&quot;:3},{&quot;1&quot;:1,&quot;2&quot;:0,&quot;4&quot;:1}]},&quot;6&quot;:{&quot;1&quot;:[{&quot;1&quot;:2,&quot;2&quot;:0,&quot;5&quot;:{&quot;1&quot;:2,&quot;2&quot;:0}},{&quot;1&quot;:0,&quot;2&quot;:0,&quot;3&quot;:3},{&quot;1&quot;:1,&quot;2&quot;:0,&quot;4&quot;:1}]},&quot;7&quot;:{&quot;1&quot;:[{&quot;1&quot;:2,&quot;2&quot;:0,&quot;5&quot;:{&quot;1&quot;:2,&quot;2&quot;:0}},{&quot;1&quot;:0,&quot;2&quot;:0,&quot;3&quot;:3},{&quot;1&quot;:1,&quot;2&quot;:0,&quot;4&quot;:1}]},&quot;8&quot;:{&quot;1&quot;:[{&quot;1&quot;:2,&quot;2&quot;:0,&quot;5&quot;:{&quot;1&quot;:2,&quot;2&quot;:0}},{&quot;1&quot;:0,&quot;2&quot;:0,&quot;3&quot;:3},{&quot;1&quot;:1,&quot;2&quot;:0,&quot;4&quot;:1}]},&quot;9&quot;:0,&quot;10&quot;:1,&quot;11&quot;:4,&quot;12&quot;:0,&quot;16&quot;:13,&quot;23&quot;:1}\" data-sheets-textstyleruns=\"{&quot;1&quot;:0}\uee10{&quot;1&quot;:87,&quot;2&quot;:{&quot;5&quot;:1}}\uee10{&quot;1&quot;:107}\uee10{&quot;1&quot;:218,&quot;2&quot;:{&quot;5&quot;:1}}\uee10{&quot;1&quot;:238}\uee10{&quot;1&quot;:346,&quot;2&quot;:{&quot;5&quot;:1}}\uee10{&quot;1&quot;:367}\uee10{&quot;1&quot;:478,&quot;2&quot;:{&quot;5&quot;:1}}\uee10{&quot;1&quot;:497}\">Lady Tri\u1ec7u \u2013 B\u1ed9 qu\u00e0 t\u1eb7ng The Lab Series Limited Release bao g\u1ed3m 4 chai 200ml 43% ABV:<\/span><\/p>\n<p>Mekong Delta Dry Gin: H\u01b0\u01a1ng th\u01a1m \u0111\u1eadm \u0111\u00e0 c\u1ee7a hoa h\u1ed3i v\u00e0 m\u1eafc kh\u00e9n, c\u00e2n b\u1eb1ng v\u1edbi v\u1ecb t\u01b0\u01a1i m\u1edbi, s\u1ea3ng kho\u00e1i c\u1ee7a qu\u1ea5t (t\u1eafc) v\u00e0 v\u1ecf cam. .<\/p>\n<p>Dalat Flowerbomb Gin: N\u1ed5i b\u1eadt v\u1edbi h\u01b0\u01a1ng hoa nh\u00e0i v\u00e0 hoa c\u00fac, xen l\u1eabn v\u1edbi v\u1ecb cam qu\u00fdt v\u00e0 h\u01b0\u01a1ng \u0111\u1ea5t \u0111\u1eb7c bi\u1ec7t c\u1ee7a hoa sen v\u00e0 ng\u00f2.<\/p>\n<p>Hoi An Spice Road Gin: H\u01b0\u01a1ng v\u1ecb t\u01b0\u01a1i m\u00e1t, s\u1ed1ng \u0111\u1ed9ng c\u1ee7a cam chanh v\u00e0 h\u01b0\u01a1ng th\u01a1m c\u1ee7a g\u1eebng, v\u1edbi m\u1ed9t ch\u00fat h\u01b0\u01a1ng kh\u00f3i t\u1eeb th\u1ea3o qu\u1ea3 \u0111en.<\/p>\n<p>Sapa Citrus Tea Gin: M\u1ed9t s\u1ef1 h\u00f2a quy\u1ec7n mang m\u00f9i th\u01a1m \u0111\u1eb7c bi\u1ec7t c\u1ee7a h\u01b0\u01a1ng th\u1ea3o m\u1ed9c t\u1eeb tr\u00e0 oolong, h\u01b0\u01a1ng cam chanh v\u00e0 qu\u1ea3 h\u1ea1ch<\/p>\n","protected":false},"featured_media":8415,"comment_status":"open","ping_status":"closed","template":"","meta":{"_acf_changed":false},"product_cat":[52],"product_tag":[],"class_list":{"0":"post-8412","1":"product","2":"type-product","3":"status-publish","4":"has-post-thumbnail","6":"product_cat-gin","7":"brand-lady-trieu","9":"first","10":"instock","11":"shipping-taxable","12":"product-type-simple"},"acf":[],"yoast_head":"<!-- This site is optimized with the Yoast SEO plugin v23.0 - https:\/\/yoast.com\/wordpress\/plugins\/seo\/ -->\n<title>Lady Tri\u1ec7u The Lab Series Gift Set - Alchemy Asia<\/title>\n<meta name=\"robots\" content=\"index, follow, max-snippet:-1, max-image-preview:large, max-video-preview:-1\" \/>\n<link rel=\"canonical\" href=\"https:\/\/alchemy-asia.com\/vi\/san-pham\/lady-trieu-the-lab-series-gift-set\/\" \/>\n<meta property=\"og:locale\" content=\"vi_VN\" \/>\n<meta property=\"og:type\" content=\"article\" \/>\n<meta property=\"og:title\" content=\"Lady Tri\u1ec7u The Lab Series Gift Set - Alchemy Asia\" \/>\n<meta property=\"og:description\" content=\"Lady Tri\u1ec7u \u2013 B\u1ed9 qu\u00e0 t\u1eb7ng The Lab Series Limited Release bao g\u1ed3m 4 chai 200ml 43% ABV:  Mekong Delta Dry Gin: H\u01b0\u01a1ng th\u01a1m \u0111\u1eadm \u0111\u00e0 c\u1ee7a hoa h\u1ed3i v\u00e0 m\u1eafc kh\u00e9n, c\u00e2n b\u1eb1ng v\u1edbi v\u1ecb t\u01b0\u01a1i m\u1edbi, s\u1ea3ng kho\u00e1i c\u1ee7a qu\u1ea5t (t\u1eafc) v\u00e0 v\u1ecf cam. .  Dalat Flowerbomb Gin: N\u1ed5i b\u1eadt v\u1edbi h\u01b0\u01a1ng hoa nh\u00e0i v\u00e0 hoa c\u00fac, xen l\u1eabn v\u1edbi v\u1ecb cam qu\u00fdt v\u00e0 h\u01b0\u01a1ng \u0111\u1ea5t \u0111\u1eb7c bi\u1ec7t c\u1ee7a hoa sen v\u00e0 ng\u00f2.  Hoi An Spice Road Gin: H\u01b0\u01a1ng v\u1ecb t\u01b0\u01a1i m\u00e1t, s\u1ed1ng \u0111\u1ed9ng c\u1ee7a cam chanh v\u00e0 h\u01b0\u01a1ng th\u01a1m c\u1ee7a g\u1eebng, v\u1edbi m\u1ed9t ch\u00fat h\u01b0\u01a1ng kh\u00f3i t\u1eeb th\u1ea3o qu\u1ea3 \u0111en.  Sapa Citrus Tea Gin: M\u1ed9t s\u1ef1 h\u00f2a quy\u1ec7n mang m\u00f9i th\u01a1m \u0111\u1eb7c bi\u1ec7t c\u1ee7a h\u01b0\u01a1ng th\u1ea3o m\u1ed9c t\u1eeb tr\u00e0 oolong, h\u01b0\u01a1ng cam chanh v\u00e0 qu\u1ea3 h\u1ea1ch\" \/>\n<meta property=\"og:url\" content=\"https:\/\/alchemy-asia.com\/vi\/san-pham\/lady-trieu-the-lab-series-gift-set\/\" \/>\n<meta property=\"og:site_name\" content=\"Alchemy Asia\" \/>\n<meta property=\"og:image\" content=\"https:\/\/alchemy-asia.com\/vi\/wp-content\/uploads\/sites\/3\/2024\/07\/Lady-Trieu-a-1-1024x1024.png\" \/>\n\t<meta property=\"og:image:width\" content=\"1024\" \/>\n\t<meta property=\"og:image:height\" content=\"1024\" \/>\n\t<meta property=\"og:image:type\" content=\"image\/png\" \/>\n<meta name=\"twitter:card\" content=\"summary_large_image\" \/>\n<meta name=\"twitter:label1\" content=\"\u01af\u1edbc t\u00ednh th\u1eddi gian \u0111\u1ecdc\" \/>\n\t<meta name=\"twitter:data1\" content=\"1 ph\u00fat\" \/>\n<script type=\"application\/ld+json\" class=\"yoast-schema-graph\">{\"@context\":\"https:\/\/schema.org\",\"@graph\":[{\"@type\":\"WebPage\",\"@id\":\"https:\/\/alchemy-asia.com\/vi\/san-pham\/lady-trieu-the-lab-series-gift-set\/\",\"url\":\"https:\/\/alchemy-asia.com\/vi\/san-pham\/lady-trieu-the-lab-series-gift-set\/\",\"name\":\"Lady Tri\u1ec7u The Lab Series Gift Set - Alchemy Asia\",\"isPartOf\":{\"@id\":\"https:\/\/alchemy-asia.com\/vi\/#website\"},\"primaryImageOfPage\":{\"@id\":\"https:\/\/alchemy-asia.com\/vi\/san-pham\/lady-trieu-the-lab-series-gift-set\/#primaryimage\"},\"image\":{\"@id\":\"https:\/\/alchemy-asia.com\/vi\/san-pham\/lady-trieu-the-lab-series-gift-set\/#primaryimage\"},\"thumbnailUrl\":\"https:\/\/alchemy-asia.com\/vi\/wp-content\/uploads\/sites\/3\/2024\/07\/Lady-Trieu-a-1.png\",\"datePublished\":\"2024-07-25T04:42:15+00:00\",\"dateModified\":\"2024-07-25T04:42:15+00:00\",\"breadcrumb\":{\"@id\":\"https:\/\/alchemy-asia.com\/vi\/san-pham\/lady-trieu-the-lab-series-gift-set\/#breadcrumb\"},\"inLanguage\":\"vi\",\"potentialAction\":[{\"@type\":\"ReadAction\",\"target\":[\"https:\/\/alchemy-asia.com\/vi\/san-pham\/lady-trieu-the-lab-series-gift-set\/\"]}]},{\"@type\":\"ImageObject\",\"inLanguage\":\"vi\",\"@id\":\"https:\/\/alchemy-asia.com\/vi\/san-pham\/lady-trieu-the-lab-series-gift-set\/#primaryimage\",\"url\":\"https:\/\/alchemy-asia.com\/vi\/wp-content\/uploads\/sites\/3\/2024\/07\/Lady-Trieu-a-1.png\",\"contentUrl\":\"https:\/\/alchemy-asia.com\/vi\/wp-content\/uploads\/sites\/3\/2024\/07\/Lady-Trieu-a-1.png\",\"width\":5804,\"height\":5803,\"caption\":\"Lady Tri\u1ec7u The Lab Series Gift Set\"},{\"@type\":\"BreadcrumbList\",\"@id\":\"https:\/\/alchemy-asia.com\/vi\/san-pham\/lady-trieu-the-lab-series-gift-set\/#breadcrumb\",\"itemListElement\":[{\"@type\":\"ListItem\",\"position\":1,\"name\":\"Home\",\"item\":\"https:\/\/alchemy-asia.com\/vi\/\"},{\"@type\":\"ListItem\",\"position\":2,\"name\":\"Lady Tri\u1ec7u The Lab Series Gift Set\"}]},{\"@type\":\"WebSite\",\"@id\":\"https:\/\/alchemy-asia.com\/vi\/#website\",\"url\":\"https:\/\/alchemy-asia.com\/vi\/\",\"name\":\"Alchemy Asia\",\"description\":\"Just another Alchemy Asia Sites site\",\"potentialAction\":[{\"@type\":\"SearchAction\",\"target\":{\"@type\":\"EntryPoint\",\"urlTemplate\":\"https:\/\/alchemy-asia.com\/vi\/?s={search_term_string}\"},\"query-input\":\"required name=search_term_string\"}],\"inLanguage\":\"vi\"}]}<\/script>\n<!-- \/ Yoast SEO plugin. -->","yoast_head_json":{"title":"Lady Tri\u1ec7u The Lab Series Gift Set - Alchemy Asia","robots":{"index":"index","follow":"follow","max-snippet":"max-snippet:-1","max-image-preview":"max-image-preview:large","max-video-preview":"max-video-preview:-1"},"canonical":"https:\/\/alchemy-asia.com\/vi\/san-pham\/lady-trieu-the-lab-series-gift-set\/","og_locale":"vi_VN","og_type":"article","og_title":"Lady Tri\u1ec7u The Lab Series Gift Set - Alchemy Asia","og_description":"Lady Tri\u1ec7u \u2013 B\u1ed9 qu\u00e0 t\u1eb7ng The Lab Series Limited Release bao g\u1ed3m 4 chai 200ml 43% ABV:  Mekong Delta Dry Gin: H\u01b0\u01a1ng th\u01a1m \u0111\u1eadm \u0111\u00e0 c\u1ee7a hoa h\u1ed3i v\u00e0 m\u1eafc kh\u00e9n, c\u00e2n b\u1eb1ng v\u1edbi v\u1ecb t\u01b0\u01a1i m\u1edbi, s\u1ea3ng kho\u00e1i c\u1ee7a qu\u1ea5t (t\u1eafc) v\u00e0 v\u1ecf cam. .  Dalat Flowerbomb Gin: N\u1ed5i b\u1eadt v\u1edbi h\u01b0\u01a1ng hoa nh\u00e0i v\u00e0 hoa c\u00fac, xen l\u1eabn v\u1edbi v\u1ecb cam qu\u00fdt v\u00e0 h\u01b0\u01a1ng \u0111\u1ea5t \u0111\u1eb7c bi\u1ec7t c\u1ee7a hoa sen v\u00e0 ng\u00f2.  Hoi An Spice Road Gin: H\u01b0\u01a1ng v\u1ecb t\u01b0\u01a1i m\u00e1t, s\u1ed1ng \u0111\u1ed9ng c\u1ee7a cam chanh v\u00e0 h\u01b0\u01a1ng th\u01a1m c\u1ee7a g\u1eebng, v\u1edbi m\u1ed9t ch\u00fat h\u01b0\u01a1ng kh\u00f3i t\u1eeb th\u1ea3o qu\u1ea3 \u0111en.  Sapa Citrus Tea Gin: M\u1ed9t s\u1ef1 h\u00f2a quy\u1ec7n mang m\u00f9i th\u01a1m \u0111\u1eb7c bi\u1ec7t c\u1ee7a h\u01b0\u01a1ng th\u1ea3o m\u1ed9c t\u1eeb tr\u00e0 oolong, h\u01b0\u01a1ng cam chanh v\u00e0 qu\u1ea3 h\u1ea1ch","og_url":"https:\/\/alchemy-asia.com\/vi\/san-pham\/lady-trieu-the-lab-series-gift-set\/","og_site_name":"Alchemy Asia","og_image":[{"width":1024,"height":1024,"url":"https:\/\/alchemy-asia.com\/vi\/wp-content\/uploads\/sites\/3\/2024\/07\/Lady-Trieu-a-1-1024x1024.png","type":"image\/png"}],"twitter_card":"summary_large_image","twitter_misc":{"\u01af\u1edbc t\u00ednh th\u1eddi gian \u0111\u1ecdc":"1 ph\u00fat"},"schema":{"@context":"https:\/\/schema.org","@graph":[{"@type":"WebPage","@id":"https:\/\/alchemy-asia.com\/vi\/san-pham\/lady-trieu-the-lab-series-gift-set\/","url":"https:\/\/alchemy-asia.com\/vi\/san-pham\/lady-trieu-the-lab-series-gift-set\/","name":"Lady Tri\u1ec7u The Lab Series Gift Set - Alchemy Asia","isPartOf":{"@id":"https:\/\/alchemy-asia.com\/vi\/#website"},"primaryImageOfPage":{"@id":"https:\/\/alchemy-asia.com\/vi\/san-pham\/lady-trieu-the-lab-series-gift-set\/#primaryimage"},"image":{"@id":"https:\/\/alchemy-asia.com\/vi\/san-pham\/lady-trieu-the-lab-series-gift-set\/#primaryimage"},"thumbnailUrl":"https:\/\/alchemy-asia.com\/vi\/wp-content\/uploads\/sites\/3\/2024\/07\/Lady-Trieu-a-1.png","datePublished":"2024-07-25T04:42:15+00:00","dateModified":"2024-07-25T04:42:15+00:00","breadcrumb":{"@id":"https:\/\/alchemy-asia.com\/vi\/san-pham\/lady-trieu-the-lab-series-gift-set\/#breadcrumb"},"inLanguage":"vi","potentialAction":[{"@type":"ReadAction","target":["https:\/\/alchemy-asia.com\/vi\/san-pham\/lady-trieu-the-lab-series-gift-set\/"]}]},{"@type":"ImageObject","inLanguage":"vi","@id":"https:\/\/alchemy-asia.com\/vi\/san-pham\/lady-trieu-the-lab-series-gift-set\/#primaryimage","url":"https:\/\/alchemy-asia.com\/vi\/wp-content\/uploads\/sites\/3\/2024\/07\/Lady-Trieu-a-1.png","contentUrl":"https:\/\/alchemy-asia.com\/vi\/wp-content\/uploads\/sites\/3\/2024\/07\/Lady-Trieu-a-1.png","width":5804,"height":5803,"caption":"Lady Tri\u1ec7u The Lab Series Gift Set"},{"@type":"BreadcrumbList","@id":"https:\/\/alchemy-asia.com\/vi\/san-pham\/lady-trieu-the-lab-series-gift-set\/#breadcrumb","itemListElement":[{"@type":"ListItem","position":1,"name":"Home","item":"https:\/\/alchemy-asia.com\/vi\/"},{"@type":"ListItem","position":2,"name":"Lady Tri\u1ec7u The Lab Series Gift Set"}]},{"@type":"WebSite","@id":"https:\/\/alchemy-asia.com\/vi\/#website","url":"https:\/\/alchemy-asia.com\/vi\/","name":"Alchemy Asia","description":"Just another Alchemy Asia Sites site","potentialAction":[{"@type":"SearchAction","target":{"@type":"EntryPoint","urlTemplate":"https:\/\/alchemy-asia.com\/vi\/?s={search_term_string}"},"query-input":"required name=search_term_string"}],"inLanguage":"vi"}]}},"_links":{"self":[{"href":"https:\/\/alchemy-asia.com\/vi\/wp-json\/wp\/v2\/product\/8412","targetHints":{"allow":["GET"]}}],"collection":[{"href":"https:\/\/alchemy-asia.com\/vi\/wp-json\/wp\/v2\/product"}],"about":[{"href":"https:\/\/alchemy-asia.com\/vi\/wp-json\/wp\/v2\/types\/product"}],"replies":[{"embeddable":true,"href":"https:\/\/alchemy-asia.com\/vi\/wp-json\/wp\/v2\/comments?post=8412"}],"wp:featuredmedia":[{"embeddable":true,"href":"https:\/\/alchemy-asia.com\/vi\/wp-json\/wp\/v2\/media\/8415"}],"wp:attachment":[{"href":"https:\/\/alchemy-asia.com\/vi\/wp-json\/wp\/v2\/media?parent=8412"}],"wp:term":[{"taxonomy":"product_cat","embeddable":true,"href":"https:\/\/alchemy-asia.com\/vi\/wp-json\/wp\/v2\/product_cat?post=8412"},{"taxonomy":"product_tag","embeddable":true,"href":"https:\/\/alchemy-asia.com\/vi\/wp-json\/wp\/v2\/product_tag?post=8412"}],"curies":[{"name":"wp","href":"https:\/\/api.w.org\/{rel}","templated":true}]}}