{"id":8417,"date":"2024-09-10T08:55:29","date_gmt":"2024-09-10T08:55:29","guid":{"rendered":"https:\/\/alchemy-asia.com\/vi\/?post_type=product&#038;p=8417"},"modified":"2024-09-10T08:55:29","modified_gmt":"2024-09-10T08:55:29","slug":"lark-brandy-px-sherry-cask","status":"publish","type":"product","link":"https:\/\/alchemy-asia.com\/vi\/san-pham\/lark-brandy-px-sherry-cask\/","title":{"rendered":"Lark Brandy PX Sherry Cask"},"content":{"rendered":"","protected":false},"excerpt":{"rendered":"<p>T\u1ed1i t\u0103m v\u00e0 tr\u1ea7m ng\u00e2m, m\u1ed9t lo\u1ea1i whisky m\u1ea1ch nha \u0111\u01a1n tuy\u1ec7t h\u1ea3o mang l\u1ea1i h\u01b0\u01a1ng v\u1ecb ngon l\u00e0nh v\u00e0 xa hoa c\u1ee7a chi\u1ebfc b\u00e1nh tr\u00e1i c\u00e2y v\u00e0o m\u1ed9t bu\u1ed5i chi\u1ec1u m\u00f9a \u0111\u00f4ng, \u0111\u1ea7y \u1eafp tr\u00e1i c\u00e2y r\u1eebng v\u00e0 v\u1ecf cam chanh t\u01b0\u01a1i s\u00e1ng.<\/p>\n<p>H\u01af\u01a0NG<\/p>\n<p>V\u1ecf cam chanh, tr\u00e1i c\u00e2y r\u1eebng v\u00e0 anh \u0111\u00e0o \u0111en c\u1ee7a m\u1ed9t chi\u1ebfc b\u00e1nh tr\u00e1i c\u00e2y m\u00f9a \u0111\u00f4ng v\u1edbi nh\u1eefng n\u1ed1t h\u01b0\u01a1ng s\u1ed1ng \u0111\u1ed9ng c\u1ee7a r\u01b0\u1ee3u brandy Tasmania v\u00e0 g\u1ed7 s\u1ed3i n\u01b0\u1edbng.<\/p>\n<p>V\u1eca<\/p>\n<p>B\u00e1nh pudding m\u1eadn \u0111\u1eadm \u0111\u00e0 v\u00e0 g\u1ed7 s\u1ed3i n\u1ed3ng n\u00e0n k\u1ebft h\u1ee3p v\u1edbi qu\u1ea3 m\u00e2m x\u00f4i \u0111en, tr\u00e1i c\u00e2y kh\u00f4 v\u00e0 m\u1ed9t ch\u00fat kh\u00f3i.<\/p>\n<p>K\u1ebeT TH\u00daC<\/p>\n<p>D\u00e0i, s\u00e2u v\u00e0 \u0111\u1eadm \u0111\u00e0.<\/p>\n","protected":false},"featured_media":8419,"comment_status":"open","ping_status":"closed","template":"","meta":{"_acf_changed":false},"product_cat":[122],"product_tag":[],"class_list":{"0":"post-8417","1":"product","2":"type-product","3":"status-publish","4":"has-post-thumbnail","6":"product_cat-australian-whisky","7":"brand-lark-whisky","9":"first","10":"instock","11":"shipping-taxable","12":"product-type-simple"},"acf":[],"yoast_head":"<!-- This site is optimized with the Yoast SEO plugin v23.0 - https:\/\/yoast.com\/wordpress\/plugins\/seo\/ -->\n<title>Lark Brandy PX Sherry Cask - Alchemy Asia<\/title>\n<meta name=\"robots\" content=\"index, follow, max-snippet:-1, max-image-preview:large, max-video-preview:-1\" \/>\n<link rel=\"canonical\" href=\"https:\/\/alchemy-asia.com\/vi\/san-pham\/lark-brandy-px-sherry-cask\/\" \/>\n<meta property=\"og:locale\" content=\"vi_VN\" \/>\n<meta property=\"og:type\" content=\"article\" \/>\n<meta property=\"og:title\" content=\"Lark Brandy PX Sherry Cask - Alchemy Asia\" \/>\n<meta property=\"og:description\" content=\"T\u1ed1i t\u0103m v\u00e0 tr\u1ea7m ng\u00e2m, m\u1ed9t lo\u1ea1i whisky m\u1ea1ch nha \u0111\u01a1n tuy\u1ec7t h\u1ea3o mang l\u1ea1i h\u01b0\u01a1ng v\u1ecb ngon l\u00e0nh v\u00e0 xa hoa c\u1ee7a chi\u1ebfc b\u00e1nh tr\u00e1i c\u00e2y v\u00e0o m\u1ed9t bu\u1ed5i chi\u1ec1u m\u00f9a \u0111\u00f4ng, \u0111\u1ea7y \u1eafp tr\u00e1i c\u00e2y r\u1eebng v\u00e0 v\u1ecf cam chanh t\u01b0\u01a1i s\u00e1ng.  H\u01af\u01a0NG  V\u1ecf cam chanh, tr\u00e1i c\u00e2y r\u1eebng v\u00e0 anh \u0111\u00e0o \u0111en c\u1ee7a m\u1ed9t chi\u1ebfc b\u00e1nh tr\u00e1i c\u00e2y m\u00f9a \u0111\u00f4ng v\u1edbi nh\u1eefng n\u1ed1t h\u01b0\u01a1ng s\u1ed1ng \u0111\u1ed9ng c\u1ee7a r\u01b0\u1ee3u brandy Tasmania v\u00e0 g\u1ed7 s\u1ed3i n\u01b0\u1edbng.  V\u1eca  B\u00e1nh pudding m\u1eadn \u0111\u1eadm \u0111\u00e0 v\u00e0 g\u1ed7 s\u1ed3i n\u1ed3ng n\u00e0n k\u1ebft h\u1ee3p v\u1edbi qu\u1ea3 m\u00e2m x\u00f4i \u0111en, tr\u00e1i c\u00e2y kh\u00f4 v\u00e0 m\u1ed9t ch\u00fat kh\u00f3i.  K\u1ebeT TH\u00daC  D\u00e0i, s\u00e2u v\u00e0 \u0111\u1eadm \u0111\u00e0.\" \/>\n<meta property=\"og:url\" content=\"https:\/\/alchemy-asia.com\/vi\/san-pham\/lark-brandy-px-sherry-cask\/\" \/>\n<meta property=\"og:site_name\" content=\"Alchemy Asia\" \/>\n<meta property=\"og:image\" content=\"https:\/\/alchemy-asia.com\/vi\/wp-content\/uploads\/sites\/3\/2024\/07\/Lark-Brandy-PX-Sherry-Cask-1024x1024-1.png\" \/>\n\t<meta property=\"og:image:width\" content=\"1024\" \/>\n\t<meta property=\"og:image:height\" content=\"1024\" \/>\n\t<meta property=\"og:image:type\" content=\"image\/png\" \/>\n<meta name=\"twitter:card\" content=\"summary_large_image\" \/>\n<meta name=\"twitter:label1\" content=\"\u01af\u1edbc t\u00ednh th\u1eddi gian \u0111\u1ecdc\" \/>\n\t<meta name=\"twitter:data1\" content=\"1 ph\u00fat\" \/>\n<script type=\"application\/ld+json\" class=\"yoast-schema-graph\">{\"@context\":\"https:\/\/schema.org\",\"@graph\":[{\"@type\":\"WebPage\",\"@id\":\"https:\/\/alchemy-asia.com\/vi\/san-pham\/lark-brandy-px-sherry-cask\/\",\"url\":\"https:\/\/alchemy-asia.com\/vi\/san-pham\/lark-brandy-px-sherry-cask\/\",\"name\":\"Lark Brandy PX Sherry Cask - Alchemy Asia\",\"isPartOf\":{\"@id\":\"https:\/\/alchemy-asia.com\/vi\/#website\"},\"primaryImageOfPage\":{\"@id\":\"https:\/\/alchemy-asia.com\/vi\/san-pham\/lark-brandy-px-sherry-cask\/#primaryimage\"},\"image\":{\"@id\":\"https:\/\/alchemy-asia.com\/vi\/san-pham\/lark-brandy-px-sherry-cask\/#primaryimage\"},\"thumbnailUrl\":\"https:\/\/alchemy-asia.com\/vi\/wp-content\/uploads\/sites\/3\/2024\/07\/Lark-Brandy-PX-Sherry-Cask-1024x1024-1.png\",\"datePublished\":\"2024-09-10T08:55:29+00:00\",\"dateModified\":\"2024-09-10T08:55:29+00:00\",\"breadcrumb\":{\"@id\":\"https:\/\/alchemy-asia.com\/vi\/san-pham\/lark-brandy-px-sherry-cask\/#breadcrumb\"},\"inLanguage\":\"vi\",\"potentialAction\":[{\"@type\":\"ReadAction\",\"target\":[\"https:\/\/alchemy-asia.com\/vi\/san-pham\/lark-brandy-px-sherry-cask\/\"]}]},{\"@type\":\"ImageObject\",\"inLanguage\":\"vi\",\"@id\":\"https:\/\/alchemy-asia.com\/vi\/san-pham\/lark-brandy-px-sherry-cask\/#primaryimage\",\"url\":\"https:\/\/alchemy-asia.com\/vi\/wp-content\/uploads\/sites\/3\/2024\/07\/Lark-Brandy-PX-Sherry-Cask-1024x1024-1.png\",\"contentUrl\":\"https:\/\/alchemy-asia.com\/vi\/wp-content\/uploads\/sites\/3\/2024\/07\/Lark-Brandy-PX-Sherry-Cask-1024x1024-1.png\",\"width\":1024,\"height\":1024,\"caption\":\"Lark Brandy PX Sherry Cask\"},{\"@type\":\"BreadcrumbList\",\"@id\":\"https:\/\/alchemy-asia.com\/vi\/san-pham\/lark-brandy-px-sherry-cask\/#breadcrumb\",\"itemListElement\":[{\"@type\":\"ListItem\",\"position\":1,\"name\":\"Home\",\"item\":\"https:\/\/alchemy-asia.com\/vi\/\"},{\"@type\":\"ListItem\",\"position\":2,\"name\":\"Lark Brandy PX Sherry Cask\"}]},{\"@type\":\"WebSite\",\"@id\":\"https:\/\/alchemy-asia.com\/vi\/#website\",\"url\":\"https:\/\/alchemy-asia.com\/vi\/\",\"name\":\"Alchemy Asia\",\"description\":\"Just another Alchemy Asia Sites site\",\"potentialAction\":[{\"@type\":\"SearchAction\",\"target\":{\"@type\":\"EntryPoint\",\"urlTemplate\":\"https:\/\/alchemy-asia.com\/vi\/?s={search_term_string}\"},\"query-input\":\"required name=search_term_string\"}],\"inLanguage\":\"vi\"}]}<\/script>\n<!-- \/ Yoast SEO plugin. -->","yoast_head_json":{"title":"Lark Brandy PX Sherry Cask - Alchemy Asia","robots":{"index":"index","follow":"follow","max-snippet":"max-snippet:-1","max-image-preview":"max-image-preview:large","max-video-preview":"max-video-preview:-1"},"canonical":"https:\/\/alchemy-asia.com\/vi\/san-pham\/lark-brandy-px-sherry-cask\/","og_locale":"vi_VN","og_type":"article","og_title":"Lark Brandy PX Sherry Cask - Alchemy Asia","og_description":"T\u1ed1i t\u0103m v\u00e0 tr\u1ea7m ng\u00e2m, m\u1ed9t lo\u1ea1i whisky m\u1ea1ch nha \u0111\u01a1n tuy\u1ec7t h\u1ea3o mang l\u1ea1i h\u01b0\u01a1ng v\u1ecb ngon l\u00e0nh v\u00e0 xa hoa c\u1ee7a chi\u1ebfc b\u00e1nh tr\u00e1i c\u00e2y v\u00e0o m\u1ed9t bu\u1ed5i chi\u1ec1u m\u00f9a \u0111\u00f4ng, \u0111\u1ea7y \u1eafp tr\u00e1i c\u00e2y r\u1eebng v\u00e0 v\u1ecf cam chanh t\u01b0\u01a1i s\u00e1ng.  H\u01af\u01a0NG  V\u1ecf cam chanh, tr\u00e1i c\u00e2y r\u1eebng v\u00e0 anh \u0111\u00e0o \u0111en c\u1ee7a m\u1ed9t chi\u1ebfc b\u00e1nh tr\u00e1i c\u00e2y m\u00f9a \u0111\u00f4ng v\u1edbi nh\u1eefng n\u1ed1t h\u01b0\u01a1ng s\u1ed1ng \u0111\u1ed9ng c\u1ee7a r\u01b0\u1ee3u brandy Tasmania v\u00e0 g\u1ed7 s\u1ed3i n\u01b0\u1edbng.  V\u1eca  B\u00e1nh pudding m\u1eadn \u0111\u1eadm \u0111\u00e0 v\u00e0 g\u1ed7 s\u1ed3i n\u1ed3ng n\u00e0n k\u1ebft h\u1ee3p v\u1edbi qu\u1ea3 m\u00e2m x\u00f4i \u0111en, tr\u00e1i c\u00e2y kh\u00f4 v\u00e0 m\u1ed9t ch\u00fat kh\u00f3i.  K\u1ebeT TH\u00daC  D\u00e0i, s\u00e2u v\u00e0 \u0111\u1eadm \u0111\u00e0.","og_url":"https:\/\/alchemy-asia.com\/vi\/san-pham\/lark-brandy-px-sherry-cask\/","og_site_name":"Alchemy Asia","og_image":[{"width":1024,"height":1024,"url":"https:\/\/alchemy-asia.com\/vi\/wp-content\/uploads\/sites\/3\/2024\/07\/Lark-Brandy-PX-Sherry-Cask-1024x1024-1.png","type":"image\/png"}],"twitter_card":"summary_large_image","twitter_misc":{"\u01af\u1edbc t\u00ednh th\u1eddi gian \u0111\u1ecdc":"1 ph\u00fat"},"schema":{"@context":"https:\/\/schema.org","@graph":[{"@type":"WebPage","@id":"https:\/\/alchemy-asia.com\/vi\/san-pham\/lark-brandy-px-sherry-cask\/","url":"https:\/\/alchemy-asia.com\/vi\/san-pham\/lark-brandy-px-sherry-cask\/","name":"Lark Brandy PX Sherry Cask - Alchemy Asia","isPartOf":{"@id":"https:\/\/alchemy-asia.com\/vi\/#website"},"primaryImageOfPage":{"@id":"https:\/\/alchemy-asia.com\/vi\/san-pham\/lark-brandy-px-sherry-cask\/#primaryimage"},"image":{"@id":"https:\/\/alchemy-asia.com\/vi\/san-pham\/lark-brandy-px-sherry-cask\/#primaryimage"},"thumbnailUrl":"https:\/\/alchemy-asia.com\/vi\/wp-content\/uploads\/sites\/3\/2024\/07\/Lark-Brandy-PX-Sherry-Cask-1024x1024-1.png","datePublished":"2024-09-10T08:55:29+00:00","dateModified":"2024-09-10T08:55:29+00:00","breadcrumb":{"@id":"https:\/\/alchemy-asia.com\/vi\/san-pham\/lark-brandy-px-sherry-cask\/#breadcrumb"},"inLanguage":"vi","potentialAction":[{"@type":"ReadAction","target":["https:\/\/alchemy-asia.com\/vi\/san-pham\/lark-brandy-px-sherry-cask\/"]}]},{"@type":"ImageObject","inLanguage":"vi","@id":"https:\/\/alchemy-asia.com\/vi\/san-pham\/lark-brandy-px-sherry-cask\/#primaryimage","url":"https:\/\/alchemy-asia.com\/vi\/wp-content\/uploads\/sites\/3\/2024\/07\/Lark-Brandy-PX-Sherry-Cask-1024x1024-1.png","contentUrl":"https:\/\/alchemy-asia.com\/vi\/wp-content\/uploads\/sites\/3\/2024\/07\/Lark-Brandy-PX-Sherry-Cask-1024x1024-1.png","width":1024,"height":1024,"caption":"Lark Brandy PX Sherry Cask"},{"@type":"BreadcrumbList","@id":"https:\/\/alchemy-asia.com\/vi\/san-pham\/lark-brandy-px-sherry-cask\/#breadcrumb","itemListElement":[{"@type":"ListItem","position":1,"name":"Home","item":"https:\/\/alchemy-asia.com\/vi\/"},{"@type":"ListItem","position":2,"name":"Lark Brandy PX Sherry Cask"}]},{"@type":"WebSite","@id":"https:\/\/alchemy-asia.com\/vi\/#website","url":"https:\/\/alchemy-asia.com\/vi\/","name":"Alchemy Asia","description":"Just another Alchemy Asia Sites site","potentialAction":[{"@type":"SearchAction","target":{"@type":"EntryPoint","urlTemplate":"https:\/\/alchemy-asia.com\/vi\/?s={search_term_string}"},"query-input":"required name=search_term_string"}],"inLanguage":"vi"}]}},"_links":{"self":[{"href":"https:\/\/alchemy-asia.com\/vi\/wp-json\/wp\/v2\/product\/8417","targetHints":{"allow":["GET"]}}],"collection":[{"href":"https:\/\/alchemy-asia.com\/vi\/wp-json\/wp\/v2\/product"}],"about":[{"href":"https:\/\/alchemy-asia.com\/vi\/wp-json\/wp\/v2\/types\/product"}],"replies":[{"embeddable":true,"href":"https:\/\/alchemy-asia.com\/vi\/wp-json\/wp\/v2\/comments?post=8417"}],"wp:featuredmedia":[{"embeddable":true,"href":"https:\/\/alchemy-asia.com\/vi\/wp-json\/wp\/v2\/media\/8419"}],"wp:attachment":[{"href":"https:\/\/alchemy-asia.com\/vi\/wp-json\/wp\/v2\/media?parent=8417"}],"wp:term":[{"taxonomy":"product_cat","embeddable":true,"href":"https:\/\/alchemy-asia.com\/vi\/wp-json\/wp\/v2\/product_cat?post=8417"},{"taxonomy":"product_tag","embeddable":true,"href":"https:\/\/alchemy-asia.com\/vi\/wp-json\/wp\/v2\/product_tag?post=8417"}],"curies":[{"name":"wp","href":"https:\/\/api.w.org\/{rel}","templated":true}]}}