{"id":8427,"date":"2024-09-10T08:55:01","date_gmt":"2024-09-10T08:55:01","guid":{"rendered":"https:\/\/alchemy-asia.com\/vi\/?post_type=product&#038;p=8427"},"modified":"2024-09-10T08:55:01","modified_gmt":"2024-09-10T08:55:01","slug":"lark-classic-cask","status":"publish","type":"product","link":"https:\/\/alchemy-asia.com\/vi\/san-pham\/lark-classic-cask\/","title":{"rendered":"Lark Classic Cask"},"content":{"rendered":"","protected":false},"excerpt":{"rendered":"<p>S\u1ef1 c\u00e2n b\u1eb1ng h\u00e0i h\u00f2a gi\u1eefa c\u00e1c y\u1ebfu t\u1ed1 ng\u1ecdt, cay v\u00e0 m\u1eb7n khi\u1ebfn \u0111\u00e2y tr\u1edf th\u00e0nh ly whisky ho\u00e0n h\u1ea3o cho nh\u1eefng ng\u01b0\u1eddi y\u00eau whisky \u1edf m\u1ecdi giai \u0111o\u1ea1n tr\u00ean h\u00e0nh tr\u00ecnh th\u01b0\u1edfng th\u1ee9c whisky c\u1ee7a h\u1ecd. M\u1ed9t lo\u1ea1i c\u1ed5 \u0111i\u1ec3n d\u1ec5 ti\u1ebfp c\u1eadn nh\u01b0ng \u0111\u1eb7c bi\u1ec7t cho ng\u01b0\u1eddi s\u00e0nh r\u01b0\u1ee3u, ng\u01b0\u1eddi s\u01b0u t\u1eadp ho\u1eb7c ng\u01b0\u1eddi t\u00f2 m\u00f2. Th\u00edch h\u1ee3p th\u01b0\u1edfng th\u1ee9c b\u1edfi b\u1ea5t k\u1ef3 ai, theo b\u1ea5t k\u1ef3 c\u00e1ch n\u00e0o h\u1ecd th\u00edch.<br \/>\nH\u01af\u01a0NG<br \/>\nT\u00e1o caramel v\u1edbi v\u1ecb chanh t\u01b0\u01a1i v\u00e0 kem s\u1eefa, v\u1edbi th\u1eddi gian, m\u1ed9t ch\u00fat g\u1ed7 s\u1ed3i hoa nh\u1eb9 nh\u00e0ng hi\u1ec7n ra.<br \/>\nV\u1eca<br \/>\nM\u1ea1ch nha tr\u00e1i c\u00e2y v\u00e0 b\u00e1nh pudding m\u1eadn th\u1ecbt, v\u1edbi s\u1ef1 ph\u00e1t tri\u1ec3n c\u1ee7a b\u00e1nh t\u00e1o v\u00e0 c\u00e1c lo\u1ea1i qu\u1ea3 d\u00e2u \u0111\u1ecf.<br \/>\nK\u1ebeT TH\u00daC<br \/>\nD\u00e0y \u0111\u1eb7c v\u00e0 d\u1eabn d\u1eaft b\u1edfi sa m\u1ea1c, v\u1edbi \u00e2m \u0111i\u1ec7u cu\u1ed1i c\u00f9ng c\u1ee7a g\u1ed7 s\u1ed3i gi\u00e0 m\u00e0u n\u00e2u.<\/p>\n","protected":false},"featured_media":8429,"comment_status":"open","ping_status":"closed","template":"","meta":{"_acf_changed":false},"product_cat":[122],"product_tag":[],"class_list":{"0":"post-8427","1":"product","2":"type-product","3":"status-publish","4":"has-post-thumbnail","6":"product_cat-australian-whisky","7":"brand-lark-whisky","9":"first","10":"instock","11":"shipping-taxable","12":"product-type-simple"},"acf":[],"yoast_head":"<!-- This site is optimized with the Yoast SEO plugin v23.0 - https:\/\/yoast.com\/wordpress\/plugins\/seo\/ -->\n<title>Lark Classic Cask - Alchemy Asia<\/title>\n<meta name=\"robots\" content=\"index, follow, max-snippet:-1, max-image-preview:large, max-video-preview:-1\" \/>\n<link rel=\"canonical\" href=\"https:\/\/alchemy-asia.com\/vi\/san-pham\/lark-classic-cask\/\" \/>\n<meta property=\"og:locale\" content=\"vi_VN\" \/>\n<meta property=\"og:type\" content=\"article\" \/>\n<meta property=\"og:title\" content=\"Lark Classic Cask - Alchemy Asia\" \/>\n<meta property=\"og:description\" content=\"S\u1ef1 c\u00e2n b\u1eb1ng h\u00e0i h\u00f2a gi\u1eefa c\u00e1c y\u1ebfu t\u1ed1 ng\u1ecdt, cay v\u00e0 m\u1eb7n khi\u1ebfn \u0111\u00e2y tr\u1edf th\u00e0nh ly whisky ho\u00e0n h\u1ea3o cho nh\u1eefng ng\u01b0\u1eddi y\u00eau whisky \u1edf m\u1ecdi giai \u0111o\u1ea1n tr\u00ean h\u00e0nh tr\u00ecnh th\u01b0\u1edfng th\u1ee9c whisky c\u1ee7a h\u1ecd. M\u1ed9t lo\u1ea1i c\u1ed5 \u0111i\u1ec3n d\u1ec5 ti\u1ebfp c\u1eadn nh\u01b0ng \u0111\u1eb7c bi\u1ec7t cho ng\u01b0\u1eddi s\u00e0nh r\u01b0\u1ee3u, ng\u01b0\u1eddi s\u01b0u t\u1eadp ho\u1eb7c ng\u01b0\u1eddi t\u00f2 m\u00f2. Th\u00edch h\u1ee3p th\u01b0\u1edfng th\u1ee9c b\u1edfi b\u1ea5t k\u1ef3 ai, theo b\u1ea5t k\u1ef3 c\u00e1ch n\u00e0o h\u1ecd th\u00edch. H\u01af\u01a0NG T\u00e1o caramel v\u1edbi v\u1ecb chanh t\u01b0\u01a1i v\u00e0 kem s\u1eefa, v\u1edbi th\u1eddi gian, m\u1ed9t ch\u00fat g\u1ed7 s\u1ed3i hoa nh\u1eb9 nh\u00e0ng hi\u1ec7n ra. V\u1eca M\u1ea1ch nha tr\u00e1i c\u00e2y v\u00e0 b\u00e1nh pudding m\u1eadn th\u1ecbt, v\u1edbi s\u1ef1 ph\u00e1t tri\u1ec3n c\u1ee7a b\u00e1nh t\u00e1o v\u00e0 c\u00e1c lo\u1ea1i qu\u1ea3 d\u00e2u \u0111\u1ecf. K\u1ebeT TH\u00daC D\u00e0y \u0111\u1eb7c v\u00e0 d\u1eabn d\u1eaft b\u1edfi sa m\u1ea1c, v\u1edbi \u00e2m \u0111i\u1ec7u cu\u1ed1i c\u00f9ng c\u1ee7a g\u1ed7 s\u1ed3i gi\u00e0 m\u00e0u n\u00e2u.\" \/>\n<meta property=\"og:url\" content=\"https:\/\/alchemy-asia.com\/vi\/san-pham\/lark-classic-cask\/\" \/>\n<meta property=\"og:site_name\" content=\"Alchemy Asia\" \/>\n<meta property=\"og:image\" content=\"https:\/\/alchemy-asia.com\/vi\/wp-content\/uploads\/sites\/3\/2024\/07\/Lark-Classic-Cask-1024x1024.png\" \/>\n\t<meta property=\"og:image:width\" content=\"1024\" \/>\n\t<meta property=\"og:image:height\" content=\"1024\" \/>\n\t<meta property=\"og:image:type\" content=\"image\/png\" \/>\n<meta name=\"twitter:card\" content=\"summary_large_image\" \/>\n<meta name=\"twitter:label1\" content=\"\u01af\u1edbc t\u00ednh th\u1eddi gian \u0111\u1ecdc\" \/>\n\t<meta name=\"twitter:data1\" content=\"1 ph\u00fat\" \/>\n<script type=\"application\/ld+json\" class=\"yoast-schema-graph\">{\"@context\":\"https:\/\/schema.org\",\"@graph\":[{\"@type\":\"WebPage\",\"@id\":\"https:\/\/alchemy-asia.com\/vi\/san-pham\/lark-classic-cask\/\",\"url\":\"https:\/\/alchemy-asia.com\/vi\/san-pham\/lark-classic-cask\/\",\"name\":\"Lark Classic Cask - Alchemy Asia\",\"isPartOf\":{\"@id\":\"https:\/\/alchemy-asia.com\/vi\/#website\"},\"primaryImageOfPage\":{\"@id\":\"https:\/\/alchemy-asia.com\/vi\/san-pham\/lark-classic-cask\/#primaryimage\"},\"image\":{\"@id\":\"https:\/\/alchemy-asia.com\/vi\/san-pham\/lark-classic-cask\/#primaryimage\"},\"thumbnailUrl\":\"https:\/\/alchemy-asia.com\/vi\/wp-content\/uploads\/sites\/3\/2024\/07\/Lark-Classic-Cask.png\",\"datePublished\":\"2024-09-10T08:55:01+00:00\",\"dateModified\":\"2024-09-10T08:55:01+00:00\",\"breadcrumb\":{\"@id\":\"https:\/\/alchemy-asia.com\/vi\/san-pham\/lark-classic-cask\/#breadcrumb\"},\"inLanguage\":\"vi\",\"potentialAction\":[{\"@type\":\"ReadAction\",\"target\":[\"https:\/\/alchemy-asia.com\/vi\/san-pham\/lark-classic-cask\/\"]}]},{\"@type\":\"ImageObject\",\"inLanguage\":\"vi\",\"@id\":\"https:\/\/alchemy-asia.com\/vi\/san-pham\/lark-classic-cask\/#primaryimage\",\"url\":\"https:\/\/alchemy-asia.com\/vi\/wp-content\/uploads\/sites\/3\/2024\/07\/Lark-Classic-Cask.png\",\"contentUrl\":\"https:\/\/alchemy-asia.com\/vi\/wp-content\/uploads\/sites\/3\/2024\/07\/Lark-Classic-Cask.png\",\"width\":5804,\"height\":5803,\"caption\":\"Lark Classic Cask\"},{\"@type\":\"BreadcrumbList\",\"@id\":\"https:\/\/alchemy-asia.com\/vi\/san-pham\/lark-classic-cask\/#breadcrumb\",\"itemListElement\":[{\"@type\":\"ListItem\",\"position\":1,\"name\":\"Home\",\"item\":\"https:\/\/alchemy-asia.com\/vi\/\"},{\"@type\":\"ListItem\",\"position\":2,\"name\":\"Lark Classic Cask\"}]},{\"@type\":\"WebSite\",\"@id\":\"https:\/\/alchemy-asia.com\/vi\/#website\",\"url\":\"https:\/\/alchemy-asia.com\/vi\/\",\"name\":\"Alchemy Asia\",\"description\":\"Just another Alchemy Asia Sites site\",\"potentialAction\":[{\"@type\":\"SearchAction\",\"target\":{\"@type\":\"EntryPoint\",\"urlTemplate\":\"https:\/\/alchemy-asia.com\/vi\/?s={search_term_string}\"},\"query-input\":\"required name=search_term_string\"}],\"inLanguage\":\"vi\"}]}<\/script>\n<!-- \/ Yoast SEO plugin. -->","yoast_head_json":{"title":"Lark Classic Cask - Alchemy Asia","robots":{"index":"index","follow":"follow","max-snippet":"max-snippet:-1","max-image-preview":"max-image-preview:large","max-video-preview":"max-video-preview:-1"},"canonical":"https:\/\/alchemy-asia.com\/vi\/san-pham\/lark-classic-cask\/","og_locale":"vi_VN","og_type":"article","og_title":"Lark Classic Cask - Alchemy Asia","og_description":"S\u1ef1 c\u00e2n b\u1eb1ng h\u00e0i h\u00f2a gi\u1eefa c\u00e1c y\u1ebfu t\u1ed1 ng\u1ecdt, cay v\u00e0 m\u1eb7n khi\u1ebfn \u0111\u00e2y tr\u1edf th\u00e0nh ly whisky ho\u00e0n h\u1ea3o cho nh\u1eefng ng\u01b0\u1eddi y\u00eau whisky \u1edf m\u1ecdi giai \u0111o\u1ea1n tr\u00ean h\u00e0nh tr\u00ecnh th\u01b0\u1edfng th\u1ee9c whisky c\u1ee7a h\u1ecd. M\u1ed9t lo\u1ea1i c\u1ed5 \u0111i\u1ec3n d\u1ec5 ti\u1ebfp c\u1eadn nh\u01b0ng \u0111\u1eb7c bi\u1ec7t cho ng\u01b0\u1eddi s\u00e0nh r\u01b0\u1ee3u, ng\u01b0\u1eddi s\u01b0u t\u1eadp ho\u1eb7c ng\u01b0\u1eddi t\u00f2 m\u00f2. Th\u00edch h\u1ee3p th\u01b0\u1edfng th\u1ee9c b\u1edfi b\u1ea5t k\u1ef3 ai, theo b\u1ea5t k\u1ef3 c\u00e1ch n\u00e0o h\u1ecd th\u00edch. H\u01af\u01a0NG T\u00e1o caramel v\u1edbi v\u1ecb chanh t\u01b0\u01a1i v\u00e0 kem s\u1eefa, v\u1edbi th\u1eddi gian, m\u1ed9t ch\u00fat g\u1ed7 s\u1ed3i hoa nh\u1eb9 nh\u00e0ng hi\u1ec7n ra. V\u1eca M\u1ea1ch nha tr\u00e1i c\u00e2y v\u00e0 b\u00e1nh pudding m\u1eadn th\u1ecbt, v\u1edbi s\u1ef1 ph\u00e1t tri\u1ec3n c\u1ee7a b\u00e1nh t\u00e1o v\u00e0 c\u00e1c lo\u1ea1i qu\u1ea3 d\u00e2u \u0111\u1ecf. K\u1ebeT TH\u00daC D\u00e0y \u0111\u1eb7c v\u00e0 d\u1eabn d\u1eaft b\u1edfi sa m\u1ea1c, v\u1edbi \u00e2m \u0111i\u1ec7u cu\u1ed1i c\u00f9ng c\u1ee7a g\u1ed7 s\u1ed3i gi\u00e0 m\u00e0u n\u00e2u.","og_url":"https:\/\/alchemy-asia.com\/vi\/san-pham\/lark-classic-cask\/","og_site_name":"Alchemy Asia","og_image":[{"width":1024,"height":1024,"url":"https:\/\/alchemy-asia.com\/vi\/wp-content\/uploads\/sites\/3\/2024\/07\/Lark-Classic-Cask-1024x1024.png","type":"image\/png"}],"twitter_card":"summary_large_image","twitter_misc":{"\u01af\u1edbc t\u00ednh th\u1eddi gian \u0111\u1ecdc":"1 ph\u00fat"},"schema":{"@context":"https:\/\/schema.org","@graph":[{"@type":"WebPage","@id":"https:\/\/alchemy-asia.com\/vi\/san-pham\/lark-classic-cask\/","url":"https:\/\/alchemy-asia.com\/vi\/san-pham\/lark-classic-cask\/","name":"Lark Classic Cask - Alchemy Asia","isPartOf":{"@id":"https:\/\/alchemy-asia.com\/vi\/#website"},"primaryImageOfPage":{"@id":"https:\/\/alchemy-asia.com\/vi\/san-pham\/lark-classic-cask\/#primaryimage"},"image":{"@id":"https:\/\/alchemy-asia.com\/vi\/san-pham\/lark-classic-cask\/#primaryimage"},"thumbnailUrl":"https:\/\/alchemy-asia.com\/vi\/wp-content\/uploads\/sites\/3\/2024\/07\/Lark-Classic-Cask.png","datePublished":"2024-09-10T08:55:01+00:00","dateModified":"2024-09-10T08:55:01+00:00","breadcrumb":{"@id":"https:\/\/alchemy-asia.com\/vi\/san-pham\/lark-classic-cask\/#breadcrumb"},"inLanguage":"vi","potentialAction":[{"@type":"ReadAction","target":["https:\/\/alchemy-asia.com\/vi\/san-pham\/lark-classic-cask\/"]}]},{"@type":"ImageObject","inLanguage":"vi","@id":"https:\/\/alchemy-asia.com\/vi\/san-pham\/lark-classic-cask\/#primaryimage","url":"https:\/\/alchemy-asia.com\/vi\/wp-content\/uploads\/sites\/3\/2024\/07\/Lark-Classic-Cask.png","contentUrl":"https:\/\/alchemy-asia.com\/vi\/wp-content\/uploads\/sites\/3\/2024\/07\/Lark-Classic-Cask.png","width":5804,"height":5803,"caption":"Lark Classic Cask"},{"@type":"BreadcrumbList","@id":"https:\/\/alchemy-asia.com\/vi\/san-pham\/lark-classic-cask\/#breadcrumb","itemListElement":[{"@type":"ListItem","position":1,"name":"Home","item":"https:\/\/alchemy-asia.com\/vi\/"},{"@type":"ListItem","position":2,"name":"Lark Classic Cask"}]},{"@type":"WebSite","@id":"https:\/\/alchemy-asia.com\/vi\/#website","url":"https:\/\/alchemy-asia.com\/vi\/","name":"Alchemy Asia","description":"Just another Alchemy Asia Sites site","potentialAction":[{"@type":"SearchAction","target":{"@type":"EntryPoint","urlTemplate":"https:\/\/alchemy-asia.com\/vi\/?s={search_term_string}"},"query-input":"required name=search_term_string"}],"inLanguage":"vi"}]}},"_links":{"self":[{"href":"https:\/\/alchemy-asia.com\/vi\/wp-json\/wp\/v2\/product\/8427","targetHints":{"allow":["GET"]}}],"collection":[{"href":"https:\/\/alchemy-asia.com\/vi\/wp-json\/wp\/v2\/product"}],"about":[{"href":"https:\/\/alchemy-asia.com\/vi\/wp-json\/wp\/v2\/types\/product"}],"replies":[{"embeddable":true,"href":"https:\/\/alchemy-asia.com\/vi\/wp-json\/wp\/v2\/comments?post=8427"}],"wp:featuredmedia":[{"embeddable":true,"href":"https:\/\/alchemy-asia.com\/vi\/wp-json\/wp\/v2\/media\/8429"}],"wp:attachment":[{"href":"https:\/\/alchemy-asia.com\/vi\/wp-json\/wp\/v2\/media?parent=8427"}],"wp:term":[{"taxonomy":"product_cat","embeddable":true,"href":"https:\/\/alchemy-asia.com\/vi\/wp-json\/wp\/v2\/product_cat?post=8427"},{"taxonomy":"product_tag","embeddable":true,"href":"https:\/\/alchemy-asia.com\/vi\/wp-json\/wp\/v2\/product_tag?post=8427"}],"curies":[{"name":"wp","href":"https:\/\/api.w.org\/{rel}","templated":true}]}}