{"id":8430,"date":"2024-09-10T08:54:59","date_gmt":"2024-09-10T08:54:59","guid":{"rendered":"https:\/\/alchemy-asia.com\/vi\/?post_type=product&#038;p=8430"},"modified":"2024-09-10T08:55:00","modified_gmt":"2024-09-10T08:55:00","slug":"lark-classic-cask-strength","status":"publish","type":"product","link":"https:\/\/alchemy-asia.com\/vi\/san-pham\/lark-classic-cask-strength\/","title":{"rendered":"Lark Classic Cask Strength"},"content":{"rendered":"","protected":false},"excerpt":{"rendered":"<p>S\u00e2u s\u1eafc v\u00e0 n\u1eb7ng n\u1ec1, d\u00e0y \u0111\u1eb7c. D\u00e0nh cho nh\u1eefng ng\u01b0\u1eddi phi\u00eau l\u01b0u, h\u00e3y kh\u00e1m ph\u00e1 bi\u00ean gi\u1edbi m\u1edbi v\u1edbi h\u01b0\u01a1ng v\u1ecb c\u1ee7a m\u1ed9t \u0111i\u1ec1u g\u00ec \u0111\u00f3 t\u00e1o b\u1ea1o h\u01a1n.<br \/>\nH\u01af\u01a0NG<br \/>\nH\u01b0\u01a1ng gia v\u1ecb nh\u1eb9 c\u1ee7a g\u1ed7 s\u1ed3i v\u1edbi m\u1ea1ch nha b\u01a1 \u0111\u1eadm \u0111\u00e0, cam ng\u1ecdt v\u00e0 c\u00e1c lo\u1ea1i tr\u00e1i c\u00e2y \u0111\u1ecf gi\u00e0u ch\u1ea5t dinh d\u01b0\u1ee1ng.<br \/>\nV\u1eca<br \/>\nB\u00e1nh n\u01b0\u1edbc m\u00eda v\u00e0ng ph\u1ee7 b\u1ed9t qu\u1ebf, vani kem m\u1ec1m m\u1ecbn ti\u1ebfp sau \u0111\u00f3 l\u00e0 b\u00e1nh pudding m\u1eadn th\u1ecbt tr\u00e1i c\u00e2y.<br \/>\nK\u1ebeT TH\u00daC<br \/>\nD\u00e0i v\u00e0 \u0111\u00e1ng gi\u00e1, v\u1edbi s\u00f4 c\u00f4 la \u0111en v\u00e0 h\u1ea1nh nh\u00e2n \u0111\u01b0\u1eddng.<\/p>\n","protected":false},"featured_media":8431,"comment_status":"open","ping_status":"closed","template":"","meta":{"_acf_changed":false},"product_cat":[122],"product_tag":[],"class_list":{"0":"post-8430","1":"product","2":"type-product","3":"status-publish","4":"has-post-thumbnail","6":"product_cat-australian-whisky","7":"brand-lark-whisky","9":"first","10":"instock","11":"shipping-taxable","12":"product-type-simple"},"acf":[],"yoast_head":"<!-- This site is optimized with the Yoast SEO plugin v23.0 - https:\/\/yoast.com\/wordpress\/plugins\/seo\/ -->\n<title>Lark Classic Cask Strength - Alchemy Asia<\/title>\n<meta name=\"robots\" content=\"index, follow, max-snippet:-1, max-image-preview:large, max-video-preview:-1\" \/>\n<link rel=\"canonical\" href=\"https:\/\/alchemy-asia.com\/vi\/san-pham\/lark-classic-cask-strength\/\" \/>\n<meta property=\"og:locale\" content=\"vi_VN\" \/>\n<meta property=\"og:type\" content=\"article\" \/>\n<meta property=\"og:title\" content=\"Lark Classic Cask Strength - Alchemy Asia\" \/>\n<meta property=\"og:description\" content=\"S\u00e2u s\u1eafc v\u00e0 n\u1eb7ng n\u1ec1, d\u00e0y \u0111\u1eb7c. D\u00e0nh cho nh\u1eefng ng\u01b0\u1eddi phi\u00eau l\u01b0u, h\u00e3y kh\u00e1m ph\u00e1 bi\u00ean gi\u1edbi m\u1edbi v\u1edbi h\u01b0\u01a1ng v\u1ecb c\u1ee7a m\u1ed9t \u0111i\u1ec1u g\u00ec \u0111\u00f3 t\u00e1o b\u1ea1o h\u01a1n. H\u01af\u01a0NG H\u01b0\u01a1ng gia v\u1ecb nh\u1eb9 c\u1ee7a g\u1ed7 s\u1ed3i v\u1edbi m\u1ea1ch nha b\u01a1 \u0111\u1eadm \u0111\u00e0, cam ng\u1ecdt v\u00e0 c\u00e1c lo\u1ea1i tr\u00e1i c\u00e2y \u0111\u1ecf gi\u00e0u ch\u1ea5t dinh d\u01b0\u1ee1ng. V\u1eca B\u00e1nh n\u01b0\u1edbc m\u00eda v\u00e0ng ph\u1ee7 b\u1ed9t qu\u1ebf, vani kem m\u1ec1m m\u1ecbn ti\u1ebfp sau \u0111\u00f3 l\u00e0 b\u00e1nh pudding m\u1eadn th\u1ecbt tr\u00e1i c\u00e2y. K\u1ebeT TH\u00daC D\u00e0i v\u00e0 \u0111\u00e1ng gi\u00e1, v\u1edbi s\u00f4 c\u00f4 la \u0111en v\u00e0 h\u1ea1nh nh\u00e2n \u0111\u01b0\u1eddng.\" \/>\n<meta property=\"og:url\" content=\"https:\/\/alchemy-asia.com\/vi\/san-pham\/lark-classic-cask-strength\/\" \/>\n<meta property=\"og:site_name\" content=\"Alchemy Asia\" \/>\n<meta property=\"article:modified_time\" content=\"2024-09-10T08:55:00+00:00\" \/>\n<meta property=\"og:image\" content=\"https:\/\/alchemy-asia.com\/vi\/wp-content\/uploads\/sites\/3\/2024\/07\/Lark-Classic-Cask-Strength-1024x1024.png\" \/>\n\t<meta property=\"og:image:width\" content=\"1024\" \/>\n\t<meta property=\"og:image:height\" content=\"1024\" \/>\n\t<meta property=\"og:image:type\" content=\"image\/png\" \/>\n<meta name=\"twitter:card\" content=\"summary_large_image\" \/>\n<meta name=\"twitter:label1\" content=\"\u01af\u1edbc t\u00ednh th\u1eddi gian \u0111\u1ecdc\" \/>\n\t<meta name=\"twitter:data1\" content=\"1 ph\u00fat\" \/>\n<script type=\"application\/ld+json\" class=\"yoast-schema-graph\">{\"@context\":\"https:\/\/schema.org\",\"@graph\":[{\"@type\":\"WebPage\",\"@id\":\"https:\/\/alchemy-asia.com\/vi\/san-pham\/lark-classic-cask-strength\/\",\"url\":\"https:\/\/alchemy-asia.com\/vi\/san-pham\/lark-classic-cask-strength\/\",\"name\":\"Lark Classic Cask Strength - Alchemy Asia\",\"isPartOf\":{\"@id\":\"https:\/\/alchemy-asia.com\/vi\/#website\"},\"primaryImageOfPage\":{\"@id\":\"https:\/\/alchemy-asia.com\/vi\/san-pham\/lark-classic-cask-strength\/#primaryimage\"},\"image\":{\"@id\":\"https:\/\/alchemy-asia.com\/vi\/san-pham\/lark-classic-cask-strength\/#primaryimage\"},\"thumbnailUrl\":\"https:\/\/alchemy-asia.com\/vi\/wp-content\/uploads\/sites\/3\/2024\/07\/Lark-Classic-Cask-Strength.png\",\"datePublished\":\"2024-09-10T08:54:59+00:00\",\"dateModified\":\"2024-09-10T08:55:00+00:00\",\"breadcrumb\":{\"@id\":\"https:\/\/alchemy-asia.com\/vi\/san-pham\/lark-classic-cask-strength\/#breadcrumb\"},\"inLanguage\":\"vi\",\"potentialAction\":[{\"@type\":\"ReadAction\",\"target\":[\"https:\/\/alchemy-asia.com\/vi\/san-pham\/lark-classic-cask-strength\/\"]}]},{\"@type\":\"ImageObject\",\"inLanguage\":\"vi\",\"@id\":\"https:\/\/alchemy-asia.com\/vi\/san-pham\/lark-classic-cask-strength\/#primaryimage\",\"url\":\"https:\/\/alchemy-asia.com\/vi\/wp-content\/uploads\/sites\/3\/2024\/07\/Lark-Classic-Cask-Strength.png\",\"contentUrl\":\"https:\/\/alchemy-asia.com\/vi\/wp-content\/uploads\/sites\/3\/2024\/07\/Lark-Classic-Cask-Strength.png\",\"width\":5804,\"height\":5803,\"caption\":\"Lark Classic Cask Strength\"},{\"@type\":\"BreadcrumbList\",\"@id\":\"https:\/\/alchemy-asia.com\/vi\/san-pham\/lark-classic-cask-strength\/#breadcrumb\",\"itemListElement\":[{\"@type\":\"ListItem\",\"position\":1,\"name\":\"Home\",\"item\":\"https:\/\/alchemy-asia.com\/vi\/\"},{\"@type\":\"ListItem\",\"position\":2,\"name\":\"Lark Classic Cask Strength\"}]},{\"@type\":\"WebSite\",\"@id\":\"https:\/\/alchemy-asia.com\/vi\/#website\",\"url\":\"https:\/\/alchemy-asia.com\/vi\/\",\"name\":\"Alchemy Asia\",\"description\":\"Just another Alchemy Asia Sites site\",\"potentialAction\":[{\"@type\":\"SearchAction\",\"target\":{\"@type\":\"EntryPoint\",\"urlTemplate\":\"https:\/\/alchemy-asia.com\/vi\/?s={search_term_string}\"},\"query-input\":\"required name=search_term_string\"}],\"inLanguage\":\"vi\"}]}<\/script>\n<!-- \/ Yoast SEO plugin. -->","yoast_head_json":{"title":"Lark Classic Cask Strength - Alchemy Asia","robots":{"index":"index","follow":"follow","max-snippet":"max-snippet:-1","max-image-preview":"max-image-preview:large","max-video-preview":"max-video-preview:-1"},"canonical":"https:\/\/alchemy-asia.com\/vi\/san-pham\/lark-classic-cask-strength\/","og_locale":"vi_VN","og_type":"article","og_title":"Lark Classic Cask Strength - Alchemy Asia","og_description":"S\u00e2u s\u1eafc v\u00e0 n\u1eb7ng n\u1ec1, d\u00e0y \u0111\u1eb7c. D\u00e0nh cho nh\u1eefng ng\u01b0\u1eddi phi\u00eau l\u01b0u, h\u00e3y kh\u00e1m ph\u00e1 bi\u00ean gi\u1edbi m\u1edbi v\u1edbi h\u01b0\u01a1ng v\u1ecb c\u1ee7a m\u1ed9t \u0111i\u1ec1u g\u00ec \u0111\u00f3 t\u00e1o b\u1ea1o h\u01a1n. H\u01af\u01a0NG H\u01b0\u01a1ng gia v\u1ecb nh\u1eb9 c\u1ee7a g\u1ed7 s\u1ed3i v\u1edbi m\u1ea1ch nha b\u01a1 \u0111\u1eadm \u0111\u00e0, cam ng\u1ecdt v\u00e0 c\u00e1c lo\u1ea1i tr\u00e1i c\u00e2y \u0111\u1ecf gi\u00e0u ch\u1ea5t dinh d\u01b0\u1ee1ng. V\u1eca B\u00e1nh n\u01b0\u1edbc m\u00eda v\u00e0ng ph\u1ee7 b\u1ed9t qu\u1ebf, vani kem m\u1ec1m m\u1ecbn ti\u1ebfp sau \u0111\u00f3 l\u00e0 b\u00e1nh pudding m\u1eadn th\u1ecbt tr\u00e1i c\u00e2y. K\u1ebeT TH\u00daC D\u00e0i v\u00e0 \u0111\u00e1ng gi\u00e1, v\u1edbi s\u00f4 c\u00f4 la \u0111en v\u00e0 h\u1ea1nh nh\u00e2n \u0111\u01b0\u1eddng.","og_url":"https:\/\/alchemy-asia.com\/vi\/san-pham\/lark-classic-cask-strength\/","og_site_name":"Alchemy Asia","article_modified_time":"2024-09-10T08:55:00+00:00","og_image":[{"width":1024,"height":1024,"url":"https:\/\/alchemy-asia.com\/vi\/wp-content\/uploads\/sites\/3\/2024\/07\/Lark-Classic-Cask-Strength-1024x1024.png","type":"image\/png"}],"twitter_card":"summary_large_image","twitter_misc":{"\u01af\u1edbc t\u00ednh th\u1eddi gian \u0111\u1ecdc":"1 ph\u00fat"},"schema":{"@context":"https:\/\/schema.org","@graph":[{"@type":"WebPage","@id":"https:\/\/alchemy-asia.com\/vi\/san-pham\/lark-classic-cask-strength\/","url":"https:\/\/alchemy-asia.com\/vi\/san-pham\/lark-classic-cask-strength\/","name":"Lark Classic Cask Strength - Alchemy Asia","isPartOf":{"@id":"https:\/\/alchemy-asia.com\/vi\/#website"},"primaryImageOfPage":{"@id":"https:\/\/alchemy-asia.com\/vi\/san-pham\/lark-classic-cask-strength\/#primaryimage"},"image":{"@id":"https:\/\/alchemy-asia.com\/vi\/san-pham\/lark-classic-cask-strength\/#primaryimage"},"thumbnailUrl":"https:\/\/alchemy-asia.com\/vi\/wp-content\/uploads\/sites\/3\/2024\/07\/Lark-Classic-Cask-Strength.png","datePublished":"2024-09-10T08:54:59+00:00","dateModified":"2024-09-10T08:55:00+00:00","breadcrumb":{"@id":"https:\/\/alchemy-asia.com\/vi\/san-pham\/lark-classic-cask-strength\/#breadcrumb"},"inLanguage":"vi","potentialAction":[{"@type":"ReadAction","target":["https:\/\/alchemy-asia.com\/vi\/san-pham\/lark-classic-cask-strength\/"]}]},{"@type":"ImageObject","inLanguage":"vi","@id":"https:\/\/alchemy-asia.com\/vi\/san-pham\/lark-classic-cask-strength\/#primaryimage","url":"https:\/\/alchemy-asia.com\/vi\/wp-content\/uploads\/sites\/3\/2024\/07\/Lark-Classic-Cask-Strength.png","contentUrl":"https:\/\/alchemy-asia.com\/vi\/wp-content\/uploads\/sites\/3\/2024\/07\/Lark-Classic-Cask-Strength.png","width":5804,"height":5803,"caption":"Lark Classic Cask Strength"},{"@type":"BreadcrumbList","@id":"https:\/\/alchemy-asia.com\/vi\/san-pham\/lark-classic-cask-strength\/#breadcrumb","itemListElement":[{"@type":"ListItem","position":1,"name":"Home","item":"https:\/\/alchemy-asia.com\/vi\/"},{"@type":"ListItem","position":2,"name":"Lark Classic Cask Strength"}]},{"@type":"WebSite","@id":"https:\/\/alchemy-asia.com\/vi\/#website","url":"https:\/\/alchemy-asia.com\/vi\/","name":"Alchemy Asia","description":"Just another Alchemy Asia Sites site","potentialAction":[{"@type":"SearchAction","target":{"@type":"EntryPoint","urlTemplate":"https:\/\/alchemy-asia.com\/vi\/?s={search_term_string}"},"query-input":"required name=search_term_string"}],"inLanguage":"vi"}]}},"_links":{"self":[{"href":"https:\/\/alchemy-asia.com\/vi\/wp-json\/wp\/v2\/product\/8430","targetHints":{"allow":["GET"]}}],"collection":[{"href":"https:\/\/alchemy-asia.com\/vi\/wp-json\/wp\/v2\/product"}],"about":[{"href":"https:\/\/alchemy-asia.com\/vi\/wp-json\/wp\/v2\/types\/product"}],"replies":[{"embeddable":true,"href":"https:\/\/alchemy-asia.com\/vi\/wp-json\/wp\/v2\/comments?post=8430"}],"wp:featuredmedia":[{"embeddable":true,"href":"https:\/\/alchemy-asia.com\/vi\/wp-json\/wp\/v2\/media\/8431"}],"wp:attachment":[{"href":"https:\/\/alchemy-asia.com\/vi\/wp-json\/wp\/v2\/media?parent=8430"}],"wp:term":[{"taxonomy":"product_cat","embeddable":true,"href":"https:\/\/alchemy-asia.com\/vi\/wp-json\/wp\/v2\/product_cat?post=8430"},{"taxonomy":"product_tag","embeddable":true,"href":"https:\/\/alchemy-asia.com\/vi\/wp-json\/wp\/v2\/product_tag?post=8430"}],"curies":[{"name":"wp","href":"https:\/\/api.w.org\/{rel}","templated":true}]}}