{"id":8432,"date":"2024-09-10T08:54:58","date_gmt":"2024-09-10T08:54:58","guid":{"rendered":"https:\/\/alchemy-asia.com\/vi\/?post_type=product&#038;p=8432"},"modified":"2024-09-10T08:54:58","modified_gmt":"2024-09-10T08:54:58","slug":"lark-legacy-20-years-old","status":"publish","type":"product","link":"https:\/\/alchemy-asia.com\/vi\/san-pham\/lark-legacy-20-years-old\/","title":{"rendered":"Lark Legacy 20 Years Old"},"content":{"rendered":"","protected":false},"excerpt":{"rendered":"<p>M\u1ed9t lo\u1ea1i whisky m\u1ea1ch nha \u0111\u01a1n t\u1eeb Tasmania, b\u1eaft l\u1ea5y b\u1ea3n ch\u1ea5t c\u1ee7a m\u1ed9t di s\u1ea3n b\u1ec1n v\u1eefng k\u00e9o d\u00e0i 30 n\u0103m.<br \/>\nH\u01af\u01a0NG<br \/>\nL\u00ea caramel v\u1edbi kem s\u1eefa vani, trong khi d\u01b0\u1edbi \u0111\u00e1y b\u1ea1n c\u00f3 th\u1ec3 t\u00ecm th\u1ea5y da l\u1ed9n c\u0169, qu\u1ebf v\u00e0 nho kh\u00f4.<br \/>\nV\u1eca<br \/>\nB\u00e1nh cherry v\u1edbi g\u1ee3i \u00fd c\u1ee7a m\u1eadt ng\u1ecdt, chuy\u1ec3n sang cam \u0111\u01b0\u1eddng v\u00e0 cola m\u1eadt ong.<br \/>\nK\u1ebeT TH\u00daC<br \/>\nS\u1ef1 ph\u1ee9c t\u1ea1p c\u1ee7a g\u1ed7 s\u1ed3i v\u00e0 gia v\u1ecb, v\u1edbi m\u1ea1ch nha d\u00e0y \u0111\u1eb7c k\u00e9o d\u00e0i v\u00e0 g\u1ee3i \u00fd c\u1ee7a ti\u00eau \u0111en.<\/p>\n","protected":false},"featured_media":8435,"comment_status":"open","ping_status":"closed","template":"","meta":{"_acf_changed":false},"product_cat":[122],"product_tag":[],"class_list":{"0":"post-8432","1":"product","2":"type-product","3":"status-publish","4":"has-post-thumbnail","6":"product_cat-australian-whisky","7":"brand-lark-whisky","9":"first","10":"instock","11":"shipping-taxable","12":"product-type-simple"},"acf":[],"yoast_head":"<!-- This site is optimized with the Yoast SEO plugin v23.0 - https:\/\/yoast.com\/wordpress\/plugins\/seo\/ -->\n<title>Lark Legacy 20 Years Old - Alchemy Asia<\/title>\n<meta name=\"robots\" content=\"index, follow, max-snippet:-1, max-image-preview:large, max-video-preview:-1\" \/>\n<link rel=\"canonical\" href=\"https:\/\/alchemy-asia.com\/vi\/san-pham\/lark-legacy-20-years-old\/\" \/>\n<meta property=\"og:locale\" content=\"vi_VN\" \/>\n<meta property=\"og:type\" content=\"article\" \/>\n<meta property=\"og:title\" content=\"Lark Legacy 20 Years Old - Alchemy Asia\" \/>\n<meta property=\"og:description\" content=\"M\u1ed9t lo\u1ea1i whisky m\u1ea1ch nha \u0111\u01a1n t\u1eeb Tasmania, b\u1eaft l\u1ea5y b\u1ea3n ch\u1ea5t c\u1ee7a m\u1ed9t di s\u1ea3n b\u1ec1n v\u1eefng k\u00e9o d\u00e0i 30 n\u0103m. H\u01af\u01a0NG L\u00ea caramel v\u1edbi kem s\u1eefa vani, trong khi d\u01b0\u1edbi \u0111\u00e1y b\u1ea1n c\u00f3 th\u1ec3 t\u00ecm th\u1ea5y da l\u1ed9n c\u0169, qu\u1ebf v\u00e0 nho kh\u00f4. V\u1eca B\u00e1nh cherry v\u1edbi g\u1ee3i \u00fd c\u1ee7a m\u1eadt ng\u1ecdt, chuy\u1ec3n sang cam \u0111\u01b0\u1eddng v\u00e0 cola m\u1eadt ong. K\u1ebeT TH\u00daC S\u1ef1 ph\u1ee9c t\u1ea1p c\u1ee7a g\u1ed7 s\u1ed3i v\u00e0 gia v\u1ecb, v\u1edbi m\u1ea1ch nha d\u00e0y \u0111\u1eb7c k\u00e9o d\u00e0i v\u00e0 g\u1ee3i \u00fd c\u1ee7a ti\u00eau \u0111en.\" \/>\n<meta property=\"og:url\" content=\"https:\/\/alchemy-asia.com\/vi\/san-pham\/lark-legacy-20-years-old\/\" \/>\n<meta property=\"og:site_name\" content=\"Alchemy Asia\" \/>\n<meta property=\"og:image\" content=\"https:\/\/alchemy-asia.com\/vi\/wp-content\/uploads\/sites\/3\/2024\/07\/Lark-Legacy-20-Years-Old-1024x1024.png\" \/>\n\t<meta property=\"og:image:width\" content=\"1024\" \/>\n\t<meta property=\"og:image:height\" content=\"1024\" \/>\n\t<meta property=\"og:image:type\" content=\"image\/png\" \/>\n<meta name=\"twitter:card\" content=\"summary_large_image\" \/>\n<meta name=\"twitter:label1\" content=\"\u01af\u1edbc t\u00ednh th\u1eddi gian \u0111\u1ecdc\" \/>\n\t<meta name=\"twitter:data1\" content=\"1 ph\u00fat\" \/>\n<script type=\"application\/ld+json\" class=\"yoast-schema-graph\">{\"@context\":\"https:\/\/schema.org\",\"@graph\":[{\"@type\":\"WebPage\",\"@id\":\"https:\/\/alchemy-asia.com\/vi\/san-pham\/lark-legacy-20-years-old\/\",\"url\":\"https:\/\/alchemy-asia.com\/vi\/san-pham\/lark-legacy-20-years-old\/\",\"name\":\"Lark Legacy 20 Years Old - Alchemy Asia\",\"isPartOf\":{\"@id\":\"https:\/\/alchemy-asia.com\/vi\/#website\"},\"primaryImageOfPage\":{\"@id\":\"https:\/\/alchemy-asia.com\/vi\/san-pham\/lark-legacy-20-years-old\/#primaryimage\"},\"image\":{\"@id\":\"https:\/\/alchemy-asia.com\/vi\/san-pham\/lark-legacy-20-years-old\/#primaryimage\"},\"thumbnailUrl\":\"https:\/\/alchemy-asia.com\/vi\/wp-content\/uploads\/sites\/3\/2024\/07\/Lark-Legacy-20-Years-Old.png\",\"datePublished\":\"2024-09-10T08:54:58+00:00\",\"dateModified\":\"2024-09-10T08:54:58+00:00\",\"breadcrumb\":{\"@id\":\"https:\/\/alchemy-asia.com\/vi\/san-pham\/lark-legacy-20-years-old\/#breadcrumb\"},\"inLanguage\":\"vi\",\"potentialAction\":[{\"@type\":\"ReadAction\",\"target\":[\"https:\/\/alchemy-asia.com\/vi\/san-pham\/lark-legacy-20-years-old\/\"]}]},{\"@type\":\"ImageObject\",\"inLanguage\":\"vi\",\"@id\":\"https:\/\/alchemy-asia.com\/vi\/san-pham\/lark-legacy-20-years-old\/#primaryimage\",\"url\":\"https:\/\/alchemy-asia.com\/vi\/wp-content\/uploads\/sites\/3\/2024\/07\/Lark-Legacy-20-Years-Old.png\",\"contentUrl\":\"https:\/\/alchemy-asia.com\/vi\/wp-content\/uploads\/sites\/3\/2024\/07\/Lark-Legacy-20-Years-Old.png\",\"width\":5804,\"height\":5803,\"caption\":\"Lark Legacy 20 Years Old\"},{\"@type\":\"BreadcrumbList\",\"@id\":\"https:\/\/alchemy-asia.com\/vi\/san-pham\/lark-legacy-20-years-old\/#breadcrumb\",\"itemListElement\":[{\"@type\":\"ListItem\",\"position\":1,\"name\":\"Home\",\"item\":\"https:\/\/alchemy-asia.com\/vi\/\"},{\"@type\":\"ListItem\",\"position\":2,\"name\":\"Lark Legacy 20 Years Old\"}]},{\"@type\":\"WebSite\",\"@id\":\"https:\/\/alchemy-asia.com\/vi\/#website\",\"url\":\"https:\/\/alchemy-asia.com\/vi\/\",\"name\":\"Alchemy Asia\",\"description\":\"Just another Alchemy Asia Sites site\",\"potentialAction\":[{\"@type\":\"SearchAction\",\"target\":{\"@type\":\"EntryPoint\",\"urlTemplate\":\"https:\/\/alchemy-asia.com\/vi\/?s={search_term_string}\"},\"query-input\":\"required name=search_term_string\"}],\"inLanguage\":\"vi\"}]}<\/script>\n<!-- \/ Yoast SEO plugin. -->","yoast_head_json":{"title":"Lark Legacy 20 Years Old - Alchemy Asia","robots":{"index":"index","follow":"follow","max-snippet":"max-snippet:-1","max-image-preview":"max-image-preview:large","max-video-preview":"max-video-preview:-1"},"canonical":"https:\/\/alchemy-asia.com\/vi\/san-pham\/lark-legacy-20-years-old\/","og_locale":"vi_VN","og_type":"article","og_title":"Lark Legacy 20 Years Old - Alchemy Asia","og_description":"M\u1ed9t lo\u1ea1i whisky m\u1ea1ch nha \u0111\u01a1n t\u1eeb Tasmania, b\u1eaft l\u1ea5y b\u1ea3n ch\u1ea5t c\u1ee7a m\u1ed9t di s\u1ea3n b\u1ec1n v\u1eefng k\u00e9o d\u00e0i 30 n\u0103m. H\u01af\u01a0NG L\u00ea caramel v\u1edbi kem s\u1eefa vani, trong khi d\u01b0\u1edbi \u0111\u00e1y b\u1ea1n c\u00f3 th\u1ec3 t\u00ecm th\u1ea5y da l\u1ed9n c\u0169, qu\u1ebf v\u00e0 nho kh\u00f4. V\u1eca B\u00e1nh cherry v\u1edbi g\u1ee3i \u00fd c\u1ee7a m\u1eadt ng\u1ecdt, chuy\u1ec3n sang cam \u0111\u01b0\u1eddng v\u00e0 cola m\u1eadt ong. K\u1ebeT TH\u00daC S\u1ef1 ph\u1ee9c t\u1ea1p c\u1ee7a g\u1ed7 s\u1ed3i v\u00e0 gia v\u1ecb, v\u1edbi m\u1ea1ch nha d\u00e0y \u0111\u1eb7c k\u00e9o d\u00e0i v\u00e0 g\u1ee3i \u00fd c\u1ee7a ti\u00eau \u0111en.","og_url":"https:\/\/alchemy-asia.com\/vi\/san-pham\/lark-legacy-20-years-old\/","og_site_name":"Alchemy Asia","og_image":[{"width":1024,"height":1024,"url":"https:\/\/alchemy-asia.com\/vi\/wp-content\/uploads\/sites\/3\/2024\/07\/Lark-Legacy-20-Years-Old-1024x1024.png","type":"image\/png"}],"twitter_card":"summary_large_image","twitter_misc":{"\u01af\u1edbc t\u00ednh th\u1eddi gian \u0111\u1ecdc":"1 ph\u00fat"},"schema":{"@context":"https:\/\/schema.org","@graph":[{"@type":"WebPage","@id":"https:\/\/alchemy-asia.com\/vi\/san-pham\/lark-legacy-20-years-old\/","url":"https:\/\/alchemy-asia.com\/vi\/san-pham\/lark-legacy-20-years-old\/","name":"Lark Legacy 20 Years Old - Alchemy Asia","isPartOf":{"@id":"https:\/\/alchemy-asia.com\/vi\/#website"},"primaryImageOfPage":{"@id":"https:\/\/alchemy-asia.com\/vi\/san-pham\/lark-legacy-20-years-old\/#primaryimage"},"image":{"@id":"https:\/\/alchemy-asia.com\/vi\/san-pham\/lark-legacy-20-years-old\/#primaryimage"},"thumbnailUrl":"https:\/\/alchemy-asia.com\/vi\/wp-content\/uploads\/sites\/3\/2024\/07\/Lark-Legacy-20-Years-Old.png","datePublished":"2024-09-10T08:54:58+00:00","dateModified":"2024-09-10T08:54:58+00:00","breadcrumb":{"@id":"https:\/\/alchemy-asia.com\/vi\/san-pham\/lark-legacy-20-years-old\/#breadcrumb"},"inLanguage":"vi","potentialAction":[{"@type":"ReadAction","target":["https:\/\/alchemy-asia.com\/vi\/san-pham\/lark-legacy-20-years-old\/"]}]},{"@type":"ImageObject","inLanguage":"vi","@id":"https:\/\/alchemy-asia.com\/vi\/san-pham\/lark-legacy-20-years-old\/#primaryimage","url":"https:\/\/alchemy-asia.com\/vi\/wp-content\/uploads\/sites\/3\/2024\/07\/Lark-Legacy-20-Years-Old.png","contentUrl":"https:\/\/alchemy-asia.com\/vi\/wp-content\/uploads\/sites\/3\/2024\/07\/Lark-Legacy-20-Years-Old.png","width":5804,"height":5803,"caption":"Lark Legacy 20 Years Old"},{"@type":"BreadcrumbList","@id":"https:\/\/alchemy-asia.com\/vi\/san-pham\/lark-legacy-20-years-old\/#breadcrumb","itemListElement":[{"@type":"ListItem","position":1,"name":"Home","item":"https:\/\/alchemy-asia.com\/vi\/"},{"@type":"ListItem","position":2,"name":"Lark Legacy 20 Years Old"}]},{"@type":"WebSite","@id":"https:\/\/alchemy-asia.com\/vi\/#website","url":"https:\/\/alchemy-asia.com\/vi\/","name":"Alchemy Asia","description":"Just another Alchemy Asia Sites site","potentialAction":[{"@type":"SearchAction","target":{"@type":"EntryPoint","urlTemplate":"https:\/\/alchemy-asia.com\/vi\/?s={search_term_string}"},"query-input":"required name=search_term_string"}],"inLanguage":"vi"}]}},"_links":{"self":[{"href":"https:\/\/alchemy-asia.com\/vi\/wp-json\/wp\/v2\/product\/8432","targetHints":{"allow":["GET"]}}],"collection":[{"href":"https:\/\/alchemy-asia.com\/vi\/wp-json\/wp\/v2\/product"}],"about":[{"href":"https:\/\/alchemy-asia.com\/vi\/wp-json\/wp\/v2\/types\/product"}],"replies":[{"embeddable":true,"href":"https:\/\/alchemy-asia.com\/vi\/wp-json\/wp\/v2\/comments?post=8432"}],"wp:featuredmedia":[{"embeddable":true,"href":"https:\/\/alchemy-asia.com\/vi\/wp-json\/wp\/v2\/media\/8435"}],"wp:attachment":[{"href":"https:\/\/alchemy-asia.com\/vi\/wp-json\/wp\/v2\/media?parent=8432"}],"wp:term":[{"taxonomy":"product_cat","embeddable":true,"href":"https:\/\/alchemy-asia.com\/vi\/wp-json\/wp\/v2\/product_cat?post=8432"},{"taxonomy":"product_tag","embeddable":true,"href":"https:\/\/alchemy-asia.com\/vi\/wp-json\/wp\/v2\/product_tag?post=8432"}],"curies":[{"name":"wp","href":"https:\/\/api.w.org\/{rel}","templated":true}]}}