{"id":8434,"date":"2024-09-10T08:38:02","date_gmt":"2024-09-10T08:38:02","guid":{"rendered":"https:\/\/alchemy-asia.com\/vi\/?post_type=product&#038;p=8434"},"modified":"2024-09-10T08:38:02","modified_gmt":"2024-09-10T08:38:02","slug":"bruichladdich-black-art-edition-whisky-10-1","status":"publish","type":"product","link":"https:\/\/alchemy-asia.com\/vi\/san-pham\/bruichladdich-black-art-edition-whisky-10-1\/","title":{"rendered":"Bruichladdich Black Art Edition Whisky 10.1"},"content":{"rendered":"","protected":false},"excerpt":{"rendered":"<p><span data-sheets-root=\"1\" data-sheets-value=\"{&quot;1&quot;:2,&quot;2&quot;:&quot;M\u00c0U S\u1eaeC\\n\u0110\u1ecf n\u00e2u \u0111\u1eadm\\n\\nH\u01af\u01a0NG TH\u01a0M\\n\u1ea4m \u00e1p v\u00e0 h\u1ea5p d\u1eabn, m\u1ed9t n\u1ed1t h\u01b0\u01a1ng tr\u00e1i c\u00e2y t\u01b0\u01a1i s\u00e1ng ch\u00e0o \u0111\u00f3n b\u1ea1n. M\u00f9i g\u1ed7 s\u1ed3i th\u01a1m ph\u1ee9c mang \u0111\u1ebfn h\u01b0\u01a1ng v\u1ecb c\u1ee7a s\u00f4 c\u00f4 la praline, g\u1ed7 tuy\u1ebft, da v\u00e0 nh\u1eefng n\u1ed1t h\u01b0\u01a1ng tinh t\u1ebf c\u1ee7a \u0111inh h\u01b0\u01a1ng v\u00e0 h\u1ea1t nh\u1ee5c \u0111\u1eadu kh\u1ea5u, tr\u01b0\u1edbc khi chuy\u1ec3n sang nh\u1eefng n\u1ed1t h\u01b0\u01a1ng tr\u00e1i c\u00e2y c\u1ee7a m\u1ee9t m\u01a1 ng\u1ecdt, d\u01b0a v\u00e0 d\u00e2u t\u00e2y \u0111en. C\u00f3 m\u1ed9t ch\u00fat ch\u1ea1m nh\u1eb9 c\u1ee7a cam qu\u00fdt v\u1edbi v\u1ecf chanh v\u00e0 qu\u1ea3 l\u1ef1u \u0111\u01b0\u1ee3c ng\u00e2m trong m\u1eadt ong, v\u1edbi nh\u1eefng n\u1ed1t h\u01b0\u01a1ng hoa nh\u1eb9 nh\u00e0ng c\u1ee7a hoa phong l\u1eef v\u00e0 hoa kim ng\u00e2n \u0111\u01b0\u1ee3c c\u00e2n b\u1eb1ng v\u1edbi ch\u00fat v\u1ecb c\u1ee7a kho\u00e1ng ch\u1ea5t v\u00e0 da.\\n\\nH\u01af\u01a0NG V\u1eca\\n\u0110\u01b0\u1eddng m\u1ea1ch nha cam, b\u00e1nh quy g\u1eebng v\u00e0 b\u00e1nh t\u00e1o b\u01a1 \u0111\u01b0\u1ee3m v\u1edbi b\u00e1nh kem chanh meringue, theo sau b\u1edfi m\u1ee9t m\u01a1 ng\u1ecdt v\u00e0 m\u1ee9t h\u1ea1nh nh\u00e2n. G\u1ed7 s\u1ed3i n\u01b0\u1edbng mang l\u1ea1i nh\u1eefng n\u1ed1t h\u01b0\u01a1ng s\u00f4 c\u00f4 la v\u00e0 vani m\u01b0\u1ee3t m\u00e0, tuy\u1ec7t v\u1eddi k\u1ebft h\u1ee3p v\u1edbi h\u01b0\u01a1ng v\u1ecb c\u1ee7a tr\u00e1i c\u00e2y syr\u00f4, nho kh\u00f4, m\u1eadn v\u00e0 d\u01b0a. Qua th\u1eddi gian, kho\u00e1ng ch\u1ea5t v\u00e0 m\u1ed9t ch\u00fat d\u1eeba tr\u1edf n\u00ean r\u00f5 r\u00e0ng, c\u00f9ng v\u1edbi c\u00e1c lo\u1ea1i gia v\u1ecb g\u1ed7 s\u1ed3i nh\u1eb9 nh\u00e0ng nh\u01b0 g\u1eebng v\u00e0 qu\u1ebf \u1ea5m \u00e1p. V\u1edbi c\u1ea5u tr\u00fac nh\u01b0 m\u01b0\u1ee3t nh\u01b0 nhung, s\u00e2u s\u1eafc v\u00e0 c\u00e2n b\u1eb1ng c\u1ee7a single malt n\u00e0y tr\u01b0\u1ee3t qua v\u00f2m mi\u1ec7ng.\\n\\nH\u1eacU V\u1eca\\nH\u01b0\u01a1ng k\u1eb9o d\u1ecbu nh\u1eb9 mang l\u1ea1i s\u1ef1 m\u1ec1m m\u1ea1i trong h\u1eadu v\u1ecb, trong khi c\u00e1c lo\u1ea1i tr\u00e1i c\u00e2y m\u1ec1m ch\u00edn, kh\u00f3i nh\u1eb9 v\u00e0 m\u1ed9t ch\u00fat g\u1eebng v\u1eabn c\u00f2n v\u01b0\u01a1ng v\u1ea5n.\\n\\n\\n\\n\\n&quot;}\" data-sheets-userformat=\"{&quot;2&quot;:15359,&quot;3&quot;:{&quot;1&quot;:0},&quot;4&quot;:{&quot;1&quot;:2,&quot;2&quot;:16777215},&quot;5&quot;:{&quot;1&quot;:[{&quot;1&quot;:2,&quot;2&quot;:0,&quot;5&quot;:{&quot;1&quot;:2,&quot;2&quot;:0}},{&quot;1&quot;:0,&quot;2&quot;:0,&quot;3&quot;:3},{&quot;1&quot;:1,&quot;2&quot;:0,&quot;4&quot;:1}]},&quot;6&quot;:{&quot;1&quot;:[{&quot;1&quot;:2,&quot;2&quot;:0,&quot;5&quot;:{&quot;1&quot;:2,&quot;2&quot;:0}},{&quot;1&quot;:0,&quot;2&quot;:0,&quot;3&quot;:3},{&quot;1&quot;:1,&quot;2&quot;:0,&quot;4&quot;:1}]},&quot;7&quot;:{&quot;1&quot;:[{&quot;1&quot;:2,&quot;2&quot;:0,&quot;5&quot;:{&quot;1&quot;:2,&quot;2&quot;:0}},{&quot;1&quot;:0,&quot;2&quot;:0,&quot;3&quot;:3},{&quot;1&quot;:1,&quot;2&quot;:0,&quot;4&quot;:1}]},&quot;8&quot;:{&quot;1&quot;:[{&quot;1&quot;:2,&quot;2&quot;:0,&quot;5&quot;:{&quot;1&quot;:2,&quot;2&quot;:0}},{&quot;1&quot;:0,&quot;2&quot;:0,&quot;3&quot;:3},{&quot;1&quot;:1,&quot;2&quot;:0,&quot;4&quot;:1}]},&quot;9&quot;:0,&quot;10&quot;:1,&quot;11&quot;:4,&quot;12&quot;:0,&quot;14&quot;:{&quot;1&quot;:2,&quot;2&quot;:0},&quot;15&quot;:&quot;Arial&quot;,&quot;16&quot;:11}\" data-sheets-textstyleruns=\"{&quot;1&quot;:0,&quot;2&quot;:{&quot;5&quot;:1}}\uee10{&quot;1&quot;:7}\uee10{&quot;1&quot;:20,&quot;2&quot;:{&quot;5&quot;:1}}\uee10{&quot;1&quot;:30}\uee10{&quot;1&quot;:518,&quot;2&quot;:{&quot;5&quot;:1}}\uee10{&quot;1&quot;:526}\uee10{&quot;1&quot;:1008,&quot;2&quot;:{&quot;5&quot;:1}}\uee10{&quot;1&quot;:1014}\">M\u00c0U S\u1eaeC<br \/>\n\u0110\u1ecf n\u00e2u \u0111\u1eadm<\/span><\/p>\n<p>H\u01af\u01a0NG TH\u01a0M<br \/>\n\u1ea4m \u00e1p v\u00e0 h\u1ea5p d\u1eabn, m\u1ed9t n\u1ed1t h\u01b0\u01a1ng tr\u00e1i c\u00e2y t\u01b0\u01a1i s\u00e1ng ch\u00e0o \u0111\u00f3n b\u1ea1n. M\u00f9i g\u1ed7 s\u1ed3i th\u01a1m ph\u1ee9c mang \u0111\u1ebfn h\u01b0\u01a1ng v\u1ecb c\u1ee7a s\u00f4 c\u00f4 la praline, g\u1ed7 tuy\u1ebft, da v\u00e0 nh\u1eefng n\u1ed1t h\u01b0\u01a1ng tinh t\u1ebf c\u1ee7a \u0111inh h\u01b0\u01a1ng v\u00e0 h\u1ea1t nh\u1ee5c \u0111\u1eadu kh\u1ea5u, tr\u01b0\u1edbc khi chuy\u1ec3n sang nh\u1eefng n\u1ed1t h\u01b0\u01a1ng tr\u00e1i c\u00e2y c\u1ee7a m\u1ee9t m\u01a1 ng\u1ecdt, d\u01b0a v\u00e0 d\u00e2u t\u00e2y \u0111en. C\u00f3 m\u1ed9t ch\u00fat ch\u1ea1m nh\u1eb9 c\u1ee7a cam qu\u00fdt v\u1edbi v\u1ecf chanh v\u00e0 qu\u1ea3 l\u1ef1u \u0111\u01b0\u1ee3c ng\u00e2m trong m\u1eadt ong, v\u1edbi nh\u1eefng n\u1ed1t h\u01b0\u01a1ng hoa nh\u1eb9 nh\u00e0ng c\u1ee7a hoa phong l\u1eef v\u00e0 hoa kim ng\u00e2n \u0111\u01b0\u1ee3c c\u00e2n b\u1eb1ng v\u1edbi ch\u00fat v\u1ecb c\u1ee7a kho\u00e1ng ch\u1ea5t v\u00e0 da.<\/p>\n<p>H\u01af\u01a0NG V\u1eca<br \/>\n\u0110\u01b0\u1eddng m\u1ea1ch nha cam, b\u00e1nh quy g\u1eebng v\u00e0 b\u00e1nh t\u00e1o b\u01a1 \u0111\u01b0\u1ee3m v\u1edbi b\u00e1nh kem chanh meringue, theo sau b\u1edfi m\u1ee9t m\u01a1 ng\u1ecdt v\u00e0 m\u1ee9t h\u1ea1nh nh\u00e2n. G\u1ed7 s\u1ed3i n\u01b0\u1edbng mang l\u1ea1i nh\u1eefng n\u1ed1t h\u01b0\u01a1ng s\u00f4 c\u00f4 la v\u00e0 vani m\u01b0\u1ee3t m\u00e0, tuy\u1ec7t v\u1eddi k\u1ebft h\u1ee3p v\u1edbi h\u01b0\u01a1ng v\u1ecb c\u1ee7a tr\u00e1i c\u00e2y syr\u00f4, nho kh\u00f4, m\u1eadn v\u00e0 d\u01b0a. Qua th\u1eddi gian, kho\u00e1ng ch\u1ea5t v\u00e0 m\u1ed9t ch\u00fat d\u1eeba tr\u1edf n\u00ean r\u00f5 r\u00e0ng, c\u00f9ng v\u1edbi c\u00e1c lo\u1ea1i gia v\u1ecb g\u1ed7 s\u1ed3i nh\u1eb9 nh\u00e0ng nh\u01b0 g\u1eebng v\u00e0 qu\u1ebf \u1ea5m \u00e1p. V\u1edbi c\u1ea5u tr\u00fac nh\u01b0 m\u01b0\u1ee3t nh\u01b0 nhung, s\u00e2u s\u1eafc v\u00e0 c\u00e2n b\u1eb1ng c\u1ee7a single malt n\u00e0y tr\u01b0\u1ee3t qua v\u00f2m mi\u1ec7ng.<\/p>\n<p>H\u1eacU V\u1eca<br \/>\nH\u01b0\u01a1ng k\u1eb9o d\u1ecbu nh\u1eb9 mang l\u1ea1i s\u1ef1 m\u1ec1m m\u1ea1i trong h\u1eadu v\u1ecb, trong khi c\u00e1c lo\u1ea1i tr\u00e1i c\u00e2y m\u1ec1m ch\u00edn, kh\u00f3i nh\u1eb9 v\u00e0 m\u1ed9t ch\u00fat g\u1eebng v\u1eabn c\u00f2n v\u01b0\u01a1ng v\u1ea5n.<\/p>\n","protected":false},"featured_media":8441,"comment_status":"open","ping_status":"closed","template":"","meta":{"_acf_changed":false},"product_cat":[58],"product_tag":[],"class_list":{"0":"post-8434","1":"product","2":"type-product","3":"status-publish","4":"has-post-thumbnail","6":"product_cat-scotch-whisky-single-malt","7":"brand-bruichladdich","9":"first","10":"instock","11":"shipping-taxable","12":"product-type-simple"},"acf":[],"yoast_head":"<!-- This site is optimized with the Yoast SEO plugin v23.0 - https:\/\/yoast.com\/wordpress\/plugins\/seo\/ -->\n<title>Bruichladdich Black Art Edition Whisky 10.1 - Alchemy Asia<\/title>\n<meta name=\"robots\" content=\"index, follow, max-snippet:-1, max-image-preview:large, max-video-preview:-1\" \/>\n<link rel=\"canonical\" href=\"https:\/\/alchemy-asia.com\/vi\/san-pham\/bruichladdich-black-art-edition-whisky-10-1\/\" \/>\n<meta property=\"og:locale\" content=\"vi_VN\" \/>\n<meta property=\"og:type\" content=\"article\" \/>\n<meta property=\"og:title\" content=\"Bruichladdich Black Art Edition Whisky 10.1 - Alchemy Asia\" \/>\n<meta property=\"og:description\" content=\"M\u00c0U S\u1eaeC \u0110\u1ecf n\u00e2u \u0111\u1eadm  H\u01af\u01a0NG TH\u01a0M \u1ea4m \u00e1p v\u00e0 h\u1ea5p d\u1eabn, m\u1ed9t n\u1ed1t h\u01b0\u01a1ng tr\u00e1i c\u00e2y t\u01b0\u01a1i s\u00e1ng ch\u00e0o \u0111\u00f3n b\u1ea1n. M\u00f9i g\u1ed7 s\u1ed3i th\u01a1m ph\u1ee9c mang \u0111\u1ebfn h\u01b0\u01a1ng v\u1ecb c\u1ee7a s\u00f4 c\u00f4 la praline, g\u1ed7 tuy\u1ebft, da v\u00e0 nh\u1eefng n\u1ed1t h\u01b0\u01a1ng tinh t\u1ebf c\u1ee7a \u0111inh h\u01b0\u01a1ng v\u00e0 h\u1ea1t nh\u1ee5c \u0111\u1eadu kh\u1ea5u, tr\u01b0\u1edbc khi chuy\u1ec3n sang nh\u1eefng n\u1ed1t h\u01b0\u01a1ng tr\u00e1i c\u00e2y c\u1ee7a m\u1ee9t m\u01a1 ng\u1ecdt, d\u01b0a v\u00e0 d\u00e2u t\u00e2y \u0111en. C\u00f3 m\u1ed9t ch\u00fat ch\u1ea1m nh\u1eb9 c\u1ee7a cam qu\u00fdt v\u1edbi v\u1ecf chanh v\u00e0 qu\u1ea3 l\u1ef1u \u0111\u01b0\u1ee3c ng\u00e2m trong m\u1eadt ong, v\u1edbi nh\u1eefng n\u1ed1t h\u01b0\u01a1ng hoa nh\u1eb9 nh\u00e0ng c\u1ee7a hoa phong l\u1eef v\u00e0 hoa kim ng\u00e2n \u0111\u01b0\u1ee3c c\u00e2n b\u1eb1ng v\u1edbi ch\u00fat v\u1ecb c\u1ee7a kho\u00e1ng ch\u1ea5t v\u00e0 da.  H\u01af\u01a0NG V\u1eca \u0110\u01b0\u1eddng m\u1ea1ch nha cam, b\u00e1nh quy g\u1eebng v\u00e0 b\u00e1nh t\u00e1o b\u01a1 \u0111\u01b0\u1ee3m v\u1edbi b\u00e1nh kem chanh meringue, theo sau b\u1edfi m\u1ee9t m\u01a1 ng\u1ecdt v\u00e0 m\u1ee9t h\u1ea1nh nh\u00e2n. G\u1ed7 s\u1ed3i n\u01b0\u1edbng mang l\u1ea1i nh\u1eefng n\u1ed1t h\u01b0\u01a1ng s\u00f4 c\u00f4 la v\u00e0 vani m\u01b0\u1ee3t m\u00e0, tuy\u1ec7t v\u1eddi k\u1ebft h\u1ee3p v\u1edbi h\u01b0\u01a1ng v\u1ecb c\u1ee7a tr\u00e1i c\u00e2y syr\u00f4, nho kh\u00f4, m\u1eadn v\u00e0 d\u01b0a. Qua th\u1eddi gian, kho\u00e1ng ch\u1ea5t v\u00e0 m\u1ed9t ch\u00fat d\u1eeba tr\u1edf n\u00ean r\u00f5 r\u00e0ng, c\u00f9ng v\u1edbi c\u00e1c lo\u1ea1i gia v\u1ecb g\u1ed7 s\u1ed3i nh\u1eb9 nh\u00e0ng nh\u01b0 g\u1eebng v\u00e0 qu\u1ebf \u1ea5m \u00e1p. V\u1edbi c\u1ea5u tr\u00fac nh\u01b0 m\u01b0\u1ee3t nh\u01b0 nhung, s\u00e2u s\u1eafc v\u00e0 c\u00e2n b\u1eb1ng c\u1ee7a single malt n\u00e0y tr\u01b0\u1ee3t qua v\u00f2m mi\u1ec7ng.  H\u1eacU V\u1eca H\u01b0\u01a1ng k\u1eb9o d\u1ecbu nh\u1eb9 mang l\u1ea1i s\u1ef1 m\u1ec1m m\u1ea1i trong h\u1eadu v\u1ecb, trong khi c\u00e1c lo\u1ea1i tr\u00e1i c\u00e2y m\u1ec1m ch\u00edn, kh\u00f3i nh\u1eb9 v\u00e0 m\u1ed9t ch\u00fat g\u1eebng v\u1eabn c\u00f2n v\u01b0\u01a1ng v\u1ea5n.\" \/>\n<meta property=\"og:url\" content=\"https:\/\/alchemy-asia.com\/vi\/san-pham\/bruichladdich-black-art-edition-whisky-10-1\/\" \/>\n<meta property=\"og:site_name\" content=\"Alchemy Asia\" \/>\n<meta property=\"og:image\" content=\"https:\/\/alchemy-asia.com\/vi\/wp-content\/uploads\/sites\/3\/2024\/07\/Bruichladdich-Black-Art-Edition-Whisky-10.1-0-1.png\" \/>\n\t<meta property=\"og:image:width\" content=\"2100\" \/>\n\t<meta property=\"og:image:height\" content=\"2100\" \/>\n\t<meta property=\"og:image:type\" content=\"image\/png\" \/>\n<meta name=\"twitter:card\" content=\"summary_large_image\" \/>\n<meta name=\"twitter:label1\" content=\"\u01af\u1edbc t\u00ednh th\u1eddi gian \u0111\u1ecdc\" \/>\n\t<meta name=\"twitter:data1\" content=\"1 ph\u00fat\" \/>\n<script type=\"application\/ld+json\" class=\"yoast-schema-graph\">{\"@context\":\"https:\/\/schema.org\",\"@graph\":[{\"@type\":\"WebPage\",\"@id\":\"https:\/\/alchemy-asia.com\/vi\/san-pham\/bruichladdich-black-art-edition-whisky-10-1\/\",\"url\":\"https:\/\/alchemy-asia.com\/vi\/san-pham\/bruichladdich-black-art-edition-whisky-10-1\/\",\"name\":\"Bruichladdich Black Art Edition Whisky 10.1 - Alchemy Asia\",\"isPartOf\":{\"@id\":\"https:\/\/alchemy-asia.com\/vi\/#website\"},\"primaryImageOfPage\":{\"@id\":\"https:\/\/alchemy-asia.com\/vi\/san-pham\/bruichladdich-black-art-edition-whisky-10-1\/#primaryimage\"},\"image\":{\"@id\":\"https:\/\/alchemy-asia.com\/vi\/san-pham\/bruichladdich-black-art-edition-whisky-10-1\/#primaryimage\"},\"thumbnailUrl\":\"https:\/\/alchemy-asia.com\/vi\/wp-content\/uploads\/sites\/3\/2024\/07\/Bruichladdich-Black-Art-Edition-Whisky-10.1-0-1.png\",\"datePublished\":\"2024-09-10T08:38:02+00:00\",\"dateModified\":\"2024-09-10T08:38:02+00:00\",\"breadcrumb\":{\"@id\":\"https:\/\/alchemy-asia.com\/vi\/san-pham\/bruichladdich-black-art-edition-whisky-10-1\/#breadcrumb\"},\"inLanguage\":\"vi\",\"potentialAction\":[{\"@type\":\"ReadAction\",\"target\":[\"https:\/\/alchemy-asia.com\/vi\/san-pham\/bruichladdich-black-art-edition-whisky-10-1\/\"]}]},{\"@type\":\"ImageObject\",\"inLanguage\":\"vi\",\"@id\":\"https:\/\/alchemy-asia.com\/vi\/san-pham\/bruichladdich-black-art-edition-whisky-10-1\/#primaryimage\",\"url\":\"https:\/\/alchemy-asia.com\/vi\/wp-content\/uploads\/sites\/3\/2024\/07\/Bruichladdich-Black-Art-Edition-Whisky-10.1-0-1.png\",\"contentUrl\":\"https:\/\/alchemy-asia.com\/vi\/wp-content\/uploads\/sites\/3\/2024\/07\/Bruichladdich-Black-Art-Edition-Whisky-10.1-0-1.png\",\"width\":2100,\"height\":2100,\"caption\":\"Bruichladdich Black Art Edition Whisky 10.1\"},{\"@type\":\"BreadcrumbList\",\"@id\":\"https:\/\/alchemy-asia.com\/vi\/san-pham\/bruichladdich-black-art-edition-whisky-10-1\/#breadcrumb\",\"itemListElement\":[{\"@type\":\"ListItem\",\"position\":1,\"name\":\"Home\",\"item\":\"https:\/\/alchemy-asia.com\/vi\/\"},{\"@type\":\"ListItem\",\"position\":2,\"name\":\"Bruichladdich Black Art Edition Whisky 10.1\"}]},{\"@type\":\"WebSite\",\"@id\":\"https:\/\/alchemy-asia.com\/vi\/#website\",\"url\":\"https:\/\/alchemy-asia.com\/vi\/\",\"name\":\"Alchemy Asia\",\"description\":\"Just another Alchemy Asia Sites site\",\"potentialAction\":[{\"@type\":\"SearchAction\",\"target\":{\"@type\":\"EntryPoint\",\"urlTemplate\":\"https:\/\/alchemy-asia.com\/vi\/?s={search_term_string}\"},\"query-input\":\"required name=search_term_string\"}],\"inLanguage\":\"vi\"}]}<\/script>\n<!-- \/ Yoast SEO plugin. -->","yoast_head_json":{"title":"Bruichladdich Black Art Edition Whisky 10.1 - Alchemy Asia","robots":{"index":"index","follow":"follow","max-snippet":"max-snippet:-1","max-image-preview":"max-image-preview:large","max-video-preview":"max-video-preview:-1"},"canonical":"https:\/\/alchemy-asia.com\/vi\/san-pham\/bruichladdich-black-art-edition-whisky-10-1\/","og_locale":"vi_VN","og_type":"article","og_title":"Bruichladdich Black Art Edition Whisky 10.1 - Alchemy Asia","og_description":"M\u00c0U S\u1eaeC \u0110\u1ecf n\u00e2u \u0111\u1eadm  H\u01af\u01a0NG TH\u01a0M \u1ea4m \u00e1p v\u00e0 h\u1ea5p d\u1eabn, m\u1ed9t n\u1ed1t h\u01b0\u01a1ng tr\u00e1i c\u00e2y t\u01b0\u01a1i s\u00e1ng ch\u00e0o \u0111\u00f3n b\u1ea1n. M\u00f9i g\u1ed7 s\u1ed3i th\u01a1m ph\u1ee9c mang \u0111\u1ebfn h\u01b0\u01a1ng v\u1ecb c\u1ee7a s\u00f4 c\u00f4 la praline, g\u1ed7 tuy\u1ebft, da v\u00e0 nh\u1eefng n\u1ed1t h\u01b0\u01a1ng tinh t\u1ebf c\u1ee7a \u0111inh h\u01b0\u01a1ng v\u00e0 h\u1ea1t nh\u1ee5c \u0111\u1eadu kh\u1ea5u, tr\u01b0\u1edbc khi chuy\u1ec3n sang nh\u1eefng n\u1ed1t h\u01b0\u01a1ng tr\u00e1i c\u00e2y c\u1ee7a m\u1ee9t m\u01a1 ng\u1ecdt, d\u01b0a v\u00e0 d\u00e2u t\u00e2y \u0111en. C\u00f3 m\u1ed9t ch\u00fat ch\u1ea1m nh\u1eb9 c\u1ee7a cam qu\u00fdt v\u1edbi v\u1ecf chanh v\u00e0 qu\u1ea3 l\u1ef1u \u0111\u01b0\u1ee3c ng\u00e2m trong m\u1eadt ong, v\u1edbi nh\u1eefng n\u1ed1t h\u01b0\u01a1ng hoa nh\u1eb9 nh\u00e0ng c\u1ee7a hoa phong l\u1eef v\u00e0 hoa kim ng\u00e2n \u0111\u01b0\u1ee3c c\u00e2n b\u1eb1ng v\u1edbi ch\u00fat v\u1ecb c\u1ee7a kho\u00e1ng ch\u1ea5t v\u00e0 da.  H\u01af\u01a0NG V\u1eca \u0110\u01b0\u1eddng m\u1ea1ch nha cam, b\u00e1nh quy g\u1eebng v\u00e0 b\u00e1nh t\u00e1o b\u01a1 \u0111\u01b0\u1ee3m v\u1edbi b\u00e1nh kem chanh meringue, theo sau b\u1edfi m\u1ee9t m\u01a1 ng\u1ecdt v\u00e0 m\u1ee9t h\u1ea1nh nh\u00e2n. G\u1ed7 s\u1ed3i n\u01b0\u1edbng mang l\u1ea1i nh\u1eefng n\u1ed1t h\u01b0\u01a1ng s\u00f4 c\u00f4 la v\u00e0 vani m\u01b0\u1ee3t m\u00e0, tuy\u1ec7t v\u1eddi k\u1ebft h\u1ee3p v\u1edbi h\u01b0\u01a1ng v\u1ecb c\u1ee7a tr\u00e1i c\u00e2y syr\u00f4, nho kh\u00f4, m\u1eadn v\u00e0 d\u01b0a. Qua th\u1eddi gian, kho\u00e1ng ch\u1ea5t v\u00e0 m\u1ed9t ch\u00fat d\u1eeba tr\u1edf n\u00ean r\u00f5 r\u00e0ng, c\u00f9ng v\u1edbi c\u00e1c lo\u1ea1i gia v\u1ecb g\u1ed7 s\u1ed3i nh\u1eb9 nh\u00e0ng nh\u01b0 g\u1eebng v\u00e0 qu\u1ebf \u1ea5m \u00e1p. V\u1edbi c\u1ea5u tr\u00fac nh\u01b0 m\u01b0\u1ee3t nh\u01b0 nhung, s\u00e2u s\u1eafc v\u00e0 c\u00e2n b\u1eb1ng c\u1ee7a single malt n\u00e0y tr\u01b0\u1ee3t qua v\u00f2m mi\u1ec7ng.  H\u1eacU V\u1eca H\u01b0\u01a1ng k\u1eb9o d\u1ecbu nh\u1eb9 mang l\u1ea1i s\u1ef1 m\u1ec1m m\u1ea1i trong h\u1eadu v\u1ecb, trong khi c\u00e1c lo\u1ea1i tr\u00e1i c\u00e2y m\u1ec1m ch\u00edn, kh\u00f3i nh\u1eb9 v\u00e0 m\u1ed9t ch\u00fat g\u1eebng v\u1eabn c\u00f2n v\u01b0\u01a1ng v\u1ea5n.","og_url":"https:\/\/alchemy-asia.com\/vi\/san-pham\/bruichladdich-black-art-edition-whisky-10-1\/","og_site_name":"Alchemy Asia","og_image":[{"width":2100,"height":2100,"url":"https:\/\/alchemy-asia.com\/vi\/wp-content\/uploads\/sites\/3\/2024\/07\/Bruichladdich-Black-Art-Edition-Whisky-10.1-0-1.png","type":"image\/png"}],"twitter_card":"summary_large_image","twitter_misc":{"\u01af\u1edbc t\u00ednh th\u1eddi gian \u0111\u1ecdc":"1 ph\u00fat"},"schema":{"@context":"https:\/\/schema.org","@graph":[{"@type":"WebPage","@id":"https:\/\/alchemy-asia.com\/vi\/san-pham\/bruichladdich-black-art-edition-whisky-10-1\/","url":"https:\/\/alchemy-asia.com\/vi\/san-pham\/bruichladdich-black-art-edition-whisky-10-1\/","name":"Bruichladdich Black Art Edition Whisky 10.1 - Alchemy Asia","isPartOf":{"@id":"https:\/\/alchemy-asia.com\/vi\/#website"},"primaryImageOfPage":{"@id":"https:\/\/alchemy-asia.com\/vi\/san-pham\/bruichladdich-black-art-edition-whisky-10-1\/#primaryimage"},"image":{"@id":"https:\/\/alchemy-asia.com\/vi\/san-pham\/bruichladdich-black-art-edition-whisky-10-1\/#primaryimage"},"thumbnailUrl":"https:\/\/alchemy-asia.com\/vi\/wp-content\/uploads\/sites\/3\/2024\/07\/Bruichladdich-Black-Art-Edition-Whisky-10.1-0-1.png","datePublished":"2024-09-10T08:38:02+00:00","dateModified":"2024-09-10T08:38:02+00:00","breadcrumb":{"@id":"https:\/\/alchemy-asia.com\/vi\/san-pham\/bruichladdich-black-art-edition-whisky-10-1\/#breadcrumb"},"inLanguage":"vi","potentialAction":[{"@type":"ReadAction","target":["https:\/\/alchemy-asia.com\/vi\/san-pham\/bruichladdich-black-art-edition-whisky-10-1\/"]}]},{"@type":"ImageObject","inLanguage":"vi","@id":"https:\/\/alchemy-asia.com\/vi\/san-pham\/bruichladdich-black-art-edition-whisky-10-1\/#primaryimage","url":"https:\/\/alchemy-asia.com\/vi\/wp-content\/uploads\/sites\/3\/2024\/07\/Bruichladdich-Black-Art-Edition-Whisky-10.1-0-1.png","contentUrl":"https:\/\/alchemy-asia.com\/vi\/wp-content\/uploads\/sites\/3\/2024\/07\/Bruichladdich-Black-Art-Edition-Whisky-10.1-0-1.png","width":2100,"height":2100,"caption":"Bruichladdich Black Art Edition Whisky 10.1"},{"@type":"BreadcrumbList","@id":"https:\/\/alchemy-asia.com\/vi\/san-pham\/bruichladdich-black-art-edition-whisky-10-1\/#breadcrumb","itemListElement":[{"@type":"ListItem","position":1,"name":"Home","item":"https:\/\/alchemy-asia.com\/vi\/"},{"@type":"ListItem","position":2,"name":"Bruichladdich Black Art Edition Whisky 10.1"}]},{"@type":"WebSite","@id":"https:\/\/alchemy-asia.com\/vi\/#website","url":"https:\/\/alchemy-asia.com\/vi\/","name":"Alchemy Asia","description":"Just another Alchemy Asia Sites site","potentialAction":[{"@type":"SearchAction","target":{"@type":"EntryPoint","urlTemplate":"https:\/\/alchemy-asia.com\/vi\/?s={search_term_string}"},"query-input":"required name=search_term_string"}],"inLanguage":"vi"}]}},"_links":{"self":[{"href":"https:\/\/alchemy-asia.com\/vi\/wp-json\/wp\/v2\/product\/8434","targetHints":{"allow":["GET"]}}],"collection":[{"href":"https:\/\/alchemy-asia.com\/vi\/wp-json\/wp\/v2\/product"}],"about":[{"href":"https:\/\/alchemy-asia.com\/vi\/wp-json\/wp\/v2\/types\/product"}],"replies":[{"embeddable":true,"href":"https:\/\/alchemy-asia.com\/vi\/wp-json\/wp\/v2\/comments?post=8434"}],"wp:featuredmedia":[{"embeddable":true,"href":"https:\/\/alchemy-asia.com\/vi\/wp-json\/wp\/v2\/media\/8441"}],"wp:attachment":[{"href":"https:\/\/alchemy-asia.com\/vi\/wp-json\/wp\/v2\/media?parent=8434"}],"wp:term":[{"taxonomy":"product_cat","embeddable":true,"href":"https:\/\/alchemy-asia.com\/vi\/wp-json\/wp\/v2\/product_cat?post=8434"},{"taxonomy":"product_tag","embeddable":true,"href":"https:\/\/alchemy-asia.com\/vi\/wp-json\/wp\/v2\/product_tag?post=8434"}],"curies":[{"name":"wp","href":"https:\/\/api.w.org\/{rel}","templated":true}]}}