{"id":8438,"date":"2024-09-10T08:54:56","date_gmt":"2024-09-10T08:54:56","guid":{"rendered":"https:\/\/alchemy-asia.com\/vi\/?post_type=product&#038;p=8438"},"modified":"2024-09-10T08:54:56","modified_gmt":"2024-09-10T08:54:56","slug":"lark-rebellion","status":"publish","type":"product","link":"https:\/\/alchemy-asia.com\/vi\/san-pham\/lark-rebellion\/","title":{"rendered":"Lark Rebellion"},"content":{"rendered":"","protected":false},"excerpt":{"rendered":"<p>N\u00e2ng ly ch\u00e0o \u0111\u00f3n k\u1ebb n\u1ed5i lo\u1ea1n b\u00ean trong. M\u1ed9t lo\u1ea1i m\u1ea1ch nha \u0111\u01a1n \u0111\u01b0\u1ee3c ch\u1ea1m nh\u1eb9 v\u1edbi Chinotto, \u00f4m l\u1ea5y s\u1ef1 \u0111i\u00ean r\u1ed3 trong ph\u01b0\u01a1ng ph\u00e1p. S\u1ef1 n\u1ed5i lo\u1ea1n n\u1eb1m trong m\u00e1u ch\u00fang t\u00f4i. \u0110\u01b0\u1ee3c l\u1ea5y c\u1ea3m h\u1ee9ng t\u1eeb tinh th\u1ea7n ti\u00ean phong c\u1ee7a Tasmania, n\u01a1i m\u00e0 r\u1ee7i ro n\u1eb1m trong d\u00f2ng n\u01b0\u1edbc, lo\u1ea1i r\u01b0\u1ee3u \u0111\u1eb7c bi\u1ec7t n\u00e0y tr\u1edf n\u00ean s\u1ed1ng \u0111\u1ed9ng trong c\u00e1c th\u00f9ng \u1ee7 c\u00f3 v\u1ecb Chinotto.<\/p>\n<p>\u0110\u01b0\u1ee3c sinh ra t\u1eeb tr\u00ed t\u01b0\u1edfng t\u01b0\u1ee3ng v\u00f4 bi\u00ean v\u00e0 s\u1ef1 \u0111\u00f3n nh\u1eadn c\u00e1i ch\u01b0a bi\u1ebft, lo\u1ea1i m\u1ea1ch nha \u0111\u01a1n \u0111\u1eb7c bi\u1ec7t n\u00e0y nh\u1ea3y m\u00faa v\u1edbi h\u01b0\u01a1ng v\u1ecb cam qu\u00fdt ng\u1ecdt ng\u00e0o, c\u00e2n b\u1eb1ng v\u1edbi h\u01b0\u01a1ng v\u1ecb m\u1ea1ch nha v\u00e0 ch\u00fat v\u1ecb \u0111\u1eafng ng\u1ecdt. S\u00f4i \u0111\u1ed9ng v\u00e0 s\u00e1ng s\u1ee7a, n\u00f3 th\u00edch h\u1ee3p th\u01b0\u1edfng th\u1ee9c nguy\u00ean ch\u1ea5t ho\u1eb7c v\u1edbi \u0111\u00e1. H\u00e3y theo \u0111u\u1ed5i s\u1ef1 t\u00f2 m\u00f2 c\u1ee7a b\u1ea1n v\u00e0o l\u00e3nh th\u1ed5 whisky ch\u01b0a \u0111\u01b0\u1ee3c kh\u00e1m ph\u00e1, n\u01a1i m\u00e0 cocktail \u0111\u01b0\u1ee3c khuy\u1ebfn kh\u00edch v\u00e0 c\u00e1c quy \u01b0\u1edbc ch\u1ec9 \u0111\u1ec3 th\u00e1ch th\u1ee9c.<\/p>\n","protected":false},"featured_media":8440,"comment_status":"open","ping_status":"closed","template":"","meta":{"_acf_changed":false},"product_cat":[122],"product_tag":[],"class_list":{"0":"post-8438","1":"product","2":"type-product","3":"status-publish","4":"has-post-thumbnail","6":"product_cat-australian-whisky","7":"brand-lark-whisky","9":"first","10":"instock","11":"shipping-taxable","12":"product-type-simple"},"acf":[],"yoast_head":"<!-- This site is optimized with the Yoast SEO plugin v23.0 - https:\/\/yoast.com\/wordpress\/plugins\/seo\/ -->\n<title>Lark Rebellion - Alchemy Asia<\/title>\n<meta name=\"robots\" content=\"index, follow, max-snippet:-1, max-image-preview:large, max-video-preview:-1\" \/>\n<link rel=\"canonical\" href=\"https:\/\/alchemy-asia.com\/vi\/san-pham\/lark-rebellion\/\" \/>\n<meta property=\"og:locale\" content=\"vi_VN\" \/>\n<meta property=\"og:type\" content=\"article\" \/>\n<meta property=\"og:title\" content=\"Lark Rebellion - Alchemy Asia\" \/>\n<meta property=\"og:description\" content=\"N\u00e2ng ly ch\u00e0o \u0111\u00f3n k\u1ebb n\u1ed5i lo\u1ea1n b\u00ean trong. M\u1ed9t lo\u1ea1i m\u1ea1ch nha \u0111\u01a1n \u0111\u01b0\u1ee3c ch\u1ea1m nh\u1eb9 v\u1edbi Chinotto, \u00f4m l\u1ea5y s\u1ef1 \u0111i\u00ean r\u1ed3 trong ph\u01b0\u01a1ng ph\u00e1p. S\u1ef1 n\u1ed5i lo\u1ea1n n\u1eb1m trong m\u00e1u ch\u00fang t\u00f4i. \u0110\u01b0\u1ee3c l\u1ea5y c\u1ea3m h\u1ee9ng t\u1eeb tinh th\u1ea7n ti\u00ean phong c\u1ee7a Tasmania, n\u01a1i m\u00e0 r\u1ee7i ro n\u1eb1m trong d\u00f2ng n\u01b0\u1edbc, lo\u1ea1i r\u01b0\u1ee3u \u0111\u1eb7c bi\u1ec7t n\u00e0y tr\u1edf n\u00ean s\u1ed1ng \u0111\u1ed9ng trong c\u00e1c th\u00f9ng \u1ee7 c\u00f3 v\u1ecb Chinotto.  \u0110\u01b0\u1ee3c sinh ra t\u1eeb tr\u00ed t\u01b0\u1edfng t\u01b0\u1ee3ng v\u00f4 bi\u00ean v\u00e0 s\u1ef1 \u0111\u00f3n nh\u1eadn c\u00e1i ch\u01b0a bi\u1ebft, lo\u1ea1i m\u1ea1ch nha \u0111\u01a1n \u0111\u1eb7c bi\u1ec7t n\u00e0y nh\u1ea3y m\u00faa v\u1edbi h\u01b0\u01a1ng v\u1ecb cam qu\u00fdt ng\u1ecdt ng\u00e0o, c\u00e2n b\u1eb1ng v\u1edbi h\u01b0\u01a1ng v\u1ecb m\u1ea1ch nha v\u00e0 ch\u00fat v\u1ecb \u0111\u1eafng ng\u1ecdt. S\u00f4i \u0111\u1ed9ng v\u00e0 s\u00e1ng s\u1ee7a, n\u00f3 th\u00edch h\u1ee3p th\u01b0\u1edfng th\u1ee9c nguy\u00ean ch\u1ea5t ho\u1eb7c v\u1edbi \u0111\u00e1. H\u00e3y theo \u0111u\u1ed5i s\u1ef1 t\u00f2 m\u00f2 c\u1ee7a b\u1ea1n v\u00e0o l\u00e3nh th\u1ed5 whisky ch\u01b0a \u0111\u01b0\u1ee3c kh\u00e1m ph\u00e1, n\u01a1i m\u00e0 cocktail \u0111\u01b0\u1ee3c khuy\u1ebfn kh\u00edch v\u00e0 c\u00e1c quy \u01b0\u1edbc ch\u1ec9 \u0111\u1ec3 th\u00e1ch th\u1ee9c.\" \/>\n<meta property=\"og:url\" content=\"https:\/\/alchemy-asia.com\/vi\/san-pham\/lark-rebellion\/\" \/>\n<meta property=\"og:site_name\" content=\"Alchemy Asia\" \/>\n<meta property=\"og:image\" content=\"https:\/\/alchemy-asia.com\/vi\/wp-content\/uploads\/sites\/3\/2024\/07\/LARK-Rebellion-1024x1024.png\" \/>\n\t<meta property=\"og:image:width\" content=\"1024\" \/>\n\t<meta property=\"og:image:height\" content=\"1024\" \/>\n\t<meta property=\"og:image:type\" content=\"image\/png\" \/>\n<meta name=\"twitter:card\" content=\"summary_large_image\" \/>\n<meta name=\"twitter:label1\" content=\"\u01af\u1edbc t\u00ednh th\u1eddi gian \u0111\u1ecdc\" \/>\n\t<meta name=\"twitter:data1\" content=\"1 ph\u00fat\" \/>\n<script type=\"application\/ld+json\" class=\"yoast-schema-graph\">{\"@context\":\"https:\/\/schema.org\",\"@graph\":[{\"@type\":\"WebPage\",\"@id\":\"https:\/\/alchemy-asia.com\/vi\/san-pham\/lark-rebellion\/\",\"url\":\"https:\/\/alchemy-asia.com\/vi\/san-pham\/lark-rebellion\/\",\"name\":\"Lark Rebellion - Alchemy Asia\",\"isPartOf\":{\"@id\":\"https:\/\/alchemy-asia.com\/vi\/#website\"},\"primaryImageOfPage\":{\"@id\":\"https:\/\/alchemy-asia.com\/vi\/san-pham\/lark-rebellion\/#primaryimage\"},\"image\":{\"@id\":\"https:\/\/alchemy-asia.com\/vi\/san-pham\/lark-rebellion\/#primaryimage\"},\"thumbnailUrl\":\"https:\/\/alchemy-asia.com\/vi\/wp-content\/uploads\/sites\/3\/2024\/07\/LARK-Rebellion.png\",\"datePublished\":\"2024-09-10T08:54:56+00:00\",\"dateModified\":\"2024-09-10T08:54:56+00:00\",\"breadcrumb\":{\"@id\":\"https:\/\/alchemy-asia.com\/vi\/san-pham\/lark-rebellion\/#breadcrumb\"},\"inLanguage\":\"vi\",\"potentialAction\":[{\"@type\":\"ReadAction\",\"target\":[\"https:\/\/alchemy-asia.com\/vi\/san-pham\/lark-rebellion\/\"]}]},{\"@type\":\"ImageObject\",\"inLanguage\":\"vi\",\"@id\":\"https:\/\/alchemy-asia.com\/vi\/san-pham\/lark-rebellion\/#primaryimage\",\"url\":\"https:\/\/alchemy-asia.com\/vi\/wp-content\/uploads\/sites\/3\/2024\/07\/LARK-Rebellion.png\",\"contentUrl\":\"https:\/\/alchemy-asia.com\/vi\/wp-content\/uploads\/sites\/3\/2024\/07\/LARK-Rebellion.png\",\"width\":5804,\"height\":5803,\"caption\":\"Lark Rebellion\"},{\"@type\":\"BreadcrumbList\",\"@id\":\"https:\/\/alchemy-asia.com\/vi\/san-pham\/lark-rebellion\/#breadcrumb\",\"itemListElement\":[{\"@type\":\"ListItem\",\"position\":1,\"name\":\"Home\",\"item\":\"https:\/\/alchemy-asia.com\/vi\/\"},{\"@type\":\"ListItem\",\"position\":2,\"name\":\"Lark Rebellion\"}]},{\"@type\":\"WebSite\",\"@id\":\"https:\/\/alchemy-asia.com\/vi\/#website\",\"url\":\"https:\/\/alchemy-asia.com\/vi\/\",\"name\":\"Alchemy Asia\",\"description\":\"Just another Alchemy Asia Sites site\",\"potentialAction\":[{\"@type\":\"SearchAction\",\"target\":{\"@type\":\"EntryPoint\",\"urlTemplate\":\"https:\/\/alchemy-asia.com\/vi\/?s={search_term_string}\"},\"query-input\":\"required name=search_term_string\"}],\"inLanguage\":\"vi\"}]}<\/script>\n<!-- \/ Yoast SEO plugin. -->","yoast_head_json":{"title":"Lark Rebellion - Alchemy Asia","robots":{"index":"index","follow":"follow","max-snippet":"max-snippet:-1","max-image-preview":"max-image-preview:large","max-video-preview":"max-video-preview:-1"},"canonical":"https:\/\/alchemy-asia.com\/vi\/san-pham\/lark-rebellion\/","og_locale":"vi_VN","og_type":"article","og_title":"Lark Rebellion - Alchemy Asia","og_description":"N\u00e2ng ly ch\u00e0o \u0111\u00f3n k\u1ebb n\u1ed5i lo\u1ea1n b\u00ean trong. M\u1ed9t lo\u1ea1i m\u1ea1ch nha \u0111\u01a1n \u0111\u01b0\u1ee3c ch\u1ea1m nh\u1eb9 v\u1edbi Chinotto, \u00f4m l\u1ea5y s\u1ef1 \u0111i\u00ean r\u1ed3 trong ph\u01b0\u01a1ng ph\u00e1p. S\u1ef1 n\u1ed5i lo\u1ea1n n\u1eb1m trong m\u00e1u ch\u00fang t\u00f4i. \u0110\u01b0\u1ee3c l\u1ea5y c\u1ea3m h\u1ee9ng t\u1eeb tinh th\u1ea7n ti\u00ean phong c\u1ee7a Tasmania, n\u01a1i m\u00e0 r\u1ee7i ro n\u1eb1m trong d\u00f2ng n\u01b0\u1edbc, lo\u1ea1i r\u01b0\u1ee3u \u0111\u1eb7c bi\u1ec7t n\u00e0y tr\u1edf n\u00ean s\u1ed1ng \u0111\u1ed9ng trong c\u00e1c th\u00f9ng \u1ee7 c\u00f3 v\u1ecb Chinotto.  \u0110\u01b0\u1ee3c sinh ra t\u1eeb tr\u00ed t\u01b0\u1edfng t\u01b0\u1ee3ng v\u00f4 bi\u00ean v\u00e0 s\u1ef1 \u0111\u00f3n nh\u1eadn c\u00e1i ch\u01b0a bi\u1ebft, lo\u1ea1i m\u1ea1ch nha \u0111\u01a1n \u0111\u1eb7c bi\u1ec7t n\u00e0y nh\u1ea3y m\u00faa v\u1edbi h\u01b0\u01a1ng v\u1ecb cam qu\u00fdt ng\u1ecdt ng\u00e0o, c\u00e2n b\u1eb1ng v\u1edbi h\u01b0\u01a1ng v\u1ecb m\u1ea1ch nha v\u00e0 ch\u00fat v\u1ecb \u0111\u1eafng ng\u1ecdt. S\u00f4i \u0111\u1ed9ng v\u00e0 s\u00e1ng s\u1ee7a, n\u00f3 th\u00edch h\u1ee3p th\u01b0\u1edfng th\u1ee9c nguy\u00ean ch\u1ea5t ho\u1eb7c v\u1edbi \u0111\u00e1. H\u00e3y theo \u0111u\u1ed5i s\u1ef1 t\u00f2 m\u00f2 c\u1ee7a b\u1ea1n v\u00e0o l\u00e3nh th\u1ed5 whisky ch\u01b0a \u0111\u01b0\u1ee3c kh\u00e1m ph\u00e1, n\u01a1i m\u00e0 cocktail \u0111\u01b0\u1ee3c khuy\u1ebfn kh\u00edch v\u00e0 c\u00e1c quy \u01b0\u1edbc ch\u1ec9 \u0111\u1ec3 th\u00e1ch th\u1ee9c.","og_url":"https:\/\/alchemy-asia.com\/vi\/san-pham\/lark-rebellion\/","og_site_name":"Alchemy Asia","og_image":[{"width":1024,"height":1024,"url":"https:\/\/alchemy-asia.com\/vi\/wp-content\/uploads\/sites\/3\/2024\/07\/LARK-Rebellion-1024x1024.png","type":"image\/png"}],"twitter_card":"summary_large_image","twitter_misc":{"\u01af\u1edbc t\u00ednh th\u1eddi gian \u0111\u1ecdc":"1 ph\u00fat"},"schema":{"@context":"https:\/\/schema.org","@graph":[{"@type":"WebPage","@id":"https:\/\/alchemy-asia.com\/vi\/san-pham\/lark-rebellion\/","url":"https:\/\/alchemy-asia.com\/vi\/san-pham\/lark-rebellion\/","name":"Lark Rebellion - Alchemy Asia","isPartOf":{"@id":"https:\/\/alchemy-asia.com\/vi\/#website"},"primaryImageOfPage":{"@id":"https:\/\/alchemy-asia.com\/vi\/san-pham\/lark-rebellion\/#primaryimage"},"image":{"@id":"https:\/\/alchemy-asia.com\/vi\/san-pham\/lark-rebellion\/#primaryimage"},"thumbnailUrl":"https:\/\/alchemy-asia.com\/vi\/wp-content\/uploads\/sites\/3\/2024\/07\/LARK-Rebellion.png","datePublished":"2024-09-10T08:54:56+00:00","dateModified":"2024-09-10T08:54:56+00:00","breadcrumb":{"@id":"https:\/\/alchemy-asia.com\/vi\/san-pham\/lark-rebellion\/#breadcrumb"},"inLanguage":"vi","potentialAction":[{"@type":"ReadAction","target":["https:\/\/alchemy-asia.com\/vi\/san-pham\/lark-rebellion\/"]}]},{"@type":"ImageObject","inLanguage":"vi","@id":"https:\/\/alchemy-asia.com\/vi\/san-pham\/lark-rebellion\/#primaryimage","url":"https:\/\/alchemy-asia.com\/vi\/wp-content\/uploads\/sites\/3\/2024\/07\/LARK-Rebellion.png","contentUrl":"https:\/\/alchemy-asia.com\/vi\/wp-content\/uploads\/sites\/3\/2024\/07\/LARK-Rebellion.png","width":5804,"height":5803,"caption":"Lark Rebellion"},{"@type":"BreadcrumbList","@id":"https:\/\/alchemy-asia.com\/vi\/san-pham\/lark-rebellion\/#breadcrumb","itemListElement":[{"@type":"ListItem","position":1,"name":"Home","item":"https:\/\/alchemy-asia.com\/vi\/"},{"@type":"ListItem","position":2,"name":"Lark Rebellion"}]},{"@type":"WebSite","@id":"https:\/\/alchemy-asia.com\/vi\/#website","url":"https:\/\/alchemy-asia.com\/vi\/","name":"Alchemy Asia","description":"Just another Alchemy Asia Sites site","potentialAction":[{"@type":"SearchAction","target":{"@type":"EntryPoint","urlTemplate":"https:\/\/alchemy-asia.com\/vi\/?s={search_term_string}"},"query-input":"required name=search_term_string"}],"inLanguage":"vi"}]}},"_links":{"self":[{"href":"https:\/\/alchemy-asia.com\/vi\/wp-json\/wp\/v2\/product\/8438","targetHints":{"allow":["GET"]}}],"collection":[{"href":"https:\/\/alchemy-asia.com\/vi\/wp-json\/wp\/v2\/product"}],"about":[{"href":"https:\/\/alchemy-asia.com\/vi\/wp-json\/wp\/v2\/types\/product"}],"replies":[{"embeddable":true,"href":"https:\/\/alchemy-asia.com\/vi\/wp-json\/wp\/v2\/comments?post=8438"}],"wp:featuredmedia":[{"embeddable":true,"href":"https:\/\/alchemy-asia.com\/vi\/wp-json\/wp\/v2\/media\/8440"}],"wp:attachment":[{"href":"https:\/\/alchemy-asia.com\/vi\/wp-json\/wp\/v2\/media?parent=8438"}],"wp:term":[{"taxonomy":"product_cat","embeddable":true,"href":"https:\/\/alchemy-asia.com\/vi\/wp-json\/wp\/v2\/product_cat?post=8438"},{"taxonomy":"product_tag","embeddable":true,"href":"https:\/\/alchemy-asia.com\/vi\/wp-json\/wp\/v2\/product_tag?post=8438"}],"curies":[{"name":"wp","href":"https:\/\/api.w.org\/{rel}","templated":true}]}}