{"id":8442,"date":"2024-09-10T08:54:54","date_gmt":"2024-09-10T08:54:54","guid":{"rendered":"https:\/\/alchemy-asia.com\/vi\/?post_type=product&#038;p=8442"},"modified":"2024-09-10T08:54:54","modified_gmt":"2024-09-10T08:54:54","slug":"lark-symphony-no-1","status":"publish","type":"product","link":"https:\/\/alchemy-asia.com\/vi\/san-pham\/lark-symphony-no-1\/","title":{"rendered":"Lark Symphony No.1"},"content":{"rendered":"","protected":false},"excerpt":{"rendered":"<p>M\u1ed9t lo\u1ea1i whisky \u0111\u1eb7c bi\u1ec7t v\u1edbi s\u1ef1 d\u00e0i d\u1eb1ng, s\u1ef1 \u0111i\u1ec1m t\u0129nh v\u00e0 s\u1ef1 c\u00e2n b\u1eb1ng tuy\u1ec7t v\u1eddi. M\u1ed9t lo\u1ea1i whisky \u0111\u1ea7y s\u1ee9c s\u1ed1ng t\u1eeb \u0111\u1ea7u \u0111\u1ebfn cu\u1ed1i v\u00e0 mang ch\u1eef k\u00fd kh\u00f4ng bao gi\u1edd b\u1ecb th\u1ecfa hi\u1ec7p c\u1ee7a LARK<br \/>\nH\u01af\u01a0NG<br \/>\nXo\u00e0i t\u01b0\u01a1i, d\u1ee9a n\u01b0\u1edbng, cam, vani v\u00e0 qu\u00fdt chua ng\u1ecdt. Ngon ng\u1ecdt v\u00e0 tr\u00e1i c\u00e2y.<br \/>\nV\u1eca<br \/>\n\u0110\u00e0o, m\u01a1, th\u1eadm ch\u00ed c\u00f2n nhi\u1ec1u h\u01a1n xo\u00e0i v\u00e0 t\u00e1o Tasmania ng\u1ecdt ng\u00e0o \u0111\u01b0\u1ee3c nh\u00fang v\u00e0o k\u1eb9o b\u01a1.<br \/>\nK\u1ebeT TH\u00daC<br \/>\nTr\u00e1i c\u00e2y t\u01b0\u01a1i v\u00e0 chanh. Lo\u1ea1i whisky n\u00e0y c\u00f3 \u0111\u1ed9 d\u00e0i, s\u1ef1 \u0111i\u1ec1m t\u0129nh v\u00e0 s\u1ef1 c\u00e2n b\u1eb1ng.<\/p>\n","protected":false},"featured_media":8450,"comment_status":"open","ping_status":"closed","template":"","meta":{"_acf_changed":false},"product_cat":[122,51],"product_tag":[],"class_list":{"0":"post-8442","1":"product","2":"type-product","3":"status-publish","4":"has-post-thumbnail","6":"product_cat-australian-whisky","7":"product_cat-cognac","8":"brand-lark-whisky","10":"first","11":"instock","12":"shipping-taxable","13":"product-type-simple"},"acf":[],"yoast_head":"<!-- This site is optimized with the Yoast SEO plugin v23.0 - https:\/\/yoast.com\/wordpress\/plugins\/seo\/ -->\n<title>Lark Symphony No.1 - Alchemy Asia<\/title>\n<meta name=\"robots\" content=\"index, follow, max-snippet:-1, max-image-preview:large, max-video-preview:-1\" \/>\n<link rel=\"canonical\" href=\"https:\/\/alchemy-asia.com\/vi\/san-pham\/lark-symphony-no-1\/\" \/>\n<meta property=\"og:locale\" content=\"vi_VN\" \/>\n<meta property=\"og:type\" content=\"article\" \/>\n<meta property=\"og:title\" content=\"Lark Symphony No.1 - Alchemy Asia\" \/>\n<meta property=\"og:description\" content=\"M\u1ed9t lo\u1ea1i whisky \u0111\u1eb7c bi\u1ec7t v\u1edbi s\u1ef1 d\u00e0i d\u1eb1ng, s\u1ef1 \u0111i\u1ec1m t\u0129nh v\u00e0 s\u1ef1 c\u00e2n b\u1eb1ng tuy\u1ec7t v\u1eddi. M\u1ed9t lo\u1ea1i whisky \u0111\u1ea7y s\u1ee9c s\u1ed1ng t\u1eeb \u0111\u1ea7u \u0111\u1ebfn cu\u1ed1i v\u00e0 mang ch\u1eef k\u00fd kh\u00f4ng bao gi\u1edd b\u1ecb th\u1ecfa hi\u1ec7p c\u1ee7a LARK H\u01af\u01a0NG Xo\u00e0i t\u01b0\u01a1i, d\u1ee9a n\u01b0\u1edbng, cam, vani v\u00e0 qu\u00fdt chua ng\u1ecdt. Ngon ng\u1ecdt v\u00e0 tr\u00e1i c\u00e2y. V\u1eca \u0110\u00e0o, m\u01a1, th\u1eadm ch\u00ed c\u00f2n nhi\u1ec1u h\u01a1n xo\u00e0i v\u00e0 t\u00e1o Tasmania ng\u1ecdt ng\u00e0o \u0111\u01b0\u1ee3c nh\u00fang v\u00e0o k\u1eb9o b\u01a1. K\u1ebeT TH\u00daC Tr\u00e1i c\u00e2y t\u01b0\u01a1i v\u00e0 chanh. Lo\u1ea1i whisky n\u00e0y c\u00f3 \u0111\u1ed9 d\u00e0i, s\u1ef1 \u0111i\u1ec1m t\u0129nh v\u00e0 s\u1ef1 c\u00e2n b\u1eb1ng.\" \/>\n<meta property=\"og:url\" content=\"https:\/\/alchemy-asia.com\/vi\/san-pham\/lark-symphony-no-1\/\" \/>\n<meta property=\"og:site_name\" content=\"Alchemy Asia\" \/>\n<meta property=\"og:image\" content=\"https:\/\/alchemy-asia.com\/vi\/wp-content\/uploads\/sites\/3\/2024\/07\/Lark-Symphony-No.1-1024x1024.png\" \/>\n\t<meta property=\"og:image:width\" content=\"1024\" \/>\n\t<meta property=\"og:image:height\" content=\"1024\" \/>\n\t<meta property=\"og:image:type\" content=\"image\/png\" \/>\n<meta name=\"twitter:card\" content=\"summary_large_image\" \/>\n<meta name=\"twitter:label1\" content=\"\u01af\u1edbc t\u00ednh th\u1eddi gian \u0111\u1ecdc\" \/>\n\t<meta name=\"twitter:data1\" content=\"1 ph\u00fat\" \/>\n<script type=\"application\/ld+json\" class=\"yoast-schema-graph\">{\"@context\":\"https:\/\/schema.org\",\"@graph\":[{\"@type\":\"WebPage\",\"@id\":\"https:\/\/alchemy-asia.com\/vi\/san-pham\/lark-symphony-no-1\/\",\"url\":\"https:\/\/alchemy-asia.com\/vi\/san-pham\/lark-symphony-no-1\/\",\"name\":\"Lark Symphony No.1 - Alchemy Asia\",\"isPartOf\":{\"@id\":\"https:\/\/alchemy-asia.com\/vi\/#website\"},\"primaryImageOfPage\":{\"@id\":\"https:\/\/alchemy-asia.com\/vi\/san-pham\/lark-symphony-no-1\/#primaryimage\"},\"image\":{\"@id\":\"https:\/\/alchemy-asia.com\/vi\/san-pham\/lark-symphony-no-1\/#primaryimage\"},\"thumbnailUrl\":\"https:\/\/alchemy-asia.com\/vi\/wp-content\/uploads\/sites\/3\/2024\/07\/Lark-Symphony-No.1.png\",\"datePublished\":\"2024-09-10T08:54:54+00:00\",\"dateModified\":\"2024-09-10T08:54:54+00:00\",\"breadcrumb\":{\"@id\":\"https:\/\/alchemy-asia.com\/vi\/san-pham\/lark-symphony-no-1\/#breadcrumb\"},\"inLanguage\":\"vi\",\"potentialAction\":[{\"@type\":\"ReadAction\",\"target\":[\"https:\/\/alchemy-asia.com\/vi\/san-pham\/lark-symphony-no-1\/\"]}]},{\"@type\":\"ImageObject\",\"inLanguage\":\"vi\",\"@id\":\"https:\/\/alchemy-asia.com\/vi\/san-pham\/lark-symphony-no-1\/#primaryimage\",\"url\":\"https:\/\/alchemy-asia.com\/vi\/wp-content\/uploads\/sites\/3\/2024\/07\/Lark-Symphony-No.1.png\",\"contentUrl\":\"https:\/\/alchemy-asia.com\/vi\/wp-content\/uploads\/sites\/3\/2024\/07\/Lark-Symphony-No.1.png\",\"width\":5804,\"height\":5803,\"caption\":\"Lark Symphony No.1\"},{\"@type\":\"BreadcrumbList\",\"@id\":\"https:\/\/alchemy-asia.com\/vi\/san-pham\/lark-symphony-no-1\/#breadcrumb\",\"itemListElement\":[{\"@type\":\"ListItem\",\"position\":1,\"name\":\"Home\",\"item\":\"https:\/\/alchemy-asia.com\/vi\/\"},{\"@type\":\"ListItem\",\"position\":2,\"name\":\"Lark Symphony No.1\"}]},{\"@type\":\"WebSite\",\"@id\":\"https:\/\/alchemy-asia.com\/vi\/#website\",\"url\":\"https:\/\/alchemy-asia.com\/vi\/\",\"name\":\"Alchemy Asia\",\"description\":\"Just another Alchemy Asia Sites site\",\"potentialAction\":[{\"@type\":\"SearchAction\",\"target\":{\"@type\":\"EntryPoint\",\"urlTemplate\":\"https:\/\/alchemy-asia.com\/vi\/?s={search_term_string}\"},\"query-input\":\"required name=search_term_string\"}],\"inLanguage\":\"vi\"}]}<\/script>\n<!-- \/ Yoast SEO plugin. -->","yoast_head_json":{"title":"Lark Symphony No.1 - Alchemy Asia","robots":{"index":"index","follow":"follow","max-snippet":"max-snippet:-1","max-image-preview":"max-image-preview:large","max-video-preview":"max-video-preview:-1"},"canonical":"https:\/\/alchemy-asia.com\/vi\/san-pham\/lark-symphony-no-1\/","og_locale":"vi_VN","og_type":"article","og_title":"Lark Symphony No.1 - Alchemy Asia","og_description":"M\u1ed9t lo\u1ea1i whisky \u0111\u1eb7c bi\u1ec7t v\u1edbi s\u1ef1 d\u00e0i d\u1eb1ng, s\u1ef1 \u0111i\u1ec1m t\u0129nh v\u00e0 s\u1ef1 c\u00e2n b\u1eb1ng tuy\u1ec7t v\u1eddi. M\u1ed9t lo\u1ea1i whisky \u0111\u1ea7y s\u1ee9c s\u1ed1ng t\u1eeb \u0111\u1ea7u \u0111\u1ebfn cu\u1ed1i v\u00e0 mang ch\u1eef k\u00fd kh\u00f4ng bao gi\u1edd b\u1ecb th\u1ecfa hi\u1ec7p c\u1ee7a LARK H\u01af\u01a0NG Xo\u00e0i t\u01b0\u01a1i, d\u1ee9a n\u01b0\u1edbng, cam, vani v\u00e0 qu\u00fdt chua ng\u1ecdt. Ngon ng\u1ecdt v\u00e0 tr\u00e1i c\u00e2y. V\u1eca \u0110\u00e0o, m\u01a1, th\u1eadm ch\u00ed c\u00f2n nhi\u1ec1u h\u01a1n xo\u00e0i v\u00e0 t\u00e1o Tasmania ng\u1ecdt ng\u00e0o \u0111\u01b0\u1ee3c nh\u00fang v\u00e0o k\u1eb9o b\u01a1. K\u1ebeT TH\u00daC Tr\u00e1i c\u00e2y t\u01b0\u01a1i v\u00e0 chanh. Lo\u1ea1i whisky n\u00e0y c\u00f3 \u0111\u1ed9 d\u00e0i, s\u1ef1 \u0111i\u1ec1m t\u0129nh v\u00e0 s\u1ef1 c\u00e2n b\u1eb1ng.","og_url":"https:\/\/alchemy-asia.com\/vi\/san-pham\/lark-symphony-no-1\/","og_site_name":"Alchemy Asia","og_image":[{"width":1024,"height":1024,"url":"https:\/\/alchemy-asia.com\/vi\/wp-content\/uploads\/sites\/3\/2024\/07\/Lark-Symphony-No.1-1024x1024.png","type":"image\/png"}],"twitter_card":"summary_large_image","twitter_misc":{"\u01af\u1edbc t\u00ednh th\u1eddi gian \u0111\u1ecdc":"1 ph\u00fat"},"schema":{"@context":"https:\/\/schema.org","@graph":[{"@type":"WebPage","@id":"https:\/\/alchemy-asia.com\/vi\/san-pham\/lark-symphony-no-1\/","url":"https:\/\/alchemy-asia.com\/vi\/san-pham\/lark-symphony-no-1\/","name":"Lark Symphony No.1 - Alchemy Asia","isPartOf":{"@id":"https:\/\/alchemy-asia.com\/vi\/#website"},"primaryImageOfPage":{"@id":"https:\/\/alchemy-asia.com\/vi\/san-pham\/lark-symphony-no-1\/#primaryimage"},"image":{"@id":"https:\/\/alchemy-asia.com\/vi\/san-pham\/lark-symphony-no-1\/#primaryimage"},"thumbnailUrl":"https:\/\/alchemy-asia.com\/vi\/wp-content\/uploads\/sites\/3\/2024\/07\/Lark-Symphony-No.1.png","datePublished":"2024-09-10T08:54:54+00:00","dateModified":"2024-09-10T08:54:54+00:00","breadcrumb":{"@id":"https:\/\/alchemy-asia.com\/vi\/san-pham\/lark-symphony-no-1\/#breadcrumb"},"inLanguage":"vi","potentialAction":[{"@type":"ReadAction","target":["https:\/\/alchemy-asia.com\/vi\/san-pham\/lark-symphony-no-1\/"]}]},{"@type":"ImageObject","inLanguage":"vi","@id":"https:\/\/alchemy-asia.com\/vi\/san-pham\/lark-symphony-no-1\/#primaryimage","url":"https:\/\/alchemy-asia.com\/vi\/wp-content\/uploads\/sites\/3\/2024\/07\/Lark-Symphony-No.1.png","contentUrl":"https:\/\/alchemy-asia.com\/vi\/wp-content\/uploads\/sites\/3\/2024\/07\/Lark-Symphony-No.1.png","width":5804,"height":5803,"caption":"Lark Symphony No.1"},{"@type":"BreadcrumbList","@id":"https:\/\/alchemy-asia.com\/vi\/san-pham\/lark-symphony-no-1\/#breadcrumb","itemListElement":[{"@type":"ListItem","position":1,"name":"Home","item":"https:\/\/alchemy-asia.com\/vi\/"},{"@type":"ListItem","position":2,"name":"Lark Symphony No.1"}]},{"@type":"WebSite","@id":"https:\/\/alchemy-asia.com\/vi\/#website","url":"https:\/\/alchemy-asia.com\/vi\/","name":"Alchemy Asia","description":"Just another Alchemy Asia Sites site","potentialAction":[{"@type":"SearchAction","target":{"@type":"EntryPoint","urlTemplate":"https:\/\/alchemy-asia.com\/vi\/?s={search_term_string}"},"query-input":"required name=search_term_string"}],"inLanguage":"vi"}]}},"_links":{"self":[{"href":"https:\/\/alchemy-asia.com\/vi\/wp-json\/wp\/v2\/product\/8442","targetHints":{"allow":["GET"]}}],"collection":[{"href":"https:\/\/alchemy-asia.com\/vi\/wp-json\/wp\/v2\/product"}],"about":[{"href":"https:\/\/alchemy-asia.com\/vi\/wp-json\/wp\/v2\/types\/product"}],"replies":[{"embeddable":true,"href":"https:\/\/alchemy-asia.com\/vi\/wp-json\/wp\/v2\/comments?post=8442"}],"wp:featuredmedia":[{"embeddable":true,"href":"https:\/\/alchemy-asia.com\/vi\/wp-json\/wp\/v2\/media\/8450"}],"wp:attachment":[{"href":"https:\/\/alchemy-asia.com\/vi\/wp-json\/wp\/v2\/media?parent=8442"}],"wp:term":[{"taxonomy":"product_cat","embeddable":true,"href":"https:\/\/alchemy-asia.com\/vi\/wp-json\/wp\/v2\/product_cat?post=8442"},{"taxonomy":"product_tag","embeddable":true,"href":"https:\/\/alchemy-asia.com\/vi\/wp-json\/wp\/v2\/product_tag?post=8442"}],"curies":[{"name":"wp","href":"https:\/\/api.w.org\/{rel}","templated":true}]}}