{"id":8443,"date":"2024-09-10T08:38:04","date_gmt":"2024-09-10T08:38:04","guid":{"rendered":"https:\/\/alchemy-asia.com\/vi\/?post_type=product&#038;p=8443"},"modified":"2024-09-10T08:38:04","modified_gmt":"2024-09-10T08:38:04","slug":"bruichladdich-black-art-edition-whisky-11-1","status":"publish","type":"product","link":"https:\/\/alchemy-asia.com\/vi\/san-pham\/bruichladdich-black-art-edition-whisky-11-1\/","title":{"rendered":"Bruichladdich Black Art Edition Whisky 11.1"},"content":{"rendered":"","protected":false},"excerpt":{"rendered":"<p><span data-sheets-root=\"1\" data-sheets-value=\"{&quot;1&quot;:2,&quot;2&quot;:&quot;M\u00c0U S\u1eaeC\\nM\u00e0u m\u1ee9t cam\\n\\nH\u01af\u01a0NG TH\u01a0M\\nTr\u00e1i c\u00e2y kh\u00f4, da thu\u1ed9c v\u00e0 m\u1ed9t ch\u00fat cam l\u1ed9ng l\u1eaby ngay t\u1eeb \u0111\u1ea7u, ti\u1ebfp theo l\u00e0 l\u00e0n gi\u00f3 bi\u1ec3n t\u01b0\u01a1i m\u00e1t. H\u01b0\u01a1ng v\u1ecb c\u1ee7a tr\u00e1i c\u00e2y ng\u1ecdt v\u00e0 hoa qu\u1ea3 n\u1ed5i b\u1eadt, v\u1edbi l\u00ea h\u1ea5p, siro h\u1ea1t c\u00e1nh hoa h\u1ed3ng tinh t\u1ebf, qu\u1ea3 cherry \u0111en v\u00e0 xo\u00e0i ng\u1ecdt. S\u1ef1 ph\u1ee9c t\u1ea1p c\u1ee7a single malt r\u00f5 r\u00e0ng khi c\u00e1c h\u01b0\u01a1ng th\u01a1m ti\u1ebfp t\u1ee5c m\u1edf ra, v\u1edbi g\u1ed7 tuy\u1ebft v\u00e0 g\u1ed7 s\u1ed3i m\u1ec1m m\u1ea1i k\u1ebft h\u1ee3p v\u1edbi caramel b\u01a1, s\u00f4 c\u00f4 la praline, m\u1eadt ong v\u00e0 m\u1ed9t ch\u00fat qu\u1ebf. L\u00faa m\u1ea1ch \u1ea5m \u00e1p \u0111\u01b0\u1ee3c c\u00e2n b\u1eb1ng v\u1edbi nh\u1eefng n\u1ed1t h\u01b0\u01a1ng th\u01a1m c\u1ee7a hoa h\u1ed3ng v\u00e0 h\u1ea1t l\u00ea.\\n\\nH\u01af\u01a0NG V\u1eca\\nTr\u00e1i c\u00e2y s\u1ea5y kh\u00f4, ch\u00e0 l\u00e0, nho kh\u00f4, \u0111\u01b0\u1eddng m\u1ea1ch, da thu\u1ed9c v\u00e0 g\u1ed7 s\u1ed3i lan t\u1ecfa tr\u00ean v\u00f2m mi\u1ec7ng, ti\u1ebfp theo l\u00e0 h\u01b0\u01a1ng ng\u1ecdt caramel b\u01a1, s\u00f4 c\u00f4 la praline v\u00e0 h\u01b0\u01a1ng th\u01a1m c\u1ee7a d\u1eeba t\u01b0\u01a1i v\u00e0 cam t\u01b0\u01a1i. T\u00e1o ng\u1ecdt v\u00e0 l\u00ea \u0111\u01b0\u1ee3c k\u1ebft h\u1ee3p v\u1edbi g\u1ed7 s\u1ed3i n\u01b0\u1edbng, gia v\u1ecb g\u1ed7 \u1ea5m \u00e1p, m\u1eadn \u0111en v\u00e0 m\u1ee9t h\u1ea1nh nh\u00e2n, v\u1edbi nh\u1eefng t\u1ea7ng h\u01b0\u01a1ng v\u1ecb s\u00e2u s\u1eafc trong m\u1ed7i ng\u1ee5m.\\n\\nH\u1eacU V\u1eca\\nG\u1ed7 s\u1ed3i v\u00e0 tr\u00e1i c\u00e2y kh\u00f4 n\u1ed5i b\u1eadt, v\u1edbi n\u1ed1t h\u01b0\u01a1ng b\u00e1nh Gi\u00e1ng sinh c\u1ee7a nho kh\u00f4, l\u00ea, m\u1ee9t h\u1ea1nh nh\u00e2n v\u00e0 m\u1eadt ong k\u00e9o d\u00e0i m\u1ed9t c\u00e1ch ho\u00e0n h\u1ea3o.\\n\\n\\n\\n\\n\\n&quot;}\" data-sheets-userformat=\"{&quot;2&quot;:15359,&quot;3&quot;:{&quot;1&quot;:0},&quot;4&quot;:{&quot;1&quot;:2,&quot;2&quot;:16777215},&quot;5&quot;:{&quot;1&quot;:[{&quot;1&quot;:2,&quot;2&quot;:0,&quot;5&quot;:{&quot;1&quot;:2,&quot;2&quot;:0}},{&quot;1&quot;:0,&quot;2&quot;:0,&quot;3&quot;:3},{&quot;1&quot;:1,&quot;2&quot;:0,&quot;4&quot;:1}]},&quot;6&quot;:{&quot;1&quot;:[{&quot;1&quot;:2,&quot;2&quot;:0,&quot;5&quot;:{&quot;1&quot;:2,&quot;2&quot;:0}},{&quot;1&quot;:0,&quot;2&quot;:0,&quot;3&quot;:3},{&quot;1&quot;:1,&quot;2&quot;:0,&quot;4&quot;:1}]},&quot;7&quot;:{&quot;1&quot;:[{&quot;1&quot;:2,&quot;2&quot;:0,&quot;5&quot;:{&quot;1&quot;:2,&quot;2&quot;:0}},{&quot;1&quot;:0,&quot;2&quot;:0,&quot;3&quot;:3},{&quot;1&quot;:1,&quot;2&quot;:0,&quot;4&quot;:1}]},&quot;8&quot;:{&quot;1&quot;:[{&quot;1&quot;:2,&quot;2&quot;:0,&quot;5&quot;:{&quot;1&quot;:2,&quot;2&quot;:0}},{&quot;1&quot;:0,&quot;2&quot;:0,&quot;3&quot;:3},{&quot;1&quot;:1,&quot;2&quot;:0,&quot;4&quot;:1}]},&quot;9&quot;:0,&quot;10&quot;:1,&quot;11&quot;:4,&quot;12&quot;:0,&quot;14&quot;:{&quot;1&quot;:2,&quot;2&quot;:0},&quot;15&quot;:&quot;Arial&quot;,&quot;16&quot;:11}\" data-sheets-textstyleruns=\"{&quot;1&quot;:0,&quot;2&quot;:{&quot;5&quot;:1}}\uee10{&quot;1&quot;:7}\uee10{&quot;1&quot;:21,&quot;2&quot;:{&quot;5&quot;:1}}\uee10{&quot;1&quot;:31}\uee10{&quot;1&quot;:497,&quot;2&quot;:{&quot;5&quot;:1}}\uee10{&quot;1&quot;:505}\uee10{&quot;1&quot;:826,&quot;2&quot;:{&quot;5&quot;:1}}\uee10{&quot;1&quot;:833}\">M\u00c0U S\u1eaeC<br \/>\nM\u00e0u m\u1ee9t cam<\/span><\/p>\n<p>H\u01af\u01a0NG TH\u01a0M<br \/>\nTr\u00e1i c\u00e2y kh\u00f4, da thu\u1ed9c v\u00e0 m\u1ed9t ch\u00fat cam l\u1ed9ng l\u1eaby ngay t\u1eeb \u0111\u1ea7u, ti\u1ebfp theo l\u00e0 l\u00e0n gi\u00f3 bi\u1ec3n t\u01b0\u01a1i m\u00e1t. H\u01b0\u01a1ng v\u1ecb c\u1ee7a tr\u00e1i c\u00e2y ng\u1ecdt v\u00e0 hoa qu\u1ea3 n\u1ed5i b\u1eadt, v\u1edbi l\u00ea h\u1ea5p, siro h\u1ea1t c\u00e1nh hoa h\u1ed3ng tinh t\u1ebf, qu\u1ea3 cherry \u0111en v\u00e0 xo\u00e0i ng\u1ecdt. S\u1ef1 ph\u1ee9c t\u1ea1p c\u1ee7a single malt r\u00f5 r\u00e0ng khi c\u00e1c h\u01b0\u01a1ng th\u01a1m ti\u1ebfp t\u1ee5c m\u1edf ra, v\u1edbi g\u1ed7 tuy\u1ebft v\u00e0 g\u1ed7 s\u1ed3i m\u1ec1m m\u1ea1i k\u1ebft h\u1ee3p v\u1edbi caramel b\u01a1, s\u00f4 c\u00f4 la praline, m\u1eadt ong v\u00e0 m\u1ed9t ch\u00fat qu\u1ebf. L\u00faa m\u1ea1ch \u1ea5m \u00e1p \u0111\u01b0\u1ee3c c\u00e2n b\u1eb1ng v\u1edbi nh\u1eefng n\u1ed1t h\u01b0\u01a1ng th\u01a1m c\u1ee7a hoa h\u1ed3ng v\u00e0 h\u1ea1t l\u00ea.<\/p>\n<p>H\u01af\u01a0NG V\u1eca<br \/>\nTr\u00e1i c\u00e2y s\u1ea5y kh\u00f4, ch\u00e0 l\u00e0, nho kh\u00f4, \u0111\u01b0\u1eddng m\u1ea1ch, da thu\u1ed9c v\u00e0 g\u1ed7 s\u1ed3i lan t\u1ecfa tr\u00ean v\u00f2m mi\u1ec7ng, ti\u1ebfp theo l\u00e0 h\u01b0\u01a1ng ng\u1ecdt caramel b\u01a1, s\u00f4 c\u00f4 la praline v\u00e0 h\u01b0\u01a1ng th\u01a1m c\u1ee7a d\u1eeba t\u01b0\u01a1i v\u00e0 cam t\u01b0\u01a1i. T\u00e1o ng\u1ecdt v\u00e0 l\u00ea \u0111\u01b0\u1ee3c k\u1ebft h\u1ee3p v\u1edbi g\u1ed7 s\u1ed3i n\u01b0\u1edbng, gia v\u1ecb g\u1ed7 \u1ea5m \u00e1p, m\u1eadn \u0111en v\u00e0 m\u1ee9t h\u1ea1nh nh\u00e2n, v\u1edbi nh\u1eefng t\u1ea7ng h\u01b0\u01a1ng v\u1ecb s\u00e2u s\u1eafc trong m\u1ed7i ng\u1ee5m.<\/p>\n<p>H\u1eacU V\u1eca<br \/>\nG\u1ed7 s\u1ed3i v\u00e0 tr\u00e1i c\u00e2y kh\u00f4 n\u1ed5i b\u1eadt, v\u1edbi n\u1ed1t h\u01b0\u01a1ng b\u00e1nh Gi\u00e1ng sinh c\u1ee7a nho kh\u00f4, l\u00ea, m\u1ee9t h\u1ea1nh nh\u00e2n v\u00e0 m\u1eadt ong k\u00e9o d\u00e0i m\u1ed9t c\u00e1ch ho\u00e0n h\u1ea3o.<\/p>\n<p>&nbsp;<\/p>\n","protected":false},"featured_media":8444,"comment_status":"open","ping_status":"closed","template":"","meta":{"_acf_changed":false},"product_cat":[58],"product_tag":[],"class_list":{"0":"post-8443","1":"product","2":"type-product","3":"status-publish","4":"has-post-thumbnail","6":"product_cat-scotch-whisky-single-malt","7":"brand-bruichladdich","9":"first","10":"instock","11":"shipping-taxable","12":"product-type-simple"},"acf":[],"yoast_head":"<!-- This site is optimized with the Yoast SEO plugin v23.0 - https:\/\/yoast.com\/wordpress\/plugins\/seo\/ -->\n<title>Bruichladdich Black Art Edition Whisky 11.1 - Alchemy Asia<\/title>\n<meta name=\"robots\" content=\"index, follow, max-snippet:-1, max-image-preview:large, max-video-preview:-1\" \/>\n<link rel=\"canonical\" href=\"https:\/\/alchemy-asia.com\/vi\/san-pham\/bruichladdich-black-art-edition-whisky-11-1\/\" \/>\n<meta property=\"og:locale\" content=\"vi_VN\" \/>\n<meta property=\"og:type\" content=\"article\" \/>\n<meta property=\"og:title\" content=\"Bruichladdich Black Art Edition Whisky 11.1 - Alchemy Asia\" \/>\n<meta property=\"og:description\" content=\"M\u00c0U S\u1eaeC M\u00e0u m\u1ee9t cam  H\u01af\u01a0NG TH\u01a0M Tr\u00e1i c\u00e2y kh\u00f4, da thu\u1ed9c v\u00e0 m\u1ed9t ch\u00fat cam l\u1ed9ng l\u1eaby ngay t\u1eeb \u0111\u1ea7u, ti\u1ebfp theo l\u00e0 l\u00e0n gi\u00f3 bi\u1ec3n t\u01b0\u01a1i m\u00e1t. H\u01b0\u01a1ng v\u1ecb c\u1ee7a tr\u00e1i c\u00e2y ng\u1ecdt v\u00e0 hoa qu\u1ea3 n\u1ed5i b\u1eadt, v\u1edbi l\u00ea h\u1ea5p, siro h\u1ea1t c\u00e1nh hoa h\u1ed3ng tinh t\u1ebf, qu\u1ea3 cherry \u0111en v\u00e0 xo\u00e0i ng\u1ecdt. S\u1ef1 ph\u1ee9c t\u1ea1p c\u1ee7a single malt r\u00f5 r\u00e0ng khi c\u00e1c h\u01b0\u01a1ng th\u01a1m ti\u1ebfp t\u1ee5c m\u1edf ra, v\u1edbi g\u1ed7 tuy\u1ebft v\u00e0 g\u1ed7 s\u1ed3i m\u1ec1m m\u1ea1i k\u1ebft h\u1ee3p v\u1edbi caramel b\u01a1, s\u00f4 c\u00f4 la praline, m\u1eadt ong v\u00e0 m\u1ed9t ch\u00fat qu\u1ebf. L\u00faa m\u1ea1ch \u1ea5m \u00e1p \u0111\u01b0\u1ee3c c\u00e2n b\u1eb1ng v\u1edbi nh\u1eefng n\u1ed1t h\u01b0\u01a1ng th\u01a1m c\u1ee7a hoa h\u1ed3ng v\u00e0 h\u1ea1t l\u00ea.  H\u01af\u01a0NG V\u1eca Tr\u00e1i c\u00e2y s\u1ea5y kh\u00f4, ch\u00e0 l\u00e0, nho kh\u00f4, \u0111\u01b0\u1eddng m\u1ea1ch, da thu\u1ed9c v\u00e0 g\u1ed7 s\u1ed3i lan t\u1ecfa tr\u00ean v\u00f2m mi\u1ec7ng, ti\u1ebfp theo l\u00e0 h\u01b0\u01a1ng ng\u1ecdt caramel b\u01a1, s\u00f4 c\u00f4 la praline v\u00e0 h\u01b0\u01a1ng th\u01a1m c\u1ee7a d\u1eeba t\u01b0\u01a1i v\u00e0 cam t\u01b0\u01a1i. T\u00e1o ng\u1ecdt v\u00e0 l\u00ea \u0111\u01b0\u1ee3c k\u1ebft h\u1ee3p v\u1edbi g\u1ed7 s\u1ed3i n\u01b0\u1edbng, gia v\u1ecb g\u1ed7 \u1ea5m \u00e1p, m\u1eadn \u0111en v\u00e0 m\u1ee9t h\u1ea1nh nh\u00e2n, v\u1edbi nh\u1eefng t\u1ea7ng h\u01b0\u01a1ng v\u1ecb s\u00e2u s\u1eafc trong m\u1ed7i ng\u1ee5m.  H\u1eacU V\u1eca G\u1ed7 s\u1ed3i v\u00e0 tr\u00e1i c\u00e2y kh\u00f4 n\u1ed5i b\u1eadt, v\u1edbi n\u1ed1t h\u01b0\u01a1ng b\u00e1nh Gi\u00e1ng sinh c\u1ee7a nho kh\u00f4, l\u00ea, m\u1ee9t h\u1ea1nh nh\u00e2n v\u00e0 m\u1eadt ong k\u00e9o d\u00e0i m\u1ed9t c\u00e1ch ho\u00e0n h\u1ea3o.  &nbsp;\" \/>\n<meta property=\"og:url\" content=\"https:\/\/alchemy-asia.com\/vi\/san-pham\/bruichladdich-black-art-edition-whisky-11-1\/\" \/>\n<meta property=\"og:site_name\" content=\"Alchemy Asia\" \/>\n<meta property=\"og:image\" content=\"https:\/\/alchemy-asia.com\/vi\/wp-content\/uploads\/sites\/3\/2024\/07\/Bruichladdich-Black-Art-Edition-Whisky-11.1-1.png\" \/>\n\t<meta property=\"og:image:width\" content=\"2100\" \/>\n\t<meta property=\"og:image:height\" content=\"2100\" \/>\n\t<meta property=\"og:image:type\" content=\"image\/png\" \/>\n<meta name=\"twitter:card\" content=\"summary_large_image\" \/>\n<meta name=\"twitter:label1\" content=\"\u01af\u1edbc t\u00ednh th\u1eddi gian \u0111\u1ecdc\" \/>\n\t<meta name=\"twitter:data1\" content=\"1 ph\u00fat\" \/>\n<script type=\"application\/ld+json\" class=\"yoast-schema-graph\">{\"@context\":\"https:\/\/schema.org\",\"@graph\":[{\"@type\":\"WebPage\",\"@id\":\"https:\/\/alchemy-asia.com\/vi\/san-pham\/bruichladdich-black-art-edition-whisky-11-1\/\",\"url\":\"https:\/\/alchemy-asia.com\/vi\/san-pham\/bruichladdich-black-art-edition-whisky-11-1\/\",\"name\":\"Bruichladdich Black Art Edition Whisky 11.1 - Alchemy Asia\",\"isPartOf\":{\"@id\":\"https:\/\/alchemy-asia.com\/vi\/#website\"},\"primaryImageOfPage\":{\"@id\":\"https:\/\/alchemy-asia.com\/vi\/san-pham\/bruichladdich-black-art-edition-whisky-11-1\/#primaryimage\"},\"image\":{\"@id\":\"https:\/\/alchemy-asia.com\/vi\/san-pham\/bruichladdich-black-art-edition-whisky-11-1\/#primaryimage\"},\"thumbnailUrl\":\"https:\/\/alchemy-asia.com\/vi\/wp-content\/uploads\/sites\/3\/2024\/07\/Bruichladdich-Black-Art-Edition-Whisky-11.1-1.png\",\"datePublished\":\"2024-09-10T08:38:04+00:00\",\"dateModified\":\"2024-09-10T08:38:04+00:00\",\"breadcrumb\":{\"@id\":\"https:\/\/alchemy-asia.com\/vi\/san-pham\/bruichladdich-black-art-edition-whisky-11-1\/#breadcrumb\"},\"inLanguage\":\"vi\",\"potentialAction\":[{\"@type\":\"ReadAction\",\"target\":[\"https:\/\/alchemy-asia.com\/vi\/san-pham\/bruichladdich-black-art-edition-whisky-11-1\/\"]}]},{\"@type\":\"ImageObject\",\"inLanguage\":\"vi\",\"@id\":\"https:\/\/alchemy-asia.com\/vi\/san-pham\/bruichladdich-black-art-edition-whisky-11-1\/#primaryimage\",\"url\":\"https:\/\/alchemy-asia.com\/vi\/wp-content\/uploads\/sites\/3\/2024\/07\/Bruichladdich-Black-Art-Edition-Whisky-11.1-1.png\",\"contentUrl\":\"https:\/\/alchemy-asia.com\/vi\/wp-content\/uploads\/sites\/3\/2024\/07\/Bruichladdich-Black-Art-Edition-Whisky-11.1-1.png\",\"width\":2100,\"height\":2100,\"caption\":\"Bruichladdich Black Art Edition Whisky 11.1\"},{\"@type\":\"BreadcrumbList\",\"@id\":\"https:\/\/alchemy-asia.com\/vi\/san-pham\/bruichladdich-black-art-edition-whisky-11-1\/#breadcrumb\",\"itemListElement\":[{\"@type\":\"ListItem\",\"position\":1,\"name\":\"Home\",\"item\":\"https:\/\/alchemy-asia.com\/vi\/\"},{\"@type\":\"ListItem\",\"position\":2,\"name\":\"Bruichladdich Black Art Edition Whisky 11.1\"}]},{\"@type\":\"WebSite\",\"@id\":\"https:\/\/alchemy-asia.com\/vi\/#website\",\"url\":\"https:\/\/alchemy-asia.com\/vi\/\",\"name\":\"Alchemy Asia\",\"description\":\"Just another Alchemy Asia Sites site\",\"potentialAction\":[{\"@type\":\"SearchAction\",\"target\":{\"@type\":\"EntryPoint\",\"urlTemplate\":\"https:\/\/alchemy-asia.com\/vi\/?s={search_term_string}\"},\"query-input\":\"required name=search_term_string\"}],\"inLanguage\":\"vi\"}]}<\/script>\n<!-- \/ Yoast SEO plugin. -->","yoast_head_json":{"title":"Bruichladdich Black Art Edition Whisky 11.1 - Alchemy Asia","robots":{"index":"index","follow":"follow","max-snippet":"max-snippet:-1","max-image-preview":"max-image-preview:large","max-video-preview":"max-video-preview:-1"},"canonical":"https:\/\/alchemy-asia.com\/vi\/san-pham\/bruichladdich-black-art-edition-whisky-11-1\/","og_locale":"vi_VN","og_type":"article","og_title":"Bruichladdich Black Art Edition Whisky 11.1 - Alchemy Asia","og_description":"M\u00c0U S\u1eaeC M\u00e0u m\u1ee9t cam  H\u01af\u01a0NG TH\u01a0M Tr\u00e1i c\u00e2y kh\u00f4, da thu\u1ed9c v\u00e0 m\u1ed9t ch\u00fat cam l\u1ed9ng l\u1eaby ngay t\u1eeb \u0111\u1ea7u, ti\u1ebfp theo l\u00e0 l\u00e0n gi\u00f3 bi\u1ec3n t\u01b0\u01a1i m\u00e1t. H\u01b0\u01a1ng v\u1ecb c\u1ee7a tr\u00e1i c\u00e2y ng\u1ecdt v\u00e0 hoa qu\u1ea3 n\u1ed5i b\u1eadt, v\u1edbi l\u00ea h\u1ea5p, siro h\u1ea1t c\u00e1nh hoa h\u1ed3ng tinh t\u1ebf, qu\u1ea3 cherry \u0111en v\u00e0 xo\u00e0i ng\u1ecdt. S\u1ef1 ph\u1ee9c t\u1ea1p c\u1ee7a single malt r\u00f5 r\u00e0ng khi c\u00e1c h\u01b0\u01a1ng th\u01a1m ti\u1ebfp t\u1ee5c m\u1edf ra, v\u1edbi g\u1ed7 tuy\u1ebft v\u00e0 g\u1ed7 s\u1ed3i m\u1ec1m m\u1ea1i k\u1ebft h\u1ee3p v\u1edbi caramel b\u01a1, s\u00f4 c\u00f4 la praline, m\u1eadt ong v\u00e0 m\u1ed9t ch\u00fat qu\u1ebf. L\u00faa m\u1ea1ch \u1ea5m \u00e1p \u0111\u01b0\u1ee3c c\u00e2n b\u1eb1ng v\u1edbi nh\u1eefng n\u1ed1t h\u01b0\u01a1ng th\u01a1m c\u1ee7a hoa h\u1ed3ng v\u00e0 h\u1ea1t l\u00ea.  H\u01af\u01a0NG V\u1eca Tr\u00e1i c\u00e2y s\u1ea5y kh\u00f4, ch\u00e0 l\u00e0, nho kh\u00f4, \u0111\u01b0\u1eddng m\u1ea1ch, da thu\u1ed9c v\u00e0 g\u1ed7 s\u1ed3i lan t\u1ecfa tr\u00ean v\u00f2m mi\u1ec7ng, ti\u1ebfp theo l\u00e0 h\u01b0\u01a1ng ng\u1ecdt caramel b\u01a1, s\u00f4 c\u00f4 la praline v\u00e0 h\u01b0\u01a1ng th\u01a1m c\u1ee7a d\u1eeba t\u01b0\u01a1i v\u00e0 cam t\u01b0\u01a1i. T\u00e1o ng\u1ecdt v\u00e0 l\u00ea \u0111\u01b0\u1ee3c k\u1ebft h\u1ee3p v\u1edbi g\u1ed7 s\u1ed3i n\u01b0\u1edbng, gia v\u1ecb g\u1ed7 \u1ea5m \u00e1p, m\u1eadn \u0111en v\u00e0 m\u1ee9t h\u1ea1nh nh\u00e2n, v\u1edbi nh\u1eefng t\u1ea7ng h\u01b0\u01a1ng v\u1ecb s\u00e2u s\u1eafc trong m\u1ed7i ng\u1ee5m.  H\u1eacU V\u1eca G\u1ed7 s\u1ed3i v\u00e0 tr\u00e1i c\u00e2y kh\u00f4 n\u1ed5i b\u1eadt, v\u1edbi n\u1ed1t h\u01b0\u01a1ng b\u00e1nh Gi\u00e1ng sinh c\u1ee7a nho kh\u00f4, l\u00ea, m\u1ee9t h\u1ea1nh nh\u00e2n v\u00e0 m\u1eadt ong k\u00e9o d\u00e0i m\u1ed9t c\u00e1ch ho\u00e0n h\u1ea3o.  &nbsp;","og_url":"https:\/\/alchemy-asia.com\/vi\/san-pham\/bruichladdich-black-art-edition-whisky-11-1\/","og_site_name":"Alchemy Asia","og_image":[{"width":2100,"height":2100,"url":"https:\/\/alchemy-asia.com\/vi\/wp-content\/uploads\/sites\/3\/2024\/07\/Bruichladdich-Black-Art-Edition-Whisky-11.1-1.png","type":"image\/png"}],"twitter_card":"summary_large_image","twitter_misc":{"\u01af\u1edbc t\u00ednh th\u1eddi gian \u0111\u1ecdc":"1 ph\u00fat"},"schema":{"@context":"https:\/\/schema.org","@graph":[{"@type":"WebPage","@id":"https:\/\/alchemy-asia.com\/vi\/san-pham\/bruichladdich-black-art-edition-whisky-11-1\/","url":"https:\/\/alchemy-asia.com\/vi\/san-pham\/bruichladdich-black-art-edition-whisky-11-1\/","name":"Bruichladdich Black Art Edition Whisky 11.1 - Alchemy Asia","isPartOf":{"@id":"https:\/\/alchemy-asia.com\/vi\/#website"},"primaryImageOfPage":{"@id":"https:\/\/alchemy-asia.com\/vi\/san-pham\/bruichladdich-black-art-edition-whisky-11-1\/#primaryimage"},"image":{"@id":"https:\/\/alchemy-asia.com\/vi\/san-pham\/bruichladdich-black-art-edition-whisky-11-1\/#primaryimage"},"thumbnailUrl":"https:\/\/alchemy-asia.com\/vi\/wp-content\/uploads\/sites\/3\/2024\/07\/Bruichladdich-Black-Art-Edition-Whisky-11.1-1.png","datePublished":"2024-09-10T08:38:04+00:00","dateModified":"2024-09-10T08:38:04+00:00","breadcrumb":{"@id":"https:\/\/alchemy-asia.com\/vi\/san-pham\/bruichladdich-black-art-edition-whisky-11-1\/#breadcrumb"},"inLanguage":"vi","potentialAction":[{"@type":"ReadAction","target":["https:\/\/alchemy-asia.com\/vi\/san-pham\/bruichladdich-black-art-edition-whisky-11-1\/"]}]},{"@type":"ImageObject","inLanguage":"vi","@id":"https:\/\/alchemy-asia.com\/vi\/san-pham\/bruichladdich-black-art-edition-whisky-11-1\/#primaryimage","url":"https:\/\/alchemy-asia.com\/vi\/wp-content\/uploads\/sites\/3\/2024\/07\/Bruichladdich-Black-Art-Edition-Whisky-11.1-1.png","contentUrl":"https:\/\/alchemy-asia.com\/vi\/wp-content\/uploads\/sites\/3\/2024\/07\/Bruichladdich-Black-Art-Edition-Whisky-11.1-1.png","width":2100,"height":2100,"caption":"Bruichladdich Black Art Edition Whisky 11.1"},{"@type":"BreadcrumbList","@id":"https:\/\/alchemy-asia.com\/vi\/san-pham\/bruichladdich-black-art-edition-whisky-11-1\/#breadcrumb","itemListElement":[{"@type":"ListItem","position":1,"name":"Home","item":"https:\/\/alchemy-asia.com\/vi\/"},{"@type":"ListItem","position":2,"name":"Bruichladdich Black Art Edition Whisky 11.1"}]},{"@type":"WebSite","@id":"https:\/\/alchemy-asia.com\/vi\/#website","url":"https:\/\/alchemy-asia.com\/vi\/","name":"Alchemy Asia","description":"Just another Alchemy Asia Sites site","potentialAction":[{"@type":"SearchAction","target":{"@type":"EntryPoint","urlTemplate":"https:\/\/alchemy-asia.com\/vi\/?s={search_term_string}"},"query-input":"required name=search_term_string"}],"inLanguage":"vi"}]}},"_links":{"self":[{"href":"https:\/\/alchemy-asia.com\/vi\/wp-json\/wp\/v2\/product\/8443","targetHints":{"allow":["GET"]}}],"collection":[{"href":"https:\/\/alchemy-asia.com\/vi\/wp-json\/wp\/v2\/product"}],"about":[{"href":"https:\/\/alchemy-asia.com\/vi\/wp-json\/wp\/v2\/types\/product"}],"replies":[{"embeddable":true,"href":"https:\/\/alchemy-asia.com\/vi\/wp-json\/wp\/v2\/comments?post=8443"}],"wp:featuredmedia":[{"embeddable":true,"href":"https:\/\/alchemy-asia.com\/vi\/wp-json\/wp\/v2\/media\/8444"}],"wp:attachment":[{"href":"https:\/\/alchemy-asia.com\/vi\/wp-json\/wp\/v2\/media?parent=8443"}],"wp:term":[{"taxonomy":"product_cat","embeddable":true,"href":"https:\/\/alchemy-asia.com\/vi\/wp-json\/wp\/v2\/product_cat?post=8443"},{"taxonomy":"product_tag","embeddable":true,"href":"https:\/\/alchemy-asia.com\/vi\/wp-json\/wp\/v2\/product_tag?post=8443"}],"curies":[{"name":"wp","href":"https:\/\/api.w.org\/{rel}","templated":true}]}}