{"id":8445,"date":"2024-09-10T08:33:47","date_gmt":"2024-09-10T08:33:47","guid":{"rendered":"https:\/\/alchemy-asia.com\/vi\/?post_type=product&#038;p=8445"},"modified":"2024-09-10T08:33:47","modified_gmt":"2024-09-10T08:33:47","slug":"bruichladdich-octomore-13-1-whisky","status":"publish","type":"product","link":"https:\/\/alchemy-asia.com\/vi\/san-pham\/bruichladdich-octomore-13-1-whisky\/","title":{"rendered":"Bruichladdich Octomore 13.1 Whisky"},"content":{"rendered":"","protected":false},"excerpt":{"rendered":"<p><span data-sheets-root=\"1\" data-sheets-value=\"{&quot;1&quot;:2,&quot;2&quot;:&quot;M\u00c0U S\u1eaeC\\nC\u00e1t v\u00e0ng Hebridean\\n\\nH\u01af\u01a0NG TH\u01a0M\\n\u1ea4n t\u01b0\u1ee3ng ban \u0111\u1ea7u l\u00e0 c\u1ee7a h\u01b0\u01a1ng kh\u00f3i h\u1ea1t d\u1eeba ng\u1ecdt ng\u00e0o, \u0111\u1ea7y \u0111\u1eb7n v\u1edbi \u0111\u01b0\u1eddng m\u1ea1ch v\u00e0 tr\u00e1i c\u00e2y ch\u00edn m\u1ecdng. M\u1ee9t m\u01a1 ng\u1ecdt v\u00e0 l\u00ea ch\u00edn c\u00f9ng v\u1edbi h\u01b0\u01a1ng vani m\u1ea1ch nha v\u00e0 kem ch\u00e1y, m\u1eadt ong v\u00e0 h\u01b0\u01a1ng th\u01a1m nh\u1eb9 nh\u00e0ng c\u1ee7a l\u00faa m\u1ea1ch. Kh\u00e1m ph\u00e1 s\u00e2u h\u01a1n, b\u1ea1n s\u1ebd t\u00ecm th\u1ea5y t\u1eeb g\u1ed7 s\u1ed3i M\u1ef9, d\u1eeba, h\u1ea1nh nh\u00e2n v\u00e0 g\u1ed7 s\u1ed3i nung ch\u00e1y. Kh\u00f3i t\u1eeb l\u1eeda than c\u1ee7i nh\u1eb9 nh\u00e0ng nh\u01b0ng m\u1ea1nh m\u1ebd v\u00e0 c\u00f9ng v\u1edbi g\u1ed7 s\u1ed3i nung ch\u00e1y mang l\u1ea1i h\u01b0\u01a1ng v\u1ecb da thu\u1ed9c v\u00e0 m\u1ed9t giai \u0111i\u1ec7u tr\u1ea7m t\u00ednh c\u1ee7a \u0111\u1ea5t s\u00e9t. L\u00f4i cu\u1ed1n tuy\u1ec7t v\u1eddi.\\n\\nH\u01af\u01a0NG V\u1eca\\nC\u1ea3m gi\u00e1c ng\u1ecdt v\u00e0 \u1ea9m \u01b0\u1edbt trong v\u00f2m mi\u1ec7ng, h\u1ea1t ng\u0169 c\u1ed1c \u0111\u01b0\u1ee3c nung ch\u00e1y c\u00f9ng v\u1edbi m\u1eadt ong. Ng\u1ee5m th\u1ee9 hai mang l\u1ea1i c\u01a1 h\u1ed9i \u0111\u1ec3 gi\u1ea3i m\u00e3 s\u1ef1 ph\u1ee9c t\u1ea1p trong v\u00f2m mi\u1ec7ng, m\u1ee9t m\u01a1 h\u1ea5p v\u00e0 b\u1ed9t m\u1ea1ch nha, than c\u1ee7i v\u00e0 c\u1ecf th\u1ea1ch nam \u0111\u1ed1t ch\u00e1y, m\u1ed9t ch\u00fat v\u1ecb chanh d\u00e2u v\u00e0 m\u1ee9t h\u1ea1nh nh\u00e2n ng\u1ecdt ng\u00e0o. V\u1ecf s\u1ed3i, h\u1ea1nh nh\u00e2n v\u00e0 socola v\u1edbi h\u01b0\u01a1ng v\u1ecb cay n\u1ed3ng c\u1ee7a c\u1ea9m h\u1ed3i \u0111\u1ebfn g\u1ea7n k\u1ebft th\u00fac. M\u1ed9t gi\u1ecdt n\u01b0\u1edbc l\u00e0m t\u0103ng c\u01b0\u1eddng h\u01b0\u01a1ng kh\u00f3i v\u00e0 l\u00e0m n\u1ed5i b\u1eadt t\u00ednh kho\u00e1ng c\u1ee7a whisky v\u00e0 l\u00e0m d\u1ecbu \u0111i ch\u00fat ng\u1ecdt ng\u00e0o.\\n\\nH\u1eacU V\u1eca\\nv\u1ecb ng\u1ecdt d\u1ea7n d\u1ea7n tan bi\u1ebfn v\u00e0 tr\u1ea7m t\u00ednh, thoang tho\u1ea3ng tr\u00ean v\u00f2m mi\u1ec7ng \u0111\u01b0\u1ee3c b\u1ecdc trong h\u01b0\u01a1ng kh\u00f3i than c\u1ecf th\u1ea1ch nam kh\u00f4. N\u1ed1t h\u01b0\u01a1ng mu\u1ed1i chanh v\u00e0 hoa c\u1ee7a c\u00e2y hoa nh\u00e0i v\u00e0 hoa h\u1ed3ng hi\u1ec7n l\u00ean m\u1ed9t c\u00e1ch nh\u1eb9 nh\u00e0ng \u0111\u1ec3 ho\u00e0n thi\u1ec7n m\u1ed9t h\u1eadu v\u1ecb kh\u00e1c bi\u1ec7t.&quot;}\" data-sheets-userformat=\"{&quot;2&quot;:15359,&quot;3&quot;:{&quot;1&quot;:0},&quot;4&quot;:{&quot;1&quot;:2,&quot;2&quot;:16777215},&quot;5&quot;:{&quot;1&quot;:[{&quot;1&quot;:2,&quot;2&quot;:0,&quot;5&quot;:{&quot;1&quot;:2,&quot;2&quot;:0}},{&quot;1&quot;:0,&quot;2&quot;:0,&quot;3&quot;:3},{&quot;1&quot;:1,&quot;2&quot;:0,&quot;4&quot;:1}]},&quot;6&quot;:{&quot;1&quot;:[{&quot;1&quot;:2,&quot;2&quot;:0,&quot;5&quot;:{&quot;1&quot;:2,&quot;2&quot;:0}},{&quot;1&quot;:0,&quot;2&quot;:0,&quot;3&quot;:3},{&quot;1&quot;:1,&quot;2&quot;:0,&quot;4&quot;:1}]},&quot;7&quot;:{&quot;1&quot;:[{&quot;1&quot;:2,&quot;2&quot;:0,&quot;5&quot;:{&quot;1&quot;:2,&quot;2&quot;:0}},{&quot;1&quot;:0,&quot;2&quot;:0,&quot;3&quot;:3},{&quot;1&quot;:1,&quot;2&quot;:0,&quot;4&quot;:1}]},&quot;8&quot;:{&quot;1&quot;:[{&quot;1&quot;:2,&quot;2&quot;:0,&quot;5&quot;:{&quot;1&quot;:2,&quot;2&quot;:0}},{&quot;1&quot;:0,&quot;2&quot;:0,&quot;3&quot;:3},{&quot;1&quot;:1,&quot;2&quot;:0,&quot;4&quot;:1}]},&quot;9&quot;:0,&quot;10&quot;:1,&quot;11&quot;:4,&quot;12&quot;:0,&quot;14&quot;:{&quot;1&quot;:2,&quot;2&quot;:0},&quot;15&quot;:&quot;Arial&quot;,&quot;16&quot;:11}\" data-sheets-textstyleruns=\"{&quot;1&quot;:0,&quot;2&quot;:{&quot;5&quot;:1}}\uee10{&quot;1&quot;:7}\uee10{&quot;1&quot;:27,&quot;2&quot;:{&quot;5&quot;:1}}\uee10{&quot;1&quot;:38}\uee10{&quot;1&quot;:496,&quot;2&quot;:{&quot;5&quot;:1}}\uee10{&quot;1&quot;:504}\uee10{&quot;1&quot;:962,&quot;2&quot;:{&quot;5&quot;:1}}\uee10{&quot;1&quot;:968}\">M\u00c0U S\u1eaeC<br \/>\nC\u00e1t v\u00e0ng Hebridean<\/span><\/p>\n<p>H\u01af\u01a0NG TH\u01a0M<br \/>\n\u1ea4n t\u01b0\u1ee3ng ban \u0111\u1ea7u l\u00e0 c\u1ee7a h\u01b0\u01a1ng kh\u00f3i h\u1ea1t d\u1eeba ng\u1ecdt ng\u00e0o, \u0111\u1ea7y \u0111\u1eb7n v\u1edbi \u0111\u01b0\u1eddng m\u1ea1ch v\u00e0 tr\u00e1i c\u00e2y ch\u00edn m\u1ecdng. M\u1ee9t m\u01a1 ng\u1ecdt v\u00e0 l\u00ea ch\u00edn c\u00f9ng v\u1edbi h\u01b0\u01a1ng vani m\u1ea1ch nha v\u00e0 kem ch\u00e1y, m\u1eadt ong v\u00e0 h\u01b0\u01a1ng th\u01a1m nh\u1eb9 nh\u00e0ng c\u1ee7a l\u00faa m\u1ea1ch. Kh\u00e1m ph\u00e1 s\u00e2u h\u01a1n, b\u1ea1n s\u1ebd t\u00ecm th\u1ea5y t\u1eeb g\u1ed7 s\u1ed3i M\u1ef9, d\u1eeba, h\u1ea1nh nh\u00e2n v\u00e0 g\u1ed7 s\u1ed3i nung ch\u00e1y. Kh\u00f3i t\u1eeb l\u1eeda than c\u1ee7i nh\u1eb9 nh\u00e0ng nh\u01b0ng m\u1ea1nh m\u1ebd v\u00e0 c\u00f9ng v\u1edbi g\u1ed7 s\u1ed3i nung ch\u00e1y mang l\u1ea1i h\u01b0\u01a1ng v\u1ecb da thu\u1ed9c v\u00e0 m\u1ed9t giai \u0111i\u1ec7u tr\u1ea7m t\u00ednh c\u1ee7a \u0111\u1ea5t s\u00e9t. L\u00f4i cu\u1ed1n tuy\u1ec7t v\u1eddi.<\/p>\n<p>H\u01af\u01a0NG V\u1eca<br \/>\nC\u1ea3m gi\u00e1c ng\u1ecdt v\u00e0 \u1ea9m \u01b0\u1edbt trong v\u00f2m mi\u1ec7ng, h\u1ea1t ng\u0169 c\u1ed1c \u0111\u01b0\u1ee3c nung ch\u00e1y c\u00f9ng v\u1edbi m\u1eadt ong. Ng\u1ee5m th\u1ee9 hai mang l\u1ea1i c\u01a1 h\u1ed9i \u0111\u1ec3 gi\u1ea3i m\u00e3 s\u1ef1 ph\u1ee9c t\u1ea1p trong v\u00f2m mi\u1ec7ng, m\u1ee9t m\u01a1 h\u1ea5p v\u00e0 b\u1ed9t m\u1ea1ch nha, than c\u1ee7i v\u00e0 c\u1ecf th\u1ea1ch nam \u0111\u1ed1t ch\u00e1y, m\u1ed9t ch\u00fat v\u1ecb chanh d\u00e2u v\u00e0 m\u1ee9t h\u1ea1nh nh\u00e2n ng\u1ecdt ng\u00e0o. V\u1ecf s\u1ed3i, h\u1ea1nh nh\u00e2n v\u00e0 socola v\u1edbi h\u01b0\u01a1ng v\u1ecb cay n\u1ed3ng c\u1ee7a c\u1ea9m h\u1ed3i \u0111\u1ebfn g\u1ea7n k\u1ebft th\u00fac. M\u1ed9t gi\u1ecdt n\u01b0\u1edbc l\u00e0m t\u0103ng c\u01b0\u1eddng h\u01b0\u01a1ng kh\u00f3i v\u00e0 l\u00e0m n\u1ed5i b\u1eadt t\u00ednh kho\u00e1ng c\u1ee7a whisky v\u00e0 l\u00e0m d\u1ecbu \u0111i ch\u00fat ng\u1ecdt ng\u00e0o.<\/p>\n<p>H\u1eacU V\u1eca<br \/>\nv\u1ecb ng\u1ecdt d\u1ea7n d\u1ea7n tan bi\u1ebfn v\u00e0 tr\u1ea7m t\u00ednh, thoang tho\u1ea3ng tr\u00ean v\u00f2m mi\u1ec7ng \u0111\u01b0\u1ee3c b\u1ecdc trong h\u01b0\u01a1ng kh\u00f3i than c\u1ecf th\u1ea1ch nam kh\u00f4. N\u1ed1t h\u01b0\u01a1ng mu\u1ed1i chanh v\u00e0 hoa c\u1ee7a c\u00e2y hoa nh\u00e0i v\u00e0 hoa h\u1ed3ng hi\u1ec7n l\u00ean m\u1ed9t c\u00e1ch nh\u1eb9 nh\u00e0ng \u0111\u1ec3 ho\u00e0n thi\u1ec7n m\u1ed9t h\u1eadu v\u1ecb kh\u00e1c bi\u1ec7t.<\/p>\n","protected":false},"featured_media":8447,"comment_status":"open","ping_status":"closed","template":"","meta":{"_acf_changed":false},"product_cat":[58],"product_tag":[],"class_list":{"0":"post-8445","1":"product","2":"type-product","3":"status-publish","4":"has-post-thumbnail","6":"product_cat-scotch-whisky-single-malt","7":"brand-octomore","8":"brand-bruichladdich","10":"first","11":"instock","12":"shipping-taxable","13":"product-type-simple"},"acf":[],"yoast_head":"<!-- This site is optimized with the Yoast SEO plugin v23.0 - https:\/\/yoast.com\/wordpress\/plugins\/seo\/ -->\n<title>Bruichladdich Octomore 13.1 Whisky - Alchemy Asia<\/title>\n<meta name=\"robots\" content=\"index, follow, max-snippet:-1, max-image-preview:large, max-video-preview:-1\" \/>\n<link rel=\"canonical\" href=\"https:\/\/alchemy-asia.com\/vi\/san-pham\/bruichladdich-octomore-13-1-whisky\/\" \/>\n<meta property=\"og:locale\" content=\"vi_VN\" \/>\n<meta property=\"og:type\" content=\"article\" \/>\n<meta property=\"og:title\" content=\"Bruichladdich Octomore 13.1 Whisky - Alchemy Asia\" \/>\n<meta property=\"og:description\" content=\"M\u00c0U S\u1eaeC C\u00e1t v\u00e0ng Hebridean  H\u01af\u01a0NG TH\u01a0M \u1ea4n t\u01b0\u1ee3ng ban \u0111\u1ea7u l\u00e0 c\u1ee7a h\u01b0\u01a1ng kh\u00f3i h\u1ea1t d\u1eeba ng\u1ecdt ng\u00e0o, \u0111\u1ea7y \u0111\u1eb7n v\u1edbi \u0111\u01b0\u1eddng m\u1ea1ch v\u00e0 tr\u00e1i c\u00e2y ch\u00edn m\u1ecdng. M\u1ee9t m\u01a1 ng\u1ecdt v\u00e0 l\u00ea ch\u00edn c\u00f9ng v\u1edbi h\u01b0\u01a1ng vani m\u1ea1ch nha v\u00e0 kem ch\u00e1y, m\u1eadt ong v\u00e0 h\u01b0\u01a1ng th\u01a1m nh\u1eb9 nh\u00e0ng c\u1ee7a l\u00faa m\u1ea1ch. Kh\u00e1m ph\u00e1 s\u00e2u h\u01a1n, b\u1ea1n s\u1ebd t\u00ecm th\u1ea5y t\u1eeb g\u1ed7 s\u1ed3i M\u1ef9, d\u1eeba, h\u1ea1nh nh\u00e2n v\u00e0 g\u1ed7 s\u1ed3i nung ch\u00e1y. Kh\u00f3i t\u1eeb l\u1eeda than c\u1ee7i nh\u1eb9 nh\u00e0ng nh\u01b0ng m\u1ea1nh m\u1ebd v\u00e0 c\u00f9ng v\u1edbi g\u1ed7 s\u1ed3i nung ch\u00e1y mang l\u1ea1i h\u01b0\u01a1ng v\u1ecb da thu\u1ed9c v\u00e0 m\u1ed9t giai \u0111i\u1ec7u tr\u1ea7m t\u00ednh c\u1ee7a \u0111\u1ea5t s\u00e9t. L\u00f4i cu\u1ed1n tuy\u1ec7t v\u1eddi.  H\u01af\u01a0NG V\u1eca C\u1ea3m gi\u00e1c ng\u1ecdt v\u00e0 \u1ea9m \u01b0\u1edbt trong v\u00f2m mi\u1ec7ng, h\u1ea1t ng\u0169 c\u1ed1c \u0111\u01b0\u1ee3c nung ch\u00e1y c\u00f9ng v\u1edbi m\u1eadt ong. Ng\u1ee5m th\u1ee9 hai mang l\u1ea1i c\u01a1 h\u1ed9i \u0111\u1ec3 gi\u1ea3i m\u00e3 s\u1ef1 ph\u1ee9c t\u1ea1p trong v\u00f2m mi\u1ec7ng, m\u1ee9t m\u01a1 h\u1ea5p v\u00e0 b\u1ed9t m\u1ea1ch nha, than c\u1ee7i v\u00e0 c\u1ecf th\u1ea1ch nam \u0111\u1ed1t ch\u00e1y, m\u1ed9t ch\u00fat v\u1ecb chanh d\u00e2u v\u00e0 m\u1ee9t h\u1ea1nh nh\u00e2n ng\u1ecdt ng\u00e0o. V\u1ecf s\u1ed3i, h\u1ea1nh nh\u00e2n v\u00e0 socola v\u1edbi h\u01b0\u01a1ng v\u1ecb cay n\u1ed3ng c\u1ee7a c\u1ea9m h\u1ed3i \u0111\u1ebfn g\u1ea7n k\u1ebft th\u00fac. M\u1ed9t gi\u1ecdt n\u01b0\u1edbc l\u00e0m t\u0103ng c\u01b0\u1eddng h\u01b0\u01a1ng kh\u00f3i v\u00e0 l\u00e0m n\u1ed5i b\u1eadt t\u00ednh kho\u00e1ng c\u1ee7a whisky v\u00e0 l\u00e0m d\u1ecbu \u0111i ch\u00fat ng\u1ecdt ng\u00e0o.  H\u1eacU V\u1eca v\u1ecb ng\u1ecdt d\u1ea7n d\u1ea7n tan bi\u1ebfn v\u00e0 tr\u1ea7m t\u00ednh, thoang tho\u1ea3ng tr\u00ean v\u00f2m mi\u1ec7ng \u0111\u01b0\u1ee3c b\u1ecdc trong h\u01b0\u01a1ng kh\u00f3i than c\u1ecf th\u1ea1ch nam kh\u00f4. N\u1ed1t h\u01b0\u01a1ng mu\u1ed1i chanh v\u00e0 hoa c\u1ee7a c\u00e2y hoa nh\u00e0i v\u00e0 hoa h\u1ed3ng hi\u1ec7n l\u00ean m\u1ed9t c\u00e1ch nh\u1eb9 nh\u00e0ng \u0111\u1ec3 ho\u00e0n thi\u1ec7n m\u1ed9t h\u1eadu v\u1ecb kh\u00e1c bi\u1ec7t.\" \/>\n<meta property=\"og:url\" content=\"https:\/\/alchemy-asia.com\/vi\/san-pham\/bruichladdich-octomore-13-1-whisky\/\" \/>\n<meta property=\"og:site_name\" content=\"Alchemy Asia\" \/>\n<meta property=\"og:image\" content=\"https:\/\/alchemy-asia.com\/vi\/wp-content\/uploads\/sites\/3\/2024\/07\/Bruichladdich-Octomore-Whisky-13.1-1.png\" \/>\n\t<meta property=\"og:image:width\" content=\"2100\" \/>\n\t<meta property=\"og:image:height\" content=\"2100\" \/>\n\t<meta property=\"og:image:type\" content=\"image\/png\" \/>\n<meta name=\"twitter:card\" content=\"summary_large_image\" \/>\n<meta name=\"twitter:label1\" content=\"\u01af\u1edbc t\u00ednh th\u1eddi gian \u0111\u1ecdc\" \/>\n\t<meta name=\"twitter:data1\" content=\"1 ph\u00fat\" \/>\n<script type=\"application\/ld+json\" class=\"yoast-schema-graph\">{\"@context\":\"https:\/\/schema.org\",\"@graph\":[{\"@type\":\"WebPage\",\"@id\":\"https:\/\/alchemy-asia.com\/vi\/san-pham\/bruichladdich-octomore-13-1-whisky\/\",\"url\":\"https:\/\/alchemy-asia.com\/vi\/san-pham\/bruichladdich-octomore-13-1-whisky\/\",\"name\":\"Bruichladdich Octomore 13.1 Whisky - Alchemy Asia\",\"isPartOf\":{\"@id\":\"https:\/\/alchemy-asia.com\/vi\/#website\"},\"primaryImageOfPage\":{\"@id\":\"https:\/\/alchemy-asia.com\/vi\/san-pham\/bruichladdich-octomore-13-1-whisky\/#primaryimage\"},\"image\":{\"@id\":\"https:\/\/alchemy-asia.com\/vi\/san-pham\/bruichladdich-octomore-13-1-whisky\/#primaryimage\"},\"thumbnailUrl\":\"https:\/\/alchemy-asia.com\/vi\/wp-content\/uploads\/sites\/3\/2024\/07\/Bruichladdich-Octomore-Whisky-13.1-1.png\",\"datePublished\":\"2024-09-10T08:33:47+00:00\",\"dateModified\":\"2024-09-10T08:33:47+00:00\",\"breadcrumb\":{\"@id\":\"https:\/\/alchemy-asia.com\/vi\/san-pham\/bruichladdich-octomore-13-1-whisky\/#breadcrumb\"},\"inLanguage\":\"vi\",\"potentialAction\":[{\"@type\":\"ReadAction\",\"target\":[\"https:\/\/alchemy-asia.com\/vi\/san-pham\/bruichladdich-octomore-13-1-whisky\/\"]}]},{\"@type\":\"ImageObject\",\"inLanguage\":\"vi\",\"@id\":\"https:\/\/alchemy-asia.com\/vi\/san-pham\/bruichladdich-octomore-13-1-whisky\/#primaryimage\",\"url\":\"https:\/\/alchemy-asia.com\/vi\/wp-content\/uploads\/sites\/3\/2024\/07\/Bruichladdich-Octomore-Whisky-13.1-1.png\",\"contentUrl\":\"https:\/\/alchemy-asia.com\/vi\/wp-content\/uploads\/sites\/3\/2024\/07\/Bruichladdich-Octomore-Whisky-13.1-1.png\",\"width\":2100,\"height\":2100,\"caption\":\"Bruichladdich Octomore 13.1 Whisky\"},{\"@type\":\"BreadcrumbList\",\"@id\":\"https:\/\/alchemy-asia.com\/vi\/san-pham\/bruichladdich-octomore-13-1-whisky\/#breadcrumb\",\"itemListElement\":[{\"@type\":\"ListItem\",\"position\":1,\"name\":\"Home\",\"item\":\"https:\/\/alchemy-asia.com\/vi\/\"},{\"@type\":\"ListItem\",\"position\":2,\"name\":\"Bruichladdich Octomore 13.1 Whisky\"}]},{\"@type\":\"WebSite\",\"@id\":\"https:\/\/alchemy-asia.com\/vi\/#website\",\"url\":\"https:\/\/alchemy-asia.com\/vi\/\",\"name\":\"Alchemy Asia\",\"description\":\"Just another Alchemy Asia Sites site\",\"potentialAction\":[{\"@type\":\"SearchAction\",\"target\":{\"@type\":\"EntryPoint\",\"urlTemplate\":\"https:\/\/alchemy-asia.com\/vi\/?s={search_term_string}\"},\"query-input\":\"required name=search_term_string\"}],\"inLanguage\":\"vi\"}]}<\/script>\n<!-- \/ Yoast SEO plugin. -->","yoast_head_json":{"title":"Bruichladdich Octomore 13.1 Whisky - Alchemy Asia","robots":{"index":"index","follow":"follow","max-snippet":"max-snippet:-1","max-image-preview":"max-image-preview:large","max-video-preview":"max-video-preview:-1"},"canonical":"https:\/\/alchemy-asia.com\/vi\/san-pham\/bruichladdich-octomore-13-1-whisky\/","og_locale":"vi_VN","og_type":"article","og_title":"Bruichladdich Octomore 13.1 Whisky - Alchemy Asia","og_description":"M\u00c0U S\u1eaeC C\u00e1t v\u00e0ng Hebridean  H\u01af\u01a0NG TH\u01a0M \u1ea4n t\u01b0\u1ee3ng ban \u0111\u1ea7u l\u00e0 c\u1ee7a h\u01b0\u01a1ng kh\u00f3i h\u1ea1t d\u1eeba ng\u1ecdt ng\u00e0o, \u0111\u1ea7y \u0111\u1eb7n v\u1edbi \u0111\u01b0\u1eddng m\u1ea1ch v\u00e0 tr\u00e1i c\u00e2y ch\u00edn m\u1ecdng. M\u1ee9t m\u01a1 ng\u1ecdt v\u00e0 l\u00ea ch\u00edn c\u00f9ng v\u1edbi h\u01b0\u01a1ng vani m\u1ea1ch nha v\u00e0 kem ch\u00e1y, m\u1eadt ong v\u00e0 h\u01b0\u01a1ng th\u01a1m nh\u1eb9 nh\u00e0ng c\u1ee7a l\u00faa m\u1ea1ch. Kh\u00e1m ph\u00e1 s\u00e2u h\u01a1n, b\u1ea1n s\u1ebd t\u00ecm th\u1ea5y t\u1eeb g\u1ed7 s\u1ed3i M\u1ef9, d\u1eeba, h\u1ea1nh nh\u00e2n v\u00e0 g\u1ed7 s\u1ed3i nung ch\u00e1y. Kh\u00f3i t\u1eeb l\u1eeda than c\u1ee7i nh\u1eb9 nh\u00e0ng nh\u01b0ng m\u1ea1nh m\u1ebd v\u00e0 c\u00f9ng v\u1edbi g\u1ed7 s\u1ed3i nung ch\u00e1y mang l\u1ea1i h\u01b0\u01a1ng v\u1ecb da thu\u1ed9c v\u00e0 m\u1ed9t giai \u0111i\u1ec7u tr\u1ea7m t\u00ednh c\u1ee7a \u0111\u1ea5t s\u00e9t. L\u00f4i cu\u1ed1n tuy\u1ec7t v\u1eddi.  H\u01af\u01a0NG V\u1eca C\u1ea3m gi\u00e1c ng\u1ecdt v\u00e0 \u1ea9m \u01b0\u1edbt trong v\u00f2m mi\u1ec7ng, h\u1ea1t ng\u0169 c\u1ed1c \u0111\u01b0\u1ee3c nung ch\u00e1y c\u00f9ng v\u1edbi m\u1eadt ong. Ng\u1ee5m th\u1ee9 hai mang l\u1ea1i c\u01a1 h\u1ed9i \u0111\u1ec3 gi\u1ea3i m\u00e3 s\u1ef1 ph\u1ee9c t\u1ea1p trong v\u00f2m mi\u1ec7ng, m\u1ee9t m\u01a1 h\u1ea5p v\u00e0 b\u1ed9t m\u1ea1ch nha, than c\u1ee7i v\u00e0 c\u1ecf th\u1ea1ch nam \u0111\u1ed1t ch\u00e1y, m\u1ed9t ch\u00fat v\u1ecb chanh d\u00e2u v\u00e0 m\u1ee9t h\u1ea1nh nh\u00e2n ng\u1ecdt ng\u00e0o. V\u1ecf s\u1ed3i, h\u1ea1nh nh\u00e2n v\u00e0 socola v\u1edbi h\u01b0\u01a1ng v\u1ecb cay n\u1ed3ng c\u1ee7a c\u1ea9m h\u1ed3i \u0111\u1ebfn g\u1ea7n k\u1ebft th\u00fac. M\u1ed9t gi\u1ecdt n\u01b0\u1edbc l\u00e0m t\u0103ng c\u01b0\u1eddng h\u01b0\u01a1ng kh\u00f3i v\u00e0 l\u00e0m n\u1ed5i b\u1eadt t\u00ednh kho\u00e1ng c\u1ee7a whisky v\u00e0 l\u00e0m d\u1ecbu \u0111i ch\u00fat ng\u1ecdt ng\u00e0o.  H\u1eacU V\u1eca v\u1ecb ng\u1ecdt d\u1ea7n d\u1ea7n tan bi\u1ebfn v\u00e0 tr\u1ea7m t\u00ednh, thoang tho\u1ea3ng tr\u00ean v\u00f2m mi\u1ec7ng \u0111\u01b0\u1ee3c b\u1ecdc trong h\u01b0\u01a1ng kh\u00f3i than c\u1ecf th\u1ea1ch nam kh\u00f4. N\u1ed1t h\u01b0\u01a1ng mu\u1ed1i chanh v\u00e0 hoa c\u1ee7a c\u00e2y hoa nh\u00e0i v\u00e0 hoa h\u1ed3ng hi\u1ec7n l\u00ean m\u1ed9t c\u00e1ch nh\u1eb9 nh\u00e0ng \u0111\u1ec3 ho\u00e0n thi\u1ec7n m\u1ed9t h\u1eadu v\u1ecb kh\u00e1c bi\u1ec7t.","og_url":"https:\/\/alchemy-asia.com\/vi\/san-pham\/bruichladdich-octomore-13-1-whisky\/","og_site_name":"Alchemy Asia","og_image":[{"width":2100,"height":2100,"url":"https:\/\/alchemy-asia.com\/vi\/wp-content\/uploads\/sites\/3\/2024\/07\/Bruichladdich-Octomore-Whisky-13.1-1.png","type":"image\/png"}],"twitter_card":"summary_large_image","twitter_misc":{"\u01af\u1edbc t\u00ednh th\u1eddi gian \u0111\u1ecdc":"1 ph\u00fat"},"schema":{"@context":"https:\/\/schema.org","@graph":[{"@type":"WebPage","@id":"https:\/\/alchemy-asia.com\/vi\/san-pham\/bruichladdich-octomore-13-1-whisky\/","url":"https:\/\/alchemy-asia.com\/vi\/san-pham\/bruichladdich-octomore-13-1-whisky\/","name":"Bruichladdich Octomore 13.1 Whisky - Alchemy Asia","isPartOf":{"@id":"https:\/\/alchemy-asia.com\/vi\/#website"},"primaryImageOfPage":{"@id":"https:\/\/alchemy-asia.com\/vi\/san-pham\/bruichladdich-octomore-13-1-whisky\/#primaryimage"},"image":{"@id":"https:\/\/alchemy-asia.com\/vi\/san-pham\/bruichladdich-octomore-13-1-whisky\/#primaryimage"},"thumbnailUrl":"https:\/\/alchemy-asia.com\/vi\/wp-content\/uploads\/sites\/3\/2024\/07\/Bruichladdich-Octomore-Whisky-13.1-1.png","datePublished":"2024-09-10T08:33:47+00:00","dateModified":"2024-09-10T08:33:47+00:00","breadcrumb":{"@id":"https:\/\/alchemy-asia.com\/vi\/san-pham\/bruichladdich-octomore-13-1-whisky\/#breadcrumb"},"inLanguage":"vi","potentialAction":[{"@type":"ReadAction","target":["https:\/\/alchemy-asia.com\/vi\/san-pham\/bruichladdich-octomore-13-1-whisky\/"]}]},{"@type":"ImageObject","inLanguage":"vi","@id":"https:\/\/alchemy-asia.com\/vi\/san-pham\/bruichladdich-octomore-13-1-whisky\/#primaryimage","url":"https:\/\/alchemy-asia.com\/vi\/wp-content\/uploads\/sites\/3\/2024\/07\/Bruichladdich-Octomore-Whisky-13.1-1.png","contentUrl":"https:\/\/alchemy-asia.com\/vi\/wp-content\/uploads\/sites\/3\/2024\/07\/Bruichladdich-Octomore-Whisky-13.1-1.png","width":2100,"height":2100,"caption":"Bruichladdich Octomore 13.1 Whisky"},{"@type":"BreadcrumbList","@id":"https:\/\/alchemy-asia.com\/vi\/san-pham\/bruichladdich-octomore-13-1-whisky\/#breadcrumb","itemListElement":[{"@type":"ListItem","position":1,"name":"Home","item":"https:\/\/alchemy-asia.com\/vi\/"},{"@type":"ListItem","position":2,"name":"Bruichladdich Octomore 13.1 Whisky"}]},{"@type":"WebSite","@id":"https:\/\/alchemy-asia.com\/vi\/#website","url":"https:\/\/alchemy-asia.com\/vi\/","name":"Alchemy Asia","description":"Just another Alchemy Asia Sites site","potentialAction":[{"@type":"SearchAction","target":{"@type":"EntryPoint","urlTemplate":"https:\/\/alchemy-asia.com\/vi\/?s={search_term_string}"},"query-input":"required name=search_term_string"}],"inLanguage":"vi"}]}},"_links":{"self":[{"href":"https:\/\/alchemy-asia.com\/vi\/wp-json\/wp\/v2\/product\/8445","targetHints":{"allow":["GET"]}}],"collection":[{"href":"https:\/\/alchemy-asia.com\/vi\/wp-json\/wp\/v2\/product"}],"about":[{"href":"https:\/\/alchemy-asia.com\/vi\/wp-json\/wp\/v2\/types\/product"}],"replies":[{"embeddable":true,"href":"https:\/\/alchemy-asia.com\/vi\/wp-json\/wp\/v2\/comments?post=8445"}],"wp:featuredmedia":[{"embeddable":true,"href":"https:\/\/alchemy-asia.com\/vi\/wp-json\/wp\/v2\/media\/8447"}],"wp:attachment":[{"href":"https:\/\/alchemy-asia.com\/vi\/wp-json\/wp\/v2\/media?parent=8445"}],"wp:term":[{"taxonomy":"product_cat","embeddable":true,"href":"https:\/\/alchemy-asia.com\/vi\/wp-json\/wp\/v2\/product_cat?post=8445"},{"taxonomy":"product_tag","embeddable":true,"href":"https:\/\/alchemy-asia.com\/vi\/wp-json\/wp\/v2\/product_tag?post=8445"}],"curies":[{"name":"wp","href":"https:\/\/api.w.org\/{rel}","templated":true}]}}