{"id":8451,"date":"2024-09-10T08:33:52","date_gmt":"2024-09-10T08:33:52","guid":{"rendered":"https:\/\/alchemy-asia.com\/vi\/?post_type=product&#038;p=8451"},"modified":"2024-09-10T08:33:52","modified_gmt":"2024-09-10T08:33:52","slug":"bruichladdich-octomore-13-3-whisky","status":"publish","type":"product","link":"https:\/\/alchemy-asia.com\/vi\/san-pham\/bruichladdich-octomore-13-3-whisky\/","title":{"rendered":"Bruichladdich Octomore 13.3 Whisky"},"content":{"rendered":"","protected":false},"excerpt":{"rendered":"<p><span data-sheets-root=\"1\" data-sheets-value=\"{&quot;1&quot;:2,&quot;2&quot;:&quot;M\u00c0U S\u1eaeC\\nM\u00e0u r\u01a1m l\u00faa m\u1ea1ch\\n\\nH\u01af\u01a0NG TH\u01a0M\\nH\u01b0\u01a1ng v\u1ecb c\u1ee7a \u0111\u01b0\u1eddng m\u1ea1ch v\u00e0 kh\u00f3i than c\u1ee7i nh\u1eb9 nh\u00e0ng d\u1eabn b\u1ea1n v\u00e0o ly whisky n\u00e0y. T\u1ea7ng l\u1edbp tr\u00e1i c\u00e2y xanh t\u01b0\u01a1i, ti\u1ebfp theo l\u00e0 hoa h\u1ed3ng, c\u00e2y hoa nh\u00e0i, m\u01a1 v\u00e0 b\u1ea1c h\u00e0. M\u1ee9t h\u1ea1nh nh\u00e2n, b\u00e1nh quy g\u1eebng v\u00e0 d\u01b0a m\u1eadt. \u0110\u1eb7c tr\u01b0ng c\u1ee7a tr\u00e1i c\u00e2y ng\u1ecdt ng\u00e0o th\u1ef1c s\u1ef1 tr\u1edf n\u00ean n\u1ed5i b\u1eadt v\u1edbi m\u1ed9t ch\u00fat th\u1eddi gian v\u00e0 m\u1ed9t gi\u1ecdt n\u01b0\u1edbc s\u1ebd l\u00e0m n\u1ed5i b\u1eadt m\u00f9i kh\u00f3i than c\u1ee7i m\u1ed9t c\u00e1ch tuy\u1ec7t v\u1eddi.\\n\\nH\u01af\u01a0NG V\u1eca\\nM\u1ed9t b\u1ea3n t\u00ednh m\u1ec1m m\u1ea1i v\u00e0 tinh t\u1ebf tr\u00ean v\u00f2m mi\u1ec7ng, m\u1eadt ong ng\u1ecdt v\u00e0 \u0111\u01b0\u1eddng n\u00e2u, v\u1edbi h\u01b0\u01a1ng kh\u00f3i than c\u1ee7i nh\u1eb9 nh\u00e0ng nh\u01b0 m\u1ed9t l\u1eddi n\u00f3i nh\u1ecf. M\u1ed9t ng\u1ee5m r\u01b0\u1ee3u th\u1ee9 hai mang l\u1ea1i v\u1ecb c\u1ee7a v\u1ecf chanh v\u00e0 v\u1ecf s\u00f2, m\u1ed9t ch\u00fat gi\u00f3 bi\u1ec3n nh\u1eb9 nh\u00e0ng c\u00f9ng v\u1edbi n\u1ed1t h\u01b0\u01a1ng b\u00e1nh quy m\u1ea1ch nha, m\u1ee9t h\u1ea1nh nh\u00e2n v\u00e0 d\u1eeba. M\u1ed9t ch\u00fat h\u01b0\u01a1ng kh\u00f3i than c\u1ee7i c\u1ee7a s\u00e1p v\u00e0 tro nh\u01b0ng \u0111\u1ee7 nh\u1eb9 nh\u00e0ng \u0111\u1ec3 cho ph\u00e9p nh\u1eefng n\u1ed1t h\u01b0\u01a1ng hoa nh\u1eb9 nh\u00e0ng m\u1ec1m m\u1ea1i \u0111\u01b0\u1ee3c t\u1ecfa s\u00e1ng.\\n\\nH\u1eacU V\u1eca\\nH\u01b0\u01a1ng bi\u1ec3n ph\u00e1t tri\u1ec3n v\u00e0 h\u01b0\u01a1ng kh\u00f3i t\u0103ng l\u00ean tr\u00ean v\u00f2m mi\u1ec7ng, m\u1eadt ong v\u00e0 chanh v\u1edbi c\u00e1t \u1ea5m v\u00e0 m\u1ee9t h\u1ea1nh nh\u00e2n. Nh\u1eefng n\u1ed1t tr\u00e1i c\u00e2y cu\u1ed1i c\u00f9ng c\u1ee7a \u0111\u00e0o v\u00e0 l\u00ea h\u1ea7m mang \u0111\u1ebfn m\u1ed9t ch\u00fat ng\u1ecdt ng\u00e0o trong h\u1eadu v\u1ecb.\\n&quot;}\" data-sheets-userformat=\"{&quot;2&quot;:15359,&quot;3&quot;:{&quot;1&quot;:0},&quot;4&quot;:{&quot;1&quot;:2,&quot;2&quot;:16777215},&quot;5&quot;:{&quot;1&quot;:[{&quot;1&quot;:2,&quot;2&quot;:0,&quot;5&quot;:{&quot;1&quot;:2,&quot;2&quot;:0}},{&quot;1&quot;:0,&quot;2&quot;:0,&quot;3&quot;:3},{&quot;1&quot;:1,&quot;2&quot;:0,&quot;4&quot;:1}]},&quot;6&quot;:{&quot;1&quot;:[{&quot;1&quot;:2,&quot;2&quot;:0,&quot;5&quot;:{&quot;1&quot;:2,&quot;2&quot;:0}},{&quot;1&quot;:0,&quot;2&quot;:0,&quot;3&quot;:3},{&quot;1&quot;:1,&quot;2&quot;:0,&quot;4&quot;:1}]},&quot;7&quot;:{&quot;1&quot;:[{&quot;1&quot;:2,&quot;2&quot;:0,&quot;5&quot;:{&quot;1&quot;:2,&quot;2&quot;:0}},{&quot;1&quot;:0,&quot;2&quot;:0,&quot;3&quot;:3},{&quot;1&quot;:1,&quot;2&quot;:0,&quot;4&quot;:1}]},&quot;8&quot;:{&quot;1&quot;:[{&quot;1&quot;:2,&quot;2&quot;:0,&quot;5&quot;:{&quot;1&quot;:2,&quot;2&quot;:0}},{&quot;1&quot;:0,&quot;2&quot;:0,&quot;3&quot;:3},{&quot;1&quot;:1,&quot;2&quot;:0,&quot;4&quot;:1}]},&quot;9&quot;:0,&quot;10&quot;:1,&quot;11&quot;:4,&quot;12&quot;:0,&quot;14&quot;:{&quot;1&quot;:2,&quot;2&quot;:0},&quot;15&quot;:&quot;Arial&quot;,&quot;16&quot;:11}\" data-sheets-textstyleruns=\"{&quot;1&quot;:0,&quot;2&quot;:{&quot;5&quot;:1}}\uee10{&quot;1&quot;:7}\uee10{&quot;1&quot;:25,&quot;2&quot;:{&quot;5&quot;:1}}\uee10{&quot;1&quot;:36}\uee10{&quot;1&quot;:386,&quot;2&quot;:{&quot;5&quot;:1}}\uee10{&quot;1&quot;:395}\uee10{&quot;1&quot;:800,&quot;2&quot;:{&quot;5&quot;:1}}\uee10{&quot;1&quot;:806}\">M\u00c0U S\u1eaeC<br \/>\nM\u00e0u r\u01a1m l\u00faa m\u1ea1ch<\/span><\/p>\n<p>H\u01af\u01a0NG TH\u01a0M<br \/>\nH\u01b0\u01a1ng v\u1ecb c\u1ee7a \u0111\u01b0\u1eddng m\u1ea1ch v\u00e0 kh\u00f3i than c\u1ee7i nh\u1eb9 nh\u00e0ng d\u1eabn b\u1ea1n v\u00e0o ly whisky n\u00e0y. T\u1ea7ng l\u1edbp tr\u00e1i c\u00e2y xanh t\u01b0\u01a1i, ti\u1ebfp theo l\u00e0 hoa h\u1ed3ng, c\u00e2y hoa nh\u00e0i, m\u01a1 v\u00e0 b\u1ea1c h\u00e0. M\u1ee9t h\u1ea1nh nh\u00e2n, b\u00e1nh quy g\u1eebng v\u00e0 d\u01b0a m\u1eadt. \u0110\u1eb7c tr\u01b0ng c\u1ee7a tr\u00e1i c\u00e2y ng\u1ecdt ng\u00e0o th\u1ef1c s\u1ef1 tr\u1edf n\u00ean n\u1ed5i b\u1eadt v\u1edbi m\u1ed9t ch\u00fat th\u1eddi gian v\u00e0 m\u1ed9t gi\u1ecdt n\u01b0\u1edbc s\u1ebd l\u00e0m n\u1ed5i b\u1eadt m\u00f9i kh\u00f3i than c\u1ee7i m\u1ed9t c\u00e1ch tuy\u1ec7t v\u1eddi.<\/p>\n<p>H\u01af\u01a0NG V\u1eca<br \/>\nM\u1ed9t b\u1ea3n t\u00ednh m\u1ec1m m\u1ea1i v\u00e0 tinh t\u1ebf tr\u00ean v\u00f2m mi\u1ec7ng, m\u1eadt ong ng\u1ecdt v\u00e0 \u0111\u01b0\u1eddng n\u00e2u, v\u1edbi h\u01b0\u01a1ng kh\u00f3i than c\u1ee7i nh\u1eb9 nh\u00e0ng nh\u01b0 m\u1ed9t l\u1eddi n\u00f3i nh\u1ecf. M\u1ed9t ng\u1ee5m r\u01b0\u1ee3u th\u1ee9 hai mang l\u1ea1i v\u1ecb c\u1ee7a v\u1ecf chanh v\u00e0 v\u1ecf s\u00f2, m\u1ed9t ch\u00fat gi\u00f3 bi\u1ec3n nh\u1eb9 nh\u00e0ng c\u00f9ng v\u1edbi n\u1ed1t h\u01b0\u01a1ng b\u00e1nh quy m\u1ea1ch nha, m\u1ee9t h\u1ea1nh nh\u00e2n v\u00e0 d\u1eeba. M\u1ed9t ch\u00fat h\u01b0\u01a1ng kh\u00f3i than c\u1ee7i c\u1ee7a s\u00e1p v\u00e0 tro nh\u01b0ng \u0111\u1ee7 nh\u1eb9 nh\u00e0ng \u0111\u1ec3 cho ph\u00e9p nh\u1eefng n\u1ed1t h\u01b0\u01a1ng hoa nh\u1eb9 nh\u00e0ng m\u1ec1m m\u1ea1i \u0111\u01b0\u1ee3c t\u1ecfa s\u00e1ng.<\/p>\n<p>H\u1eacU V\u1eca<br \/>\nH\u01b0\u01a1ng bi\u1ec3n ph\u00e1t tri\u1ec3n v\u00e0 h\u01b0\u01a1ng kh\u00f3i t\u0103ng l\u00ean tr\u00ean v\u00f2m mi\u1ec7ng, m\u1eadt ong v\u00e0 chanh v\u1edbi c\u00e1t \u1ea5m v\u00e0 m\u1ee9t h\u1ea1nh nh\u00e2n. Nh\u1eefng n\u1ed1t tr\u00e1i c\u00e2y cu\u1ed1i c\u00f9ng c\u1ee7a \u0111\u00e0o v\u00e0 l\u00ea h\u1ea7m mang \u0111\u1ebfn m\u1ed9t ch\u00fat ng\u1ecdt ng\u00e0o trong h\u1eadu v\u1ecb.<\/p>\n","protected":false},"featured_media":8453,"comment_status":"open","ping_status":"closed","template":"","meta":{"_acf_changed":false},"product_cat":[58],"product_tag":[],"class_list":{"0":"post-8451","1":"product","2":"type-product","3":"status-publish","4":"has-post-thumbnail","6":"product_cat-scotch-whisky-single-malt","7":"brand-octomore","8":"brand-bruichladdich","10":"first","11":"instock","12":"shipping-taxable","13":"product-type-simple"},"acf":[],"yoast_head":"<!-- This site is optimized with the Yoast SEO plugin v23.0 - https:\/\/yoast.com\/wordpress\/plugins\/seo\/ -->\n<title>Bruichladdich Octomore 13.3 Whisky - Alchemy Asia<\/title>\n<meta name=\"robots\" content=\"index, follow, max-snippet:-1, max-image-preview:large, max-video-preview:-1\" \/>\n<link rel=\"canonical\" href=\"https:\/\/alchemy-asia.com\/vi\/san-pham\/bruichladdich-octomore-13-3-whisky\/\" \/>\n<meta property=\"og:locale\" content=\"vi_VN\" \/>\n<meta property=\"og:type\" content=\"article\" \/>\n<meta property=\"og:title\" content=\"Bruichladdich Octomore 13.3 Whisky - Alchemy Asia\" \/>\n<meta property=\"og:description\" content=\"M\u00c0U S\u1eaeC M\u00e0u r\u01a1m l\u00faa m\u1ea1ch  H\u01af\u01a0NG TH\u01a0M H\u01b0\u01a1ng v\u1ecb c\u1ee7a \u0111\u01b0\u1eddng m\u1ea1ch v\u00e0 kh\u00f3i than c\u1ee7i nh\u1eb9 nh\u00e0ng d\u1eabn b\u1ea1n v\u00e0o ly whisky n\u00e0y. T\u1ea7ng l\u1edbp tr\u00e1i c\u00e2y xanh t\u01b0\u01a1i, ti\u1ebfp theo l\u00e0 hoa h\u1ed3ng, c\u00e2y hoa nh\u00e0i, m\u01a1 v\u00e0 b\u1ea1c h\u00e0. M\u1ee9t h\u1ea1nh nh\u00e2n, b\u00e1nh quy g\u1eebng v\u00e0 d\u01b0a m\u1eadt. \u0110\u1eb7c tr\u01b0ng c\u1ee7a tr\u00e1i c\u00e2y ng\u1ecdt ng\u00e0o th\u1ef1c s\u1ef1 tr\u1edf n\u00ean n\u1ed5i b\u1eadt v\u1edbi m\u1ed9t ch\u00fat th\u1eddi gian v\u00e0 m\u1ed9t gi\u1ecdt n\u01b0\u1edbc s\u1ebd l\u00e0m n\u1ed5i b\u1eadt m\u00f9i kh\u00f3i than c\u1ee7i m\u1ed9t c\u00e1ch tuy\u1ec7t v\u1eddi.  H\u01af\u01a0NG V\u1eca M\u1ed9t b\u1ea3n t\u00ednh m\u1ec1m m\u1ea1i v\u00e0 tinh t\u1ebf tr\u00ean v\u00f2m mi\u1ec7ng, m\u1eadt ong ng\u1ecdt v\u00e0 \u0111\u01b0\u1eddng n\u00e2u, v\u1edbi h\u01b0\u01a1ng kh\u00f3i than c\u1ee7i nh\u1eb9 nh\u00e0ng nh\u01b0 m\u1ed9t l\u1eddi n\u00f3i nh\u1ecf. M\u1ed9t ng\u1ee5m r\u01b0\u1ee3u th\u1ee9 hai mang l\u1ea1i v\u1ecb c\u1ee7a v\u1ecf chanh v\u00e0 v\u1ecf s\u00f2, m\u1ed9t ch\u00fat gi\u00f3 bi\u1ec3n nh\u1eb9 nh\u00e0ng c\u00f9ng v\u1edbi n\u1ed1t h\u01b0\u01a1ng b\u00e1nh quy m\u1ea1ch nha, m\u1ee9t h\u1ea1nh nh\u00e2n v\u00e0 d\u1eeba. M\u1ed9t ch\u00fat h\u01b0\u01a1ng kh\u00f3i than c\u1ee7i c\u1ee7a s\u00e1p v\u00e0 tro nh\u01b0ng \u0111\u1ee7 nh\u1eb9 nh\u00e0ng \u0111\u1ec3 cho ph\u00e9p nh\u1eefng n\u1ed1t h\u01b0\u01a1ng hoa nh\u1eb9 nh\u00e0ng m\u1ec1m m\u1ea1i \u0111\u01b0\u1ee3c t\u1ecfa s\u00e1ng.  H\u1eacU V\u1eca H\u01b0\u01a1ng bi\u1ec3n ph\u00e1t tri\u1ec3n v\u00e0 h\u01b0\u01a1ng kh\u00f3i t\u0103ng l\u00ean tr\u00ean v\u00f2m mi\u1ec7ng, m\u1eadt ong v\u00e0 chanh v\u1edbi c\u00e1t \u1ea5m v\u00e0 m\u1ee9t h\u1ea1nh nh\u00e2n. Nh\u1eefng n\u1ed1t tr\u00e1i c\u00e2y cu\u1ed1i c\u00f9ng c\u1ee7a \u0111\u00e0o v\u00e0 l\u00ea h\u1ea7m mang \u0111\u1ebfn m\u1ed9t ch\u00fat ng\u1ecdt ng\u00e0o trong h\u1eadu v\u1ecb.\" \/>\n<meta property=\"og:url\" content=\"https:\/\/alchemy-asia.com\/vi\/san-pham\/bruichladdich-octomore-13-3-whisky\/\" \/>\n<meta property=\"og:site_name\" content=\"Alchemy Asia\" \/>\n<meta property=\"og:image\" content=\"https:\/\/alchemy-asia.com\/vi\/wp-content\/uploads\/sites\/3\/2024\/07\/Bruichladdich-Octomore-Whisky-13.3.png\" \/>\n\t<meta property=\"og:image:width\" content=\"2100\" \/>\n\t<meta property=\"og:image:height\" content=\"2100\" \/>\n\t<meta property=\"og:image:type\" content=\"image\/png\" \/>\n<meta name=\"twitter:card\" content=\"summary_large_image\" \/>\n<meta name=\"twitter:label1\" content=\"\u01af\u1edbc t\u00ednh th\u1eddi gian \u0111\u1ecdc\" \/>\n\t<meta name=\"twitter:data1\" content=\"1 ph\u00fat\" \/>\n<script type=\"application\/ld+json\" class=\"yoast-schema-graph\">{\"@context\":\"https:\/\/schema.org\",\"@graph\":[{\"@type\":\"WebPage\",\"@id\":\"https:\/\/alchemy-asia.com\/vi\/san-pham\/bruichladdich-octomore-13-3-whisky\/\",\"url\":\"https:\/\/alchemy-asia.com\/vi\/san-pham\/bruichladdich-octomore-13-3-whisky\/\",\"name\":\"Bruichladdich Octomore 13.3 Whisky - Alchemy Asia\",\"isPartOf\":{\"@id\":\"https:\/\/alchemy-asia.com\/vi\/#website\"},\"primaryImageOfPage\":{\"@id\":\"https:\/\/alchemy-asia.com\/vi\/san-pham\/bruichladdich-octomore-13-3-whisky\/#primaryimage\"},\"image\":{\"@id\":\"https:\/\/alchemy-asia.com\/vi\/san-pham\/bruichladdich-octomore-13-3-whisky\/#primaryimage\"},\"thumbnailUrl\":\"https:\/\/alchemy-asia.com\/vi\/wp-content\/uploads\/sites\/3\/2024\/07\/Bruichladdich-Octomore-Whisky-13.3.png\",\"datePublished\":\"2024-09-10T08:33:52+00:00\",\"dateModified\":\"2024-09-10T08:33:52+00:00\",\"breadcrumb\":{\"@id\":\"https:\/\/alchemy-asia.com\/vi\/san-pham\/bruichladdich-octomore-13-3-whisky\/#breadcrumb\"},\"inLanguage\":\"vi\",\"potentialAction\":[{\"@type\":\"ReadAction\",\"target\":[\"https:\/\/alchemy-asia.com\/vi\/san-pham\/bruichladdich-octomore-13-3-whisky\/\"]}]},{\"@type\":\"ImageObject\",\"inLanguage\":\"vi\",\"@id\":\"https:\/\/alchemy-asia.com\/vi\/san-pham\/bruichladdich-octomore-13-3-whisky\/#primaryimage\",\"url\":\"https:\/\/alchemy-asia.com\/vi\/wp-content\/uploads\/sites\/3\/2024\/07\/Bruichladdich-Octomore-Whisky-13.3.png\",\"contentUrl\":\"https:\/\/alchemy-asia.com\/vi\/wp-content\/uploads\/sites\/3\/2024\/07\/Bruichladdich-Octomore-Whisky-13.3.png\",\"width\":2100,\"height\":2100,\"caption\":\"Bruichladdich Octomore Whisky 13.3\"},{\"@type\":\"BreadcrumbList\",\"@id\":\"https:\/\/alchemy-asia.com\/vi\/san-pham\/bruichladdich-octomore-13-3-whisky\/#breadcrumb\",\"itemListElement\":[{\"@type\":\"ListItem\",\"position\":1,\"name\":\"Home\",\"item\":\"https:\/\/alchemy-asia.com\/vi\/\"},{\"@type\":\"ListItem\",\"position\":2,\"name\":\"Bruichladdich Octomore 13.3 Whisky\"}]},{\"@type\":\"WebSite\",\"@id\":\"https:\/\/alchemy-asia.com\/vi\/#website\",\"url\":\"https:\/\/alchemy-asia.com\/vi\/\",\"name\":\"Alchemy Asia\",\"description\":\"Just another Alchemy Asia Sites site\",\"potentialAction\":[{\"@type\":\"SearchAction\",\"target\":{\"@type\":\"EntryPoint\",\"urlTemplate\":\"https:\/\/alchemy-asia.com\/vi\/?s={search_term_string}\"},\"query-input\":\"required name=search_term_string\"}],\"inLanguage\":\"vi\"}]}<\/script>\n<!-- \/ Yoast SEO plugin. -->","yoast_head_json":{"title":"Bruichladdich Octomore 13.3 Whisky - Alchemy Asia","robots":{"index":"index","follow":"follow","max-snippet":"max-snippet:-1","max-image-preview":"max-image-preview:large","max-video-preview":"max-video-preview:-1"},"canonical":"https:\/\/alchemy-asia.com\/vi\/san-pham\/bruichladdich-octomore-13-3-whisky\/","og_locale":"vi_VN","og_type":"article","og_title":"Bruichladdich Octomore 13.3 Whisky - Alchemy Asia","og_description":"M\u00c0U S\u1eaeC M\u00e0u r\u01a1m l\u00faa m\u1ea1ch  H\u01af\u01a0NG TH\u01a0M H\u01b0\u01a1ng v\u1ecb c\u1ee7a \u0111\u01b0\u1eddng m\u1ea1ch v\u00e0 kh\u00f3i than c\u1ee7i nh\u1eb9 nh\u00e0ng d\u1eabn b\u1ea1n v\u00e0o ly whisky n\u00e0y. T\u1ea7ng l\u1edbp tr\u00e1i c\u00e2y xanh t\u01b0\u01a1i, ti\u1ebfp theo l\u00e0 hoa h\u1ed3ng, c\u00e2y hoa nh\u00e0i, m\u01a1 v\u00e0 b\u1ea1c h\u00e0. M\u1ee9t h\u1ea1nh nh\u00e2n, b\u00e1nh quy g\u1eebng v\u00e0 d\u01b0a m\u1eadt. \u0110\u1eb7c tr\u01b0ng c\u1ee7a tr\u00e1i c\u00e2y ng\u1ecdt ng\u00e0o th\u1ef1c s\u1ef1 tr\u1edf n\u00ean n\u1ed5i b\u1eadt v\u1edbi m\u1ed9t ch\u00fat th\u1eddi gian v\u00e0 m\u1ed9t gi\u1ecdt n\u01b0\u1edbc s\u1ebd l\u00e0m n\u1ed5i b\u1eadt m\u00f9i kh\u00f3i than c\u1ee7i m\u1ed9t c\u00e1ch tuy\u1ec7t v\u1eddi.  H\u01af\u01a0NG V\u1eca M\u1ed9t b\u1ea3n t\u00ednh m\u1ec1m m\u1ea1i v\u00e0 tinh t\u1ebf tr\u00ean v\u00f2m mi\u1ec7ng, m\u1eadt ong ng\u1ecdt v\u00e0 \u0111\u01b0\u1eddng n\u00e2u, v\u1edbi h\u01b0\u01a1ng kh\u00f3i than c\u1ee7i nh\u1eb9 nh\u00e0ng nh\u01b0 m\u1ed9t l\u1eddi n\u00f3i nh\u1ecf. M\u1ed9t ng\u1ee5m r\u01b0\u1ee3u th\u1ee9 hai mang l\u1ea1i v\u1ecb c\u1ee7a v\u1ecf chanh v\u00e0 v\u1ecf s\u00f2, m\u1ed9t ch\u00fat gi\u00f3 bi\u1ec3n nh\u1eb9 nh\u00e0ng c\u00f9ng v\u1edbi n\u1ed1t h\u01b0\u01a1ng b\u00e1nh quy m\u1ea1ch nha, m\u1ee9t h\u1ea1nh nh\u00e2n v\u00e0 d\u1eeba. M\u1ed9t ch\u00fat h\u01b0\u01a1ng kh\u00f3i than c\u1ee7i c\u1ee7a s\u00e1p v\u00e0 tro nh\u01b0ng \u0111\u1ee7 nh\u1eb9 nh\u00e0ng \u0111\u1ec3 cho ph\u00e9p nh\u1eefng n\u1ed1t h\u01b0\u01a1ng hoa nh\u1eb9 nh\u00e0ng m\u1ec1m m\u1ea1i \u0111\u01b0\u1ee3c t\u1ecfa s\u00e1ng.  H\u1eacU V\u1eca H\u01b0\u01a1ng bi\u1ec3n ph\u00e1t tri\u1ec3n v\u00e0 h\u01b0\u01a1ng kh\u00f3i t\u0103ng l\u00ean tr\u00ean v\u00f2m mi\u1ec7ng, m\u1eadt ong v\u00e0 chanh v\u1edbi c\u00e1t \u1ea5m v\u00e0 m\u1ee9t h\u1ea1nh nh\u00e2n. Nh\u1eefng n\u1ed1t tr\u00e1i c\u00e2y cu\u1ed1i c\u00f9ng c\u1ee7a \u0111\u00e0o v\u00e0 l\u00ea h\u1ea7m mang \u0111\u1ebfn m\u1ed9t ch\u00fat ng\u1ecdt ng\u00e0o trong h\u1eadu v\u1ecb.","og_url":"https:\/\/alchemy-asia.com\/vi\/san-pham\/bruichladdich-octomore-13-3-whisky\/","og_site_name":"Alchemy Asia","og_image":[{"width":2100,"height":2100,"url":"https:\/\/alchemy-asia.com\/vi\/wp-content\/uploads\/sites\/3\/2024\/07\/Bruichladdich-Octomore-Whisky-13.3.png","type":"image\/png"}],"twitter_card":"summary_large_image","twitter_misc":{"\u01af\u1edbc t\u00ednh th\u1eddi gian \u0111\u1ecdc":"1 ph\u00fat"},"schema":{"@context":"https:\/\/schema.org","@graph":[{"@type":"WebPage","@id":"https:\/\/alchemy-asia.com\/vi\/san-pham\/bruichladdich-octomore-13-3-whisky\/","url":"https:\/\/alchemy-asia.com\/vi\/san-pham\/bruichladdich-octomore-13-3-whisky\/","name":"Bruichladdich Octomore 13.3 Whisky - Alchemy Asia","isPartOf":{"@id":"https:\/\/alchemy-asia.com\/vi\/#website"},"primaryImageOfPage":{"@id":"https:\/\/alchemy-asia.com\/vi\/san-pham\/bruichladdich-octomore-13-3-whisky\/#primaryimage"},"image":{"@id":"https:\/\/alchemy-asia.com\/vi\/san-pham\/bruichladdich-octomore-13-3-whisky\/#primaryimage"},"thumbnailUrl":"https:\/\/alchemy-asia.com\/vi\/wp-content\/uploads\/sites\/3\/2024\/07\/Bruichladdich-Octomore-Whisky-13.3.png","datePublished":"2024-09-10T08:33:52+00:00","dateModified":"2024-09-10T08:33:52+00:00","breadcrumb":{"@id":"https:\/\/alchemy-asia.com\/vi\/san-pham\/bruichladdich-octomore-13-3-whisky\/#breadcrumb"},"inLanguage":"vi","potentialAction":[{"@type":"ReadAction","target":["https:\/\/alchemy-asia.com\/vi\/san-pham\/bruichladdich-octomore-13-3-whisky\/"]}]},{"@type":"ImageObject","inLanguage":"vi","@id":"https:\/\/alchemy-asia.com\/vi\/san-pham\/bruichladdich-octomore-13-3-whisky\/#primaryimage","url":"https:\/\/alchemy-asia.com\/vi\/wp-content\/uploads\/sites\/3\/2024\/07\/Bruichladdich-Octomore-Whisky-13.3.png","contentUrl":"https:\/\/alchemy-asia.com\/vi\/wp-content\/uploads\/sites\/3\/2024\/07\/Bruichladdich-Octomore-Whisky-13.3.png","width":2100,"height":2100,"caption":"Bruichladdich Octomore Whisky 13.3"},{"@type":"BreadcrumbList","@id":"https:\/\/alchemy-asia.com\/vi\/san-pham\/bruichladdich-octomore-13-3-whisky\/#breadcrumb","itemListElement":[{"@type":"ListItem","position":1,"name":"Home","item":"https:\/\/alchemy-asia.com\/vi\/"},{"@type":"ListItem","position":2,"name":"Bruichladdich Octomore 13.3 Whisky"}]},{"@type":"WebSite","@id":"https:\/\/alchemy-asia.com\/vi\/#website","url":"https:\/\/alchemy-asia.com\/vi\/","name":"Alchemy Asia","description":"Just another Alchemy Asia Sites site","potentialAction":[{"@type":"SearchAction","target":{"@type":"EntryPoint","urlTemplate":"https:\/\/alchemy-asia.com\/vi\/?s={search_term_string}"},"query-input":"required name=search_term_string"}],"inLanguage":"vi"}]}},"_links":{"self":[{"href":"https:\/\/alchemy-asia.com\/vi\/wp-json\/wp\/v2\/product\/8451","targetHints":{"allow":["GET"]}}],"collection":[{"href":"https:\/\/alchemy-asia.com\/vi\/wp-json\/wp\/v2\/product"}],"about":[{"href":"https:\/\/alchemy-asia.com\/vi\/wp-json\/wp\/v2\/types\/product"}],"replies":[{"embeddable":true,"href":"https:\/\/alchemy-asia.com\/vi\/wp-json\/wp\/v2\/comments?post=8451"}],"wp:featuredmedia":[{"embeddable":true,"href":"https:\/\/alchemy-asia.com\/vi\/wp-json\/wp\/v2\/media\/8453"}],"wp:attachment":[{"href":"https:\/\/alchemy-asia.com\/vi\/wp-json\/wp\/v2\/media?parent=8451"}],"wp:term":[{"taxonomy":"product_cat","embeddable":true,"href":"https:\/\/alchemy-asia.com\/vi\/wp-json\/wp\/v2\/product_cat?post=8451"},{"taxonomy":"product_tag","embeddable":true,"href":"https:\/\/alchemy-asia.com\/vi\/wp-json\/wp\/v2\/product_tag?post=8451"}],"curies":[{"name":"wp","href":"https:\/\/api.w.org\/{rel}","templated":true}]}}