{"id":8452,"date":"2024-09-10T08:54:53","date_gmt":"2024-09-10T08:54:53","guid":{"rendered":"https:\/\/alchemy-asia.com\/vi\/?post_type=product&#038;p=8452"},"modified":"2024-09-10T08:54:53","modified_gmt":"2024-09-10T08:54:53","slug":"lark-tasmanian-peated","status":"publish","type":"product","link":"https:\/\/alchemy-asia.com\/vi\/san-pham\/lark-tasmanian-peated\/","title":{"rendered":"Lark Tasmanian Peated"},"content":{"rendered":"","protected":false},"excerpt":{"rendered":"<p>Lark Tasmanian Peated<br \/>\nTasmanian Peated cho th\u1ea5y r\u1eb1ng n\u01a1i c\u00f3 kh\u00f3i, c\u00f3 c\u1ea3m x\u00fac. \u0110\u00e2y l\u00e0 m\u1ed9t bi\u00ean gi\u1edbi m\u1edbi, \u0111\u1ea7m l\u1ea7y than b\u00f9n ri\u00eang c\u1ee7a \u0111\u1ea3o ch\u00fang t\u00f4i v\u00e0 qu\u00e1 tr\u00ecnh hun kh\u00f3i m\u1ea1ch nha sau \u0111\u00f3, t\u1ea1o ra m\u1ed9t lo\u1ea1i whisky nh\u1eb9 nh\u00e0ng kh\u00f3i cho v\u1ecb gi\u00e1c t\u00e1o b\u1ea1o. M\u1ed9t ly whisky nh\u1eb9 nh\u00e0ng kh\u00f3i \u0111\u1ec3 kh\u01a1i d\u1eady gi\u00e1c quan, th\u00edch h\u1ee3p th\u01b0\u1edfng th\u1ee9c b\u1edfi b\u1ea5t k\u1ef3 ai, theo b\u1ea5t k\u1ef3 c\u00e1ch n\u00e0o h\u1ecd th\u00edch.<\/p>\n<p>GHI CH\u00da N\u1ebeM TH\u1eec<br \/>\nM\u1ed9t gi\u1ecdt r\u01b0\u1ee3u \u1ea5m \u00e1p tuy\u1ec7t v\u1eddi cho v\u1ecb gi\u00e1c t\u00e1o b\u1ea1o, n\u01a1i m\u00e0 than b\u00f9n \u0111\u1ea5t v\u00e0 h\u01b0\u01a1ng hoa nh\u1eb9 nh\u00e0ng \u0111\u01b0a b\u1ea1n \u0111\u1ebfn nh\u1eefng v\u00f9ng hoang d\u00e3. M\u1ed9t ly whisky nh\u1eb9 nh\u00e0ng kh\u00f3i \u0111\u1ec3 kh\u01a1i d\u1eady gi\u00e1c quan.<\/p>\n<p>H\u01af\u01a0NG<br \/>\nThan b\u00f9n \u0111\u1ea5t xen l\u1eabn v\u1edbi h\u01b0\u01a1ng hoa nh\u1eb9 nh\u00e0ng v\u00e0 h\u01a1i bi\u1ec3n.<\/p>\n<p>V\u1eca<br \/>\nH\u01b0\u01a1ng hoa c\u1ee7a than b\u00f9n ph\u00e1t tri\u1ec3n gi\u1eefa s\u00f4 c\u00f4 la \u0111en v\u00e0 v\u1ecf h\u00e0u, v\u1edbi ch\u00fat h\u01b0\u01a1ng c\u00e0 ph\u00ea v\u00e0 m\u1ee9t cam.<\/p>\n<p>K\u1ebeT TH\u00daC<br \/>\nB\u00e1nh g\u1eebng, h\u01a1i bi\u1ec3n v\u00e0 ch\u00fat tro nh\u1eb9.<\/p>\n","protected":false},"featured_media":8454,"comment_status":"open","ping_status":"closed","template":"","meta":{"_acf_changed":false},"product_cat":[122],"product_tag":[],"class_list":{"0":"post-8452","1":"product","2":"type-product","3":"status-publish","4":"has-post-thumbnail","6":"product_cat-australian-whisky","7":"brand-lark-whisky","9":"first","10":"instock","11":"shipping-taxable","12":"product-type-simple"},"acf":[],"yoast_head":"<!-- This site is optimized with the Yoast SEO plugin v23.0 - https:\/\/yoast.com\/wordpress\/plugins\/seo\/ -->\n<title>Lark Tasmanian Peated - Alchemy Asia<\/title>\n<meta name=\"robots\" content=\"index, follow, max-snippet:-1, max-image-preview:large, max-video-preview:-1\" \/>\n<link rel=\"canonical\" href=\"https:\/\/alchemy-asia.com\/vi\/san-pham\/lark-tasmanian-peated\/\" \/>\n<meta property=\"og:locale\" content=\"vi_VN\" \/>\n<meta property=\"og:type\" content=\"article\" \/>\n<meta property=\"og:title\" content=\"Lark Tasmanian Peated - Alchemy Asia\" \/>\n<meta property=\"og:description\" content=\"Lark Tasmanian Peated Tasmanian Peated cho th\u1ea5y r\u1eb1ng n\u01a1i c\u00f3 kh\u00f3i, c\u00f3 c\u1ea3m x\u00fac. \u0110\u00e2y l\u00e0 m\u1ed9t bi\u00ean gi\u1edbi m\u1edbi, \u0111\u1ea7m l\u1ea7y than b\u00f9n ri\u00eang c\u1ee7a \u0111\u1ea3o ch\u00fang t\u00f4i v\u00e0 qu\u00e1 tr\u00ecnh hun kh\u00f3i m\u1ea1ch nha sau \u0111\u00f3, t\u1ea1o ra m\u1ed9t lo\u1ea1i whisky nh\u1eb9 nh\u00e0ng kh\u00f3i cho v\u1ecb gi\u00e1c t\u00e1o b\u1ea1o. M\u1ed9t ly whisky nh\u1eb9 nh\u00e0ng kh\u00f3i \u0111\u1ec3 kh\u01a1i d\u1eady gi\u00e1c quan, th\u00edch h\u1ee3p th\u01b0\u1edfng th\u1ee9c b\u1edfi b\u1ea5t k\u1ef3 ai, theo b\u1ea5t k\u1ef3 c\u00e1ch n\u00e0o h\u1ecd th\u00edch.  GHI CH\u00da N\u1ebeM TH\u1eec M\u1ed9t gi\u1ecdt r\u01b0\u1ee3u \u1ea5m \u00e1p tuy\u1ec7t v\u1eddi cho v\u1ecb gi\u00e1c t\u00e1o b\u1ea1o, n\u01a1i m\u00e0 than b\u00f9n \u0111\u1ea5t v\u00e0 h\u01b0\u01a1ng hoa nh\u1eb9 nh\u00e0ng \u0111\u01b0a b\u1ea1n \u0111\u1ebfn nh\u1eefng v\u00f9ng hoang d\u00e3. M\u1ed9t ly whisky nh\u1eb9 nh\u00e0ng kh\u00f3i \u0111\u1ec3 kh\u01a1i d\u1eady gi\u00e1c quan.  H\u01af\u01a0NG Than b\u00f9n \u0111\u1ea5t xen l\u1eabn v\u1edbi h\u01b0\u01a1ng hoa nh\u1eb9 nh\u00e0ng v\u00e0 h\u01a1i bi\u1ec3n.  V\u1eca H\u01b0\u01a1ng hoa c\u1ee7a than b\u00f9n ph\u00e1t tri\u1ec3n gi\u1eefa s\u00f4 c\u00f4 la \u0111en v\u00e0 v\u1ecf h\u00e0u, v\u1edbi ch\u00fat h\u01b0\u01a1ng c\u00e0 ph\u00ea v\u00e0 m\u1ee9t cam.  K\u1ebeT TH\u00daC B\u00e1nh g\u1eebng, h\u01a1i bi\u1ec3n v\u00e0 ch\u00fat tro nh\u1eb9.\" \/>\n<meta property=\"og:url\" content=\"https:\/\/alchemy-asia.com\/vi\/san-pham\/lark-tasmanian-peated\/\" \/>\n<meta property=\"og:site_name\" content=\"Alchemy Asia\" \/>\n<meta property=\"og:image\" content=\"https:\/\/alchemy-asia.com\/vi\/wp-content\/uploads\/sites\/3\/2024\/07\/LARK-Tasmanian-Peated-1024x1024.png\" \/>\n\t<meta property=\"og:image:width\" content=\"1024\" \/>\n\t<meta property=\"og:image:height\" content=\"1024\" \/>\n\t<meta property=\"og:image:type\" content=\"image\/png\" \/>\n<meta name=\"twitter:card\" content=\"summary_large_image\" \/>\n<meta name=\"twitter:label1\" content=\"\u01af\u1edbc t\u00ednh th\u1eddi gian \u0111\u1ecdc\" \/>\n\t<meta name=\"twitter:data1\" content=\"1 ph\u00fat\" \/>\n<script type=\"application\/ld+json\" class=\"yoast-schema-graph\">{\"@context\":\"https:\/\/schema.org\",\"@graph\":[{\"@type\":\"WebPage\",\"@id\":\"https:\/\/alchemy-asia.com\/vi\/san-pham\/lark-tasmanian-peated\/\",\"url\":\"https:\/\/alchemy-asia.com\/vi\/san-pham\/lark-tasmanian-peated\/\",\"name\":\"Lark Tasmanian Peated - Alchemy Asia\",\"isPartOf\":{\"@id\":\"https:\/\/alchemy-asia.com\/vi\/#website\"},\"primaryImageOfPage\":{\"@id\":\"https:\/\/alchemy-asia.com\/vi\/san-pham\/lark-tasmanian-peated\/#primaryimage\"},\"image\":{\"@id\":\"https:\/\/alchemy-asia.com\/vi\/san-pham\/lark-tasmanian-peated\/#primaryimage\"},\"thumbnailUrl\":\"https:\/\/alchemy-asia.com\/vi\/wp-content\/uploads\/sites\/3\/2024\/07\/LARK-Tasmanian-Peated.png\",\"datePublished\":\"2024-09-10T08:54:53+00:00\",\"dateModified\":\"2024-09-10T08:54:53+00:00\",\"breadcrumb\":{\"@id\":\"https:\/\/alchemy-asia.com\/vi\/san-pham\/lark-tasmanian-peated\/#breadcrumb\"},\"inLanguage\":\"vi\",\"potentialAction\":[{\"@type\":\"ReadAction\",\"target\":[\"https:\/\/alchemy-asia.com\/vi\/san-pham\/lark-tasmanian-peated\/\"]}]},{\"@type\":\"ImageObject\",\"inLanguage\":\"vi\",\"@id\":\"https:\/\/alchemy-asia.com\/vi\/san-pham\/lark-tasmanian-peated\/#primaryimage\",\"url\":\"https:\/\/alchemy-asia.com\/vi\/wp-content\/uploads\/sites\/3\/2024\/07\/LARK-Tasmanian-Peated.png\",\"contentUrl\":\"https:\/\/alchemy-asia.com\/vi\/wp-content\/uploads\/sites\/3\/2024\/07\/LARK-Tasmanian-Peated.png\",\"width\":5804,\"height\":5803,\"caption\":\"Lark Tasmanian Peated\"},{\"@type\":\"BreadcrumbList\",\"@id\":\"https:\/\/alchemy-asia.com\/vi\/san-pham\/lark-tasmanian-peated\/#breadcrumb\",\"itemListElement\":[{\"@type\":\"ListItem\",\"position\":1,\"name\":\"Home\",\"item\":\"https:\/\/alchemy-asia.com\/vi\/\"},{\"@type\":\"ListItem\",\"position\":2,\"name\":\"Lark Tasmanian Peated\"}]},{\"@type\":\"WebSite\",\"@id\":\"https:\/\/alchemy-asia.com\/vi\/#website\",\"url\":\"https:\/\/alchemy-asia.com\/vi\/\",\"name\":\"Alchemy Asia\",\"description\":\"Just another Alchemy Asia Sites site\",\"potentialAction\":[{\"@type\":\"SearchAction\",\"target\":{\"@type\":\"EntryPoint\",\"urlTemplate\":\"https:\/\/alchemy-asia.com\/vi\/?s={search_term_string}\"},\"query-input\":\"required name=search_term_string\"}],\"inLanguage\":\"vi\"}]}<\/script>\n<!-- \/ Yoast SEO plugin. -->","yoast_head_json":{"title":"Lark Tasmanian Peated - Alchemy Asia","robots":{"index":"index","follow":"follow","max-snippet":"max-snippet:-1","max-image-preview":"max-image-preview:large","max-video-preview":"max-video-preview:-1"},"canonical":"https:\/\/alchemy-asia.com\/vi\/san-pham\/lark-tasmanian-peated\/","og_locale":"vi_VN","og_type":"article","og_title":"Lark Tasmanian Peated - Alchemy Asia","og_description":"Lark Tasmanian Peated Tasmanian Peated cho th\u1ea5y r\u1eb1ng n\u01a1i c\u00f3 kh\u00f3i, c\u00f3 c\u1ea3m x\u00fac. \u0110\u00e2y l\u00e0 m\u1ed9t bi\u00ean gi\u1edbi m\u1edbi, \u0111\u1ea7m l\u1ea7y than b\u00f9n ri\u00eang c\u1ee7a \u0111\u1ea3o ch\u00fang t\u00f4i v\u00e0 qu\u00e1 tr\u00ecnh hun kh\u00f3i m\u1ea1ch nha sau \u0111\u00f3, t\u1ea1o ra m\u1ed9t lo\u1ea1i whisky nh\u1eb9 nh\u00e0ng kh\u00f3i cho v\u1ecb gi\u00e1c t\u00e1o b\u1ea1o. M\u1ed9t ly whisky nh\u1eb9 nh\u00e0ng kh\u00f3i \u0111\u1ec3 kh\u01a1i d\u1eady gi\u00e1c quan, th\u00edch h\u1ee3p th\u01b0\u1edfng th\u1ee9c b\u1edfi b\u1ea5t k\u1ef3 ai, theo b\u1ea5t k\u1ef3 c\u00e1ch n\u00e0o h\u1ecd th\u00edch.  GHI CH\u00da N\u1ebeM TH\u1eec M\u1ed9t gi\u1ecdt r\u01b0\u1ee3u \u1ea5m \u00e1p tuy\u1ec7t v\u1eddi cho v\u1ecb gi\u00e1c t\u00e1o b\u1ea1o, n\u01a1i m\u00e0 than b\u00f9n \u0111\u1ea5t v\u00e0 h\u01b0\u01a1ng hoa nh\u1eb9 nh\u00e0ng \u0111\u01b0a b\u1ea1n \u0111\u1ebfn nh\u1eefng v\u00f9ng hoang d\u00e3. M\u1ed9t ly whisky nh\u1eb9 nh\u00e0ng kh\u00f3i \u0111\u1ec3 kh\u01a1i d\u1eady gi\u00e1c quan.  H\u01af\u01a0NG Than b\u00f9n \u0111\u1ea5t xen l\u1eabn v\u1edbi h\u01b0\u01a1ng hoa nh\u1eb9 nh\u00e0ng v\u00e0 h\u01a1i bi\u1ec3n.  V\u1eca H\u01b0\u01a1ng hoa c\u1ee7a than b\u00f9n ph\u00e1t tri\u1ec3n gi\u1eefa s\u00f4 c\u00f4 la \u0111en v\u00e0 v\u1ecf h\u00e0u, v\u1edbi ch\u00fat h\u01b0\u01a1ng c\u00e0 ph\u00ea v\u00e0 m\u1ee9t cam.  K\u1ebeT TH\u00daC B\u00e1nh g\u1eebng, h\u01a1i bi\u1ec3n v\u00e0 ch\u00fat tro nh\u1eb9.","og_url":"https:\/\/alchemy-asia.com\/vi\/san-pham\/lark-tasmanian-peated\/","og_site_name":"Alchemy Asia","og_image":[{"width":1024,"height":1024,"url":"https:\/\/alchemy-asia.com\/vi\/wp-content\/uploads\/sites\/3\/2024\/07\/LARK-Tasmanian-Peated-1024x1024.png","type":"image\/png"}],"twitter_card":"summary_large_image","twitter_misc":{"\u01af\u1edbc t\u00ednh th\u1eddi gian \u0111\u1ecdc":"1 ph\u00fat"},"schema":{"@context":"https:\/\/schema.org","@graph":[{"@type":"WebPage","@id":"https:\/\/alchemy-asia.com\/vi\/san-pham\/lark-tasmanian-peated\/","url":"https:\/\/alchemy-asia.com\/vi\/san-pham\/lark-tasmanian-peated\/","name":"Lark Tasmanian Peated - Alchemy Asia","isPartOf":{"@id":"https:\/\/alchemy-asia.com\/vi\/#website"},"primaryImageOfPage":{"@id":"https:\/\/alchemy-asia.com\/vi\/san-pham\/lark-tasmanian-peated\/#primaryimage"},"image":{"@id":"https:\/\/alchemy-asia.com\/vi\/san-pham\/lark-tasmanian-peated\/#primaryimage"},"thumbnailUrl":"https:\/\/alchemy-asia.com\/vi\/wp-content\/uploads\/sites\/3\/2024\/07\/LARK-Tasmanian-Peated.png","datePublished":"2024-09-10T08:54:53+00:00","dateModified":"2024-09-10T08:54:53+00:00","breadcrumb":{"@id":"https:\/\/alchemy-asia.com\/vi\/san-pham\/lark-tasmanian-peated\/#breadcrumb"},"inLanguage":"vi","potentialAction":[{"@type":"ReadAction","target":["https:\/\/alchemy-asia.com\/vi\/san-pham\/lark-tasmanian-peated\/"]}]},{"@type":"ImageObject","inLanguage":"vi","@id":"https:\/\/alchemy-asia.com\/vi\/san-pham\/lark-tasmanian-peated\/#primaryimage","url":"https:\/\/alchemy-asia.com\/vi\/wp-content\/uploads\/sites\/3\/2024\/07\/LARK-Tasmanian-Peated.png","contentUrl":"https:\/\/alchemy-asia.com\/vi\/wp-content\/uploads\/sites\/3\/2024\/07\/LARK-Tasmanian-Peated.png","width":5804,"height":5803,"caption":"Lark Tasmanian Peated"},{"@type":"BreadcrumbList","@id":"https:\/\/alchemy-asia.com\/vi\/san-pham\/lark-tasmanian-peated\/#breadcrumb","itemListElement":[{"@type":"ListItem","position":1,"name":"Home","item":"https:\/\/alchemy-asia.com\/vi\/"},{"@type":"ListItem","position":2,"name":"Lark Tasmanian Peated"}]},{"@type":"WebSite","@id":"https:\/\/alchemy-asia.com\/vi\/#website","url":"https:\/\/alchemy-asia.com\/vi\/","name":"Alchemy Asia","description":"Just another Alchemy Asia Sites site","potentialAction":[{"@type":"SearchAction","target":{"@type":"EntryPoint","urlTemplate":"https:\/\/alchemy-asia.com\/vi\/?s={search_term_string}"},"query-input":"required name=search_term_string"}],"inLanguage":"vi"}]}},"_links":{"self":[{"href":"https:\/\/alchemy-asia.com\/vi\/wp-json\/wp\/v2\/product\/8452","targetHints":{"allow":["GET"]}}],"collection":[{"href":"https:\/\/alchemy-asia.com\/vi\/wp-json\/wp\/v2\/product"}],"about":[{"href":"https:\/\/alchemy-asia.com\/vi\/wp-json\/wp\/v2\/types\/product"}],"replies":[{"embeddable":true,"href":"https:\/\/alchemy-asia.com\/vi\/wp-json\/wp\/v2\/comments?post=8452"}],"wp:featuredmedia":[{"embeddable":true,"href":"https:\/\/alchemy-asia.com\/vi\/wp-json\/wp\/v2\/media\/8454"}],"wp:attachment":[{"href":"https:\/\/alchemy-asia.com\/vi\/wp-json\/wp\/v2\/media?parent=8452"}],"wp:term":[{"taxonomy":"product_cat","embeddable":true,"href":"https:\/\/alchemy-asia.com\/vi\/wp-json\/wp\/v2\/product_cat?post=8452"},{"taxonomy":"product_tag","embeddable":true,"href":"https:\/\/alchemy-asia.com\/vi\/wp-json\/wp\/v2\/product_tag?post=8452"}],"curies":[{"name":"wp","href":"https:\/\/api.w.org\/{rel}","templated":true}]}}