{"id":8455,"date":"2024-09-10T08:54:51","date_gmt":"2024-09-10T08:54:51","guid":{"rendered":"https:\/\/alchemy-asia.com\/vi\/?post_type=product&#038;p=8455"},"modified":"2024-09-10T08:54:51","modified_gmt":"2024-09-10T08:54:51","slug":"maestro-dobel-50-cristalino-tequila","status":"publish","type":"product","link":"https:\/\/alchemy-asia.com\/vi\/san-pham\/maestro-dobel-50-cristalino-tequila\/","title":{"rendered":"Maestro Dobel 50 Cristalino Tequila"},"content":{"rendered":"","protected":false},"excerpt":{"rendered":"<p>Maestro Dobel 50 Cristalino l\u00e0 lo\u1ea1i r\u01b0\u1ee3u \u0111\u01b0\u1ee3c l\u00e0m th\u1ee7 c\u00f4ng t\u1ea1i nh\u1eefng<br \/>\nv\u00f9ng \u0111\u1ed3ng b\u1eb1ng \u1edf Jalisco, Mexico, s\u1eed d\u1ee5ng 100% th\u00f9a gai Blue Weber \u0111\u01b0\u1ee3c tr\u1ed3ng v\u00e0 thu ho\u1ea1ch duy nh\u1ea5t t\u1ea1i m\u1ed9t trang tr\u1ea1i gia \u0111\u00ecnh .R\u01b0\u1ee3u \u0111\u01b0\u1ee3c \u1ee7 trong<br \/>\nth\u00f9ng g\u1ed7 s\u1ed3i M\u1ef9 v\u00e0 \u0110\u00f4ng \u00c2u trong kho\u1ea3ng th\u1eddi gian t\u1ed1i thi\u1ec3u 3 n\u0103m.<\/p>\n","protected":false},"featured_media":8458,"comment_status":"open","ping_status":"closed","template":"","meta":{"_acf_changed":false},"product_cat":[60],"product_tag":[],"class_list":{"0":"post-8455","1":"product","2":"type-product","3":"status-publish","4":"has-post-thumbnail","6":"product_cat-tequila","7":"brand-maestro-dobel","9":"first","10":"instock","11":"shipping-taxable","12":"product-type-simple"},"acf":[],"yoast_head":"<!-- This site is optimized with the Yoast SEO plugin v23.0 - https:\/\/yoast.com\/wordpress\/plugins\/seo\/ -->\n<title>Maestro Dobel 50 Cristalino Tequila - Alchemy Asia<\/title>\n<meta name=\"robots\" content=\"index, follow, max-snippet:-1, max-image-preview:large, max-video-preview:-1\" \/>\n<link rel=\"canonical\" href=\"https:\/\/alchemy-asia.com\/vi\/san-pham\/maestro-dobel-50-cristalino-tequila\/\" \/>\n<meta property=\"og:locale\" content=\"vi_VN\" \/>\n<meta property=\"og:type\" content=\"article\" \/>\n<meta property=\"og:title\" content=\"Maestro Dobel 50 Cristalino Tequila - Alchemy Asia\" \/>\n<meta property=\"og:description\" content=\"Maestro Dobel 50 Cristalino l\u00e0 lo\u1ea1i r\u01b0\u1ee3u \u0111\u01b0\u1ee3c l\u00e0m th\u1ee7 c\u00f4ng t\u1ea1i nh\u1eefng v\u00f9ng \u0111\u1ed3ng b\u1eb1ng \u1edf Jalisco, Mexico, s\u1eed d\u1ee5ng 100% th\u00f9a gai Blue Weber \u0111\u01b0\u1ee3c tr\u1ed3ng v\u00e0 thu ho\u1ea1ch duy nh\u1ea5t t\u1ea1i m\u1ed9t trang tr\u1ea1i gia \u0111\u00ecnh .R\u01b0\u1ee3u \u0111\u01b0\u1ee3c \u1ee7 trong th\u00f9ng g\u1ed7 s\u1ed3i M\u1ef9 v\u00e0 \u0110\u00f4ng \u00c2u trong kho\u1ea3ng th\u1eddi gian t\u1ed1i thi\u1ec3u 3 n\u0103m.\" \/>\n<meta property=\"og:url\" content=\"https:\/\/alchemy-asia.com\/vi\/san-pham\/maestro-dobel-50-cristalino-tequila\/\" \/>\n<meta property=\"og:site_name\" content=\"Alchemy Asia\" \/>\n<meta property=\"og:image\" content=\"https:\/\/alchemy-asia.com\/vi\/wp-content\/uploads\/sites\/3\/2024\/07\/BOTELLA-DOBEL-50-CRISTALINO-W-1024x1024-1.png\" \/>\n\t<meta property=\"og:image:width\" content=\"1024\" \/>\n\t<meta property=\"og:image:height\" content=\"1024\" \/>\n\t<meta property=\"og:image:type\" content=\"image\/png\" \/>\n<meta name=\"twitter:card\" content=\"summary_large_image\" \/>\n<meta name=\"twitter:label1\" content=\"\u01af\u1edbc t\u00ednh th\u1eddi gian \u0111\u1ecdc\" \/>\n\t<meta name=\"twitter:data1\" content=\"1 ph\u00fat\" \/>\n<script type=\"application\/ld+json\" class=\"yoast-schema-graph\">{\"@context\":\"https:\/\/schema.org\",\"@graph\":[{\"@type\":\"WebPage\",\"@id\":\"https:\/\/alchemy-asia.com\/vi\/san-pham\/maestro-dobel-50-cristalino-tequila\/\",\"url\":\"https:\/\/alchemy-asia.com\/vi\/san-pham\/maestro-dobel-50-cristalino-tequila\/\",\"name\":\"Maestro Dobel 50 Cristalino Tequila - Alchemy Asia\",\"isPartOf\":{\"@id\":\"https:\/\/alchemy-asia.com\/vi\/#website\"},\"primaryImageOfPage\":{\"@id\":\"https:\/\/alchemy-asia.com\/vi\/san-pham\/maestro-dobel-50-cristalino-tequila\/#primaryimage\"},\"image\":{\"@id\":\"https:\/\/alchemy-asia.com\/vi\/san-pham\/maestro-dobel-50-cristalino-tequila\/#primaryimage\"},\"thumbnailUrl\":\"https:\/\/alchemy-asia.com\/vi\/wp-content\/uploads\/sites\/3\/2024\/07\/BOTELLA-DOBEL-50-CRISTALINO-W-1024x1024-1.png\",\"datePublished\":\"2024-09-10T08:54:51+00:00\",\"dateModified\":\"2024-09-10T08:54:51+00:00\",\"breadcrumb\":{\"@id\":\"https:\/\/alchemy-asia.com\/vi\/san-pham\/maestro-dobel-50-cristalino-tequila\/#breadcrumb\"},\"inLanguage\":\"vi\",\"potentialAction\":[{\"@type\":\"ReadAction\",\"target\":[\"https:\/\/alchemy-asia.com\/vi\/san-pham\/maestro-dobel-50-cristalino-tequila\/\"]}]},{\"@type\":\"ImageObject\",\"inLanguage\":\"vi\",\"@id\":\"https:\/\/alchemy-asia.com\/vi\/san-pham\/maestro-dobel-50-cristalino-tequila\/#primaryimage\",\"url\":\"https:\/\/alchemy-asia.com\/vi\/wp-content\/uploads\/sites\/3\/2024\/07\/BOTELLA-DOBEL-50-CRISTALINO-W-1024x1024-1.png\",\"contentUrl\":\"https:\/\/alchemy-asia.com\/vi\/wp-content\/uploads\/sites\/3\/2024\/07\/BOTELLA-DOBEL-50-CRISTALINO-W-1024x1024-1.png\",\"width\":1024,\"height\":1024,\"caption\":\"Maestro Dobel 50 Cristalino Tequila\"},{\"@type\":\"BreadcrumbList\",\"@id\":\"https:\/\/alchemy-asia.com\/vi\/san-pham\/maestro-dobel-50-cristalino-tequila\/#breadcrumb\",\"itemListElement\":[{\"@type\":\"ListItem\",\"position\":1,\"name\":\"Home\",\"item\":\"https:\/\/alchemy-asia.com\/vi\/\"},{\"@type\":\"ListItem\",\"position\":2,\"name\":\"Maestro Dobel 50 Cristalino Tequila\"}]},{\"@type\":\"WebSite\",\"@id\":\"https:\/\/alchemy-asia.com\/vi\/#website\",\"url\":\"https:\/\/alchemy-asia.com\/vi\/\",\"name\":\"Alchemy Asia\",\"description\":\"Just another Alchemy Asia Sites site\",\"potentialAction\":[{\"@type\":\"SearchAction\",\"target\":{\"@type\":\"EntryPoint\",\"urlTemplate\":\"https:\/\/alchemy-asia.com\/vi\/?s={search_term_string}\"},\"query-input\":\"required name=search_term_string\"}],\"inLanguage\":\"vi\"}]}<\/script>\n<!-- \/ Yoast SEO plugin. -->","yoast_head_json":{"title":"Maestro Dobel 50 Cristalino Tequila - Alchemy Asia","robots":{"index":"index","follow":"follow","max-snippet":"max-snippet:-1","max-image-preview":"max-image-preview:large","max-video-preview":"max-video-preview:-1"},"canonical":"https:\/\/alchemy-asia.com\/vi\/san-pham\/maestro-dobel-50-cristalino-tequila\/","og_locale":"vi_VN","og_type":"article","og_title":"Maestro Dobel 50 Cristalino Tequila - Alchemy Asia","og_description":"Maestro Dobel 50 Cristalino l\u00e0 lo\u1ea1i r\u01b0\u1ee3u \u0111\u01b0\u1ee3c l\u00e0m th\u1ee7 c\u00f4ng t\u1ea1i nh\u1eefng v\u00f9ng \u0111\u1ed3ng b\u1eb1ng \u1edf Jalisco, Mexico, s\u1eed d\u1ee5ng 100% th\u00f9a gai Blue Weber \u0111\u01b0\u1ee3c tr\u1ed3ng v\u00e0 thu ho\u1ea1ch duy nh\u1ea5t t\u1ea1i m\u1ed9t trang tr\u1ea1i gia \u0111\u00ecnh .R\u01b0\u1ee3u \u0111\u01b0\u1ee3c \u1ee7 trong th\u00f9ng g\u1ed7 s\u1ed3i M\u1ef9 v\u00e0 \u0110\u00f4ng \u00c2u trong kho\u1ea3ng th\u1eddi gian t\u1ed1i thi\u1ec3u 3 n\u0103m.","og_url":"https:\/\/alchemy-asia.com\/vi\/san-pham\/maestro-dobel-50-cristalino-tequila\/","og_site_name":"Alchemy Asia","og_image":[{"width":1024,"height":1024,"url":"https:\/\/alchemy-asia.com\/vi\/wp-content\/uploads\/sites\/3\/2024\/07\/BOTELLA-DOBEL-50-CRISTALINO-W-1024x1024-1.png","type":"image\/png"}],"twitter_card":"summary_large_image","twitter_misc":{"\u01af\u1edbc t\u00ednh th\u1eddi gian \u0111\u1ecdc":"1 ph\u00fat"},"schema":{"@context":"https:\/\/schema.org","@graph":[{"@type":"WebPage","@id":"https:\/\/alchemy-asia.com\/vi\/san-pham\/maestro-dobel-50-cristalino-tequila\/","url":"https:\/\/alchemy-asia.com\/vi\/san-pham\/maestro-dobel-50-cristalino-tequila\/","name":"Maestro Dobel 50 Cristalino Tequila - Alchemy Asia","isPartOf":{"@id":"https:\/\/alchemy-asia.com\/vi\/#website"},"primaryImageOfPage":{"@id":"https:\/\/alchemy-asia.com\/vi\/san-pham\/maestro-dobel-50-cristalino-tequila\/#primaryimage"},"image":{"@id":"https:\/\/alchemy-asia.com\/vi\/san-pham\/maestro-dobel-50-cristalino-tequila\/#primaryimage"},"thumbnailUrl":"https:\/\/alchemy-asia.com\/vi\/wp-content\/uploads\/sites\/3\/2024\/07\/BOTELLA-DOBEL-50-CRISTALINO-W-1024x1024-1.png","datePublished":"2024-09-10T08:54:51+00:00","dateModified":"2024-09-10T08:54:51+00:00","breadcrumb":{"@id":"https:\/\/alchemy-asia.com\/vi\/san-pham\/maestro-dobel-50-cristalino-tequila\/#breadcrumb"},"inLanguage":"vi","potentialAction":[{"@type":"ReadAction","target":["https:\/\/alchemy-asia.com\/vi\/san-pham\/maestro-dobel-50-cristalino-tequila\/"]}]},{"@type":"ImageObject","inLanguage":"vi","@id":"https:\/\/alchemy-asia.com\/vi\/san-pham\/maestro-dobel-50-cristalino-tequila\/#primaryimage","url":"https:\/\/alchemy-asia.com\/vi\/wp-content\/uploads\/sites\/3\/2024\/07\/BOTELLA-DOBEL-50-CRISTALINO-W-1024x1024-1.png","contentUrl":"https:\/\/alchemy-asia.com\/vi\/wp-content\/uploads\/sites\/3\/2024\/07\/BOTELLA-DOBEL-50-CRISTALINO-W-1024x1024-1.png","width":1024,"height":1024,"caption":"Maestro Dobel 50 Cristalino Tequila"},{"@type":"BreadcrumbList","@id":"https:\/\/alchemy-asia.com\/vi\/san-pham\/maestro-dobel-50-cristalino-tequila\/#breadcrumb","itemListElement":[{"@type":"ListItem","position":1,"name":"Home","item":"https:\/\/alchemy-asia.com\/vi\/"},{"@type":"ListItem","position":2,"name":"Maestro Dobel 50 Cristalino Tequila"}]},{"@type":"WebSite","@id":"https:\/\/alchemy-asia.com\/vi\/#website","url":"https:\/\/alchemy-asia.com\/vi\/","name":"Alchemy Asia","description":"Just another Alchemy Asia Sites site","potentialAction":[{"@type":"SearchAction","target":{"@type":"EntryPoint","urlTemplate":"https:\/\/alchemy-asia.com\/vi\/?s={search_term_string}"},"query-input":"required name=search_term_string"}],"inLanguage":"vi"}]}},"_links":{"self":[{"href":"https:\/\/alchemy-asia.com\/vi\/wp-json\/wp\/v2\/product\/8455","targetHints":{"allow":["GET"]}}],"collection":[{"href":"https:\/\/alchemy-asia.com\/vi\/wp-json\/wp\/v2\/product"}],"about":[{"href":"https:\/\/alchemy-asia.com\/vi\/wp-json\/wp\/v2\/types\/product"}],"replies":[{"embeddable":true,"href":"https:\/\/alchemy-asia.com\/vi\/wp-json\/wp\/v2\/comments?post=8455"}],"wp:featuredmedia":[{"embeddable":true,"href":"https:\/\/alchemy-asia.com\/vi\/wp-json\/wp\/v2\/media\/8458"}],"wp:attachment":[{"href":"https:\/\/alchemy-asia.com\/vi\/wp-json\/wp\/v2\/media?parent=8455"}],"wp:term":[{"taxonomy":"product_cat","embeddable":true,"href":"https:\/\/alchemy-asia.com\/vi\/wp-json\/wp\/v2\/product_cat?post=8455"},{"taxonomy":"product_tag","embeddable":true,"href":"https:\/\/alchemy-asia.com\/vi\/wp-json\/wp\/v2\/product_tag?post=8455"}],"curies":[{"name":"wp","href":"https:\/\/api.w.org\/{rel}","templated":true}]}}