{"id":8456,"date":"2024-09-10T08:33:56","date_gmt":"2024-09-10T08:33:56","guid":{"rendered":"https:\/\/alchemy-asia.com\/vi\/?post_type=product&#038;p=8456"},"modified":"2024-09-10T08:33:56","modified_gmt":"2024-09-10T08:33:56","slug":"bruichladdich-octomore-14-1-whisky","status":"publish","type":"product","link":"https:\/\/alchemy-asia.com\/vi\/san-pham\/bruichladdich-octomore-14-1-whisky\/","title":{"rendered":"Bruichladdich Octomore 14.1 Whisky"},"content":{"rendered":"","protected":false},"excerpt":{"rendered":"<p><span data-sheets-root=\"1\" data-sheets-value=\"{&quot;1&quot;:2,&quot;2&quot;:&quot;M\u00c0U S\u1eaeC\\n\u00c1nh n\u00e2u nh\u1ea1t\\n\\nH\u01af\u01a0NG TH\u01a0M\\nH\u01b0\u01a1ng vani, h\u01b0\u01a1ng kh\u00f3i, caramel ng\u1ecdt v\u00e0 m\u1ed9t ch\u00fat h\u01b0\u01a1ng toffee thoang tho\u1ea3ng tr\u00ean m\u0169i, v\u1edbi kh\u00f3i than c\u1ee7i \u0111en k\u00e8m theo d\u1eeba nh\u1eb9 nh\u00e0ng v\u00e0 h\u1ea1t h\u1ea1nh nh\u00e2n v\u1ee5n. Kh\u00f4ng th\u1ec3 nh\u1ea7m l\u1eabn h\u01b0\u01a1ng kh\u00f3i \u0111\u1ea5t \u0111\u1eb7c tr\u01b0ng v\u00e0 m\u1ed9t ch\u00fat v\u1ecf cam, v\u1edbi b\u00e1nh meringue chanh k\u00e8m th\u1ecbt l\u1ee3n n\u01b0\u1edbng gia v\u1ecb.\\n\\nH\u01af\u01a0NG V\u1eca\\nH\u01b0\u01a1ng v\u1ecb t\u01b0\u01a1i s\u00e1ng c\u1ee7a chanh, kh\u00f3i v\u00e0 m\u1ed9t s\u1ef1 kho\u00e1ng ch\u1ea5t \u0111\u1ed9c \u0111\u00e1o xu\u1ea5t hi\u1ec7n tr\u00ean v\u00f2m mi\u1ec7ng, ti\u1ebfp theo l\u00e0 g\u1ed7 s\u1ed3i nung ch\u00e1y v\u00e0 than c\u1ecf th\u1ea1ch nam. Caramel v\u00e0 kem vani \u0111\u01b0\u1ee3c c\u00e2n b\u1eb1ng v\u1edbi h\u01b0\u01a1ng kh\u00f3i \u0111\u1ea5t \u0111\u1eb7c tr\u01b0ng, v\u1edbi nh\u1eefng n\u1ed1t s\u00e1ng c\u1ee7a l\u00ea, v\u1ecb kem m\u1ee9t v\u00e0 t\u00e1o xanh c\u00f9ng m\u1ed9t l\u00fac l\u00e0m t\u0103ng s\u1ef1 t\u01b0\u01a1i m\u00e1t v\u00e0 c\u00f3 chi\u1ec1u s\u00e2u. C\u00e0 ph\u00ea rang, th\u00eam m\u1ed9t ch\u00fat h\u1ea1t ti\u00eau v\u00e0 qu\u1ebf b\u1eaft \u0111\u1ea7u n\u1ed5i l\u00ean, v\u1edbi ch\u00fat nh\u1eb9 nh\u00e0ng c\u1ee7a m\u1eadt ong c\u00e2y hoa.\\n\\nH\u1eacU V\u1eca\\nB\u00e1nh k\u1eb9o b\u01a1 v\u00e0 vani \u0111\u01b0\u1ee3c c\u00e2n b\u1eb1ng v\u1edbi h\u01b0\u01a1ng kh\u00f3i than c\u1ee7i \u0111\u1ea5t \u0111\u1eb7c tr\u01b0ng c\u1ee7a Octomore v\u00e0 m\u1ed9t ch\u00fat mu\u1ed1i phun, v\u1edbi c\u1ecf th\u1ea1ch nham \u0111\u1ed1t ch\u00e1y v\u00e0 hoa gorse.\\n&quot;}\" data-sheets-userformat=\"{&quot;2&quot;:15359,&quot;3&quot;:{&quot;1&quot;:0},&quot;4&quot;:{&quot;1&quot;:2,&quot;2&quot;:16777215},&quot;5&quot;:{&quot;1&quot;:[{&quot;1&quot;:2,&quot;2&quot;:0,&quot;5&quot;:{&quot;1&quot;:2,&quot;2&quot;:0}},{&quot;1&quot;:0,&quot;2&quot;:0,&quot;3&quot;:3},{&quot;1&quot;:1,&quot;2&quot;:0,&quot;4&quot;:1}]},&quot;6&quot;:{&quot;1&quot;:[{&quot;1&quot;:2,&quot;2&quot;:0,&quot;5&quot;:{&quot;1&quot;:2,&quot;2&quot;:0}},{&quot;1&quot;:0,&quot;2&quot;:0,&quot;3&quot;:3},{&quot;1&quot;:1,&quot;2&quot;:0,&quot;4&quot;:1}]},&quot;7&quot;:{&quot;1&quot;:[{&quot;1&quot;:2,&quot;2&quot;:0,&quot;5&quot;:{&quot;1&quot;:2,&quot;2&quot;:0}},{&quot;1&quot;:0,&quot;2&quot;:0,&quot;3&quot;:3},{&quot;1&quot;:1,&quot;2&quot;:0,&quot;4&quot;:1}]},&quot;8&quot;:{&quot;1&quot;:[{&quot;1&quot;:2,&quot;2&quot;:0,&quot;5&quot;:{&quot;1&quot;:2,&quot;2&quot;:0}},{&quot;1&quot;:0,&quot;2&quot;:0,&quot;3&quot;:3},{&quot;1&quot;:1,&quot;2&quot;:0,&quot;4&quot;:1}]},&quot;9&quot;:0,&quot;10&quot;:1,&quot;11&quot;:4,&quot;12&quot;:0,&quot;14&quot;:{&quot;1&quot;:2,&quot;2&quot;:0},&quot;15&quot;:&quot;Arial&quot;,&quot;16&quot;:11}\" data-sheets-textstyleruns=\"{&quot;1&quot;:0,&quot;2&quot;:{&quot;5&quot;:1}}\uee10{&quot;1&quot;:7}\uee10{&quot;1&quot;:21,&quot;2&quot;:{&quot;5&quot;:1}}\uee10{&quot;1&quot;:32}\uee10{&quot;1&quot;:301,&quot;2&quot;:{&quot;5&quot;:1}}\uee10{&quot;1&quot;:310}\uee10{&quot;1&quot;:720,&quot;2&quot;:{&quot;5&quot;:1}}\uee10{&quot;1&quot;:726}\">M\u00c0U S\u1eaeC<br \/>\n\u00c1nh n\u00e2u nh\u1ea1t<\/span><\/p>\n<p>H\u01af\u01a0NG TH\u01a0M<br \/>\nH\u01b0\u01a1ng vani, h\u01b0\u01a1ng kh\u00f3i, caramel ng\u1ecdt v\u00e0 m\u1ed9t ch\u00fat h\u01b0\u01a1ng toffee thoang tho\u1ea3ng tr\u00ean m\u0169i, v\u1edbi kh\u00f3i than c\u1ee7i \u0111en k\u00e8m theo d\u1eeba nh\u1eb9 nh\u00e0ng v\u00e0 h\u1ea1t h\u1ea1nh nh\u00e2n v\u1ee5n. Kh\u00f4ng th\u1ec3 nh\u1ea7m l\u1eabn h\u01b0\u01a1ng kh\u00f3i \u0111\u1ea5t \u0111\u1eb7c tr\u01b0ng v\u00e0 m\u1ed9t ch\u00fat v\u1ecf cam, v\u1edbi b\u00e1nh meringue chanh k\u00e8m th\u1ecbt l\u1ee3n n\u01b0\u1edbng gia v\u1ecb.<\/p>\n<p>H\u01af\u01a0NG V\u1eca<br \/>\nH\u01b0\u01a1ng v\u1ecb t\u01b0\u01a1i s\u00e1ng c\u1ee7a chanh, kh\u00f3i v\u00e0 m\u1ed9t s\u1ef1 kho\u00e1ng ch\u1ea5t \u0111\u1ed9c \u0111\u00e1o xu\u1ea5t hi\u1ec7n tr\u00ean v\u00f2m mi\u1ec7ng, ti\u1ebfp theo l\u00e0 g\u1ed7 s\u1ed3i nung ch\u00e1y v\u00e0 than c\u1ecf th\u1ea1ch nam. Caramel v\u00e0 kem vani \u0111\u01b0\u1ee3c c\u00e2n b\u1eb1ng v\u1edbi h\u01b0\u01a1ng kh\u00f3i \u0111\u1ea5t \u0111\u1eb7c tr\u01b0ng, v\u1edbi nh\u1eefng n\u1ed1t s\u00e1ng c\u1ee7a l\u00ea, v\u1ecb kem m\u1ee9t v\u00e0 t\u00e1o xanh c\u00f9ng m\u1ed9t l\u00fac l\u00e0m t\u0103ng s\u1ef1 t\u01b0\u01a1i m\u00e1t v\u00e0 c\u00f3 chi\u1ec1u s\u00e2u. C\u00e0 ph\u00ea rang, th\u00eam m\u1ed9t ch\u00fat h\u1ea1t ti\u00eau v\u00e0 qu\u1ebf b\u1eaft \u0111\u1ea7u n\u1ed5i l\u00ean, v\u1edbi ch\u00fat nh\u1eb9 nh\u00e0ng c\u1ee7a m\u1eadt ong c\u00e2y hoa.<\/p>\n<p>H\u1eacU V\u1eca<br \/>\nB\u00e1nh k\u1eb9o b\u01a1 v\u00e0 vani \u0111\u01b0\u1ee3c c\u00e2n b\u1eb1ng v\u1edbi h\u01b0\u01a1ng kh\u00f3i than c\u1ee7i \u0111\u1ea5t \u0111\u1eb7c tr\u01b0ng c\u1ee7a Octomore v\u00e0 m\u1ed9t ch\u00fat mu\u1ed1i phun, v\u1edbi c\u1ecf th\u1ea1ch nham \u0111\u1ed1t ch\u00e1y v\u00e0 hoa gorse.<\/p>\n","protected":false},"featured_media":8457,"comment_status":"open","ping_status":"closed","template":"","meta":{"_acf_changed":false},"product_cat":[58],"product_tag":[],"class_list":{"0":"post-8456","1":"product","2":"type-product","3":"status-publish","4":"has-post-thumbnail","6":"product_cat-scotch-whisky-single-malt","7":"brand-octomore","8":"brand-bruichladdich","10":"first","11":"instock","12":"shipping-taxable","13":"product-type-simple"},"acf":[],"yoast_head":"<!-- This site is optimized with the Yoast SEO plugin v23.0 - https:\/\/yoast.com\/wordpress\/plugins\/seo\/ -->\n<title>Bruichladdich Octomore 14.1 Whisky - Alchemy Asia<\/title>\n<meta name=\"robots\" content=\"index, follow, max-snippet:-1, max-image-preview:large, max-video-preview:-1\" \/>\n<link rel=\"canonical\" href=\"https:\/\/alchemy-asia.com\/vi\/san-pham\/bruichladdich-octomore-14-1-whisky\/\" \/>\n<meta property=\"og:locale\" content=\"vi_VN\" \/>\n<meta property=\"og:type\" content=\"article\" \/>\n<meta property=\"og:title\" content=\"Bruichladdich Octomore 14.1 Whisky - Alchemy Asia\" \/>\n<meta property=\"og:description\" content=\"M\u00c0U S\u1eaeC \u00c1nh n\u00e2u nh\u1ea1t  H\u01af\u01a0NG TH\u01a0M H\u01b0\u01a1ng vani, h\u01b0\u01a1ng kh\u00f3i, caramel ng\u1ecdt v\u00e0 m\u1ed9t ch\u00fat h\u01b0\u01a1ng toffee thoang tho\u1ea3ng tr\u00ean m\u0169i, v\u1edbi kh\u00f3i than c\u1ee7i \u0111en k\u00e8m theo d\u1eeba nh\u1eb9 nh\u00e0ng v\u00e0 h\u1ea1t h\u1ea1nh nh\u00e2n v\u1ee5n. Kh\u00f4ng th\u1ec3 nh\u1ea7m l\u1eabn h\u01b0\u01a1ng kh\u00f3i \u0111\u1ea5t \u0111\u1eb7c tr\u01b0ng v\u00e0 m\u1ed9t ch\u00fat v\u1ecf cam, v\u1edbi b\u00e1nh meringue chanh k\u00e8m th\u1ecbt l\u1ee3n n\u01b0\u1edbng gia v\u1ecb.  H\u01af\u01a0NG V\u1eca H\u01b0\u01a1ng v\u1ecb t\u01b0\u01a1i s\u00e1ng c\u1ee7a chanh, kh\u00f3i v\u00e0 m\u1ed9t s\u1ef1 kho\u00e1ng ch\u1ea5t \u0111\u1ed9c \u0111\u00e1o xu\u1ea5t hi\u1ec7n tr\u00ean v\u00f2m mi\u1ec7ng, ti\u1ebfp theo l\u00e0 g\u1ed7 s\u1ed3i nung ch\u00e1y v\u00e0 than c\u1ecf th\u1ea1ch nam. Caramel v\u00e0 kem vani \u0111\u01b0\u1ee3c c\u00e2n b\u1eb1ng v\u1edbi h\u01b0\u01a1ng kh\u00f3i \u0111\u1ea5t \u0111\u1eb7c tr\u01b0ng, v\u1edbi nh\u1eefng n\u1ed1t s\u00e1ng c\u1ee7a l\u00ea, v\u1ecb kem m\u1ee9t v\u00e0 t\u00e1o xanh c\u00f9ng m\u1ed9t l\u00fac l\u00e0m t\u0103ng s\u1ef1 t\u01b0\u01a1i m\u00e1t v\u00e0 c\u00f3 chi\u1ec1u s\u00e2u. C\u00e0 ph\u00ea rang, th\u00eam m\u1ed9t ch\u00fat h\u1ea1t ti\u00eau v\u00e0 qu\u1ebf b\u1eaft \u0111\u1ea7u n\u1ed5i l\u00ean, v\u1edbi ch\u00fat nh\u1eb9 nh\u00e0ng c\u1ee7a m\u1eadt ong c\u00e2y hoa.  H\u1eacU V\u1eca B\u00e1nh k\u1eb9o b\u01a1 v\u00e0 vani \u0111\u01b0\u1ee3c c\u00e2n b\u1eb1ng v\u1edbi h\u01b0\u01a1ng kh\u00f3i than c\u1ee7i \u0111\u1ea5t \u0111\u1eb7c tr\u01b0ng c\u1ee7a Octomore v\u00e0 m\u1ed9t ch\u00fat mu\u1ed1i phun, v\u1edbi c\u1ecf th\u1ea1ch nham \u0111\u1ed1t ch\u00e1y v\u00e0 hoa gorse.\" \/>\n<meta property=\"og:url\" content=\"https:\/\/alchemy-asia.com\/vi\/san-pham\/bruichladdich-octomore-14-1-whisky\/\" \/>\n<meta property=\"og:site_name\" content=\"Alchemy Asia\" \/>\n<meta property=\"og:image\" content=\"https:\/\/alchemy-asia.com\/vi\/wp-content\/uploads\/sites\/3\/2024\/07\/Bruichladdich-Octomore-14.1-Whisky.png\" \/>\n\t<meta property=\"og:image:width\" content=\"2100\" \/>\n\t<meta property=\"og:image:height\" content=\"2100\" \/>\n\t<meta property=\"og:image:type\" content=\"image\/png\" \/>\n<meta name=\"twitter:card\" content=\"summary_large_image\" \/>\n<meta name=\"twitter:label1\" content=\"\u01af\u1edbc t\u00ednh th\u1eddi gian \u0111\u1ecdc\" \/>\n\t<meta name=\"twitter:data1\" content=\"1 ph\u00fat\" \/>\n<script type=\"application\/ld+json\" class=\"yoast-schema-graph\">{\"@context\":\"https:\/\/schema.org\",\"@graph\":[{\"@type\":\"WebPage\",\"@id\":\"https:\/\/alchemy-asia.com\/vi\/san-pham\/bruichladdich-octomore-14-1-whisky\/\",\"url\":\"https:\/\/alchemy-asia.com\/vi\/san-pham\/bruichladdich-octomore-14-1-whisky\/\",\"name\":\"Bruichladdich Octomore 14.1 Whisky - Alchemy Asia\",\"isPartOf\":{\"@id\":\"https:\/\/alchemy-asia.com\/vi\/#website\"},\"primaryImageOfPage\":{\"@id\":\"https:\/\/alchemy-asia.com\/vi\/san-pham\/bruichladdich-octomore-14-1-whisky\/#primaryimage\"},\"image\":{\"@id\":\"https:\/\/alchemy-asia.com\/vi\/san-pham\/bruichladdich-octomore-14-1-whisky\/#primaryimage\"},\"thumbnailUrl\":\"https:\/\/alchemy-asia.com\/vi\/wp-content\/uploads\/sites\/3\/2024\/07\/Bruichladdich-Octomore-14.1-Whisky.png\",\"datePublished\":\"2024-09-10T08:33:56+00:00\",\"dateModified\":\"2024-09-10T08:33:56+00:00\",\"breadcrumb\":{\"@id\":\"https:\/\/alchemy-asia.com\/vi\/san-pham\/bruichladdich-octomore-14-1-whisky\/#breadcrumb\"},\"inLanguage\":\"vi\",\"potentialAction\":[{\"@type\":\"ReadAction\",\"target\":[\"https:\/\/alchemy-asia.com\/vi\/san-pham\/bruichladdich-octomore-14-1-whisky\/\"]}]},{\"@type\":\"ImageObject\",\"inLanguage\":\"vi\",\"@id\":\"https:\/\/alchemy-asia.com\/vi\/san-pham\/bruichladdich-octomore-14-1-whisky\/#primaryimage\",\"url\":\"https:\/\/alchemy-asia.com\/vi\/wp-content\/uploads\/sites\/3\/2024\/07\/Bruichladdich-Octomore-14.1-Whisky.png\",\"contentUrl\":\"https:\/\/alchemy-asia.com\/vi\/wp-content\/uploads\/sites\/3\/2024\/07\/Bruichladdich-Octomore-14.1-Whisky.png\",\"width\":2100,\"height\":2100,\"caption\":\"Bruichladdich Octomore 14.1 Whisky\"},{\"@type\":\"BreadcrumbList\",\"@id\":\"https:\/\/alchemy-asia.com\/vi\/san-pham\/bruichladdich-octomore-14-1-whisky\/#breadcrumb\",\"itemListElement\":[{\"@type\":\"ListItem\",\"position\":1,\"name\":\"Home\",\"item\":\"https:\/\/alchemy-asia.com\/vi\/\"},{\"@type\":\"ListItem\",\"position\":2,\"name\":\"Bruichladdich Octomore 14.1 Whisky\"}]},{\"@type\":\"WebSite\",\"@id\":\"https:\/\/alchemy-asia.com\/vi\/#website\",\"url\":\"https:\/\/alchemy-asia.com\/vi\/\",\"name\":\"Alchemy Asia\",\"description\":\"Just another Alchemy Asia Sites site\",\"potentialAction\":[{\"@type\":\"SearchAction\",\"target\":{\"@type\":\"EntryPoint\",\"urlTemplate\":\"https:\/\/alchemy-asia.com\/vi\/?s={search_term_string}\"},\"query-input\":\"required name=search_term_string\"}],\"inLanguage\":\"vi\"}]}<\/script>\n<!-- \/ Yoast SEO plugin. -->","yoast_head_json":{"title":"Bruichladdich Octomore 14.1 Whisky - Alchemy Asia","robots":{"index":"index","follow":"follow","max-snippet":"max-snippet:-1","max-image-preview":"max-image-preview:large","max-video-preview":"max-video-preview:-1"},"canonical":"https:\/\/alchemy-asia.com\/vi\/san-pham\/bruichladdich-octomore-14-1-whisky\/","og_locale":"vi_VN","og_type":"article","og_title":"Bruichladdich Octomore 14.1 Whisky - Alchemy Asia","og_description":"M\u00c0U S\u1eaeC \u00c1nh n\u00e2u nh\u1ea1t  H\u01af\u01a0NG TH\u01a0M H\u01b0\u01a1ng vani, h\u01b0\u01a1ng kh\u00f3i, caramel ng\u1ecdt v\u00e0 m\u1ed9t ch\u00fat h\u01b0\u01a1ng toffee thoang tho\u1ea3ng tr\u00ean m\u0169i, v\u1edbi kh\u00f3i than c\u1ee7i \u0111en k\u00e8m theo d\u1eeba nh\u1eb9 nh\u00e0ng v\u00e0 h\u1ea1t h\u1ea1nh nh\u00e2n v\u1ee5n. Kh\u00f4ng th\u1ec3 nh\u1ea7m l\u1eabn h\u01b0\u01a1ng kh\u00f3i \u0111\u1ea5t \u0111\u1eb7c tr\u01b0ng v\u00e0 m\u1ed9t ch\u00fat v\u1ecf cam, v\u1edbi b\u00e1nh meringue chanh k\u00e8m th\u1ecbt l\u1ee3n n\u01b0\u1edbng gia v\u1ecb.  H\u01af\u01a0NG V\u1eca H\u01b0\u01a1ng v\u1ecb t\u01b0\u01a1i s\u00e1ng c\u1ee7a chanh, kh\u00f3i v\u00e0 m\u1ed9t s\u1ef1 kho\u00e1ng ch\u1ea5t \u0111\u1ed9c \u0111\u00e1o xu\u1ea5t hi\u1ec7n tr\u00ean v\u00f2m mi\u1ec7ng, ti\u1ebfp theo l\u00e0 g\u1ed7 s\u1ed3i nung ch\u00e1y v\u00e0 than c\u1ecf th\u1ea1ch nam. Caramel v\u00e0 kem vani \u0111\u01b0\u1ee3c c\u00e2n b\u1eb1ng v\u1edbi h\u01b0\u01a1ng kh\u00f3i \u0111\u1ea5t \u0111\u1eb7c tr\u01b0ng, v\u1edbi nh\u1eefng n\u1ed1t s\u00e1ng c\u1ee7a l\u00ea, v\u1ecb kem m\u1ee9t v\u00e0 t\u00e1o xanh c\u00f9ng m\u1ed9t l\u00fac l\u00e0m t\u0103ng s\u1ef1 t\u01b0\u01a1i m\u00e1t v\u00e0 c\u00f3 chi\u1ec1u s\u00e2u. C\u00e0 ph\u00ea rang, th\u00eam m\u1ed9t ch\u00fat h\u1ea1t ti\u00eau v\u00e0 qu\u1ebf b\u1eaft \u0111\u1ea7u n\u1ed5i l\u00ean, v\u1edbi ch\u00fat nh\u1eb9 nh\u00e0ng c\u1ee7a m\u1eadt ong c\u00e2y hoa.  H\u1eacU V\u1eca B\u00e1nh k\u1eb9o b\u01a1 v\u00e0 vani \u0111\u01b0\u1ee3c c\u00e2n b\u1eb1ng v\u1edbi h\u01b0\u01a1ng kh\u00f3i than c\u1ee7i \u0111\u1ea5t \u0111\u1eb7c tr\u01b0ng c\u1ee7a Octomore v\u00e0 m\u1ed9t ch\u00fat mu\u1ed1i phun, v\u1edbi c\u1ecf th\u1ea1ch nham \u0111\u1ed1t ch\u00e1y v\u00e0 hoa gorse.","og_url":"https:\/\/alchemy-asia.com\/vi\/san-pham\/bruichladdich-octomore-14-1-whisky\/","og_site_name":"Alchemy Asia","og_image":[{"width":2100,"height":2100,"url":"https:\/\/alchemy-asia.com\/vi\/wp-content\/uploads\/sites\/3\/2024\/07\/Bruichladdich-Octomore-14.1-Whisky.png","type":"image\/png"}],"twitter_card":"summary_large_image","twitter_misc":{"\u01af\u1edbc t\u00ednh th\u1eddi gian \u0111\u1ecdc":"1 ph\u00fat"},"schema":{"@context":"https:\/\/schema.org","@graph":[{"@type":"WebPage","@id":"https:\/\/alchemy-asia.com\/vi\/san-pham\/bruichladdich-octomore-14-1-whisky\/","url":"https:\/\/alchemy-asia.com\/vi\/san-pham\/bruichladdich-octomore-14-1-whisky\/","name":"Bruichladdich Octomore 14.1 Whisky - Alchemy Asia","isPartOf":{"@id":"https:\/\/alchemy-asia.com\/vi\/#website"},"primaryImageOfPage":{"@id":"https:\/\/alchemy-asia.com\/vi\/san-pham\/bruichladdich-octomore-14-1-whisky\/#primaryimage"},"image":{"@id":"https:\/\/alchemy-asia.com\/vi\/san-pham\/bruichladdich-octomore-14-1-whisky\/#primaryimage"},"thumbnailUrl":"https:\/\/alchemy-asia.com\/vi\/wp-content\/uploads\/sites\/3\/2024\/07\/Bruichladdich-Octomore-14.1-Whisky.png","datePublished":"2024-09-10T08:33:56+00:00","dateModified":"2024-09-10T08:33:56+00:00","breadcrumb":{"@id":"https:\/\/alchemy-asia.com\/vi\/san-pham\/bruichladdich-octomore-14-1-whisky\/#breadcrumb"},"inLanguage":"vi","potentialAction":[{"@type":"ReadAction","target":["https:\/\/alchemy-asia.com\/vi\/san-pham\/bruichladdich-octomore-14-1-whisky\/"]}]},{"@type":"ImageObject","inLanguage":"vi","@id":"https:\/\/alchemy-asia.com\/vi\/san-pham\/bruichladdich-octomore-14-1-whisky\/#primaryimage","url":"https:\/\/alchemy-asia.com\/vi\/wp-content\/uploads\/sites\/3\/2024\/07\/Bruichladdich-Octomore-14.1-Whisky.png","contentUrl":"https:\/\/alchemy-asia.com\/vi\/wp-content\/uploads\/sites\/3\/2024\/07\/Bruichladdich-Octomore-14.1-Whisky.png","width":2100,"height":2100,"caption":"Bruichladdich Octomore 14.1 Whisky"},{"@type":"BreadcrumbList","@id":"https:\/\/alchemy-asia.com\/vi\/san-pham\/bruichladdich-octomore-14-1-whisky\/#breadcrumb","itemListElement":[{"@type":"ListItem","position":1,"name":"Home","item":"https:\/\/alchemy-asia.com\/vi\/"},{"@type":"ListItem","position":2,"name":"Bruichladdich Octomore 14.1 Whisky"}]},{"@type":"WebSite","@id":"https:\/\/alchemy-asia.com\/vi\/#website","url":"https:\/\/alchemy-asia.com\/vi\/","name":"Alchemy Asia","description":"Just another Alchemy Asia Sites site","potentialAction":[{"@type":"SearchAction","target":{"@type":"EntryPoint","urlTemplate":"https:\/\/alchemy-asia.com\/vi\/?s={search_term_string}"},"query-input":"required name=search_term_string"}],"inLanguage":"vi"}]}},"_links":{"self":[{"href":"https:\/\/alchemy-asia.com\/vi\/wp-json\/wp\/v2\/product\/8456","targetHints":{"allow":["GET"]}}],"collection":[{"href":"https:\/\/alchemy-asia.com\/vi\/wp-json\/wp\/v2\/product"}],"about":[{"href":"https:\/\/alchemy-asia.com\/vi\/wp-json\/wp\/v2\/types\/product"}],"replies":[{"embeddable":true,"href":"https:\/\/alchemy-asia.com\/vi\/wp-json\/wp\/v2\/comments?post=8456"}],"wp:featuredmedia":[{"embeddable":true,"href":"https:\/\/alchemy-asia.com\/vi\/wp-json\/wp\/v2\/media\/8457"}],"wp:attachment":[{"href":"https:\/\/alchemy-asia.com\/vi\/wp-json\/wp\/v2\/media?parent=8456"}],"wp:term":[{"taxonomy":"product_cat","embeddable":true,"href":"https:\/\/alchemy-asia.com\/vi\/wp-json\/wp\/v2\/product_cat?post=8456"},{"taxonomy":"product_tag","embeddable":true,"href":"https:\/\/alchemy-asia.com\/vi\/wp-json\/wp\/v2\/product_tag?post=8456"}],"curies":[{"name":"wp","href":"https:\/\/api.w.org\/{rel}","templated":true}]}}