{"id":8459,"date":"2024-09-10T08:33:54","date_gmt":"2024-09-10T08:33:54","guid":{"rendered":"https:\/\/alchemy-asia.com\/vi\/?post_type=product&#038;p=8459"},"modified":"2024-09-10T08:33:54","modified_gmt":"2024-09-10T08:33:54","slug":"bruichladdich-octomore-14-2-whisky","status":"publish","type":"product","link":"https:\/\/alchemy-asia.com\/vi\/san-pham\/bruichladdich-octomore-14-2-whisky\/","title":{"rendered":"Bruichladdich Octomore 14.2 Whisky"},"content":{"rendered":"","protected":false},"excerpt":{"rendered":"<p><span data-sheets-root=\"1\" data-sheets-value=\"{&quot;1&quot;:2,&quot;2&quot;:&quot;M\u00c0U S\u1eaeC\\nN\u00e2u \u0111\u1eadm\\n\\nH\u01af\u01a0NG TH\u01a0M\\nDa thu\u1ed9c, m\u01a1, nho \u0111\u1ecf v\u00e0 l\u00faa m\u1ea1ch rang n\u1ed5i b\u1eadt, ti\u1ebfp theo l\u00e0 g\u1ed7 s\u1ed3i n\u01b0\u1edbng v\u00e0 qu\u1ebf, t\u00e1o xanh v\u00e0 h\u1ea1t ti\u00eau \u0111en. Nh\u1eefng l\u00e0n s\u00f3ng kh\u00f3i v\u00e0 h\u01b0\u01a1ng tr\u00e1i c\u00e2y \u0111\u1ecf \u0111\u1eb7c tr\u01b0ng theo sau, k\u00e8m theo c\u00e1c n\u1ed1t h\u01b0\u01a1ng ng\u0169 c\u1ed1c c\u1ee7a l\u00faa m\u1ea1ch v\u00e0 y\u1ebfn m\u1ea1ch. Kh\u00f3i than c\u1ee7i kh\u00f4 v\u00e0 \u0111\u1eb7c qu\u00e1nh, pha l\u1eabn h\u01b0\u01a1ng c\u1ee7a c\u1ecf th\u1ea1ch nam \u0111\u1ed1t ch\u00e1y v\u00e0 m\u1ed9t ch\u00fat kh\u00f3i thu\u1ed1c tinh t\u1ebf t\u1eeb g\u1ed7 s\u1ed3i.\\n\\nH\u01af\u01a0NG V\u1eca\\nS\u1ef1 \u1ea3nh h\u01b0\u1edfng t\u1eeb g\u1ed7 s\u1ed3i Ch\u00e2u \u00c2u kh\u00f4ng th\u1ec3 b\u1ecf qua, v\u1edbi m\u1ed9t ch\u00fat kh\u00f4 r\u00e1o c\u00e2n b\u1eb1ng v\u1edbi s\u1ef1 s\u00f4i \u0111\u1ed9ng c\u1ee7a c\u00e1c lo\u1ea1i gia v\u1ecb, g\u1ed7 s\u1ed3i kh\u00f3i v\u00e0 c\u00e0 ph\u00ea rang. V\u1ecb ng\u1ecdt t\u1eeb gia v\u1ecb n\u01b0\u1edbng, m\u1ed9t ch\u00fat h\u1ea1t ti\u00eau \u0111en \u0111\u01b0\u1ee3c k\u1ebft h\u1ee3p v\u1edbi b\u00e1nh tr\u00e1i c\u00e2y v\u00e0 c\u00e1c lo\u1ea1i tr\u00e1i c\u00e2y kh\u00f4. Th\u00eam m\u1ed9t gi\u1ecdi r\u01b0\u1ee3u s\u1ebd lan t\u1ecfa h\u01b0\u01a1ng kh\u00f3i v\u00e0 v\u1ecb ng\u1ecdt t\u1eeb th\u00f9ng r\u01b0\u1ee3u vang, mang l\u1ea1i s\u1ef1 c\u00e2n b\u1eb1ng tuy\u1ec7t v\u1eddi khi c\u00e1c n\u1ed1t h\u01b0\u01a1ng c\u1ee7a t\u00e1o v\u00e0 l\u00ea ph\u00e1t tri\u1ec3n.\\n\\nH\u1eacU V\u1eca\\nM\u1ea1ch nha, g\u1ed7 s\u1ed3i ch\u00e1y v\u00e0 mu\u1ed1i bi\u1ec3n l\u1eafng xu\u1ed1ng tr\u00ean v\u00f2m mi\u1ec7ng, khi h\u01b0\u01a1ng kh\u00f3i \u0111\u1ea5t \u0111\u1eb7c tr\u01b0ng c\u1ee7a Octomore v\u1eabn c\u00f2n \u0111\u1ecdng l\u1ea1i.\\n\\n\\n\\n\\n\\n&quot;}\" data-sheets-userformat=\"{&quot;2&quot;:15359,&quot;3&quot;:{&quot;1&quot;:0},&quot;4&quot;:{&quot;1&quot;:2,&quot;2&quot;:16777215},&quot;5&quot;:{&quot;1&quot;:[{&quot;1&quot;:2,&quot;2&quot;:0,&quot;5&quot;:{&quot;1&quot;:2,&quot;2&quot;:0}},{&quot;1&quot;:0,&quot;2&quot;:0,&quot;3&quot;:3},{&quot;1&quot;:1,&quot;2&quot;:0,&quot;4&quot;:1}]},&quot;6&quot;:{&quot;1&quot;:[{&quot;1&quot;:2,&quot;2&quot;:0,&quot;5&quot;:{&quot;1&quot;:2,&quot;2&quot;:0}},{&quot;1&quot;:0,&quot;2&quot;:0,&quot;3&quot;:3},{&quot;1&quot;:1,&quot;2&quot;:0,&quot;4&quot;:1}]},&quot;7&quot;:{&quot;1&quot;:[{&quot;1&quot;:2,&quot;2&quot;:0,&quot;5&quot;:{&quot;1&quot;:2,&quot;2&quot;:0}},{&quot;1&quot;:0,&quot;2&quot;:0,&quot;3&quot;:3},{&quot;1&quot;:1,&quot;2&quot;:0,&quot;4&quot;:1}]},&quot;8&quot;:{&quot;1&quot;:[{&quot;1&quot;:2,&quot;2&quot;:0,&quot;5&quot;:{&quot;1&quot;:2,&quot;2&quot;:0}},{&quot;1&quot;:0,&quot;2&quot;:0,&quot;3&quot;:3},{&quot;1&quot;:1,&quot;2&quot;:0,&quot;4&quot;:1}]},&quot;9&quot;:0,&quot;10&quot;:1,&quot;11&quot;:4,&quot;12&quot;:0,&quot;14&quot;:{&quot;1&quot;:2,&quot;2&quot;:0},&quot;15&quot;:&quot;Arial&quot;,&quot;16&quot;:11}\" data-sheets-textstyleruns=\"{&quot;1&quot;:0,&quot;2&quot;:{&quot;5&quot;:1}}\uee10{&quot;1&quot;:7}\uee10{&quot;1&quot;:16,&quot;2&quot;:{&quot;5&quot;:1}}\uee10{&quot;1&quot;:27}\uee10{&quot;1&quot;:368,&quot;2&quot;:{&quot;5&quot;:1}}\uee10{&quot;1&quot;:376}\uee10{&quot;1&quot;:773,&quot;2&quot;:{&quot;5&quot;:1}}\uee10{&quot;1&quot;:779}\">M\u00c0U S\u1eaeC<br \/>\nN\u00e2u \u0111\u1eadm<\/span><\/p>\n<p>H\u01af\u01a0NG TH\u01a0M<br \/>\nDa thu\u1ed9c, m\u01a1, nho \u0111\u1ecf v\u00e0 l\u00faa m\u1ea1ch rang n\u1ed5i b\u1eadt, ti\u1ebfp theo l\u00e0 g\u1ed7 s\u1ed3i n\u01b0\u1edbng v\u00e0 qu\u1ebf, t\u00e1o xanh v\u00e0 h\u1ea1t ti\u00eau \u0111en. Nh\u1eefng l\u00e0n s\u00f3ng kh\u00f3i v\u00e0 h\u01b0\u01a1ng tr\u00e1i c\u00e2y \u0111\u1ecf \u0111\u1eb7c tr\u01b0ng theo sau, k\u00e8m theo c\u00e1c n\u1ed1t h\u01b0\u01a1ng ng\u0169 c\u1ed1c c\u1ee7a l\u00faa m\u1ea1ch v\u00e0 y\u1ebfn m\u1ea1ch. Kh\u00f3i than c\u1ee7i kh\u00f4 v\u00e0 \u0111\u1eb7c qu\u00e1nh, pha l\u1eabn h\u01b0\u01a1ng c\u1ee7a c\u1ecf th\u1ea1ch nam \u0111\u1ed1t ch\u00e1y v\u00e0 m\u1ed9t ch\u00fat kh\u00f3i thu\u1ed1c tinh t\u1ebf t\u1eeb g\u1ed7 s\u1ed3i.<\/p>\n<p>H\u01af\u01a0NG V\u1eca<br \/>\nS\u1ef1 \u1ea3nh h\u01b0\u1edfng t\u1eeb g\u1ed7 s\u1ed3i Ch\u00e2u \u00c2u kh\u00f4ng th\u1ec3 b\u1ecf qua, v\u1edbi m\u1ed9t ch\u00fat kh\u00f4 r\u00e1o c\u00e2n b\u1eb1ng v\u1edbi s\u1ef1 s\u00f4i \u0111\u1ed9ng c\u1ee7a c\u00e1c lo\u1ea1i gia v\u1ecb, g\u1ed7 s\u1ed3i kh\u00f3i v\u00e0 c\u00e0 ph\u00ea rang. V\u1ecb ng\u1ecdt t\u1eeb gia v\u1ecb n\u01b0\u1edbng, m\u1ed9t ch\u00fat h\u1ea1t ti\u00eau \u0111en \u0111\u01b0\u1ee3c k\u1ebft h\u1ee3p v\u1edbi b\u00e1nh tr\u00e1i c\u00e2y v\u00e0 c\u00e1c lo\u1ea1i tr\u00e1i c\u00e2y kh\u00f4. Th\u00eam m\u1ed9t gi\u1ecdi r\u01b0\u1ee3u s\u1ebd lan t\u1ecfa h\u01b0\u01a1ng kh\u00f3i v\u00e0 v\u1ecb ng\u1ecdt t\u1eeb th\u00f9ng r\u01b0\u1ee3u vang, mang l\u1ea1i s\u1ef1 c\u00e2n b\u1eb1ng tuy\u1ec7t v\u1eddi khi c\u00e1c n\u1ed1t h\u01b0\u01a1ng c\u1ee7a t\u00e1o v\u00e0 l\u00ea ph\u00e1t tri\u1ec3n.<\/p>\n<p>H\u1eacU V\u1eca<br \/>\nM\u1ea1ch nha, g\u1ed7 s\u1ed3i ch\u00e1y v\u00e0 mu\u1ed1i bi\u1ec3n l\u1eafng xu\u1ed1ng tr\u00ean v\u00f2m mi\u1ec7ng, khi h\u01b0\u01a1ng kh\u00f3i \u0111\u1ea5t \u0111\u1eb7c tr\u01b0ng c\u1ee7a Octomore v\u1eabn c\u00f2n \u0111\u1ecdng l\u1ea1i.<\/p>\n","protected":false},"featured_media":8462,"comment_status":"open","ping_status":"closed","template":"","meta":{"_acf_changed":false},"product_cat":[58],"product_tag":[],"class_list":{"0":"post-8459","1":"product","2":"type-product","3":"status-publish","4":"has-post-thumbnail","6":"product_cat-scotch-whisky-single-malt","7":"brand-octomore","8":"brand-bruichladdich","10":"first","11":"instock","12":"shipping-taxable","13":"product-type-simple"},"acf":[],"yoast_head":"<!-- This site is optimized with the Yoast SEO plugin v23.0 - https:\/\/yoast.com\/wordpress\/plugins\/seo\/ -->\n<title>Bruichladdich Octomore 14.2 Whisky - Alchemy Asia<\/title>\n<meta name=\"robots\" content=\"index, follow, max-snippet:-1, max-image-preview:large, max-video-preview:-1\" \/>\n<link rel=\"canonical\" href=\"https:\/\/alchemy-asia.com\/vi\/san-pham\/bruichladdich-octomore-14-2-whisky\/\" \/>\n<meta property=\"og:locale\" content=\"vi_VN\" \/>\n<meta property=\"og:type\" content=\"article\" \/>\n<meta property=\"og:title\" content=\"Bruichladdich Octomore 14.2 Whisky - Alchemy Asia\" \/>\n<meta property=\"og:description\" content=\"M\u00c0U S\u1eaeC N\u00e2u \u0111\u1eadm  H\u01af\u01a0NG TH\u01a0M Da thu\u1ed9c, m\u01a1, nho \u0111\u1ecf v\u00e0 l\u00faa m\u1ea1ch rang n\u1ed5i b\u1eadt, ti\u1ebfp theo l\u00e0 g\u1ed7 s\u1ed3i n\u01b0\u1edbng v\u00e0 qu\u1ebf, t\u00e1o xanh v\u00e0 h\u1ea1t ti\u00eau \u0111en. Nh\u1eefng l\u00e0n s\u00f3ng kh\u00f3i v\u00e0 h\u01b0\u01a1ng tr\u00e1i c\u00e2y \u0111\u1ecf \u0111\u1eb7c tr\u01b0ng theo sau, k\u00e8m theo c\u00e1c n\u1ed1t h\u01b0\u01a1ng ng\u0169 c\u1ed1c c\u1ee7a l\u00faa m\u1ea1ch v\u00e0 y\u1ebfn m\u1ea1ch. Kh\u00f3i than c\u1ee7i kh\u00f4 v\u00e0 \u0111\u1eb7c qu\u00e1nh, pha l\u1eabn h\u01b0\u01a1ng c\u1ee7a c\u1ecf th\u1ea1ch nam \u0111\u1ed1t ch\u00e1y v\u00e0 m\u1ed9t ch\u00fat kh\u00f3i thu\u1ed1c tinh t\u1ebf t\u1eeb g\u1ed7 s\u1ed3i.  H\u01af\u01a0NG V\u1eca S\u1ef1 \u1ea3nh h\u01b0\u1edfng t\u1eeb g\u1ed7 s\u1ed3i Ch\u00e2u \u00c2u kh\u00f4ng th\u1ec3 b\u1ecf qua, v\u1edbi m\u1ed9t ch\u00fat kh\u00f4 r\u00e1o c\u00e2n b\u1eb1ng v\u1edbi s\u1ef1 s\u00f4i \u0111\u1ed9ng c\u1ee7a c\u00e1c lo\u1ea1i gia v\u1ecb, g\u1ed7 s\u1ed3i kh\u00f3i v\u00e0 c\u00e0 ph\u00ea rang. V\u1ecb ng\u1ecdt t\u1eeb gia v\u1ecb n\u01b0\u1edbng, m\u1ed9t ch\u00fat h\u1ea1t ti\u00eau \u0111en \u0111\u01b0\u1ee3c k\u1ebft h\u1ee3p v\u1edbi b\u00e1nh tr\u00e1i c\u00e2y v\u00e0 c\u00e1c lo\u1ea1i tr\u00e1i c\u00e2y kh\u00f4. Th\u00eam m\u1ed9t gi\u1ecdi r\u01b0\u1ee3u s\u1ebd lan t\u1ecfa h\u01b0\u01a1ng kh\u00f3i v\u00e0 v\u1ecb ng\u1ecdt t\u1eeb th\u00f9ng r\u01b0\u1ee3u vang, mang l\u1ea1i s\u1ef1 c\u00e2n b\u1eb1ng tuy\u1ec7t v\u1eddi khi c\u00e1c n\u1ed1t h\u01b0\u01a1ng c\u1ee7a t\u00e1o v\u00e0 l\u00ea ph\u00e1t tri\u1ec3n.  H\u1eacU V\u1eca M\u1ea1ch nha, g\u1ed7 s\u1ed3i ch\u00e1y v\u00e0 mu\u1ed1i bi\u1ec3n l\u1eafng xu\u1ed1ng tr\u00ean v\u00f2m mi\u1ec7ng, khi h\u01b0\u01a1ng kh\u00f3i \u0111\u1ea5t \u0111\u1eb7c tr\u01b0ng c\u1ee7a Octomore v\u1eabn c\u00f2n \u0111\u1ecdng l\u1ea1i.\" \/>\n<meta property=\"og:url\" content=\"https:\/\/alchemy-asia.com\/vi\/san-pham\/bruichladdich-octomore-14-2-whisky\/\" \/>\n<meta property=\"og:site_name\" content=\"Alchemy Asia\" \/>\n<meta property=\"og:image\" content=\"https:\/\/alchemy-asia.com\/vi\/wp-content\/uploads\/sites\/3\/2024\/07\/Bruichladdich-Octomore-14.2-Whisky.png\" \/>\n\t<meta property=\"og:image:width\" content=\"2100\" \/>\n\t<meta property=\"og:image:height\" content=\"2100\" \/>\n\t<meta property=\"og:image:type\" content=\"image\/png\" \/>\n<meta name=\"twitter:card\" content=\"summary_large_image\" \/>\n<meta name=\"twitter:label1\" content=\"\u01af\u1edbc t\u00ednh th\u1eddi gian \u0111\u1ecdc\" \/>\n\t<meta name=\"twitter:data1\" content=\"1 ph\u00fat\" \/>\n<script type=\"application\/ld+json\" class=\"yoast-schema-graph\">{\"@context\":\"https:\/\/schema.org\",\"@graph\":[{\"@type\":\"WebPage\",\"@id\":\"https:\/\/alchemy-asia.com\/vi\/san-pham\/bruichladdich-octomore-14-2-whisky\/\",\"url\":\"https:\/\/alchemy-asia.com\/vi\/san-pham\/bruichladdich-octomore-14-2-whisky\/\",\"name\":\"Bruichladdich Octomore 14.2 Whisky - Alchemy Asia\",\"isPartOf\":{\"@id\":\"https:\/\/alchemy-asia.com\/vi\/#website\"},\"primaryImageOfPage\":{\"@id\":\"https:\/\/alchemy-asia.com\/vi\/san-pham\/bruichladdich-octomore-14-2-whisky\/#primaryimage\"},\"image\":{\"@id\":\"https:\/\/alchemy-asia.com\/vi\/san-pham\/bruichladdich-octomore-14-2-whisky\/#primaryimage\"},\"thumbnailUrl\":\"https:\/\/alchemy-asia.com\/vi\/wp-content\/uploads\/sites\/3\/2024\/07\/Bruichladdich-Octomore-14.2-Whisky.png\",\"datePublished\":\"2024-09-10T08:33:54+00:00\",\"dateModified\":\"2024-09-10T08:33:54+00:00\",\"breadcrumb\":{\"@id\":\"https:\/\/alchemy-asia.com\/vi\/san-pham\/bruichladdich-octomore-14-2-whisky\/#breadcrumb\"},\"inLanguage\":\"vi\",\"potentialAction\":[{\"@type\":\"ReadAction\",\"target\":[\"https:\/\/alchemy-asia.com\/vi\/san-pham\/bruichladdich-octomore-14-2-whisky\/\"]}]},{\"@type\":\"ImageObject\",\"inLanguage\":\"vi\",\"@id\":\"https:\/\/alchemy-asia.com\/vi\/san-pham\/bruichladdich-octomore-14-2-whisky\/#primaryimage\",\"url\":\"https:\/\/alchemy-asia.com\/vi\/wp-content\/uploads\/sites\/3\/2024\/07\/Bruichladdich-Octomore-14.2-Whisky.png\",\"contentUrl\":\"https:\/\/alchemy-asia.com\/vi\/wp-content\/uploads\/sites\/3\/2024\/07\/Bruichladdich-Octomore-14.2-Whisky.png\",\"width\":2100,\"height\":2100,\"caption\":\"Bruichladdich Octomore 14.2 Whisky\"},{\"@type\":\"BreadcrumbList\",\"@id\":\"https:\/\/alchemy-asia.com\/vi\/san-pham\/bruichladdich-octomore-14-2-whisky\/#breadcrumb\",\"itemListElement\":[{\"@type\":\"ListItem\",\"position\":1,\"name\":\"Home\",\"item\":\"https:\/\/alchemy-asia.com\/vi\/\"},{\"@type\":\"ListItem\",\"position\":2,\"name\":\"Bruichladdich Octomore 14.2 Whisky\"}]},{\"@type\":\"WebSite\",\"@id\":\"https:\/\/alchemy-asia.com\/vi\/#website\",\"url\":\"https:\/\/alchemy-asia.com\/vi\/\",\"name\":\"Alchemy Asia\",\"description\":\"Just another Alchemy Asia Sites site\",\"potentialAction\":[{\"@type\":\"SearchAction\",\"target\":{\"@type\":\"EntryPoint\",\"urlTemplate\":\"https:\/\/alchemy-asia.com\/vi\/?s={search_term_string}\"},\"query-input\":\"required name=search_term_string\"}],\"inLanguage\":\"vi\"}]}<\/script>\n<!-- \/ Yoast SEO plugin. -->","yoast_head_json":{"title":"Bruichladdich Octomore 14.2 Whisky - Alchemy Asia","robots":{"index":"index","follow":"follow","max-snippet":"max-snippet:-1","max-image-preview":"max-image-preview:large","max-video-preview":"max-video-preview:-1"},"canonical":"https:\/\/alchemy-asia.com\/vi\/san-pham\/bruichladdich-octomore-14-2-whisky\/","og_locale":"vi_VN","og_type":"article","og_title":"Bruichladdich Octomore 14.2 Whisky - Alchemy Asia","og_description":"M\u00c0U S\u1eaeC N\u00e2u \u0111\u1eadm  H\u01af\u01a0NG TH\u01a0M Da thu\u1ed9c, m\u01a1, nho \u0111\u1ecf v\u00e0 l\u00faa m\u1ea1ch rang n\u1ed5i b\u1eadt, ti\u1ebfp theo l\u00e0 g\u1ed7 s\u1ed3i n\u01b0\u1edbng v\u00e0 qu\u1ebf, t\u00e1o xanh v\u00e0 h\u1ea1t ti\u00eau \u0111en. Nh\u1eefng l\u00e0n s\u00f3ng kh\u00f3i v\u00e0 h\u01b0\u01a1ng tr\u00e1i c\u00e2y \u0111\u1ecf \u0111\u1eb7c tr\u01b0ng theo sau, k\u00e8m theo c\u00e1c n\u1ed1t h\u01b0\u01a1ng ng\u0169 c\u1ed1c c\u1ee7a l\u00faa m\u1ea1ch v\u00e0 y\u1ebfn m\u1ea1ch. Kh\u00f3i than c\u1ee7i kh\u00f4 v\u00e0 \u0111\u1eb7c qu\u00e1nh, pha l\u1eabn h\u01b0\u01a1ng c\u1ee7a c\u1ecf th\u1ea1ch nam \u0111\u1ed1t ch\u00e1y v\u00e0 m\u1ed9t ch\u00fat kh\u00f3i thu\u1ed1c tinh t\u1ebf t\u1eeb g\u1ed7 s\u1ed3i.  H\u01af\u01a0NG V\u1eca S\u1ef1 \u1ea3nh h\u01b0\u1edfng t\u1eeb g\u1ed7 s\u1ed3i Ch\u00e2u \u00c2u kh\u00f4ng th\u1ec3 b\u1ecf qua, v\u1edbi m\u1ed9t ch\u00fat kh\u00f4 r\u00e1o c\u00e2n b\u1eb1ng v\u1edbi s\u1ef1 s\u00f4i \u0111\u1ed9ng c\u1ee7a c\u00e1c lo\u1ea1i gia v\u1ecb, g\u1ed7 s\u1ed3i kh\u00f3i v\u00e0 c\u00e0 ph\u00ea rang. V\u1ecb ng\u1ecdt t\u1eeb gia v\u1ecb n\u01b0\u1edbng, m\u1ed9t ch\u00fat h\u1ea1t ti\u00eau \u0111en \u0111\u01b0\u1ee3c k\u1ebft h\u1ee3p v\u1edbi b\u00e1nh tr\u00e1i c\u00e2y v\u00e0 c\u00e1c lo\u1ea1i tr\u00e1i c\u00e2y kh\u00f4. Th\u00eam m\u1ed9t gi\u1ecdi r\u01b0\u1ee3u s\u1ebd lan t\u1ecfa h\u01b0\u01a1ng kh\u00f3i v\u00e0 v\u1ecb ng\u1ecdt t\u1eeb th\u00f9ng r\u01b0\u1ee3u vang, mang l\u1ea1i s\u1ef1 c\u00e2n b\u1eb1ng tuy\u1ec7t v\u1eddi khi c\u00e1c n\u1ed1t h\u01b0\u01a1ng c\u1ee7a t\u00e1o v\u00e0 l\u00ea ph\u00e1t tri\u1ec3n.  H\u1eacU V\u1eca M\u1ea1ch nha, g\u1ed7 s\u1ed3i ch\u00e1y v\u00e0 mu\u1ed1i bi\u1ec3n l\u1eafng xu\u1ed1ng tr\u00ean v\u00f2m mi\u1ec7ng, khi h\u01b0\u01a1ng kh\u00f3i \u0111\u1ea5t \u0111\u1eb7c tr\u01b0ng c\u1ee7a Octomore v\u1eabn c\u00f2n \u0111\u1ecdng l\u1ea1i.","og_url":"https:\/\/alchemy-asia.com\/vi\/san-pham\/bruichladdich-octomore-14-2-whisky\/","og_site_name":"Alchemy Asia","og_image":[{"width":2100,"height":2100,"url":"https:\/\/alchemy-asia.com\/vi\/wp-content\/uploads\/sites\/3\/2024\/07\/Bruichladdich-Octomore-14.2-Whisky.png","type":"image\/png"}],"twitter_card":"summary_large_image","twitter_misc":{"\u01af\u1edbc t\u00ednh th\u1eddi gian \u0111\u1ecdc":"1 ph\u00fat"},"schema":{"@context":"https:\/\/schema.org","@graph":[{"@type":"WebPage","@id":"https:\/\/alchemy-asia.com\/vi\/san-pham\/bruichladdich-octomore-14-2-whisky\/","url":"https:\/\/alchemy-asia.com\/vi\/san-pham\/bruichladdich-octomore-14-2-whisky\/","name":"Bruichladdich Octomore 14.2 Whisky - Alchemy Asia","isPartOf":{"@id":"https:\/\/alchemy-asia.com\/vi\/#website"},"primaryImageOfPage":{"@id":"https:\/\/alchemy-asia.com\/vi\/san-pham\/bruichladdich-octomore-14-2-whisky\/#primaryimage"},"image":{"@id":"https:\/\/alchemy-asia.com\/vi\/san-pham\/bruichladdich-octomore-14-2-whisky\/#primaryimage"},"thumbnailUrl":"https:\/\/alchemy-asia.com\/vi\/wp-content\/uploads\/sites\/3\/2024\/07\/Bruichladdich-Octomore-14.2-Whisky.png","datePublished":"2024-09-10T08:33:54+00:00","dateModified":"2024-09-10T08:33:54+00:00","breadcrumb":{"@id":"https:\/\/alchemy-asia.com\/vi\/san-pham\/bruichladdich-octomore-14-2-whisky\/#breadcrumb"},"inLanguage":"vi","potentialAction":[{"@type":"ReadAction","target":["https:\/\/alchemy-asia.com\/vi\/san-pham\/bruichladdich-octomore-14-2-whisky\/"]}]},{"@type":"ImageObject","inLanguage":"vi","@id":"https:\/\/alchemy-asia.com\/vi\/san-pham\/bruichladdich-octomore-14-2-whisky\/#primaryimage","url":"https:\/\/alchemy-asia.com\/vi\/wp-content\/uploads\/sites\/3\/2024\/07\/Bruichladdich-Octomore-14.2-Whisky.png","contentUrl":"https:\/\/alchemy-asia.com\/vi\/wp-content\/uploads\/sites\/3\/2024\/07\/Bruichladdich-Octomore-14.2-Whisky.png","width":2100,"height":2100,"caption":"Bruichladdich Octomore 14.2 Whisky"},{"@type":"BreadcrumbList","@id":"https:\/\/alchemy-asia.com\/vi\/san-pham\/bruichladdich-octomore-14-2-whisky\/#breadcrumb","itemListElement":[{"@type":"ListItem","position":1,"name":"Home","item":"https:\/\/alchemy-asia.com\/vi\/"},{"@type":"ListItem","position":2,"name":"Bruichladdich Octomore 14.2 Whisky"}]},{"@type":"WebSite","@id":"https:\/\/alchemy-asia.com\/vi\/#website","url":"https:\/\/alchemy-asia.com\/vi\/","name":"Alchemy Asia","description":"Just another Alchemy Asia Sites site","potentialAction":[{"@type":"SearchAction","target":{"@type":"EntryPoint","urlTemplate":"https:\/\/alchemy-asia.com\/vi\/?s={search_term_string}"},"query-input":"required name=search_term_string"}],"inLanguage":"vi"}]}},"_links":{"self":[{"href":"https:\/\/alchemy-asia.com\/vi\/wp-json\/wp\/v2\/product\/8459","targetHints":{"allow":["GET"]}}],"collection":[{"href":"https:\/\/alchemy-asia.com\/vi\/wp-json\/wp\/v2\/product"}],"about":[{"href":"https:\/\/alchemy-asia.com\/vi\/wp-json\/wp\/v2\/types\/product"}],"replies":[{"embeddable":true,"href":"https:\/\/alchemy-asia.com\/vi\/wp-json\/wp\/v2\/comments?post=8459"}],"wp:featuredmedia":[{"embeddable":true,"href":"https:\/\/alchemy-asia.com\/vi\/wp-json\/wp\/v2\/media\/8462"}],"wp:attachment":[{"href":"https:\/\/alchemy-asia.com\/vi\/wp-json\/wp\/v2\/media?parent=8459"}],"wp:term":[{"taxonomy":"product_cat","embeddable":true,"href":"https:\/\/alchemy-asia.com\/vi\/wp-json\/wp\/v2\/product_cat?post=8459"},{"taxonomy":"product_tag","embeddable":true,"href":"https:\/\/alchemy-asia.com\/vi\/wp-json\/wp\/v2\/product_tag?post=8459"}],"curies":[{"name":"wp","href":"https:\/\/api.w.org\/{rel}","templated":true}]}}