{"id":8461,"date":"2024-09-10T08:54:49","date_gmt":"2024-09-10T08:54:49","guid":{"rendered":"https:\/\/alchemy-asia.com\/vi\/?post_type=product&#038;p=8461"},"modified":"2024-09-10T08:54:49","modified_gmt":"2024-09-10T08:54:49","slug":"maestro-dobel-anejo-tequila","status":"publish","type":"product","link":"https:\/\/alchemy-asia.com\/vi\/san-pham\/maestro-dobel-anejo-tequila\/","title":{"rendered":"Maestro Dobel Anejo Tequila"},"content":{"rendered":"","protected":false},"excerpt":{"rendered":"<p>D\u00f2ng tequila l\u00e0m t\u1eeb 100% c\u00e2y th\u00f9a gai xanh \u0111\u01b0\u1ee3c \u1ee7 h\u01a1n 18 th\u00e1ng trong th\u00f9ng g\u1ed7 s\u1ed3i M\u1ef9. Anejo \u0111\u01b0\u1ee3c \u1ee7 c\u1ea9n th\u1eadn trong nh\u1eefng th\u00f9ng g\u1ed7 s\u1ed3i M\u1ef9 \u0111\u01b0\u1ee3c tuy\u1ec3n ch\u1ecdn trong \u00edt nh\u1ea5t 18 th\u00e1ng \u0111\u1ec3 mang l\u1ea1i c\u1ea3m nh\u1eadn c\u1ee7a h\u01b0\u01a1ng v\u1ecb kh\u00f3i.<\/p>\n","protected":false},"featured_media":8463,"comment_status":"open","ping_status":"closed","template":"","meta":{"_acf_changed":false},"product_cat":[60],"product_tag":[],"class_list":{"0":"post-8461","1":"product","2":"type-product","3":"status-publish","4":"has-post-thumbnail","6":"product_cat-tequila","7":"brand-maestro-dobel","9":"first","10":"instock","11":"shipping-taxable","12":"product-type-simple"},"acf":[],"yoast_head":"<!-- This site is optimized with the Yoast SEO plugin v23.0 - https:\/\/yoast.com\/wordpress\/plugins\/seo\/ -->\n<title>Maestro Dobel Anejo Tequila - Alchemy Asia<\/title>\n<meta name=\"robots\" content=\"index, follow, max-snippet:-1, max-image-preview:large, max-video-preview:-1\" \/>\n<link rel=\"canonical\" href=\"https:\/\/alchemy-asia.com\/vi\/san-pham\/maestro-dobel-anejo-tequila\/\" \/>\n<meta property=\"og:locale\" content=\"vi_VN\" \/>\n<meta property=\"og:type\" content=\"article\" \/>\n<meta property=\"og:title\" content=\"Maestro Dobel Anejo Tequila - Alchemy Asia\" \/>\n<meta property=\"og:description\" content=\"D\u00f2ng tequila l\u00e0m t\u1eeb 100% c\u00e2y th\u00f9a gai xanh \u0111\u01b0\u1ee3c \u1ee7 h\u01a1n 18 th\u00e1ng trong th\u00f9ng g\u1ed7 s\u1ed3i M\u1ef9. Anejo \u0111\u01b0\u1ee3c \u1ee7 c\u1ea9n th\u1eadn trong nh\u1eefng th\u00f9ng g\u1ed7 s\u1ed3i M\u1ef9 \u0111\u01b0\u1ee3c tuy\u1ec3n ch\u1ecdn trong \u00edt nh\u1ea5t 18 th\u00e1ng \u0111\u1ec3 mang l\u1ea1i c\u1ea3m nh\u1eadn c\u1ee7a h\u01b0\u01a1ng v\u1ecb kh\u00f3i.\" \/>\n<meta property=\"og:url\" content=\"https:\/\/alchemy-asia.com\/vi\/san-pham\/maestro-dobel-anejo-tequila\/\" \/>\n<meta property=\"og:site_name\" content=\"Alchemy Asia\" \/>\n<meta property=\"og:image\" content=\"https:\/\/alchemy-asia.com\/vi\/wp-content\/uploads\/sites\/3\/2024\/07\/Dobel-Anejo-cutout-Bottle-Shot-1024x1024.png\" \/>\n\t<meta property=\"og:image:width\" content=\"1024\" \/>\n\t<meta property=\"og:image:height\" content=\"1024\" \/>\n\t<meta property=\"og:image:type\" content=\"image\/png\" \/>\n<meta name=\"twitter:card\" content=\"summary_large_image\" \/>\n<meta name=\"twitter:label1\" content=\"\u01af\u1edbc t\u00ednh th\u1eddi gian \u0111\u1ecdc\" \/>\n\t<meta name=\"twitter:data1\" content=\"1 ph\u00fat\" \/>\n<script type=\"application\/ld+json\" class=\"yoast-schema-graph\">{\"@context\":\"https:\/\/schema.org\",\"@graph\":[{\"@type\":\"WebPage\",\"@id\":\"https:\/\/alchemy-asia.com\/vi\/san-pham\/maestro-dobel-anejo-tequila\/\",\"url\":\"https:\/\/alchemy-asia.com\/vi\/san-pham\/maestro-dobel-anejo-tequila\/\",\"name\":\"Maestro Dobel Anejo Tequila - Alchemy Asia\",\"isPartOf\":{\"@id\":\"https:\/\/alchemy-asia.com\/vi\/#website\"},\"primaryImageOfPage\":{\"@id\":\"https:\/\/alchemy-asia.com\/vi\/san-pham\/maestro-dobel-anejo-tequila\/#primaryimage\"},\"image\":{\"@id\":\"https:\/\/alchemy-asia.com\/vi\/san-pham\/maestro-dobel-anejo-tequila\/#primaryimage\"},\"thumbnailUrl\":\"https:\/\/alchemy-asia.com\/vi\/wp-content\/uploads\/sites\/3\/2024\/07\/Dobel-Anejo-cutout-Bottle-Shot.png\",\"datePublished\":\"2024-09-10T08:54:49+00:00\",\"dateModified\":\"2024-09-10T08:54:49+00:00\",\"breadcrumb\":{\"@id\":\"https:\/\/alchemy-asia.com\/vi\/san-pham\/maestro-dobel-anejo-tequila\/#breadcrumb\"},\"inLanguage\":\"vi\",\"potentialAction\":[{\"@type\":\"ReadAction\",\"target\":[\"https:\/\/alchemy-asia.com\/vi\/san-pham\/maestro-dobel-anejo-tequila\/\"]}]},{\"@type\":\"ImageObject\",\"inLanguage\":\"vi\",\"@id\":\"https:\/\/alchemy-asia.com\/vi\/san-pham\/maestro-dobel-anejo-tequila\/#primaryimage\",\"url\":\"https:\/\/alchemy-asia.com\/vi\/wp-content\/uploads\/sites\/3\/2024\/07\/Dobel-Anejo-cutout-Bottle-Shot.png\",\"contentUrl\":\"https:\/\/alchemy-asia.com\/vi\/wp-content\/uploads\/sites\/3\/2024\/07\/Dobel-Anejo-cutout-Bottle-Shot.png\",\"width\":5804,\"height\":5803,\"caption\":\"Maestro Dobel Anejo Tequila\"},{\"@type\":\"BreadcrumbList\",\"@id\":\"https:\/\/alchemy-asia.com\/vi\/san-pham\/maestro-dobel-anejo-tequila\/#breadcrumb\",\"itemListElement\":[{\"@type\":\"ListItem\",\"position\":1,\"name\":\"Home\",\"item\":\"https:\/\/alchemy-asia.com\/vi\/\"},{\"@type\":\"ListItem\",\"position\":2,\"name\":\"Maestro Dobel Anejo Tequila\"}]},{\"@type\":\"WebSite\",\"@id\":\"https:\/\/alchemy-asia.com\/vi\/#website\",\"url\":\"https:\/\/alchemy-asia.com\/vi\/\",\"name\":\"Alchemy Asia\",\"description\":\"Just another Alchemy Asia Sites site\",\"potentialAction\":[{\"@type\":\"SearchAction\",\"target\":{\"@type\":\"EntryPoint\",\"urlTemplate\":\"https:\/\/alchemy-asia.com\/vi\/?s={search_term_string}\"},\"query-input\":\"required name=search_term_string\"}],\"inLanguage\":\"vi\"}]}<\/script>\n<!-- \/ Yoast SEO plugin. -->","yoast_head_json":{"title":"Maestro Dobel Anejo Tequila - Alchemy Asia","robots":{"index":"index","follow":"follow","max-snippet":"max-snippet:-1","max-image-preview":"max-image-preview:large","max-video-preview":"max-video-preview:-1"},"canonical":"https:\/\/alchemy-asia.com\/vi\/san-pham\/maestro-dobel-anejo-tequila\/","og_locale":"vi_VN","og_type":"article","og_title":"Maestro Dobel Anejo Tequila - Alchemy Asia","og_description":"D\u00f2ng tequila l\u00e0m t\u1eeb 100% c\u00e2y th\u00f9a gai xanh \u0111\u01b0\u1ee3c \u1ee7 h\u01a1n 18 th\u00e1ng trong th\u00f9ng g\u1ed7 s\u1ed3i M\u1ef9. Anejo \u0111\u01b0\u1ee3c \u1ee7 c\u1ea9n th\u1eadn trong nh\u1eefng th\u00f9ng g\u1ed7 s\u1ed3i M\u1ef9 \u0111\u01b0\u1ee3c tuy\u1ec3n ch\u1ecdn trong \u00edt nh\u1ea5t 18 th\u00e1ng \u0111\u1ec3 mang l\u1ea1i c\u1ea3m nh\u1eadn c\u1ee7a h\u01b0\u01a1ng v\u1ecb kh\u00f3i.","og_url":"https:\/\/alchemy-asia.com\/vi\/san-pham\/maestro-dobel-anejo-tequila\/","og_site_name":"Alchemy Asia","og_image":[{"width":1024,"height":1024,"url":"https:\/\/alchemy-asia.com\/vi\/wp-content\/uploads\/sites\/3\/2024\/07\/Dobel-Anejo-cutout-Bottle-Shot-1024x1024.png","type":"image\/png"}],"twitter_card":"summary_large_image","twitter_misc":{"\u01af\u1edbc t\u00ednh th\u1eddi gian \u0111\u1ecdc":"1 ph\u00fat"},"schema":{"@context":"https:\/\/schema.org","@graph":[{"@type":"WebPage","@id":"https:\/\/alchemy-asia.com\/vi\/san-pham\/maestro-dobel-anejo-tequila\/","url":"https:\/\/alchemy-asia.com\/vi\/san-pham\/maestro-dobel-anejo-tequila\/","name":"Maestro Dobel Anejo Tequila - Alchemy Asia","isPartOf":{"@id":"https:\/\/alchemy-asia.com\/vi\/#website"},"primaryImageOfPage":{"@id":"https:\/\/alchemy-asia.com\/vi\/san-pham\/maestro-dobel-anejo-tequila\/#primaryimage"},"image":{"@id":"https:\/\/alchemy-asia.com\/vi\/san-pham\/maestro-dobel-anejo-tequila\/#primaryimage"},"thumbnailUrl":"https:\/\/alchemy-asia.com\/vi\/wp-content\/uploads\/sites\/3\/2024\/07\/Dobel-Anejo-cutout-Bottle-Shot.png","datePublished":"2024-09-10T08:54:49+00:00","dateModified":"2024-09-10T08:54:49+00:00","breadcrumb":{"@id":"https:\/\/alchemy-asia.com\/vi\/san-pham\/maestro-dobel-anejo-tequila\/#breadcrumb"},"inLanguage":"vi","potentialAction":[{"@type":"ReadAction","target":["https:\/\/alchemy-asia.com\/vi\/san-pham\/maestro-dobel-anejo-tequila\/"]}]},{"@type":"ImageObject","inLanguage":"vi","@id":"https:\/\/alchemy-asia.com\/vi\/san-pham\/maestro-dobel-anejo-tequila\/#primaryimage","url":"https:\/\/alchemy-asia.com\/vi\/wp-content\/uploads\/sites\/3\/2024\/07\/Dobel-Anejo-cutout-Bottle-Shot.png","contentUrl":"https:\/\/alchemy-asia.com\/vi\/wp-content\/uploads\/sites\/3\/2024\/07\/Dobel-Anejo-cutout-Bottle-Shot.png","width":5804,"height":5803,"caption":"Maestro Dobel Anejo Tequila"},{"@type":"BreadcrumbList","@id":"https:\/\/alchemy-asia.com\/vi\/san-pham\/maestro-dobel-anejo-tequila\/#breadcrumb","itemListElement":[{"@type":"ListItem","position":1,"name":"Home","item":"https:\/\/alchemy-asia.com\/vi\/"},{"@type":"ListItem","position":2,"name":"Maestro Dobel Anejo Tequila"}]},{"@type":"WebSite","@id":"https:\/\/alchemy-asia.com\/vi\/#website","url":"https:\/\/alchemy-asia.com\/vi\/","name":"Alchemy Asia","description":"Just another Alchemy Asia Sites site","potentialAction":[{"@type":"SearchAction","target":{"@type":"EntryPoint","urlTemplate":"https:\/\/alchemy-asia.com\/vi\/?s={search_term_string}"},"query-input":"required name=search_term_string"}],"inLanguage":"vi"}]}},"_links":{"self":[{"href":"https:\/\/alchemy-asia.com\/vi\/wp-json\/wp\/v2\/product\/8461","targetHints":{"allow":["GET"]}}],"collection":[{"href":"https:\/\/alchemy-asia.com\/vi\/wp-json\/wp\/v2\/product"}],"about":[{"href":"https:\/\/alchemy-asia.com\/vi\/wp-json\/wp\/v2\/types\/product"}],"replies":[{"embeddable":true,"href":"https:\/\/alchemy-asia.com\/vi\/wp-json\/wp\/v2\/comments?post=8461"}],"wp:featuredmedia":[{"embeddable":true,"href":"https:\/\/alchemy-asia.com\/vi\/wp-json\/wp\/v2\/media\/8463"}],"wp:attachment":[{"href":"https:\/\/alchemy-asia.com\/vi\/wp-json\/wp\/v2\/media?parent=8461"}],"wp:term":[{"taxonomy":"product_cat","embeddable":true,"href":"https:\/\/alchemy-asia.com\/vi\/wp-json\/wp\/v2\/product_cat?post=8461"},{"taxonomy":"product_tag","embeddable":true,"href":"https:\/\/alchemy-asia.com\/vi\/wp-json\/wp\/v2\/product_tag?post=8461"}],"curies":[{"name":"wp","href":"https:\/\/api.w.org\/{rel}","templated":true}]}}