{"id":8464,"date":"2024-09-10T08:33:53","date_gmt":"2024-09-10T08:33:53","guid":{"rendered":"https:\/\/alchemy-asia.com\/vi\/?post_type=product&#038;p=8464"},"modified":"2024-09-10T08:33:53","modified_gmt":"2024-09-10T08:33:53","slug":"bruichladdich-octomore-14-3-whisky","status":"publish","type":"product","link":"https:\/\/alchemy-asia.com\/vi\/san-pham\/bruichladdich-octomore-14-3-whisky\/","title":{"rendered":"Bruichladdich Octomore 14.3 Whisky"},"content":{"rendered":"","protected":false},"excerpt":{"rendered":"<p><span data-sheets-root=\"1\" data-sheets-value=\"{&quot;1&quot;:2,&quot;2&quot;:&quot;M\u00c0U S\u1eaeC\\nV\u00e0ng tinh khi\u1ebft\\n\\nH\u01af\u01a0NG TH\u01a0M\\nMang b\u1ea1n \u0111\u1ebfn v\u1edbi c\u1ea3m gi\u00e1c nh\u01b0 \u0111ang \u1edf Nh\u00e0 m\u00e1y R\u01b0\u1ee3u Bruichladdich, h\u01b0\u01a1ng v\u1ecb c\u1ee7a n\u01b0\u1edbc l\u00ean men n\u00f3ng, ng\u1ecdt ng\u00e0o, kh\u00f4ng th\u1ec3 nh\u1ea7m l\u1eabn tr\u00ean c\u00e1nh m\u0169i. M\u1ea1ch ng\u1ecdt, b\u00e1nh quy m\u1ec1m m\u1ecbn, theo sau b\u1edfi kh\u00f3i \u0111\u1ea5t v\u00e0 m\u1ed9t lo\u1ea1t c\u00e1c lo\u1ea1i tr\u00e1i c\u00e2y ng\u1ecdt ng\u00e0o, v\u1edbi m\u01a1 ch\u00edn, \u0111\u00e0o v\u00e0 l\u00ea \u0111\u01b0\u1ee3c t\u1ea9m \u0111\u01b0\u1eddng m\u1eadt. V\u1ecf chanh \u0111\u01b0\u1eddng quy\u1ec7n th\u00eam m\u1ed9t ch\u00fat h\u01b0\u01a1ng v\u1ecb c\u1ee7a cam, c\u00e2n b\u1eb1ng v\u1edbi k\u1eb9o b\u01a1, m\u1eadt ong, s\u00f4 c\u00f4 la v\u00e0 kem vani.\\n\\nH\u01af\u01a0NG V\u1eca \\nN\u1ed1t g\u1ed7 s\u1ed3i tinh t\u1ebf ngay l\u1eadp t\u1ee9c lan t\u1ecfa, n\u1ed1i ti\u1ebfp l\u00e0 h\u01b0\u01a1ng th\u01a1m c\u1ee7a kh\u00f3i \u0111\u1ea5t. H\u01b0\u01a1ng hoa c\u1ee7a c\u00e2y b\u1ee5i v\u00e0 hoa d\u1ea1i v\u01b0\u01a1n l\u00ean tr\u00ean l\u00faa m\u1ea1ch t\u1eeb Islay, n\u1ed3ng n\u00e0n v\u00e0 ng\u1ecdt ng\u00e0o v\u1edbi l\u00faa y\u1ebfn m\u1ea1ch v\u00e0 ng\u0169 c\u1ed1c. K\u1ebft c\u1ea5u c\u1ee7a g\u1ed7 s\u1ed3i Ph\u00e1p c\u00f9ng v\u1edbi vani ng\u1ecdt v\u00e0 k\u1eb9o b\u01a1 c\u1ee7a g\u1ed7 s\u1ed3i M\u1ef9 k\u1ebft h\u1ee3p th\u1eadt tuy\u1ec7t v\u1eddi, mang l\u1ea1i s\u1ef1 c\u00e2n b\u1eb1ng h\u00e0i h\u00f2a cho v\u00f2m mi\u1ec7ng.\\n\\nH\u1eacU V\u1eca\\nL\u00faa m\u1ea1ch l\u00ean men v\u00e0 kh\u00f3i \u0111\u1ea5t chi\u1ebfm \u01b0u th\u1ebf, \u0111\u01b0\u1ee3c theo sau b\u1edfi nh\u1eefng n\u1ed1t h\u01b0\u01a1ng v\u1ec1 \u0111\u01b0\u1eddng m\u1ea1ch ng\u1ecdt ng\u00e0o v\u1eabn c\u00f2n \u0111\u1ecdng l\u1ea1i. Caramel v\u00e0 vani t\u1ea1o n\u00ean c\u1ea3m gi\u00e1c m\u1ed9t ch\u00fat h\u01b0\u01a1ng v\u1ecb ng\u1ecdt ng\u00e0o tr\u00f2n tr\u1ecba.\\n&quot;}\" data-sheets-userformat=\"{&quot;2&quot;:15359,&quot;3&quot;:{&quot;1&quot;:0},&quot;4&quot;:{&quot;1&quot;:2,&quot;2&quot;:16777215},&quot;5&quot;:{&quot;1&quot;:[{&quot;1&quot;:2,&quot;2&quot;:0,&quot;5&quot;:{&quot;1&quot;:2,&quot;2&quot;:0}},{&quot;1&quot;:0,&quot;2&quot;:0,&quot;3&quot;:3},{&quot;1&quot;:1,&quot;2&quot;:0,&quot;4&quot;:1}]},&quot;6&quot;:{&quot;1&quot;:[{&quot;1&quot;:2,&quot;2&quot;:0,&quot;5&quot;:{&quot;1&quot;:2,&quot;2&quot;:0}},{&quot;1&quot;:0,&quot;2&quot;:0,&quot;3&quot;:3},{&quot;1&quot;:1,&quot;2&quot;:0,&quot;4&quot;:1}]},&quot;7&quot;:{&quot;1&quot;:[{&quot;1&quot;:2,&quot;2&quot;:0,&quot;5&quot;:{&quot;1&quot;:2,&quot;2&quot;:0}},{&quot;1&quot;:0,&quot;2&quot;:0,&quot;3&quot;:3},{&quot;1&quot;:1,&quot;2&quot;:0,&quot;4&quot;:1}]},&quot;8&quot;:{&quot;1&quot;:[{&quot;1&quot;:2,&quot;2&quot;:0,&quot;5&quot;:{&quot;1&quot;:2,&quot;2&quot;:0}},{&quot;1&quot;:0,&quot;2&quot;:0,&quot;3&quot;:3},{&quot;1&quot;:1,&quot;2&quot;:0,&quot;4&quot;:1}]},&quot;9&quot;:0,&quot;10&quot;:1,&quot;11&quot;:4,&quot;12&quot;:0,&quot;14&quot;:{&quot;1&quot;:2,&quot;2&quot;:0},&quot;15&quot;:&quot;Arial&quot;,&quot;16&quot;:11}\" data-sheets-textstyleruns=\"{&quot;1&quot;:0,&quot;2&quot;:{&quot;5&quot;:1}}\uee10{&quot;1&quot;:7}\uee10{&quot;1&quot;:25,&quot;2&quot;:{&quot;5&quot;:1}}\uee10{&quot;1&quot;:35}\uee10{&quot;1&quot;:420,&quot;2&quot;:{&quot;5&quot;:1}}\uee10{&quot;1&quot;:428}\uee10{&quot;1&quot;:761,&quot;2&quot;:{&quot;5&quot;:1}}\uee10{&quot;1&quot;:767}\">M\u00c0U S\u1eaeC<br \/>\nV\u00e0ng tinh khi\u1ebft<\/span><\/p>\n<p>H\u01af\u01a0NG TH\u01a0M<br \/>\nMang b\u1ea1n \u0111\u1ebfn v\u1edbi c\u1ea3m gi\u00e1c nh\u01b0 \u0111ang \u1edf Nh\u00e0 m\u00e1y R\u01b0\u1ee3u Bruichladdich, h\u01b0\u01a1ng v\u1ecb c\u1ee7a n\u01b0\u1edbc l\u00ean men n\u00f3ng, ng\u1ecdt ng\u00e0o, kh\u00f4ng th\u1ec3 nh\u1ea7m l\u1eabn tr\u00ean c\u00e1nh m\u0169i. M\u1ea1ch ng\u1ecdt, b\u00e1nh quy m\u1ec1m m\u1ecbn, theo sau b\u1edfi kh\u00f3i \u0111\u1ea5t v\u00e0 m\u1ed9t lo\u1ea1t c\u00e1c lo\u1ea1i tr\u00e1i c\u00e2y ng\u1ecdt ng\u00e0o, v\u1edbi m\u01a1 ch\u00edn, \u0111\u00e0o v\u00e0 l\u00ea \u0111\u01b0\u1ee3c t\u1ea9m \u0111\u01b0\u1eddng m\u1eadt. V\u1ecf chanh \u0111\u01b0\u1eddng quy\u1ec7n th\u00eam m\u1ed9t ch\u00fat h\u01b0\u01a1ng v\u1ecb c\u1ee7a cam, c\u00e2n b\u1eb1ng v\u1edbi k\u1eb9o b\u01a1, m\u1eadt ong, s\u00f4 c\u00f4 la v\u00e0 kem vani.<\/p>\n<p>H\u01af\u01a0NG V\u1eca<br \/>\nN\u1ed1t g\u1ed7 s\u1ed3i tinh t\u1ebf ngay l\u1eadp t\u1ee9c lan t\u1ecfa, n\u1ed1i ti\u1ebfp l\u00e0 h\u01b0\u01a1ng th\u01a1m c\u1ee7a kh\u00f3i \u0111\u1ea5t. H\u01b0\u01a1ng hoa c\u1ee7a c\u00e2y b\u1ee5i v\u00e0 hoa d\u1ea1i v\u01b0\u01a1n l\u00ean tr\u00ean l\u00faa m\u1ea1ch t\u1eeb Islay, n\u1ed3ng n\u00e0n v\u00e0 ng\u1ecdt ng\u00e0o v\u1edbi l\u00faa y\u1ebfn m\u1ea1ch v\u00e0 ng\u0169 c\u1ed1c. K\u1ebft c\u1ea5u c\u1ee7a g\u1ed7 s\u1ed3i Ph\u00e1p c\u00f9ng v\u1edbi vani ng\u1ecdt v\u00e0 k\u1eb9o b\u01a1 c\u1ee7a g\u1ed7 s\u1ed3i M\u1ef9 k\u1ebft h\u1ee3p th\u1eadt tuy\u1ec7t v\u1eddi, mang l\u1ea1i s\u1ef1 c\u00e2n b\u1eb1ng h\u00e0i h\u00f2a cho v\u00f2m mi\u1ec7ng.<\/p>\n<p>H\u1eacU V\u1eca<br \/>\nL\u00faa m\u1ea1ch l\u00ean men v\u00e0 kh\u00f3i \u0111\u1ea5t chi\u1ebfm \u01b0u th\u1ebf, \u0111\u01b0\u1ee3c theo sau b\u1edfi nh\u1eefng n\u1ed1t h\u01b0\u01a1ng v\u1ec1 \u0111\u01b0\u1eddng m\u1ea1ch ng\u1ecdt ng\u00e0o v\u1eabn c\u00f2n \u0111\u1ecdng l\u1ea1i. Caramel v\u00e0 vani t\u1ea1o n\u00ean c\u1ea3m gi\u00e1c m\u1ed9t ch\u00fat h\u01b0\u01a1ng v\u1ecb ng\u1ecdt ng\u00e0o tr\u00f2n tr\u1ecba.<\/p>\n","protected":false},"featured_media":8466,"comment_status":"open","ping_status":"closed","template":"","meta":{"_acf_changed":false},"product_cat":[58],"product_tag":[],"class_list":{"0":"post-8464","1":"product","2":"type-product","3":"status-publish","4":"has-post-thumbnail","6":"product_cat-scotch-whisky-single-malt","7":"brand-octomore","8":"brand-bruichladdich","10":"first","11":"instock","12":"shipping-taxable","13":"product-type-simple"},"acf":[],"yoast_head":"<!-- This site is optimized with the Yoast SEO plugin v23.0 - https:\/\/yoast.com\/wordpress\/plugins\/seo\/ -->\n<title>Bruichladdich Octomore 14.3 Whisky - Alchemy Asia<\/title>\n<meta name=\"robots\" content=\"index, follow, max-snippet:-1, max-image-preview:large, max-video-preview:-1\" \/>\n<link rel=\"canonical\" href=\"https:\/\/alchemy-asia.com\/vi\/san-pham\/bruichladdich-octomore-14-3-whisky\/\" \/>\n<meta property=\"og:locale\" content=\"vi_VN\" \/>\n<meta property=\"og:type\" content=\"article\" \/>\n<meta property=\"og:title\" content=\"Bruichladdich Octomore 14.3 Whisky - Alchemy Asia\" \/>\n<meta property=\"og:description\" content=\"M\u00c0U S\u1eaeC V\u00e0ng tinh khi\u1ebft  H\u01af\u01a0NG TH\u01a0M Mang b\u1ea1n \u0111\u1ebfn v\u1edbi c\u1ea3m gi\u00e1c nh\u01b0 \u0111ang \u1edf Nh\u00e0 m\u00e1y R\u01b0\u1ee3u Bruichladdich, h\u01b0\u01a1ng v\u1ecb c\u1ee7a n\u01b0\u1edbc l\u00ean men n\u00f3ng, ng\u1ecdt ng\u00e0o, kh\u00f4ng th\u1ec3 nh\u1ea7m l\u1eabn tr\u00ean c\u00e1nh m\u0169i. M\u1ea1ch ng\u1ecdt, b\u00e1nh quy m\u1ec1m m\u1ecbn, theo sau b\u1edfi kh\u00f3i \u0111\u1ea5t v\u00e0 m\u1ed9t lo\u1ea1t c\u00e1c lo\u1ea1i tr\u00e1i c\u00e2y ng\u1ecdt ng\u00e0o, v\u1edbi m\u01a1 ch\u00edn, \u0111\u00e0o v\u00e0 l\u00ea \u0111\u01b0\u1ee3c t\u1ea9m \u0111\u01b0\u1eddng m\u1eadt. V\u1ecf chanh \u0111\u01b0\u1eddng quy\u1ec7n th\u00eam m\u1ed9t ch\u00fat h\u01b0\u01a1ng v\u1ecb c\u1ee7a cam, c\u00e2n b\u1eb1ng v\u1edbi k\u1eb9o b\u01a1, m\u1eadt ong, s\u00f4 c\u00f4 la v\u00e0 kem vani.  H\u01af\u01a0NG V\u1eca N\u1ed1t g\u1ed7 s\u1ed3i tinh t\u1ebf ngay l\u1eadp t\u1ee9c lan t\u1ecfa, n\u1ed1i ti\u1ebfp l\u00e0 h\u01b0\u01a1ng th\u01a1m c\u1ee7a kh\u00f3i \u0111\u1ea5t. H\u01b0\u01a1ng hoa c\u1ee7a c\u00e2y b\u1ee5i v\u00e0 hoa d\u1ea1i v\u01b0\u01a1n l\u00ean tr\u00ean l\u00faa m\u1ea1ch t\u1eeb Islay, n\u1ed3ng n\u00e0n v\u00e0 ng\u1ecdt ng\u00e0o v\u1edbi l\u00faa y\u1ebfn m\u1ea1ch v\u00e0 ng\u0169 c\u1ed1c. K\u1ebft c\u1ea5u c\u1ee7a g\u1ed7 s\u1ed3i Ph\u00e1p c\u00f9ng v\u1edbi vani ng\u1ecdt v\u00e0 k\u1eb9o b\u01a1 c\u1ee7a g\u1ed7 s\u1ed3i M\u1ef9 k\u1ebft h\u1ee3p th\u1eadt tuy\u1ec7t v\u1eddi, mang l\u1ea1i s\u1ef1 c\u00e2n b\u1eb1ng h\u00e0i h\u00f2a cho v\u00f2m mi\u1ec7ng.  H\u1eacU V\u1eca L\u00faa m\u1ea1ch l\u00ean men v\u00e0 kh\u00f3i \u0111\u1ea5t chi\u1ebfm \u01b0u th\u1ebf, \u0111\u01b0\u1ee3c theo sau b\u1edfi nh\u1eefng n\u1ed1t h\u01b0\u01a1ng v\u1ec1 \u0111\u01b0\u1eddng m\u1ea1ch ng\u1ecdt ng\u00e0o v\u1eabn c\u00f2n \u0111\u1ecdng l\u1ea1i. Caramel v\u00e0 vani t\u1ea1o n\u00ean c\u1ea3m gi\u00e1c m\u1ed9t ch\u00fat h\u01b0\u01a1ng v\u1ecb ng\u1ecdt ng\u00e0o tr\u00f2n tr\u1ecba.\" \/>\n<meta property=\"og:url\" content=\"https:\/\/alchemy-asia.com\/vi\/san-pham\/bruichladdich-octomore-14-3-whisky\/\" \/>\n<meta property=\"og:site_name\" content=\"Alchemy Asia\" \/>\n<meta property=\"og:image\" content=\"https:\/\/alchemy-asia.com\/vi\/wp-content\/uploads\/sites\/3\/2024\/07\/Bruichladdich-Octomore-14.3-Whisky.png\" \/>\n\t<meta property=\"og:image:width\" content=\"2100\" \/>\n\t<meta property=\"og:image:height\" content=\"2100\" \/>\n\t<meta property=\"og:image:type\" content=\"image\/png\" \/>\n<meta name=\"twitter:card\" content=\"summary_large_image\" \/>\n<meta name=\"twitter:label1\" content=\"\u01af\u1edbc t\u00ednh th\u1eddi gian \u0111\u1ecdc\" \/>\n\t<meta name=\"twitter:data1\" content=\"1 ph\u00fat\" \/>\n<script type=\"application\/ld+json\" class=\"yoast-schema-graph\">{\"@context\":\"https:\/\/schema.org\",\"@graph\":[{\"@type\":\"WebPage\",\"@id\":\"https:\/\/alchemy-asia.com\/vi\/san-pham\/bruichladdich-octomore-14-3-whisky\/\",\"url\":\"https:\/\/alchemy-asia.com\/vi\/san-pham\/bruichladdich-octomore-14-3-whisky\/\",\"name\":\"Bruichladdich Octomore 14.3 Whisky - Alchemy Asia\",\"isPartOf\":{\"@id\":\"https:\/\/alchemy-asia.com\/vi\/#website\"},\"primaryImageOfPage\":{\"@id\":\"https:\/\/alchemy-asia.com\/vi\/san-pham\/bruichladdich-octomore-14-3-whisky\/#primaryimage\"},\"image\":{\"@id\":\"https:\/\/alchemy-asia.com\/vi\/san-pham\/bruichladdich-octomore-14-3-whisky\/#primaryimage\"},\"thumbnailUrl\":\"https:\/\/alchemy-asia.com\/vi\/wp-content\/uploads\/sites\/3\/2024\/07\/Bruichladdich-Octomore-14.3-Whisky.png\",\"datePublished\":\"2024-09-10T08:33:53+00:00\",\"dateModified\":\"2024-09-10T08:33:53+00:00\",\"breadcrumb\":{\"@id\":\"https:\/\/alchemy-asia.com\/vi\/san-pham\/bruichladdich-octomore-14-3-whisky\/#breadcrumb\"},\"inLanguage\":\"vi\",\"potentialAction\":[{\"@type\":\"ReadAction\",\"target\":[\"https:\/\/alchemy-asia.com\/vi\/san-pham\/bruichladdich-octomore-14-3-whisky\/\"]}]},{\"@type\":\"ImageObject\",\"inLanguage\":\"vi\",\"@id\":\"https:\/\/alchemy-asia.com\/vi\/san-pham\/bruichladdich-octomore-14-3-whisky\/#primaryimage\",\"url\":\"https:\/\/alchemy-asia.com\/vi\/wp-content\/uploads\/sites\/3\/2024\/07\/Bruichladdich-Octomore-14.3-Whisky.png\",\"contentUrl\":\"https:\/\/alchemy-asia.com\/vi\/wp-content\/uploads\/sites\/3\/2024\/07\/Bruichladdich-Octomore-14.3-Whisky.png\",\"width\":2100,\"height\":2100,\"caption\":\"Bruichladdich Octomore 14.3 Whisky\"},{\"@type\":\"BreadcrumbList\",\"@id\":\"https:\/\/alchemy-asia.com\/vi\/san-pham\/bruichladdich-octomore-14-3-whisky\/#breadcrumb\",\"itemListElement\":[{\"@type\":\"ListItem\",\"position\":1,\"name\":\"Home\",\"item\":\"https:\/\/alchemy-asia.com\/vi\/\"},{\"@type\":\"ListItem\",\"position\":2,\"name\":\"Bruichladdich Octomore 14.3 Whisky\"}]},{\"@type\":\"WebSite\",\"@id\":\"https:\/\/alchemy-asia.com\/vi\/#website\",\"url\":\"https:\/\/alchemy-asia.com\/vi\/\",\"name\":\"Alchemy Asia\",\"description\":\"Just another Alchemy Asia Sites site\",\"potentialAction\":[{\"@type\":\"SearchAction\",\"target\":{\"@type\":\"EntryPoint\",\"urlTemplate\":\"https:\/\/alchemy-asia.com\/vi\/?s={search_term_string}\"},\"query-input\":\"required name=search_term_string\"}],\"inLanguage\":\"vi\"}]}<\/script>\n<!-- \/ Yoast SEO plugin. -->","yoast_head_json":{"title":"Bruichladdich Octomore 14.3 Whisky - Alchemy Asia","robots":{"index":"index","follow":"follow","max-snippet":"max-snippet:-1","max-image-preview":"max-image-preview:large","max-video-preview":"max-video-preview:-1"},"canonical":"https:\/\/alchemy-asia.com\/vi\/san-pham\/bruichladdich-octomore-14-3-whisky\/","og_locale":"vi_VN","og_type":"article","og_title":"Bruichladdich Octomore 14.3 Whisky - Alchemy Asia","og_description":"M\u00c0U S\u1eaeC V\u00e0ng tinh khi\u1ebft  H\u01af\u01a0NG TH\u01a0M Mang b\u1ea1n \u0111\u1ebfn v\u1edbi c\u1ea3m gi\u00e1c nh\u01b0 \u0111ang \u1edf Nh\u00e0 m\u00e1y R\u01b0\u1ee3u Bruichladdich, h\u01b0\u01a1ng v\u1ecb c\u1ee7a n\u01b0\u1edbc l\u00ean men n\u00f3ng, ng\u1ecdt ng\u00e0o, kh\u00f4ng th\u1ec3 nh\u1ea7m l\u1eabn tr\u00ean c\u00e1nh m\u0169i. M\u1ea1ch ng\u1ecdt, b\u00e1nh quy m\u1ec1m m\u1ecbn, theo sau b\u1edfi kh\u00f3i \u0111\u1ea5t v\u00e0 m\u1ed9t lo\u1ea1t c\u00e1c lo\u1ea1i tr\u00e1i c\u00e2y ng\u1ecdt ng\u00e0o, v\u1edbi m\u01a1 ch\u00edn, \u0111\u00e0o v\u00e0 l\u00ea \u0111\u01b0\u1ee3c t\u1ea9m \u0111\u01b0\u1eddng m\u1eadt. V\u1ecf chanh \u0111\u01b0\u1eddng quy\u1ec7n th\u00eam m\u1ed9t ch\u00fat h\u01b0\u01a1ng v\u1ecb c\u1ee7a cam, c\u00e2n b\u1eb1ng v\u1edbi k\u1eb9o b\u01a1, m\u1eadt ong, s\u00f4 c\u00f4 la v\u00e0 kem vani.  H\u01af\u01a0NG V\u1eca N\u1ed1t g\u1ed7 s\u1ed3i tinh t\u1ebf ngay l\u1eadp t\u1ee9c lan t\u1ecfa, n\u1ed1i ti\u1ebfp l\u00e0 h\u01b0\u01a1ng th\u01a1m c\u1ee7a kh\u00f3i \u0111\u1ea5t. H\u01b0\u01a1ng hoa c\u1ee7a c\u00e2y b\u1ee5i v\u00e0 hoa d\u1ea1i v\u01b0\u01a1n l\u00ean tr\u00ean l\u00faa m\u1ea1ch t\u1eeb Islay, n\u1ed3ng n\u00e0n v\u00e0 ng\u1ecdt ng\u00e0o v\u1edbi l\u00faa y\u1ebfn m\u1ea1ch v\u00e0 ng\u0169 c\u1ed1c. K\u1ebft c\u1ea5u c\u1ee7a g\u1ed7 s\u1ed3i Ph\u00e1p c\u00f9ng v\u1edbi vani ng\u1ecdt v\u00e0 k\u1eb9o b\u01a1 c\u1ee7a g\u1ed7 s\u1ed3i M\u1ef9 k\u1ebft h\u1ee3p th\u1eadt tuy\u1ec7t v\u1eddi, mang l\u1ea1i s\u1ef1 c\u00e2n b\u1eb1ng h\u00e0i h\u00f2a cho v\u00f2m mi\u1ec7ng.  H\u1eacU V\u1eca L\u00faa m\u1ea1ch l\u00ean men v\u00e0 kh\u00f3i \u0111\u1ea5t chi\u1ebfm \u01b0u th\u1ebf, \u0111\u01b0\u1ee3c theo sau b\u1edfi nh\u1eefng n\u1ed1t h\u01b0\u01a1ng v\u1ec1 \u0111\u01b0\u1eddng m\u1ea1ch ng\u1ecdt ng\u00e0o v\u1eabn c\u00f2n \u0111\u1ecdng l\u1ea1i. Caramel v\u00e0 vani t\u1ea1o n\u00ean c\u1ea3m gi\u00e1c m\u1ed9t ch\u00fat h\u01b0\u01a1ng v\u1ecb ng\u1ecdt ng\u00e0o tr\u00f2n tr\u1ecba.","og_url":"https:\/\/alchemy-asia.com\/vi\/san-pham\/bruichladdich-octomore-14-3-whisky\/","og_site_name":"Alchemy Asia","og_image":[{"width":2100,"height":2100,"url":"https:\/\/alchemy-asia.com\/vi\/wp-content\/uploads\/sites\/3\/2024\/07\/Bruichladdich-Octomore-14.3-Whisky.png","type":"image\/png"}],"twitter_card":"summary_large_image","twitter_misc":{"\u01af\u1edbc t\u00ednh th\u1eddi gian \u0111\u1ecdc":"1 ph\u00fat"},"schema":{"@context":"https:\/\/schema.org","@graph":[{"@type":"WebPage","@id":"https:\/\/alchemy-asia.com\/vi\/san-pham\/bruichladdich-octomore-14-3-whisky\/","url":"https:\/\/alchemy-asia.com\/vi\/san-pham\/bruichladdich-octomore-14-3-whisky\/","name":"Bruichladdich Octomore 14.3 Whisky - Alchemy Asia","isPartOf":{"@id":"https:\/\/alchemy-asia.com\/vi\/#website"},"primaryImageOfPage":{"@id":"https:\/\/alchemy-asia.com\/vi\/san-pham\/bruichladdich-octomore-14-3-whisky\/#primaryimage"},"image":{"@id":"https:\/\/alchemy-asia.com\/vi\/san-pham\/bruichladdich-octomore-14-3-whisky\/#primaryimage"},"thumbnailUrl":"https:\/\/alchemy-asia.com\/vi\/wp-content\/uploads\/sites\/3\/2024\/07\/Bruichladdich-Octomore-14.3-Whisky.png","datePublished":"2024-09-10T08:33:53+00:00","dateModified":"2024-09-10T08:33:53+00:00","breadcrumb":{"@id":"https:\/\/alchemy-asia.com\/vi\/san-pham\/bruichladdich-octomore-14-3-whisky\/#breadcrumb"},"inLanguage":"vi","potentialAction":[{"@type":"ReadAction","target":["https:\/\/alchemy-asia.com\/vi\/san-pham\/bruichladdich-octomore-14-3-whisky\/"]}]},{"@type":"ImageObject","inLanguage":"vi","@id":"https:\/\/alchemy-asia.com\/vi\/san-pham\/bruichladdich-octomore-14-3-whisky\/#primaryimage","url":"https:\/\/alchemy-asia.com\/vi\/wp-content\/uploads\/sites\/3\/2024\/07\/Bruichladdich-Octomore-14.3-Whisky.png","contentUrl":"https:\/\/alchemy-asia.com\/vi\/wp-content\/uploads\/sites\/3\/2024\/07\/Bruichladdich-Octomore-14.3-Whisky.png","width":2100,"height":2100,"caption":"Bruichladdich Octomore 14.3 Whisky"},{"@type":"BreadcrumbList","@id":"https:\/\/alchemy-asia.com\/vi\/san-pham\/bruichladdich-octomore-14-3-whisky\/#breadcrumb","itemListElement":[{"@type":"ListItem","position":1,"name":"Home","item":"https:\/\/alchemy-asia.com\/vi\/"},{"@type":"ListItem","position":2,"name":"Bruichladdich Octomore 14.3 Whisky"}]},{"@type":"WebSite","@id":"https:\/\/alchemy-asia.com\/vi\/#website","url":"https:\/\/alchemy-asia.com\/vi\/","name":"Alchemy Asia","description":"Just another Alchemy Asia Sites site","potentialAction":[{"@type":"SearchAction","target":{"@type":"EntryPoint","urlTemplate":"https:\/\/alchemy-asia.com\/vi\/?s={search_term_string}"},"query-input":"required name=search_term_string"}],"inLanguage":"vi"}]}},"_links":{"self":[{"href":"https:\/\/alchemy-asia.com\/vi\/wp-json\/wp\/v2\/product\/8464","targetHints":{"allow":["GET"]}}],"collection":[{"href":"https:\/\/alchemy-asia.com\/vi\/wp-json\/wp\/v2\/product"}],"about":[{"href":"https:\/\/alchemy-asia.com\/vi\/wp-json\/wp\/v2\/types\/product"}],"replies":[{"embeddable":true,"href":"https:\/\/alchemy-asia.com\/vi\/wp-json\/wp\/v2\/comments?post=8464"}],"wp:featuredmedia":[{"embeddable":true,"href":"https:\/\/alchemy-asia.com\/vi\/wp-json\/wp\/v2\/media\/8466"}],"wp:attachment":[{"href":"https:\/\/alchemy-asia.com\/vi\/wp-json\/wp\/v2\/media?parent=8464"}],"wp:term":[{"taxonomy":"product_cat","embeddable":true,"href":"https:\/\/alchemy-asia.com\/vi\/wp-json\/wp\/v2\/product_cat?post=8464"},{"taxonomy":"product_tag","embeddable":true,"href":"https:\/\/alchemy-asia.com\/vi\/wp-json\/wp\/v2\/product_tag?post=8464"}],"curies":[{"name":"wp","href":"https:\/\/api.w.org\/{rel}","templated":true}]}}