{"id":8467,"date":"2024-09-10T08:33:45","date_gmt":"2024-09-10T08:33:45","guid":{"rendered":"https:\/\/alchemy-asia.com\/vi\/?post_type=product&#038;p=8467"},"modified":"2024-09-10T08:33:45","modified_gmt":"2024-09-10T08:33:45","slug":"bruichladdich-port-charlotte-islay-barley-2013-whisky","status":"publish","type":"product","link":"https:\/\/alchemy-asia.com\/vi\/san-pham\/bruichladdich-port-charlotte-islay-barley-2013-whisky\/","title":{"rendered":"Bruichladdich Port Charlotte Islay Barley 2013 Whisky"},"content":{"rendered":"","protected":false},"excerpt":{"rendered":"<p><span data-sheets-root=\"1\" data-sheets-value=\"{&quot;1&quot;:2,&quot;2&quot;:&quot;M\u00c0U S\u1eaeC\\nHoa Gorse nh\u1ea1t\\n\\nH\u01af\u01a0NG TH\u01a0M\\nH\u01b0\u01a1ng hoa tinh t\u1ebf c\u1ee7a hoa hu\u1ec7 v\u00e0 hoa phong l\u1eef tr\u01b0\u1edbc h\u01b0\u01a1ng cam \u1ea5m \u00e1p v\u00e0 kh\u00f3i than b\u00f9n kh\u00f4 mang l\u1ea1i. B\u00ean c\u1ea1nh \u0111\u00f3, b\u00e1nh banoffee v\u00e0 b\u00e1nh quy t\u1ecfa ra t\u1eeb ph\u00eda sau l\u00e0n kh\u00f3i than b\u00f9n v\u00e0 mang h\u01b0\u01a1ng v\u1ecb c\u1ee7a m\u1ea1ch nha, tr\u00e1i c\u00e2y. D\u1eeba v\u00e0 l\u00faa m\u1ea1ch xen l\u1eabn v\u1edbi m\u01a1 v\u00e0 d\u01b0a. H\u01b0\u01a1ng th\u01a1m th\u1eadt quy\u1ebfn r\u0169; V\u1ecb ng\u1ecdt c\u1ee7a g\u1ed7 s\u1ed3i v\u00e0 h\u01b0\u01a1ng phenolic nh\u01b0 cao su n\u1ed5i b\u1eadt \u0111\u01b0\u1ee3c c\u00e2n b\u1eb1ng ho\u00e0n h\u1ea3o v\u1edbi h\u01b0\u01a1ng tr\u00e1i c\u00e2y v\u00e0 h\u01b0\u01a1ng hoa trong qu\u00e1 tr\u00ecnh l\u00ean men v\u00e0 ch\u01b0ng c\u1ea5t ch\u1eadm r\u00e3i, c\u1ea9n th\u1eadn c\u1ee7a ch\u00fang t\u00f4i.\\n\\nH\u01af\u01a0NG V\u1eca\\nH\u01b0\u01a1ng v\u1ecb \u0111\u1ea7u ti\u00ean l\u00e0 m\u1ed9t \u0111i\u1ec1u k\u1ef3 di\u1ec7u; t\u1ea5t c\u1ea3 c\u00f9ng m\u1ed9t l\u00fac, v\u1ecb m\u1eb7n, v\u1ecb tr\u00e1i c\u00e2y, kh\u00f3i than b\u00f9n nh\u1eb9 v\u00e0 v\u1ecb g\u1ed7 s\u1ed3i ng\u1ecdt ng\u00e0o th\u1ec3 hi\u1ec7n s\u1ef1 hi\u1ec7n di\u1ec7n c\u1ee7a ch\u00fang trong m\u1ed9t v\u00f2ng xo\u00e1y ph\u1ee9c t\u1ea1p v\u00e0 l\u00f4i k\u00e9o b\u1ea1n quay tr\u1edf l\u1ea1i. R\u01b0\u1ee3u c\u00f3 k\u1ebft c\u1ea5u tuy\u1ec7t v\u1eddi khi \u1ee7 trong g\u1ed7 s\u1ed3i s\u1ebd \u0111\u01b0\u1ee3c l\u1ef1a ch\u1ecdn c\u1ea9n th\u1eadn, t\u1ea1o ra h\u01b0\u01a1ng h\u1ea1nh nh\u00e2n tinh t\u1ebf k\u1ebft h\u1ee3p v\u1edbi d\u1eeba, caramel, vani v\u00e0 \u0111\u01b0\u1eddng muscovado. Kh\u00f3i than b\u00f9n trong lo\u1ea1i d\u00f2ng whisky n\u00e0y v\u1eabn \u0111\u01b0\u1ee3c c\u00e2n b\u1eb1ng tuy\u1ec7t h\u1ea3o h\u01a1n bao gi\u1edd h\u1ebft, len l\u1ecfi qua c\u00e1c th\u00e0nh ph\u1ea7n, l\u00e0m n\u1ed5i b\u1eadt ch\u00fang nh\u01b0ng kh\u00f4ng l\u1ea5n \u00e1t nhau. M\u1ed9t d\u00f2ng r\u01b0\u1ee3u nh\u1eb9 nh\u00e0ng trong v\u00f2m mi\u1ec7ng nh\u01b0ng l\u1ea1i c\u00f3 h\u01b0\u01a1ng v\u1ecb v\u00f4 c\u00f9ng s\u00e2u s\u1eafc.\\n\\nH\u1eacU V\u1eca\\nH\u1eadu v\u1ecb m\u1ed9t l\u1ea7n n\u1eefa cho th\u1ea5y \u0111\u00e2y l\u00e0 s\u1ef1 c\u00e2n b\u1eb1ng m\u00e0 ch\u00fang t\u00f4i \u0111ang t\u00ecm ki\u1ebfm. H\u01b0\u01a1ng kh\u00f3i, tr\u00e1i c\u00e2y, g\u1ed7 s\u1ed3i v\u00e0 hoa h\u00f2a tan v\u00e0o nhau, k\u1ebft c\u1ea5u \u0111\u1eb7c qu\u00e1nh tuy\u1ec7t \u0111\u1eb9p cho ph\u00e9p h\u01b0\u01a1ng d\u01b0a, \u0111\u00e0o v\u00e0 anh \u0111\u00e0o lan t\u1ecfa tr\u01b0\u1edbc khi l\u1eafng \u0111\u1ecdng th\u00e0nh than h\u1ed3ng kh\u00f4 trong l\u00f2 s\u01b0\u1edfi.\\n\\nB\u1ea2N CH\u1ea4T\\nL\u00faa m\u1ea1ch \u0111\u01b0\u1ee3c tr\u1ed3ng \u1edf Islay mang l\u1ea1i r\u1ea5t nhi\u1ec1u s\u1ef1 ph\u1ee9c t\u1ea1p cho b\u1ea3n ch\u1ea5t c\u1ee7a d\u00f2ng r\u01b0\u1ee3u whisky n\u00e0y. Kh\u00f3i than b\u00f9n \u1edf Port Charlotte, h\u01a1n bao gi\u1edd h\u1ebft, g\u1ee3i l\u00ean m\u1ed9t phong c\u00e1ch Islay truy\u1ec1n th\u1ed1ng tuy\u1ec7t \u0111\u1eb9p. S\u1ef1 tinh khi\u1ebft t\u1eeb qu\u00e1 tr\u00ecnh ch\u01b0ng c\u1ea5t v\u00e0 s\u1ef1 ph\u1ee9c t\u1ea1p c\u1ee7a qu\u00e1 tr\u00ecnh tr\u01b0\u1edfng th\u00e0nh mang t\u1ea5t c\u1ea3 c\u00e1c th\u00e0nh ph\u1ea7n l\u1ea1i v\u1edbi nhau m\u1ed9t c\u00e1ch h\u00e0i h\u00f2a v\u00e0 c\u00e2n b\u1eb1ng.&quot;}\" data-sheets-userformat=\"{&quot;2&quot;:15359,&quot;3&quot;:{&quot;1&quot;:0},&quot;4&quot;:{&quot;1&quot;:2,&quot;2&quot;:16777215},&quot;5&quot;:{&quot;1&quot;:[{&quot;1&quot;:2,&quot;2&quot;:0,&quot;5&quot;:{&quot;1&quot;:2,&quot;2&quot;:0}},{&quot;1&quot;:0,&quot;2&quot;:0,&quot;3&quot;:3},{&quot;1&quot;:1,&quot;2&quot;:0,&quot;4&quot;:1}]},&quot;6&quot;:{&quot;1&quot;:[{&quot;1&quot;:2,&quot;2&quot;:0,&quot;5&quot;:{&quot;1&quot;:2,&quot;2&quot;:0}},{&quot;1&quot;:0,&quot;2&quot;:0,&quot;3&quot;:3},{&quot;1&quot;:1,&quot;2&quot;:0,&quot;4&quot;:1}]},&quot;7&quot;:{&quot;1&quot;:[{&quot;1&quot;:2,&quot;2&quot;:0,&quot;5&quot;:{&quot;1&quot;:2,&quot;2&quot;:0}},{&quot;1&quot;:0,&quot;2&quot;:0,&quot;3&quot;:3},{&quot;1&quot;:1,&quot;2&quot;:0,&quot;4&quot;:1}]},&quot;8&quot;:{&quot;1&quot;:[{&quot;1&quot;:2,&quot;2&quot;:0,&quot;5&quot;:{&quot;1&quot;:2,&quot;2&quot;:0}},{&quot;1&quot;:0,&quot;2&quot;:0,&quot;3&quot;:3},{&quot;1&quot;:1,&quot;2&quot;:0,&quot;4&quot;:1}]},&quot;9&quot;:0,&quot;10&quot;:1,&quot;11&quot;:4,&quot;12&quot;:0,&quot;14&quot;:{&quot;1&quot;:2,&quot;2&quot;:0},&quot;15&quot;:&quot;Arial&quot;,&quot;16&quot;:11}\" data-sheets-textstyleruns=\"{&quot;1&quot;:0,&quot;2&quot;:{&quot;5&quot;:1}}\uee10{&quot;1&quot;:7}\uee10{&quot;1&quot;:23,&quot;2&quot;:{&quot;5&quot;:1}}\uee10{&quot;1&quot;:34}\uee10{&quot;1&quot;:499,&quot;2&quot;:{&quot;5&quot;:1}}\uee10{&quot;1&quot;:507}\uee10{&quot;1&quot;:1111,&quot;2&quot;:{&quot;5&quot;:1}}\uee10{&quot;1&quot;:1117}\uee10{&quot;1&quot;:1374,&quot;2&quot;:{&quot;5&quot;:1}}\uee10{&quot;1&quot;:1382}\">M\u00c0U S\u1eaeC<br \/>\nHoa Gorse nh\u1ea1t<\/span><\/p>\n<p>H\u01af\u01a0NG TH\u01a0M<br \/>\nH\u01b0\u01a1ng hoa tinh t\u1ebf c\u1ee7a hoa hu\u1ec7 v\u00e0 hoa phong l\u1eef tr\u01b0\u1edbc h\u01b0\u01a1ng cam \u1ea5m \u00e1p v\u00e0 kh\u00f3i than b\u00f9n kh\u00f4 mang l\u1ea1i. B\u00ean c\u1ea1nh \u0111\u00f3, b\u00e1nh banoffee v\u00e0 b\u00e1nh quy t\u1ecfa ra t\u1eeb ph\u00eda sau l\u00e0n kh\u00f3i than b\u00f9n v\u00e0 mang h\u01b0\u01a1ng v\u1ecb c\u1ee7a m\u1ea1ch nha, tr\u00e1i c\u00e2y. D\u1eeba v\u00e0 l\u00faa m\u1ea1ch xen l\u1eabn v\u1edbi m\u01a1 v\u00e0 d\u01b0a. H\u01b0\u01a1ng th\u01a1m th\u1eadt quy\u1ebfn r\u0169; V\u1ecb ng\u1ecdt c\u1ee7a g\u1ed7 s\u1ed3i v\u00e0 h\u01b0\u01a1ng phenolic nh\u01b0 cao su n\u1ed5i b\u1eadt \u0111\u01b0\u1ee3c c\u00e2n b\u1eb1ng ho\u00e0n h\u1ea3o v\u1edbi h\u01b0\u01a1ng tr\u00e1i c\u00e2y v\u00e0 h\u01b0\u01a1ng hoa trong qu\u00e1 tr\u00ecnh l\u00ean men v\u00e0 ch\u01b0ng c\u1ea5t ch\u1eadm r\u00e3i, c\u1ea9n th\u1eadn c\u1ee7a ch\u00fang t\u00f4i.<\/p>\n<p>H\u01af\u01a0NG V\u1eca<br \/>\nH\u01b0\u01a1ng v\u1ecb \u0111\u1ea7u ti\u00ean l\u00e0 m\u1ed9t \u0111i\u1ec1u k\u1ef3 di\u1ec7u; t\u1ea5t c\u1ea3 c\u00f9ng m\u1ed9t l\u00fac, v\u1ecb m\u1eb7n, v\u1ecb tr\u00e1i c\u00e2y, kh\u00f3i than b\u00f9n nh\u1eb9 v\u00e0 v\u1ecb g\u1ed7 s\u1ed3i ng\u1ecdt ng\u00e0o th\u1ec3 hi\u1ec7n s\u1ef1 hi\u1ec7n di\u1ec7n c\u1ee7a ch\u00fang trong m\u1ed9t v\u00f2ng xo\u00e1y ph\u1ee9c t\u1ea1p v\u00e0 l\u00f4i k\u00e9o b\u1ea1n quay tr\u1edf l\u1ea1i. R\u01b0\u1ee3u c\u00f3 k\u1ebft c\u1ea5u tuy\u1ec7t v\u1eddi khi \u1ee7 trong g\u1ed7 s\u1ed3i s\u1ebd \u0111\u01b0\u1ee3c l\u1ef1a ch\u1ecdn c\u1ea9n th\u1eadn, t\u1ea1o ra h\u01b0\u01a1ng h\u1ea1nh nh\u00e2n tinh t\u1ebf k\u1ebft h\u1ee3p v\u1edbi d\u1eeba, caramel, vani v\u00e0 \u0111\u01b0\u1eddng muscovado. Kh\u00f3i than b\u00f9n trong lo\u1ea1i d\u00f2ng whisky n\u00e0y v\u1eabn \u0111\u01b0\u1ee3c c\u00e2n b\u1eb1ng tuy\u1ec7t h\u1ea3o h\u01a1n bao gi\u1edd h\u1ebft, len l\u1ecfi qua c\u00e1c th\u00e0nh ph\u1ea7n, l\u00e0m n\u1ed5i b\u1eadt ch\u00fang nh\u01b0ng kh\u00f4ng l\u1ea5n \u00e1t nhau. M\u1ed9t d\u00f2ng r\u01b0\u1ee3u nh\u1eb9 nh\u00e0ng trong v\u00f2m mi\u1ec7ng nh\u01b0ng l\u1ea1i c\u00f3 h\u01b0\u01a1ng v\u1ecb v\u00f4 c\u00f9ng s\u00e2u s\u1eafc.<\/p>\n<p>H\u1eacU V\u1eca<br \/>\nH\u1eadu v\u1ecb m\u1ed9t l\u1ea7n n\u1eefa cho th\u1ea5y \u0111\u00e2y l\u00e0 s\u1ef1 c\u00e2n b\u1eb1ng m\u00e0 ch\u00fang t\u00f4i \u0111ang t\u00ecm ki\u1ebfm. H\u01b0\u01a1ng kh\u00f3i, tr\u00e1i c\u00e2y, g\u1ed7 s\u1ed3i v\u00e0 hoa h\u00f2a tan v\u00e0o nhau, k\u1ebft c\u1ea5u \u0111\u1eb7c qu\u00e1nh tuy\u1ec7t \u0111\u1eb9p cho ph\u00e9p h\u01b0\u01a1ng d\u01b0a, \u0111\u00e0o v\u00e0 anh \u0111\u00e0o lan t\u1ecfa tr\u01b0\u1edbc khi l\u1eafng \u0111\u1ecdng th\u00e0nh than h\u1ed3ng kh\u00f4 trong l\u00f2 s\u01b0\u1edfi.<\/p>\n<p>B\u1ea2N CH\u1ea4T<br \/>\nL\u00faa m\u1ea1ch \u0111\u01b0\u1ee3c tr\u1ed3ng \u1edf Islay mang l\u1ea1i r\u1ea5t nhi\u1ec1u s\u1ef1 ph\u1ee9c t\u1ea1p cho b\u1ea3n ch\u1ea5t c\u1ee7a d\u00f2ng r\u01b0\u1ee3u whisky n\u00e0y. Kh\u00f3i than b\u00f9n \u1edf Port Charlotte, h\u01a1n bao gi\u1edd h\u1ebft, g\u1ee3i l\u00ean m\u1ed9t phong c\u00e1ch Islay truy\u1ec1n th\u1ed1ng tuy\u1ec7t \u0111\u1eb9p. S\u1ef1 tinh khi\u1ebft t\u1eeb qu\u00e1 tr\u00ecnh ch\u01b0ng c\u1ea5t v\u00e0 s\u1ef1 ph\u1ee9c t\u1ea1p c\u1ee7a qu\u00e1 tr\u00ecnh tr\u01b0\u1edfng th\u00e0nh mang t\u1ea5t c\u1ea3 c\u00e1c th\u00e0nh ph\u1ea7n l\u1ea1i v\u1edbi nhau m\u1ed9t c\u00e1ch h\u00e0i h\u00f2a v\u00e0 c\u00e2n b\u1eb1ng.<\/p>\n","protected":false},"featured_media":8469,"comment_status":"open","ping_status":"closed","template":"","meta":{"_acf_changed":false},"product_cat":[58],"product_tag":[],"class_list":{"0":"post-8467","1":"product","2":"type-product","3":"status-publish","4":"has-post-thumbnail","6":"product_cat-scotch-whisky-single-malt","7":"brand-bruichladdich","9":"first","10":"instock","11":"shipping-taxable","12":"product-type-simple"},"acf":[],"yoast_head":"<!-- This site is optimized with the Yoast SEO plugin v23.0 - https:\/\/yoast.com\/wordpress\/plugins\/seo\/ -->\n<title>Bruichladdich Port Charlotte Islay Barley 2013 Whisky - Alchemy Asia<\/title>\n<meta name=\"robots\" content=\"index, follow, max-snippet:-1, max-image-preview:large, max-video-preview:-1\" \/>\n<link rel=\"canonical\" href=\"https:\/\/alchemy-asia.com\/vi\/san-pham\/bruichladdich-port-charlotte-islay-barley-2013-whisky\/\" \/>\n<meta property=\"og:locale\" content=\"vi_VN\" \/>\n<meta property=\"og:type\" content=\"article\" \/>\n<meta property=\"og:title\" content=\"Bruichladdich Port Charlotte Islay Barley 2013 Whisky - Alchemy Asia\" \/>\n<meta property=\"og:description\" content=\"M\u00c0U S\u1eaeC Hoa Gorse nh\u1ea1t  H\u01af\u01a0NG TH\u01a0M H\u01b0\u01a1ng hoa tinh t\u1ebf c\u1ee7a hoa hu\u1ec7 v\u00e0 hoa phong l\u1eef tr\u01b0\u1edbc h\u01b0\u01a1ng cam \u1ea5m \u00e1p v\u00e0 kh\u00f3i than b\u00f9n kh\u00f4 mang l\u1ea1i. B\u00ean c\u1ea1nh \u0111\u00f3, b\u00e1nh banoffee v\u00e0 b\u00e1nh quy t\u1ecfa ra t\u1eeb ph\u00eda sau l\u00e0n kh\u00f3i than b\u00f9n v\u00e0 mang h\u01b0\u01a1ng v\u1ecb c\u1ee7a m\u1ea1ch nha, tr\u00e1i c\u00e2y. D\u1eeba v\u00e0 l\u00faa m\u1ea1ch xen l\u1eabn v\u1edbi m\u01a1 v\u00e0 d\u01b0a. H\u01b0\u01a1ng th\u01a1m th\u1eadt quy\u1ebfn r\u0169; V\u1ecb ng\u1ecdt c\u1ee7a g\u1ed7 s\u1ed3i v\u00e0 h\u01b0\u01a1ng phenolic nh\u01b0 cao su n\u1ed5i b\u1eadt \u0111\u01b0\u1ee3c c\u00e2n b\u1eb1ng ho\u00e0n h\u1ea3o v\u1edbi h\u01b0\u01a1ng tr\u00e1i c\u00e2y v\u00e0 h\u01b0\u01a1ng hoa trong qu\u00e1 tr\u00ecnh l\u00ean men v\u00e0 ch\u01b0ng c\u1ea5t ch\u1eadm r\u00e3i, c\u1ea9n th\u1eadn c\u1ee7a ch\u00fang t\u00f4i.  H\u01af\u01a0NG V\u1eca H\u01b0\u01a1ng v\u1ecb \u0111\u1ea7u ti\u00ean l\u00e0 m\u1ed9t \u0111i\u1ec1u k\u1ef3 di\u1ec7u; t\u1ea5t c\u1ea3 c\u00f9ng m\u1ed9t l\u00fac, v\u1ecb m\u1eb7n, v\u1ecb tr\u00e1i c\u00e2y, kh\u00f3i than b\u00f9n nh\u1eb9 v\u00e0 v\u1ecb g\u1ed7 s\u1ed3i ng\u1ecdt ng\u00e0o th\u1ec3 hi\u1ec7n s\u1ef1 hi\u1ec7n di\u1ec7n c\u1ee7a ch\u00fang trong m\u1ed9t v\u00f2ng xo\u00e1y ph\u1ee9c t\u1ea1p v\u00e0 l\u00f4i k\u00e9o b\u1ea1n quay tr\u1edf l\u1ea1i. R\u01b0\u1ee3u c\u00f3 k\u1ebft c\u1ea5u tuy\u1ec7t v\u1eddi khi \u1ee7 trong g\u1ed7 s\u1ed3i s\u1ebd \u0111\u01b0\u1ee3c l\u1ef1a ch\u1ecdn c\u1ea9n th\u1eadn, t\u1ea1o ra h\u01b0\u01a1ng h\u1ea1nh nh\u00e2n tinh t\u1ebf k\u1ebft h\u1ee3p v\u1edbi d\u1eeba, caramel, vani v\u00e0 \u0111\u01b0\u1eddng muscovado. Kh\u00f3i than b\u00f9n trong lo\u1ea1i d\u00f2ng whisky n\u00e0y v\u1eabn \u0111\u01b0\u1ee3c c\u00e2n b\u1eb1ng tuy\u1ec7t h\u1ea3o h\u01a1n bao gi\u1edd h\u1ebft, len l\u1ecfi qua c\u00e1c th\u00e0nh ph\u1ea7n, l\u00e0m n\u1ed5i b\u1eadt ch\u00fang nh\u01b0ng kh\u00f4ng l\u1ea5n \u00e1t nhau. M\u1ed9t d\u00f2ng r\u01b0\u1ee3u nh\u1eb9 nh\u00e0ng trong v\u00f2m mi\u1ec7ng nh\u01b0ng l\u1ea1i c\u00f3 h\u01b0\u01a1ng v\u1ecb v\u00f4 c\u00f9ng s\u00e2u s\u1eafc.  H\u1eacU V\u1eca H\u1eadu v\u1ecb m\u1ed9t l\u1ea7n n\u1eefa cho th\u1ea5y \u0111\u00e2y l\u00e0 s\u1ef1 c\u00e2n b\u1eb1ng m\u00e0 ch\u00fang t\u00f4i \u0111ang t\u00ecm ki\u1ebfm. H\u01b0\u01a1ng kh\u00f3i, tr\u00e1i c\u00e2y, g\u1ed7 s\u1ed3i v\u00e0 hoa h\u00f2a tan v\u00e0o nhau, k\u1ebft c\u1ea5u \u0111\u1eb7c qu\u00e1nh tuy\u1ec7t \u0111\u1eb9p cho ph\u00e9p h\u01b0\u01a1ng d\u01b0a, \u0111\u00e0o v\u00e0 anh \u0111\u00e0o lan t\u1ecfa tr\u01b0\u1edbc khi l\u1eafng \u0111\u1ecdng th\u00e0nh than h\u1ed3ng kh\u00f4 trong l\u00f2 s\u01b0\u1edfi.  B\u1ea2N CH\u1ea4T L\u00faa m\u1ea1ch \u0111\u01b0\u1ee3c tr\u1ed3ng \u1edf Islay mang l\u1ea1i r\u1ea5t nhi\u1ec1u s\u1ef1 ph\u1ee9c t\u1ea1p cho b\u1ea3n ch\u1ea5t c\u1ee7a d\u00f2ng r\u01b0\u1ee3u whisky n\u00e0y. Kh\u00f3i than b\u00f9n \u1edf Port Charlotte, h\u01a1n bao gi\u1edd h\u1ebft, g\u1ee3i l\u00ean m\u1ed9t phong c\u00e1ch Islay truy\u1ec1n th\u1ed1ng tuy\u1ec7t \u0111\u1eb9p. S\u1ef1 tinh khi\u1ebft t\u1eeb qu\u00e1 tr\u00ecnh ch\u01b0ng c\u1ea5t v\u00e0 s\u1ef1 ph\u1ee9c t\u1ea1p c\u1ee7a qu\u00e1 tr\u00ecnh tr\u01b0\u1edfng th\u00e0nh mang t\u1ea5t c\u1ea3 c\u00e1c th\u00e0nh ph\u1ea7n l\u1ea1i v\u1edbi nhau m\u1ed9t c\u00e1ch h\u00e0i h\u00f2a v\u00e0 c\u00e2n b\u1eb1ng.\" \/>\n<meta property=\"og:url\" content=\"https:\/\/alchemy-asia.com\/vi\/san-pham\/bruichladdich-port-charlotte-islay-barley-2013-whisky\/\" \/>\n<meta property=\"og:site_name\" content=\"Alchemy Asia\" \/>\n<meta property=\"og:image\" content=\"https:\/\/alchemy-asia.com\/vi\/wp-content\/uploads\/sites\/3\/2024\/07\/Bruichladdich-Port-Charlotte-Islay-Barley-2013-1024x1024.png\" \/>\n\t<meta property=\"og:image:width\" content=\"1024\" \/>\n\t<meta property=\"og:image:height\" content=\"1024\" \/>\n\t<meta property=\"og:image:type\" content=\"image\/png\" \/>\n<meta name=\"twitter:card\" content=\"summary_large_image\" \/>\n<meta name=\"twitter:label1\" content=\"\u01af\u1edbc t\u00ednh th\u1eddi gian \u0111\u1ecdc\" \/>\n\t<meta name=\"twitter:data1\" content=\"1 ph\u00fat\" \/>\n<script type=\"application\/ld+json\" class=\"yoast-schema-graph\">{\"@context\":\"https:\/\/schema.org\",\"@graph\":[{\"@type\":\"WebPage\",\"@id\":\"https:\/\/alchemy-asia.com\/vi\/san-pham\/bruichladdich-port-charlotte-islay-barley-2013-whisky\/\",\"url\":\"https:\/\/alchemy-asia.com\/vi\/san-pham\/bruichladdich-port-charlotte-islay-barley-2013-whisky\/\",\"name\":\"Bruichladdich Port Charlotte Islay Barley 2013 Whisky - Alchemy Asia\",\"isPartOf\":{\"@id\":\"https:\/\/alchemy-asia.com\/vi\/#website\"},\"primaryImageOfPage\":{\"@id\":\"https:\/\/alchemy-asia.com\/vi\/san-pham\/bruichladdich-port-charlotte-islay-barley-2013-whisky\/#primaryimage\"},\"image\":{\"@id\":\"https:\/\/alchemy-asia.com\/vi\/san-pham\/bruichladdich-port-charlotte-islay-barley-2013-whisky\/#primaryimage\"},\"thumbnailUrl\":\"https:\/\/alchemy-asia.com\/vi\/wp-content\/uploads\/sites\/3\/2024\/07\/Bruichladdich-Port-Charlotte-Islay-Barley-2013.png\",\"datePublished\":\"2024-09-10T08:33:45+00:00\",\"dateModified\":\"2024-09-10T08:33:45+00:00\",\"breadcrumb\":{\"@id\":\"https:\/\/alchemy-asia.com\/vi\/san-pham\/bruichladdich-port-charlotte-islay-barley-2013-whisky\/#breadcrumb\"},\"inLanguage\":\"vi\",\"potentialAction\":[{\"@type\":\"ReadAction\",\"target\":[\"https:\/\/alchemy-asia.com\/vi\/san-pham\/bruichladdich-port-charlotte-islay-barley-2013-whisky\/\"]}]},{\"@type\":\"ImageObject\",\"inLanguage\":\"vi\",\"@id\":\"https:\/\/alchemy-asia.com\/vi\/san-pham\/bruichladdich-port-charlotte-islay-barley-2013-whisky\/#primaryimage\",\"url\":\"https:\/\/alchemy-asia.com\/vi\/wp-content\/uploads\/sites\/3\/2024\/07\/Bruichladdich-Port-Charlotte-Islay-Barley-2013.png\",\"contentUrl\":\"https:\/\/alchemy-asia.com\/vi\/wp-content\/uploads\/sites\/3\/2024\/07\/Bruichladdich-Port-Charlotte-Islay-Barley-2013.png\",\"width\":2100,\"height\":2100,\"caption\":\"Bruichladdich Port Charlotte Islay Barley 2013\"},{\"@type\":\"BreadcrumbList\",\"@id\":\"https:\/\/alchemy-asia.com\/vi\/san-pham\/bruichladdich-port-charlotte-islay-barley-2013-whisky\/#breadcrumb\",\"itemListElement\":[{\"@type\":\"ListItem\",\"position\":1,\"name\":\"Home\",\"item\":\"https:\/\/alchemy-asia.com\/vi\/\"},{\"@type\":\"ListItem\",\"position\":2,\"name\":\"Bruichladdich Port Charlotte Islay Barley 2013 Whisky\"}]},{\"@type\":\"WebSite\",\"@id\":\"https:\/\/alchemy-asia.com\/vi\/#website\",\"url\":\"https:\/\/alchemy-asia.com\/vi\/\",\"name\":\"Alchemy Asia\",\"description\":\"Just another Alchemy Asia Sites site\",\"potentialAction\":[{\"@type\":\"SearchAction\",\"target\":{\"@type\":\"EntryPoint\",\"urlTemplate\":\"https:\/\/alchemy-asia.com\/vi\/?s={search_term_string}\"},\"query-input\":\"required name=search_term_string\"}],\"inLanguage\":\"vi\"}]}<\/script>\n<!-- \/ Yoast SEO plugin. -->","yoast_head_json":{"title":"Bruichladdich Port Charlotte Islay Barley 2013 Whisky - Alchemy Asia","robots":{"index":"index","follow":"follow","max-snippet":"max-snippet:-1","max-image-preview":"max-image-preview:large","max-video-preview":"max-video-preview:-1"},"canonical":"https:\/\/alchemy-asia.com\/vi\/san-pham\/bruichladdich-port-charlotte-islay-barley-2013-whisky\/","og_locale":"vi_VN","og_type":"article","og_title":"Bruichladdich Port Charlotte Islay Barley 2013 Whisky - Alchemy Asia","og_description":"M\u00c0U S\u1eaeC Hoa Gorse nh\u1ea1t  H\u01af\u01a0NG TH\u01a0M H\u01b0\u01a1ng hoa tinh t\u1ebf c\u1ee7a hoa hu\u1ec7 v\u00e0 hoa phong l\u1eef tr\u01b0\u1edbc h\u01b0\u01a1ng cam \u1ea5m \u00e1p v\u00e0 kh\u00f3i than b\u00f9n kh\u00f4 mang l\u1ea1i. B\u00ean c\u1ea1nh \u0111\u00f3, b\u00e1nh banoffee v\u00e0 b\u00e1nh quy t\u1ecfa ra t\u1eeb ph\u00eda sau l\u00e0n kh\u00f3i than b\u00f9n v\u00e0 mang h\u01b0\u01a1ng v\u1ecb c\u1ee7a m\u1ea1ch nha, tr\u00e1i c\u00e2y. D\u1eeba v\u00e0 l\u00faa m\u1ea1ch xen l\u1eabn v\u1edbi m\u01a1 v\u00e0 d\u01b0a. H\u01b0\u01a1ng th\u01a1m th\u1eadt quy\u1ebfn r\u0169; V\u1ecb ng\u1ecdt c\u1ee7a g\u1ed7 s\u1ed3i v\u00e0 h\u01b0\u01a1ng phenolic nh\u01b0 cao su n\u1ed5i b\u1eadt \u0111\u01b0\u1ee3c c\u00e2n b\u1eb1ng ho\u00e0n h\u1ea3o v\u1edbi h\u01b0\u01a1ng tr\u00e1i c\u00e2y v\u00e0 h\u01b0\u01a1ng hoa trong qu\u00e1 tr\u00ecnh l\u00ean men v\u00e0 ch\u01b0ng c\u1ea5t ch\u1eadm r\u00e3i, c\u1ea9n th\u1eadn c\u1ee7a ch\u00fang t\u00f4i.  H\u01af\u01a0NG V\u1eca H\u01b0\u01a1ng v\u1ecb \u0111\u1ea7u ti\u00ean l\u00e0 m\u1ed9t \u0111i\u1ec1u k\u1ef3 di\u1ec7u; t\u1ea5t c\u1ea3 c\u00f9ng m\u1ed9t l\u00fac, v\u1ecb m\u1eb7n, v\u1ecb tr\u00e1i c\u00e2y, kh\u00f3i than b\u00f9n nh\u1eb9 v\u00e0 v\u1ecb g\u1ed7 s\u1ed3i ng\u1ecdt ng\u00e0o th\u1ec3 hi\u1ec7n s\u1ef1 hi\u1ec7n di\u1ec7n c\u1ee7a ch\u00fang trong m\u1ed9t v\u00f2ng xo\u00e1y ph\u1ee9c t\u1ea1p v\u00e0 l\u00f4i k\u00e9o b\u1ea1n quay tr\u1edf l\u1ea1i. R\u01b0\u1ee3u c\u00f3 k\u1ebft c\u1ea5u tuy\u1ec7t v\u1eddi khi \u1ee7 trong g\u1ed7 s\u1ed3i s\u1ebd \u0111\u01b0\u1ee3c l\u1ef1a ch\u1ecdn c\u1ea9n th\u1eadn, t\u1ea1o ra h\u01b0\u01a1ng h\u1ea1nh nh\u00e2n tinh t\u1ebf k\u1ebft h\u1ee3p v\u1edbi d\u1eeba, caramel, vani v\u00e0 \u0111\u01b0\u1eddng muscovado. Kh\u00f3i than b\u00f9n trong lo\u1ea1i d\u00f2ng whisky n\u00e0y v\u1eabn \u0111\u01b0\u1ee3c c\u00e2n b\u1eb1ng tuy\u1ec7t h\u1ea3o h\u01a1n bao gi\u1edd h\u1ebft, len l\u1ecfi qua c\u00e1c th\u00e0nh ph\u1ea7n, l\u00e0m n\u1ed5i b\u1eadt ch\u00fang nh\u01b0ng kh\u00f4ng l\u1ea5n \u00e1t nhau. M\u1ed9t d\u00f2ng r\u01b0\u1ee3u nh\u1eb9 nh\u00e0ng trong v\u00f2m mi\u1ec7ng nh\u01b0ng l\u1ea1i c\u00f3 h\u01b0\u01a1ng v\u1ecb v\u00f4 c\u00f9ng s\u00e2u s\u1eafc.  H\u1eacU V\u1eca H\u1eadu v\u1ecb m\u1ed9t l\u1ea7n n\u1eefa cho th\u1ea5y \u0111\u00e2y l\u00e0 s\u1ef1 c\u00e2n b\u1eb1ng m\u00e0 ch\u00fang t\u00f4i \u0111ang t\u00ecm ki\u1ebfm. H\u01b0\u01a1ng kh\u00f3i, tr\u00e1i c\u00e2y, g\u1ed7 s\u1ed3i v\u00e0 hoa h\u00f2a tan v\u00e0o nhau, k\u1ebft c\u1ea5u \u0111\u1eb7c qu\u00e1nh tuy\u1ec7t \u0111\u1eb9p cho ph\u00e9p h\u01b0\u01a1ng d\u01b0a, \u0111\u00e0o v\u00e0 anh \u0111\u00e0o lan t\u1ecfa tr\u01b0\u1edbc khi l\u1eafng \u0111\u1ecdng th\u00e0nh than h\u1ed3ng kh\u00f4 trong l\u00f2 s\u01b0\u1edfi.  B\u1ea2N CH\u1ea4T L\u00faa m\u1ea1ch \u0111\u01b0\u1ee3c tr\u1ed3ng \u1edf Islay mang l\u1ea1i r\u1ea5t nhi\u1ec1u s\u1ef1 ph\u1ee9c t\u1ea1p cho b\u1ea3n ch\u1ea5t c\u1ee7a d\u00f2ng r\u01b0\u1ee3u whisky n\u00e0y. Kh\u00f3i than b\u00f9n \u1edf Port Charlotte, h\u01a1n bao gi\u1edd h\u1ebft, g\u1ee3i l\u00ean m\u1ed9t phong c\u00e1ch Islay truy\u1ec1n th\u1ed1ng tuy\u1ec7t \u0111\u1eb9p. S\u1ef1 tinh khi\u1ebft t\u1eeb qu\u00e1 tr\u00ecnh ch\u01b0ng c\u1ea5t v\u00e0 s\u1ef1 ph\u1ee9c t\u1ea1p c\u1ee7a qu\u00e1 tr\u00ecnh tr\u01b0\u1edfng th\u00e0nh mang t\u1ea5t c\u1ea3 c\u00e1c th\u00e0nh ph\u1ea7n l\u1ea1i v\u1edbi nhau m\u1ed9t c\u00e1ch h\u00e0i h\u00f2a v\u00e0 c\u00e2n b\u1eb1ng.","og_url":"https:\/\/alchemy-asia.com\/vi\/san-pham\/bruichladdich-port-charlotte-islay-barley-2013-whisky\/","og_site_name":"Alchemy Asia","og_image":[{"width":1024,"height":1024,"url":"https:\/\/alchemy-asia.com\/vi\/wp-content\/uploads\/sites\/3\/2024\/07\/Bruichladdich-Port-Charlotte-Islay-Barley-2013-1024x1024.png","type":"image\/png"}],"twitter_card":"summary_large_image","twitter_misc":{"\u01af\u1edbc t\u00ednh th\u1eddi gian \u0111\u1ecdc":"1 ph\u00fat"},"schema":{"@context":"https:\/\/schema.org","@graph":[{"@type":"WebPage","@id":"https:\/\/alchemy-asia.com\/vi\/san-pham\/bruichladdich-port-charlotte-islay-barley-2013-whisky\/","url":"https:\/\/alchemy-asia.com\/vi\/san-pham\/bruichladdich-port-charlotte-islay-barley-2013-whisky\/","name":"Bruichladdich Port Charlotte Islay Barley 2013 Whisky - Alchemy Asia","isPartOf":{"@id":"https:\/\/alchemy-asia.com\/vi\/#website"},"primaryImageOfPage":{"@id":"https:\/\/alchemy-asia.com\/vi\/san-pham\/bruichladdich-port-charlotte-islay-barley-2013-whisky\/#primaryimage"},"image":{"@id":"https:\/\/alchemy-asia.com\/vi\/san-pham\/bruichladdich-port-charlotte-islay-barley-2013-whisky\/#primaryimage"},"thumbnailUrl":"https:\/\/alchemy-asia.com\/vi\/wp-content\/uploads\/sites\/3\/2024\/07\/Bruichladdich-Port-Charlotte-Islay-Barley-2013.png","datePublished":"2024-09-10T08:33:45+00:00","dateModified":"2024-09-10T08:33:45+00:00","breadcrumb":{"@id":"https:\/\/alchemy-asia.com\/vi\/san-pham\/bruichladdich-port-charlotte-islay-barley-2013-whisky\/#breadcrumb"},"inLanguage":"vi","potentialAction":[{"@type":"ReadAction","target":["https:\/\/alchemy-asia.com\/vi\/san-pham\/bruichladdich-port-charlotte-islay-barley-2013-whisky\/"]}]},{"@type":"ImageObject","inLanguage":"vi","@id":"https:\/\/alchemy-asia.com\/vi\/san-pham\/bruichladdich-port-charlotte-islay-barley-2013-whisky\/#primaryimage","url":"https:\/\/alchemy-asia.com\/vi\/wp-content\/uploads\/sites\/3\/2024\/07\/Bruichladdich-Port-Charlotte-Islay-Barley-2013.png","contentUrl":"https:\/\/alchemy-asia.com\/vi\/wp-content\/uploads\/sites\/3\/2024\/07\/Bruichladdich-Port-Charlotte-Islay-Barley-2013.png","width":2100,"height":2100,"caption":"Bruichladdich Port Charlotte Islay Barley 2013"},{"@type":"BreadcrumbList","@id":"https:\/\/alchemy-asia.com\/vi\/san-pham\/bruichladdich-port-charlotte-islay-barley-2013-whisky\/#breadcrumb","itemListElement":[{"@type":"ListItem","position":1,"name":"Home","item":"https:\/\/alchemy-asia.com\/vi\/"},{"@type":"ListItem","position":2,"name":"Bruichladdich Port Charlotte Islay Barley 2013 Whisky"}]},{"@type":"WebSite","@id":"https:\/\/alchemy-asia.com\/vi\/#website","url":"https:\/\/alchemy-asia.com\/vi\/","name":"Alchemy Asia","description":"Just another Alchemy Asia Sites site","potentialAction":[{"@type":"SearchAction","target":{"@type":"EntryPoint","urlTemplate":"https:\/\/alchemy-asia.com\/vi\/?s={search_term_string}"},"query-input":"required name=search_term_string"}],"inLanguage":"vi"}]}},"_links":{"self":[{"href":"https:\/\/alchemy-asia.com\/vi\/wp-json\/wp\/v2\/product\/8467","targetHints":{"allow":["GET"]}}],"collection":[{"href":"https:\/\/alchemy-asia.com\/vi\/wp-json\/wp\/v2\/product"}],"about":[{"href":"https:\/\/alchemy-asia.com\/vi\/wp-json\/wp\/v2\/types\/product"}],"replies":[{"embeddable":true,"href":"https:\/\/alchemy-asia.com\/vi\/wp-json\/wp\/v2\/comments?post=8467"}],"wp:featuredmedia":[{"embeddable":true,"href":"https:\/\/alchemy-asia.com\/vi\/wp-json\/wp\/v2\/media\/8469"}],"wp:attachment":[{"href":"https:\/\/alchemy-asia.com\/vi\/wp-json\/wp\/v2\/media?parent=8467"}],"wp:term":[{"taxonomy":"product_cat","embeddable":true,"href":"https:\/\/alchemy-asia.com\/vi\/wp-json\/wp\/v2\/product_cat?post=8467"},{"taxonomy":"product_tag","embeddable":true,"href":"https:\/\/alchemy-asia.com\/vi\/wp-json\/wp\/v2\/product_tag?post=8467"}],"curies":[{"name":"wp","href":"https:\/\/api.w.org\/{rel}","templated":true}]}}