{"id":8470,"date":"2024-09-10T08:33:44","date_gmt":"2024-09-10T08:33:44","guid":{"rendered":"https:\/\/alchemy-asia.com\/vi\/?post_type=product&#038;p=8470"},"modified":"2024-09-10T08:33:44","modified_gmt":"2024-09-10T08:33:44","slug":"bruichladdich-port-charlotte-sc01-2012-whisky","status":"publish","type":"product","link":"https:\/\/alchemy-asia.com\/vi\/san-pham\/bruichladdich-port-charlotte-sc01-2012-whisky\/","title":{"rendered":"Bruichladdich Port Charlotte SC:01 2012 Whisky"},"content":{"rendered":"","protected":false},"excerpt":{"rendered":"<p><span data-sheets-root=\"1\" data-sheets-value=\"{&quot;1&quot;:2,&quot;2&quot;:&quot;M\u00c0U S\u1eaeC\\nM\u1ee9t cam\\n\\nH\u01af\u01a0NG TH\u01a0M\\nTr\u00e1i c\u00e2y ng\u1ecdt ng\u00e0o v\u00e0 h\u01b0\u01a1ng hoa thoang tho\u1ea3ng tr\u00ean m\u0169i. H\u01b0\u01a1ng th\u01a1m c\u1ee7a kh\u00f3i \u0111i c\u00f9ng v\u1edbi th\u1eddi gian. Ban \u0111\u1ea7u l\u00e0 \u0111\u00e0o ng\u00e2m trong siro, m\u01a1 kh\u00f4, d\u01b0a m\u1eadt v\u00e0 d\u1ee9a ch\u00edn. \u0110\u01b0\u1eddng n\u00e2u, kem vani, caramel v\u00e0 b\u00e1nh h\u1ea1nh nh\u00e2n. H\u01b0\u01a1ng th\u01a1m n\u1ed3ng n\u00e0n c\u1ee7a hoa kim ng\u00e2n v\u00e0 c\u00e2y th\u1ea1ch nam len l\u1ecfi qua h\u01b0\u01a1ng tr\u00e1i c\u00e2y ch\u00edn ng\u1ecdt ng\u00e0o. Kh\u00f3i than b\u00f9n v\u00e0 g\u1ed7 s\u1ed3i n\u01b0\u1edbng \u1ea5m \u00e1p t\u1ecfa ra sau m\u1ed9t th\u1eddi gian ng\u1eafn \u0111\u1ec3 mang l\u1ea1i c\u1ea3m gi\u00e1c c\u00f3 chi\u1ec1u s\u00e2u v\u00e0 ph\u1ee9c t\u1ea1p.\\n\\nH\u01af\u01a0NG V\u1eca\\nTr\u00ean v\u00f2m mi\u1ec7ng, s\u1ef1 \u1ea5m \u00e1p v\u00e0 k\u1ebft c\u1ea5u d\u1ebbo dai c\u1ee7a d\u00f2ng r\u01b0\u1ee3u n\u00e0y t\u1ea1o n\u00ean n\u00e9t thanh l\u1ecbch v\u00e0 mang l\u1ea1i s\u1ef1 c\u00e2n b\u1eb1ng gi\u1eefa kh\u00f3i than b\u00f9n nh\u1eb9 v\u00e0 tr\u00e1i c\u00e2y ch\u00edn. M\u1ed9t ng\u1ee5m kh\u00e1c kh\u1eb3ng \u0111\u1ecbnh c\u1ea3 \u0111\u1ed9 \u1ea9m \u01b0\u1edbt tuy\u1ec7t \u0111\u1eb9p v\u00e0 chi\u1ec1u s\u00e2u c\u1ee7a h\u01b0\u01a1ng v\u1ecb v\u00ec b\u00ean d\u01b0\u1edbi l\u00e0n kh\u00f3i tinh t\u1ebf l\u00e0 h\u01b0\u01a1ng \u0111\u1ea5t c\u1ee7a da thu\u1ed9c. G\u1ed7 s\u1ed3i mang l\u1ea1i h\u01b0\u01a1ng v\u1ecb m\u1ea1nh m\u1ebd v\u00e0 v\u1ecb ng\u1ecdt c\u1ee7a vani, s\u00f4 c\u00f4 la v\u00e0 cam qu\u00fdt, g\u00f3p ph\u1ea7n t\u00f4n l\u00ean l\u00e0n s\u00f3ng tr\u00e1i c\u00e2y t\u1eeb r\u01b0\u1ee3u m\u1ea1nh.\\n\\nH\u1eacU V\u1eca\\n\u0110\u00e2y l\u00e0 m\u1ed9t ly r\u01b0\u1ee3u khi\u1ebfn b\u1ea1n \u01b0\u1edbc s\u1ebd t\u1ed3n t\u1ea1i m\u00e3i m\u00e3i, v\u1ecb kho\u00e1ng ch\u1ea5t bi\u1ec3n tuy\u1ec7t v\u1eddi v\u00e0 kh\u00f3i than b\u00f9n \u0111\u1ea5t \u0111\u1ecdng l\u1ea1i trong v\u00f2m mi\u1ec7ng v\u1edbi h\u01b0\u01a1ng v\u1ecb cam qu\u00fdt.\\n\\nB\u1ea2N CH\u1ea4T\\nVi\u1ec7c theo d\u00f5i v\u00e0 ph\u00e1t tri\u1ec3n lo\u1ea1i r\u01b0\u1ee3u whisky n\u00e0y qua nhi\u1ec1u n\u0103m l\u00e0 m\u1ed9t ni\u1ec1m vui s\u01b0\u1edbng, s\u1ef1 \u1ea3nh h\u01b0\u1edfng c\u1ee7a c\u00e1c th\u00f9ng sauternes v\u00e0 ch\u1ea5t l\u01b0\u1ee3ng c\u1ee7a g\u1ed7 s\u1ed3i c\u00f9ng v\u1edbi s\u1ef1 sang tr\u1ecdng c\u1ee7a r\u01b0\u1ee3u Port Charlotte l\u00e0 m\u1ed9t s\u1ef1 k\u1ebft h\u1ee3p tuy\u1ec7t v\u1eddi tr\u00ean thi\u00ean \u0111\u01b0\u1eddng. H\u01b0\u01a1ng v\u1ecb tr\u00e1i c\u00e2y ng\u1ecdt ng\u00e0o v\u00e0 s\u1ef1 k\u1ebft h\u1ee3p kh\u00f3i than b\u00f9n tinh t\u1ebf m\u1ed9t l\u1ea7n n\u1eefa mang \u0111\u1ebfn h\u01b0\u01a1ng v\u1ecb Port Charlotte c\u1ed5 \u0111i\u1ec3n ch\u1eafc ch\u1eafn s\u1ebd \u0111\u1ecdng l\u1ea1i l\u00e2u trong tr\u00ed nh\u1edb.\\n&quot;}\" data-sheets-userformat=\"{&quot;2&quot;:15359,&quot;3&quot;:{&quot;1&quot;:0},&quot;4&quot;:{&quot;1&quot;:2,&quot;2&quot;:16777215},&quot;5&quot;:{&quot;1&quot;:[{&quot;1&quot;:2,&quot;2&quot;:0,&quot;5&quot;:{&quot;1&quot;:2,&quot;2&quot;:0}},{&quot;1&quot;:0,&quot;2&quot;:0,&quot;3&quot;:3},{&quot;1&quot;:1,&quot;2&quot;:0,&quot;4&quot;:1}]},&quot;6&quot;:{&quot;1&quot;:[{&quot;1&quot;:2,&quot;2&quot;:0,&quot;5&quot;:{&quot;1&quot;:2,&quot;2&quot;:0}},{&quot;1&quot;:0,&quot;2&quot;:0,&quot;3&quot;:3},{&quot;1&quot;:1,&quot;2&quot;:0,&quot;4&quot;:1}]},&quot;7&quot;:{&quot;1&quot;:[{&quot;1&quot;:2,&quot;2&quot;:0,&quot;5&quot;:{&quot;1&quot;:2,&quot;2&quot;:0}},{&quot;1&quot;:0,&quot;2&quot;:0,&quot;3&quot;:3},{&quot;1&quot;:1,&quot;2&quot;:0,&quot;4&quot;:1}]},&quot;8&quot;:{&quot;1&quot;:[{&quot;1&quot;:2,&quot;2&quot;:0,&quot;5&quot;:{&quot;1&quot;:2,&quot;2&quot;:0}},{&quot;1&quot;:0,&quot;2&quot;:0,&quot;3&quot;:3},{&quot;1&quot;:1,&quot;2&quot;:0,&quot;4&quot;:1}]},&quot;9&quot;:0,&quot;10&quot;:1,&quot;11&quot;:4,&quot;12&quot;:0,&quot;14&quot;:{&quot;1&quot;:2,&quot;2&quot;:0},&quot;15&quot;:&quot;Arial&quot;,&quot;16&quot;:11}\" data-sheets-textstyleruns=\"{&quot;1&quot;:0,&quot;2&quot;:{&quot;5&quot;:1}}\uee10{&quot;1&quot;:7}\uee10{&quot;1&quot;:16,&quot;2&quot;:{&quot;5&quot;:1}}\uee10{&quot;1&quot;:27}\uee10{&quot;1&quot;:447,&quot;2&quot;:{&quot;5&quot;:1}}\uee10{&quot;1&quot;:455}\uee10{&quot;1&quot;:861,&quot;2&quot;:{&quot;5&quot;:1}}\uee10{&quot;1&quot;:868}\uee10{&quot;1&quot;:1022,&quot;2&quot;:{&quot;5&quot;:1}}\uee10{&quot;1&quot;:1030}\">M\u00c0U S\u1eaeC<br \/>\nM\u1ee9t cam<\/span><\/p>\n<p>H\u01af\u01a0NG TH\u01a0M<br \/>\nTr\u00e1i c\u00e2y ng\u1ecdt ng\u00e0o v\u00e0 h\u01b0\u01a1ng hoa thoang tho\u1ea3ng tr\u00ean m\u0169i. H\u01b0\u01a1ng th\u01a1m c\u1ee7a kh\u00f3i \u0111i c\u00f9ng v\u1edbi th\u1eddi gian. Ban \u0111\u1ea7u l\u00e0 \u0111\u00e0o ng\u00e2m trong siro, m\u01a1 kh\u00f4, d\u01b0a m\u1eadt v\u00e0 d\u1ee9a ch\u00edn. \u0110\u01b0\u1eddng n\u00e2u, kem vani, caramel v\u00e0 b\u00e1nh h\u1ea1nh nh\u00e2n. H\u01b0\u01a1ng th\u01a1m n\u1ed3ng n\u00e0n c\u1ee7a hoa kim ng\u00e2n v\u00e0 c\u00e2y th\u1ea1ch nam len l\u1ecfi qua h\u01b0\u01a1ng tr\u00e1i c\u00e2y ch\u00edn ng\u1ecdt ng\u00e0o. Kh\u00f3i than b\u00f9n v\u00e0 g\u1ed7 s\u1ed3i n\u01b0\u1edbng \u1ea5m \u00e1p t\u1ecfa ra sau m\u1ed9t th\u1eddi gian ng\u1eafn \u0111\u1ec3 mang l\u1ea1i c\u1ea3m gi\u00e1c c\u00f3 chi\u1ec1u s\u00e2u v\u00e0 ph\u1ee9c t\u1ea1p.<\/p>\n<p>H\u01af\u01a0NG V\u1eca<br \/>\nTr\u00ean v\u00f2m mi\u1ec7ng, s\u1ef1 \u1ea5m \u00e1p v\u00e0 k\u1ebft c\u1ea5u d\u1ebbo dai c\u1ee7a d\u00f2ng r\u01b0\u1ee3u n\u00e0y t\u1ea1o n\u00ean n\u00e9t thanh l\u1ecbch v\u00e0 mang l\u1ea1i s\u1ef1 c\u00e2n b\u1eb1ng gi\u1eefa kh\u00f3i than b\u00f9n nh\u1eb9 v\u00e0 tr\u00e1i c\u00e2y ch\u00edn. M\u1ed9t ng\u1ee5m kh\u00e1c kh\u1eb3ng \u0111\u1ecbnh c\u1ea3 \u0111\u1ed9 \u1ea9m \u01b0\u1edbt tuy\u1ec7t \u0111\u1eb9p v\u00e0 chi\u1ec1u s\u00e2u c\u1ee7a h\u01b0\u01a1ng v\u1ecb v\u00ec b\u00ean d\u01b0\u1edbi l\u00e0n kh\u00f3i tinh t\u1ebf l\u00e0 h\u01b0\u01a1ng \u0111\u1ea5t c\u1ee7a da thu\u1ed9c. G\u1ed7 s\u1ed3i mang l\u1ea1i h\u01b0\u01a1ng v\u1ecb m\u1ea1nh m\u1ebd v\u00e0 v\u1ecb ng\u1ecdt c\u1ee7a vani, s\u00f4 c\u00f4 la v\u00e0 cam qu\u00fdt, g\u00f3p ph\u1ea7n t\u00f4n l\u00ean l\u00e0n s\u00f3ng tr\u00e1i c\u00e2y t\u1eeb r\u01b0\u1ee3u m\u1ea1nh.<\/p>\n<p>H\u1eacU V\u1eca<br \/>\n\u0110\u00e2y l\u00e0 m\u1ed9t ly r\u01b0\u1ee3u khi\u1ebfn b\u1ea1n \u01b0\u1edbc s\u1ebd t\u1ed3n t\u1ea1i m\u00e3i m\u00e3i, v\u1ecb kho\u00e1ng ch\u1ea5t bi\u1ec3n tuy\u1ec7t v\u1eddi v\u00e0 kh\u00f3i than b\u00f9n \u0111\u1ea5t \u0111\u1ecdng l\u1ea1i trong v\u00f2m mi\u1ec7ng v\u1edbi h\u01b0\u01a1ng v\u1ecb cam qu\u00fdt.<\/p>\n<p>B\u1ea2N CH\u1ea4T<br \/>\nVi\u1ec7c theo d\u00f5i v\u00e0 ph\u00e1t tri\u1ec3n lo\u1ea1i r\u01b0\u1ee3u whisky n\u00e0y qua nhi\u1ec1u n\u0103m l\u00e0 m\u1ed9t ni\u1ec1m vui s\u01b0\u1edbng, s\u1ef1 \u1ea3nh h\u01b0\u1edfng c\u1ee7a c\u00e1c th\u00f9ng sauternes v\u00e0 ch\u1ea5t l\u01b0\u1ee3ng c\u1ee7a g\u1ed7 s\u1ed3i c\u00f9ng v\u1edbi s\u1ef1 sang tr\u1ecdng c\u1ee7a r\u01b0\u1ee3u Port Charlotte l\u00e0 m\u1ed9t s\u1ef1 k\u1ebft h\u1ee3p tuy\u1ec7t v\u1eddi tr\u00ean thi\u00ean \u0111\u01b0\u1eddng. H\u01b0\u01a1ng v\u1ecb tr\u00e1i c\u00e2y ng\u1ecdt ng\u00e0o v\u00e0 s\u1ef1 k\u1ebft h\u1ee3p kh\u00f3i than b\u00f9n tinh t\u1ebf m\u1ed9t l\u1ea7n n\u1eefa mang \u0111\u1ebfn h\u01b0\u01a1ng v\u1ecb Port Charlotte c\u1ed5 \u0111i\u1ec3n ch\u1eafc ch\u1eafn s\u1ebd \u0111\u1ecdng l\u1ea1i l\u00e2u trong tr\u00ed nh\u1edb.<\/p>\n","protected":false},"featured_media":8471,"comment_status":"open","ping_status":"closed","template":"","meta":{"_acf_changed":false},"product_cat":[58],"product_tag":[],"class_list":{"0":"post-8470","1":"product","2":"type-product","3":"status-publish","4":"has-post-thumbnail","6":"product_cat-scotch-whisky-single-malt","7":"brand-bruichladdich","9":"first","10":"instock","11":"shipping-taxable","12":"product-type-simple"},"acf":[],"yoast_head":"<!-- This site is optimized with the Yoast SEO plugin v23.0 - https:\/\/yoast.com\/wordpress\/plugins\/seo\/ -->\n<title>Bruichladdich Port Charlotte SC:01 2012 Whisky - Alchemy Asia<\/title>\n<meta name=\"robots\" content=\"index, follow, max-snippet:-1, max-image-preview:large, max-video-preview:-1\" \/>\n<link rel=\"canonical\" href=\"https:\/\/alchemy-asia.com\/vi\/san-pham\/bruichladdich-port-charlotte-sc01-2012-whisky\/\" \/>\n<meta property=\"og:locale\" content=\"vi_VN\" \/>\n<meta property=\"og:type\" content=\"article\" \/>\n<meta property=\"og:title\" content=\"Bruichladdich Port Charlotte SC:01 2012 Whisky - Alchemy Asia\" \/>\n<meta property=\"og:description\" content=\"M\u00c0U S\u1eaeC M\u1ee9t cam  H\u01af\u01a0NG TH\u01a0M Tr\u00e1i c\u00e2y ng\u1ecdt ng\u00e0o v\u00e0 h\u01b0\u01a1ng hoa thoang tho\u1ea3ng tr\u00ean m\u0169i. H\u01b0\u01a1ng th\u01a1m c\u1ee7a kh\u00f3i \u0111i c\u00f9ng v\u1edbi th\u1eddi gian. Ban \u0111\u1ea7u l\u00e0 \u0111\u00e0o ng\u00e2m trong siro, m\u01a1 kh\u00f4, d\u01b0a m\u1eadt v\u00e0 d\u1ee9a ch\u00edn. \u0110\u01b0\u1eddng n\u00e2u, kem vani, caramel v\u00e0 b\u00e1nh h\u1ea1nh nh\u00e2n. H\u01b0\u01a1ng th\u01a1m n\u1ed3ng n\u00e0n c\u1ee7a hoa kim ng\u00e2n v\u00e0 c\u00e2y th\u1ea1ch nam len l\u1ecfi qua h\u01b0\u01a1ng tr\u00e1i c\u00e2y ch\u00edn ng\u1ecdt ng\u00e0o. Kh\u00f3i than b\u00f9n v\u00e0 g\u1ed7 s\u1ed3i n\u01b0\u1edbng \u1ea5m \u00e1p t\u1ecfa ra sau m\u1ed9t th\u1eddi gian ng\u1eafn \u0111\u1ec3 mang l\u1ea1i c\u1ea3m gi\u00e1c c\u00f3 chi\u1ec1u s\u00e2u v\u00e0 ph\u1ee9c t\u1ea1p.  H\u01af\u01a0NG V\u1eca Tr\u00ean v\u00f2m mi\u1ec7ng, s\u1ef1 \u1ea5m \u00e1p v\u00e0 k\u1ebft c\u1ea5u d\u1ebbo dai c\u1ee7a d\u00f2ng r\u01b0\u1ee3u n\u00e0y t\u1ea1o n\u00ean n\u00e9t thanh l\u1ecbch v\u00e0 mang l\u1ea1i s\u1ef1 c\u00e2n b\u1eb1ng gi\u1eefa kh\u00f3i than b\u00f9n nh\u1eb9 v\u00e0 tr\u00e1i c\u00e2y ch\u00edn. M\u1ed9t ng\u1ee5m kh\u00e1c kh\u1eb3ng \u0111\u1ecbnh c\u1ea3 \u0111\u1ed9 \u1ea9m \u01b0\u1edbt tuy\u1ec7t \u0111\u1eb9p v\u00e0 chi\u1ec1u s\u00e2u c\u1ee7a h\u01b0\u01a1ng v\u1ecb v\u00ec b\u00ean d\u01b0\u1edbi l\u00e0n kh\u00f3i tinh t\u1ebf l\u00e0 h\u01b0\u01a1ng \u0111\u1ea5t c\u1ee7a da thu\u1ed9c. G\u1ed7 s\u1ed3i mang l\u1ea1i h\u01b0\u01a1ng v\u1ecb m\u1ea1nh m\u1ebd v\u00e0 v\u1ecb ng\u1ecdt c\u1ee7a vani, s\u00f4 c\u00f4 la v\u00e0 cam qu\u00fdt, g\u00f3p ph\u1ea7n t\u00f4n l\u00ean l\u00e0n s\u00f3ng tr\u00e1i c\u00e2y t\u1eeb r\u01b0\u1ee3u m\u1ea1nh.  H\u1eacU V\u1eca \u0110\u00e2y l\u00e0 m\u1ed9t ly r\u01b0\u1ee3u khi\u1ebfn b\u1ea1n \u01b0\u1edbc s\u1ebd t\u1ed3n t\u1ea1i m\u00e3i m\u00e3i, v\u1ecb kho\u00e1ng ch\u1ea5t bi\u1ec3n tuy\u1ec7t v\u1eddi v\u00e0 kh\u00f3i than b\u00f9n \u0111\u1ea5t \u0111\u1ecdng l\u1ea1i trong v\u00f2m mi\u1ec7ng v\u1edbi h\u01b0\u01a1ng v\u1ecb cam qu\u00fdt.  B\u1ea2N CH\u1ea4T Vi\u1ec7c theo d\u00f5i v\u00e0 ph\u00e1t tri\u1ec3n lo\u1ea1i r\u01b0\u1ee3u whisky n\u00e0y qua nhi\u1ec1u n\u0103m l\u00e0 m\u1ed9t ni\u1ec1m vui s\u01b0\u1edbng, s\u1ef1 \u1ea3nh h\u01b0\u1edfng c\u1ee7a c\u00e1c th\u00f9ng sauternes v\u00e0 ch\u1ea5t l\u01b0\u1ee3ng c\u1ee7a g\u1ed7 s\u1ed3i c\u00f9ng v\u1edbi s\u1ef1 sang tr\u1ecdng c\u1ee7a r\u01b0\u1ee3u Port Charlotte l\u00e0 m\u1ed9t s\u1ef1 k\u1ebft h\u1ee3p tuy\u1ec7t v\u1eddi tr\u00ean thi\u00ean \u0111\u01b0\u1eddng. H\u01b0\u01a1ng v\u1ecb tr\u00e1i c\u00e2y ng\u1ecdt ng\u00e0o v\u00e0 s\u1ef1 k\u1ebft h\u1ee3p kh\u00f3i than b\u00f9n tinh t\u1ebf m\u1ed9t l\u1ea7n n\u1eefa mang \u0111\u1ebfn h\u01b0\u01a1ng v\u1ecb Port Charlotte c\u1ed5 \u0111i\u1ec3n ch\u1eafc ch\u1eafn s\u1ebd \u0111\u1ecdng l\u1ea1i l\u00e2u trong tr\u00ed nh\u1edb.\" \/>\n<meta property=\"og:url\" content=\"https:\/\/alchemy-asia.com\/vi\/san-pham\/bruichladdich-port-charlotte-sc01-2012-whisky\/\" \/>\n<meta property=\"og:site_name\" content=\"Alchemy Asia\" \/>\n<meta property=\"og:image\" content=\"https:\/\/alchemy-asia.com\/vi\/wp-content\/uploads\/sites\/3\/2024\/07\/Bruichladdich-Port-Charlotte-Islay-Barley-2012-Whisky.png\" \/>\n\t<meta property=\"og:image:width\" content=\"2100\" \/>\n\t<meta property=\"og:image:height\" content=\"2100\" \/>\n\t<meta property=\"og:image:type\" content=\"image\/png\" \/>\n<meta name=\"twitter:card\" content=\"summary_large_image\" \/>\n<meta name=\"twitter:label1\" content=\"\u01af\u1edbc t\u00ednh th\u1eddi gian \u0111\u1ecdc\" \/>\n\t<meta name=\"twitter:data1\" content=\"1 ph\u00fat\" \/>\n<script type=\"application\/ld+json\" class=\"yoast-schema-graph\">{\"@context\":\"https:\/\/schema.org\",\"@graph\":[{\"@type\":\"WebPage\",\"@id\":\"https:\/\/alchemy-asia.com\/vi\/san-pham\/bruichladdich-port-charlotte-sc01-2012-whisky\/\",\"url\":\"https:\/\/alchemy-asia.com\/vi\/san-pham\/bruichladdich-port-charlotte-sc01-2012-whisky\/\",\"name\":\"Bruichladdich Port Charlotte SC:01 2012 Whisky - Alchemy Asia\",\"isPartOf\":{\"@id\":\"https:\/\/alchemy-asia.com\/vi\/#website\"},\"primaryImageOfPage\":{\"@id\":\"https:\/\/alchemy-asia.com\/vi\/san-pham\/bruichladdich-port-charlotte-sc01-2012-whisky\/#primaryimage\"},\"image\":{\"@id\":\"https:\/\/alchemy-asia.com\/vi\/san-pham\/bruichladdich-port-charlotte-sc01-2012-whisky\/#primaryimage\"},\"thumbnailUrl\":\"https:\/\/alchemy-asia.com\/vi\/wp-content\/uploads\/sites\/3\/2024\/07\/Bruichladdich-Port-Charlotte-Islay-Barley-2012-Whisky.png\",\"datePublished\":\"2024-09-10T08:33:44+00:00\",\"dateModified\":\"2024-09-10T08:33:44+00:00\",\"breadcrumb\":{\"@id\":\"https:\/\/alchemy-asia.com\/vi\/san-pham\/bruichladdich-port-charlotte-sc01-2012-whisky\/#breadcrumb\"},\"inLanguage\":\"vi\",\"potentialAction\":[{\"@type\":\"ReadAction\",\"target\":[\"https:\/\/alchemy-asia.com\/vi\/san-pham\/bruichladdich-port-charlotte-sc01-2012-whisky\/\"]}]},{\"@type\":\"ImageObject\",\"inLanguage\":\"vi\",\"@id\":\"https:\/\/alchemy-asia.com\/vi\/san-pham\/bruichladdich-port-charlotte-sc01-2012-whisky\/#primaryimage\",\"url\":\"https:\/\/alchemy-asia.com\/vi\/wp-content\/uploads\/sites\/3\/2024\/07\/Bruichladdich-Port-Charlotte-Islay-Barley-2012-Whisky.png\",\"contentUrl\":\"https:\/\/alchemy-asia.com\/vi\/wp-content\/uploads\/sites\/3\/2024\/07\/Bruichladdich-Port-Charlotte-Islay-Barley-2012-Whisky.png\",\"width\":2100,\"height\":2100,\"caption\":\"Bruichladdich Port Charlotte Islay Barley 2012 Whisky\"},{\"@type\":\"BreadcrumbList\",\"@id\":\"https:\/\/alchemy-asia.com\/vi\/san-pham\/bruichladdich-port-charlotte-sc01-2012-whisky\/#breadcrumb\",\"itemListElement\":[{\"@type\":\"ListItem\",\"position\":1,\"name\":\"Home\",\"item\":\"https:\/\/alchemy-asia.com\/vi\/\"},{\"@type\":\"ListItem\",\"position\":2,\"name\":\"Bruichladdich Port Charlotte SC:01 2012 Whisky\"}]},{\"@type\":\"WebSite\",\"@id\":\"https:\/\/alchemy-asia.com\/vi\/#website\",\"url\":\"https:\/\/alchemy-asia.com\/vi\/\",\"name\":\"Alchemy Asia\",\"description\":\"Just another Alchemy Asia Sites site\",\"potentialAction\":[{\"@type\":\"SearchAction\",\"target\":{\"@type\":\"EntryPoint\",\"urlTemplate\":\"https:\/\/alchemy-asia.com\/vi\/?s={search_term_string}\"},\"query-input\":\"required name=search_term_string\"}],\"inLanguage\":\"vi\"}]}<\/script>\n<!-- \/ Yoast SEO plugin. -->","yoast_head_json":{"title":"Bruichladdich Port Charlotte SC:01 2012 Whisky - Alchemy Asia","robots":{"index":"index","follow":"follow","max-snippet":"max-snippet:-1","max-image-preview":"max-image-preview:large","max-video-preview":"max-video-preview:-1"},"canonical":"https:\/\/alchemy-asia.com\/vi\/san-pham\/bruichladdich-port-charlotte-sc01-2012-whisky\/","og_locale":"vi_VN","og_type":"article","og_title":"Bruichladdich Port Charlotte SC:01 2012 Whisky - Alchemy Asia","og_description":"M\u00c0U S\u1eaeC M\u1ee9t cam  H\u01af\u01a0NG TH\u01a0M Tr\u00e1i c\u00e2y ng\u1ecdt ng\u00e0o v\u00e0 h\u01b0\u01a1ng hoa thoang tho\u1ea3ng tr\u00ean m\u0169i. H\u01b0\u01a1ng th\u01a1m c\u1ee7a kh\u00f3i \u0111i c\u00f9ng v\u1edbi th\u1eddi gian. Ban \u0111\u1ea7u l\u00e0 \u0111\u00e0o ng\u00e2m trong siro, m\u01a1 kh\u00f4, d\u01b0a m\u1eadt v\u00e0 d\u1ee9a ch\u00edn. \u0110\u01b0\u1eddng n\u00e2u, kem vani, caramel v\u00e0 b\u00e1nh h\u1ea1nh nh\u00e2n. H\u01b0\u01a1ng th\u01a1m n\u1ed3ng n\u00e0n c\u1ee7a hoa kim ng\u00e2n v\u00e0 c\u00e2y th\u1ea1ch nam len l\u1ecfi qua h\u01b0\u01a1ng tr\u00e1i c\u00e2y ch\u00edn ng\u1ecdt ng\u00e0o. Kh\u00f3i than b\u00f9n v\u00e0 g\u1ed7 s\u1ed3i n\u01b0\u1edbng \u1ea5m \u00e1p t\u1ecfa ra sau m\u1ed9t th\u1eddi gian ng\u1eafn \u0111\u1ec3 mang l\u1ea1i c\u1ea3m gi\u00e1c c\u00f3 chi\u1ec1u s\u00e2u v\u00e0 ph\u1ee9c t\u1ea1p.  H\u01af\u01a0NG V\u1eca Tr\u00ean v\u00f2m mi\u1ec7ng, s\u1ef1 \u1ea5m \u00e1p v\u00e0 k\u1ebft c\u1ea5u d\u1ebbo dai c\u1ee7a d\u00f2ng r\u01b0\u1ee3u n\u00e0y t\u1ea1o n\u00ean n\u00e9t thanh l\u1ecbch v\u00e0 mang l\u1ea1i s\u1ef1 c\u00e2n b\u1eb1ng gi\u1eefa kh\u00f3i than b\u00f9n nh\u1eb9 v\u00e0 tr\u00e1i c\u00e2y ch\u00edn. M\u1ed9t ng\u1ee5m kh\u00e1c kh\u1eb3ng \u0111\u1ecbnh c\u1ea3 \u0111\u1ed9 \u1ea9m \u01b0\u1edbt tuy\u1ec7t \u0111\u1eb9p v\u00e0 chi\u1ec1u s\u00e2u c\u1ee7a h\u01b0\u01a1ng v\u1ecb v\u00ec b\u00ean d\u01b0\u1edbi l\u00e0n kh\u00f3i tinh t\u1ebf l\u00e0 h\u01b0\u01a1ng \u0111\u1ea5t c\u1ee7a da thu\u1ed9c. G\u1ed7 s\u1ed3i mang l\u1ea1i h\u01b0\u01a1ng v\u1ecb m\u1ea1nh m\u1ebd v\u00e0 v\u1ecb ng\u1ecdt c\u1ee7a vani, s\u00f4 c\u00f4 la v\u00e0 cam qu\u00fdt, g\u00f3p ph\u1ea7n t\u00f4n l\u00ean l\u00e0n s\u00f3ng tr\u00e1i c\u00e2y t\u1eeb r\u01b0\u1ee3u m\u1ea1nh.  H\u1eacU V\u1eca \u0110\u00e2y l\u00e0 m\u1ed9t ly r\u01b0\u1ee3u khi\u1ebfn b\u1ea1n \u01b0\u1edbc s\u1ebd t\u1ed3n t\u1ea1i m\u00e3i m\u00e3i, v\u1ecb kho\u00e1ng ch\u1ea5t bi\u1ec3n tuy\u1ec7t v\u1eddi v\u00e0 kh\u00f3i than b\u00f9n \u0111\u1ea5t \u0111\u1ecdng l\u1ea1i trong v\u00f2m mi\u1ec7ng v\u1edbi h\u01b0\u01a1ng v\u1ecb cam qu\u00fdt.  B\u1ea2N CH\u1ea4T Vi\u1ec7c theo d\u00f5i v\u00e0 ph\u00e1t tri\u1ec3n lo\u1ea1i r\u01b0\u1ee3u whisky n\u00e0y qua nhi\u1ec1u n\u0103m l\u00e0 m\u1ed9t ni\u1ec1m vui s\u01b0\u1edbng, s\u1ef1 \u1ea3nh h\u01b0\u1edfng c\u1ee7a c\u00e1c th\u00f9ng sauternes v\u00e0 ch\u1ea5t l\u01b0\u1ee3ng c\u1ee7a g\u1ed7 s\u1ed3i c\u00f9ng v\u1edbi s\u1ef1 sang tr\u1ecdng c\u1ee7a r\u01b0\u1ee3u Port Charlotte l\u00e0 m\u1ed9t s\u1ef1 k\u1ebft h\u1ee3p tuy\u1ec7t v\u1eddi tr\u00ean thi\u00ean \u0111\u01b0\u1eddng. H\u01b0\u01a1ng v\u1ecb tr\u00e1i c\u00e2y ng\u1ecdt ng\u00e0o v\u00e0 s\u1ef1 k\u1ebft h\u1ee3p kh\u00f3i than b\u00f9n tinh t\u1ebf m\u1ed9t l\u1ea7n n\u1eefa mang \u0111\u1ebfn h\u01b0\u01a1ng v\u1ecb Port Charlotte c\u1ed5 \u0111i\u1ec3n ch\u1eafc ch\u1eafn s\u1ebd \u0111\u1ecdng l\u1ea1i l\u00e2u trong tr\u00ed nh\u1edb.","og_url":"https:\/\/alchemy-asia.com\/vi\/san-pham\/bruichladdich-port-charlotte-sc01-2012-whisky\/","og_site_name":"Alchemy Asia","og_image":[{"width":2100,"height":2100,"url":"https:\/\/alchemy-asia.com\/vi\/wp-content\/uploads\/sites\/3\/2024\/07\/Bruichladdich-Port-Charlotte-Islay-Barley-2012-Whisky.png","type":"image\/png"}],"twitter_card":"summary_large_image","twitter_misc":{"\u01af\u1edbc t\u00ednh th\u1eddi gian \u0111\u1ecdc":"1 ph\u00fat"},"schema":{"@context":"https:\/\/schema.org","@graph":[{"@type":"WebPage","@id":"https:\/\/alchemy-asia.com\/vi\/san-pham\/bruichladdich-port-charlotte-sc01-2012-whisky\/","url":"https:\/\/alchemy-asia.com\/vi\/san-pham\/bruichladdich-port-charlotte-sc01-2012-whisky\/","name":"Bruichladdich Port Charlotte SC:01 2012 Whisky - Alchemy Asia","isPartOf":{"@id":"https:\/\/alchemy-asia.com\/vi\/#website"},"primaryImageOfPage":{"@id":"https:\/\/alchemy-asia.com\/vi\/san-pham\/bruichladdich-port-charlotte-sc01-2012-whisky\/#primaryimage"},"image":{"@id":"https:\/\/alchemy-asia.com\/vi\/san-pham\/bruichladdich-port-charlotte-sc01-2012-whisky\/#primaryimage"},"thumbnailUrl":"https:\/\/alchemy-asia.com\/vi\/wp-content\/uploads\/sites\/3\/2024\/07\/Bruichladdich-Port-Charlotte-Islay-Barley-2012-Whisky.png","datePublished":"2024-09-10T08:33:44+00:00","dateModified":"2024-09-10T08:33:44+00:00","breadcrumb":{"@id":"https:\/\/alchemy-asia.com\/vi\/san-pham\/bruichladdich-port-charlotte-sc01-2012-whisky\/#breadcrumb"},"inLanguage":"vi","potentialAction":[{"@type":"ReadAction","target":["https:\/\/alchemy-asia.com\/vi\/san-pham\/bruichladdich-port-charlotte-sc01-2012-whisky\/"]}]},{"@type":"ImageObject","inLanguage":"vi","@id":"https:\/\/alchemy-asia.com\/vi\/san-pham\/bruichladdich-port-charlotte-sc01-2012-whisky\/#primaryimage","url":"https:\/\/alchemy-asia.com\/vi\/wp-content\/uploads\/sites\/3\/2024\/07\/Bruichladdich-Port-Charlotte-Islay-Barley-2012-Whisky.png","contentUrl":"https:\/\/alchemy-asia.com\/vi\/wp-content\/uploads\/sites\/3\/2024\/07\/Bruichladdich-Port-Charlotte-Islay-Barley-2012-Whisky.png","width":2100,"height":2100,"caption":"Bruichladdich Port Charlotte Islay Barley 2012 Whisky"},{"@type":"BreadcrumbList","@id":"https:\/\/alchemy-asia.com\/vi\/san-pham\/bruichladdich-port-charlotte-sc01-2012-whisky\/#breadcrumb","itemListElement":[{"@type":"ListItem","position":1,"name":"Home","item":"https:\/\/alchemy-asia.com\/vi\/"},{"@type":"ListItem","position":2,"name":"Bruichladdich Port Charlotte SC:01 2012 Whisky"}]},{"@type":"WebSite","@id":"https:\/\/alchemy-asia.com\/vi\/#website","url":"https:\/\/alchemy-asia.com\/vi\/","name":"Alchemy Asia","description":"Just another Alchemy Asia Sites site","potentialAction":[{"@type":"SearchAction","target":{"@type":"EntryPoint","urlTemplate":"https:\/\/alchemy-asia.com\/vi\/?s={search_term_string}"},"query-input":"required name=search_term_string"}],"inLanguage":"vi"}]}},"_links":{"self":[{"href":"https:\/\/alchemy-asia.com\/vi\/wp-json\/wp\/v2\/product\/8470","targetHints":{"allow":["GET"]}}],"collection":[{"href":"https:\/\/alchemy-asia.com\/vi\/wp-json\/wp\/v2\/product"}],"about":[{"href":"https:\/\/alchemy-asia.com\/vi\/wp-json\/wp\/v2\/types\/product"}],"replies":[{"embeddable":true,"href":"https:\/\/alchemy-asia.com\/vi\/wp-json\/wp\/v2\/comments?post=8470"}],"wp:featuredmedia":[{"embeddable":true,"href":"https:\/\/alchemy-asia.com\/vi\/wp-json\/wp\/v2\/media\/8471"}],"wp:attachment":[{"href":"https:\/\/alchemy-asia.com\/vi\/wp-json\/wp\/v2\/media?parent=8470"}],"wp:term":[{"taxonomy":"product_cat","embeddable":true,"href":"https:\/\/alchemy-asia.com\/vi\/wp-json\/wp\/v2\/product_cat?post=8470"},{"taxonomy":"product_tag","embeddable":true,"href":"https:\/\/alchemy-asia.com\/vi\/wp-json\/wp\/v2\/product_tag?post=8470"}],"curies":[{"name":"wp","href":"https:\/\/api.w.org\/{rel}","templated":true}]}}